{"id":198,"date":"2019-01-23T22:44:25","date_gmt":"2019-01-23T21:44:25","guid":{"rendered":"https:\/\/wp.ebfl.at\/?page_id=198"},"modified":"2021-01-26T14:41:02","modified_gmt":"2021-01-26T13:41:02","slug":"elenco-dei-veicoli","status":"publish","type":"page","link":"https:\/\/ebfl.at\/index.php\/it\/suedbahn-deposito\/elenco-dei-veicoli\/","title":{"rendered":"Elenco dei veicoli"},"content":{"rendered":"\n<p><strong>Locomotive a vapore &#8211; <a href=\"https:\/\/ebfl.at\/index.php\/dampflokomotiven\/\">Foto <\/a><\/strong><\/p>\n\n\n\n<p>Dampflokomotive Sulm-B 1, Serie 32d, Baujahr 1907&nbsp;<br>Dampflokomotive SB \u2013 BB\u00d6 629.59 \u2013 \u00d6BB 77.244, Baujahr 1927&nbsp;<br>Dampflokomotive DR 52 3816 \u00d6BB 52.3816 Baujahr 1944<br><\/p>\n\n\n\n<p><strong> Locomotive elettriche <\/strong>&#8211; <strong>Foto<\/strong><\/p>\n\n\n\n<p>Elektrolokomotive BB\u00d6 1170.222 \u2013 DR E 45 222 \u2013 \u00d6BB 1245.622 \u2013 \u00d6BB 1245 522-6, Baujahr 1938&nbsp;<br>Elektrolokomotive DR E 94 001 \u2013 \u00d6BB 1020.018-6, Baujahr 1940 \u2013 betriebsf\u00e4hig <br>Elektrolokomotive DR E 94 006 \u2013 \u00d6BB 1020.023-6, Baujahr 1940&nbsp;<br>Elektrolokomotive DR E 61 120 \u2013 \u00d6BB 1161.020-1, Baujahr 1942&nbsp;<strong>D<\/strong> <br><\/p>\n\n\n\n<p><strong> Locomotive diesel <\/strong>&#8211; <strong><a href=\"https:\/\/ebfl.at\/index.php\/diesellokomotiven\/\">Foto<\/a><\/strong><\/p>\n\n\n\n<p>Diesellokomotive \u00d6BB 2045.15, \u00d6BB 2045.015-1, Baujahr 1954&nbsp; <br> Diesellokomotive \u00d6BB 2062.49, \u00d6BB 2062.049-9, X 262 049-0, Baujahr 1965&nbsp;<br> Diesellokomotive \u00d6BB 2043.49, \u00d6BB 2043.049-2 Baujahr 1973<br>K\u00f6f Magnesit AG Hochfilzen \u2013 Schwartzkopff, Baujahr 1940&nbsp;<br>Draisine X 626.122, Bahn-Motorwagen BM 100&nbsp;<\/p>\n\n\n\n<p><strong>Veicoli per uso speciale<\/strong> &#8211; <strong><a href=\"https:\/\/ebfl.at\/index.php\/sonderfahrzeuge\/\">Foto<\/a><\/strong><\/p>\n\n\n\n<p>Kranzug bestehend aus Dampfkran 45t \u2013 9766 042 \u2013 9, mit Schutz- und Beiwagen<br> Kranwagen, 2 Achsen, f\u00fcr Handbedienung f\u00fcr Hebelasten 7,5 Tonnen<br>Silowagen f\u00fcr Getreidetransporte, selbstfahrend mit Jenbacher Motor JW 20W<\/p>\n\n\n\n<p><strong>Vagoni<\/strong> &#8211; Foto<\/p>\n\n\n\n<p>Ap 80 81 97-32 958-0 Baujahr 1970<br> Bp 50 81 29-35 139-3 SGP Baujahr 1967<br> BRpz 50 81 85-35 306-9 JW Baujahr 1975<br> BDpoz 50 81 82-35 429-2 JW Baujahr 1978<br> 50 81 08-11 001-8 G\u00f6rlitz 1942<br> Bpw 50 81 00-03 910-8 Bahnpostwagen 2-ax mz 50 81 00-30 256-3<br> Bahnpostwagen 4-ax Biho 35 005 Personenwagen 2-ax Baujahre 1928\/1956<\/p>\n\n\n\n<p><strong>Vagoni merci <\/strong>&#8211; <strong><a href=\"https:\/\/ebfl.at\/index.php\/gueterwaggone\/\">Foto<\/a><\/strong><br><\/p>\n\n\n\n<p>S\u00fcdbahn-Gesellschaft 44.000<br>K. k. Staatsbahn<br>Flachwagen 2-achsig Ill-Werke Vorarlberg<br>Flachwagen 2-achsig Ill-Werke Vorarlberg<br>Flachwagen 2-achsig Ill-Werke Vorarlberg<br>Gedeckter G\u00fcterwagen G 10 \u2013 2-achsig mit hochgestelltem Bremserhaus<br>Gedeckter G\u00fcterwagen Gbs \u2013 2-achsig&nbsp;<br><em><br>Nota: Alcuni veicoli sono depositati nell&#8217;Heizhaus Lienz nell&#8217;ambito dei prestiti permanenti.<br><\/em><\/p>\n","protected":false},"excerpt":{"rendered":"<p>Locomotive a vapore &#8211; Foto Dampflokomotive Sulm-B 1, Serie 32d, Baujahr 1907&nbsp;Dampflokomotive SB \u2013 BB\u00d6 629.59 \u2013 \u00d6BB 77.244, Baujahr 1927&nbsp;Dampflokomotive DR 52 3816 \u00d6BB 52.3816 Baujahr 1944 Locomotive elettriche &#8211; Foto Elektrolokomotive BB\u00d6 1170.222 \u2013 DR E 45 222 \u2013 \u00d6BB 1245.622 \u2013 \u00d6BB 1245 522-6, Baujahr 1938&nbsp;Elektrolokomotive DR E 94 001 \u2013 \u00d6BB [&hellip;]<\/p>\n","protected":false},"author":1,"featured_media":0,"parent":86,"menu_order":0,"comment_status":"closed","ping_status":"closed","template":"","meta":{"footnotes":""},"class_list":["post-198","page","type-page","status-publish","hentry"],"yoast_head":"<!-- This site is optimized with the Yoast SEO plugin v27.3 - https:\/\/yoast.com\/product\/yoast-seo-wordpress\/ -->\n<title>Elenco dei veicoli - EBFL<\/title>\n<meta name=\"robots\" content=\"index, follow, max-snippet:-1, max-image-preview:large, max-video-preview:-1\" \/>\n<link rel=\"canonical\" href=\"https:\/\/ebfl.at\/index.php\/it\/suedbahn-deposito\/elenco-dei-veicoli\/\" \/>\n<meta property=\"og:locale\" content=\"de_DE\" \/>\n<meta property=\"og:type\" content=\"article\" \/>\n<meta property=\"og:title\" content=\"Elenco dei veicoli - EBFL\" \/>\n<meta property=\"og:description\" content=\"Locomotive a vapore &#8211; Foto Dampflokomotive Sulm-B 1, Serie 32d, Baujahr 1907&nbsp;Dampflokomotive SB \u2013 BB\u00d6 629.59 \u2013 \u00d6BB 77.244, Baujahr 1927&nbsp;Dampflokomotive DR 52 3816 \u00d6BB 52.3816 Baujahr 1944 Locomotive elettriche &#8211; Foto Elektrolokomotive BB\u00d6 1170.222 \u2013 DR E 45 222 \u2013 \u00d6BB 1245.622 \u2013 \u00d6BB 1245 522-6, Baujahr 1938&nbsp;Elektrolokomotive DR E 94 001 \u2013 \u00d6BB [&hellip;]\" \/>\n<meta property=\"og:url\" content=\"https:\/\/ebfl.at\/index.php\/it\/suedbahn-deposito\/elenco-dei-veicoli\/\" \/>\n<meta property=\"og:site_name\" content=\"EBFL\" \/>\n<meta property=\"article:publisher\" content=\"https:\/\/www.facebook.com\/pages\/category\/History-Museum\/EBFLat-301838060596265\/\" \/>\n<meta property=\"article:modified_time\" content=\"2021-01-26T13:41:02+00:00\" \/>\n<meta name=\"twitter:card\" content=\"summary_large_image\" \/>\n<meta name=\"twitter:label1\" content=\"Gesch\u00e4tzte Lesezeit\" \/>\n\t<meta name=\"twitter:data1\" content=\"2\u00a0Minuten\" \/>\n<script type=\"application\/ld+json\" class=\"yoast-schema-graph\">{\"@context\":\"https:\\\/\\\/schema.org\",\"@graph\":[{\"@type\":\"WebPage\",\"@id\":\"https:\\\/\\\/ebfl.at\\\/index.php\\\/it\\\/suedbahn-deposito\\\/elenco-dei-veicoli\\\/\",\"url\":\"https:\\\/\\\/ebfl.at\\\/index.php\\\/it\\\/suedbahn-deposito\\\/elenco-dei-veicoli\\\/\",\"name\":\"Elenco dei veicoli - EBFL\",\"isPartOf\":{\"@id\":\"https:\\\/\\\/ebfl.at\\\/#website\"},\"datePublished\":\"2019-01-23T21:44:25+00:00\",\"dateModified\":\"2021-01-26T13:41:02+00:00\",\"breadcrumb\":{\"@id\":\"https:\\\/\\\/ebfl.at\\\/index.php\\\/it\\\/suedbahn-deposito\\\/elenco-dei-veicoli\\\/#breadcrumb\"},\"inLanguage\":\"de\",\"potentialAction\":[{\"@type\":\"ReadAction\",\"target\":[\"https:\\\/\\\/ebfl.at\\\/index.php\\\/it\\\/suedbahn-deposito\\\/elenco-dei-veicoli\\\/\"]}]},{\"@type\":\"BreadcrumbList\",\"@id\":\"https:\\\/\\\/ebfl.at\\\/index.php\\\/it\\\/suedbahn-deposito\\\/elenco-dei-veicoli\\\/#breadcrumb\",\"itemListElement\":[{\"@type\":\"ListItem\",\"position\":1,\"name\":\"Startseite\",\"item\":\"https:\\\/\\\/ebfl.at\\\/\"},{\"@type\":\"ListItem\",\"position\":2,\"name\":\"Suedbahn Deposito\",\"item\":\"https:\\\/\\\/ebfl.at\\\/index.php\\\/it\\\/suedbahn-deposito\\\/\"},{\"@type\":\"ListItem\",\"position\":3,\"name\":\"Elenco dei veicoli\"}]},{\"@type\":\"WebSite\",\"@id\":\"https:\\\/\\\/ebfl.at\\\/#website\",\"url\":\"https:\\\/\\\/ebfl.at\\\/\",\"name\":\"EBFL Eisenbahnfreunde Lienz\",\"description\":\"Verein der Eisenbahnfreunde in Lienz\",\"publisher\":{\"@id\":\"https:\\\/\\\/ebfl.at\\\/#organization\"},\"potentialAction\":[{\"@type\":\"SearchAction\",\"target\":{\"@type\":\"EntryPoint\",\"urlTemplate\":\"https:\\\/\\\/ebfl.at\\\/?s={search_term_string}\"},\"query-input\":{\"@type\":\"PropertyValueSpecification\",\"valueRequired\":true,\"valueName\":\"search_term_string\"}}],\"inLanguage\":\"de\"},{\"@type\":\"Organization\",\"@id\":\"https:\\\/\\\/ebfl.at\\\/#organization\",\"name\":\"EBFL - Eisenbahnfreunde Lienz\",\"url\":\"https:\\\/\\\/ebfl.at\\\/\",\"logo\":{\"@type\":\"ImageObject\",\"inLanguage\":\"de\",\"@id\":\"https:\\\/\\\/ebfl.at\\\/#\\\/schema\\\/logo\\\/image\\\/\",\"url\":\"https:\\\/\\\/ebfl.at\\\/wp-content\\\/uploads\\\/2019\\\/01\\\/Eisenbahnfreunde-Lienz.jpg\",\"contentUrl\":\"https:\\\/\\\/ebfl.at\\\/wp-content\\\/uploads\\\/2019\\\/01\\\/Eisenbahnfreunde-Lienz.jpg\",\"width\":1087,\"height\":480,\"caption\":\"EBFL - Eisenbahnfreunde Lienz\"},\"image\":{\"@id\":\"https:\\\/\\\/ebfl.at\\\/#\\\/schema\\\/logo\\\/image\\\/\"},\"sameAs\":[\"https:\\\/\\\/www.facebook.com\\\/pages\\\/category\\\/History-Museum\\\/EBFLat-301838060596265\\\/\"]}]}<\/script>\n<!-- \/ Yoast SEO plugin. -->","yoast_head_json":{"title":"Elenco dei veicoli - EBFL","robots":{"index":"index","follow":"follow","max-snippet":"max-snippet:-1","max-image-preview":"max-image-preview:large","max-video-preview":"max-video-preview:-1"},"canonical":"https:\/\/ebfl.at\/index.php\/it\/suedbahn-deposito\/elenco-dei-veicoli\/","og_locale":"de_DE","og_type":"article","og_title":"Elenco dei veicoli - EBFL","og_description":"Locomotive a vapore &#8211; Foto Dampflokomotive Sulm-B 1, Serie 32d, Baujahr 1907&nbsp;Dampflokomotive SB \u2013 BB\u00d6 629.59 \u2013 \u00d6BB 77.244, Baujahr 1927&nbsp;Dampflokomotive DR 52 3816 \u00d6BB 52.3816 Baujahr 1944 Locomotive elettriche &#8211; Foto Elektrolokomotive BB\u00d6 1170.222 \u2013 DR E 45 222 \u2013 \u00d6BB 1245.622 \u2013 \u00d6BB 1245 522-6, Baujahr 1938&nbsp;Elektrolokomotive DR E 94 001 \u2013 \u00d6BB [&hellip;]","og_url":"https:\/\/ebfl.at\/index.php\/it\/suedbahn-deposito\/elenco-dei-veicoli\/","og_site_name":"EBFL","article_publisher":"https:\/\/www.facebook.com\/pages\/category\/History-Museum\/EBFLat-301838060596265\/","article_modified_time":"2021-01-26T13:41:02+00:00","twitter_card":"summary_large_image","twitter_misc":{"Gesch\u00e4tzte Lesezeit":"2\u00a0Minuten"},"schema":{"@context":"https:\/\/schema.org","@graph":[{"@type":"WebPage","@id":"https:\/\/ebfl.at\/index.php\/it\/suedbahn-deposito\/elenco-dei-veicoli\/","url":"https:\/\/ebfl.at\/index.php\/it\/suedbahn-deposito\/elenco-dei-veicoli\/","name":"Elenco dei veicoli - EBFL","isPartOf":{"@id":"https:\/\/ebfl.at\/#website"},"datePublished":"2019-01-23T21:44:25+00:00","dateModified":"2021-01-26T13:41:02+00:00","breadcrumb":{"@id":"https:\/\/ebfl.at\/index.php\/it\/suedbahn-deposito\/elenco-dei-veicoli\/#breadcrumb"},"inLanguage":"de","potentialAction":[{"@type":"ReadAction","target":["https:\/\/ebfl.at\/index.php\/it\/suedbahn-deposito\/elenco-dei-veicoli\/"]}]},{"@type":"BreadcrumbList","@id":"https:\/\/ebfl.at\/index.php\/it\/suedbahn-deposito\/elenco-dei-veicoli\/#breadcrumb","itemListElement":[{"@type":"ListItem","position":1,"name":"Startseite","item":"https:\/\/ebfl.at\/"},{"@type":"ListItem","position":2,"name":"Suedbahn Deposito","item":"https:\/\/ebfl.at\/index.php\/it\/suedbahn-deposito\/"},{"@type":"ListItem","position":3,"name":"Elenco dei veicoli"}]},{"@type":"WebSite","@id":"https:\/\/ebfl.at\/#website","url":"https:\/\/ebfl.at\/","name":"EBFL Eisenbahnfreunde Lienz","description":"Verein der Eisenbahnfreunde in Lienz","publisher":{"@id":"https:\/\/ebfl.at\/#organization"},"potentialAction":[{"@type":"SearchAction","target":{"@type":"EntryPoint","urlTemplate":"https:\/\/ebfl.at\/?s={search_term_string}"},"query-input":{"@type":"PropertyValueSpecification","valueRequired":true,"valueName":"search_term_string"}}],"inLanguage":"de"},{"@type":"Organization","@id":"https:\/\/ebfl.at\/#organization","name":"EBFL - Eisenbahnfreunde Lienz","url":"https:\/\/ebfl.at\/","logo":{"@type":"ImageObject","inLanguage":"de","@id":"https:\/\/ebfl.at\/#\/schema\/logo\/image\/","url":"https:\/\/ebfl.at\/wp-content\/uploads\/2019\/01\/Eisenbahnfreunde-Lienz.jpg","contentUrl":"https:\/\/ebfl.at\/wp-content\/uploads\/2019\/01\/Eisenbahnfreunde-Lienz.jpg","width":1087,"height":480,"caption":"EBFL - Eisenbahnfreunde Lienz"},"image":{"@id":"https:\/\/ebfl.at\/#\/schema\/logo\/image\/"},"sameAs":["https:\/\/www.facebook.com\/pages\/category\/History-Museum\/EBFLat-301838060596265\/"]}]}},"_links":{"self":[{"href":"https:\/\/ebfl.at\/index.php\/wp-json\/wp\/v2\/pages\/198","targetHints":{"allow":["GET"]}}],"collection":[{"href":"https:\/\/ebfl.at\/index.php\/wp-json\/wp\/v2\/pages"}],"about":[{"href":"https:\/\/ebfl.at\/index.php\/wp-json\/wp\/v2\/types\/page"}],"author":[{"embeddable":true,"href":"https:\/\/ebfl.at\/index.php\/wp-json\/wp\/v2\/users\/1"}],"replies":[{"embeddable":true,"href":"https:\/\/ebfl.at\/index.php\/wp-json\/wp\/v2\/comments?post=198"}],"version-history":[{"count":11,"href":"https:\/\/ebfl.at\/index.php\/wp-json\/wp\/v2\/pages\/198\/revisions"}],"predecessor-version":[{"id":2495,"href":"https:\/\/ebfl.at\/index.php\/wp-json\/wp\/v2\/pages\/198\/revisions\/2495"}],"up":[{"embeddable":true,"href":"https:\/\/ebfl.at\/index.php\/wp-json\/wp\/v2\/pages\/86"}],"wp:attachment":[{"href":"https:\/\/ebfl.at\/index.php\/wp-json\/wp\/v2\/media?parent=198"}],"curies":[{"name":"wp","href":"https:\/\/api.w.org\/{rel}","templated":true}]}}