{"id":261,"date":"2019-01-26T14:46:36","date_gmt":"2019-01-26T13:46:36","guid":{"rendered":"https:\/\/wp.ebfl.at\/?page_id=261"},"modified":"2023-02-05T17:46:39","modified_gmt":"2023-02-05T16:46:39","slug":"teilnahmebedingungen","status":"publish","type":"page","link":"https:\/\/ebfl.at\/index.php\/suedbahn-express\/teilnahmebedingungen\/","title":{"rendered":"Teilnahmebedingungen"},"content":{"rendered":"\n<p class=\"has-text-color\" style=\"color:#0055a3\"><strong>Teilnahmebedingungen f\u00fcr Sonderfahrten mit dem S\u00fcdbahn-Express<\/strong><\/p>\n\n\n\n<p><strong>1. Veranstalter<\/strong><\/p>\n\n\n\n<p>Verein der Eisenbahnfreunde in Lienz ZVR 865918502 &#8211; UID: ATU 67 201 413, Bahnhofplatz 10 &#8211; Heizhaus, 9900 Lienz<\/p>\n\n\n\n<p><\/p>\n\n\n\n<p><strong>2. Buchung<\/strong><\/p>\n\n\n\n<p>Mit dem Kauf der Fahrkarte schlie\u00dft der Kunde mit den Veranstaltern \neinen Bef\u00f6rderungsvertrag zu den im Folgenden aufgelisteten Bedingungen \nab.<\/p>\n\n\n\n<p><strong>3. R\u00fccktritt vom Vertrag<\/strong><\/p>\n\n\n\n<p>3.1. R\u00fccktritt durch den Kunden<br><\/p>\n\n\n\n<p>Der Kunde kann ohne Angabe von Gr\u00fcnden von der Fahrt zur\u00fccktreten. \nBei einem R\u00fccktritt durch den Kunden fallen folgende Stornokosten an:<\/p>\n\n\n\n<p>10 % des Fahrpreises<\/p>\n\n\n\n<p>80 % des Fahrpreises bei einem R\u00fccktritt ab 14 Tage vor dem Fahrtermin<\/p>\n\n\n\n<p>100 % des Fahrpreises bei Nichtantritt der Fahrt<\/p>\n\n\n\n<p>3.2. R\u00fccktritt durch die Veranstalter<\/p>\n\n\n\n<p>Die Veranstalter k\u00f6nnen die Fahrt ohne Einhaltung einer Frist \nabsagen, wenn die zur Kostendeckung erforderliche Mindestteilnehmerzahl \nnicht erreicht wird oder wenn durch technische Gebrechen oder h\u00f6here \nGewalt (z.B. Unwetter, extreme Trockenheit, Streik) eine Durchf\u00fchrung \nder Fahrt erheblich erschwert oder unm\u00f6glich ist. Bei \nNichtzustandekommen der Fahrt wird der Fahrpreis r\u00fcckerstattet. F\u00fcr \ndar\u00fcber hinausgehende Anspr\u00fcche des Kunden wird keine Haftung \n\u00fcbernommen.<\/p>\n\n\n\n<p><strong>4. Haftung<\/strong><\/p>\n\n\n\n<p>4.1. Fahrzeugtausch wegen technischer Gebrechen<\/p>\n\n\n\n<p>Die Fahrten werden, wenn nicht anders angegeben, mit historischen \nFahrzeugen durchgef\u00fchrt. Grunds\u00e4tzlich besteht kein Anspruch auf den \nEinsatz der bei der Ausschreibung angegebenen Fahrzeuge. S\u00e4mtliche \nFahrzeuge sind historische Unikate, bei denen kurzfristig Sch\u00e4den \nauftreten k\u00f6nnen. K\u00f6nnen diese nicht behoben werden und ist kein \ngleichwertiger Ersatz verf\u00fcgbar, werden Fahrzeuge aus dem \nBetriebsbestand eingesetzt. Dies berechtigt nicht zur Geltendmachung \neines Anspruches auf Preisminderung oder auf R\u00fccktritt von der Fahrt. \nIst die Stellung eines Ersatzfahrzeuges mit erheblichen Mehraufwendungen\n verbunden, sind die Veranstalter berechtigt, eine Fahrt auch \nkurzfristig abzusagen.<\/p>\n\n\n\n<p>4.2. Fahrzeugtausch wegen Brandgefahr<\/p>\n\n\n\n<p>Wenn aus Brandschutzgr\u00fcnden der Einsatz einer Dampflokomotive nicht \nm\u00f6glich ist, kommt ohne Vorank\u00fcndigung eine Diesel- oder \nElektrolokomotive zum Einsatz. Dies berechtigt nicht zur Geltendmachung \neines Anspruches auf Preisminderung oder auf R\u00fccktritt von der Fahrt. \nIst die Stellung einer Diesel- oder Elektrolokomotive mit erheblichen \nMehraufwendungen verbunden, sind die Veranstalter berechtigt, eine Fahrt\n auch kurzfristig abzusagen.<\/p>\n\n\n\n<p>4.3. Programm\u00e4nderung w\u00e4hrend der Fahrt wegen technischer Gebrechen<\/p>\n\n\n\n<p>Trotz bestm\u00f6glicher Pflege der historischen Fahrzeuge kann ein \ntechnisches Gebrechen w\u00e4hrend der Fahrt nicht v\u00f6llig ausgeschlossen \nwerden. Dies kann eine kurzfristige Programm\u00e4nderung erforderlich \nmachen. Die Veranstalter werden sich in diesem Fall bem\u00fchen, die \nBeeintr\u00e4chtigungen so gering wie m\u00f6glich zu halten und die Fortsetzung \nder geplanten Fahrt bzw. den R\u00fccktransport an den Ausgangspunkt der \nFahrt so rasch wie m\u00f6glich zu gew\u00e4hrleisten. K\u00f6nnen auf diese Weise \nwesentliche Teile des gebuchten Programmes nicht erbracht werden, steht \ndem Kunden ein Anspruch auf Preisminderung zu. F\u00fcr dar\u00fcber hinausgehende\n Anspr\u00fcche \u00fcbernehmen die Veranstalter keine Haftung.<\/p>\n\n\n\n<p>4.4. Programm\u00e4nderung aus betrieblichen Gr\u00fcnden<\/p>\n\n\n\n<p>Der S\u00fcdbahn-Express wird bei dem jeweils  zust\u00e4ndigen Netzbetreiber als Sonderverkehr gef\u00fchrt. Bei  Betriebsst\u00f6rungen oder Versp\u00e4tungen haben die Planz\u00fcge Vorrang. Dadurch  kann sich der Aufenthalt am Ziel verk\u00fcrzen und \/ oder die Ankunft bei  der R\u00fcckfahrt versp\u00e4ten. Derartige Beeintr\u00e4chtigungen liegen nicht im  Einflussbereich des Veranstalters, es besteht daher weder ein Anspruch  auf Preisminderung noch k\u00f6nnen dar\u00fcberhinausgehende Anspr\u00fcche anerkannt  werden.<\/p>\n\n\n\n<p>4.5. Fahrzeiten\u00e4nderungen<\/p>\n\n\n\n<p>Da der Netzbetreiber den genauen Fahrplan des Sonderzuges sehr \nkurzfristig \u00e4ndern kann, sind nicht die in der Fahrtank\u00fcndigung \nvorgesehenen Zeiten bindend, sondern der Fahrplan, der am letzten \nKalendertag vor der Fahrt im Internet (<a href=\"http:\/\/www.ebfl.at\">www.ebfl.at<\/a>) abrufbar ist.<\/p>\n\n\n\n<p>4.6. Gefahren durch Funkenflug (bei Kombifahrten mit Dampfz\u00fcgen)<\/p>\n\n\n\n<p>Eine Dampflokomotive entwickelt Ru\u00df, Rauch, Dampf und Funkenflug. F\u00fcr\n sich daraus ergebende Verschmutzungen, Besch\u00e4digungen und Verletzungen \n\u00fcbernehmen die Veranstalter keine Haftung. Grunds\u00e4tzlich ist das \nHinauslehnen aus dem offenen Fenster w\u00e4hrend der Fahrt verboten.<\/p>\n\n\n\n<p>4.7. Gefahren durch offene T\u00fcren (bei Kombifahrten mit Dampfz\u00fcgen)<\/p>\n\n\n\n<p>Das \u00d6ffnen von T\u00fcren\/Vorlegestangen w\u00e4hrend der Fahrt ist verboten. \nDie historischen Reisezugwagen haben keine \nT\u00fcr-\/Vorlegestangenblockierung, die ein \u00d6ffnen w\u00e4hrend der Fahrt \nmechanisch verhindert. Achten Sie daher bei Wagen mit offenen \nPlattformen auf die sich aus einem Aufenthalt auf einer Plattform \nergebenden Gefahren. Der dauernde Aufenthalt auf den \u00dcberg\u00e4ngen zwischen\n den Wagen ist aus Sicherheitsgr\u00fcnden untersagt. Kinder sind zu \nbeaufsichtigen. Die Veranstalter \u00fcbernehmen keine Haftung f\u00fcr Sch\u00e4den, \ndie aus der Missachtung dieser Vorschriften entstehen.<\/p>\n\n\n\n<p>4.8. Reisekomfort<\/p>\n\n\n\n<p>Durch den Einsatz von historischem Wagenmaterial kann sich ein \ngeminderter Reisekomfort, insbesondere auch w\u00e4hrend der Heizperiode, \nergeben. Hieraus k\u00f6nnen keine Anspr\u00fcche abgeleitet werden.<\/p>\n\n\n\n<p>4.9. Diebstahl und Verlust<\/p>\n\n\n\n<p>Die Veranstalter \u00fcbernehmen keine Haftung f\u00fcr Diebstahl und Verlust \nvon Wertgegenst\u00e4nden w\u00e4hrend der Fahrt und w\u00e4hrend Aufenthalten.<\/p>\n\n\n\n<p>4.10. Anweisungen des Personals<\/p>\n\n\n\n<p>Den Anweisungen des Zugpersonals ist aus Sicherheitsgr\u00fcnden unbedingt\n Folge zu leisten. Achten Sie besonders auf die Bekanntgabe von \nbetrieblichen Besonderheiten, z.B. zu kurze Bahnsteige. Niemals ohne \nErlaubnis Gleise betreten und \u00fcberqueren. Die Veranstalter \u00fcbernehmen \nkeine Haftung f\u00fcr die Folgen einer Zuwiderhandlung.<\/p>\n\n\n\n<p><strong>5. Rauchverbot<\/strong><\/p>\n\n\n\n<p>In den Sonderz\u00fcgen besteht Rauchverbot.\n Etwaige von dieser Regelung abweichende Anschriften an und in den \nFahrzeugen haben ausschlie\u00dflich historische Gr\u00fcnde und \u00e4ndern nichts am \nRauchverbot.<\/p>\n","protected":false},"excerpt":{"rendered":"<p>Teilnahmebedingungen f\u00fcr Sonderfahrten mit dem S\u00fcdbahn-Express 1. Veranstalter Verein der Eisenbahnfreunde in Lienz ZVR 865918502 &#8211; UID: ATU 67 201 413, Bahnhofplatz 10 &#8211; Heizhaus, 9900 Lienz 2. Buchung Mit dem Kauf der Fahrkarte schlie\u00dft der Kunde mit den Veranstaltern einen Bef\u00f6rderungsvertrag zu den im Folgenden aufgelisteten Bedingungen ab. 3. R\u00fccktritt vom Vertrag 3.1. R\u00fccktritt [&hellip;]<\/p>\n","protected":false},"author":1,"featured_media":0,"parent":65,"menu_order":0,"comment_status":"closed","ping_status":"closed","template":"","meta":{"footnotes":""},"class_list":["post-261","page","type-page","status-publish","hentry"],"yoast_head":"<!-- This site is optimized with the Yoast SEO plugin v27.4 - https:\/\/yoast.com\/product\/yoast-seo-wordpress\/ -->\n<title>Teilnahmebedingungen - EBFL<\/title>\n<meta name=\"robots\" content=\"index, follow, max-snippet:-1, max-image-preview:large, max-video-preview:-1\" \/>\n<link rel=\"canonical\" href=\"https:\/\/ebfl.at\/index.php\/suedbahn-express\/teilnahmebedingungen\/\" \/>\n<meta property=\"og:locale\" content=\"de_DE\" \/>\n<meta property=\"og:type\" content=\"article\" \/>\n<meta property=\"og:title\" content=\"Teilnahmebedingungen - EBFL\" \/>\n<meta property=\"og:description\" content=\"Teilnahmebedingungen f\u00fcr Sonderfahrten mit dem S\u00fcdbahn-Express 1. Veranstalter Verein der Eisenbahnfreunde in Lienz ZVR 865918502 &#8211; UID: ATU 67 201 413, Bahnhofplatz 10 &#8211; Heizhaus, 9900 Lienz 2. Buchung Mit dem Kauf der Fahrkarte schlie\u00dft der Kunde mit den Veranstaltern einen Bef\u00f6rderungsvertrag zu den im Folgenden aufgelisteten Bedingungen ab. 3. R\u00fccktritt vom Vertrag 3.1. R\u00fccktritt [&hellip;]\" \/>\n<meta property=\"og:url\" content=\"https:\/\/ebfl.at\/index.php\/suedbahn-express\/teilnahmebedingungen\/\" \/>\n<meta property=\"og:site_name\" content=\"EBFL\" \/>\n<meta property=\"article:publisher\" content=\"https:\/\/www.facebook.com\/pages\/category\/History-Museum\/EBFLat-301838060596265\/\" \/>\n<meta property=\"article:modified_time\" content=\"2023-02-05T16:46:39+00:00\" \/>\n<meta name=\"twitter:card\" content=\"summary_large_image\" \/>\n<meta name=\"twitter:label1\" content=\"Gesch\u00e4tzte Lesezeit\" \/>\n\t<meta name=\"twitter:data1\" content=\"5\u00a0Minuten\" \/>\n<script type=\"application\/ld+json\" class=\"yoast-schema-graph\">{\"@context\":\"https:\\\/\\\/schema.org\",\"@graph\":[{\"@type\":\"WebPage\",\"@id\":\"https:\\\/\\\/ebfl.at\\\/index.php\\\/suedbahn-express\\\/teilnahmebedingungen\\\/\",\"url\":\"https:\\\/\\\/ebfl.at\\\/index.php\\\/suedbahn-express\\\/teilnahmebedingungen\\\/\",\"name\":\"Teilnahmebedingungen - EBFL\",\"isPartOf\":{\"@id\":\"https:\\\/\\\/ebfl.at\\\/#website\"},\"datePublished\":\"2019-01-26T13:46:36+00:00\",\"dateModified\":\"2023-02-05T16:46:39+00:00\",\"breadcrumb\":{\"@id\":\"https:\\\/\\\/ebfl.at\\\/index.php\\\/suedbahn-express\\\/teilnahmebedingungen\\\/#breadcrumb\"},\"inLanguage\":\"de\",\"potentialAction\":[{\"@type\":\"ReadAction\",\"target\":[\"https:\\\/\\\/ebfl.at\\\/index.php\\\/suedbahn-express\\\/teilnahmebedingungen\\\/\"]}]},{\"@type\":\"BreadcrumbList\",\"@id\":\"https:\\\/\\\/ebfl.at\\\/index.php\\\/suedbahn-express\\\/teilnahmebedingungen\\\/#breadcrumb\",\"itemListElement\":[{\"@type\":\"ListItem\",\"position\":1,\"name\":\"Startseite\",\"item\":\"https:\\\/\\\/ebfl.at\\\/\"},{\"@type\":\"ListItem\",\"position\":2,\"name\":\"S\u00fcdbahn Express\",\"item\":\"https:\\\/\\\/ebfl.at\\\/index.php\\\/suedbahn-express\\\/\"},{\"@type\":\"ListItem\",\"position\":3,\"name\":\"Teilnahmebedingungen\"}]},{\"@type\":\"WebSite\",\"@id\":\"https:\\\/\\\/ebfl.at\\\/#website\",\"url\":\"https:\\\/\\\/ebfl.at\\\/\",\"name\":\"EBFL Eisenbahnfreunde Lienz\",\"description\":\"Verein der Eisenbahnfreunde in Lienz\",\"publisher\":{\"@id\":\"https:\\\/\\\/ebfl.at\\\/#organization\"},\"potentialAction\":[{\"@type\":\"SearchAction\",\"target\":{\"@type\":\"EntryPoint\",\"urlTemplate\":\"https:\\\/\\\/ebfl.at\\\/?s={search_term_string}\"},\"query-input\":{\"@type\":\"PropertyValueSpecification\",\"valueRequired\":true,\"valueName\":\"search_term_string\"}}],\"inLanguage\":\"de\"},{\"@type\":\"Organization\",\"@id\":\"https:\\\/\\\/ebfl.at\\\/#organization\",\"name\":\"EBFL - Eisenbahnfreunde Lienz\",\"url\":\"https:\\\/\\\/ebfl.at\\\/\",\"logo\":{\"@type\":\"ImageObject\",\"inLanguage\":\"de\",\"@id\":\"https:\\\/\\\/ebfl.at\\\/#\\\/schema\\\/logo\\\/image\\\/\",\"url\":\"https:\\\/\\\/ebfl.at\\\/wp-content\\\/uploads\\\/2019\\\/01\\\/Eisenbahnfreunde-Lienz.jpg\",\"contentUrl\":\"https:\\\/\\\/ebfl.at\\\/wp-content\\\/uploads\\\/2019\\\/01\\\/Eisenbahnfreunde-Lienz.jpg\",\"width\":1087,\"height\":480,\"caption\":\"EBFL - Eisenbahnfreunde Lienz\"},\"image\":{\"@id\":\"https:\\\/\\\/ebfl.at\\\/#\\\/schema\\\/logo\\\/image\\\/\"},\"sameAs\":[\"https:\\\/\\\/www.facebook.com\\\/pages\\\/category\\\/History-Museum\\\/EBFLat-301838060596265\\\/\"]}]}<\/script>\n<!-- \/ Yoast SEO plugin. -->","yoast_head_json":{"title":"Teilnahmebedingungen - EBFL","robots":{"index":"index","follow":"follow","max-snippet":"max-snippet:-1","max-image-preview":"max-image-preview:large","max-video-preview":"max-video-preview:-1"},"canonical":"https:\/\/ebfl.at\/index.php\/suedbahn-express\/teilnahmebedingungen\/","og_locale":"de_DE","og_type":"article","og_title":"Teilnahmebedingungen - EBFL","og_description":"Teilnahmebedingungen f\u00fcr Sonderfahrten mit dem S\u00fcdbahn-Express 1. Veranstalter Verein der Eisenbahnfreunde in Lienz ZVR 865918502 &#8211; UID: ATU 67 201 413, Bahnhofplatz 10 &#8211; Heizhaus, 9900 Lienz 2. Buchung Mit dem Kauf der Fahrkarte schlie\u00dft der Kunde mit den Veranstaltern einen Bef\u00f6rderungsvertrag zu den im Folgenden aufgelisteten Bedingungen ab. 3. R\u00fccktritt vom Vertrag 3.1. R\u00fccktritt [&hellip;]","og_url":"https:\/\/ebfl.at\/index.php\/suedbahn-express\/teilnahmebedingungen\/","og_site_name":"EBFL","article_publisher":"https:\/\/www.facebook.com\/pages\/category\/History-Museum\/EBFLat-301838060596265\/","article_modified_time":"2023-02-05T16:46:39+00:00","twitter_card":"summary_large_image","twitter_misc":{"Gesch\u00e4tzte Lesezeit":"5\u00a0Minuten"},"schema":{"@context":"https:\/\/schema.org","@graph":[{"@type":"WebPage","@id":"https:\/\/ebfl.at\/index.php\/suedbahn-express\/teilnahmebedingungen\/","url":"https:\/\/ebfl.at\/index.php\/suedbahn-express\/teilnahmebedingungen\/","name":"Teilnahmebedingungen - EBFL","isPartOf":{"@id":"https:\/\/ebfl.at\/#website"},"datePublished":"2019-01-26T13:46:36+00:00","dateModified":"2023-02-05T16:46:39+00:00","breadcrumb":{"@id":"https:\/\/ebfl.at\/index.php\/suedbahn-express\/teilnahmebedingungen\/#breadcrumb"},"inLanguage":"de","potentialAction":[{"@type":"ReadAction","target":["https:\/\/ebfl.at\/index.php\/suedbahn-express\/teilnahmebedingungen\/"]}]},{"@type":"BreadcrumbList","@id":"https:\/\/ebfl.at\/index.php\/suedbahn-express\/teilnahmebedingungen\/#breadcrumb","itemListElement":[{"@type":"ListItem","position":1,"name":"Startseite","item":"https:\/\/ebfl.at\/"},{"@type":"ListItem","position":2,"name":"S\u00fcdbahn Express","item":"https:\/\/ebfl.at\/index.php\/suedbahn-express\/"},{"@type":"ListItem","position":3,"name":"Teilnahmebedingungen"}]},{"@type":"WebSite","@id":"https:\/\/ebfl.at\/#website","url":"https:\/\/ebfl.at\/","name":"EBFL Eisenbahnfreunde Lienz","description":"Verein der Eisenbahnfreunde in Lienz","publisher":{"@id":"https:\/\/ebfl.at\/#organization"},"potentialAction":[{"@type":"SearchAction","target":{"@type":"EntryPoint","urlTemplate":"https:\/\/ebfl.at\/?s={search_term_string}"},"query-input":{"@type":"PropertyValueSpecification","valueRequired":true,"valueName":"search_term_string"}}],"inLanguage":"de"},{"@type":"Organization","@id":"https:\/\/ebfl.at\/#organization","name":"EBFL - Eisenbahnfreunde Lienz","url":"https:\/\/ebfl.at\/","logo":{"@type":"ImageObject","inLanguage":"de","@id":"https:\/\/ebfl.at\/#\/schema\/logo\/image\/","url":"https:\/\/ebfl.at\/wp-content\/uploads\/2019\/01\/Eisenbahnfreunde-Lienz.jpg","contentUrl":"https:\/\/ebfl.at\/wp-content\/uploads\/2019\/01\/Eisenbahnfreunde-Lienz.jpg","width":1087,"height":480,"caption":"EBFL - Eisenbahnfreunde Lienz"},"image":{"@id":"https:\/\/ebfl.at\/#\/schema\/logo\/image\/"},"sameAs":["https:\/\/www.facebook.com\/pages\/category\/History-Museum\/EBFLat-301838060596265\/"]}]}},"_links":{"self":[{"href":"https:\/\/ebfl.at\/index.php\/wp-json\/wp\/v2\/pages\/261","targetHints":{"allow":["GET"]}}],"collection":[{"href":"https:\/\/ebfl.at\/index.php\/wp-json\/wp\/v2\/pages"}],"about":[{"href":"https:\/\/ebfl.at\/index.php\/wp-json\/wp\/v2\/types\/page"}],"author":[{"embeddable":true,"href":"https:\/\/ebfl.at\/index.php\/wp-json\/wp\/v2\/users\/1"}],"replies":[{"embeddable":true,"href":"https:\/\/ebfl.at\/index.php\/wp-json\/wp\/v2\/comments?post=261"}],"version-history":[{"count":5,"href":"https:\/\/ebfl.at\/index.php\/wp-json\/wp\/v2\/pages\/261\/revisions"}],"predecessor-version":[{"id":3577,"href":"https:\/\/ebfl.at\/index.php\/wp-json\/wp\/v2\/pages\/261\/revisions\/3577"}],"up":[{"embeddable":true,"href":"https:\/\/ebfl.at\/index.php\/wp-json\/wp\/v2\/pages\/65"}],"wp:attachment":[{"href":"https:\/\/ebfl.at\/index.php\/wp-json\/wp\/v2\/media?parent=261"}],"curies":[{"name":"wp","href":"https:\/\/api.w.org\/{rel}","templated":true}]}}