{"id":2673,"date":"2021-04-06T17:54:09","date_gmt":"2021-04-06T15:54:09","guid":{"rendered":"https:\/\/ebfl.at\/?page_id=2673"},"modified":"2021-05-17T10:33:38","modified_gmt":"2021-05-17T08:33:38","slug":"dubletten-eisenbahnliteratur","status":"publish","type":"page","link":"https:\/\/ebfl.at\/index.php\/dubletten-eisenbahnliteratur\/","title":{"rendered":"Dubletten Eisenbahnliteratur"},"content":{"rendered":"\n<p>Die Dubletten sind gegen eine ad\u00e4quate Spende + Versandspesen erwerbbar.<br>Nat\u00fcrlich auch w\u00e4hrend der \u00d6ffnungszeiten des Museums direkt im S\u00fcdbahn Heizhaus erh\u00e4ltlich.<br>Bitte jedoch vorher bestellen, damit wie vorbereiten k\u00f6nnen.<\/p>\n\n\n\n<p>Bei Interesse bitten wir um Angabe der Nummer und des Titels.<\/p>\n\n\n\n<p><a href=\"https:\/\/ebfl.at\/index.php\/eisenbahnliteratur\/\">Eisenbahnliteratur<\/a><\/p>\n\n\n\n<p><a href=\"https:\/\/ebfl.at\/index.php\/diverses\/\">Diverses<\/a><\/p>\n\n\n\n<p><a href=\"https:\/\/ebfl.at\/index.php\/autos\/\">Autos<\/a><\/p>\n\n\n\n<p><a href=\"https:\/\/ebfl.at\/index.php\/natur\/\">Natur<\/a><\/p>\n\n\n\n<p>Bestellung unter: <a href=\"mailto:kontakt@ebfl.at\">kontakt@ebfl.at<\/a><\/p>\n","protected":false},"excerpt":{"rendered":"<p>Die Dubletten sind gegen eine ad\u00e4quate Spende + Versandspesen erwerbbar.Nat\u00fcrlich auch w\u00e4hrend der \u00d6ffnungszeiten des Museums direkt im S\u00fcdbahn Heizhaus erh\u00e4ltlich.Bitte jedoch vorher bestellen, damit wie vorbereiten k\u00f6nnen. Bei Interesse bitten wir um Angabe der Nummer und des Titels. Eisenbahnliteratur Diverses Autos Natur Bestellung unter: kontakt@ebfl.at<\/p>\n","protected":false},"author":2,"featured_media":0,"parent":0,"menu_order":0,"comment_status":"closed","ping_status":"closed","template":"","meta":{"footnotes":""},"class_list":["post-2673","page","type-page","status-publish","hentry"],"yoast_head":"<!-- This site is optimized with the Yoast SEO plugin v27.4 - https:\/\/yoast.com\/product\/yoast-seo-wordpress\/ -->\n<title>Dubletten Eisenbahnliteratur - EBFL<\/title>\n<meta name=\"robots\" content=\"index, follow, max-snippet:-1, max-image-preview:large, max-video-preview:-1\" \/>\n<link rel=\"canonical\" href=\"https:\/\/ebfl.at\/index.php\/dubletten-eisenbahnliteratur\/\" \/>\n<meta property=\"og:locale\" content=\"de_DE\" \/>\n<meta property=\"og:type\" content=\"article\" \/>\n<meta property=\"og:title\" content=\"Dubletten Eisenbahnliteratur - EBFL\" \/>\n<meta property=\"og:description\" content=\"Die Dubletten sind gegen eine ad\u00e4quate Spende + Versandspesen erwerbbar.Nat\u00fcrlich auch w\u00e4hrend der \u00d6ffnungszeiten des Museums direkt im S\u00fcdbahn Heizhaus erh\u00e4ltlich.Bitte jedoch vorher bestellen, damit wie vorbereiten k\u00f6nnen. Bei Interesse bitten wir um Angabe der Nummer und des Titels. Eisenbahnliteratur Diverses Autos Natur Bestellung unter: kontakt@ebfl.at\" \/>\n<meta property=\"og:url\" content=\"https:\/\/ebfl.at\/index.php\/dubletten-eisenbahnliteratur\/\" \/>\n<meta property=\"og:site_name\" content=\"EBFL\" \/>\n<meta property=\"article:publisher\" content=\"https:\/\/www.facebook.com\/pages\/category\/History-Museum\/EBFLat-301838060596265\/\" \/>\n<meta property=\"article:modified_time\" content=\"2021-05-17T08:33:38+00:00\" \/>\n<meta name=\"twitter:card\" content=\"summary_large_image\" \/>\n<meta name=\"twitter:label1\" content=\"Gesch\u00e4tzte Lesezeit\" \/>\n\t<meta name=\"twitter:data1\" content=\"1\u00a0Minute\" \/>\n<script type=\"application\/ld+json\" class=\"yoast-schema-graph\">{\"@context\":\"https:\\\/\\\/schema.org\",\"@graph\":[{\"@type\":\"WebPage\",\"@id\":\"https:\\\/\\\/ebfl.at\\\/index.php\\\/dubletten-eisenbahnliteratur\\\/\",\"url\":\"https:\\\/\\\/ebfl.at\\\/index.php\\\/dubletten-eisenbahnliteratur\\\/\",\"name\":\"Dubletten Eisenbahnliteratur - EBFL\",\"isPartOf\":{\"@id\":\"https:\\\/\\\/ebfl.at\\\/#website\"},\"datePublished\":\"2021-04-06T15:54:09+00:00\",\"dateModified\":\"2021-05-17T08:33:38+00:00\",\"breadcrumb\":{\"@id\":\"https:\\\/\\\/ebfl.at\\\/index.php\\\/dubletten-eisenbahnliteratur\\\/#breadcrumb\"},\"inLanguage\":\"de\",\"potentialAction\":[{\"@type\":\"ReadAction\",\"target\":[\"https:\\\/\\\/ebfl.at\\\/index.php\\\/dubletten-eisenbahnliteratur\\\/\"]}]},{\"@type\":\"BreadcrumbList\",\"@id\":\"https:\\\/\\\/ebfl.at\\\/index.php\\\/dubletten-eisenbahnliteratur\\\/#breadcrumb\",\"itemListElement\":[{\"@type\":\"ListItem\",\"position\":1,\"name\":\"Startseite\",\"item\":\"https:\\\/\\\/ebfl.at\\\/\"},{\"@type\":\"ListItem\",\"position\":2,\"name\":\"Dubletten Eisenbahnliteratur\"}]},{\"@type\":\"WebSite\",\"@id\":\"https:\\\/\\\/ebfl.at\\\/#website\",\"url\":\"https:\\\/\\\/ebfl.at\\\/\",\"name\":\"EBFL Eisenbahnfreunde Lienz\",\"description\":\"Verein der Eisenbahnfreunde in Lienz\",\"publisher\":{\"@id\":\"https:\\\/\\\/ebfl.at\\\/#organization\"},\"potentialAction\":[{\"@type\":\"SearchAction\",\"target\":{\"@type\":\"EntryPoint\",\"urlTemplate\":\"https:\\\/\\\/ebfl.at\\\/?s={search_term_string}\"},\"query-input\":{\"@type\":\"PropertyValueSpecification\",\"valueRequired\":true,\"valueName\":\"search_term_string\"}}],\"inLanguage\":\"de\"},{\"@type\":\"Organization\",\"@id\":\"https:\\\/\\\/ebfl.at\\\/#organization\",\"name\":\"EBFL - Eisenbahnfreunde Lienz\",\"url\":\"https:\\\/\\\/ebfl.at\\\/\",\"logo\":{\"@type\":\"ImageObject\",\"inLanguage\":\"de\",\"@id\":\"https:\\\/\\\/ebfl.at\\\/#\\\/schema\\\/logo\\\/image\\\/\",\"url\":\"https:\\\/\\\/ebfl.at\\\/wp-content\\\/uploads\\\/2019\\\/01\\\/Eisenbahnfreunde-Lienz.jpg\",\"contentUrl\":\"https:\\\/\\\/ebfl.at\\\/wp-content\\\/uploads\\\/2019\\\/01\\\/Eisenbahnfreunde-Lienz.jpg\",\"width\":1087,\"height\":480,\"caption\":\"EBFL - Eisenbahnfreunde Lienz\"},\"image\":{\"@id\":\"https:\\\/\\\/ebfl.at\\\/#\\\/schema\\\/logo\\\/image\\\/\"},\"sameAs\":[\"https:\\\/\\\/www.facebook.com\\\/pages\\\/category\\\/History-Museum\\\/EBFLat-301838060596265\\\/\"]}]}<\/script>\n<!-- \/ Yoast SEO plugin. -->","yoast_head_json":{"title":"Dubletten Eisenbahnliteratur - EBFL","robots":{"index":"index","follow":"follow","max-snippet":"max-snippet:-1","max-image-preview":"max-image-preview:large","max-video-preview":"max-video-preview:-1"},"canonical":"https:\/\/ebfl.at\/index.php\/dubletten-eisenbahnliteratur\/","og_locale":"de_DE","og_type":"article","og_title":"Dubletten Eisenbahnliteratur - EBFL","og_description":"Die Dubletten sind gegen eine ad\u00e4quate Spende + Versandspesen erwerbbar.Nat\u00fcrlich auch w\u00e4hrend der \u00d6ffnungszeiten des Museums direkt im S\u00fcdbahn Heizhaus erh\u00e4ltlich.Bitte jedoch vorher bestellen, damit wie vorbereiten k\u00f6nnen. Bei Interesse bitten wir um Angabe der Nummer und des Titels. Eisenbahnliteratur Diverses Autos Natur Bestellung unter: kontakt@ebfl.at","og_url":"https:\/\/ebfl.at\/index.php\/dubletten-eisenbahnliteratur\/","og_site_name":"EBFL","article_publisher":"https:\/\/www.facebook.com\/pages\/category\/History-Museum\/EBFLat-301838060596265\/","article_modified_time":"2021-05-17T08:33:38+00:00","twitter_card":"summary_large_image","twitter_misc":{"Gesch\u00e4tzte Lesezeit":"1\u00a0Minute"},"schema":{"@context":"https:\/\/schema.org","@graph":[{"@type":"WebPage","@id":"https:\/\/ebfl.at\/index.php\/dubletten-eisenbahnliteratur\/","url":"https:\/\/ebfl.at\/index.php\/dubletten-eisenbahnliteratur\/","name":"Dubletten Eisenbahnliteratur - EBFL","isPartOf":{"@id":"https:\/\/ebfl.at\/#website"},"datePublished":"2021-04-06T15:54:09+00:00","dateModified":"2021-05-17T08:33:38+00:00","breadcrumb":{"@id":"https:\/\/ebfl.at\/index.php\/dubletten-eisenbahnliteratur\/#breadcrumb"},"inLanguage":"de","potentialAction":[{"@type":"ReadAction","target":["https:\/\/ebfl.at\/index.php\/dubletten-eisenbahnliteratur\/"]}]},{"@type":"BreadcrumbList","@id":"https:\/\/ebfl.at\/index.php\/dubletten-eisenbahnliteratur\/#breadcrumb","itemListElement":[{"@type":"ListItem","position":1,"name":"Startseite","item":"https:\/\/ebfl.at\/"},{"@type":"ListItem","position":2,"name":"Dubletten Eisenbahnliteratur"}]},{"@type":"WebSite","@id":"https:\/\/ebfl.at\/#website","url":"https:\/\/ebfl.at\/","name":"EBFL Eisenbahnfreunde Lienz","description":"Verein der Eisenbahnfreunde in Lienz","publisher":{"@id":"https:\/\/ebfl.at\/#organization"},"potentialAction":[{"@type":"SearchAction","target":{"@type":"EntryPoint","urlTemplate":"https:\/\/ebfl.at\/?s={search_term_string}"},"query-input":{"@type":"PropertyValueSpecification","valueRequired":true,"valueName":"search_term_string"}}],"inLanguage":"de"},{"@type":"Organization","@id":"https:\/\/ebfl.at\/#organization","name":"EBFL - Eisenbahnfreunde Lienz","url":"https:\/\/ebfl.at\/","logo":{"@type":"ImageObject","inLanguage":"de","@id":"https:\/\/ebfl.at\/#\/schema\/logo\/image\/","url":"https:\/\/ebfl.at\/wp-content\/uploads\/2019\/01\/Eisenbahnfreunde-Lienz.jpg","contentUrl":"https:\/\/ebfl.at\/wp-content\/uploads\/2019\/01\/Eisenbahnfreunde-Lienz.jpg","width":1087,"height":480,"caption":"EBFL - Eisenbahnfreunde Lienz"},"image":{"@id":"https:\/\/ebfl.at\/#\/schema\/logo\/image\/"},"sameAs":["https:\/\/www.facebook.com\/pages\/category\/History-Museum\/EBFLat-301838060596265\/"]}]}},"_links":{"self":[{"href":"https:\/\/ebfl.at\/index.php\/wp-json\/wp\/v2\/pages\/2673","targetHints":{"allow":["GET"]}}],"collection":[{"href":"https:\/\/ebfl.at\/index.php\/wp-json\/wp\/v2\/pages"}],"about":[{"href":"https:\/\/ebfl.at\/index.php\/wp-json\/wp\/v2\/types\/page"}],"author":[{"embeddable":true,"href":"https:\/\/ebfl.at\/index.php\/wp-json\/wp\/v2\/users\/2"}],"replies":[{"embeddable":true,"href":"https:\/\/ebfl.at\/index.php\/wp-json\/wp\/v2\/comments?post=2673"}],"version-history":[{"count":10,"href":"https:\/\/ebfl.at\/index.php\/wp-json\/wp\/v2\/pages\/2673\/revisions"}],"predecessor-version":[{"id":2864,"href":"https:\/\/ebfl.at\/index.php\/wp-json\/wp\/v2\/pages\/2673\/revisions\/2864"}],"wp:attachment":[{"href":"https:\/\/ebfl.at\/index.php\/wp-json\/wp\/v2\/media?parent=2673"}],"curies":[{"name":"wp","href":"https:\/\/api.w.org\/{rel}","templated":true}]}}