{"id":2710,"date":"2021-05-04T18:55:59","date_gmt":"2021-05-04T16:55:59","guid":{"rendered":"https:\/\/ebfl.at\/?page_id=2710"},"modified":"2021-05-04T18:56:59","modified_gmt":"2021-05-04T16:56:59","slug":"laenderbahnen-geschichte","status":"publish","type":"page","link":"https:\/\/ebfl.at\/index.php\/laenderbahnen-geschichte\/","title":{"rendered":"L\u00e4nderbahnen Geschichte"},"content":{"rendered":"\n<figure class=\"wp-block-table is-style-regular\"><table><tbody><tr><td><strong><\/strong><\/td><td><strong>B.2 L\u00e4nderbahnen Geschichte<\/strong><\/td><td><strong><\/strong><\/td><td><strong><\/strong><\/td><td><strong><\/strong><\/td><\/tr><tr><td>OO1<\/td><td>Endstation 1920\/k\u00f6ngigl. Bayrische Staatsbahn<\/td><td>Bernhard \u00dccker<\/td><td>S\u00fcddeutscher Verlag<\/td><td>1972<\/td><\/tr><tr><td>OO2<\/td><td>Leipzig-Dresdener Eisenbahn 1889-1890<\/td><td>Ludwig Neumann\/Paul Ehrhardt<\/td><td>Zentralantiquariat der DDR<\/td><td>1889<\/td><\/tr><tr><td>OO3<\/td><td>65 Jahre Stuttgarter Hauptbahnhof 1922-1987<\/td><td>Bundesbahndirektion Stuttgart<\/td><td><\/td><td>1987<\/td><\/tr><tr><td>OO4<\/td><td>Die Lokalbahn Murnau-Oberammergau<\/td><td>Ralf Roman Rossberg<\/td><td>Franckh<\/td><td>1990<\/td><\/tr><tr><td>OO5<\/td><td>Die Ludwigs-Eisenbahn<\/td><td>Carl Asmus<\/td><td>Orell F\u00fcssli<\/td><td>1984<\/td><\/tr><tr><td>OO6<\/td><td>Fr\u00fche Eisenbahnen<\/td><td>J.B. Snell<\/td><td>Parkland Stuttgart<\/td><td><\/td><\/tr><tr><td>OO7<\/td><td>Preu\u00dfische u. Einheitslokomotiven in Bayern<\/td><td>Robert Zintl<\/td><td>Motorbuch Stuttgart<\/td><td>1981<\/td><\/tr><tr><td>OO8<\/td><td>Bayerische Nebenbahnen<\/td><td>Robert Zintl<\/td><td>Motorbuch Stuttgart<\/td><td>1977<\/td><\/tr><tr><td>OO9<\/td><td>Eisenbahnen in Bayern<\/td><td>J.H. Price<\/td><td>Orell F\u00fcssli<\/td><td>1967<\/td><\/tr><tr><td>O10<\/td><td>Verzeichnis der Lokomotiven und Tender der Bad. Staatseisenb.<\/td><td><\/td><td>Birkh\u00e4user<\/td><td>1984<\/td><\/tr><tr><td>O11<\/td><td>Die k\u00f6nigl. Bayrischen Staatseisenbahnen<\/td><td>G. Scheingraber<\/td><td>Franckh<\/td><td>1975<\/td><\/tr><tr><td>O12<\/td><td>Die k\u00f6nigl. W\u00fcrttembergischen Staatseisenbahnen<\/td><td>Hans Kobsch\u00e4tzky<\/td><td>Franckh<\/td><td>1980<\/td><\/tr><tr><td>O13<\/td><td>Die k\u00f6nigl. S\u00e4chsischen Staatseisenbahnen<\/td><td>K.E.Maedel<\/td><td>Franckh<\/td><td>1977<\/td><\/tr><tr><td>O14<\/td><td>Die k\u00f6nigl. Preu\u00dfischen Staatseisenbahnen<\/td><td>Albert Sauter<\/td><td>Franckh<\/td><td>1974<\/td><\/tr><tr><td>O15<\/td><td>Die Gro\u00dfherzoglichen Staatseis. In Mecklenburg u. Oldenburg<\/td><td>Karl Julius Harder\/Hans Kobsch\u00e4tzky<\/td><td>Franckh<\/td><td>1978<\/td><\/tr><tr><td>O16<\/td><td>Die Gro\u00dfherzoglichen Badischen Staatseisenbahnen<\/td><td>Albert M\u00fchl<\/td><td>Franckh<\/td><td>1981<\/td><\/tr><tr><td>O17<\/td><td>Schw\u00e4bische Eisenbahn<\/td><td>Siegfried Baum<\/td><td>Wolfgang Zimmer<\/td><td>1969<\/td><\/tr><tr><td>O18<\/td><td>Die letzten Bayerischen<\/td><td>Robert Zintl<\/td><td>Motorbuch Stuttgart<\/td><td>1979<\/td><\/tr><tr><td>O19<\/td><td>Kleinere Eisenbahn-Empfangsgeb\u00e4ude<\/td><td>Dr. A.Holtmeyer\/Wilhelm Ernst<\/td><td>Chemie GmbH Weinheim<\/td><td>1983<\/td><\/tr><tr><td>O20<\/td><td>100 Jahre deutsche Eisenbahnen 1835-1935<\/td><td>Reichsbahn Werbeamt<\/td><td><\/td><td>1935<\/td><\/tr><tr><td>O21<\/td><td>Die Preu\u00dfischen Dampflokomotiven 1850-1922<\/td><td>Kurt Pierson<\/td><td>Motorbuch Stuttgart<\/td><td>1981<\/td><\/tr><tr><td>O22<\/td><td>Lokomotiven aus Berlin<\/td><td>Kurt Pierson<\/td><td>Motorbuch Stuttgart<\/td><td>1977<\/td><\/tr><tr><td>O23<\/td><td>Geschichte und Geographie der deutschen Eisenbahn I und II<\/td><td>Arthur von Mayer<\/td><td>Steiger<\/td><td>1984<\/td><\/tr><tr><td>O24<\/td><td>Geschichte und Geographie der deutschen Eisenbahn III und IV<\/td><td>Arthur von Mayer<\/td><td>Steiger<\/td><td>1984<\/td><\/tr><\/tbody><\/table><\/figure>\n","protected":false},"excerpt":{"rendered":"<p>B.2 L\u00e4nderbahnen Geschichte OO1 Endstation 1920\/k\u00f6ngigl. Bayrische Staatsbahn Bernhard \u00dccker S\u00fcddeutscher Verlag 1972 OO2 Leipzig-Dresdener Eisenbahn 1889-1890 Ludwig Neumann\/Paul Ehrhardt Zentralantiquariat der DDR 1889 OO3 65 Jahre Stuttgarter Hauptbahnhof 1922-1987 Bundesbahndirektion Stuttgart 1987 OO4 Die Lokalbahn Murnau-Oberammergau Ralf Roman Rossberg Franckh 1990 OO5 Die Ludwigs-Eisenbahn Carl Asmus Orell F\u00fcssli 1984 OO6 Fr\u00fche Eisenbahnen J.B. Snell [&hellip;]<\/p>\n","protected":false},"author":2,"featured_media":0,"parent":0,"menu_order":0,"comment_status":"closed","ping_status":"closed","template":"","meta":{"footnotes":""},"class_list":["post-2710","page","type-page","status-publish","hentry"],"yoast_head":"<!-- This site is optimized with the Yoast SEO plugin v27.4 - https:\/\/yoast.com\/product\/yoast-seo-wordpress\/ -->\n<title>L\u00e4nderbahnen Geschichte - EBFL<\/title>\n<meta name=\"robots\" content=\"index, follow, max-snippet:-1, max-image-preview:large, max-video-preview:-1\" \/>\n<link rel=\"canonical\" href=\"https:\/\/ebfl.at\/index.php\/laenderbahnen-geschichte\/\" \/>\n<meta property=\"og:locale\" content=\"de_DE\" \/>\n<meta property=\"og:type\" content=\"article\" \/>\n<meta property=\"og:title\" content=\"L\u00e4nderbahnen Geschichte - EBFL\" \/>\n<meta property=\"og:description\" content=\"B.2 L\u00e4nderbahnen Geschichte OO1 Endstation 1920\/k\u00f6ngigl. Bayrische Staatsbahn Bernhard \u00dccker S\u00fcddeutscher Verlag 1972 OO2 Leipzig-Dresdener Eisenbahn 1889-1890 Ludwig Neumann\/Paul Ehrhardt Zentralantiquariat der DDR 1889 OO3 65 Jahre Stuttgarter Hauptbahnhof 1922-1987 Bundesbahndirektion Stuttgart 1987 OO4 Die Lokalbahn Murnau-Oberammergau Ralf Roman Rossberg Franckh 1990 OO5 Die Ludwigs-Eisenbahn Carl Asmus Orell F\u00fcssli 1984 OO6 Fr\u00fche Eisenbahnen J.B. Snell [&hellip;]\" \/>\n<meta property=\"og:url\" content=\"https:\/\/ebfl.at\/index.php\/laenderbahnen-geschichte\/\" \/>\n<meta property=\"og:site_name\" content=\"EBFL\" \/>\n<meta property=\"article:publisher\" content=\"https:\/\/www.facebook.com\/pages\/category\/History-Museum\/EBFLat-301838060596265\/\" \/>\n<meta property=\"article:modified_time\" content=\"2021-05-04T16:56:59+00:00\" \/>\n<meta name=\"twitter:card\" content=\"summary_large_image\" \/>\n<meta name=\"twitter:label1\" content=\"Gesch\u00e4tzte Lesezeit\" \/>\n\t<meta name=\"twitter:data1\" content=\"2\u00a0Minuten\" \/>\n<script type=\"application\/ld+json\" class=\"yoast-schema-graph\">{\"@context\":\"https:\\\/\\\/schema.org\",\"@graph\":[{\"@type\":\"WebPage\",\"@id\":\"https:\\\/\\\/ebfl.at\\\/index.php\\\/laenderbahnen-geschichte\\\/\",\"url\":\"https:\\\/\\\/ebfl.at\\\/index.php\\\/laenderbahnen-geschichte\\\/\",\"name\":\"L\u00e4nderbahnen Geschichte - EBFL\",\"isPartOf\":{\"@id\":\"https:\\\/\\\/ebfl.at\\\/#website\"},\"datePublished\":\"2021-05-04T16:55:59+00:00\",\"dateModified\":\"2021-05-04T16:56:59+00:00\",\"breadcrumb\":{\"@id\":\"https:\\\/\\\/ebfl.at\\\/index.php\\\/laenderbahnen-geschichte\\\/#breadcrumb\"},\"inLanguage\":\"de\",\"potentialAction\":[{\"@type\":\"ReadAction\",\"target\":[\"https:\\\/\\\/ebfl.at\\\/index.php\\\/laenderbahnen-geschichte\\\/\"]}]},{\"@type\":\"BreadcrumbList\",\"@id\":\"https:\\\/\\\/ebfl.at\\\/index.php\\\/laenderbahnen-geschichte\\\/#breadcrumb\",\"itemListElement\":[{\"@type\":\"ListItem\",\"position\":1,\"name\":\"Startseite\",\"item\":\"https:\\\/\\\/ebfl.at\\\/\"},{\"@type\":\"ListItem\",\"position\":2,\"name\":\"L\u00e4nderbahnen Geschichte\"}]},{\"@type\":\"WebSite\",\"@id\":\"https:\\\/\\\/ebfl.at\\\/#website\",\"url\":\"https:\\\/\\\/ebfl.at\\\/\",\"name\":\"EBFL Eisenbahnfreunde Lienz\",\"description\":\"Verein der Eisenbahnfreunde in Lienz\",\"publisher\":{\"@id\":\"https:\\\/\\\/ebfl.at\\\/#organization\"},\"potentialAction\":[{\"@type\":\"SearchAction\",\"target\":{\"@type\":\"EntryPoint\",\"urlTemplate\":\"https:\\\/\\\/ebfl.at\\\/?s={search_term_string}\"},\"query-input\":{\"@type\":\"PropertyValueSpecification\",\"valueRequired\":true,\"valueName\":\"search_term_string\"}}],\"inLanguage\":\"de\"},{\"@type\":\"Organization\",\"@id\":\"https:\\\/\\\/ebfl.at\\\/#organization\",\"name\":\"EBFL - Eisenbahnfreunde Lienz\",\"url\":\"https:\\\/\\\/ebfl.at\\\/\",\"logo\":{\"@type\":\"ImageObject\",\"inLanguage\":\"de\",\"@id\":\"https:\\\/\\\/ebfl.at\\\/#\\\/schema\\\/logo\\\/image\\\/\",\"url\":\"https:\\\/\\\/ebfl.at\\\/wp-content\\\/uploads\\\/2019\\\/01\\\/Eisenbahnfreunde-Lienz.jpg\",\"contentUrl\":\"https:\\\/\\\/ebfl.at\\\/wp-content\\\/uploads\\\/2019\\\/01\\\/Eisenbahnfreunde-Lienz.jpg\",\"width\":1087,\"height\":480,\"caption\":\"EBFL - Eisenbahnfreunde Lienz\"},\"image\":{\"@id\":\"https:\\\/\\\/ebfl.at\\\/#\\\/schema\\\/logo\\\/image\\\/\"},\"sameAs\":[\"https:\\\/\\\/www.facebook.com\\\/pages\\\/category\\\/History-Museum\\\/EBFLat-301838060596265\\\/\"]}]}<\/script>\n<!-- \/ Yoast SEO plugin. -->","yoast_head_json":{"title":"L\u00e4nderbahnen Geschichte - EBFL","robots":{"index":"index","follow":"follow","max-snippet":"max-snippet:-1","max-image-preview":"max-image-preview:large","max-video-preview":"max-video-preview:-1"},"canonical":"https:\/\/ebfl.at\/index.php\/laenderbahnen-geschichte\/","og_locale":"de_DE","og_type":"article","og_title":"L\u00e4nderbahnen Geschichte - EBFL","og_description":"B.2 L\u00e4nderbahnen Geschichte OO1 Endstation 1920\/k\u00f6ngigl. Bayrische Staatsbahn Bernhard \u00dccker S\u00fcddeutscher Verlag 1972 OO2 Leipzig-Dresdener Eisenbahn 1889-1890 Ludwig Neumann\/Paul Ehrhardt Zentralantiquariat der DDR 1889 OO3 65 Jahre Stuttgarter Hauptbahnhof 1922-1987 Bundesbahndirektion Stuttgart 1987 OO4 Die Lokalbahn Murnau-Oberammergau Ralf Roman Rossberg Franckh 1990 OO5 Die Ludwigs-Eisenbahn Carl Asmus Orell F\u00fcssli 1984 OO6 Fr\u00fche Eisenbahnen J.B. Snell [&hellip;]","og_url":"https:\/\/ebfl.at\/index.php\/laenderbahnen-geschichte\/","og_site_name":"EBFL","article_publisher":"https:\/\/www.facebook.com\/pages\/category\/History-Museum\/EBFLat-301838060596265\/","article_modified_time":"2021-05-04T16:56:59+00:00","twitter_card":"summary_large_image","twitter_misc":{"Gesch\u00e4tzte Lesezeit":"2\u00a0Minuten"},"schema":{"@context":"https:\/\/schema.org","@graph":[{"@type":"WebPage","@id":"https:\/\/ebfl.at\/index.php\/laenderbahnen-geschichte\/","url":"https:\/\/ebfl.at\/index.php\/laenderbahnen-geschichte\/","name":"L\u00e4nderbahnen Geschichte - EBFL","isPartOf":{"@id":"https:\/\/ebfl.at\/#website"},"datePublished":"2021-05-04T16:55:59+00:00","dateModified":"2021-05-04T16:56:59+00:00","breadcrumb":{"@id":"https:\/\/ebfl.at\/index.php\/laenderbahnen-geschichte\/#breadcrumb"},"inLanguage":"de","potentialAction":[{"@type":"ReadAction","target":["https:\/\/ebfl.at\/index.php\/laenderbahnen-geschichte\/"]}]},{"@type":"BreadcrumbList","@id":"https:\/\/ebfl.at\/index.php\/laenderbahnen-geschichte\/#breadcrumb","itemListElement":[{"@type":"ListItem","position":1,"name":"Startseite","item":"https:\/\/ebfl.at\/"},{"@type":"ListItem","position":2,"name":"L\u00e4nderbahnen Geschichte"}]},{"@type":"WebSite","@id":"https:\/\/ebfl.at\/#website","url":"https:\/\/ebfl.at\/","name":"EBFL Eisenbahnfreunde Lienz","description":"Verein der Eisenbahnfreunde in Lienz","publisher":{"@id":"https:\/\/ebfl.at\/#organization"},"potentialAction":[{"@type":"SearchAction","target":{"@type":"EntryPoint","urlTemplate":"https:\/\/ebfl.at\/?s={search_term_string}"},"query-input":{"@type":"PropertyValueSpecification","valueRequired":true,"valueName":"search_term_string"}}],"inLanguage":"de"},{"@type":"Organization","@id":"https:\/\/ebfl.at\/#organization","name":"EBFL - Eisenbahnfreunde Lienz","url":"https:\/\/ebfl.at\/","logo":{"@type":"ImageObject","inLanguage":"de","@id":"https:\/\/ebfl.at\/#\/schema\/logo\/image\/","url":"https:\/\/ebfl.at\/wp-content\/uploads\/2019\/01\/Eisenbahnfreunde-Lienz.jpg","contentUrl":"https:\/\/ebfl.at\/wp-content\/uploads\/2019\/01\/Eisenbahnfreunde-Lienz.jpg","width":1087,"height":480,"caption":"EBFL - Eisenbahnfreunde Lienz"},"image":{"@id":"https:\/\/ebfl.at\/#\/schema\/logo\/image\/"},"sameAs":["https:\/\/www.facebook.com\/pages\/category\/History-Museum\/EBFLat-301838060596265\/"]}]}},"_links":{"self":[{"href":"https:\/\/ebfl.at\/index.php\/wp-json\/wp\/v2\/pages\/2710","targetHints":{"allow":["GET"]}}],"collection":[{"href":"https:\/\/ebfl.at\/index.php\/wp-json\/wp\/v2\/pages"}],"about":[{"href":"https:\/\/ebfl.at\/index.php\/wp-json\/wp\/v2\/types\/page"}],"author":[{"embeddable":true,"href":"https:\/\/ebfl.at\/index.php\/wp-json\/wp\/v2\/users\/2"}],"replies":[{"embeddable":true,"href":"https:\/\/ebfl.at\/index.php\/wp-json\/wp\/v2\/comments?post=2710"}],"version-history":[{"count":1,"href":"https:\/\/ebfl.at\/index.php\/wp-json\/wp\/v2\/pages\/2710\/revisions"}],"predecessor-version":[{"id":2711,"href":"https:\/\/ebfl.at\/index.php\/wp-json\/wp\/v2\/pages\/2710\/revisions\/2711"}],"wp:attachment":[{"href":"https:\/\/ebfl.at\/index.php\/wp-json\/wp\/v2\/media?parent=2710"}],"curies":[{"name":"wp","href":"https:\/\/api.w.org\/{rel}","templated":true}]}}