{"id":2725,"date":"2021-05-04T19:06:04","date_gmt":"2021-05-04T17:06:04","guid":{"rendered":"https:\/\/ebfl.at\/?page_id=2725"},"modified":"2021-05-04T19:06:04","modified_gmt":"2021-05-04T17:06:04","slug":"db-fahrzeuge","status":"publish","type":"page","link":"https:\/\/ebfl.at\/index.php\/db-fahrzeuge\/","title":{"rendered":"DB Fahrzeuge"},"content":{"rendered":"\n<figure class=\"wp-block-table is-style-regular\"><table><tbody><tr><td><strong><\/strong><\/td><td><strong>B.7 DB Fahrzeuge<\/strong><\/td><td><strong><\/strong><\/td><td><strong><\/strong><\/td><td><strong><\/strong><\/td><\/tr><tr><td>OO1<\/td><td>Verzeichnis aller Lokomotiven und Triebwagen Nr. 1\/Nummerierungssyst.<\/td><td>Wolfgang Valtin<\/td><td>transpress<\/td><td>1992<\/td><\/tr><tr><td>OO2<\/td><td>Verzeichnis aller Lokomotiven und Triebwagen Nr. 2\/Dampf<\/td><td>Wolfgang Valtin<\/td><td>transpress<\/td><td>1992<\/td><\/tr><tr><td>OO3<\/td><td>Verzeichnis aller Lokomotiven und Triebwagen Nr. 3\/Elekt.u.Diesel<\/td><td>Wolfgang Valtin<\/td><td>transpress<\/td><td>1992<\/td><\/tr><tr><td>OO4<\/td><td>Die Lokomotiven der DB<\/td><td>J.Michael Mehltretter<\/td><td>Motorbuch<\/td><td>1973<\/td><\/tr><tr><td>OO5<\/td><td>Die Lokomotiven der BR 95<\/td><td>Brozeit\/M\u00fcller\/B\u00f6lke<\/td><td>alba<\/td><td>1990<\/td><\/tr><tr><td>OO6<\/td><td>Die Lokomotiven der BR 44<\/td><td>Weisbrod\/Brozeit<\/td><td>alba<\/td><td>1983<\/td><\/tr><tr><td>OO7<\/td><td>Baureihe 01<\/td><td>Weisbrod\/Petznick<\/td><td>transpress<\/td><td>1999<\/td><\/tr><tr><td>OO8<\/td><td>Die Baureihe 39<\/td><td>Hansj\u00fcrgen Wenzel<\/td><td>Arbeitsgem. EK<\/td><td>1972<\/td><\/tr><tr><td>OO9<\/td><td>Geschichte des deutschen Lokomotivbaus<\/td><td>Gerhard Tiffe<\/td><td>Georg Siemens<\/td><td>1985<\/td><\/tr><tr><td>O10<\/td><td>Kleine Typenkunde deutscher Triebfahrzeuge\/Betriebsf\u00e4hige<\/td><td>Ingeborg&amp;Klaus D. Holzborn<\/td><td>transpress<\/td><td>1999<\/td><\/tr><tr><td>O11<\/td><td>Kleine Typenkunde deutscher Triebfahrzeuge<\/td><td>Ingeborg&amp;Klaus D. Holzborn<\/td><td>transpress<\/td><td>1999<\/td><\/tr><tr><td>O12<\/td><td>Taschenf\u00fchrer Eisenbahnen<\/td><td>Erhard Born<\/td><td>Fackeltr\u00e4ger Hannover<\/td><td>1968<\/td><\/tr><tr><td>O13<\/td><td>Kleine Lokreihe Nr. 2\/BR 38<\/td><td><\/td><td>Verrovia Inzlingen<\/td><td>1973<\/td><\/tr><tr><td>O14<\/td><td>Kleine Lokreihe Nr.52\/BR 65<\/td><td><\/td><td>Verrovia Inzlingen<\/td><td>1973<\/td><\/tr><tr><td>O15<\/td><td>Die Baureihe 38<\/td><td>Arno Schr\u00f6der<\/td><td>Arbeitsgem. EK<\/td><td>1972<\/td><\/tr><tr><td>O16<\/td><td>Die Baureihe 01.10<\/td><td>Peter Konzelmann<\/td><td>Arbeitsgem. EK<\/td><td>1973<\/td><\/tr><tr><td>O17<\/td><td>Museumsdampflok 18.612<\/td><td>Steffen L\u00fcdecke<\/td><td>EK-Verlag<\/td><td>1978<\/td><\/tr><tr><td>O18<\/td><td>Die Baureihe 05<\/td><td>J\u00fcrgen Quellmalz<\/td><td>EK-Verlag<\/td><td>1978<\/td><\/tr><tr><td>O19<\/td><td>Die Baureihe 03.10<\/td><td>Kampen\/Wenzel<\/td><td>EK-Verlag<\/td><td>1978<\/td><\/tr><tr><td>O20<\/td><td>Die Baureihe 03<\/td><td>Hansj\u00fcrgen Wenzel<\/td><td>EK-Verlag<\/td><td>1975<\/td><\/tr><tr><td>O21<\/td><td>Die DB\/Eisenbahn und Landschaft in 182 Panorama-Aufnahmen<\/td><td>Georg Wagner<\/td><td>Weltbild<\/td><td>1990<\/td><\/tr><tr><td>O22<\/td><td>Dampflokomotiven &#8211; Die letzten in Deutschland<\/td><td>J.Michael Mehltretter<\/td><td>Motorbuch<\/td><td>1974<\/td><\/tr><tr><td>O23<\/td><td>Dampflokomotiven bei der DB<\/td><td>Siegfried Fischer<\/td><td>Franckh<\/td><td>1980<\/td><\/tr><tr><td>O24<\/td><td>Fahrzeugportrait\/BR 01.5<\/td><td>Dirk Endisch<\/td><td>transpress<\/td><td>2001<\/td><\/tr><tr><td>O25<\/td><td>Fahrzeugportrait\/BR 01.10<\/td><td>Horst J. Obermayer<\/td><td>transpress<\/td><td>2000<\/td><\/tr><tr><td>O26<\/td><td>Fahrzeugportrait\/BR 50.35<\/td><td>Dirk Endisch<\/td><td>transpress<\/td><td>1999<\/td><\/tr><tr><td>O27<\/td><td>Fahrzeugportrait\/BR 62<\/td><td>Dirk Endisch<\/td><td>transpress<\/td><td>2002<\/td><\/tr><tr><td>O28<\/td><td>Fahrzeugportrait\/BR E 93<\/td><td>Thomas Estler<\/td><td>transpress<\/td><td>2000<\/td><\/tr><tr><td>O29<\/td><td>Fahrzeugportrait\/BR 97.5<\/td><td>Ulrich Lieb<\/td><td>transpress<\/td><td>2003<\/td><\/tr><tr><td>O30<\/td><td>Fahrzeugportrait\/BR 99.64-71<\/td><td>Reiner Preu\u00df\/Reiner Scheffler<\/td><td>transpress<\/td><td>2000<\/td><\/tr><tr><td>O31<\/td><td>Fahrzeugportrait\/BR 99.77-79<\/td><td>Dirk Endisch<\/td><td>transpress<\/td><td>2001<\/td><\/tr><tr><td>O32<\/td><td>Fahrzeugportrait\/BR 310<\/td><td>Heribert Schr\u00f6pfer<\/td><td>transpress<\/td><td>2002<\/td><\/tr><tr><td>O33<\/td><td>Fahrzeugportrait\/BR V80<\/td><td>Stephan Kuchinke<\/td><td>transpress<\/td><td>2001<\/td><\/tr><tr><td>O34<\/td><td>So funktioniert die Diesellok<\/td><td>Stefan Alkofer<\/td><td>transpress<\/td><td>2005<\/td><\/tr><tr><td>O35<\/td><td>Die Dieselloks der BR V 20 und V 36<\/td><td>Rolf L\u00f6ttgers<\/td><td>Franckh<\/td><td>1986<\/td><\/tr><tr><td>O36<\/td><td>Die Abl\u00f6sung V 100<\/td><td>Rolf L\u00f6ttgers<\/td><td>Franckh<\/td><td>1987<\/td><\/tr><tr><td>O37<\/td><td>Diesellok-Archiv<\/td><td>W. Glatte<\/td><td>transpress<\/td><td>1988<\/td><\/tr><tr><td>O38<\/td><td>Diesellok-Rarit\u00e4ten<\/td><td>Wolfgang Messerschmidt<\/td><td>Franckh<\/td><td>1980<\/td><\/tr><tr><td>O39<\/td><td>Ellok-Rarit\u00e4ten<\/td><td>Wolfgang Messerschmidt<\/td><td>Franckh<\/td><td>1976<\/td><\/tr><tr><td>O40<\/td><td>Kleinlokomotiven deutscher Staatsbahnen<\/td><td>Andreas Christopher<\/td><td>Drehscheibe<\/td><td>2000<\/td><\/tr><tr><td>O41<\/td><td>Schienenbusse in Deutschland<\/td><td>Rolf L\u00f6ttgers<\/td><td>Franckh<\/td><td>1982<\/td><\/tr><tr><td>O42<\/td><td>Der Uerdinger Schienenbus<\/td><td>Rolf L\u00f6ttgers<\/td><td>Franckh<\/td><td>1985<\/td><\/tr><tr><td>O43<\/td><td>Die Wismarer Schienenomnibusse Bauart Hannover<\/td><td>Dieter-Theodor Bohlmann<\/td><td>Wolfgang Zeunert<\/td><td>1976<\/td><\/tr><tr><td>O44<\/td><td>Wendez\u00fcge<\/td><td>Erich Preu\u00df<\/td><td>transpress<\/td><td>2001<\/td><\/tr><tr><td>O45<\/td><td>Schienenbusse VT 95 &#8211; VT 98<\/td><td>Malte Werning<\/td><td>Geramond<\/td><td>2001<\/td><\/tr><tr><td>O46<\/td><td>Baureihe 627\/628<\/td><td>Andreas M. R\u00e4ntzsch<\/td><td>transpress<\/td><td>2003<\/td><\/tr><tr><td>O47<\/td><td>Die Akku-Triebwagen der DB &#8211; ETA 150 und 176<\/td><td>Rolf L\u00f6ttgers<\/td><td>Franckh<\/td><td>1985<\/td><\/tr><tr><td>O48<\/td><td>Die Baureihe 219\/Band 1<\/td><td>Matthias Buchner<\/td><td>EK-Verlag<\/td><td>2002<\/td><\/tr><tr><td>O49<\/td><td>Kraftpaket auf 6 Achsen\/BR 150\/Band 5<\/td><td>J\u00f6rg D\u00e4hn<\/td><td>EK-Verlag<\/td><td>2003<\/td><\/tr><tr><td>O50<\/td><td>Von der Kriegslok zum Arbeitstier\/BR 52\/Band 16<\/td><td>Dieter W\u00fcnschmann<\/td><td>EK-Verlag<\/td><td>2005<\/td><\/tr><tr><td>O51<\/td><td>Die &#8222;Bergk\u00f6nigin&#8220;\/BR 95\/Band 9<\/td><td>Detlef Hommel<\/td><td>EK-Verlag<\/td><td>2004<\/td><\/tr><tr><td>O52<\/td><td>Triebwagen deutscher Eisenbahnen<\/td><td>Zschech<\/td><td>alba<\/td><td>1966<\/td><\/tr><tr><td>O53<\/td><td>L\u00e4nderbahn Dampflokomotiven\/Band 1<\/td><td>Lothar Spielhoff<\/td><td>Weltbild<\/td><td>1990<\/td><\/tr><tr><td>O54<\/td><td>L\u00e4nderbahn Dampflokomotiven\/Band 2<\/td><td>Lothar Spielhoff<\/td><td>Weltbild<\/td><td>1990<\/td><\/tr><tr><td>O55<\/td><td>Dampflokomotiven\/Regelspur<\/td><td>Horst J. Obermayer<\/td><td>Weltbild<\/td><td>1995<\/td><\/tr><tr><td>O56<\/td><td>Schmalspur-Dampflokomotiven<\/td><td>Horst J. Obermayer<\/td><td>Weltbild<\/td><td>1995<\/td><\/tr><tr><td>O57<\/td><td>Diesellokomotiven\/mit Kleinlokomotiven<\/td><td>Horst J. Obermayer<\/td><td>Weltbild<\/td><td>1995<\/td><\/tr><tr><td>O58<\/td><td>Elektrolokomotiven<\/td><td>Horst J. Obermayer<\/td><td>Weltbild<\/td><td>1995<\/td><\/tr><tr><td>O59<\/td><td>Triebfahrzeuge DB<\/td><td>Hansi Dreher<\/td><td>Weltbild<\/td><td>1995<\/td><\/tr><tr><td>O60<\/td><td>Triebwagen\/Akku-, Dampf-, Elektro-, Verbrennungstriebwagen<\/td><td>Horst J. Obermayer<\/td><td>Weltbild<\/td><td>1995<\/td><\/tr><tr><td>O61<\/td><td>Reisezugwagen DB<\/td><td>Horst J. Obermayer\/J.Deppmeyer<\/td><td>Weltbild<\/td><td>1995<\/td><\/tr><tr><td>O62<\/td><td>G\u00fcterwagen DB<\/td><td>Horst J. Obermayer\/J.Deppmeyer<\/td><td>Weltbild<\/td><td>1994<\/td><\/tr><tr><td>O63<\/td><td>Das gro\u00dfe Typenbuch deutscher Lokomotiven<\/td><td>Weisbrod\/B\u00e4zold\/Obermayer<\/td><td>transpress<\/td><td>1992<\/td><\/tr><tr><td>O64<\/td><td>Die Baureihe 01.5<\/td><td>Lucas\/Schnabel<\/td><td>EK-Verlag<\/td><td>2002<\/td><\/tr><tr><td>O65<\/td><td>Die Baureihe 03<\/td><td>Horst Troche<\/td><td>EK-Verlag<\/td><td>2006<\/td><\/tr><tr><td>O66<\/td><td>Die Baureihe 10<\/td><td>J\u00fcrgen Ulrich Ebel<\/td><td>EK-Verlag<\/td><td>1998<\/td><\/tr><tr><td>O67<\/td><td>Die Baureihe 19 1001<\/td><td>Horst Troche<\/td><td>EK-Verlag<\/td><td>2007<\/td><\/tr><tr><td>O68<\/td><td>Die Baureihe 23.10<\/td><td>Ebel\/Stange\/Schlegel<\/td><td>EK-Verlag<\/td><td>2003<\/td><\/tr><tr><td>O69<\/td><td>Die Baureihe 24<\/td><td>Hansj\u00fcrgen Wenzel<\/td><td>EK-Verlag<\/td><td>2004<\/td><\/tr><tr><td>O70<\/td><td>Die Baureihe 45<\/td><td>Seiler\/Ebel<\/td><td>EK-Verlag<\/td><td>2005<\/td><\/tr><tr><td>O71<\/td><td>Die Baureihe 50\/Band 1<\/td><td>Ebel\/Wenzel<\/td><td>EK-Verlag<\/td><td>2007<\/td><\/tr><tr><td>O72<\/td><td>Die Baureihe 50\/Band 2<\/td><td>Ebel\/Wenzel<\/td><td>EK-Verlag<\/td><td>2007<\/td><\/tr><tr><td>O73<\/td><td>Franco-Crosti\/BR 42.90 und 50.40<\/td><td>Ebel\/G\u00e4nsfu\u00df<\/td><td>EK-Verlag<\/td><td>2002<\/td><\/tr><tr><td>O74<\/td><td>Die Baureihe 58.30<\/td><td>Heinrich\/Schnabel<\/td><td>EK-Verlag<\/td><td>1999<\/td><\/tr><tr><td>O75<\/td><td>Die Baureihe 61<\/td><td>Alfred Gottwaldt<\/td><td>EK-Verlag<\/td><td>2005<\/td><\/tr><tr><td>O76<\/td><td>Die Baureihe 58.30<\/td><td>Heinrich\/Schnabel<\/td><td>EK-Verlag<\/td><td>1999<\/td><\/tr><tr><td>O77<\/td><td>Einheitsloks f\u00fcr den Rangierdienst<\/td><td>Ebel\/Bauchwitz<\/td><td>EK-Verlag<\/td><td>1999<\/td><\/tr><tr><td>O78<\/td><td>Beschreibung der 2`C 1`h 2-Schnellzuglokomotive\/BR 01<\/td><td>Eisenbahn-Zentralamt Minden<\/td><td>ELV Reprint<\/td><td>1950<\/td><\/tr><tr><td>O79<\/td><td>Beschreibung der 1`D 1`h 2 &#8211; G\u00fcterzuglokomotive\/BR 41<\/td><td>Eisenbahn-Zentralamt Minden<\/td><td>ELV Reprint<\/td><td>1951<\/td><\/tr><tr><td>O80<\/td><td>Beschreibung der 1 `E h 3 G\u00fcterzug-Lokomotive\/BR 44<\/td><td>Eisenbahn-Zentralamt Minden<\/td><td>ELV Reprint<\/td><td>1950<\/td><\/tr><tr><td>O81<\/td><td>Im Dampflokschuppen und vor Z\u00fcgen<\/td><td>Wolfgang Staiger<\/td><td>Franckh<\/td><td>1979<\/td><\/tr><tr><td>O82<\/td><td>Die Baureihe 44<\/td><td>Peter Konzelmann<\/td><td>EK-Verlag<\/td><td>1981<\/td><\/tr><tr><td>O83<\/td><td>Baureihe 56<\/td><td>Michael Reimer<\/td><td>transpress<\/td><td>2002<\/td><\/tr><tr><td>O84<\/td><td>Ellok-Archiv<\/td><td>B\u00e4zold\/Fiebig<\/td><td>transpress<\/td><td>1971<\/td><\/tr><tr><td>O85<\/td><td>Elektrische Lokomotiven\/DRG\/DB\/DR<\/td><td>Ernst Joachim<\/td><td>alba<\/td><td>1973<\/td><\/tr><tr><td>O86<\/td><td>Z\u00fcge unter Strom<\/td><td>Erich Preu\u00df<\/td><td>Geramond<\/td><td>1998<\/td><\/tr><tr><td>O87<\/td><td>100 Jahre deutsche E-Lokomotiven<\/td><td>Alfred Gottwaldt<\/td><td>Franckh<\/td><td>1979<\/td><\/tr><tr><td>O88<\/td><td>E-Lokomotiven von gestern\/Band 1<\/td><td>Raimo Gareis<\/td><td>Krone<\/td><td>2000<\/td><\/tr><tr><td>O89<\/td><td>E-Lokomotiven von gestern\/Band 2<\/td><td>Raimo Gareis<\/td><td>Krone<\/td><td>2001<\/td><\/tr><tr><td>O90<\/td><td>E-Lokomotiven von gestern<\/td><td>Raimo Gareis<\/td><td>Krone<\/td><td>2000<\/td><\/tr><tr><td>O91<\/td><td>Meisterfotos von der Bundesbahn in Farbe<\/td><td>Rolf Br\u00fcning<\/td><td>EK-Verlag<\/td><td>1983<\/td><\/tr><tr><td>O92<\/td><td>Deutsche Schnelltriebwagen<\/td><td>G\u00fcnther Dietz\/Peter Jauch<\/td><td>EK-Verlag<\/td><td>2003<\/td><\/tr><tr><td>O93<\/td><td>Baureihe 101<\/td><td>Karl-Gerhard Baur<\/td><td>Geramond<\/td><td>2003<\/td><\/tr><tr><td>O94<\/td><td>ICE Zug der Zukunft<\/td><td>Rahn\/Hochbruck\/M\u00f6ller<\/td><td>Hestra Darmstadt<\/td><td>1985<\/td><\/tr><tr><td>O95<\/td><td>ICE. Der Zug ist abgefahren<\/td><td>Michael Erlhoff<\/td><td>Steidl<\/td><td>1992<\/td><\/tr><tr><td>O96<\/td><td>ICE\/Geschichte.Technik.Typen<\/td><td>Wilfried Walter<\/td><td>Geramond<\/td><td>2001<\/td><\/tr><tr><td>O97<\/td><td>Altbau-Elektrolokomotiven bei der DB<\/td><td>Konrad Hierl<\/td><td>Franckh<\/td><td>1980<\/td><\/tr><tr><td>O98<\/td><td>Lokomotiv-u. Triebwagen Lexikon\/DB-Ausgemust. Fahrzeuge 1960-1969<\/td><td>R\u00fcdiger G\u00e4nsfu\u00df<\/td><td>Kohlhammer<\/td><td>1984<\/td><\/tr><\/tbody><\/table><\/figure>\n","protected":false},"excerpt":{"rendered":"<p>B.7 DB Fahrzeuge OO1 Verzeichnis aller Lokomotiven und Triebwagen Nr. 1\/Nummerierungssyst. Wolfgang Valtin transpress 1992 OO2 Verzeichnis aller Lokomotiven und Triebwagen Nr. 2\/Dampf Wolfgang Valtin transpress 1992 OO3 Verzeichnis aller Lokomotiven und Triebwagen Nr. 3\/Elekt.u.Diesel Wolfgang Valtin transpress 1992 OO4 Die Lokomotiven der DB J.Michael Mehltretter Motorbuch 1973 OO5 Die Lokomotiven der BR 95 Brozeit\/M\u00fcller\/B\u00f6lke [&hellip;]<\/p>\n","protected":false},"author":2,"featured_media":0,"parent":0,"menu_order":0,"comment_status":"closed","ping_status":"closed","template":"","meta":{"footnotes":""},"class_list":["post-2725","page","type-page","status-publish","hentry"],"yoast_head":"<!-- This site is optimized with the Yoast SEO plugin v27.4 - https:\/\/yoast.com\/product\/yoast-seo-wordpress\/ -->\n<title>DB Fahrzeuge - EBFL<\/title>\n<meta name=\"robots\" content=\"index, follow, max-snippet:-1, max-image-preview:large, max-video-preview:-1\" \/>\n<link rel=\"canonical\" href=\"https:\/\/ebfl.at\/index.php\/db-fahrzeuge\/\" \/>\n<meta property=\"og:locale\" content=\"de_DE\" \/>\n<meta property=\"og:type\" content=\"article\" \/>\n<meta property=\"og:title\" content=\"DB Fahrzeuge - EBFL\" \/>\n<meta property=\"og:description\" content=\"B.7 DB Fahrzeuge OO1 Verzeichnis aller Lokomotiven und Triebwagen Nr. 1\/Nummerierungssyst. Wolfgang Valtin transpress 1992 OO2 Verzeichnis aller Lokomotiven und Triebwagen Nr. 2\/Dampf Wolfgang Valtin transpress 1992 OO3 Verzeichnis aller Lokomotiven und Triebwagen Nr. 3\/Elekt.u.Diesel Wolfgang Valtin transpress 1992 OO4 Die Lokomotiven der DB J.Michael Mehltretter Motorbuch 1973 OO5 Die Lokomotiven der BR 95 Brozeit\/M\u00fcller\/B\u00f6lke [&hellip;]\" \/>\n<meta property=\"og:url\" content=\"https:\/\/ebfl.at\/index.php\/db-fahrzeuge\/\" \/>\n<meta property=\"og:site_name\" content=\"EBFL\" \/>\n<meta property=\"article:publisher\" content=\"https:\/\/www.facebook.com\/pages\/category\/History-Museum\/EBFLat-301838060596265\/\" \/>\n<meta name=\"twitter:card\" content=\"summary_large_image\" \/>\n<meta name=\"twitter:label1\" content=\"Gesch\u00e4tzte Lesezeit\" \/>\n\t<meta name=\"twitter:data1\" content=\"4\u00a0Minuten\" \/>\n<script type=\"application\/ld+json\" class=\"yoast-schema-graph\">{\"@context\":\"https:\\\/\\\/schema.org\",\"@graph\":[{\"@type\":\"WebPage\",\"@id\":\"https:\\\/\\\/ebfl.at\\\/index.php\\\/db-fahrzeuge\\\/\",\"url\":\"https:\\\/\\\/ebfl.at\\\/index.php\\\/db-fahrzeuge\\\/\",\"name\":\"DB Fahrzeuge - EBFL\",\"isPartOf\":{\"@id\":\"https:\\\/\\\/ebfl.at\\\/#website\"},\"datePublished\":\"2021-05-04T17:06:04+00:00\",\"breadcrumb\":{\"@id\":\"https:\\\/\\\/ebfl.at\\\/index.php\\\/db-fahrzeuge\\\/#breadcrumb\"},\"inLanguage\":\"de\",\"potentialAction\":[{\"@type\":\"ReadAction\",\"target\":[\"https:\\\/\\\/ebfl.at\\\/index.php\\\/db-fahrzeuge\\\/\"]}]},{\"@type\":\"BreadcrumbList\",\"@id\":\"https:\\\/\\\/ebfl.at\\\/index.php\\\/db-fahrzeuge\\\/#breadcrumb\",\"itemListElement\":[{\"@type\":\"ListItem\",\"position\":1,\"name\":\"Startseite\",\"item\":\"https:\\\/\\\/ebfl.at\\\/\"},{\"@type\":\"ListItem\",\"position\":2,\"name\":\"DB Fahrzeuge\"}]},{\"@type\":\"WebSite\",\"@id\":\"https:\\\/\\\/ebfl.at\\\/#website\",\"url\":\"https:\\\/\\\/ebfl.at\\\/\",\"name\":\"EBFL Eisenbahnfreunde Lienz\",\"description\":\"Verein der Eisenbahnfreunde in Lienz\",\"publisher\":{\"@id\":\"https:\\\/\\\/ebfl.at\\\/#organization\"},\"potentialAction\":[{\"@type\":\"SearchAction\",\"target\":{\"@type\":\"EntryPoint\",\"urlTemplate\":\"https:\\\/\\\/ebfl.at\\\/?s={search_term_string}\"},\"query-input\":{\"@type\":\"PropertyValueSpecification\",\"valueRequired\":true,\"valueName\":\"search_term_string\"}}],\"inLanguage\":\"de\"},{\"@type\":\"Organization\",\"@id\":\"https:\\\/\\\/ebfl.at\\\/#organization\",\"name\":\"EBFL - Eisenbahnfreunde Lienz\",\"url\":\"https:\\\/\\\/ebfl.at\\\/\",\"logo\":{\"@type\":\"ImageObject\",\"inLanguage\":\"de\",\"@id\":\"https:\\\/\\\/ebfl.at\\\/#\\\/schema\\\/logo\\\/image\\\/\",\"url\":\"https:\\\/\\\/ebfl.at\\\/wp-content\\\/uploads\\\/2019\\\/01\\\/Eisenbahnfreunde-Lienz.jpg\",\"contentUrl\":\"https:\\\/\\\/ebfl.at\\\/wp-content\\\/uploads\\\/2019\\\/01\\\/Eisenbahnfreunde-Lienz.jpg\",\"width\":1087,\"height\":480,\"caption\":\"EBFL - Eisenbahnfreunde Lienz\"},\"image\":{\"@id\":\"https:\\\/\\\/ebfl.at\\\/#\\\/schema\\\/logo\\\/image\\\/\"},\"sameAs\":[\"https:\\\/\\\/www.facebook.com\\\/pages\\\/category\\\/History-Museum\\\/EBFLat-301838060596265\\\/\"]}]}<\/script>\n<!-- \/ Yoast SEO plugin. -->","yoast_head_json":{"title":"DB Fahrzeuge - EBFL","robots":{"index":"index","follow":"follow","max-snippet":"max-snippet:-1","max-image-preview":"max-image-preview:large","max-video-preview":"max-video-preview:-1"},"canonical":"https:\/\/ebfl.at\/index.php\/db-fahrzeuge\/","og_locale":"de_DE","og_type":"article","og_title":"DB Fahrzeuge - EBFL","og_description":"B.7 DB Fahrzeuge OO1 Verzeichnis aller Lokomotiven und Triebwagen Nr. 1\/Nummerierungssyst. Wolfgang Valtin transpress 1992 OO2 Verzeichnis aller Lokomotiven und Triebwagen Nr. 2\/Dampf Wolfgang Valtin transpress 1992 OO3 Verzeichnis aller Lokomotiven und Triebwagen Nr. 3\/Elekt.u.Diesel Wolfgang Valtin transpress 1992 OO4 Die Lokomotiven der DB J.Michael Mehltretter Motorbuch 1973 OO5 Die Lokomotiven der BR 95 Brozeit\/M\u00fcller\/B\u00f6lke [&hellip;]","og_url":"https:\/\/ebfl.at\/index.php\/db-fahrzeuge\/","og_site_name":"EBFL","article_publisher":"https:\/\/www.facebook.com\/pages\/category\/History-Museum\/EBFLat-301838060596265\/","twitter_card":"summary_large_image","twitter_misc":{"Gesch\u00e4tzte Lesezeit":"4\u00a0Minuten"},"schema":{"@context":"https:\/\/schema.org","@graph":[{"@type":"WebPage","@id":"https:\/\/ebfl.at\/index.php\/db-fahrzeuge\/","url":"https:\/\/ebfl.at\/index.php\/db-fahrzeuge\/","name":"DB Fahrzeuge - EBFL","isPartOf":{"@id":"https:\/\/ebfl.at\/#website"},"datePublished":"2021-05-04T17:06:04+00:00","breadcrumb":{"@id":"https:\/\/ebfl.at\/index.php\/db-fahrzeuge\/#breadcrumb"},"inLanguage":"de","potentialAction":[{"@type":"ReadAction","target":["https:\/\/ebfl.at\/index.php\/db-fahrzeuge\/"]}]},{"@type":"BreadcrumbList","@id":"https:\/\/ebfl.at\/index.php\/db-fahrzeuge\/#breadcrumb","itemListElement":[{"@type":"ListItem","position":1,"name":"Startseite","item":"https:\/\/ebfl.at\/"},{"@type":"ListItem","position":2,"name":"DB Fahrzeuge"}]},{"@type":"WebSite","@id":"https:\/\/ebfl.at\/#website","url":"https:\/\/ebfl.at\/","name":"EBFL Eisenbahnfreunde Lienz","description":"Verein der Eisenbahnfreunde in Lienz","publisher":{"@id":"https:\/\/ebfl.at\/#organization"},"potentialAction":[{"@type":"SearchAction","target":{"@type":"EntryPoint","urlTemplate":"https:\/\/ebfl.at\/?s={search_term_string}"},"query-input":{"@type":"PropertyValueSpecification","valueRequired":true,"valueName":"search_term_string"}}],"inLanguage":"de"},{"@type":"Organization","@id":"https:\/\/ebfl.at\/#organization","name":"EBFL - Eisenbahnfreunde Lienz","url":"https:\/\/ebfl.at\/","logo":{"@type":"ImageObject","inLanguage":"de","@id":"https:\/\/ebfl.at\/#\/schema\/logo\/image\/","url":"https:\/\/ebfl.at\/wp-content\/uploads\/2019\/01\/Eisenbahnfreunde-Lienz.jpg","contentUrl":"https:\/\/ebfl.at\/wp-content\/uploads\/2019\/01\/Eisenbahnfreunde-Lienz.jpg","width":1087,"height":480,"caption":"EBFL - Eisenbahnfreunde Lienz"},"image":{"@id":"https:\/\/ebfl.at\/#\/schema\/logo\/image\/"},"sameAs":["https:\/\/www.facebook.com\/pages\/category\/History-Museum\/EBFLat-301838060596265\/"]}]}},"_links":{"self":[{"href":"https:\/\/ebfl.at\/index.php\/wp-json\/wp\/v2\/pages\/2725","targetHints":{"allow":["GET"]}}],"collection":[{"href":"https:\/\/ebfl.at\/index.php\/wp-json\/wp\/v2\/pages"}],"about":[{"href":"https:\/\/ebfl.at\/index.php\/wp-json\/wp\/v2\/types\/page"}],"author":[{"embeddable":true,"href":"https:\/\/ebfl.at\/index.php\/wp-json\/wp\/v2\/users\/2"}],"replies":[{"embeddable":true,"href":"https:\/\/ebfl.at\/index.php\/wp-json\/wp\/v2\/comments?post=2725"}],"version-history":[{"count":1,"href":"https:\/\/ebfl.at\/index.php\/wp-json\/wp\/v2\/pages\/2725\/revisions"}],"predecessor-version":[{"id":2726,"href":"https:\/\/ebfl.at\/index.php\/wp-json\/wp\/v2\/pages\/2725\/revisions\/2726"}],"wp:attachment":[{"href":"https:\/\/ebfl.at\/index.php\/wp-json\/wp\/v2\/media?parent=2725"}],"curies":[{"name":"wp","href":"https:\/\/api.w.org\/{rel}","templated":true}]}}