{"id":273,"date":"2019-01-26T14:57:40","date_gmt":"2019-01-26T13:57:40","guid":{"rendered":"https:\/\/wp.ebfl.at\/?page_id=273"},"modified":"2024-11-14T17:42:31","modified_gmt":"2024-11-14T16:42:31","slug":"geschichte-und-vision","status":"publish","type":"page","link":"https:\/\/ebfl.at\/index.php\/verein\/geschichte-und-vision\/","title":{"rendered":"Geschichte und Vision"},"content":{"rendered":"<div class=\"wp-block-image is-resized\">\n<figure class=\"aligncenter size-large\"><img loading=\"lazy\" decoding=\"async\" width=\"1024\" height=\"682\" src=\"https:\/\/ebfl.at\/wp-content\/uploads\/2024\/11\/AG5A3002-HDR_C_Brunner-Images_at-1024x682.jpg\" alt=\"\" class=\"wp-image-4496\" srcset=\"https:\/\/ebfl.at\/wp-content\/uploads\/2024\/11\/AG5A3002-HDR_C_Brunner-Images_at-1024x682.jpg 1024w, https:\/\/ebfl.at\/wp-content\/uploads\/2024\/11\/AG5A3002-HDR_C_Brunner-Images_at-300x200.jpg 300w, https:\/\/ebfl.at\/wp-content\/uploads\/2024\/11\/AG5A3002-HDR_C_Brunner-Images_at-768x511.jpg 768w, https:\/\/ebfl.at\/wp-content\/uploads\/2024\/11\/AG5A3002-HDR_C_Brunner-Images_at.jpg 1200w\" sizes=\"auto, (max-width: 1024px) 100vw, 1024px\" \/><\/figure>\n<\/div>\n\n\n<p><\/p>\n\n\n\n<p>Die Gr\u00fcndung des Vereins der Eisenbahnfreunde in Lienz am 29. Februar 1980 markiert einen bedeutenden Moment in der Eisenbahngeschichte der Stadt. Dieser Verein entstand als direkte Folge einer wichtigen Entscheidung des Stadtrats im November 1979.<\/p>\n\n\n\n<h2 class=\"wp-block-heading\">Hintergrund<\/h2>\n\n\n\n<p>Der Stadtrat von Lienz, unter der F\u00fchrung des damaligen B\u00fcrgermeisters Hubert Huber und des Stadtrates Egon Gruber, erkannte die historische Bedeutung der Eisenbahn f\u00fcr die Stadt. In W\u00fcrdigung dieser Tatsache beschloss der Rat im November 1979, die Dampflokomotive 52.3816 zu erwerben.<\/p>\n\n\n\n<h2 class=\"wp-block-heading\">Die Dampflokomotive 52.3816<\/h2>\n\n\n\n<p>Nach dem Kauf wurde die Lokomotive in einen betriebsf\u00e4higen Zustand versetzt. Dies war ein wichtiger Schritt, um das historische Fahrzeug nicht nur als statisches Ausstellungsst\u00fcck zu bewahren, sondern es auch funktionsf\u00e4hig zu erhalten. <\/p>\n\n\n\n<h2 class=\"wp-block-heading\">Das Ende der Dampflok\u00e4ra in Lienz<\/h2>\n\n\n\n<p>Im Jahr 1993 markierte ein technisches Problem das endg\u00fcltige Aus der Dampflok\u00e4ra in Lienz. Die Siederohre der historischen Dampflokomotive wurden erneut undicht, was einen unausweichlichen Wendepunkt darstellte.<\/p>\n\n\n\n<h2 class=\"wp-block-heading\">Technische Herausforderung<\/h2>\n\n\n\n<p>Die undichten Siederohre waren mehr als nur ein kleiner Defekt. Sie repr\u00e4sentierten das fortschreitende Alter und die wachsende technische Komplexit\u00e4t der Dampflokomotive. Nach Jahren treuer Dienste und liebevoller Pflege durch die Eisenbahnfreunde signalisierten die schadhaften Rohre das unausweichliche Ende einer \u00c4ra.<\/p>\n\n\n\n<h1 class=\"wp-block-heading\">Eisenbahn Villach-Franzensfeste<\/h1>\n\n\n\n<p>Die im \nJahre 1859 gegr\u00fcndete kaiserlich-k\u00f6nigliche S\u00fcdbahn-Gesellschaft hatte \nunter anderem in den Jahren 1869 bis 1871 die 212 Kilometer lange \nEisenbahnlinie von Villach durch das Drau- und Pustertal nach \nFranzensfeste gebaut und am 21. November 1871 in Betrieb genommen. Diese\n Bahnlinie, die in Marburg an der Drau (Meeresh\u00f6he 270 m), dem heutigen \nMaribor, ihren Ausgangspunkt hat, hat bis Lienz (Meeresh\u00f6he 676 m) den \nCharakter einer Talbahn (Marburg \u2013 Lienz 270 km * Pustertalbahn Lienz \u2013 \nFranzensfeste 107 km * Marburg \u2013 Villach 165 km * Villach \u2013 \nFranzensfeste 212 km * Gesamtl\u00e4nge Marburg &#8211; Franzensfeste 377 km). In \nLienz beginnt die Bahn zu steigen und erreicht in Toblach (Meeresh\u00f6he \n1211 Meter) den h\u00f6chsten Punkt der Bahn. Bei einer L\u00e4nge von 46 \nKilometern (Lienz \u2013 Toblach) m\u00fcssen 535 H\u00f6henmeter \u00fcberwunden werden. \nLang anhaltende Steigungen von bis zu 25\u2030 in Verbindung mit den vielen \nB\u00f6gen erfordern wesentlich h\u00f6here Zugkr\u00e4fte als in der Ebene. Bergw\u00e4rts \nfahrende Z\u00fcge mussten daher vielfach mit mehreren Lokomotiven \ngleichzeitig bespannt werden. Aus diesen Gr\u00fcnden war in Lienz die \nStationierung einer h\u00f6heren Anzahl von Dampflokomotiven vorgesehen. So \nwaren am 1. 9. 1915 in Lienz 63 Lokomotiven stationiert.<\/p>\n\n\n\n<h1 class=\"wp-block-heading\">Heizhausanlage Lienz<\/h1>\n\n\n<div class=\"wp-block-image\">\n<figure class=\"aligncenter is-resized\"><img loading=\"lazy\" decoding=\"async\" width=\"1024\" height=\"768\" src=\"https:\/\/ebfl.at\/wp-content\/uploads\/2019\/03\/P1000329-1024x768.png\" alt=\"\" class=\"wp-image-1081\" style=\"width:350px;height:263px\" srcset=\"https:\/\/ebfl.at\/wp-content\/uploads\/2019\/03\/P1000329-1024x768.png 1024w, https:\/\/ebfl.at\/wp-content\/uploads\/2019\/03\/P1000329-300x225.png 300w, https:\/\/ebfl.at\/wp-content\/uploads\/2019\/03\/P1000329-768x576.png 768w, https:\/\/ebfl.at\/wp-content\/uploads\/2019\/03\/P1000329.png 1500w\" sizes=\"auto, (max-width: 1024px) 100vw, 1024px\" \/><\/figure>\n<\/div>\n\n\n<p>\nDer  Architekt Wilhelm von Flattich \u2013 er war in der damaligen Zeit f\u00fcr \ndie  Hochbauten an der Brenner- und Pustertalbahn zust\u00e4ndig &#8211; lie\u00df in \nLienz  eine dreigleisige und 94 m lange Remise mit zwei Anbauten und  \nzus\u00e4tzlich ein Rundhaus mit Drehscheibe f\u00fcr Dampflokomotiven errichten. \n Diese Heizhausanlage bestand in diesem Umfang bis zum Jahre 1945: Auf \nGrund  von Bombardierungen (2. Weltkrieg) wurde das Rundhaus zur G\u00e4nze  \nzerst\u00f6rt und die lange Remise arg besch\u00e4digt. \n\n<\/p>\n\n\n\n<p><\/p>\n\n\n<div class=\"wp-block-image\">\n<figure class=\"aligncenter is-resized\"><img loading=\"lazy\" decoding=\"async\" width=\"1024\" height=\"679\" src=\"https:\/\/wp.ebfl.at\/wp-content\/uploads\/2019\/03\/Heizhausfest-20.9.2015-41-1024x679.png\" alt=\"\" class=\"wp-image-1148\" style=\"width:400px;height:265px\" srcset=\"https:\/\/ebfl.at\/wp-content\/uploads\/2019\/03\/Heizhausfest-20.9.2015-41-1024x679.png 1024w, https:\/\/ebfl.at\/wp-content\/uploads\/2019\/03\/Heizhausfest-20.9.2015-41-300x199.png 300w, https:\/\/ebfl.at\/wp-content\/uploads\/2019\/03\/Heizhausfest-20.9.2015-41-768x509.png 768w, https:\/\/ebfl.at\/wp-content\/uploads\/2019\/03\/Heizhausfest-20.9.2015-41.png 1500w\" sizes=\"auto, (max-width: 1024px) 100vw, 1024px\" \/><figcaption class=\"wp-element-caption\">Dampfkran auf Drehscheibe<\/figcaption><\/figure>\n<\/div>\n\n\n<p>W\u00e4hrend vom Rundhaus nur  mehr ein Segment wieder aufgebaut wurde und   man die Drehscheibe  entfernte, wurde die lange Remise vollst\u00e4ndig   instandgesetzt. Lediglich  ein Anbau wurde nur mehr erdgeschossig   ausgef\u00fchrt.  <\/p>\n\n\n\n<p>Im Gel\u00e4nde wurde im  Bereich der Kohlendepots um 1942 eine weitere  Drehscheibe errichtet, die  heute noch, als technisches Denkmal  gesch\u00fctzt, besteht. Mit der  Stationierung der Diesellokomotiven der \u00d6BB  Reihe 2045 in Lienz um 1954  begann der flie\u00dfende \u00dcbergang von der  Dampf- zur Dieseltraktion, die mit  dem Abzug der Dampflokomotive  92.2271 glaublich im Jahre 1965 endg\u00fcltig  vollzogen war. Die Zeit des  Einsatzes von Dieseltriebfahrzeugen  endete mit dem Abschluss der  Elektrifizierung der Eisenbahnlinie  Spittal-Millst\u00e4ttersee &#8211;  Franzensfeste am 28. Mai 1989. <\/p>\n\n\n\n<p>Damit endete  nach 118 Jahren in Lienz  auch die Notwendigkeit zur Stationierung und  der damit verbundenen  Instandhaltung von Lokomotiven, da die nunmehr  hier eingesetzten  elektrischen Triebfahrzeuge der \u00d6BB in Villach und  Innsbruck  stationiert sind und dort gewartet werden. <\/p>\n\n\n\n<p>Heute  beherbergt das Heizhaus den Verein der Eisenbahnfreunde Lienz,  der dort  verschiedenste Fahrzeuge aus l\u00e4ngst vergangenen Zeiten erh\u00e4lt. <\/p>\n\n\n\n<p class=\"has-vivid-red-color has-text-color\"><strong>Mitglied werden<\/strong><\/p>\n\n\n\n<p>Email an: <a href=\"mailto:kontakt@ebfl.at\">kontakt@ebfl.at<\/a> oder direkt im S\u00fcdbahn Heizhaus w\u00e4hrend der \u00d6ffnungszeiten.<\/p>\n","protected":false},"excerpt":{"rendered":"<p>Die Gr\u00fcndung des Vereins der Eisenbahnfreunde in Lienz am 29. Februar 1980 markiert einen bedeutenden Moment in der Eisenbahngeschichte der Stadt. Dieser Verein entstand als direkte Folge einer wichtigen Entscheidung des Stadtrats im November 1979. Hintergrund Der Stadtrat von Lienz, unter der F\u00fchrung des damaligen B\u00fcrgermeisters Hubert Huber und des Stadtrates Egon Gruber, erkannte die [&hellip;]<\/p>\n","protected":false},"author":1,"featured_media":0,"parent":69,"menu_order":0,"comment_status":"closed","ping_status":"closed","template":"","meta":{"footnotes":""},"class_list":["post-273","page","type-page","status-publish","hentry"],"yoast_head":"<!-- This site is optimized with the Yoast SEO plugin v27.3 - https:\/\/yoast.com\/product\/yoast-seo-wordpress\/ -->\n<title>Geschichte und Vision - EBFL<\/title>\n<meta name=\"robots\" content=\"index, follow, max-snippet:-1, max-image-preview:large, max-video-preview:-1\" \/>\n<link rel=\"canonical\" href=\"https:\/\/ebfl.at\/index.php\/verein\/geschichte-und-vision\/\" \/>\n<meta property=\"og:locale\" content=\"de_DE\" \/>\n<meta property=\"og:type\" content=\"article\" \/>\n<meta property=\"og:title\" content=\"Geschichte und Vision - EBFL\" \/>\n<meta property=\"og:description\" content=\"Die Gr\u00fcndung des Vereins der Eisenbahnfreunde in Lienz am 29. Februar 1980 markiert einen bedeutenden Moment in der Eisenbahngeschichte der Stadt. Dieser Verein entstand als direkte Folge einer wichtigen Entscheidung des Stadtrats im November 1979. Hintergrund Der Stadtrat von Lienz, unter der F\u00fchrung des damaligen B\u00fcrgermeisters Hubert Huber und des Stadtrates Egon Gruber, erkannte die [&hellip;]\" \/>\n<meta property=\"og:url\" content=\"https:\/\/ebfl.at\/index.php\/verein\/geschichte-und-vision\/\" \/>\n<meta property=\"og:site_name\" content=\"EBFL\" \/>\n<meta property=\"article:publisher\" content=\"https:\/\/www.facebook.com\/pages\/category\/History-Museum\/EBFLat-301838060596265\/\" \/>\n<meta property=\"article:modified_time\" content=\"2024-11-14T16:42:31+00:00\" \/>\n<meta property=\"og:image\" content=\"https:\/\/ebfl.at\/wp-content\/uploads\/2024\/11\/AG5A3002-HDR_C_Brunner-Images_at.jpg\" \/>\n\t<meta property=\"og:image:width\" content=\"1200\" \/>\n\t<meta property=\"og:image:height\" content=\"799\" \/>\n\t<meta property=\"og:image:type\" content=\"image\/jpeg\" \/>\n<meta name=\"twitter:card\" content=\"summary_large_image\" \/>\n<meta name=\"twitter:label1\" content=\"Gesch\u00e4tzte Lesezeit\" \/>\n\t<meta name=\"twitter:data1\" content=\"5\u00a0Minuten\" \/>\n<script type=\"application\/ld+json\" class=\"yoast-schema-graph\">{\"@context\":\"https:\\\/\\\/schema.org\",\"@graph\":[{\"@type\":\"WebPage\",\"@id\":\"https:\\\/\\\/ebfl.at\\\/index.php\\\/verein\\\/geschichte-und-vision\\\/\",\"url\":\"https:\\\/\\\/ebfl.at\\\/index.php\\\/verein\\\/geschichte-und-vision\\\/\",\"name\":\"Geschichte und Vision - EBFL\",\"isPartOf\":{\"@id\":\"https:\\\/\\\/ebfl.at\\\/#website\"},\"primaryImageOfPage\":{\"@id\":\"https:\\\/\\\/ebfl.at\\\/index.php\\\/verein\\\/geschichte-und-vision\\\/#primaryimage\"},\"image\":{\"@id\":\"https:\\\/\\\/ebfl.at\\\/index.php\\\/verein\\\/geschichte-und-vision\\\/#primaryimage\"},\"thumbnailUrl\":\"https:\\\/\\\/ebfl.at\\\/wp-content\\\/uploads\\\/2024\\\/11\\\/AG5A3002-HDR_C_Brunner-Images_at-1024x682.jpg\",\"datePublished\":\"2019-01-26T13:57:40+00:00\",\"dateModified\":\"2024-11-14T16:42:31+00:00\",\"breadcrumb\":{\"@id\":\"https:\\\/\\\/ebfl.at\\\/index.php\\\/verein\\\/geschichte-und-vision\\\/#breadcrumb\"},\"inLanguage\":\"de\",\"potentialAction\":[{\"@type\":\"ReadAction\",\"target\":[\"https:\\\/\\\/ebfl.at\\\/index.php\\\/verein\\\/geschichte-und-vision\\\/\"]}]},{\"@type\":\"ImageObject\",\"inLanguage\":\"de\",\"@id\":\"https:\\\/\\\/ebfl.at\\\/index.php\\\/verein\\\/geschichte-und-vision\\\/#primaryimage\",\"url\":\"https:\\\/\\\/ebfl.at\\\/wp-content\\\/uploads\\\/2024\\\/11\\\/AG5A3002-HDR_C_Brunner-Images_at.jpg\",\"contentUrl\":\"https:\\\/\\\/ebfl.at\\\/wp-content\\\/uploads\\\/2024\\\/11\\\/AG5A3002-HDR_C_Brunner-Images_at.jpg\",\"width\":1200,\"height\":799},{\"@type\":\"BreadcrumbList\",\"@id\":\"https:\\\/\\\/ebfl.at\\\/index.php\\\/verein\\\/geschichte-und-vision\\\/#breadcrumb\",\"itemListElement\":[{\"@type\":\"ListItem\",\"position\":1,\"name\":\"Startseite\",\"item\":\"https:\\\/\\\/ebfl.at\\\/\"},{\"@type\":\"ListItem\",\"position\":2,\"name\":\"Verein\",\"item\":\"https:\\\/\\\/ebfl.at\\\/index.php\\\/verein\\\/\"},{\"@type\":\"ListItem\",\"position\":3,\"name\":\"Geschichte und Vision\"}]},{\"@type\":\"WebSite\",\"@id\":\"https:\\\/\\\/ebfl.at\\\/#website\",\"url\":\"https:\\\/\\\/ebfl.at\\\/\",\"name\":\"EBFL Eisenbahnfreunde Lienz\",\"description\":\"Verein der Eisenbahnfreunde in Lienz\",\"publisher\":{\"@id\":\"https:\\\/\\\/ebfl.at\\\/#organization\"},\"potentialAction\":[{\"@type\":\"SearchAction\",\"target\":{\"@type\":\"EntryPoint\",\"urlTemplate\":\"https:\\\/\\\/ebfl.at\\\/?s={search_term_string}\"},\"query-input\":{\"@type\":\"PropertyValueSpecification\",\"valueRequired\":true,\"valueName\":\"search_term_string\"}}],\"inLanguage\":\"de\"},{\"@type\":\"Organization\",\"@id\":\"https:\\\/\\\/ebfl.at\\\/#organization\",\"name\":\"EBFL - Eisenbahnfreunde Lienz\",\"url\":\"https:\\\/\\\/ebfl.at\\\/\",\"logo\":{\"@type\":\"ImageObject\",\"inLanguage\":\"de\",\"@id\":\"https:\\\/\\\/ebfl.at\\\/#\\\/schema\\\/logo\\\/image\\\/\",\"url\":\"https:\\\/\\\/ebfl.at\\\/wp-content\\\/uploads\\\/2019\\\/01\\\/Eisenbahnfreunde-Lienz.jpg\",\"contentUrl\":\"https:\\\/\\\/ebfl.at\\\/wp-content\\\/uploads\\\/2019\\\/01\\\/Eisenbahnfreunde-Lienz.jpg\",\"width\":1087,\"height\":480,\"caption\":\"EBFL - Eisenbahnfreunde Lienz\"},\"image\":{\"@id\":\"https:\\\/\\\/ebfl.at\\\/#\\\/schema\\\/logo\\\/image\\\/\"},\"sameAs\":[\"https:\\\/\\\/www.facebook.com\\\/pages\\\/category\\\/History-Museum\\\/EBFLat-301838060596265\\\/\"]}]}<\/script>\n<!-- \/ Yoast SEO plugin. -->","yoast_head_json":{"title":"Geschichte und Vision - EBFL","robots":{"index":"index","follow":"follow","max-snippet":"max-snippet:-1","max-image-preview":"max-image-preview:large","max-video-preview":"max-video-preview:-1"},"canonical":"https:\/\/ebfl.at\/index.php\/verein\/geschichte-und-vision\/","og_locale":"de_DE","og_type":"article","og_title":"Geschichte und Vision - EBFL","og_description":"Die Gr\u00fcndung des Vereins der Eisenbahnfreunde in Lienz am 29. Februar 1980 markiert einen bedeutenden Moment in der Eisenbahngeschichte der Stadt. Dieser Verein entstand als direkte Folge einer wichtigen Entscheidung des Stadtrats im November 1979. Hintergrund Der Stadtrat von Lienz, unter der F\u00fchrung des damaligen B\u00fcrgermeisters Hubert Huber und des Stadtrates Egon Gruber, erkannte die [&hellip;]","og_url":"https:\/\/ebfl.at\/index.php\/verein\/geschichte-und-vision\/","og_site_name":"EBFL","article_publisher":"https:\/\/www.facebook.com\/pages\/category\/History-Museum\/EBFLat-301838060596265\/","article_modified_time":"2024-11-14T16:42:31+00:00","og_image":[{"width":1200,"height":799,"url":"https:\/\/ebfl.at\/wp-content\/uploads\/2024\/11\/AG5A3002-HDR_C_Brunner-Images_at.jpg","type":"image\/jpeg"}],"twitter_card":"summary_large_image","twitter_misc":{"Gesch\u00e4tzte Lesezeit":"5\u00a0Minuten"},"schema":{"@context":"https:\/\/schema.org","@graph":[{"@type":"WebPage","@id":"https:\/\/ebfl.at\/index.php\/verein\/geschichte-und-vision\/","url":"https:\/\/ebfl.at\/index.php\/verein\/geschichte-und-vision\/","name":"Geschichte und Vision - EBFL","isPartOf":{"@id":"https:\/\/ebfl.at\/#website"},"primaryImageOfPage":{"@id":"https:\/\/ebfl.at\/index.php\/verein\/geschichte-und-vision\/#primaryimage"},"image":{"@id":"https:\/\/ebfl.at\/index.php\/verein\/geschichte-und-vision\/#primaryimage"},"thumbnailUrl":"https:\/\/ebfl.at\/wp-content\/uploads\/2024\/11\/AG5A3002-HDR_C_Brunner-Images_at-1024x682.jpg","datePublished":"2019-01-26T13:57:40+00:00","dateModified":"2024-11-14T16:42:31+00:00","breadcrumb":{"@id":"https:\/\/ebfl.at\/index.php\/verein\/geschichte-und-vision\/#breadcrumb"},"inLanguage":"de","potentialAction":[{"@type":"ReadAction","target":["https:\/\/ebfl.at\/index.php\/verein\/geschichte-und-vision\/"]}]},{"@type":"ImageObject","inLanguage":"de","@id":"https:\/\/ebfl.at\/index.php\/verein\/geschichte-und-vision\/#primaryimage","url":"https:\/\/ebfl.at\/wp-content\/uploads\/2024\/11\/AG5A3002-HDR_C_Brunner-Images_at.jpg","contentUrl":"https:\/\/ebfl.at\/wp-content\/uploads\/2024\/11\/AG5A3002-HDR_C_Brunner-Images_at.jpg","width":1200,"height":799},{"@type":"BreadcrumbList","@id":"https:\/\/ebfl.at\/index.php\/verein\/geschichte-und-vision\/#breadcrumb","itemListElement":[{"@type":"ListItem","position":1,"name":"Startseite","item":"https:\/\/ebfl.at\/"},{"@type":"ListItem","position":2,"name":"Verein","item":"https:\/\/ebfl.at\/index.php\/verein\/"},{"@type":"ListItem","position":3,"name":"Geschichte und Vision"}]},{"@type":"WebSite","@id":"https:\/\/ebfl.at\/#website","url":"https:\/\/ebfl.at\/","name":"EBFL Eisenbahnfreunde Lienz","description":"Verein der Eisenbahnfreunde in Lienz","publisher":{"@id":"https:\/\/ebfl.at\/#organization"},"potentialAction":[{"@type":"SearchAction","target":{"@type":"EntryPoint","urlTemplate":"https:\/\/ebfl.at\/?s={search_term_string}"},"query-input":{"@type":"PropertyValueSpecification","valueRequired":true,"valueName":"search_term_string"}}],"inLanguage":"de"},{"@type":"Organization","@id":"https:\/\/ebfl.at\/#organization","name":"EBFL - Eisenbahnfreunde Lienz","url":"https:\/\/ebfl.at\/","logo":{"@type":"ImageObject","inLanguage":"de","@id":"https:\/\/ebfl.at\/#\/schema\/logo\/image\/","url":"https:\/\/ebfl.at\/wp-content\/uploads\/2019\/01\/Eisenbahnfreunde-Lienz.jpg","contentUrl":"https:\/\/ebfl.at\/wp-content\/uploads\/2019\/01\/Eisenbahnfreunde-Lienz.jpg","width":1087,"height":480,"caption":"EBFL - Eisenbahnfreunde Lienz"},"image":{"@id":"https:\/\/ebfl.at\/#\/schema\/logo\/image\/"},"sameAs":["https:\/\/www.facebook.com\/pages\/category\/History-Museum\/EBFLat-301838060596265\/"]}]}},"_links":{"self":[{"href":"https:\/\/ebfl.at\/index.php\/wp-json\/wp\/v2\/pages\/273","targetHints":{"allow":["GET"]}}],"collection":[{"href":"https:\/\/ebfl.at\/index.php\/wp-json\/wp\/v2\/pages"}],"about":[{"href":"https:\/\/ebfl.at\/index.php\/wp-json\/wp\/v2\/types\/page"}],"author":[{"embeddable":true,"href":"https:\/\/ebfl.at\/index.php\/wp-json\/wp\/v2\/users\/1"}],"replies":[{"embeddable":true,"href":"https:\/\/ebfl.at\/index.php\/wp-json\/wp\/v2\/comments?post=273"}],"version-history":[{"count":14,"href":"https:\/\/ebfl.at\/index.php\/wp-json\/wp\/v2\/pages\/273\/revisions"}],"predecessor-version":[{"id":4497,"href":"https:\/\/ebfl.at\/index.php\/wp-json\/wp\/v2\/pages\/273\/revisions\/4497"}],"up":[{"embeddable":true,"href":"https:\/\/ebfl.at\/index.php\/wp-json\/wp\/v2\/pages\/69"}],"wp:attachment":[{"href":"https:\/\/ebfl.at\/index.php\/wp-json\/wp\/v2\/media?parent=273"}],"curies":[{"name":"wp","href":"https:\/\/api.w.org\/{rel}","templated":true}]}}