{"id":2743,"date":"2021-05-04T19:18:12","date_gmt":"2021-05-04T17:18:12","guid":{"rendered":"https:\/\/ebfl.at\/?page_id=2743"},"modified":"2021-05-04T19:18:12","modified_gmt":"2021-05-04T17:18:12","slug":"eisenbahngeschichte-allgemein","status":"publish","type":"page","link":"https:\/\/ebfl.at\/index.php\/eisenbahngeschichte-allgemein\/","title":{"rendered":"Eisenbahngeschichte allgemein"},"content":{"rendered":"\n<figure class=\"wp-block-table is-style-regular\"><table><tbody><tr><td><strong><\/strong><\/td><td><strong>D Eisenbahngeschichte allgemein<\/strong><\/td><td><strong><\/strong><\/td><td><strong><\/strong><\/td><td><strong><\/strong><\/td><\/tr><tr><td>OO1<\/td><td>Eisenbahnen der Gr\u00fcnderjahre 1851-1895<\/td><td>O.S. Nock<\/td><td>Orell F\u00fcssli<\/td><td>1974<\/td><\/tr><tr><td>OO2<\/td><td>Eisenbahnen um die Jahrhundertwende 1895-1905<\/td><td>O.S. Nock<\/td><td>Orell F\u00fcssli<\/td><td>1973<\/td><\/tr><tr><td>OO3<\/td><td>Eisenbahnen im Zenit 1905-1919<\/td><td>O.S. Nock<\/td><td>Orell F\u00fcssli<\/td><td>1977<\/td><\/tr><tr><td>OO4<\/td><td>Die Bl\u00fctezeit der Dampfeisenbahn 1920-1940<\/td><td>O.S. Nock<\/td><td>Orell F\u00fcssli<\/td><td>1972<\/td><\/tr><tr><td>OO5<\/td><td>Dampfeisenbahn an der Wende 1940-1965<\/td><td>O.S. Nock<\/td><td>Orell F\u00fcssli<\/td><td>1975<\/td><\/tr><tr><td>OO6<\/td><td>Eisenbahnen der Gegenwart seit 1963<\/td><td>O.S. Nock<\/td><td>Orell F\u00fcssli<\/td><td>1976<\/td><\/tr><tr><td>OO7<\/td><td>Die Organisation der deutschen Eisenbahnen 1835-1975<\/td><td>Peter A. Schymanietz<\/td><td>EK-Verlag<\/td><td>1977<\/td><\/tr><tr><td>OO8<\/td><td>Die Kinderschuhe der neuen Verkehrsmittel<\/td><td>F.M. Feldhaus<\/td><td>Der Eiserne Hammer<\/td><td><\/td><\/tr><tr><td>OO9<\/td><td>Eisenbahn ohne Grenzen<\/td><td>Internat. Eisenbahnverband<\/td><td>Eigenverlag<\/td><td><\/td><\/tr><tr><td>O10<\/td><td>Verzeichnis der Deutschen Lokomotiven 1923-1963<\/td><td>Griebl\/Schadow<\/td><td>transpress<\/td><td><\/td><\/tr><tr><td>O11<\/td><td>Rad und Raum<\/td><td>Eduard Weckerle<\/td><td>Eigenverlag<\/td><td><\/td><\/tr><tr><td>O12<\/td><td>Die eiserne Spur<\/td><td>Willibald Buchmann<\/td><td>Paulus<\/td><td>1957<\/td><\/tr><tr><td>O13<\/td><td>George Stephenson &#8211; ein Lebensbild<\/td><td>Elisabeth Hugelmann<\/td><td>\u00d6sterr. Bundesverlag<\/td><td>1925<\/td><\/tr><tr><td>O14<\/td><td>Pioniere des Eisenbahnwesens<\/td><td>Erhard Born<\/td><td>Carl R\u00f6hrig<\/td><td><\/td><\/tr><tr><td>O15<\/td><td>Autos und Eisenbahnen<\/td><td>Owen\/Bowen<\/td><td>Rohwolt<\/td><td>1971<\/td><\/tr><tr><td>O16<\/td><td>Fr\u00fche Eisenbahnen<\/td><td>J.B. Snell<\/td><td>Ariel<\/td><td>1964<\/td><\/tr><tr><td>O17<\/td><td>Das Wissen der Gegenwart\/Verkehr<\/td><td>Hermann Schreiber\/Wernher von Braun<\/td><td>Carl Habl<\/td><td>1969<\/td><\/tr><tr><td>O18<\/td><td>Die Hundertj\u00e4hrige Eisenbahn<\/td><td>Albert Langen<\/td><td>Eigenverlag<\/td><td>1925<\/td><\/tr><tr><td>O19<\/td><td>Geschichte der Eisenbahnreise<\/td><td>Lepenies\/Ritter<\/td><td>Ullstein<\/td><td>1979<\/td><\/tr><tr><td>O20<\/td><td>Schmalspurbahnen D\/A\/CH<\/td><td>Ingo Ehrlich<\/td><td>tosa<\/td><td>2005<\/td><\/tr><tr><td>O21<\/td><td>Lokomotiven-von den Anf\u00e4ngen bis heute<\/td><td><\/td><td>Otus Verlag<\/td><td>2006<\/td><\/tr><tr><td>O22<\/td><td>Giganten der Schiene<\/td><td>K.A. Maedel<\/td><td>Franckh<\/td><td>1963<\/td><\/tr><tr><td>O23<\/td><td>Auf Schienen &#8211; die Eisenbahn heute<\/td><td>Anton von Hornstein<\/td><td>Paul M\u00fcller<\/td><td>1960<\/td><\/tr><tr><td>O24<\/td><td>Auf Schienen &#8211; die Eisenbahn heute\/3. Auflage<\/td><td>Anton von Hornstein<\/td><td>Aries M\u00fcnchen<\/td><td>1965<\/td><\/tr><tr><td>O25<\/td><td>Die Fr\u00fchzeit der Schmalspurbahn<\/td><td>Friedrich Zezula<\/td><td>Slezak<\/td><td>1983<\/td><\/tr><tr><td>O26<\/td><td>Ein Leben f\u00fcr die Eisenbahn<\/td><td>Bock\/Garrecht<\/td><td>Ritzau KG<\/td><td>1996<\/td><\/tr><tr><td>O27<\/td><td>Z\u00fcge, Loks und Leute. Ein Katalog\/Band 11<\/td><td>Museum f\u00fcr Verkehr und Technik<\/td><td>Nicolai<\/td><td>1990<\/td><\/tr><tr><td>O28<\/td><td>Express ins dritte Jahrtausend<\/td><td>Rolf Sch\u00f6nknecht<\/td><td>Urania Leipzig<\/td><td>1986<\/td><\/tr><tr><td>O29<\/td><td>So bezwangen sie die Ferne<\/td><td>Christoph Sommer<\/td><td>Tosa<\/td><td>1982<\/td><\/tr><tr><td>O30<\/td><td>Die gro\u00dfe Zeit der Eisenbahnen 1832.1914<\/td><td>Barret\/Des Cars<\/td><td>Kr\u00fcger Frankfurt<\/td><td>1979<\/td><\/tr><tr><td>O31<\/td><td>1835-1985 150 Jahre deutsche Eisenbahn<\/td><td>DB<\/td><td>ELV<\/td><td>1985<\/td><\/tr><tr><td>O32<\/td><td>Grosse Z\u00fcge<\/td><td>Rolf L. Temming<\/td><td>Kaiser<\/td><td>1991<\/td><\/tr><tr><td>O33<\/td><td>Vom Dampf zu Diesel und Strom<\/td><td><\/td><td>Sonnenberg Wiesbaden<\/td><td>1960<\/td><\/tr><tr><td>O34<\/td><td>Bilddokumente der elektr. Lokomotive<\/td><td>Wolfgang Messerschmidt<\/td><td>Motorbuch<\/td><td>1987<\/td><\/tr><tr><td>O35<\/td><td>Die Welt auf Schienen<\/td><td>Arthur F\u00fcrst<\/td><td>Albert Langen<\/td><td>1918<\/td><\/tr><tr><td>O36<\/td><td>Die Entwicklung des Verkehrs vom Altertum bis zur Gegenwart<\/td><td><\/td><td>Knorr GmbH Wels<\/td><td><\/td><\/tr><tr><td>O37<\/td><td>Dampflokomotiven\/Dampfschifffahrt<\/td><td>Dean Server<\/td><td>Delius Klasing<\/td><td>1999<\/td><\/tr><tr><td>O38<\/td><td>Eisenbahnen gestern und heute<\/td><td>O.S. Nock<\/td><td>Heyne<\/td><td>1977<\/td><\/tr><tr><td>O39<\/td><td>Eisenbahnen\/Band 4<\/td><td>Richard Heinersdorff<\/td><td>Carl Gerber<\/td><td><\/td><\/tr><tr><td>O40<\/td><td>Zug um Zug<\/td><td>Erich Staisch<\/td><td>R\u00f6sler&amp;Zimmer Augsburg<\/td><td>1977<\/td><\/tr><tr><td>O41<\/td><td>Die Geschichte der Bahn: Erlebnis Eisenbahn<\/td><td>Werner Walz<\/td><td>Motorbuch<\/td><td>1985<\/td><\/tr><tr><td>O42<\/td><td>Diesellokomotiven<\/td><td>Georg von Lomonossoff<\/td><td>VDI D\u00fcsseldorf<\/td><td>1985<\/td><\/tr><tr><td>O43<\/td><td>Sch\u00f6ne alte Eisenbahnen<\/td><td>Bryan Morgan<\/td><td>Golden Press NY<\/td><td>1976<\/td><\/tr><tr><td>O44<\/td><td>Da staunt das Vorsignal<\/td><td>Josef Slezak<\/td><td>Eigenverlag<\/td><td>1988<\/td><\/tr><tr><td>O45<\/td><td>Verkehr 2000<\/td><td>Werner Bartels<\/td><td>Hansa Hamburg<\/td><td>1988<\/td><\/tr><tr><td>O46<\/td><td>Geschichte der Eisenbahnreise<\/td><td>Ralf Roman Rossberg<\/td><td>Sigloch<\/td><td>1977<\/td><\/tr><tr><td>O47<\/td><td>Illustrierte Geschichte der Eisenbahn<\/td><td>Rolf. L. Temming<\/td><td>Manfred Pawlak<\/td><td>1976<\/td><\/tr><tr><td>O48<\/td><td>Das Eisenbahnwesen<\/td><td>Armengaud<\/td><td>libri rari<\/td><td>1980<\/td><\/tr><tr><td>O49<\/td><td>Vom Zauber alter Eisenbahnen<\/td><td>Edward Dolby<\/td><td>Rombach &amp; Co.<\/td><td>1980<\/td><\/tr><tr><td>O50<\/td><td>Lokomotiven und Eisenbahnen<\/td><td>Gerald Rotter<\/td><td>Kleine Herba<\/td><td>1968<\/td><\/tr><\/tbody><\/table><\/figure>\n","protected":false},"excerpt":{"rendered":"<p>D Eisenbahngeschichte allgemein OO1 Eisenbahnen der Gr\u00fcnderjahre 1851-1895 O.S. Nock Orell F\u00fcssli 1974 OO2 Eisenbahnen um die Jahrhundertwende 1895-1905 O.S. Nock Orell F\u00fcssli 1973 OO3 Eisenbahnen im Zenit 1905-1919 O.S. Nock Orell F\u00fcssli 1977 OO4 Die Bl\u00fctezeit der Dampfeisenbahn 1920-1940 O.S. Nock Orell F\u00fcssli 1972 OO5 Dampfeisenbahn an der Wende 1940-1965 O.S. Nock Orell F\u00fcssli [&hellip;]<\/p>\n","protected":false},"author":2,"featured_media":0,"parent":0,"menu_order":0,"comment_status":"closed","ping_status":"closed","template":"","meta":{"footnotes":""},"class_list":["post-2743","page","type-page","status-publish","hentry"],"yoast_head":"<!-- This site is optimized with the Yoast SEO plugin v27.4 - https:\/\/yoast.com\/product\/yoast-seo-wordpress\/ -->\n<title>Eisenbahngeschichte allgemein - EBFL<\/title>\n<meta name=\"robots\" content=\"index, follow, max-snippet:-1, max-image-preview:large, max-video-preview:-1\" \/>\n<link rel=\"canonical\" href=\"https:\/\/ebfl.at\/index.php\/eisenbahngeschichte-allgemein\/\" \/>\n<meta property=\"og:locale\" content=\"de_DE\" \/>\n<meta property=\"og:type\" content=\"article\" \/>\n<meta property=\"og:title\" content=\"Eisenbahngeschichte allgemein - EBFL\" \/>\n<meta property=\"og:description\" content=\"D Eisenbahngeschichte allgemein OO1 Eisenbahnen der Gr\u00fcnderjahre 1851-1895 O.S. Nock Orell F\u00fcssli 1974 OO2 Eisenbahnen um die Jahrhundertwende 1895-1905 O.S. Nock Orell F\u00fcssli 1973 OO3 Eisenbahnen im Zenit 1905-1919 O.S. Nock Orell F\u00fcssli 1977 OO4 Die Bl\u00fctezeit der Dampfeisenbahn 1920-1940 O.S. Nock Orell F\u00fcssli 1972 OO5 Dampfeisenbahn an der Wende 1940-1965 O.S. Nock Orell F\u00fcssli [&hellip;]\" \/>\n<meta property=\"og:url\" content=\"https:\/\/ebfl.at\/index.php\/eisenbahngeschichte-allgemein\/\" \/>\n<meta property=\"og:site_name\" content=\"EBFL\" \/>\n<meta property=\"article:publisher\" content=\"https:\/\/www.facebook.com\/pages\/category\/History-Museum\/EBFLat-301838060596265\/\" \/>\n<meta name=\"twitter:card\" content=\"summary_large_image\" \/>\n<meta name=\"twitter:label1\" content=\"Gesch\u00e4tzte Lesezeit\" \/>\n\t<meta name=\"twitter:data1\" content=\"3\u00a0Minuten\" \/>\n<script type=\"application\/ld+json\" class=\"yoast-schema-graph\">{\"@context\":\"https:\\\/\\\/schema.org\",\"@graph\":[{\"@type\":\"WebPage\",\"@id\":\"https:\\\/\\\/ebfl.at\\\/index.php\\\/eisenbahngeschichte-allgemein\\\/\",\"url\":\"https:\\\/\\\/ebfl.at\\\/index.php\\\/eisenbahngeschichte-allgemein\\\/\",\"name\":\"Eisenbahngeschichte allgemein - EBFL\",\"isPartOf\":{\"@id\":\"https:\\\/\\\/ebfl.at\\\/#website\"},\"datePublished\":\"2021-05-04T17:18:12+00:00\",\"breadcrumb\":{\"@id\":\"https:\\\/\\\/ebfl.at\\\/index.php\\\/eisenbahngeschichte-allgemein\\\/#breadcrumb\"},\"inLanguage\":\"de\",\"potentialAction\":[{\"@type\":\"ReadAction\",\"target\":[\"https:\\\/\\\/ebfl.at\\\/index.php\\\/eisenbahngeschichte-allgemein\\\/\"]}]},{\"@type\":\"BreadcrumbList\",\"@id\":\"https:\\\/\\\/ebfl.at\\\/index.php\\\/eisenbahngeschichte-allgemein\\\/#breadcrumb\",\"itemListElement\":[{\"@type\":\"ListItem\",\"position\":1,\"name\":\"Startseite\",\"item\":\"https:\\\/\\\/ebfl.at\\\/\"},{\"@type\":\"ListItem\",\"position\":2,\"name\":\"Eisenbahngeschichte allgemein\"}]},{\"@type\":\"WebSite\",\"@id\":\"https:\\\/\\\/ebfl.at\\\/#website\",\"url\":\"https:\\\/\\\/ebfl.at\\\/\",\"name\":\"EBFL Eisenbahnfreunde Lienz\",\"description\":\"Verein der Eisenbahnfreunde in Lienz\",\"publisher\":{\"@id\":\"https:\\\/\\\/ebfl.at\\\/#organization\"},\"potentialAction\":[{\"@type\":\"SearchAction\",\"target\":{\"@type\":\"EntryPoint\",\"urlTemplate\":\"https:\\\/\\\/ebfl.at\\\/?s={search_term_string}\"},\"query-input\":{\"@type\":\"PropertyValueSpecification\",\"valueRequired\":true,\"valueName\":\"search_term_string\"}}],\"inLanguage\":\"de\"},{\"@type\":\"Organization\",\"@id\":\"https:\\\/\\\/ebfl.at\\\/#organization\",\"name\":\"EBFL - Eisenbahnfreunde Lienz\",\"url\":\"https:\\\/\\\/ebfl.at\\\/\",\"logo\":{\"@type\":\"ImageObject\",\"inLanguage\":\"de\",\"@id\":\"https:\\\/\\\/ebfl.at\\\/#\\\/schema\\\/logo\\\/image\\\/\",\"url\":\"https:\\\/\\\/ebfl.at\\\/wp-content\\\/uploads\\\/2019\\\/01\\\/Eisenbahnfreunde-Lienz.jpg\",\"contentUrl\":\"https:\\\/\\\/ebfl.at\\\/wp-content\\\/uploads\\\/2019\\\/01\\\/Eisenbahnfreunde-Lienz.jpg\",\"width\":1087,\"height\":480,\"caption\":\"EBFL - Eisenbahnfreunde Lienz\"},\"image\":{\"@id\":\"https:\\\/\\\/ebfl.at\\\/#\\\/schema\\\/logo\\\/image\\\/\"},\"sameAs\":[\"https:\\\/\\\/www.facebook.com\\\/pages\\\/category\\\/History-Museum\\\/EBFLat-301838060596265\\\/\"]}]}<\/script>\n<!-- \/ Yoast SEO plugin. -->","yoast_head_json":{"title":"Eisenbahngeschichte allgemein - EBFL","robots":{"index":"index","follow":"follow","max-snippet":"max-snippet:-1","max-image-preview":"max-image-preview:large","max-video-preview":"max-video-preview:-1"},"canonical":"https:\/\/ebfl.at\/index.php\/eisenbahngeschichte-allgemein\/","og_locale":"de_DE","og_type":"article","og_title":"Eisenbahngeschichte allgemein - EBFL","og_description":"D Eisenbahngeschichte allgemein OO1 Eisenbahnen der Gr\u00fcnderjahre 1851-1895 O.S. Nock Orell F\u00fcssli 1974 OO2 Eisenbahnen um die Jahrhundertwende 1895-1905 O.S. Nock Orell F\u00fcssli 1973 OO3 Eisenbahnen im Zenit 1905-1919 O.S. Nock Orell F\u00fcssli 1977 OO4 Die Bl\u00fctezeit der Dampfeisenbahn 1920-1940 O.S. Nock Orell F\u00fcssli 1972 OO5 Dampfeisenbahn an der Wende 1940-1965 O.S. Nock Orell F\u00fcssli [&hellip;]","og_url":"https:\/\/ebfl.at\/index.php\/eisenbahngeschichte-allgemein\/","og_site_name":"EBFL","article_publisher":"https:\/\/www.facebook.com\/pages\/category\/History-Museum\/EBFLat-301838060596265\/","twitter_card":"summary_large_image","twitter_misc":{"Gesch\u00e4tzte Lesezeit":"3\u00a0Minuten"},"schema":{"@context":"https:\/\/schema.org","@graph":[{"@type":"WebPage","@id":"https:\/\/ebfl.at\/index.php\/eisenbahngeschichte-allgemein\/","url":"https:\/\/ebfl.at\/index.php\/eisenbahngeschichte-allgemein\/","name":"Eisenbahngeschichte allgemein - EBFL","isPartOf":{"@id":"https:\/\/ebfl.at\/#website"},"datePublished":"2021-05-04T17:18:12+00:00","breadcrumb":{"@id":"https:\/\/ebfl.at\/index.php\/eisenbahngeschichte-allgemein\/#breadcrumb"},"inLanguage":"de","potentialAction":[{"@type":"ReadAction","target":["https:\/\/ebfl.at\/index.php\/eisenbahngeschichte-allgemein\/"]}]},{"@type":"BreadcrumbList","@id":"https:\/\/ebfl.at\/index.php\/eisenbahngeschichte-allgemein\/#breadcrumb","itemListElement":[{"@type":"ListItem","position":1,"name":"Startseite","item":"https:\/\/ebfl.at\/"},{"@type":"ListItem","position":2,"name":"Eisenbahngeschichte allgemein"}]},{"@type":"WebSite","@id":"https:\/\/ebfl.at\/#website","url":"https:\/\/ebfl.at\/","name":"EBFL Eisenbahnfreunde Lienz","description":"Verein der Eisenbahnfreunde in Lienz","publisher":{"@id":"https:\/\/ebfl.at\/#organization"},"potentialAction":[{"@type":"SearchAction","target":{"@type":"EntryPoint","urlTemplate":"https:\/\/ebfl.at\/?s={search_term_string}"},"query-input":{"@type":"PropertyValueSpecification","valueRequired":true,"valueName":"search_term_string"}}],"inLanguage":"de"},{"@type":"Organization","@id":"https:\/\/ebfl.at\/#organization","name":"EBFL - Eisenbahnfreunde Lienz","url":"https:\/\/ebfl.at\/","logo":{"@type":"ImageObject","inLanguage":"de","@id":"https:\/\/ebfl.at\/#\/schema\/logo\/image\/","url":"https:\/\/ebfl.at\/wp-content\/uploads\/2019\/01\/Eisenbahnfreunde-Lienz.jpg","contentUrl":"https:\/\/ebfl.at\/wp-content\/uploads\/2019\/01\/Eisenbahnfreunde-Lienz.jpg","width":1087,"height":480,"caption":"EBFL - Eisenbahnfreunde Lienz"},"image":{"@id":"https:\/\/ebfl.at\/#\/schema\/logo\/image\/"},"sameAs":["https:\/\/www.facebook.com\/pages\/category\/History-Museum\/EBFLat-301838060596265\/"]}]}},"_links":{"self":[{"href":"https:\/\/ebfl.at\/index.php\/wp-json\/wp\/v2\/pages\/2743","targetHints":{"allow":["GET"]}}],"collection":[{"href":"https:\/\/ebfl.at\/index.php\/wp-json\/wp\/v2\/pages"}],"about":[{"href":"https:\/\/ebfl.at\/index.php\/wp-json\/wp\/v2\/types\/page"}],"author":[{"embeddable":true,"href":"https:\/\/ebfl.at\/index.php\/wp-json\/wp\/v2\/users\/2"}],"replies":[{"embeddable":true,"href":"https:\/\/ebfl.at\/index.php\/wp-json\/wp\/v2\/comments?post=2743"}],"version-history":[{"count":1,"href":"https:\/\/ebfl.at\/index.php\/wp-json\/wp\/v2\/pages\/2743\/revisions"}],"predecessor-version":[{"id":2744,"href":"https:\/\/ebfl.at\/index.php\/wp-json\/wp\/v2\/pages\/2743\/revisions\/2744"}],"wp:attachment":[{"href":"https:\/\/ebfl.at\/index.php\/wp-json\/wp\/v2\/media?parent=2743"}],"curies":[{"name":"wp","href":"https:\/\/api.w.org\/{rel}","templated":true}]}}