{"id":2746,"date":"2021-05-04T19:20:11","date_gmt":"2021-05-04T17:20:11","guid":{"rendered":"https:\/\/ebfl.at\/?page_id=2746"},"modified":"2021-05-04T19:20:12","modified_gmt":"2021-05-04T17:20:12","slug":"europa","status":"publish","type":"page","link":"https:\/\/ebfl.at\/index.php\/europa\/","title":{"rendered":"Europa"},"content":{"rendered":"\n<figure class=\"wp-block-table is-style-regular\"><table><tbody><tr><td><strong><\/strong><\/td><td><strong>E.1 Europa<\/strong><\/td><td><strong><\/strong><\/td><td><strong><\/strong><\/td><td><strong><\/strong><\/td><\/tr><tr><td>OO1<\/td><td>Eisenbahnen der Welt<\/td><td>David C. Lustig<\/td><td>Karl M\u00fcller<\/td><td>1990<\/td><\/tr><tr><td>OO2<\/td><td>Schnelle Z\u00fcge weltweit<\/td><td>Thomas Estler<\/td><td>transpress<\/td><td>2011<\/td><\/tr><tr><td>OO3<\/td><td>Der gro\u00dfe Atlas der Eisenbahnen<\/td><td>O.S. Nock<\/td><td>Delphin<\/td><td>1978<\/td><\/tr><tr><td>OO4<\/td><td>Die Eisenbahn auf 5 Kontinenten<\/td><td>E. Rehbein<\/td><td>Motorbuch<\/td><td>1988<\/td><\/tr><tr><td>OO5<\/td><td>Auf Schienen durch die Jahrhunderte<\/td><td>Tim Frew<\/td><td>Merit<\/td><td>1990<\/td><\/tr><tr><td>OO6<\/td><td>Eisenbahnen der Welt<\/td><td>William Wenger<\/td><td>Mondo<\/td><td>1969<\/td><\/tr><tr><td>OO7<\/td><td>Die Welt der Eisenbahn<\/td><td>Hamilton Ellis<\/td><td>Franchh<\/td><td>1972<\/td><\/tr><tr><td>OO8<\/td><td>Traumreisen\/auf den gro\u00dfen Eisenbahnrouten der Welt<\/td><td><\/td><td>RV<\/td><td><\/td><\/tr><tr><td>OO9<\/td><td>Die gro\u00dfen Eisenbahnrouten der Welt<\/td><td>Fritz St\u00f6ckl<\/td><td>Pawlak<\/td><td>1990<\/td><\/tr><tr><td>O10<\/td><td>Die gro\u00dfen Eisenbahnrouten der Welt<\/td><td>Fritz St\u00f6ckl<\/td><td>Rasch &amp; R\u00f6hring<\/td><td>1985<\/td><\/tr><tr><td>O11<\/td><td>Die Super-Eisenbahnen der Welt<\/td><td>Kosak\/Isenberg<\/td><td>Falken<\/td><td>1987<\/td><\/tr><tr><td>O12<\/td><td>Eisenbahn-Modern<\/td><td>Stockklausner<\/td><td>Ployer Wien<\/td><td>1957<\/td><\/tr><tr><td>O13<\/td><td>Eisenbahn+Kamera<\/td><td>B\u00fcsching\/Gro\u00dfe\/Wei\u00df<\/td><td>Dumjan<\/td><td>1981<\/td><\/tr><tr><td>O14<\/td><td>Eisenbahnen in Farbe<\/td><td>Hand\/Edmonson<\/td><td>S\u00fcdwest<\/td><td>1977<\/td><\/tr><tr><td>O15<\/td><td>Fotoalbum der klassischen Dampfeisenbahnen<\/td><td>Huxtable<\/td><td>Lechner<\/td><td>1991<\/td><\/tr><tr><td>O16<\/td><td>Das gro\u00dfe Krokodilbuch<\/td><td>J\u00f6rg Hajt<\/td><td>Heel<\/td><td>2002<\/td><\/tr><tr><td>O17<\/td><td>Lokomotiven\/Wissenswertes<\/td><td>Renzo Pocaterra<\/td><td>Kaiser<\/td><td>2003<\/td><\/tr><tr><td>O18<\/td><td>Elektrolokomotiven aus aller Welt<\/td><td>Ken Harris<\/td><td>Motorbuch<\/td><td>1983<\/td><\/tr><tr><td>O19<\/td><td>Ber\u00fchmte Z\u00fcge und Lokomotiven<\/td><td>Karl Grieder<\/td><td>Orell F\u00fcssli<\/td><td>1987<\/td><\/tr><tr><td>O20<\/td><td>Erlebnis Eisenbahn<\/td><td>Werner Walz<\/td><td>Motorbuch<\/td><td>1977<\/td><\/tr><tr><td>O21<\/td><td>Weite Welt des Schienenstrangs<\/td><td>K.E.Maedel<\/td><td>Franckh<\/td><td>1965<\/td><\/tr><tr><td>O22<\/td><td>Eisenbahn-Safari<\/td><td>Hans-Otto Meissner<\/td><td>Bertelsmann<\/td><td>1980<\/td><\/tr><tr><td>O23<\/td><td>Bahnh\u00f6fe im Spiegel alter Postkarten<\/td><td>Horst Werner Dumjahn<\/td><td>Olms Presse<\/td><td>1976<\/td><\/tr><tr><td>O24<\/td><td>Historische Bahnhofsbauten I<\/td><td>Manfred Berger<\/td><td>transpress<\/td><td>1980<\/td><\/tr><tr><td>O25<\/td><td>Historische Bahnhofsbauten II<\/td><td>Manfred Berger<\/td><td>transpress<\/td><td>1988<\/td><\/tr><tr><td>O26<\/td><td>Historische Bahnhofsbauten III<\/td><td>Manfred Berger<\/td><td>transpress<\/td><td>1988<\/td><\/tr><tr><td>O27<\/td><td>Bahnh\u00f6fe<\/td><td>Hamm\/Steinberg\/F\u00f6hl<\/td><td>Nicolai<\/td><td>1984<\/td><\/tr><tr><td>O28<\/td><td>Bahnh\u00f6fe Europas<\/td><td>Mih\u00e0ly Kubinsky<\/td><td>Franckh<\/td><td>1969<\/td><\/tr><tr><td>O29<\/td><td>Alles f\u00fcr die Lok<\/td><td>Wolfgang Messerschmidt<\/td><td>Franckh<\/td><td>1971<\/td><\/tr><tr><td>O30<\/td><td>Fotografierte Welt der Eisenbahn<\/td><td>Raimund Knecht<\/td><td>Internat.Wirtschaftswerbung<\/td><td>1965<\/td><\/tr><tr><td>O31<\/td><td>Gru\u00df von der Bahn\/Die Eisenbahn auf alten Postkarten<\/td><td>Werner Sonntag<\/td><td>Motorbuch<\/td><td>1978<\/td><\/tr><tr><td>O32<\/td><td>Die schnellsten Z\u00fcge<\/td><td>Jane Collins<\/td><td>Unipart Stuttgart<\/td><td>1978<\/td><\/tr><tr><td>O33<\/td><td>Eisenbahn in der Fotografie<\/td><td>Jan Kaplicky<\/td><td>Dopravy Prag<\/td><td>1974<\/td><\/tr><tr><td>O34<\/td><td>Der Bau der Eisenbahn<\/td><td>Keith Wheeler<\/td><td>Time life<\/td><td>1973<\/td><\/tr><tr><td>O35<\/td><td>Abgefahren<\/td><td>Anthony Lambert<\/td><td>transpress<\/td><td>2019<\/td><\/tr><tr><td>O36<\/td><td>Europ\u00e4ische Eisenbahnz\u00fcge<\/td><td>Fritz St\u00f6ckl<\/td><td>R\u00f6hrig Darmstadt<\/td><td>1958<\/td><\/tr><tr><td>O37<\/td><td>Die 12 besten Z\u00fcge Europas<\/td><td>Fritz St\u00f6ckl<\/td><td>Eigenverlag<\/td><td>1956<\/td><\/tr><tr><td>O38<\/td><td>Europas gro\u00dfe Bahnlinien<\/td><td>O.S. Nock<\/td><td>Orell F\u00fcssli<\/td><td>1968<\/td><\/tr><tr><td>O39<\/td><td>Alpenbahnen<\/td><td>Klaus Eckert<\/td><td>Steiger<\/td><td>2000<\/td><\/tr><tr><td>O40<\/td><td>Z\u00fcge in den Alpen<\/td><td>Knipping\/Wollny<\/td><td>transpress<\/td><td>1999<\/td><\/tr><tr><td>O41<\/td><td>Z\u00fcge der Alpen<\/td><td>Riccardo Mezzanotte<\/td><td>transpress<\/td><td>1996<\/td><\/tr><tr><td>O42<\/td><td>Die sch\u00f6nsten Eisenbahnfahrten<\/td><td>Alfred Prei\u00dfer<\/td><td>Bastei L\u00fcbbe<\/td><td>1984<\/td><\/tr><tr><td>O43<\/td><td>\u2026 von Europas Eisenbahnen<\/td><td>Wulf Schadendorf<\/td><td>Prestel M\u00fcnchen<\/td><td>1963<\/td><\/tr><tr><td>O44<\/td><td>Alte Bakannte-Neue Gesichter<\/td><td>Helmut Hartwig<\/td><td>Kehrer<\/td><td>1990<\/td><\/tr><tr><td>O45<\/td><td>Eisenbahnen-Die modernsten Z\u00fcge der Welt<\/td><td><\/td><td>Franz Schneider M\u00fcnchen<\/td><td>1955<\/td><\/tr><tr><td>O46<\/td><td>Fotoalbum Eisenbahn<\/td><td>Wilhelm Tausche<\/td><td>Franckh<\/td><td>1983<\/td><\/tr><tr><td>O47<\/td><td>Auf den Schienen der Erde<\/td><td>Erwin Berghaus<\/td><td>S\u00fcddeutscher M\u00fcnchen<\/td><td>1960<\/td><\/tr><tr><td>O48<\/td><td>Verkehrssystem Eisenbahn in aller Welt<\/td><td>Bernard de Fontgalland<\/td><td>Hestra Darmstadt<\/td><td>1980<\/td><\/tr><tr><td>O49<\/td><td>Internat. Schienenverkehr<\/td><td>Horst Obermayer<\/td><td>Franckh<\/td><td>1994<\/td><\/tr><tr><td>O50<\/td><td>Schienen-Triebfahrzeuge und Wagen aus aller Welt<\/td><td>Anton von Hornstein<\/td><td>Orell F\u00fcssli<\/td><td>1991<\/td><\/tr><tr><td>O51<\/td><td>Dampf f\u00fcr Europa West<\/td><td>G\u00fcnther Feuerei\u00dfen<\/td><td>Gondrom<\/td><td>1989<\/td><\/tr><tr><td>O52<\/td><td>Die letzten Dampflokomotiven Westeuropas<\/td><td>Ransome-Wallis<\/td><td>Orell F\u00fcssli<\/td><td>1967<\/td><\/tr><tr><td>O53<\/td><td>Die letzten Dampflokomotiven Osteuropas<\/td><td>Ransome-Wallis<\/td><td>Orell F\u00fcssli<\/td><td>1974<\/td><\/tr><tr><td>O54<\/td><td>Dampf \u00fcber Europa Ost<\/td><td>G\u00fcnther Feuerei\u00dfen<\/td><td>Gondrom<\/td><td>1989<\/td><\/tr><tr><td>O55<\/td><td>Dampflokomotiven in Mittel-u.Osteuropa<\/td><td>Harald Nav\u00e8<\/td><td>Franckh<\/td><td>1977<\/td><\/tr><tr><td>O56<\/td><td>Eisenbahnen in S\u00fcdosteuropa<\/td><td>Fritz St\u00f6ckl<\/td><td>Bohmann<\/td><td>1975<\/td><\/tr><tr><td>O57<\/td><td>Schmalspurromantik in Osteuropa<\/td><td>Helmuth Lampeitl<\/td><td>EK-Verlag<\/td><td>2003<\/td><\/tr><tr><td>O58<\/td><td>Dampf im Osten<\/td><td>Marc Dahlstr\u00f6m<\/td><td>EK-Verlag<\/td><td>1993<\/td><\/tr><tr><td>O59<\/td><td>Eisenbahnen in Finnland<\/td><td>Mikko Alameri<\/td><td>Slezak<\/td><td>1979<\/td><\/tr><tr><td>O60<\/td><td>Lokomotiven Bulgariens<\/td><td>Dimiter Dejanow<\/td><td>Slezak<\/td><td>1990<\/td><\/tr><tr><td>O61<\/td><td>Illustrierter F\u00fchrer durch Bosnien u. Herzegowina<\/td><td>Pojman\/Neufeld<\/td><td>Hartlebens Wien<\/td><td>1910<\/td><\/tr><tr><td>O62<\/td><td>Die Dampflokomotiven Jugoslawiens<\/td><td>Tadej Brat\u00e8<\/td><td>Slezak<\/td><td>1971<\/td><\/tr><tr><td>O63<\/td><td>Schmalspurbahnen in Jugoslawien<\/td><td>Alfred Horn<\/td><td>Bohmann<\/td><td>1974<\/td><\/tr><tr><td>O64<\/td><td>Geschichte der italienischen Dampflokomotiven<\/td><td>Wolfgang Messerschmidt<\/td><td>Orell F\u00fcssli<\/td><td>1968<\/td><\/tr><tr><td>O65<\/td><td>Geschichte der italienischen Elektro- u. Diesellokomotiven<\/td><td>Wolfgang Messerschmidt<\/td><td>Orell F\u00fcssli<\/td><td>1969<\/td><\/tr><tr><td>O66<\/td><td>Dampf in Italien<\/td><td>H. Rohrer<\/td><td>Orell F\u00fcssli<\/td><td>1978<\/td><\/tr><tr><td>O67<\/td><td>Mt Dampf durch Italien\/Bahn im Bild 102<\/td><td>Studer<\/td><td>Pospischil<\/td><td>1979<\/td><\/tr><tr><td>O68<\/td><td>Eisenbahnen in Italien<\/td><td>H. Rohrer<\/td><td>Orell F\u00fcssli<\/td><td>1985<\/td><\/tr><tr><td>O69<\/td><td>Direttissima Italien<\/td><td>Hardmeier\/Schneider<\/td><td>Orell F\u00fcssli<\/td><td>1989<\/td><\/tr><tr><td>O70<\/td><td>Die S`\u00f6ller-Eisenbahn: Ein Wunderwerk<\/td><td>Dalmau<\/td><td>Reserva Anticipada<\/td><td>1998<\/td><\/tr><tr><td>O71<\/td><td>Eisenbahnparadies Mallorca<\/td><td>Vetter\/Heitzmann<\/td><td>Geramond<\/td><td>2004<\/td><\/tr><tr><td>O72<\/td><td>Alte Bahnh\u00f6fe in Ungarn<\/td><td>Mih\u00e0ly Kubinsky<\/td><td>Corvina<\/td><td>1985<\/td><\/tr><tr><td>O73<\/td><td>M\u00c0V Triebfahrzeug-Album 1868-1993<\/td><td>Mezei Istv\u00e0n<\/td><td>K\u00f6zdok<\/td><td>1993<\/td><\/tr><tr><td>O74<\/td><td>Bahnh\u00f6fe in Ungarn 1846-1988<\/td><td>Kubinsky\/Gomb\u00e0r<\/td><td>Ungar. Staatsbahn<\/td><td>1989<\/td><\/tr><tr><td>O75<\/td><td>Dampf in der Puszta<\/td><td>Mih\u00e0ly Kubinsky<\/td><td>Slezak<\/td><td>1978<\/td><\/tr><tr><td>O76<\/td><td>150 Jahre Feier der ungar. Eisenbahn<\/td><td>Gy\u00f6rgy\/Ferenc\/Ferenc<\/td><td>M\u00c0V Rt.<\/td><td>1996<\/td><\/tr><tr><td>O77<\/td><td>Ungarische Lokomotiven<\/td><td>Mih\u00e0ly Kubinsky<\/td><td>Akad\u00e8miai Budapest<\/td><td>1975<\/td><\/tr><tr><td>O78<\/td><td>Eisenbahnen im Sudentenland<\/td><td>Bufe\/Schr\u00f6pfer<\/td><td>EK-Verlag<\/td><td>1975<\/td><\/tr><tr><td>O79<\/td><td>Dampflokomotiven in England<\/td><td>Freeman Allen<\/td><td>Franckh<\/td><td>1977<\/td><\/tr><tr><td>O80<\/td><td>Turkish Steam<\/td><td>Schnell\/Schweim<\/td><td>Eisenbahn<\/td><td>1976<\/td><\/tr><tr><td>O81<\/td><td>Dampf unterm Halbmond<\/td><td>Bickel\/Koch\/Schmidt<\/td><td>R\u00f6hr-Verlag<\/td><td>1987<\/td><\/tr><tr><td>O82<\/td><td>Die Cevennenbahn<\/td><td>Rudolf W. Butz<\/td><td>Ott Thun<\/td><td>1987<\/td><\/tr><tr><td>O83<\/td><td>Die Eisenbahnen in Frankreich<\/td><td>Franz\u00f6sische Eisenbahnen<\/td><td>Eigenverlag<\/td><td>1966<\/td><\/tr><tr><td>O84<\/td><td>Dampflokomotiven in Frankreich<\/td><td>Yves Broncard<\/td><td>Franckh<\/td><td>1979<\/td><\/tr><tr><td>O85<\/td><td>Dampfbahnen in Polen<\/td><td>Court\/Schmidt<\/td><td>transpress<\/td><td>1991<\/td><\/tr><tr><td>O86<\/td><td>Die Eisenbahnen der Erde\/Band I\/Grossbritannien<\/td><td>Fritz St\u00f6ckl<\/td><td>Ployer Wien<\/td><td>1961<\/td><\/tr><tr><td>O87<\/td><td>Die Eisenbahnen der Erde\/Band II\/Frankreich<\/td><td>Fritz St\u00f6ckl<\/td><td>Ployer Wien<\/td><td>1961<\/td><\/tr><tr><td>O88<\/td><td>Die Eisenbahnen der Erde\/Band III\/Spanien<\/td><td>Fritz St\u00f6ckl<\/td><td>Ployer Wien<\/td><td>1962<\/td><\/tr><tr><td>O89<\/td><td>Die Eisenbahnen der Erde\/Band IV\/Skandinavien<\/td><td>Fritz St\u00f6ckl<\/td><td>Ployer Wien<\/td><td>1963<\/td><\/tr><tr><td>O90<\/td><td>Franz\u00f6sische Dampflokomotiven des 20. Jhd<\/td><td>H.C. Rogers<\/td><td>Franckh<\/td><td>1974<\/td><\/tr><tr><td>O91<\/td><td>Dampfimpressionen<\/td><td>Heinz Sigg<\/td><td>Orell F\u00fcssli<\/td><td>1982<\/td><\/tr><tr><td>O92<\/td><td>Frankreichs letzte Dampflokomotiven<\/td><td>H. Bosshard<\/td><td>Orell F\u00fcssli<\/td><td>1973<\/td><\/tr><tr><td>O93<\/td><td>Dampftriebwagen Gep\u00e4cklokomotiven<\/td><td>Alfred Horn<\/td><td>Bohmann<\/td><td>1972<\/td><\/tr><tr><td>O94<\/td><td>Eisenbahnen der Welt\/Mitteleuropa<\/td><td>Toroja\/Gohl<\/td><td>Er-Verlag<\/td><td>1991<\/td><\/tr><tr><td>O95<\/td><td>Englische Dampflokomotiven<\/td><td>O.S. Nock<\/td><td>Orell F\u00fcssli<\/td><td>1964<\/td><\/tr><tr><td>O96<\/td><td>G\u00fcterzug-Lokomotiven<\/td><td>Wolfgang Messerschmidt<\/td><td>Motorbuch<\/td><td>1992<\/td><\/tr><tr><td>O97<\/td><td>CSD-Dampflokomotiven\/Teil I<\/td><td>Helmut Griebl<\/td><td>Slezak<\/td><td>1969<\/td><\/tr><tr><td>O98<\/td><td>CSD-Dampflokomotiven\/Teil II<\/td><td>Helmut Griebl<\/td><td>Slezak<\/td><td>1969<\/td><\/tr><tr><td>O99<\/td><td>Liliputbahnen in Parks und G\u00e4rten<\/td><td>Gerhard u. Ursula Arndt<\/td><td>transpress<\/td><td>1998<\/td><\/tr><tr><td>100<\/td><td>Adieu Dampflok<\/td><td>Hartmann<\/td><td>Franckh<\/td><td>1966<\/td><\/tr><\/tbody><\/table><\/figure>\n","protected":false},"excerpt":{"rendered":"<p>E.1 Europa OO1 Eisenbahnen der Welt David C. Lustig Karl M\u00fcller 1990 OO2 Schnelle Z\u00fcge weltweit Thomas Estler transpress 2011 OO3 Der gro\u00dfe Atlas der Eisenbahnen O.S. Nock Delphin 1978 OO4 Die Eisenbahn auf 5 Kontinenten E. Rehbein Motorbuch 1988 OO5 Auf Schienen durch die Jahrhunderte Tim Frew Merit 1990 OO6 Eisenbahnen der Welt William [&hellip;]<\/p>\n","protected":false},"author":2,"featured_media":0,"parent":0,"menu_order":0,"comment_status":"closed","ping_status":"closed","template":"","meta":{"footnotes":""},"class_list":["post-2746","page","type-page","status-publish","hentry"],"yoast_head":"<!-- This site is optimized with the Yoast SEO plugin v27.4 - https:\/\/yoast.com\/product\/yoast-seo-wordpress\/ -->\n<title>Europa - EBFL<\/title>\n<meta name=\"robots\" content=\"index, follow, max-snippet:-1, max-image-preview:large, max-video-preview:-1\" \/>\n<link rel=\"canonical\" href=\"https:\/\/ebfl.at\/index.php\/europa\/\" \/>\n<meta property=\"og:locale\" content=\"de_DE\" \/>\n<meta property=\"og:type\" content=\"article\" \/>\n<meta property=\"og:title\" content=\"Europa - EBFL\" \/>\n<meta property=\"og:description\" content=\"E.1 Europa OO1 Eisenbahnen der Welt David C. Lustig Karl M\u00fcller 1990 OO2 Schnelle Z\u00fcge weltweit Thomas Estler transpress 2011 OO3 Der gro\u00dfe Atlas der Eisenbahnen O.S. Nock Delphin 1978 OO4 Die Eisenbahn auf 5 Kontinenten E. Rehbein Motorbuch 1988 OO5 Auf Schienen durch die Jahrhunderte Tim Frew Merit 1990 OO6 Eisenbahnen der Welt William [&hellip;]\" \/>\n<meta property=\"og:url\" content=\"https:\/\/ebfl.at\/index.php\/europa\/\" \/>\n<meta property=\"og:site_name\" content=\"EBFL\" \/>\n<meta property=\"article:publisher\" content=\"https:\/\/www.facebook.com\/pages\/category\/History-Museum\/EBFLat-301838060596265\/\" \/>\n<meta property=\"article:modified_time\" content=\"2021-05-04T17:20:12+00:00\" \/>\n<meta name=\"twitter:card\" content=\"summary_large_image\" \/>\n<meta name=\"twitter:label1\" content=\"Gesch\u00e4tzte Lesezeit\" \/>\n\t<meta name=\"twitter:data1\" content=\"4\u00a0Minuten\" \/>\n<script type=\"application\/ld+json\" class=\"yoast-schema-graph\">{\"@context\":\"https:\\\/\\\/schema.org\",\"@graph\":[{\"@type\":\"WebPage\",\"@id\":\"https:\\\/\\\/ebfl.at\\\/index.php\\\/europa\\\/\",\"url\":\"https:\\\/\\\/ebfl.at\\\/index.php\\\/europa\\\/\",\"name\":\"Europa - EBFL\",\"isPartOf\":{\"@id\":\"https:\\\/\\\/ebfl.at\\\/#website\"},\"datePublished\":\"2021-05-04T17:20:11+00:00\",\"dateModified\":\"2021-05-04T17:20:12+00:00\",\"breadcrumb\":{\"@id\":\"https:\\\/\\\/ebfl.at\\\/index.php\\\/europa\\\/#breadcrumb\"},\"inLanguage\":\"de\",\"potentialAction\":[{\"@type\":\"ReadAction\",\"target\":[\"https:\\\/\\\/ebfl.at\\\/index.php\\\/europa\\\/\"]}]},{\"@type\":\"BreadcrumbList\",\"@id\":\"https:\\\/\\\/ebfl.at\\\/index.php\\\/europa\\\/#breadcrumb\",\"itemListElement\":[{\"@type\":\"ListItem\",\"position\":1,\"name\":\"Startseite\",\"item\":\"https:\\\/\\\/ebfl.at\\\/\"},{\"@type\":\"ListItem\",\"position\":2,\"name\":\"Europa\"}]},{\"@type\":\"WebSite\",\"@id\":\"https:\\\/\\\/ebfl.at\\\/#website\",\"url\":\"https:\\\/\\\/ebfl.at\\\/\",\"name\":\"EBFL Eisenbahnfreunde Lienz\",\"description\":\"Verein der Eisenbahnfreunde in Lienz\",\"publisher\":{\"@id\":\"https:\\\/\\\/ebfl.at\\\/#organization\"},\"potentialAction\":[{\"@type\":\"SearchAction\",\"target\":{\"@type\":\"EntryPoint\",\"urlTemplate\":\"https:\\\/\\\/ebfl.at\\\/?s={search_term_string}\"},\"query-input\":{\"@type\":\"PropertyValueSpecification\",\"valueRequired\":true,\"valueName\":\"search_term_string\"}}],\"inLanguage\":\"de\"},{\"@type\":\"Organization\",\"@id\":\"https:\\\/\\\/ebfl.at\\\/#organization\",\"name\":\"EBFL - Eisenbahnfreunde Lienz\",\"url\":\"https:\\\/\\\/ebfl.at\\\/\",\"logo\":{\"@type\":\"ImageObject\",\"inLanguage\":\"de\",\"@id\":\"https:\\\/\\\/ebfl.at\\\/#\\\/schema\\\/logo\\\/image\\\/\",\"url\":\"https:\\\/\\\/ebfl.at\\\/wp-content\\\/uploads\\\/2019\\\/01\\\/Eisenbahnfreunde-Lienz.jpg\",\"contentUrl\":\"https:\\\/\\\/ebfl.at\\\/wp-content\\\/uploads\\\/2019\\\/01\\\/Eisenbahnfreunde-Lienz.jpg\",\"width\":1087,\"height\":480,\"caption\":\"EBFL - Eisenbahnfreunde Lienz\"},\"image\":{\"@id\":\"https:\\\/\\\/ebfl.at\\\/#\\\/schema\\\/logo\\\/image\\\/\"},\"sameAs\":[\"https:\\\/\\\/www.facebook.com\\\/pages\\\/category\\\/History-Museum\\\/EBFLat-301838060596265\\\/\"]}]}<\/script>\n<!-- \/ Yoast SEO plugin. -->","yoast_head_json":{"title":"Europa - EBFL","robots":{"index":"index","follow":"follow","max-snippet":"max-snippet:-1","max-image-preview":"max-image-preview:large","max-video-preview":"max-video-preview:-1"},"canonical":"https:\/\/ebfl.at\/index.php\/europa\/","og_locale":"de_DE","og_type":"article","og_title":"Europa - EBFL","og_description":"E.1 Europa OO1 Eisenbahnen der Welt David C. Lustig Karl M\u00fcller 1990 OO2 Schnelle Z\u00fcge weltweit Thomas Estler transpress 2011 OO3 Der gro\u00dfe Atlas der Eisenbahnen O.S. Nock Delphin 1978 OO4 Die Eisenbahn auf 5 Kontinenten E. Rehbein Motorbuch 1988 OO5 Auf Schienen durch die Jahrhunderte Tim Frew Merit 1990 OO6 Eisenbahnen der Welt William [&hellip;]","og_url":"https:\/\/ebfl.at\/index.php\/europa\/","og_site_name":"EBFL","article_publisher":"https:\/\/www.facebook.com\/pages\/category\/History-Museum\/EBFLat-301838060596265\/","article_modified_time":"2021-05-04T17:20:12+00:00","twitter_card":"summary_large_image","twitter_misc":{"Gesch\u00e4tzte Lesezeit":"4\u00a0Minuten"},"schema":{"@context":"https:\/\/schema.org","@graph":[{"@type":"WebPage","@id":"https:\/\/ebfl.at\/index.php\/europa\/","url":"https:\/\/ebfl.at\/index.php\/europa\/","name":"Europa - EBFL","isPartOf":{"@id":"https:\/\/ebfl.at\/#website"},"datePublished":"2021-05-04T17:20:11+00:00","dateModified":"2021-05-04T17:20:12+00:00","breadcrumb":{"@id":"https:\/\/ebfl.at\/index.php\/europa\/#breadcrumb"},"inLanguage":"de","potentialAction":[{"@type":"ReadAction","target":["https:\/\/ebfl.at\/index.php\/europa\/"]}]},{"@type":"BreadcrumbList","@id":"https:\/\/ebfl.at\/index.php\/europa\/#breadcrumb","itemListElement":[{"@type":"ListItem","position":1,"name":"Startseite","item":"https:\/\/ebfl.at\/"},{"@type":"ListItem","position":2,"name":"Europa"}]},{"@type":"WebSite","@id":"https:\/\/ebfl.at\/#website","url":"https:\/\/ebfl.at\/","name":"EBFL Eisenbahnfreunde Lienz","description":"Verein der Eisenbahnfreunde in Lienz","publisher":{"@id":"https:\/\/ebfl.at\/#organization"},"potentialAction":[{"@type":"SearchAction","target":{"@type":"EntryPoint","urlTemplate":"https:\/\/ebfl.at\/?s={search_term_string}"},"query-input":{"@type":"PropertyValueSpecification","valueRequired":true,"valueName":"search_term_string"}}],"inLanguage":"de"},{"@type":"Organization","@id":"https:\/\/ebfl.at\/#organization","name":"EBFL - Eisenbahnfreunde Lienz","url":"https:\/\/ebfl.at\/","logo":{"@type":"ImageObject","inLanguage":"de","@id":"https:\/\/ebfl.at\/#\/schema\/logo\/image\/","url":"https:\/\/ebfl.at\/wp-content\/uploads\/2019\/01\/Eisenbahnfreunde-Lienz.jpg","contentUrl":"https:\/\/ebfl.at\/wp-content\/uploads\/2019\/01\/Eisenbahnfreunde-Lienz.jpg","width":1087,"height":480,"caption":"EBFL - Eisenbahnfreunde Lienz"},"image":{"@id":"https:\/\/ebfl.at\/#\/schema\/logo\/image\/"},"sameAs":["https:\/\/www.facebook.com\/pages\/category\/History-Museum\/EBFLat-301838060596265\/"]}]}},"_links":{"self":[{"href":"https:\/\/ebfl.at\/index.php\/wp-json\/wp\/v2\/pages\/2746","targetHints":{"allow":["GET"]}}],"collection":[{"href":"https:\/\/ebfl.at\/index.php\/wp-json\/wp\/v2\/pages"}],"about":[{"href":"https:\/\/ebfl.at\/index.php\/wp-json\/wp\/v2\/types\/page"}],"author":[{"embeddable":true,"href":"https:\/\/ebfl.at\/index.php\/wp-json\/wp\/v2\/users\/2"}],"replies":[{"embeddable":true,"href":"https:\/\/ebfl.at\/index.php\/wp-json\/wp\/v2\/comments?post=2746"}],"version-history":[{"count":1,"href":"https:\/\/ebfl.at\/index.php\/wp-json\/wp\/v2\/pages\/2746\/revisions"}],"predecessor-version":[{"id":2747,"href":"https:\/\/ebfl.at\/index.php\/wp-json\/wp\/v2\/pages\/2746\/revisions\/2747"}],"wp:attachment":[{"href":"https:\/\/ebfl.at\/index.php\/wp-json\/wp\/v2\/media?parent=2746"}],"curies":[{"name":"wp","href":"https:\/\/api.w.org\/{rel}","templated":true}]}}