{"id":2749,"date":"2021-05-04T19:21:26","date_gmt":"2021-05-04T17:21:26","guid":{"rendered":"https:\/\/ebfl.at\/?page_id=2749"},"modified":"2021-05-04T19:21:27","modified_gmt":"2021-05-04T17:21:27","slug":"russland","status":"publish","type":"page","link":"https:\/\/ebfl.at\/index.php\/russland\/","title":{"rendered":"Russland"},"content":{"rendered":"\n<figure class=\"wp-block-table is-style-regular\"><table><tbody><tr><td><strong><\/strong><\/td><td><strong>E.2 Russland<\/strong><\/td><td><strong><\/strong><\/td><td><strong><\/strong><\/td><td><strong><\/strong><\/td><\/tr><tr><td>OO1<\/td><td>Transsibirische Eisenbahn<\/td><td>Th\u00f6ns\/Schmid<\/td><td>Weltbild<\/td><td>2006<\/td><\/tr><tr><td>OO2<\/td><td>Die Transsibirische Eisenbahn Moskau -Wladiwostok<\/td><td>Petra Woebke<\/td><td>terra magica<\/td><td>2003<\/td><\/tr><tr><td>OO3<\/td><td>Die Transsibirische Bahn<\/td><td>de Cars\/Caracalla<\/td><td>Orell F\u00fcssli<\/td><td>1987<\/td><\/tr><tr><td>OO4<\/td><td>Sibirien<\/td><td>Fred Mayer<\/td><td>Orell F\u00fcssli<\/td><td>1983<\/td><\/tr><tr><td>OO5<\/td><td>Trans Sibirien Auf der l\u00e4ngsten Bahn der Welt<\/td><td>Enzo Pifferi<\/td><td>Orell F\u00fcssli<\/td><td>1982<\/td><\/tr><tr><td>OO6<\/td><td>Trans Sibirien Auf der l\u00e4ngsten Bahn der Welt<\/td><td>Enzo Pifferi<\/td><td>Weltbild<\/td><td>1996<\/td><\/tr><tr><td>OO7<\/td><td>Die Transsibirische Eisenbahn<\/td><td>Poulsen\/Kuranow<\/td><td>Frank Stenvall Malm\u00f6<\/td><td>1986<\/td><\/tr><tr><td>OO8<\/td><td>Moskau-Leningrad<\/td><td>Rodowski\/Sawoskin\/Gutin<\/td><td>Desertina CH-Disentis<\/td><td>1985<\/td><\/tr><tr><td>OO9<\/td><td>Das Eisenbahnwesen der UdSSR\/Schlagader einer Nation<\/td><td>Joachim Petersen<\/td><td>R\u00f6sler+Zimmer Augsburg<\/td><td><\/td><\/tr><tr><td>O10<\/td><td>Russische u. sowietische Dampflokomotiven<\/td><td>W.A. Rakow<\/td><td>transpress<\/td><td>1986<\/td><\/tr><tr><td>O11<\/td><td>Reisen mit der Transsib<\/td><td>Doris Knop<\/td><td>Eigenverlag Bremen<\/td><td>1986<\/td><\/tr><tr><td>O12<\/td><td>Breite Spur und weite Strecken<\/td><td>Slezak<\/td><td>Slezak<\/td><td>1962<\/td><\/tr><tr><td>O13<\/td><td>Geschichte der russischen Eisenbahn<\/td><td>J.N. Westwood<\/td><td>Orell F\u00fcssli<\/td><td>1964<\/td><\/tr><\/tbody><\/table><\/figure>\n","protected":false},"excerpt":{"rendered":"<p>E.2 Russland OO1 Transsibirische Eisenbahn Th\u00f6ns\/Schmid Weltbild 2006 OO2 Die Transsibirische Eisenbahn Moskau -Wladiwostok Petra Woebke terra magica 2003 OO3 Die Transsibirische Bahn de Cars\/Caracalla Orell F\u00fcssli 1987 OO4 Sibirien Fred Mayer Orell F\u00fcssli 1983 OO5 Trans Sibirien Auf der l\u00e4ngsten Bahn der Welt Enzo Pifferi Orell F\u00fcssli 1982 OO6 Trans Sibirien Auf der l\u00e4ngsten [&hellip;]<\/p>\n","protected":false},"author":2,"featured_media":0,"parent":0,"menu_order":0,"comment_status":"closed","ping_status":"closed","template":"","meta":{"footnotes":""},"class_list":["post-2749","page","type-page","status-publish","hentry"],"yoast_head":"<!-- This site is optimized with the Yoast SEO plugin v27.4 - https:\/\/yoast.com\/product\/yoast-seo-wordpress\/ -->\n<title>Russland - EBFL<\/title>\n<meta name=\"robots\" content=\"index, follow, max-snippet:-1, max-image-preview:large, max-video-preview:-1\" \/>\n<link rel=\"canonical\" href=\"https:\/\/ebfl.at\/index.php\/russland\/\" \/>\n<meta property=\"og:locale\" content=\"de_DE\" \/>\n<meta property=\"og:type\" content=\"article\" \/>\n<meta property=\"og:title\" content=\"Russland - EBFL\" \/>\n<meta property=\"og:description\" content=\"E.2 Russland OO1 Transsibirische Eisenbahn Th\u00f6ns\/Schmid Weltbild 2006 OO2 Die Transsibirische Eisenbahn Moskau -Wladiwostok Petra Woebke terra magica 2003 OO3 Die Transsibirische Bahn de Cars\/Caracalla Orell F\u00fcssli 1987 OO4 Sibirien Fred Mayer Orell F\u00fcssli 1983 OO5 Trans Sibirien Auf der l\u00e4ngsten Bahn der Welt Enzo Pifferi Orell F\u00fcssli 1982 OO6 Trans Sibirien Auf der l\u00e4ngsten [&hellip;]\" \/>\n<meta property=\"og:url\" content=\"https:\/\/ebfl.at\/index.php\/russland\/\" \/>\n<meta property=\"og:site_name\" content=\"EBFL\" \/>\n<meta property=\"article:publisher\" content=\"https:\/\/www.facebook.com\/pages\/category\/History-Museum\/EBFLat-301838060596265\/\" \/>\n<meta property=\"article:modified_time\" content=\"2021-05-04T17:21:27+00:00\" \/>\n<meta name=\"twitter:card\" content=\"summary_large_image\" \/>\n<meta name=\"twitter:label1\" content=\"Gesch\u00e4tzte Lesezeit\" \/>\n\t<meta name=\"twitter:data1\" content=\"1\u00a0Minute\" \/>\n<script type=\"application\/ld+json\" class=\"yoast-schema-graph\">{\"@context\":\"https:\\\/\\\/schema.org\",\"@graph\":[{\"@type\":\"WebPage\",\"@id\":\"https:\\\/\\\/ebfl.at\\\/index.php\\\/russland\\\/\",\"url\":\"https:\\\/\\\/ebfl.at\\\/index.php\\\/russland\\\/\",\"name\":\"Russland - EBFL\",\"isPartOf\":{\"@id\":\"https:\\\/\\\/ebfl.at\\\/#website\"},\"datePublished\":\"2021-05-04T17:21:26+00:00\",\"dateModified\":\"2021-05-04T17:21:27+00:00\",\"breadcrumb\":{\"@id\":\"https:\\\/\\\/ebfl.at\\\/index.php\\\/russland\\\/#breadcrumb\"},\"inLanguage\":\"de\",\"potentialAction\":[{\"@type\":\"ReadAction\",\"target\":[\"https:\\\/\\\/ebfl.at\\\/index.php\\\/russland\\\/\"]}]},{\"@type\":\"BreadcrumbList\",\"@id\":\"https:\\\/\\\/ebfl.at\\\/index.php\\\/russland\\\/#breadcrumb\",\"itemListElement\":[{\"@type\":\"ListItem\",\"position\":1,\"name\":\"Startseite\",\"item\":\"https:\\\/\\\/ebfl.at\\\/\"},{\"@type\":\"ListItem\",\"position\":2,\"name\":\"Russland\"}]},{\"@type\":\"WebSite\",\"@id\":\"https:\\\/\\\/ebfl.at\\\/#website\",\"url\":\"https:\\\/\\\/ebfl.at\\\/\",\"name\":\"EBFL Eisenbahnfreunde Lienz\",\"description\":\"Verein der Eisenbahnfreunde in Lienz\",\"publisher\":{\"@id\":\"https:\\\/\\\/ebfl.at\\\/#organization\"},\"potentialAction\":[{\"@type\":\"SearchAction\",\"target\":{\"@type\":\"EntryPoint\",\"urlTemplate\":\"https:\\\/\\\/ebfl.at\\\/?s={search_term_string}\"},\"query-input\":{\"@type\":\"PropertyValueSpecification\",\"valueRequired\":true,\"valueName\":\"search_term_string\"}}],\"inLanguage\":\"de\"},{\"@type\":\"Organization\",\"@id\":\"https:\\\/\\\/ebfl.at\\\/#organization\",\"name\":\"EBFL - Eisenbahnfreunde Lienz\",\"url\":\"https:\\\/\\\/ebfl.at\\\/\",\"logo\":{\"@type\":\"ImageObject\",\"inLanguage\":\"de\",\"@id\":\"https:\\\/\\\/ebfl.at\\\/#\\\/schema\\\/logo\\\/image\\\/\",\"url\":\"https:\\\/\\\/ebfl.at\\\/wp-content\\\/uploads\\\/2019\\\/01\\\/Eisenbahnfreunde-Lienz.jpg\",\"contentUrl\":\"https:\\\/\\\/ebfl.at\\\/wp-content\\\/uploads\\\/2019\\\/01\\\/Eisenbahnfreunde-Lienz.jpg\",\"width\":1087,\"height\":480,\"caption\":\"EBFL - Eisenbahnfreunde Lienz\"},\"image\":{\"@id\":\"https:\\\/\\\/ebfl.at\\\/#\\\/schema\\\/logo\\\/image\\\/\"},\"sameAs\":[\"https:\\\/\\\/www.facebook.com\\\/pages\\\/category\\\/History-Museum\\\/EBFLat-301838060596265\\\/\"]}]}<\/script>\n<!-- \/ Yoast SEO plugin. -->","yoast_head_json":{"title":"Russland - EBFL","robots":{"index":"index","follow":"follow","max-snippet":"max-snippet:-1","max-image-preview":"max-image-preview:large","max-video-preview":"max-video-preview:-1"},"canonical":"https:\/\/ebfl.at\/index.php\/russland\/","og_locale":"de_DE","og_type":"article","og_title":"Russland - EBFL","og_description":"E.2 Russland OO1 Transsibirische Eisenbahn Th\u00f6ns\/Schmid Weltbild 2006 OO2 Die Transsibirische Eisenbahn Moskau -Wladiwostok Petra Woebke terra magica 2003 OO3 Die Transsibirische Bahn de Cars\/Caracalla Orell F\u00fcssli 1987 OO4 Sibirien Fred Mayer Orell F\u00fcssli 1983 OO5 Trans Sibirien Auf der l\u00e4ngsten Bahn der Welt Enzo Pifferi Orell F\u00fcssli 1982 OO6 Trans Sibirien Auf der l\u00e4ngsten [&hellip;]","og_url":"https:\/\/ebfl.at\/index.php\/russland\/","og_site_name":"EBFL","article_publisher":"https:\/\/www.facebook.com\/pages\/category\/History-Museum\/EBFLat-301838060596265\/","article_modified_time":"2021-05-04T17:21:27+00:00","twitter_card":"summary_large_image","twitter_misc":{"Gesch\u00e4tzte Lesezeit":"1\u00a0Minute"},"schema":{"@context":"https:\/\/schema.org","@graph":[{"@type":"WebPage","@id":"https:\/\/ebfl.at\/index.php\/russland\/","url":"https:\/\/ebfl.at\/index.php\/russland\/","name":"Russland - EBFL","isPartOf":{"@id":"https:\/\/ebfl.at\/#website"},"datePublished":"2021-05-04T17:21:26+00:00","dateModified":"2021-05-04T17:21:27+00:00","breadcrumb":{"@id":"https:\/\/ebfl.at\/index.php\/russland\/#breadcrumb"},"inLanguage":"de","potentialAction":[{"@type":"ReadAction","target":["https:\/\/ebfl.at\/index.php\/russland\/"]}]},{"@type":"BreadcrumbList","@id":"https:\/\/ebfl.at\/index.php\/russland\/#breadcrumb","itemListElement":[{"@type":"ListItem","position":1,"name":"Startseite","item":"https:\/\/ebfl.at\/"},{"@type":"ListItem","position":2,"name":"Russland"}]},{"@type":"WebSite","@id":"https:\/\/ebfl.at\/#website","url":"https:\/\/ebfl.at\/","name":"EBFL Eisenbahnfreunde Lienz","description":"Verein der Eisenbahnfreunde in Lienz","publisher":{"@id":"https:\/\/ebfl.at\/#organization"},"potentialAction":[{"@type":"SearchAction","target":{"@type":"EntryPoint","urlTemplate":"https:\/\/ebfl.at\/?s={search_term_string}"},"query-input":{"@type":"PropertyValueSpecification","valueRequired":true,"valueName":"search_term_string"}}],"inLanguage":"de"},{"@type":"Organization","@id":"https:\/\/ebfl.at\/#organization","name":"EBFL - Eisenbahnfreunde Lienz","url":"https:\/\/ebfl.at\/","logo":{"@type":"ImageObject","inLanguage":"de","@id":"https:\/\/ebfl.at\/#\/schema\/logo\/image\/","url":"https:\/\/ebfl.at\/wp-content\/uploads\/2019\/01\/Eisenbahnfreunde-Lienz.jpg","contentUrl":"https:\/\/ebfl.at\/wp-content\/uploads\/2019\/01\/Eisenbahnfreunde-Lienz.jpg","width":1087,"height":480,"caption":"EBFL - Eisenbahnfreunde Lienz"},"image":{"@id":"https:\/\/ebfl.at\/#\/schema\/logo\/image\/"},"sameAs":["https:\/\/www.facebook.com\/pages\/category\/History-Museum\/EBFLat-301838060596265\/"]}]}},"_links":{"self":[{"href":"https:\/\/ebfl.at\/index.php\/wp-json\/wp\/v2\/pages\/2749","targetHints":{"allow":["GET"]}}],"collection":[{"href":"https:\/\/ebfl.at\/index.php\/wp-json\/wp\/v2\/pages"}],"about":[{"href":"https:\/\/ebfl.at\/index.php\/wp-json\/wp\/v2\/types\/page"}],"author":[{"embeddable":true,"href":"https:\/\/ebfl.at\/index.php\/wp-json\/wp\/v2\/users\/2"}],"replies":[{"embeddable":true,"href":"https:\/\/ebfl.at\/index.php\/wp-json\/wp\/v2\/comments?post=2749"}],"version-history":[{"count":1,"href":"https:\/\/ebfl.at\/index.php\/wp-json\/wp\/v2\/pages\/2749\/revisions"}],"predecessor-version":[{"id":2750,"href":"https:\/\/ebfl.at\/index.php\/wp-json\/wp\/v2\/pages\/2749\/revisions\/2750"}],"wp:attachment":[{"href":"https:\/\/ebfl.at\/index.php\/wp-json\/wp\/v2\/media?parent=2749"}],"curies":[{"name":"wp","href":"https:\/\/api.w.org\/{rel}","templated":true}]}}