{"id":2758,"date":"2021-05-04T19:26:56","date_gmt":"2021-05-04T17:26:56","guid":{"rendered":"https:\/\/ebfl.at\/?page_id=2758"},"modified":"2021-05-04T19:26:57","modified_gmt":"2021-05-04T17:26:57","slug":"asien","status":"publish","type":"page","link":"https:\/\/ebfl.at\/index.php\/asien\/","title":{"rendered":"Asien"},"content":{"rendered":"\n<figure class=\"wp-block-table is-style-regular\"><table><tbody><tr><td><\/td><td><strong>E.5 Asien<\/strong><\/td><td><\/td><td><\/td><td><\/td><\/tr><tr><td>OO1<\/td><td>Maos st\u00e4hlerne Transportlinien<\/td><td>Joachim Petersen<\/td><td>R\u00f6sler+Zimmer Verlag Augsburg<\/td><td>1977<\/td><\/tr><tr><td>OO2<\/td><td>China auf Schienen<\/td><td>Patrick u. Maggy Whitehouse<\/td><td>Orell F\u00fcssli<\/td><td>1989<\/td><\/tr><tr><td>OO3<\/td><td>Die Lokomotiven der chinesischen Eisenbahnen<\/td><td>Zhou Xiaobiao<\/td><td>Birkh\u00e4user<\/td><td>1987<\/td><\/tr><tr><td>OO4<\/td><td>Chinas Dampfz\u00fcge<\/td><td>Heinz Sigg<\/td><td>Wiese Verlag<\/td><td>1989<\/td><\/tr><tr><td>OO5<\/td><td>Dem Volke dienen<\/td><td>Florian Schmidt<\/td><td>R\u00f6hr<\/td><td>1988<\/td><\/tr><tr><td>OO6<\/td><td>Die Eisenbahn in China<\/td><td>Joachim Petersen<\/td><td>Motorbuch Verlag Stuttgart<\/td><td>1983<\/td><\/tr><tr><td>OO7<\/td><td>Tokyo\/Bahnen im Gro\u00dfraum<\/td><td><\/td><td><\/td><td><\/td><\/tr><tr><td>OO8<\/td><td>Japa n\/El+Diesellok<\/td><td><\/td><td><\/td><td><\/td><\/tr><tr><td>OO9<\/td><td>Japan\/Dampflok in Farbe<\/td><td><\/td><td><\/td><td><\/td><\/tr><tr><td>O10<\/td><td>Die Bagdadbahn<\/td><td>Reinhard H\u00fcber<\/td><td>Junker u. D\u00fcnhaupt Berlin<\/td><td>1943<\/td><\/tr><tr><td>O11<\/td><td>Bagdadbahn 1893<\/td><td>Walter Persich<\/td><td>Schaffer Berlin<\/td><td>1941<\/td><\/tr><tr><td>O12<\/td><td>Expressz\u00fcge im Vorderen Orient<\/td><td>Werner S\u00f6lch<\/td><td>alba<\/td><td>1989<\/td><\/tr><tr><td>O13<\/td><td>Jules Verne`s Express<\/td><td>Werner S\u00f6lch<\/td><td>alba<\/td><td>1980<\/td><\/tr><tr><td>O14<\/td><td>Malaysia Express<\/td><td>Anita Kre\u00df-Zorn<\/td><td>Pietsch<\/td><td>1990<\/td><\/tr><tr><td>O15<\/td><td>Indien\/Ein Kaiserreich f\u00fcr die Bahnen<\/td><td>Paul.C.Pet<\/td><td>Orell F\u00fcssli<\/td><td>1985<\/td><\/tr><tr><td>O16<\/td><td>Dampferlebnis Asien<\/td><td>Schmidt\/Seiler\/Basler<\/td><td>Eisenbahn Kurier<\/td><td>1998<\/td><\/tr><tr><td>O17<\/td><td>Dampf \u00fcber Asien<\/td><td>G\u00fcnther Feuerei\u00dfen<\/td><td>Gondrom<\/td><td>1989<\/td><\/tr><tr><td>O18<\/td><td>Dampf \u00fcber Australien und Neuseeland<\/td><td>G\u00fcnter Oczko\/Feuerei\u00dfen<\/td><td>Gondrom<\/td><td>1990<\/td><\/tr><tr><td>O19<\/td><td>Mit Volldampf durch China<\/td><td>Sewing\/Langhammer<\/td><td>Brandenburgische<\/td><td>1996<\/td><\/tr><\/tbody><\/table><\/figure>\n","protected":false},"excerpt":{"rendered":"<p>E.5 Asien OO1 Maos st\u00e4hlerne Transportlinien Joachim Petersen R\u00f6sler+Zimmer Verlag Augsburg 1977 OO2 China auf Schienen Patrick u. Maggy Whitehouse Orell F\u00fcssli 1989 OO3 Die Lokomotiven der chinesischen Eisenbahnen Zhou Xiaobiao Birkh\u00e4user 1987 OO4 Chinas Dampfz\u00fcge Heinz Sigg Wiese Verlag 1989 OO5 Dem Volke dienen Florian Schmidt R\u00f6hr 1988 OO6 Die Eisenbahn in China Joachim [&hellip;]<\/p>\n","protected":false},"author":2,"featured_media":0,"parent":0,"menu_order":0,"comment_status":"closed","ping_status":"closed","template":"","meta":{"footnotes":""},"class_list":["post-2758","page","type-page","status-publish","hentry"],"yoast_head":"<!-- This site is optimized with the Yoast SEO plugin v27.4 - https:\/\/yoast.com\/product\/yoast-seo-wordpress\/ -->\n<title>Asien - EBFL<\/title>\n<meta name=\"robots\" content=\"index, follow, max-snippet:-1, max-image-preview:large, max-video-preview:-1\" \/>\n<link rel=\"canonical\" href=\"https:\/\/ebfl.at\/index.php\/asien\/\" \/>\n<meta property=\"og:locale\" content=\"de_DE\" \/>\n<meta property=\"og:type\" content=\"article\" \/>\n<meta property=\"og:title\" content=\"Asien - EBFL\" \/>\n<meta property=\"og:description\" content=\"E.5 Asien OO1 Maos st\u00e4hlerne Transportlinien Joachim Petersen R\u00f6sler+Zimmer Verlag Augsburg 1977 OO2 China auf Schienen Patrick u. Maggy Whitehouse Orell F\u00fcssli 1989 OO3 Die Lokomotiven der chinesischen Eisenbahnen Zhou Xiaobiao Birkh\u00e4user 1987 OO4 Chinas Dampfz\u00fcge Heinz Sigg Wiese Verlag 1989 OO5 Dem Volke dienen Florian Schmidt R\u00f6hr 1988 OO6 Die Eisenbahn in China Joachim [&hellip;]\" \/>\n<meta property=\"og:url\" content=\"https:\/\/ebfl.at\/index.php\/asien\/\" \/>\n<meta property=\"og:site_name\" content=\"EBFL\" \/>\n<meta property=\"article:publisher\" content=\"https:\/\/www.facebook.com\/pages\/category\/History-Museum\/EBFLat-301838060596265\/\" \/>\n<meta property=\"article:modified_time\" content=\"2021-05-04T17:26:57+00:00\" \/>\n<meta name=\"twitter:card\" content=\"summary_large_image\" \/>\n<meta name=\"twitter:label1\" content=\"Gesch\u00e4tzte Lesezeit\" \/>\n\t<meta name=\"twitter:data1\" content=\"1\u00a0Minute\" \/>\n<script type=\"application\/ld+json\" class=\"yoast-schema-graph\">{\"@context\":\"https:\\\/\\\/schema.org\",\"@graph\":[{\"@type\":\"WebPage\",\"@id\":\"https:\\\/\\\/ebfl.at\\\/index.php\\\/asien\\\/\",\"url\":\"https:\\\/\\\/ebfl.at\\\/index.php\\\/asien\\\/\",\"name\":\"Asien - EBFL\",\"isPartOf\":{\"@id\":\"https:\\\/\\\/ebfl.at\\\/#website\"},\"datePublished\":\"2021-05-04T17:26:56+00:00\",\"dateModified\":\"2021-05-04T17:26:57+00:00\",\"breadcrumb\":{\"@id\":\"https:\\\/\\\/ebfl.at\\\/index.php\\\/asien\\\/#breadcrumb\"},\"inLanguage\":\"de\",\"potentialAction\":[{\"@type\":\"ReadAction\",\"target\":[\"https:\\\/\\\/ebfl.at\\\/index.php\\\/asien\\\/\"]}]},{\"@type\":\"BreadcrumbList\",\"@id\":\"https:\\\/\\\/ebfl.at\\\/index.php\\\/asien\\\/#breadcrumb\",\"itemListElement\":[{\"@type\":\"ListItem\",\"position\":1,\"name\":\"Startseite\",\"item\":\"https:\\\/\\\/ebfl.at\\\/\"},{\"@type\":\"ListItem\",\"position\":2,\"name\":\"Asien\"}]},{\"@type\":\"WebSite\",\"@id\":\"https:\\\/\\\/ebfl.at\\\/#website\",\"url\":\"https:\\\/\\\/ebfl.at\\\/\",\"name\":\"EBFL Eisenbahnfreunde Lienz\",\"description\":\"Verein der Eisenbahnfreunde in Lienz\",\"publisher\":{\"@id\":\"https:\\\/\\\/ebfl.at\\\/#organization\"},\"potentialAction\":[{\"@type\":\"SearchAction\",\"target\":{\"@type\":\"EntryPoint\",\"urlTemplate\":\"https:\\\/\\\/ebfl.at\\\/?s={search_term_string}\"},\"query-input\":{\"@type\":\"PropertyValueSpecification\",\"valueRequired\":true,\"valueName\":\"search_term_string\"}}],\"inLanguage\":\"de\"},{\"@type\":\"Organization\",\"@id\":\"https:\\\/\\\/ebfl.at\\\/#organization\",\"name\":\"EBFL - Eisenbahnfreunde Lienz\",\"url\":\"https:\\\/\\\/ebfl.at\\\/\",\"logo\":{\"@type\":\"ImageObject\",\"inLanguage\":\"de\",\"@id\":\"https:\\\/\\\/ebfl.at\\\/#\\\/schema\\\/logo\\\/image\\\/\",\"url\":\"https:\\\/\\\/ebfl.at\\\/wp-content\\\/uploads\\\/2019\\\/01\\\/Eisenbahnfreunde-Lienz.jpg\",\"contentUrl\":\"https:\\\/\\\/ebfl.at\\\/wp-content\\\/uploads\\\/2019\\\/01\\\/Eisenbahnfreunde-Lienz.jpg\",\"width\":1087,\"height\":480,\"caption\":\"EBFL - Eisenbahnfreunde Lienz\"},\"image\":{\"@id\":\"https:\\\/\\\/ebfl.at\\\/#\\\/schema\\\/logo\\\/image\\\/\"},\"sameAs\":[\"https:\\\/\\\/www.facebook.com\\\/pages\\\/category\\\/History-Museum\\\/EBFLat-301838060596265\\\/\"]}]}<\/script>\n<!-- \/ Yoast SEO plugin. -->","yoast_head_json":{"title":"Asien - EBFL","robots":{"index":"index","follow":"follow","max-snippet":"max-snippet:-1","max-image-preview":"max-image-preview:large","max-video-preview":"max-video-preview:-1"},"canonical":"https:\/\/ebfl.at\/index.php\/asien\/","og_locale":"de_DE","og_type":"article","og_title":"Asien - EBFL","og_description":"E.5 Asien OO1 Maos st\u00e4hlerne Transportlinien Joachim Petersen R\u00f6sler+Zimmer Verlag Augsburg 1977 OO2 China auf Schienen Patrick u. Maggy Whitehouse Orell F\u00fcssli 1989 OO3 Die Lokomotiven der chinesischen Eisenbahnen Zhou Xiaobiao Birkh\u00e4user 1987 OO4 Chinas Dampfz\u00fcge Heinz Sigg Wiese Verlag 1989 OO5 Dem Volke dienen Florian Schmidt R\u00f6hr 1988 OO6 Die Eisenbahn in China Joachim [&hellip;]","og_url":"https:\/\/ebfl.at\/index.php\/asien\/","og_site_name":"EBFL","article_publisher":"https:\/\/www.facebook.com\/pages\/category\/History-Museum\/EBFLat-301838060596265\/","article_modified_time":"2021-05-04T17:26:57+00:00","twitter_card":"summary_large_image","twitter_misc":{"Gesch\u00e4tzte Lesezeit":"1\u00a0Minute"},"schema":{"@context":"https:\/\/schema.org","@graph":[{"@type":"WebPage","@id":"https:\/\/ebfl.at\/index.php\/asien\/","url":"https:\/\/ebfl.at\/index.php\/asien\/","name":"Asien - EBFL","isPartOf":{"@id":"https:\/\/ebfl.at\/#website"},"datePublished":"2021-05-04T17:26:56+00:00","dateModified":"2021-05-04T17:26:57+00:00","breadcrumb":{"@id":"https:\/\/ebfl.at\/index.php\/asien\/#breadcrumb"},"inLanguage":"de","potentialAction":[{"@type":"ReadAction","target":["https:\/\/ebfl.at\/index.php\/asien\/"]}]},{"@type":"BreadcrumbList","@id":"https:\/\/ebfl.at\/index.php\/asien\/#breadcrumb","itemListElement":[{"@type":"ListItem","position":1,"name":"Startseite","item":"https:\/\/ebfl.at\/"},{"@type":"ListItem","position":2,"name":"Asien"}]},{"@type":"WebSite","@id":"https:\/\/ebfl.at\/#website","url":"https:\/\/ebfl.at\/","name":"EBFL Eisenbahnfreunde Lienz","description":"Verein der Eisenbahnfreunde in Lienz","publisher":{"@id":"https:\/\/ebfl.at\/#organization"},"potentialAction":[{"@type":"SearchAction","target":{"@type":"EntryPoint","urlTemplate":"https:\/\/ebfl.at\/?s={search_term_string}"},"query-input":{"@type":"PropertyValueSpecification","valueRequired":true,"valueName":"search_term_string"}}],"inLanguage":"de"},{"@type":"Organization","@id":"https:\/\/ebfl.at\/#organization","name":"EBFL - Eisenbahnfreunde Lienz","url":"https:\/\/ebfl.at\/","logo":{"@type":"ImageObject","inLanguage":"de","@id":"https:\/\/ebfl.at\/#\/schema\/logo\/image\/","url":"https:\/\/ebfl.at\/wp-content\/uploads\/2019\/01\/Eisenbahnfreunde-Lienz.jpg","contentUrl":"https:\/\/ebfl.at\/wp-content\/uploads\/2019\/01\/Eisenbahnfreunde-Lienz.jpg","width":1087,"height":480,"caption":"EBFL - Eisenbahnfreunde Lienz"},"image":{"@id":"https:\/\/ebfl.at\/#\/schema\/logo\/image\/"},"sameAs":["https:\/\/www.facebook.com\/pages\/category\/History-Museum\/EBFLat-301838060596265\/"]}]}},"_links":{"self":[{"href":"https:\/\/ebfl.at\/index.php\/wp-json\/wp\/v2\/pages\/2758","targetHints":{"allow":["GET"]}}],"collection":[{"href":"https:\/\/ebfl.at\/index.php\/wp-json\/wp\/v2\/pages"}],"about":[{"href":"https:\/\/ebfl.at\/index.php\/wp-json\/wp\/v2\/types\/page"}],"author":[{"embeddable":true,"href":"https:\/\/ebfl.at\/index.php\/wp-json\/wp\/v2\/users\/2"}],"replies":[{"embeddable":true,"href":"https:\/\/ebfl.at\/index.php\/wp-json\/wp\/v2\/comments?post=2758"}],"version-history":[{"count":1,"href":"https:\/\/ebfl.at\/index.php\/wp-json\/wp\/v2\/pages\/2758\/revisions"}],"predecessor-version":[{"id":2759,"href":"https:\/\/ebfl.at\/index.php\/wp-json\/wp\/v2\/pages\/2758\/revisions\/2759"}],"wp:attachment":[{"href":"https:\/\/ebfl.at\/index.php\/wp-json\/wp\/v2\/media?parent=2758"}],"curies":[{"name":"wp","href":"https:\/\/api.w.org\/{rel}","templated":true}]}}