{"id":2761,"date":"2021-05-04T19:28:22","date_gmt":"2021-05-04T17:28:22","guid":{"rendered":"https:\/\/ebfl.at\/?page_id=2761"},"modified":"2021-05-04T19:28:23","modified_gmt":"2021-05-04T17:28:23","slug":"dampflokomotiven-der-welt","status":"publish","type":"page","link":"https:\/\/ebfl.at\/index.php\/dampflokomotiven-der-welt\/","title":{"rendered":"Dampflokomotiven der Welt"},"content":{"rendered":"\n<figure class=\"wp-block-table is-style-regular\"><table><tbody><tr><td><strong><\/strong><\/td><td><strong>E.6 Dampflokomotiven der Welt<\/strong><\/td><td><strong><\/strong><\/td><td><strong><\/strong><\/td><td><strong><\/strong><\/td><\/tr><tr><td>OO1<\/td><td>Als die Lokomotiven laufen lernten<\/td><td>Anthony Burton<\/td><td>Herbig<\/td><td>1980<\/td><\/tr><tr><td>OO2<\/td><td>Schienen, Dampf und R\u00e4der<\/td><td>G\u00fcnther Feuerei\u00dfen<\/td><td>Gondrom<\/td><td>1989<\/td><\/tr><tr><td>OO3<\/td><td>Unter Dampf\/Lokomotiven aus aller Welt<\/td><td>Thierry Nicolas<\/td><td>Motorbuch<\/td><td>1984<\/td><\/tr><tr><td>OO4<\/td><td>Alles \u00fcber die Dampflok<\/td><td>Klaus J. Vetter<\/td><td>Geramond<\/td><td>2007<\/td><\/tr><tr><td>OO5<\/td><td>Eisebahn &#8211; modern<\/td><td>Stockklausner<\/td><td>Ployer&amp;Co. Wien<\/td><td>1957<\/td><\/tr><tr><td>OO6<\/td><td>Das gro\u00dfe Eisenbahnbuch<\/td><td>Rolf L. Temming<\/td><td>Kaiser<\/td><td>2003<\/td><\/tr><tr><td>OO7<\/td><td>Klassische Dampflokomotiven<\/td><td>Patrick B. Whitehouse<\/td><td>Motorbuch<\/td><td>1991<\/td><\/tr><tr><td>OO8<\/td><td>Die schnellsten Z\u00fcge<\/td><td>Jane Collins<\/td><td>Umschau<\/td><td>1979<\/td><\/tr><tr><td>OO9<\/td><td>Die Dampflok<\/td><td>Diverse<\/td><td>Dr\u00f6mersche<\/td><td>1982<\/td><\/tr><tr><td>O10<\/td><td>Dampf-Romantik<\/td><td>Harold Edmonson<\/td><td>Orell F\u00fcssli<\/td><td>1972<\/td><\/tr><tr><td>O11<\/td><td>Die Eisenbahn im Bild<\/td><td>Fuhlberg-Horst<\/td><td>Franckh<\/td><td>1925<\/td><\/tr><tr><td>O12<\/td><td>Dampflokomotiven<\/td><td>Werner Jopp<\/td><td>Falken<\/td><td>1978<\/td><\/tr><tr><td>O13<\/td><td>Dampflokomotiven der Welt<\/td><td>Ron Ziel\/Mike Eagleson<\/td><td>Franckh<\/td><td>1975<\/td><\/tr><tr><td>O14<\/td><td>Ber\u00fchmte Z\u00fcge und Lokomotiven<\/td><td>Karl Grieder<\/td><td>Orell F\u00fcssli<\/td><td>1987<\/td><\/tr><tr><td>O15<\/td><td>Die Romantik der Dampflokomotiven<\/td><td>Whitehouse<\/td><td>Albatros<\/td><td>1978<\/td><\/tr><tr><td>O16<\/td><td>Garrat &#8211; Lokomotiven der Welt<\/td><td>A.E. Durrant<\/td><td>Pawlak<\/td><td>1984<\/td><\/tr><tr><td>O17<\/td><td>Die Lokomotive<\/td><td>G.H. Metzeltin<\/td><td>Eigenverlag<\/td><td>1971<\/td><\/tr><tr><td>O18<\/td><td>Dampflokomotiven<\/td><td>Rolf L. Temming<\/td><td>Kaiser<\/td><td>1985<\/td><\/tr><tr><td>O19<\/td><td>Dampflok auf neuer Fahrt<\/td><td>Whitehouse\/Snell\/Hollingsworth<\/td><td>Orell F\u00fcssli<\/td><td>1978<\/td><\/tr><tr><td>O20<\/td><td>Dampflok Sonderbauarten<\/td><td>Raimar Lehmann<\/td><td>Birkh\u00e4user<\/td><td>1985<\/td><\/tr><tr><td>O21<\/td><td>Die goldenen Jahre der Eisenbahnen 1830-1920<\/td><td>Kalla-Bishop\/Wood<\/td><td>Heyne<\/td><td>1977<\/td><\/tr><tr><td>O22<\/td><td>Dampflokomotiven<\/td><td>Max Baumann<\/td><td>Gloria<\/td><td>1969<\/td><\/tr><tr><td>O23<\/td><td>Die gro\u00dfen Eisenbahn-Routen der Welt<\/td><td>Fritz St\u00f6ckl<\/td><td>Pawlak<\/td><td>1990<\/td><\/tr><tr><td>O24<\/td><td>Anatomie der Dampflokomotiven<\/td><td>Giesl-Gieslingen<\/td><td>Slezak<\/td><td>1986<\/td><\/tr><tr><td>O25<\/td><td>Die gro\u00dfe Zeit der Eisenbahnen 1832-1914<\/td><td>Andr\u00e8 Barret<\/td><td>Kr\u00fcger<\/td><td>1978<\/td><\/tr><tr><td>O26<\/td><td>Ungew\u00f6hnliche Dampflokomotiven 1803-heute<\/td><td>Rolf Ostendorf<\/td><td>Motorbuch<\/td><td>1975<\/td><\/tr><tr><td>O27<\/td><td>Dampf<\/td><td>Colin Garratt\/Max Wade-Matthews<\/td><td>Lechner<\/td><td>2000<\/td><\/tr><tr><td>O28<\/td><td>Steem Steel&amp;Stars<\/td><td>O.Winston Link<\/td><td>T\u00fcmmels<\/td><td>1987<\/td><\/tr><tr><td>O29<\/td><td>Knaurs Geschichte der Dampfeisenbahn<\/td><td><\/td><td>Donauland<\/td><td>1982<\/td><\/tr><tr><td>O30<\/td><td>Lokomotiv-Athleten<\/td><td>Giesl-Gieslingen<\/td><td>Slezak<\/td><td>1995<\/td><\/tr><tr><td>O31<\/td><td>Das gro\u00dfe Buch der Eisenbahn<\/td><td>Grube\/Richter<\/td><td>Hoffmann und Campe<\/td><td>1979<\/td><\/tr><tr><td>O32<\/td><td>Fotobuch Klassische Dampfeisenbahnen<\/td><td>Nils Huxtable<\/td><td>Lechner<\/td><td>1991<\/td><\/tr><tr><td>O33<\/td><td>Rangier Lokomotiven<\/td><td>Wolfgang Messerschmidt<\/td><td>Motorbuch<\/td><td>1989<\/td><\/tr><tr><td>O34<\/td><td>Rekord Lokomotiven 1848-1950<\/td><td>Wilhelm Reuter<\/td><td>Motorbuch<\/td><td>1988<\/td><\/tr><tr><td>O35<\/td><td>Die sch\u00f6nsten Dampfz\u00fcge der Welt<\/td><td>Faust\/Oczko<\/td><td>Gondrom<\/td><td>1995<\/td><\/tr><tr><td>O36<\/td><td>Die Sch\u00f6nsten der Schiene<\/td><td>Wilhelm Reuter<\/td><td>transpress<\/td><td>1993<\/td><\/tr><tr><td>O37<\/td><td>Lokomotiven in Originaldokumenten 1847-1879<\/td><td>Textband<\/td><td>Steiger<\/td><td>1987<\/td><\/tr><tr><td>O38<\/td><td>Auf Schienen durch die Jahrhunderte<\/td><td>Tim Frew<\/td><td>Merit<\/td><td>1992<\/td><\/tr><tr><td>O39<\/td><td>Auf den gro\u00dfen Eisenbahnrouten der Welt<\/td><td>Diverse<\/td><td>Donauland<\/td><td>1993<\/td><\/tr><tr><td>O40<\/td><td>Vom Dampfro\u00df zur E-Lok<\/td><td>Alfred Niel<\/td><td>Styria<\/td><td>1987<\/td><\/tr><tr><td>O41<\/td><td>Schienen, Dampf und Kamera<\/td><td>Hans M\u00fcller<\/td><td>Motorbuch<\/td><td>1976<\/td><\/tr><tr><td>O42<\/td><td>Jumbos auf Schienen<\/td><td>Wolfgang Messerschmidt<\/td><td>transpress<\/td><td>1995<\/td><\/tr><tr><td>O43<\/td><td>Meisterfotos aus der gro\u00dfen Eisenbahnzeit<\/td><td>Brinker\/Arlowski\/Gottwaldt<\/td><td>Geramond<\/td><td>2004<\/td><\/tr><tr><td>O44<\/td><td>Die Super Dampfloks der Welt<\/td><td>Faust\/Isenberg<\/td><td>Bassermann<\/td><td>1996<\/td><\/tr><tr><td>O45<\/td><td>Die Super Eisenbahnen der Welt<\/td><td>Kosak\/Isenberg<\/td><td>Falken<\/td><td>1987<\/td><\/tr><tr><td>O46<\/td><td>Die Eisenbahn erobert die Welt<\/td><td>Sperling\/V\u00f6lkel<\/td><td>Volk-u.Buchverlag Leipzig<\/td><td>1948<\/td><\/tr><tr><td>O47<\/td><td>Ber\u00fchmte Dampflokomotiven des 19.u.20. Jhd<\/td><td>O.S. Nock<\/td><td>Orell F\u00fcssli<\/td><td>1976<\/td><\/tr><tr><td>O48<\/td><td>Die Bl\u00fctezeit der Dampfeisenbahn 1920-1940<\/td><td>O.S. Nock<\/td><td>Orell F\u00fcssli<\/td><td>1972<\/td><\/tr><tr><td>O49<\/td><td>Die Bahn. Schienen des Fortschritts<\/td><td><\/td><td>DB<\/td><td>1985<\/td><\/tr><tr><td>O50<\/td><td>Die sch\u00f6nsten Lokomotiven der Welt<\/td><td>Jarchow\/Urban<\/td><td>Weltbild<\/td><td>1992<\/td><\/tr><tr><td>O51<\/td><td>Rekordlokomotiven<\/td><td>Reuter<\/td><td>Motorbuch<\/td><td>1978<\/td><\/tr><tr><td>O52<\/td><td>Romantische Dampflokomotiven<\/td><td>Diverse<\/td><td>Edition XXL<\/td><td>2002<\/td><\/tr><tr><td>O53<\/td><td>Dampf Triebwagen<\/td><td>Rolf Ostendorf<\/td><td>Motorbuch<\/td><td>1977<\/td><\/tr><tr><td>O54<\/td><td>Die Eisenbahn auf f\u00fcnf Kontinenten<\/td><td>Elfriede Rehbein<\/td><td>Edition Leipzig<\/td><td>1988<\/td><\/tr><tr><td>O55<\/td><td>Die Eisenbahn auf f\u00fcnf Kontinenten<\/td><td>Elfriede Rehbein<\/td><td>Motorbuch<\/td><td>1988<\/td><\/tr><tr><td>O56<\/td><td>Dampfromantik rund um die Welt<\/td><td>Harold Edmonson<\/td><td>Orell F\u00fcssli<\/td><td>1970<\/td><\/tr><tr><td>O57<\/td><td>Die Entwicklung der Lokomotive I.Band 1835-1880<\/td><td>R.von HelmholtzTw.Staby<\/td><td>Zentralantiquariat<\/td><td>1981<\/td><\/tr><tr><td>O58<\/td><td>Die Entwicklung der Lokomotive I.Band 1835-1880\/Tafeln<\/td><td>R.von HelmholtzTw.Staby<\/td><td>Zentralantiquariat<\/td><td>1981<\/td><\/tr><tr><td>O59<\/td><td>Die Entwicklung der Lokomotive II.Band 1880-1920<\/td><td>Erich Metzeltin<\/td><td>Zentralantiquariat<\/td><td>1981<\/td><\/tr><tr><td>O60<\/td><td>Die Entwicklung der Lokomotive II.Band 1880-1920\/Zahlentafeln<\/td><td>Erich Metzeltin<\/td><td>Zentralantiquariat<\/td><td>1981<\/td><\/tr><tr><td>O61<\/td><td>Lokomotiven und Eisenbahnen<\/td><td>Gerald Rotter<\/td><td>Kleine Herba-Sammelbildreihe<\/td><td>1968<\/td><\/tr><tr><td>O62<\/td><td>Das Bilderlexikon der Dampflokomotiven<\/td><td>Luciano Greggio<\/td><td>S\u00fcdwest<\/td><td>1977<\/td><\/tr><tr><td>O63<\/td><td>Die gro\u00dfe Eisenbahnreise Portugal-China<\/td><td>Rudolf Braunburg<\/td><td>Reich<\/td><td>1992<\/td><\/tr><tr><td>O64<\/td><td>Dampf \u00fcber den sch\u00f6nsten Strecken der Welt<\/td><td>Oczko\/Feuereisen<\/td><td>Gondrom<\/td><td>1990<\/td><\/tr><tr><td>O65<\/td><td>Pazifik Express<\/td><td>Rudolf R. Eder<\/td><td>Ueberreuter<\/td><td>1973<\/td><\/tr><tr><td>O66<\/td><td>Dampflokomotiven 1813-1961<\/td><td>Werner Dausien<\/td><td>Dausien<\/td><td>1985<\/td><\/tr><tr><td>O67<\/td><td>Oldtimer auf Schienen<\/td><td>Elfriede Rehbein<\/td><td>akzent<\/td><td>1982<\/td><\/tr><tr><td>O68<\/td><td>Lokomotiven gestern und heute<\/td><td>Snell<\/td><td>Tre Tryckare, Cagner&amp;Co<\/td><td>1967<\/td><\/tr><tr><td>O69<\/td><td>Mit der Eisenbahn durch 5 Kontinente<\/td><td>Karl Grieder<\/td><td>Meier<\/td><td>1982<\/td><\/tr><tr><td>O70<\/td><td>Steam on 4 continents\/Europe+South Amerika<\/td><td>Haselbeck\/Wardale<\/td><td>Eigenverlag<\/td><td>1984<\/td><\/tr><tr><td>O71<\/td><td>Steam on 4 continents\/Afrika<\/td><td>Haselbeck\/Wardale<\/td><td>Eigenverlag<\/td><td>1986<\/td><\/tr><tr><td>O72<\/td><td>Steam on 4 continents\/Asia<\/td><td>Haselbeck\/Wardale<\/td><td>Eigenverlag<\/td><td>1991<\/td><\/tr><tr><td>O73<\/td><td>Steam on 4 continents\/China<\/td><td>Haselbeck\/Wardale<\/td><td>Eigenverlag<\/td><td>1997<\/td><\/tr><tr><td>O74<\/td><td>Lokomotivbau und Dampftechnik<\/td><td>Wolfgang Stoffels<\/td><td>Birkh\u00e4user<\/td><td>1976<\/td><\/tr><tr><td>O75<\/td><td>Dampflokomotiven 1820-heute<\/td><td>Brian Hollingsworth<\/td><td>Birkh\u00e4user<\/td><td>1983<\/td><\/tr><tr><td>O76<\/td><td>Lissabon-Hongkong mit der Eisenbahn<\/td><td>Johaentges\/Blackwood<\/td><td>Kajo<\/td><td>1988<\/td><\/tr><tr><td>O77<\/td><td>Das gro\u00dfe Buch der Lokomotiven<\/td><td>Diverse<\/td><td>Dumont<\/td><td>2001<\/td><\/tr><tr><td>O78<\/td><td>Dampflokomotiven und ihre Tender<\/td><td>Wolfgang Messerschmidt<\/td><td>Franckh<\/td><td>1987<\/td><\/tr><tr><td>O79<\/td><td>Entstehung und Verbreitung der Pr\u00e4rie-Lokomotiven<\/td><td>Wolfgang Messerschmidt<\/td><td>Franckh<\/td><td>1966<\/td><\/tr><tr><td>O80<\/td><td>Entwicklung und Geschichte der Pazifik-Lokomotiven<\/td><td>Erhard Born<\/td><td>Franckh<\/td><td>1965<\/td><\/tr><tr><td>O81<\/td><td>Die Gr\u00f6\u00dften, die Schnellsten, die St\u00e4rksten,<\/td><td>Rolf L. Temming<\/td><td>Kaiser<\/td><td>1991<\/td><\/tr><tr><td>O82<\/td><td>Eisenbahn f\u00fcr morgen schon heute<\/td><td>Rolf L. Temming<\/td><td>Kaiser<\/td><td>1998<\/td><\/tr><tr><td>O83<\/td><td>Grosse Z\u00fcge<\/td><td>Rolf L. Temming<\/td><td>Kaiser<\/td><td>1991<\/td><\/tr><tr><td>O84<\/td><td>Chronik der Eisenbahn<\/td><td>Diverse<\/td><td>Heel<\/td><td>2005<\/td><\/tr><tr><td>O85<\/td><td>Die Dampflokomotiven der Gegenwart\/Textband<\/td><td>Robert Garbe<\/td><td>Steiger<\/td><td>1980<\/td><\/tr><tr><td>O86<\/td><td>Die Dampflokomotiven der Gegenwart\/Tafelband<\/td><td>Robert Garbe<\/td><td>Steiger<\/td><td>1980<\/td><\/tr><tr><td>O87<\/td><td>Die Zeitgem\u00e4\u00dfe Heissdampflokomotive\/Er\u00e4nzungswerk<\/td><td>Robert Garbe<\/td><td>Steiger<\/td><td>1980<\/td><\/tr><tr><td>O88<\/td><td>Die Dampflok im Bahnbetriebswerk<\/td><td>Kratzsch-Leichsenring\/Endisch<\/td><td>transpress<\/td><td>1999<\/td><\/tr><tr><td>O89<\/td><td>Dampflokomotiven Dampfschifffahrt<\/td><td><\/td><td>Delius Klasing<\/td><td>1999<\/td><\/tr><tr><td>O90<\/td><td>Die Dampf-Schneeschleuder<\/td><td>Lothar Berger<\/td><td>transpress<\/td><td>2003<\/td><\/tr><tr><td>O91<\/td><td>Wunderwelt der Eisenbahn\/Kuriosit\u00e4ten<\/td><td>Preu\u00df\/Kirsche<\/td><td>Geramond<\/td><td>2001<\/td><\/tr><\/tbody><\/table><\/figure>\n","protected":false},"excerpt":{"rendered":"<p>E.6 Dampflokomotiven der Welt OO1 Als die Lokomotiven laufen lernten Anthony Burton Herbig 1980 OO2 Schienen, Dampf und R\u00e4der G\u00fcnther Feuerei\u00dfen Gondrom 1989 OO3 Unter Dampf\/Lokomotiven aus aller Welt Thierry Nicolas Motorbuch 1984 OO4 Alles \u00fcber die Dampflok Klaus J. Vetter Geramond 2007 OO5 Eisebahn &#8211; modern Stockklausner Ployer&amp;Co. Wien 1957 OO6 Das gro\u00dfe Eisenbahnbuch [&hellip;]<\/p>\n","protected":false},"author":2,"featured_media":0,"parent":0,"menu_order":0,"comment_status":"closed","ping_status":"closed","template":"","meta":{"footnotes":""},"class_list":["post-2761","page","type-page","status-publish","hentry"],"yoast_head":"<!-- This site is optimized with the Yoast SEO plugin v27.4 - https:\/\/yoast.com\/product\/yoast-seo-wordpress\/ -->\n<title>Dampflokomotiven der Welt - EBFL<\/title>\n<meta name=\"robots\" content=\"index, follow, max-snippet:-1, max-image-preview:large, max-video-preview:-1\" \/>\n<link rel=\"canonical\" href=\"https:\/\/ebfl.at\/index.php\/dampflokomotiven-der-welt\/\" \/>\n<meta property=\"og:locale\" content=\"de_DE\" \/>\n<meta property=\"og:type\" content=\"article\" \/>\n<meta property=\"og:title\" content=\"Dampflokomotiven der Welt - EBFL\" \/>\n<meta property=\"og:description\" content=\"E.6 Dampflokomotiven der Welt OO1 Als die Lokomotiven laufen lernten Anthony Burton Herbig 1980 OO2 Schienen, Dampf und R\u00e4der G\u00fcnther Feuerei\u00dfen Gondrom 1989 OO3 Unter Dampf\/Lokomotiven aus aller Welt Thierry Nicolas Motorbuch 1984 OO4 Alles \u00fcber die Dampflok Klaus J. Vetter Geramond 2007 OO5 Eisebahn &#8211; modern Stockklausner Ployer&amp;Co. Wien 1957 OO6 Das gro\u00dfe Eisenbahnbuch [&hellip;]\" \/>\n<meta property=\"og:url\" content=\"https:\/\/ebfl.at\/index.php\/dampflokomotiven-der-welt\/\" \/>\n<meta property=\"og:site_name\" content=\"EBFL\" \/>\n<meta property=\"article:publisher\" content=\"https:\/\/www.facebook.com\/pages\/category\/History-Museum\/EBFLat-301838060596265\/\" \/>\n<meta property=\"article:modified_time\" content=\"2021-05-04T17:28:23+00:00\" \/>\n<meta name=\"twitter:card\" content=\"summary_large_image\" \/>\n<meta name=\"twitter:label1\" content=\"Gesch\u00e4tzte Lesezeit\" \/>\n\t<meta name=\"twitter:data1\" content=\"4\u00a0Minuten\" \/>\n<script type=\"application\/ld+json\" class=\"yoast-schema-graph\">{\"@context\":\"https:\\\/\\\/schema.org\",\"@graph\":[{\"@type\":\"WebPage\",\"@id\":\"https:\\\/\\\/ebfl.at\\\/index.php\\\/dampflokomotiven-der-welt\\\/\",\"url\":\"https:\\\/\\\/ebfl.at\\\/index.php\\\/dampflokomotiven-der-welt\\\/\",\"name\":\"Dampflokomotiven der Welt - EBFL\",\"isPartOf\":{\"@id\":\"https:\\\/\\\/ebfl.at\\\/#website\"},\"datePublished\":\"2021-05-04T17:28:22+00:00\",\"dateModified\":\"2021-05-04T17:28:23+00:00\",\"breadcrumb\":{\"@id\":\"https:\\\/\\\/ebfl.at\\\/index.php\\\/dampflokomotiven-der-welt\\\/#breadcrumb\"},\"inLanguage\":\"de\",\"potentialAction\":[{\"@type\":\"ReadAction\",\"target\":[\"https:\\\/\\\/ebfl.at\\\/index.php\\\/dampflokomotiven-der-welt\\\/\"]}]},{\"@type\":\"BreadcrumbList\",\"@id\":\"https:\\\/\\\/ebfl.at\\\/index.php\\\/dampflokomotiven-der-welt\\\/#breadcrumb\",\"itemListElement\":[{\"@type\":\"ListItem\",\"position\":1,\"name\":\"Startseite\",\"item\":\"https:\\\/\\\/ebfl.at\\\/\"},{\"@type\":\"ListItem\",\"position\":2,\"name\":\"Dampflokomotiven der Welt\"}]},{\"@type\":\"WebSite\",\"@id\":\"https:\\\/\\\/ebfl.at\\\/#website\",\"url\":\"https:\\\/\\\/ebfl.at\\\/\",\"name\":\"EBFL Eisenbahnfreunde Lienz\",\"description\":\"Verein der Eisenbahnfreunde in Lienz\",\"publisher\":{\"@id\":\"https:\\\/\\\/ebfl.at\\\/#organization\"},\"potentialAction\":[{\"@type\":\"SearchAction\",\"target\":{\"@type\":\"EntryPoint\",\"urlTemplate\":\"https:\\\/\\\/ebfl.at\\\/?s={search_term_string}\"},\"query-input\":{\"@type\":\"PropertyValueSpecification\",\"valueRequired\":true,\"valueName\":\"search_term_string\"}}],\"inLanguage\":\"de\"},{\"@type\":\"Organization\",\"@id\":\"https:\\\/\\\/ebfl.at\\\/#organization\",\"name\":\"EBFL - Eisenbahnfreunde Lienz\",\"url\":\"https:\\\/\\\/ebfl.at\\\/\",\"logo\":{\"@type\":\"ImageObject\",\"inLanguage\":\"de\",\"@id\":\"https:\\\/\\\/ebfl.at\\\/#\\\/schema\\\/logo\\\/image\\\/\",\"url\":\"https:\\\/\\\/ebfl.at\\\/wp-content\\\/uploads\\\/2019\\\/01\\\/Eisenbahnfreunde-Lienz.jpg\",\"contentUrl\":\"https:\\\/\\\/ebfl.at\\\/wp-content\\\/uploads\\\/2019\\\/01\\\/Eisenbahnfreunde-Lienz.jpg\",\"width\":1087,\"height\":480,\"caption\":\"EBFL - Eisenbahnfreunde Lienz\"},\"image\":{\"@id\":\"https:\\\/\\\/ebfl.at\\\/#\\\/schema\\\/logo\\\/image\\\/\"},\"sameAs\":[\"https:\\\/\\\/www.facebook.com\\\/pages\\\/category\\\/History-Museum\\\/EBFLat-301838060596265\\\/\"]}]}<\/script>\n<!-- \/ Yoast SEO plugin. -->","yoast_head_json":{"title":"Dampflokomotiven der Welt - EBFL","robots":{"index":"index","follow":"follow","max-snippet":"max-snippet:-1","max-image-preview":"max-image-preview:large","max-video-preview":"max-video-preview:-1"},"canonical":"https:\/\/ebfl.at\/index.php\/dampflokomotiven-der-welt\/","og_locale":"de_DE","og_type":"article","og_title":"Dampflokomotiven der Welt - EBFL","og_description":"E.6 Dampflokomotiven der Welt OO1 Als die Lokomotiven laufen lernten Anthony Burton Herbig 1980 OO2 Schienen, Dampf und R\u00e4der G\u00fcnther Feuerei\u00dfen Gondrom 1989 OO3 Unter Dampf\/Lokomotiven aus aller Welt Thierry Nicolas Motorbuch 1984 OO4 Alles \u00fcber die Dampflok Klaus J. Vetter Geramond 2007 OO5 Eisebahn &#8211; modern Stockklausner Ployer&amp;Co. Wien 1957 OO6 Das gro\u00dfe Eisenbahnbuch [&hellip;]","og_url":"https:\/\/ebfl.at\/index.php\/dampflokomotiven-der-welt\/","og_site_name":"EBFL","article_publisher":"https:\/\/www.facebook.com\/pages\/category\/History-Museum\/EBFLat-301838060596265\/","article_modified_time":"2021-05-04T17:28:23+00:00","twitter_card":"summary_large_image","twitter_misc":{"Gesch\u00e4tzte Lesezeit":"4\u00a0Minuten"},"schema":{"@context":"https:\/\/schema.org","@graph":[{"@type":"WebPage","@id":"https:\/\/ebfl.at\/index.php\/dampflokomotiven-der-welt\/","url":"https:\/\/ebfl.at\/index.php\/dampflokomotiven-der-welt\/","name":"Dampflokomotiven der Welt - EBFL","isPartOf":{"@id":"https:\/\/ebfl.at\/#website"},"datePublished":"2021-05-04T17:28:22+00:00","dateModified":"2021-05-04T17:28:23+00:00","breadcrumb":{"@id":"https:\/\/ebfl.at\/index.php\/dampflokomotiven-der-welt\/#breadcrumb"},"inLanguage":"de","potentialAction":[{"@type":"ReadAction","target":["https:\/\/ebfl.at\/index.php\/dampflokomotiven-der-welt\/"]}]},{"@type":"BreadcrumbList","@id":"https:\/\/ebfl.at\/index.php\/dampflokomotiven-der-welt\/#breadcrumb","itemListElement":[{"@type":"ListItem","position":1,"name":"Startseite","item":"https:\/\/ebfl.at\/"},{"@type":"ListItem","position":2,"name":"Dampflokomotiven der Welt"}]},{"@type":"WebSite","@id":"https:\/\/ebfl.at\/#website","url":"https:\/\/ebfl.at\/","name":"EBFL Eisenbahnfreunde Lienz","description":"Verein der Eisenbahnfreunde in Lienz","publisher":{"@id":"https:\/\/ebfl.at\/#organization"},"potentialAction":[{"@type":"SearchAction","target":{"@type":"EntryPoint","urlTemplate":"https:\/\/ebfl.at\/?s={search_term_string}"},"query-input":{"@type":"PropertyValueSpecification","valueRequired":true,"valueName":"search_term_string"}}],"inLanguage":"de"},{"@type":"Organization","@id":"https:\/\/ebfl.at\/#organization","name":"EBFL - Eisenbahnfreunde Lienz","url":"https:\/\/ebfl.at\/","logo":{"@type":"ImageObject","inLanguage":"de","@id":"https:\/\/ebfl.at\/#\/schema\/logo\/image\/","url":"https:\/\/ebfl.at\/wp-content\/uploads\/2019\/01\/Eisenbahnfreunde-Lienz.jpg","contentUrl":"https:\/\/ebfl.at\/wp-content\/uploads\/2019\/01\/Eisenbahnfreunde-Lienz.jpg","width":1087,"height":480,"caption":"EBFL - Eisenbahnfreunde Lienz"},"image":{"@id":"https:\/\/ebfl.at\/#\/schema\/logo\/image\/"},"sameAs":["https:\/\/www.facebook.com\/pages\/category\/History-Museum\/EBFLat-301838060596265\/"]}]}},"_links":{"self":[{"href":"https:\/\/ebfl.at\/index.php\/wp-json\/wp\/v2\/pages\/2761","targetHints":{"allow":["GET"]}}],"collection":[{"href":"https:\/\/ebfl.at\/index.php\/wp-json\/wp\/v2\/pages"}],"about":[{"href":"https:\/\/ebfl.at\/index.php\/wp-json\/wp\/v2\/types\/page"}],"author":[{"embeddable":true,"href":"https:\/\/ebfl.at\/index.php\/wp-json\/wp\/v2\/users\/2"}],"replies":[{"embeddable":true,"href":"https:\/\/ebfl.at\/index.php\/wp-json\/wp\/v2\/comments?post=2761"}],"version-history":[{"count":1,"href":"https:\/\/ebfl.at\/index.php\/wp-json\/wp\/v2\/pages\/2761\/revisions"}],"predecessor-version":[{"id":2762,"href":"https:\/\/ebfl.at\/index.php\/wp-json\/wp\/v2\/pages\/2761\/revisions\/2762"}],"wp:attachment":[{"href":"https:\/\/ebfl.at\/index.php\/wp-json\/wp\/v2\/media?parent=2761"}],"curies":[{"name":"wp","href":"https:\/\/api.w.org\/{rel}","templated":true}]}}