{"id":2776,"date":"2021-05-04T19:35:53","date_gmt":"2021-05-04T17:35:53","guid":{"rendered":"https:\/\/ebfl.at\/?page_id=2776"},"modified":"2021-05-04T19:35:53","modified_gmt":"2021-05-04T17:35:53","slug":"lokomotivfabriken","status":"publish","type":"page","link":"https:\/\/ebfl.at\/index.php\/lokomotivfabriken\/","title":{"rendered":"Lokomotivfabriken"},"content":{"rendered":"\n<figure class=\"wp-block-table is-style-regular\"><table><tbody><tr><td><strong><\/strong><\/td><td><strong>F Lokomotivfabriken<\/strong><\/td><td><strong><\/strong><\/td><td><strong><\/strong><\/td><td><strong><\/strong><\/td><\/tr><tr><td>OO1<\/td><td>Das Tor zur neuen Bahn<\/td><td>Erich Staisch<\/td><td>Kabel<\/td><td>1991<\/td><\/tr><tr><td>OO2<\/td><td>The Locomotives that Baldwin built<\/td><td>Fred Westing<\/td><td>Superior Publishing Company<\/td><td>1966<\/td><\/tr><tr><td>OO3<\/td><td>100 Jahre B\u00f6hler Edelstahl<\/td><td>B\u00f6hler<\/td><td>B\u00f6hler<\/td><td>1970<\/td><\/tr><tr><td>OO4<\/td><td>100 Jahre elektrische Zugf\u00f6rderung<\/td><td><\/td><td>Eisenbahnkurier<\/td><td>1979<\/td><\/tr><tr><td>OO5<\/td><td>\u00d6sterr. Monatsschrift f\u00fcr Eisenbahnbetrieb und Werkst\u00e4tte 1926\/27\/29<\/td><td><\/td><td><\/td><td><\/td><\/tr><tr><td>OO6<\/td><td>Lokomotivbau<\/td><td>Wolfgang Messerschmidt<\/td><td>Motorbuch<\/td><td>1985<\/td><\/tr><tr><td>OO7<\/td><td>Mechanische Antriebskomponenten f\u00fcr Schienenfahrzeuge\/Referenzen<\/td><td><\/td><td>Voit Turbo<\/td><td><\/td><\/tr><tr><td>OO8<\/td><td>Dampf, Stahl und hei\u00dfes Wasser\/150 Jahre Austria Email<\/td><td><\/td><td><\/td><td>2005<\/td><\/tr><tr><td>OO9<\/td><td>Unseren G\u00e4sten\/Die Henschelwerke<\/td><td><\/td><td>Stadt Kassel<\/td><td><\/td><\/tr><tr><td>O10<\/td><td>Dampflokrarit\u00e4ten<\/td><td>Wolfgang Messerschmidt<\/td><td>Franckh<\/td><td>1975<\/td><\/tr><tr><td>O11<\/td><td>Denkschrift zur Vollendung der 5.000 Lokomotive\/Nachdruck<\/td><td>AG der Lokomotivfabrik vorm. G.Sigl in Wiener Neustadt<\/td><td><\/td><td>1910<\/td><\/tr><tr><td>O12<\/td><td>Lokomotiv-Typen 1875-1882<\/td><td>AG der Lokomotivfabrik vorm. G.Sigl in Wiener Neustadt<\/td><td><\/td><td><\/td><\/tr><tr><td>O13<\/td><td>Geschichte des deutschen Lokomotivbaus<\/td><td>Gerhard Tiffe<\/td><td>Georg Siemens Verlag<\/td><td>1985<\/td><\/tr><tr><td>O14<\/td><td>Elektrische Lokomotiven<\/td><td>AEG<\/td><td><\/td><td><\/td><\/tr><tr><td>O15<\/td><td>Die Lokomotivfabriken Europas<\/td><td>Slezak<\/td><td>Slezak<\/td><td>1962<\/td><\/tr><tr><td>O16<\/td><td>Lokomotiven<\/td><td>Nixes, ungar. Aussenhandelsunternehmen<\/td><td>M\u00e0vag, Lokomotiven-u.Maschinenfabr.<\/td><td>1951<\/td><\/tr><tr><td>O17<\/td><td>Rheinmetall-Hei\u00dfdampfpflug-Apparate<\/td><td><\/td><td>Motorbuch<\/td><td>2003<\/td><\/tr><tr><td>O18<\/td><td>Alte Lokomotiv Annoncen<\/td><td>Alfred B. Gottwaldt<\/td><td>Motorbuch<\/td><td>1974<\/td><\/tr><tr><td>O19<\/td><td>Alfred Krupp 1. Band<\/td><td>Wilhelm Berdrow<\/td><td>Weimar Hobbing<\/td><td>1928<\/td><\/tr><tr><td>O20<\/td><td>Alfred Krupp 2. Band<\/td><td>Wilhelm Berdrow<\/td><td>Weimar Hobbing<\/td><td>1928<\/td><\/tr><tr><td>O21<\/td><td>Krupp &#8211; Im Dienste der Dampflokomotive<\/td><td>Dr. Hans Dieter Haeuber<\/td><td>Steiger<\/td><td>1984<\/td><\/tr><tr><td>O22<\/td><td>Krupp &#8211; Im Dienste der Dampflokomotive<\/td><td>Prof. Karl Rainer Repetzki<\/td><td>Steiger<\/td><td>1982<\/td><\/tr><tr><td>O23<\/td><td>Lokomotivk\u00f6nig August Borsig<\/td><td>Fritz Pachtner<\/td><td>Goldmann<\/td><td>1953<\/td><\/tr><tr><td>O24<\/td><td>Borsig &#8211; Ein Name geht um die Welt<\/td><td>Kurt Pierson<\/td><td>Rembrandt<\/td><td>1973<\/td><\/tr><tr><td>O25<\/td><td>Borsig &#8211; Lokomotiven f\u00fcr die Welt<\/td><td><\/td><td>Eisenbahnkurier<\/td><td><\/td><\/tr><tr><td>O26<\/td><td>Pulsschlag eines Werkes\/160 Jahre Hanomag<\/td><td>Horst Dieter G\u00f6rg<\/td><td>Mundschenk<\/td><td>1994<\/td><\/tr><tr><td>O27<\/td><td>Hanomag-Die Lokomotive in Kunst-Witz und Karikatur<\/td><td><\/td><td>Hanomag<\/td><td>1922<\/td><\/tr><tr><td>O28<\/td><td>Henschel to day<\/td><td><\/td><td>Henschel Werke Kassel<\/td><td><\/td><\/tr><tr><td>O29<\/td><td>Henschel Lokomotiven von 1848 bis heute<\/td><td>Messerschmidt\/Kademann<\/td><td>Steiger<\/td><td>1985<\/td><\/tr><tr><td>O30<\/td><td>150 Jahre Lokomotiven aus Kassel<\/td><td>Prof. Siegfried Kademann<\/td><td>Lok Report<\/td><td>1989<\/td><\/tr><tr><td>O31<\/td><td>175 Jahre Henschel\/1810-1985<\/td><td>Carl-Friedrich Baumann<\/td><td>Steiger<\/td><td>1985<\/td><\/tr><tr><td>O32<\/td><td>Henschel Lokomotiven in Farbe<\/td><td><\/td><td><\/td><td><\/td><\/tr><tr><td>O33<\/td><td>Bau-, Feldbahn-, Kleinbahn- und Industrie-Lokomotiven von Henschel<\/td><td>Prof. Karl Rainer Repetzki<\/td><td>Steiger<\/td><td>1982<\/td><\/tr><tr><td>O34<\/td><td>Unter Dampf<\/td><td>B\u00fcttner\/Banhardt<\/td><td>Franckh<\/td><td>1988<\/td><\/tr><tr><td>O35<\/td><td>Lokomotiven der Maschinenfabrik Esslingen<\/td><td>Wolfgang Messerschmidt<\/td><td>Steiger<\/td><td>1984<\/td><\/tr><tr><td>O36<\/td><td>Von Lok zu Lok\/Esslingen und der Lokomotivbau f\u00fcr die Bahnen der Welt<\/td><td>Wolfgang Messerschmidt<\/td><td>Franckh<\/td><td>1969<\/td><\/tr><tr><td>O37<\/td><td>Krauss Lokomotiven<\/td><td>Bernhard Schmeiser<\/td><td>Slezak<\/td><td>1977<\/td><\/tr><tr><td>O38<\/td><td>Krauss-Maffei Verkehrstechnik<\/td><td><\/td><td>Hermann Merker<\/td><td>1985<\/td><\/tr><tr><td>O39<\/td><td>Krauss-Maffei\/1838-1988<\/td><td><\/td><td>Hermann Merker<\/td><td>1988<\/td><\/tr><tr><td>O40<\/td><td>Maffei Lokomotiven\/Nachdruck<\/td><td>Karl B\u00f6hm<\/td><td>Florian Hofmeister M\u00fcnchen<\/td><td>1979<\/td><\/tr><tr><td>O41<\/td><td>Die Wiener Lokomotivfabrik Floridsdorf<\/td><td>J. Stockklausner<\/td><td>Eisenbahnkurier<\/td><td>1982<\/td><\/tr><tr><td>O42<\/td><td>150 Jahre Simmering Graz Pauker 1831-1981<\/td><td><\/td><td><\/td><td>1981<\/td><\/tr><tr><td>O43<\/td><td>SGP Schienenfahrzeuge\/Lokomotiven 1. Band<\/td><td><\/td><td><\/td><td><\/td><\/tr><tr><td>O44<\/td><td>Diesel- Zahnradlokomotive 11 &#8211; 1250 PS<\/td><td>Simmering Graz Pauker<\/td><td><\/td><td><\/td><\/tr><tr><td>O45<\/td><td>Van der Zypen&amp;Charlier GmbH\/C\u00f6ln-Deutz<\/td><td><\/td><td><\/td><td>1981<\/td><\/tr><tr><td>O46<\/td><td>Union\/E-Gesellschaft Berlin\/Elektrische Bahnen 1897-1898<\/td><td>Wolfgang Reimann<\/td><td>Motorbuch<\/td><td>1978<\/td><\/tr><tr><td>O47<\/td><td>Vier-cylindrige Verbund-Lokomotiven\/Bauart de Glehn<\/td><td>Els\u00e4ssische Maschinenbau-Gesellschaft<\/td><td><\/td><td><\/td><\/tr><tr><td>O48<\/td><td>Lokomotiven von Hagans<\/td><td>Hagans\/Lohr\/Thielmann<\/td><td>transpress<\/td><td>1991<\/td><\/tr><tr><td>O49<\/td><td>Maschinenbaugesellschaft Heilbronn<\/td><td>Werner Willhaus<\/td><td>Eisenbahnkurier<\/td><td>2000<\/td><\/tr><tr><td>O50<\/td><td>Windhoff Lokomotiven<\/td><td>Stefan Lauscher<\/td><td>Rheiner Maschinenfabrik<\/td><td>1985<\/td><\/tr><tr><td>O51<\/td><td>Hohenzollern Lokomotiven 1872-1929<\/td><td>Kurt Pierson<\/td><td>Steiger<\/td><td>1984<\/td><\/tr><tr><td>O52<\/td><td>Schwarzkopflokomotiven 1867-1945<\/td><td>Haeuber\/Lawrenz<\/td><td>Steiger<\/td><td><\/td><\/tr><tr><td>O53<\/td><td>Die Schweizerische Lokomotiv-und Maschinenfabrik 1871-1997<\/td><td>Kaspar Vogel<\/td><td>Minirex<\/td><td>2003<\/td><\/tr><tr><td>O54<\/td><td>Berliner Bahnbetriebswerke<\/td><td>Reimer\/Winkler<\/td><td>Geramond<\/td><td>2001<\/td><\/tr><tr><td>O55<\/td><td>Das Eisenbahnausbesserungswerk Schwerte<\/td><td>Braun\/Thielmann<\/td><td>Kenning<\/td><td>2001<\/td><\/tr><tr><td>O56<\/td><td>Die Bundesbahn-Ausbesserungswerk N\u00fcrnberg<\/td><td>Benoist\/Wilczek<\/td><td>Eisenbahnkurier<\/td><td>1980<\/td><\/tr><tr><td>O57<\/td><td>125 Jahre Fahrzeugausbesserungswerk Chemnitz 1869-1994<\/td><td><\/td><td><\/td><td><\/td><\/tr><tr><td>O58<\/td><td>Das Bundesbahn-Ausbesserungswerk M\u00fcnchen-Neuaubing 1906-1981<\/td><td><\/td><td>Eisenbahnkurier<\/td><td><\/td><\/tr><tr><td>O59<\/td><td>25 Jahre Ausbesserungswerk M\u00fcnchen-Freimann<\/td><td><\/td><td><\/td><td><\/td><\/tr><tr><td>O60<\/td><td>75 Jahre Bundesbahn Ausbesserungswerk Opladen 1903-1978<\/td><td><\/td><td><\/td><td><\/td><\/tr><tr><td>O61<\/td><td>Lokomotiv-Versuchsamt Grunewald<\/td><td>Dirk Winkler<\/td><td>Geramond<\/td><td>2002<\/td><\/tr><tr><td>O62<\/td><td>Die Anschlussbahn der Leuna-Werke<\/td><td>Bossig\/Lange<\/td><td>Eisenbahnkurier<\/td><td>2003<\/td><\/tr><tr><td>O63<\/td><td>150 Jahre Schienenfahrzeuge aus N\u00fcrnberg<\/td><td>Uebel\/Richter<\/td><td>Eisenbahnkurier<\/td><td>1994<\/td><\/tr><tr><td>O64<\/td><td>150 Jahre Waggonbau in G\u00f6rlitz 1849-1999<\/td><td>Wolfgang Theurich<\/td><td>Eisenbahnkurier<\/td><td>1999<\/td><\/tr><\/tbody><\/table><\/figure>\n","protected":false},"excerpt":{"rendered":"<p>F Lokomotivfabriken OO1 Das Tor zur neuen Bahn Erich Staisch Kabel 1991 OO2 The Locomotives that Baldwin built Fred Westing Superior Publishing Company 1966 OO3 100 Jahre B\u00f6hler Edelstahl B\u00f6hler B\u00f6hler 1970 OO4 100 Jahre elektrische Zugf\u00f6rderung Eisenbahnkurier 1979 OO5 \u00d6sterr. Monatsschrift f\u00fcr Eisenbahnbetrieb und Werkst\u00e4tte 1926\/27\/29 OO6 Lokomotivbau Wolfgang Messerschmidt Motorbuch 1985 OO7 Mechanische [&hellip;]<\/p>\n","protected":false},"author":2,"featured_media":0,"parent":0,"menu_order":0,"comment_status":"closed","ping_status":"closed","template":"","meta":{"footnotes":""},"class_list":["post-2776","page","type-page","status-publish","hentry"],"yoast_head":"<!-- This site is optimized with the Yoast SEO plugin v27.4 - https:\/\/yoast.com\/product\/yoast-seo-wordpress\/ -->\n<title>Lokomotivfabriken - EBFL<\/title>\n<meta name=\"robots\" content=\"index, follow, max-snippet:-1, max-image-preview:large, max-video-preview:-1\" \/>\n<link rel=\"canonical\" href=\"https:\/\/ebfl.at\/index.php\/lokomotivfabriken\/\" \/>\n<meta property=\"og:locale\" content=\"de_DE\" \/>\n<meta property=\"og:type\" content=\"article\" \/>\n<meta property=\"og:title\" content=\"Lokomotivfabriken - EBFL\" \/>\n<meta property=\"og:description\" content=\"F Lokomotivfabriken OO1 Das Tor zur neuen Bahn Erich Staisch Kabel 1991 OO2 The Locomotives that Baldwin built Fred Westing Superior Publishing Company 1966 OO3 100 Jahre B\u00f6hler Edelstahl B\u00f6hler B\u00f6hler 1970 OO4 100 Jahre elektrische Zugf\u00f6rderung Eisenbahnkurier 1979 OO5 \u00d6sterr. Monatsschrift f\u00fcr Eisenbahnbetrieb und Werkst\u00e4tte 1926\/27\/29 OO6 Lokomotivbau Wolfgang Messerschmidt Motorbuch 1985 OO7 Mechanische [&hellip;]\" \/>\n<meta property=\"og:url\" content=\"https:\/\/ebfl.at\/index.php\/lokomotivfabriken\/\" \/>\n<meta property=\"og:site_name\" content=\"EBFL\" \/>\n<meta property=\"article:publisher\" content=\"https:\/\/www.facebook.com\/pages\/category\/History-Museum\/EBFLat-301838060596265\/\" \/>\n<meta name=\"twitter:card\" content=\"summary_large_image\" \/>\n<meta name=\"twitter:label1\" content=\"Gesch\u00e4tzte Lesezeit\" \/>\n\t<meta name=\"twitter:data1\" content=\"3\u00a0Minuten\" \/>\n<script type=\"application\/ld+json\" class=\"yoast-schema-graph\">{\"@context\":\"https:\\\/\\\/schema.org\",\"@graph\":[{\"@type\":\"WebPage\",\"@id\":\"https:\\\/\\\/ebfl.at\\\/index.php\\\/lokomotivfabriken\\\/\",\"url\":\"https:\\\/\\\/ebfl.at\\\/index.php\\\/lokomotivfabriken\\\/\",\"name\":\"Lokomotivfabriken - EBFL\",\"isPartOf\":{\"@id\":\"https:\\\/\\\/ebfl.at\\\/#website\"},\"datePublished\":\"2021-05-04T17:35:53+00:00\",\"breadcrumb\":{\"@id\":\"https:\\\/\\\/ebfl.at\\\/index.php\\\/lokomotivfabriken\\\/#breadcrumb\"},\"inLanguage\":\"de\",\"potentialAction\":[{\"@type\":\"ReadAction\",\"target\":[\"https:\\\/\\\/ebfl.at\\\/index.php\\\/lokomotivfabriken\\\/\"]}]},{\"@type\":\"BreadcrumbList\",\"@id\":\"https:\\\/\\\/ebfl.at\\\/index.php\\\/lokomotivfabriken\\\/#breadcrumb\",\"itemListElement\":[{\"@type\":\"ListItem\",\"position\":1,\"name\":\"Startseite\",\"item\":\"https:\\\/\\\/ebfl.at\\\/\"},{\"@type\":\"ListItem\",\"position\":2,\"name\":\"Lokomotivfabriken\"}]},{\"@type\":\"WebSite\",\"@id\":\"https:\\\/\\\/ebfl.at\\\/#website\",\"url\":\"https:\\\/\\\/ebfl.at\\\/\",\"name\":\"EBFL Eisenbahnfreunde Lienz\",\"description\":\"Verein der Eisenbahnfreunde in Lienz\",\"publisher\":{\"@id\":\"https:\\\/\\\/ebfl.at\\\/#organization\"},\"potentialAction\":[{\"@type\":\"SearchAction\",\"target\":{\"@type\":\"EntryPoint\",\"urlTemplate\":\"https:\\\/\\\/ebfl.at\\\/?s={search_term_string}\"},\"query-input\":{\"@type\":\"PropertyValueSpecification\",\"valueRequired\":true,\"valueName\":\"search_term_string\"}}],\"inLanguage\":\"de\"},{\"@type\":\"Organization\",\"@id\":\"https:\\\/\\\/ebfl.at\\\/#organization\",\"name\":\"EBFL - Eisenbahnfreunde Lienz\",\"url\":\"https:\\\/\\\/ebfl.at\\\/\",\"logo\":{\"@type\":\"ImageObject\",\"inLanguage\":\"de\",\"@id\":\"https:\\\/\\\/ebfl.at\\\/#\\\/schema\\\/logo\\\/image\\\/\",\"url\":\"https:\\\/\\\/ebfl.at\\\/wp-content\\\/uploads\\\/2019\\\/01\\\/Eisenbahnfreunde-Lienz.jpg\",\"contentUrl\":\"https:\\\/\\\/ebfl.at\\\/wp-content\\\/uploads\\\/2019\\\/01\\\/Eisenbahnfreunde-Lienz.jpg\",\"width\":1087,\"height\":480,\"caption\":\"EBFL - Eisenbahnfreunde Lienz\"},\"image\":{\"@id\":\"https:\\\/\\\/ebfl.at\\\/#\\\/schema\\\/logo\\\/image\\\/\"},\"sameAs\":[\"https:\\\/\\\/www.facebook.com\\\/pages\\\/category\\\/History-Museum\\\/EBFLat-301838060596265\\\/\"]}]}<\/script>\n<!-- \/ Yoast SEO plugin. -->","yoast_head_json":{"title":"Lokomotivfabriken - EBFL","robots":{"index":"index","follow":"follow","max-snippet":"max-snippet:-1","max-image-preview":"max-image-preview:large","max-video-preview":"max-video-preview:-1"},"canonical":"https:\/\/ebfl.at\/index.php\/lokomotivfabriken\/","og_locale":"de_DE","og_type":"article","og_title":"Lokomotivfabriken - EBFL","og_description":"F Lokomotivfabriken OO1 Das Tor zur neuen Bahn Erich Staisch Kabel 1991 OO2 The Locomotives that Baldwin built Fred Westing Superior Publishing Company 1966 OO3 100 Jahre B\u00f6hler Edelstahl B\u00f6hler B\u00f6hler 1970 OO4 100 Jahre elektrische Zugf\u00f6rderung Eisenbahnkurier 1979 OO5 \u00d6sterr. Monatsschrift f\u00fcr Eisenbahnbetrieb und Werkst\u00e4tte 1926\/27\/29 OO6 Lokomotivbau Wolfgang Messerschmidt Motorbuch 1985 OO7 Mechanische [&hellip;]","og_url":"https:\/\/ebfl.at\/index.php\/lokomotivfabriken\/","og_site_name":"EBFL","article_publisher":"https:\/\/www.facebook.com\/pages\/category\/History-Museum\/EBFLat-301838060596265\/","twitter_card":"summary_large_image","twitter_misc":{"Gesch\u00e4tzte Lesezeit":"3\u00a0Minuten"},"schema":{"@context":"https:\/\/schema.org","@graph":[{"@type":"WebPage","@id":"https:\/\/ebfl.at\/index.php\/lokomotivfabriken\/","url":"https:\/\/ebfl.at\/index.php\/lokomotivfabriken\/","name":"Lokomotivfabriken - EBFL","isPartOf":{"@id":"https:\/\/ebfl.at\/#website"},"datePublished":"2021-05-04T17:35:53+00:00","breadcrumb":{"@id":"https:\/\/ebfl.at\/index.php\/lokomotivfabriken\/#breadcrumb"},"inLanguage":"de","potentialAction":[{"@type":"ReadAction","target":["https:\/\/ebfl.at\/index.php\/lokomotivfabriken\/"]}]},{"@type":"BreadcrumbList","@id":"https:\/\/ebfl.at\/index.php\/lokomotivfabriken\/#breadcrumb","itemListElement":[{"@type":"ListItem","position":1,"name":"Startseite","item":"https:\/\/ebfl.at\/"},{"@type":"ListItem","position":2,"name":"Lokomotivfabriken"}]},{"@type":"WebSite","@id":"https:\/\/ebfl.at\/#website","url":"https:\/\/ebfl.at\/","name":"EBFL Eisenbahnfreunde Lienz","description":"Verein der Eisenbahnfreunde in Lienz","publisher":{"@id":"https:\/\/ebfl.at\/#organization"},"potentialAction":[{"@type":"SearchAction","target":{"@type":"EntryPoint","urlTemplate":"https:\/\/ebfl.at\/?s={search_term_string}"},"query-input":{"@type":"PropertyValueSpecification","valueRequired":true,"valueName":"search_term_string"}}],"inLanguage":"de"},{"@type":"Organization","@id":"https:\/\/ebfl.at\/#organization","name":"EBFL - Eisenbahnfreunde Lienz","url":"https:\/\/ebfl.at\/","logo":{"@type":"ImageObject","inLanguage":"de","@id":"https:\/\/ebfl.at\/#\/schema\/logo\/image\/","url":"https:\/\/ebfl.at\/wp-content\/uploads\/2019\/01\/Eisenbahnfreunde-Lienz.jpg","contentUrl":"https:\/\/ebfl.at\/wp-content\/uploads\/2019\/01\/Eisenbahnfreunde-Lienz.jpg","width":1087,"height":480,"caption":"EBFL - Eisenbahnfreunde Lienz"},"image":{"@id":"https:\/\/ebfl.at\/#\/schema\/logo\/image\/"},"sameAs":["https:\/\/www.facebook.com\/pages\/category\/History-Museum\/EBFLat-301838060596265\/"]}]}},"_links":{"self":[{"href":"https:\/\/ebfl.at\/index.php\/wp-json\/wp\/v2\/pages\/2776","targetHints":{"allow":["GET"]}}],"collection":[{"href":"https:\/\/ebfl.at\/index.php\/wp-json\/wp\/v2\/pages"}],"about":[{"href":"https:\/\/ebfl.at\/index.php\/wp-json\/wp\/v2\/types\/page"}],"author":[{"embeddable":true,"href":"https:\/\/ebfl.at\/index.php\/wp-json\/wp\/v2\/users\/2"}],"replies":[{"embeddable":true,"href":"https:\/\/ebfl.at\/index.php\/wp-json\/wp\/v2\/comments?post=2776"}],"version-history":[{"count":1,"href":"https:\/\/ebfl.at\/index.php\/wp-json\/wp\/v2\/pages\/2776\/revisions"}],"predecessor-version":[{"id":2777,"href":"https:\/\/ebfl.at\/index.php\/wp-json\/wp\/v2\/pages\/2776\/revisions\/2777"}],"wp:attachment":[{"href":"https:\/\/ebfl.at\/index.php\/wp-json\/wp\/v2\/media?parent=2776"}],"curies":[{"name":"wp","href":"https:\/\/api.w.org\/{rel}","templated":true}]}}