{"id":278,"date":"2019-01-26T15:10:16","date_gmt":"2019-01-26T14:10:16","guid":{"rendered":"https:\/\/wp.ebfl.at\/?page_id=278"},"modified":"2025-12-15T23:11:31","modified_gmt":"2025-12-15T22:11:31","slug":"fanartikel","status":"publish","type":"page","link":"https:\/\/ebfl.at\/index.php\/verein\/fanartikel\/","title":{"rendered":"Fanartikel"},"content":{"rendered":"\n<p class=\"has-very-light-gray-background-color has-background\">Unsere Fanartikel sind im S\u00fcdbahn Heizhaus w\u00e4hrend der \u00d6ffnungszeiten und unter <strong><a href=\"mailto:kontakt@ebfl.at\">kontakt@ebfl.at<\/a><\/strong> erh\u00e4ltlich (zuz\u00fcglich Postgeb\u00fchren).<\/p>\n\n\n\n<figure class=\"wp-block-gallery has-nested-images columns-default is-cropped wp-block-gallery-1 is-layout-flex wp-block-gallery-is-layout-flex\">\n<figure class=\"wp-block-image size-large\"><img loading=\"lazy\" decoding=\"async\" width=\"700\" height=\"869\" data-id=\"1311\" src=\"https:\/\/ebfl.at\/wp-content\/uploads\/2019\/03\/20180916_144443-3.png\" alt=\"\" class=\"wp-image-1311\" srcset=\"https:\/\/ebfl.at\/wp-content\/uploads\/2019\/03\/20180916_144443-3.png 700w, https:\/\/ebfl.at\/wp-content\/uploads\/2019\/03\/20180916_144443-3-242x300.png 242w\" sizes=\"auto, (max-width: 700px) 100vw, 700px\" \/><figcaption class=\"wp-element-caption\">Kinder T-Shirt<\/figcaption><\/figure>\n\n\n\n<figure class=\"wp-block-image size-large\"><img loading=\"lazy\" decoding=\"async\" width=\"733\" height=\"1024\" data-id=\"1312\" src=\"https:\/\/ebfl.at\/wp-content\/uploads\/2019\/03\/DSC_6998-2-733x1024.png\" alt=\"\" class=\"wp-image-1312\" srcset=\"https:\/\/ebfl.at\/wp-content\/uploads\/2019\/03\/DSC_6998-2-733x1024.png 733w, https:\/\/ebfl.at\/wp-content\/uploads\/2019\/03\/DSC_6998-2-215x300.png 215w, https:\/\/ebfl.at\/wp-content\/uploads\/2019\/03\/DSC_6998-2-768x1073.png 768w, https:\/\/ebfl.at\/wp-content\/uploads\/2019\/03\/DSC_6998-2.png 1500w\" sizes=\"auto, (max-width: 733px) 100vw, 733px\" \/><figcaption class=\"wp-element-caption\">T-Shirt und Schildkappe<\/figcaption><\/figure>\n\n\n\n<figure class=\"wp-block-image size-large\"><img loading=\"lazy\" decoding=\"async\" width=\"930\" height=\"1024\" data-id=\"1313\" src=\"https:\/\/ebfl.at\/wp-content\/uploads\/2019\/03\/DSC_6984-2-930x1024.png\" alt=\"\" class=\"wp-image-1313\" srcset=\"https:\/\/ebfl.at\/wp-content\/uploads\/2019\/03\/DSC_6984-2-930x1024.png 930w, https:\/\/ebfl.at\/wp-content\/uploads\/2019\/03\/DSC_6984-2-272x300.png 272w, https:\/\/ebfl.at\/wp-content\/uploads\/2019\/03\/DSC_6984-2-768x846.png 768w, https:\/\/ebfl.at\/wp-content\/uploads\/2019\/03\/DSC_6984-2.png 1500w\" sizes=\"auto, (max-width: 930px) 100vw, 930px\" \/><figcaption class=\"wp-element-caption\">Polo Shirt<\/figcaption><\/figure>\n\n\n\n<figure class=\"wp-block-image size-large\"><img loading=\"lazy\" decoding=\"async\" width=\"700\" height=\"551\" data-id=\"1314\" src=\"https:\/\/ebfl.at\/wp-content\/uploads\/2019\/03\/Kinder-Schildkappe-2.png\" alt=\"\" class=\"wp-image-1314\" srcset=\"https:\/\/ebfl.at\/wp-content\/uploads\/2019\/03\/Kinder-Schildkappe-2.png 700w, https:\/\/ebfl.at\/wp-content\/uploads\/2019\/03\/Kinder-Schildkappe-2-300x236.png 300w\" sizes=\"auto, (max-width: 700px) 100vw, 700px\" \/><figcaption class=\"wp-element-caption\">Kinder Schildkappe<\/figcaption><\/figure>\n\n\n\n<figure class=\"wp-block-image size-large\"><img loading=\"lazy\" decoding=\"async\" width=\"819\" height=\"1024\" data-id=\"4942\" src=\"https:\/\/ebfl.at\/wp-content\/uploads\/2025\/11\/EBFL-Rucksack-819x1024.jpg\" alt=\"\" class=\"wp-image-4942\" srcset=\"https:\/\/ebfl.at\/wp-content\/uploads\/2025\/11\/EBFL-Rucksack-819x1024.jpg 819w, https:\/\/ebfl.at\/wp-content\/uploads\/2025\/11\/EBFL-Rucksack-240x300.jpg 240w, https:\/\/ebfl.at\/wp-content\/uploads\/2025\/11\/EBFL-Rucksack-768x960.jpg 768w, https:\/\/ebfl.at\/wp-content\/uploads\/2025\/11\/EBFL-Rucksack-1229x1536.jpg 1229w, https:\/\/ebfl.at\/wp-content\/uploads\/2025\/11\/EBFL-Rucksack-1638x2048.jpg 1638w, https:\/\/ebfl.at\/wp-content\/uploads\/2025\/11\/EBFL-Rucksack-scaled.jpg 2048w\" sizes=\"auto, (max-width: 819px) 100vw, 819px\" \/><figcaption class=\"wp-element-caption\">Rucksack<\/figcaption><\/figure>\n<\/figure>\n\n\n\n<p><\/p>\n\n\n\n<p><\/p>\n\n\n\n<figure class=\"wp-block-gallery has-nested-images columns-default is-cropped wp-block-gallery-2 is-layout-flex wp-block-gallery-is-layout-flex\">\n<figure class=\"wp-block-image size-large\"><img loading=\"lazy\" decoding=\"async\" width=\"1024\" height=\"888\" data-id=\"2686\" src=\"https:\/\/ebfl.at\/wp-content\/uploads\/2021\/05\/B20_Cover-1024x888.jpeg\" alt=\"\" class=\"wp-image-2686\" srcset=\"https:\/\/ebfl.at\/wp-content\/uploads\/2021\/05\/B20_Cover-1024x888.jpeg 1024w, https:\/\/ebfl.at\/wp-content\/uploads\/2021\/05\/B20_Cover-300x260.jpeg 300w, https:\/\/ebfl.at\/wp-content\/uploads\/2021\/05\/B20_Cover-768x666.jpeg 768w, https:\/\/ebfl.at\/wp-content\/uploads\/2021\/05\/B20_Cover.jpeg 1107w\" sizes=\"auto, (max-width: 1024px) 100vw, 1024px\" \/><\/figure>\n\n\n\n<figure class=\"wp-block-image size-large\"><img loading=\"lazy\" decoding=\"async\" width=\"791\" height=\"1024\" data-id=\"4944\" src=\"https:\/\/ebfl.at\/wp-content\/uploads\/2025\/11\/Reihe-2043_Cover_k1-791x1024.jpg\" alt=\"\" class=\"wp-image-4944\" srcset=\"https:\/\/ebfl.at\/wp-content\/uploads\/2025\/11\/Reihe-2043_Cover_k1-791x1024.jpg 791w, https:\/\/ebfl.at\/wp-content\/uploads\/2025\/11\/Reihe-2043_Cover_k1-232x300.jpg 232w, https:\/\/ebfl.at\/wp-content\/uploads\/2025\/11\/Reihe-2043_Cover_k1-768x994.jpg 768w, https:\/\/ebfl.at\/wp-content\/uploads\/2025\/11\/Reihe-2043_Cover_k1-1186x1536.jpg 1186w, https:\/\/ebfl.at\/wp-content\/uploads\/2025\/11\/Reihe-2043_Cover_k1.jpg 1300w\" sizes=\"auto, (max-width: 791px) 100vw, 791px\" \/><\/figure>\n<\/figure>\n\n\n\n<p><\/p>\n\n\n\n<p class=\"has-very-light-gray-color has-vivid-red-background-color has-text-color has-background\"><strong>T-Shirts, Polo-Shirts und Schildkappen aus 100 % Bauwolle mit aufgesticktem Logo<\/strong><\/p>\n\n\n\n<p class=\"has-vivid-red-color has-text-color has-medium-font-size\"><strong>Preise<\/strong><\/p>\n\n\n\n<figure class=\"wp-block-table\"><table><tbody><tr><td>T-Shirt Kinder<\/td><td>104, 116, 128, 140<\/td><td>\u20ac 18,00<\/td><\/tr><tr><td>T-Shirt<\/td><td>SX, S, M, L, XL, XXL<\/td><td>\u20ac 25,00<\/td><\/tr><tr><td>Polo-Shirt<\/td><td>L, XL, 2XL, 3XL<\/td><td>\u20ac 30,00<\/td><\/tr><tr><td>Schildkappe Kinder<\/td><td>rot<\/td><td>\u20ac 15,00<\/td><\/tr><tr><td>Schildkappe<\/td><td>schwarz<\/td><td>\u20ac 23,00<\/td><\/tr><tr><td>Rucksack<\/td><td>auch f\u00fcr Laptop geeignet<\/td><td>\u20ac 59,00<\/td><\/tr><tr><td>S\u00fcdbahn Heizhaus <\/td><td>Buch<\/td><td>\u20ac 32,90<\/td><\/tr><tr><td>Die Triebfahrzeugreihe 2043 der \u00d6BB<\/td><td>Buch<\/td><td>\u20ac 65,00<\/td><\/tr><\/tbody><\/table><\/figure>\n\n\n\n<p><\/p>\n\n\n\n<p>____________________________________________________________________________________<\/p>\n\n\n\n<div class=\"wp-block-media-text is-stacked-on-mobile\"><figure class=\"wp-block-media-text__media\"><img loading=\"lazy\" decoding=\"async\" width=\"791\" height=\"1024\" src=\"https:\/\/ebfl.at\/wp-content\/uploads\/2025\/11\/Reihe-2043_Cover_k1-791x1024.jpg\" alt=\"\" class=\"wp-image-4944 size-full\" srcset=\"https:\/\/ebfl.at\/wp-content\/uploads\/2025\/11\/Reihe-2043_Cover_k1-791x1024.jpg 791w, https:\/\/ebfl.at\/wp-content\/uploads\/2025\/11\/Reihe-2043_Cover_k1-232x300.jpg 232w, https:\/\/ebfl.at\/wp-content\/uploads\/2025\/11\/Reihe-2043_Cover_k1-768x994.jpg 768w, https:\/\/ebfl.at\/wp-content\/uploads\/2025\/11\/Reihe-2043_Cover_k1-1186x1536.jpg 1186w, https:\/\/ebfl.at\/wp-content\/uploads\/2025\/11\/Reihe-2043_Cover_k1.jpg 1300w\" sizes=\"auto, (max-width: 791px) 100vw, 791px\" \/><\/figure><div class=\"wp-block-media-text__content\">\n<p><strong>Die Triebfahrzeugreihe 2043 der \u00d6BB<\/strong><\/p>\n\n\n\n<p>\u20ac&nbsp;65,00 inkl. Mwst<\/p>\n\n\n\n<p>ISBN: 978-3-903177-08-6<\/p>\n\n\n\n<p>Die Triebfahrzeugreihe 2043 der \u00d6BB<br>Erscheinungsjahr: 2025<\/p>\n\n\n\n<p><strong>Autor:<\/strong> Georg Karner<\/p>\n\n\n\n<p><strong>Seit 15.12.2025 lieferbar!<\/strong><\/p>\n\n\n\n<p class=\"has-vivid-red-color has-text-color has-link-color wp-elements-c9365267f914bd71ea50e5e539e3962b\"><\/p>\n<\/div><\/div>\n\n\n\n<p><\/p>\n\n\n\n<p>Kategorie: Fahrzeuggeschichte<\/p>\n\n\n\n<p>Dieses Buch pr\u00e4sentiert ein spannendes St\u00fcck Technikgeschichte, das in der Fachliteratur unter dem Stichwort \u201eStrukturwandel\u201c behandelt wird. Nach verh\u00e4ltnism\u00e4\u00dfig kleinen Serien (2045, 2050, 5045\/5145, 5046) geht es um die gro\u00dffl\u00e4chige und endg\u00fcltige Verdieselung des Streckenbetriebs in \u00d6sterreich.<\/p>\n\n\n\n<p>Dem Buchtitel entsprechend findet sich zun\u00e4chst eine Darstellung der Jenbacher Prototyp-Lok, die mit ihren im Drehgestell gelagerten Einzelachs-Turbogetrieben eine weltweit einzigartige Konstruktion darstellt.<\/p>\n\n\n\n<p>Das Kraft\u00fcbertragungskonzept der Vorserien- und Serienloks entsprach dann wieder dem technischen \u201eMainstream\u201c der dieselhydraulischen Antriebstechnik, der in Zusammenarbeit der Deutschen Bundesbahn und der deutschen Lokomotiv-Industrie zu hoher technischer Perfektion und Betriebstauglichkeit entwickelt wurde. Bei der elektrischen Zugheizung hingegen z\u00e4hlte die DB zu den Nachz\u00fcglern, w\u00e4hrend die \u00d6BB zwar nicht in der Spitzengruppe, aber unter den Verfolgern zu finden war.<\/p>\n\n\n\n<p>Der Strukturwandel spiegelt sich auch im Vorschriftenwesen. Die Zust\u00e4ndigkeit f\u00fcr die Betriebsuntersuchung wanderte vom Lokpersonal zur Werkst\u00e4tte. Details der entsprechenden Regelungen wurden durch Dienstanweisungen versuchsweise eingef\u00fchrt und einige Male an die betrieblichen Erfahrungen angepasst, bevor sie in einer Vorschrift dauerhaft festgelegt wurden.<\/p>\n\n\n\n<p>Das Buch konzentriert sich auf den Zeitraum von etwa 1960 bis 1980. Von der Prototyplok bis zur letzten Serienlok gab es Weiterentwicklungen in den Lieferserien. Basis daf\u00fcr ist einerseits der regelm\u00e4\u00dfige \u00f6sterreichweite \u201eErfahrungsaustausch\u201c, andererseits wird Entwicklungsarbeit zum Teil \u2014 aufgrund pers\u00f6nlichen Engagements \u2013 in den Zugf\u00f6rderungsdienststellen im Rahmen von \u201eVerbesserungsvorschl\u00e4gen\u201c geleistet. Mit der Zahl der gelieferten Loks w\u00e4chst auch das Einsatzgebiet, was sich speziell im Bereich der Bundesbahndirektion Villach (vereinfacht gesagt \u201e\u00d6sterreich s\u00fcdlich des Alpenhauptkammes\u201c gut nachvollziehen l\u00e4sst. Breiten Raum erh\u00e4lt der Steilstreckeneinsatz am Erzberg. Auch hier lassen sich anhand diverser Dienstanweisungen die verschiedenen Phasen des Probetriebs gut nachzeichnen. Abgerundet wird das Buch durch einen fotografischen Querschnitt der Planeins\u00e4tze in weiten Teilen \u00d6sterreichs sowie einen Blick auf die Nostalgiefahrzeuge.<\/p>\n\n\n\n<p>Das Buch hat einen Umfang von 400 Seiten im Format 280 x 215 mm und enth\u00e4lt zahlreiche Farb- und SW-Fotos.<\/p>\n\n\n\n<p>______________________________________________________________________________________<\/p>\n\n\n\n<div class=\"wp-block-media-text is-stacked-on-mobile\"><figure class=\"wp-block-media-text__media\"><img loading=\"lazy\" decoding=\"async\" width=\"1024\" height=\"888\" src=\"https:\/\/ebfl.at\/wp-content\/uploads\/2021\/05\/B20_Cover-1024x888.jpeg\" alt=\"\" class=\"wp-image-2686 size-full\" srcset=\"https:\/\/ebfl.at\/wp-content\/uploads\/2021\/05\/B20_Cover-1024x888.jpeg 1024w, https:\/\/ebfl.at\/wp-content\/uploads\/2021\/05\/B20_Cover-300x260.jpeg 300w, https:\/\/ebfl.at\/wp-content\/uploads\/2021\/05\/B20_Cover-768x666.jpeg 768w, https:\/\/ebfl.at\/wp-content\/uploads\/2021\/05\/B20_Cover.jpeg 1107w\" sizes=\"auto, (max-width: 1024px) 100vw, 1024px\" \/><\/figure><div class=\"wp-block-media-text__content\">\n<p><strong>S\u00fcdbahn-Heizhaus<\/strong><\/p>\n\n\n\n<p>\u20ac&nbsp;32,90 <small>inkl. Mwst<\/small><\/p>\n\n\n\n<p>ISBN: 978-3-903177-37-6<\/p>\n\n\n\n<p>S\u00fcdbahn-Heizhaus \u2013 Vom Bahnbau in Lienz 1869\/71 bis zur Gegenwart<br>Erscheinungsjahr: 2021<\/p>\n\n\n\n<p><strong>Autor:<\/strong> Martin Kofler<\/p>\n<\/div><\/div>\n\n\n\n<p><\/p>\n\n\n\n<p>Das Heizhaus in Lienz wurde im Zuge des Baues der so wichtigen Pustertalbahn Villach\u2013Lienz\u2013Franzensfeste 1869\u20131871 errichtet. Zun\u00e4chst war das \u00fcber 90 Meter lange und 18 Meter breite Heizhaus Heimat von Dampflokomotiven. Mit der Umstellung auf den Antriebsstoff Diesel und dann die Antriebsenergie Strom in den 1960er bis 1980er Jahren ging parallel zum bereits vorher einsetzenden Bedeutungsverlust der Pustertalbahn der \u00f6rtliche Personalstand stark zur\u00fcck. Der 1980 gegr\u00fcndete \u201eVerein der Eisenbahnfreunde in Lienz\u201c sollte durch r\u00fchriges Engagement das seit 1999 unter Denkmalschutz stehende Heizhaus schlussendlich revitalisieren. Heute besteht das Eisenbahnmuseum im historischen Heizhaus, welches Einheimischen wie G\u00e4sten das Herz h\u00f6herschlagen l\u00e4sst.<\/p>\n\n\n\n<p>Der Bildband enth\u00e4lt auf 120 Seiten eine kurze Geschichte des Heizhauses sowie vor allem zahlreiche Fotos aus allen Epochen seines Bestehens.<\/p>\n\n\n\n<p>120 Seiten im Format 240 x 205 mm enthalten zahlreiche SW- und Farbaufnahmen.<\/p>\n\n\n\n<p><\/p>\n\n\n\n<p>Dieser Bildband wurde gemeinsam mit dem Verein der Eisenbahnfreunde in Lienz erstellt. Er wird <strong>nur noch<\/strong> vom Verein EBFL vertrieben.<\/p>\n\n\n\n<p><\/p>\n","protected":false},"excerpt":{"rendered":"<p>Unsere Fanartikel sind im S\u00fcdbahn Heizhaus w\u00e4hrend der \u00d6ffnungszeiten und unter kontakt@ebfl.at erh\u00e4ltlich (zuz\u00fcglich Postgeb\u00fchren). T-Shirts, Polo-Shirts und Schildkappen aus 100 % Bauwolle mit aufgesticktem Logo Preise T-Shirt Kinder 104, 116, 128, 140 \u20ac 18,00 T-Shirt SX, S, M, L, XL, XXL \u20ac 25,00 Polo-Shirt L, XL, 2XL, 3XL \u20ac 30,00 Schildkappe Kinder rot \u20ac [&hellip;]<\/p>\n","protected":false},"author":1,"featured_media":0,"parent":69,"menu_order":0,"comment_status":"closed","ping_status":"closed","template":"","meta":{"footnotes":""},"class_list":["post-278","page","type-page","status-publish","hentry"],"yoast_head":"<!-- This site is optimized with the Yoast SEO plugin v27.4 - https:\/\/yoast.com\/product\/yoast-seo-wordpress\/ -->\n<title>Fanartikel - EBFL<\/title>\n<meta name=\"robots\" content=\"index, follow, max-snippet:-1, max-image-preview:large, max-video-preview:-1\" \/>\n<link rel=\"canonical\" href=\"https:\/\/ebfl.at\/index.php\/verein\/fanartikel\/\" \/>\n<meta property=\"og:locale\" content=\"de_DE\" \/>\n<meta property=\"og:type\" content=\"article\" \/>\n<meta property=\"og:title\" content=\"Fanartikel - EBFL\" \/>\n<meta property=\"og:description\" content=\"Unsere Fanartikel sind im S\u00fcdbahn Heizhaus w\u00e4hrend der \u00d6ffnungszeiten und unter kontakt@ebfl.at erh\u00e4ltlich (zuz\u00fcglich Postgeb\u00fchren). T-Shirts, Polo-Shirts und Schildkappen aus 100 % Bauwolle mit aufgesticktem Logo Preise T-Shirt Kinder 104, 116, 128, 140 \u20ac 18,00 T-Shirt SX, S, M, L, XL, XXL \u20ac 25,00 Polo-Shirt L, XL, 2XL, 3XL \u20ac 30,00 Schildkappe Kinder rot \u20ac [&hellip;]\" \/>\n<meta property=\"og:url\" content=\"https:\/\/ebfl.at\/index.php\/verein\/fanartikel\/\" \/>\n<meta property=\"og:site_name\" content=\"EBFL\" \/>\n<meta property=\"article:publisher\" content=\"https:\/\/www.facebook.com\/pages\/category\/History-Museum\/EBFLat-301838060596265\/\" \/>\n<meta property=\"article:modified_time\" content=\"2025-12-15T22:11:31+00:00\" \/>\n<meta property=\"og:image\" content=\"https:\/\/ebfl.at\/wp-content\/uploads\/2019\/03\/20180916_144443-3.png\" \/>\n\t<meta property=\"og:image:width\" content=\"700\" \/>\n\t<meta property=\"og:image:height\" content=\"869\" \/>\n\t<meta property=\"og:image:type\" content=\"image\/png\" \/>\n<meta name=\"twitter:card\" content=\"summary_large_image\" \/>\n<meta name=\"twitter:label1\" content=\"Gesch\u00e4tzte Lesezeit\" \/>\n\t<meta name=\"twitter:data1\" content=\"6\u00a0Minuten\" \/>\n<script type=\"application\/ld+json\" class=\"yoast-schema-graph\">{\"@context\":\"https:\\\/\\\/schema.org\",\"@graph\":[{\"@type\":\"WebPage\",\"@id\":\"https:\\\/\\\/ebfl.at\\\/index.php\\\/verein\\\/fanartikel\\\/\",\"url\":\"https:\\\/\\\/ebfl.at\\\/index.php\\\/verein\\\/fanartikel\\\/\",\"name\":\"Fanartikel - EBFL\",\"isPartOf\":{\"@id\":\"https:\\\/\\\/ebfl.at\\\/#website\"},\"primaryImageOfPage\":{\"@id\":\"https:\\\/\\\/ebfl.at\\\/index.php\\\/verein\\\/fanartikel\\\/#primaryimage\"},\"image\":{\"@id\":\"https:\\\/\\\/ebfl.at\\\/index.php\\\/verein\\\/fanartikel\\\/#primaryimage\"},\"thumbnailUrl\":\"https:\\\/\\\/ebfl.at\\\/wp-content\\\/uploads\\\/2019\\\/03\\\/20180916_144443-3.png\",\"datePublished\":\"2019-01-26T14:10:16+00:00\",\"dateModified\":\"2025-12-15T22:11:31+00:00\",\"breadcrumb\":{\"@id\":\"https:\\\/\\\/ebfl.at\\\/index.php\\\/verein\\\/fanartikel\\\/#breadcrumb\"},\"inLanguage\":\"de\",\"potentialAction\":[{\"@type\":\"ReadAction\",\"target\":[\"https:\\\/\\\/ebfl.at\\\/index.php\\\/verein\\\/fanartikel\\\/\"]}]},{\"@type\":\"ImageObject\",\"inLanguage\":\"de\",\"@id\":\"https:\\\/\\\/ebfl.at\\\/index.php\\\/verein\\\/fanartikel\\\/#primaryimage\",\"url\":\"https:\\\/\\\/ebfl.at\\\/wp-content\\\/uploads\\\/2019\\\/03\\\/20180916_144443-3.png\",\"contentUrl\":\"https:\\\/\\\/ebfl.at\\\/wp-content\\\/uploads\\\/2019\\\/03\\\/20180916_144443-3.png\",\"width\":700,\"height\":869},{\"@type\":\"BreadcrumbList\",\"@id\":\"https:\\\/\\\/ebfl.at\\\/index.php\\\/verein\\\/fanartikel\\\/#breadcrumb\",\"itemListElement\":[{\"@type\":\"ListItem\",\"position\":1,\"name\":\"Startseite\",\"item\":\"https:\\\/\\\/ebfl.at\\\/\"},{\"@type\":\"ListItem\",\"position\":2,\"name\":\"Verein\",\"item\":\"https:\\\/\\\/ebfl.at\\\/index.php\\\/verein\\\/\"},{\"@type\":\"ListItem\",\"position\":3,\"name\":\"Fanartikel\"}]},{\"@type\":\"WebSite\",\"@id\":\"https:\\\/\\\/ebfl.at\\\/#website\",\"url\":\"https:\\\/\\\/ebfl.at\\\/\",\"name\":\"EBFL Eisenbahnfreunde Lienz\",\"description\":\"Verein der Eisenbahnfreunde in Lienz\",\"publisher\":{\"@id\":\"https:\\\/\\\/ebfl.at\\\/#organization\"},\"potentialAction\":[{\"@type\":\"SearchAction\",\"target\":{\"@type\":\"EntryPoint\",\"urlTemplate\":\"https:\\\/\\\/ebfl.at\\\/?s={search_term_string}\"},\"query-input\":{\"@type\":\"PropertyValueSpecification\",\"valueRequired\":true,\"valueName\":\"search_term_string\"}}],\"inLanguage\":\"de\"},{\"@type\":\"Organization\",\"@id\":\"https:\\\/\\\/ebfl.at\\\/#organization\",\"name\":\"EBFL - Eisenbahnfreunde Lienz\",\"url\":\"https:\\\/\\\/ebfl.at\\\/\",\"logo\":{\"@type\":\"ImageObject\",\"inLanguage\":\"de\",\"@id\":\"https:\\\/\\\/ebfl.at\\\/#\\\/schema\\\/logo\\\/image\\\/\",\"url\":\"https:\\\/\\\/ebfl.at\\\/wp-content\\\/uploads\\\/2019\\\/01\\\/Eisenbahnfreunde-Lienz.jpg\",\"contentUrl\":\"https:\\\/\\\/ebfl.at\\\/wp-content\\\/uploads\\\/2019\\\/01\\\/Eisenbahnfreunde-Lienz.jpg\",\"width\":1087,\"height\":480,\"caption\":\"EBFL - Eisenbahnfreunde Lienz\"},\"image\":{\"@id\":\"https:\\\/\\\/ebfl.at\\\/#\\\/schema\\\/logo\\\/image\\\/\"},\"sameAs\":[\"https:\\\/\\\/www.facebook.com\\\/pages\\\/category\\\/History-Museum\\\/EBFLat-301838060596265\\\/\"]}]}<\/script>\n<!-- \/ Yoast SEO plugin. -->","yoast_head_json":{"title":"Fanartikel - EBFL","robots":{"index":"index","follow":"follow","max-snippet":"max-snippet:-1","max-image-preview":"max-image-preview:large","max-video-preview":"max-video-preview:-1"},"canonical":"https:\/\/ebfl.at\/index.php\/verein\/fanartikel\/","og_locale":"de_DE","og_type":"article","og_title":"Fanartikel - EBFL","og_description":"Unsere Fanartikel sind im S\u00fcdbahn Heizhaus w\u00e4hrend der \u00d6ffnungszeiten und unter kontakt@ebfl.at erh\u00e4ltlich (zuz\u00fcglich Postgeb\u00fchren). T-Shirts, Polo-Shirts und Schildkappen aus 100 % Bauwolle mit aufgesticktem Logo Preise T-Shirt Kinder 104, 116, 128, 140 \u20ac 18,00 T-Shirt SX, S, M, L, XL, XXL \u20ac 25,00 Polo-Shirt L, XL, 2XL, 3XL \u20ac 30,00 Schildkappe Kinder rot \u20ac [&hellip;]","og_url":"https:\/\/ebfl.at\/index.php\/verein\/fanartikel\/","og_site_name":"EBFL","article_publisher":"https:\/\/www.facebook.com\/pages\/category\/History-Museum\/EBFLat-301838060596265\/","article_modified_time":"2025-12-15T22:11:31+00:00","og_image":[{"width":700,"height":869,"url":"https:\/\/ebfl.at\/wp-content\/uploads\/2019\/03\/20180916_144443-3.png","type":"image\/png"}],"twitter_card":"summary_large_image","twitter_misc":{"Gesch\u00e4tzte Lesezeit":"6\u00a0Minuten"},"schema":{"@context":"https:\/\/schema.org","@graph":[{"@type":"WebPage","@id":"https:\/\/ebfl.at\/index.php\/verein\/fanartikel\/","url":"https:\/\/ebfl.at\/index.php\/verein\/fanartikel\/","name":"Fanartikel - EBFL","isPartOf":{"@id":"https:\/\/ebfl.at\/#website"},"primaryImageOfPage":{"@id":"https:\/\/ebfl.at\/index.php\/verein\/fanartikel\/#primaryimage"},"image":{"@id":"https:\/\/ebfl.at\/index.php\/verein\/fanartikel\/#primaryimage"},"thumbnailUrl":"https:\/\/ebfl.at\/wp-content\/uploads\/2019\/03\/20180916_144443-3.png","datePublished":"2019-01-26T14:10:16+00:00","dateModified":"2025-12-15T22:11:31+00:00","breadcrumb":{"@id":"https:\/\/ebfl.at\/index.php\/verein\/fanartikel\/#breadcrumb"},"inLanguage":"de","potentialAction":[{"@type":"ReadAction","target":["https:\/\/ebfl.at\/index.php\/verein\/fanartikel\/"]}]},{"@type":"ImageObject","inLanguage":"de","@id":"https:\/\/ebfl.at\/index.php\/verein\/fanartikel\/#primaryimage","url":"https:\/\/ebfl.at\/wp-content\/uploads\/2019\/03\/20180916_144443-3.png","contentUrl":"https:\/\/ebfl.at\/wp-content\/uploads\/2019\/03\/20180916_144443-3.png","width":700,"height":869},{"@type":"BreadcrumbList","@id":"https:\/\/ebfl.at\/index.php\/verein\/fanartikel\/#breadcrumb","itemListElement":[{"@type":"ListItem","position":1,"name":"Startseite","item":"https:\/\/ebfl.at\/"},{"@type":"ListItem","position":2,"name":"Verein","item":"https:\/\/ebfl.at\/index.php\/verein\/"},{"@type":"ListItem","position":3,"name":"Fanartikel"}]},{"@type":"WebSite","@id":"https:\/\/ebfl.at\/#website","url":"https:\/\/ebfl.at\/","name":"EBFL Eisenbahnfreunde Lienz","description":"Verein der Eisenbahnfreunde in Lienz","publisher":{"@id":"https:\/\/ebfl.at\/#organization"},"potentialAction":[{"@type":"SearchAction","target":{"@type":"EntryPoint","urlTemplate":"https:\/\/ebfl.at\/?s={search_term_string}"},"query-input":{"@type":"PropertyValueSpecification","valueRequired":true,"valueName":"search_term_string"}}],"inLanguage":"de"},{"@type":"Organization","@id":"https:\/\/ebfl.at\/#organization","name":"EBFL - Eisenbahnfreunde Lienz","url":"https:\/\/ebfl.at\/","logo":{"@type":"ImageObject","inLanguage":"de","@id":"https:\/\/ebfl.at\/#\/schema\/logo\/image\/","url":"https:\/\/ebfl.at\/wp-content\/uploads\/2019\/01\/Eisenbahnfreunde-Lienz.jpg","contentUrl":"https:\/\/ebfl.at\/wp-content\/uploads\/2019\/01\/Eisenbahnfreunde-Lienz.jpg","width":1087,"height":480,"caption":"EBFL - Eisenbahnfreunde Lienz"},"image":{"@id":"https:\/\/ebfl.at\/#\/schema\/logo\/image\/"},"sameAs":["https:\/\/www.facebook.com\/pages\/category\/History-Museum\/EBFLat-301838060596265\/"]}]}},"_links":{"self":[{"href":"https:\/\/ebfl.at\/index.php\/wp-json\/wp\/v2\/pages\/278","targetHints":{"allow":["GET"]}}],"collection":[{"href":"https:\/\/ebfl.at\/index.php\/wp-json\/wp\/v2\/pages"}],"about":[{"href":"https:\/\/ebfl.at\/index.php\/wp-json\/wp\/v2\/types\/page"}],"author":[{"embeddable":true,"href":"https:\/\/ebfl.at\/index.php\/wp-json\/wp\/v2\/users\/1"}],"replies":[{"embeddable":true,"href":"https:\/\/ebfl.at\/index.php\/wp-json\/wp\/v2\/comments?post=278"}],"version-history":[{"count":35,"href":"https:\/\/ebfl.at\/index.php\/wp-json\/wp\/v2\/pages\/278\/revisions"}],"predecessor-version":[{"id":4989,"href":"https:\/\/ebfl.at\/index.php\/wp-json\/wp\/v2\/pages\/278\/revisions\/4989"}],"up":[{"embeddable":true,"href":"https:\/\/ebfl.at\/index.php\/wp-json\/wp\/v2\/pages\/69"}],"wp:attachment":[{"href":"https:\/\/ebfl.at\/index.php\/wp-json\/wp\/v2\/media?parent=278"}],"curies":[{"name":"wp","href":"https:\/\/api.w.org\/{rel}","templated":true}]}}