{"id":2812,"date":"2021-05-04T19:54:40","date_gmt":"2021-05-04T17:54:40","guid":{"rendered":"https:\/\/ebfl.at\/?page_id=2812"},"modified":"2021-05-04T19:54:41","modified_gmt":"2021-05-04T17:54:41","slug":"bruecken-und-tunnel","status":"publish","type":"page","link":"https:\/\/ebfl.at\/index.php\/bruecken-und-tunnel\/","title":{"rendered":"Br\u00fccken und Tunnel"},"content":{"rendered":"\n<figure class=\"wp-block-table is-style-regular\"><table><tbody><tr><td><strong><\/strong><\/td><td><strong>K.2 Br\u00fccken und Tunnel<\/strong><\/td><td><strong><\/strong><\/td><td><strong><\/strong><\/td><td><strong><\/strong><\/td><\/tr><tr><td>OO1<\/td><td>Eisenbetonbr\u00fccken<\/td><td>Dr.Ing.K.W. Schaechterle<\/td><td>Vereinigung wissensch.Verleger<\/td><td>1920<\/td><\/tr><tr><td>OO2<\/td><td>Die allgemeinen Grundlagen des Br\u00fcckenbaus<\/td><td>Prof. Th Landsberg<\/td><td>G\u00f6schen`sche Leipzig<\/td><td>1913<\/td><\/tr><tr><td>OO3<\/td><td>Hebund der Nordbahnbr\u00fccke<\/td><td>Bundesbahndirektion Wien<\/td><td>Eigenverlag<\/td><td><\/td><\/tr><tr><td>OO4<\/td><td>Eiserne Br\u00fccken<\/td><td>Schaper<\/td><td>Wilhelm Ernst&amp;Sohn Berlin<\/td><td>1908<\/td><\/tr><tr><td>OO5<\/td><td>Stra\u00dfen.Br\u00fccken.Eisenbahnen\/Karl Ritter von Ghega<\/td><td>Hartl\/Patera<\/td><td>Styria Graz<\/td><td>1960<\/td><\/tr><tr><td>OO6<\/td><td>Die neue Jauntalbahn<\/td><td>Der Fremdenverkehr<\/td><td>Bohmann<\/td><td>1964<\/td><\/tr><tr><td>OO7<\/td><td>Die Br\u00fcckenbaut\u00e4tigkeit der Stadt Wien 1934-1936<\/td><td>Stadt Wien<\/td><td>Eigenverlag<\/td><td><\/td><\/tr><tr><td>OO8<\/td><td>Riesaer Elbbr\u00fccken<\/td><td>Ralf Grieshammer\/Reichsbahndir. Dresden<\/td><td>Eigenverlag<\/td><td>1987<\/td><\/tr><tr><td>OO9<\/td><td>Br\u00fcckenland Schweiz<\/td><td>I. Siedentop<\/td><td>Orell F\u00fcssli<\/td><td>1978<\/td><\/tr><tr><td>O10<\/td><td>Eisenbahnbr\u00fccken aus 2 Jhd.<\/td><td>Hans Pottgie\u00dfer<\/td><td>Birkh\u00e4user<\/td><td>1985<\/td><\/tr><tr><td>O11<\/td><td>Langenbergtunnel\/Geol. Gutachten<\/td><td>Prof. Dr. Seelmeier<\/td><td><\/td><td>1959<\/td><\/tr><tr><td>O12<\/td><td>Simplon Tunnel\/Er\u00f6ffnungsfeier<\/td><td>Schweiz. Bundesbahnen<\/td><td><\/td><td><\/td><\/tr><tr><td>O13<\/td><td>Semmering Basis-Tunnel<\/td><td>Herbert Geyer<\/td><td>Mayer&amp;Comp.<\/td><td>1998<\/td><\/tr><tr><td>O14<\/td><td>Das Furka-Loch<\/td><td>Urs Obrecht<\/td><td>Hallwag<\/td><td>1979<\/td><\/tr><tr><td>O15<\/td><td>Arlberg-Bahn\/Fortschritt der Projektierungs-u.Bauarbeiten<\/td><td>K.k.Gen.Direktion der \u00f6sterr. Staatsbahnen<\/td><td>Slezak<\/td><td><\/td><\/tr><tr><td>O16<\/td><td>Und 80mal pfeift die Lok\/Entst. Der gro\u00dfen Alpentunnel<\/td><td>Siegfried Grundmann<\/td><td>Albis D\u00fcsseldorf<\/td><td>1968<\/td><\/tr><tr><td>O17<\/td><td>Moderner Tunnelbau bei der M\u00fcnchner U-Bahn<\/td><td>H.Lessmann<\/td><td>Springer<\/td><td>1978<\/td><\/tr><tr><td>O18<\/td><td>Rationelle Vorg\u00e4nge d.Absteckung bedeutend langer Eisenbahntunnel<\/td><td>A. Tichy<\/td><td>V.f\u00fcr Fachliteratur<\/td><td>1915<\/td><\/tr><tr><td>O19<\/td><td>Tunnel mit Schildvortrieb<\/td><td>Fritz Apel<\/td><td>Werner<\/td><td>1968<\/td><\/tr><tr><td>O20<\/td><td>Gebirgsdruck und Tunnelbau<\/td><td>Ladislaus von Rabcewicz<\/td><td>Springer<\/td><td>1944<\/td><\/tr><tr><td>O21<\/td><td>Statische Probleme des Tunnel-u. Druckstollenbaues<\/td><td>Dr. Hanns Schmid<\/td><td>Springer<\/td><td>1926<\/td><\/tr><tr><td>O22<\/td><td>Der Tunnel\/Anlage und Bau<\/td><td>G.Lucas<\/td><td>Wilhelm Ernst&amp;Sohn Berlin<\/td><td>1920<\/td><\/tr><tr><td>O23<\/td><td>Hilfstabellen f\u00fcr die Berechnung eiserner Tr\u00e4ger<\/td><td>St\u00f6ckl\/Hauser<\/td><td>Spielhagen&amp;Schurich<\/td><td>1898<\/td><\/tr><tr><td>O24<\/td><td>Br\u00fcckenverordnung\/Band 1<\/td><td>Max Edlen von Leber<\/td><td>W.Braum\u00fcller<\/td><td>1888<\/td><\/tr><\/tbody><\/table><\/figure>\n","protected":false},"excerpt":{"rendered":"<p>K.2 Br\u00fccken und Tunnel OO1 Eisenbetonbr\u00fccken Dr.Ing.K.W. Schaechterle Vereinigung wissensch.Verleger 1920 OO2 Die allgemeinen Grundlagen des Br\u00fcckenbaus Prof. Th Landsberg G\u00f6schen`sche Leipzig 1913 OO3 Hebund der Nordbahnbr\u00fccke Bundesbahndirektion Wien Eigenverlag OO4 Eiserne Br\u00fccken Schaper Wilhelm Ernst&amp;Sohn Berlin 1908 OO5 Stra\u00dfen.Br\u00fccken.Eisenbahnen\/Karl Ritter von Ghega Hartl\/Patera Styria Graz 1960 OO6 Die neue Jauntalbahn Der Fremdenverkehr Bohmann 1964 [&hellip;]<\/p>\n","protected":false},"author":2,"featured_media":0,"parent":0,"menu_order":0,"comment_status":"closed","ping_status":"closed","template":"","meta":{"footnotes":""},"class_list":["post-2812","page","type-page","status-publish","hentry"],"yoast_head":"<!-- This site is optimized with the Yoast SEO plugin v27.4 - https:\/\/yoast.com\/product\/yoast-seo-wordpress\/ -->\n<title>Br\u00fccken und Tunnel - EBFL<\/title>\n<meta name=\"robots\" content=\"index, follow, max-snippet:-1, max-image-preview:large, max-video-preview:-1\" \/>\n<link rel=\"canonical\" href=\"https:\/\/ebfl.at\/index.php\/bruecken-und-tunnel\/\" \/>\n<meta property=\"og:locale\" content=\"de_DE\" \/>\n<meta property=\"og:type\" content=\"article\" \/>\n<meta property=\"og:title\" content=\"Br\u00fccken und Tunnel - EBFL\" \/>\n<meta property=\"og:description\" content=\"K.2 Br\u00fccken und Tunnel OO1 Eisenbetonbr\u00fccken Dr.Ing.K.W. Schaechterle Vereinigung wissensch.Verleger 1920 OO2 Die allgemeinen Grundlagen des Br\u00fcckenbaus Prof. Th Landsberg G\u00f6schen`sche Leipzig 1913 OO3 Hebund der Nordbahnbr\u00fccke Bundesbahndirektion Wien Eigenverlag OO4 Eiserne Br\u00fccken Schaper Wilhelm Ernst&amp;Sohn Berlin 1908 OO5 Stra\u00dfen.Br\u00fccken.Eisenbahnen\/Karl Ritter von Ghega Hartl\/Patera Styria Graz 1960 OO6 Die neue Jauntalbahn Der Fremdenverkehr Bohmann 1964 [&hellip;]\" \/>\n<meta property=\"og:url\" content=\"https:\/\/ebfl.at\/index.php\/bruecken-und-tunnel\/\" \/>\n<meta property=\"og:site_name\" content=\"EBFL\" \/>\n<meta property=\"article:publisher\" content=\"https:\/\/www.facebook.com\/pages\/category\/History-Museum\/EBFLat-301838060596265\/\" \/>\n<meta property=\"article:modified_time\" content=\"2021-05-04T17:54:41+00:00\" \/>\n<meta name=\"twitter:card\" content=\"summary_large_image\" \/>\n<meta name=\"twitter:label1\" content=\"Gesch\u00e4tzte Lesezeit\" \/>\n\t<meta name=\"twitter:data1\" content=\"1\u00a0Minute\" \/>\n<script type=\"application\/ld+json\" class=\"yoast-schema-graph\">{\"@context\":\"https:\\\/\\\/schema.org\",\"@graph\":[{\"@type\":\"WebPage\",\"@id\":\"https:\\\/\\\/ebfl.at\\\/index.php\\\/bruecken-und-tunnel\\\/\",\"url\":\"https:\\\/\\\/ebfl.at\\\/index.php\\\/bruecken-und-tunnel\\\/\",\"name\":\"Br\u00fccken und Tunnel - EBFL\",\"isPartOf\":{\"@id\":\"https:\\\/\\\/ebfl.at\\\/#website\"},\"datePublished\":\"2021-05-04T17:54:40+00:00\",\"dateModified\":\"2021-05-04T17:54:41+00:00\",\"breadcrumb\":{\"@id\":\"https:\\\/\\\/ebfl.at\\\/index.php\\\/bruecken-und-tunnel\\\/#breadcrumb\"},\"inLanguage\":\"de\",\"potentialAction\":[{\"@type\":\"ReadAction\",\"target\":[\"https:\\\/\\\/ebfl.at\\\/index.php\\\/bruecken-und-tunnel\\\/\"]}]},{\"@type\":\"BreadcrumbList\",\"@id\":\"https:\\\/\\\/ebfl.at\\\/index.php\\\/bruecken-und-tunnel\\\/#breadcrumb\",\"itemListElement\":[{\"@type\":\"ListItem\",\"position\":1,\"name\":\"Startseite\",\"item\":\"https:\\\/\\\/ebfl.at\\\/\"},{\"@type\":\"ListItem\",\"position\":2,\"name\":\"Br\u00fccken und Tunnel\"}]},{\"@type\":\"WebSite\",\"@id\":\"https:\\\/\\\/ebfl.at\\\/#website\",\"url\":\"https:\\\/\\\/ebfl.at\\\/\",\"name\":\"EBFL Eisenbahnfreunde Lienz\",\"description\":\"Verein der Eisenbahnfreunde in Lienz\",\"publisher\":{\"@id\":\"https:\\\/\\\/ebfl.at\\\/#organization\"},\"potentialAction\":[{\"@type\":\"SearchAction\",\"target\":{\"@type\":\"EntryPoint\",\"urlTemplate\":\"https:\\\/\\\/ebfl.at\\\/?s={search_term_string}\"},\"query-input\":{\"@type\":\"PropertyValueSpecification\",\"valueRequired\":true,\"valueName\":\"search_term_string\"}}],\"inLanguage\":\"de\"},{\"@type\":\"Organization\",\"@id\":\"https:\\\/\\\/ebfl.at\\\/#organization\",\"name\":\"EBFL - Eisenbahnfreunde Lienz\",\"url\":\"https:\\\/\\\/ebfl.at\\\/\",\"logo\":{\"@type\":\"ImageObject\",\"inLanguage\":\"de\",\"@id\":\"https:\\\/\\\/ebfl.at\\\/#\\\/schema\\\/logo\\\/image\\\/\",\"url\":\"https:\\\/\\\/ebfl.at\\\/wp-content\\\/uploads\\\/2019\\\/01\\\/Eisenbahnfreunde-Lienz.jpg\",\"contentUrl\":\"https:\\\/\\\/ebfl.at\\\/wp-content\\\/uploads\\\/2019\\\/01\\\/Eisenbahnfreunde-Lienz.jpg\",\"width\":1087,\"height\":480,\"caption\":\"EBFL - Eisenbahnfreunde Lienz\"},\"image\":{\"@id\":\"https:\\\/\\\/ebfl.at\\\/#\\\/schema\\\/logo\\\/image\\\/\"},\"sameAs\":[\"https:\\\/\\\/www.facebook.com\\\/pages\\\/category\\\/History-Museum\\\/EBFLat-301838060596265\\\/\"]}]}<\/script>\n<!-- \/ Yoast SEO plugin. -->","yoast_head_json":{"title":"Br\u00fccken und Tunnel - EBFL","robots":{"index":"index","follow":"follow","max-snippet":"max-snippet:-1","max-image-preview":"max-image-preview:large","max-video-preview":"max-video-preview:-1"},"canonical":"https:\/\/ebfl.at\/index.php\/bruecken-und-tunnel\/","og_locale":"de_DE","og_type":"article","og_title":"Br\u00fccken und Tunnel - EBFL","og_description":"K.2 Br\u00fccken und Tunnel OO1 Eisenbetonbr\u00fccken Dr.Ing.K.W. Schaechterle Vereinigung wissensch.Verleger 1920 OO2 Die allgemeinen Grundlagen des Br\u00fcckenbaus Prof. Th Landsberg G\u00f6schen`sche Leipzig 1913 OO3 Hebund der Nordbahnbr\u00fccke Bundesbahndirektion Wien Eigenverlag OO4 Eiserne Br\u00fccken Schaper Wilhelm Ernst&amp;Sohn Berlin 1908 OO5 Stra\u00dfen.Br\u00fccken.Eisenbahnen\/Karl Ritter von Ghega Hartl\/Patera Styria Graz 1960 OO6 Die neue Jauntalbahn Der Fremdenverkehr Bohmann 1964 [&hellip;]","og_url":"https:\/\/ebfl.at\/index.php\/bruecken-und-tunnel\/","og_site_name":"EBFL","article_publisher":"https:\/\/www.facebook.com\/pages\/category\/History-Museum\/EBFLat-301838060596265\/","article_modified_time":"2021-05-04T17:54:41+00:00","twitter_card":"summary_large_image","twitter_misc":{"Gesch\u00e4tzte Lesezeit":"1\u00a0Minute"},"schema":{"@context":"https:\/\/schema.org","@graph":[{"@type":"WebPage","@id":"https:\/\/ebfl.at\/index.php\/bruecken-und-tunnel\/","url":"https:\/\/ebfl.at\/index.php\/bruecken-und-tunnel\/","name":"Br\u00fccken und Tunnel - EBFL","isPartOf":{"@id":"https:\/\/ebfl.at\/#website"},"datePublished":"2021-05-04T17:54:40+00:00","dateModified":"2021-05-04T17:54:41+00:00","breadcrumb":{"@id":"https:\/\/ebfl.at\/index.php\/bruecken-und-tunnel\/#breadcrumb"},"inLanguage":"de","potentialAction":[{"@type":"ReadAction","target":["https:\/\/ebfl.at\/index.php\/bruecken-und-tunnel\/"]}]},{"@type":"BreadcrumbList","@id":"https:\/\/ebfl.at\/index.php\/bruecken-und-tunnel\/#breadcrumb","itemListElement":[{"@type":"ListItem","position":1,"name":"Startseite","item":"https:\/\/ebfl.at\/"},{"@type":"ListItem","position":2,"name":"Br\u00fccken und Tunnel"}]},{"@type":"WebSite","@id":"https:\/\/ebfl.at\/#website","url":"https:\/\/ebfl.at\/","name":"EBFL Eisenbahnfreunde Lienz","description":"Verein der Eisenbahnfreunde in Lienz","publisher":{"@id":"https:\/\/ebfl.at\/#organization"},"potentialAction":[{"@type":"SearchAction","target":{"@type":"EntryPoint","urlTemplate":"https:\/\/ebfl.at\/?s={search_term_string}"},"query-input":{"@type":"PropertyValueSpecification","valueRequired":true,"valueName":"search_term_string"}}],"inLanguage":"de"},{"@type":"Organization","@id":"https:\/\/ebfl.at\/#organization","name":"EBFL - Eisenbahnfreunde Lienz","url":"https:\/\/ebfl.at\/","logo":{"@type":"ImageObject","inLanguage":"de","@id":"https:\/\/ebfl.at\/#\/schema\/logo\/image\/","url":"https:\/\/ebfl.at\/wp-content\/uploads\/2019\/01\/Eisenbahnfreunde-Lienz.jpg","contentUrl":"https:\/\/ebfl.at\/wp-content\/uploads\/2019\/01\/Eisenbahnfreunde-Lienz.jpg","width":1087,"height":480,"caption":"EBFL - Eisenbahnfreunde Lienz"},"image":{"@id":"https:\/\/ebfl.at\/#\/schema\/logo\/image\/"},"sameAs":["https:\/\/www.facebook.com\/pages\/category\/History-Museum\/EBFLat-301838060596265\/"]}]}},"_links":{"self":[{"href":"https:\/\/ebfl.at\/index.php\/wp-json\/wp\/v2\/pages\/2812","targetHints":{"allow":["GET"]}}],"collection":[{"href":"https:\/\/ebfl.at\/index.php\/wp-json\/wp\/v2\/pages"}],"about":[{"href":"https:\/\/ebfl.at\/index.php\/wp-json\/wp\/v2\/types\/page"}],"author":[{"embeddable":true,"href":"https:\/\/ebfl.at\/index.php\/wp-json\/wp\/v2\/users\/2"}],"replies":[{"embeddable":true,"href":"https:\/\/ebfl.at\/index.php\/wp-json\/wp\/v2\/comments?post=2812"}],"version-history":[{"count":1,"href":"https:\/\/ebfl.at\/index.php\/wp-json\/wp\/v2\/pages\/2812\/revisions"}],"predecessor-version":[{"id":2813,"href":"https:\/\/ebfl.at\/index.php\/wp-json\/wp\/v2\/pages\/2812\/revisions\/2813"}],"wp:attachment":[{"href":"https:\/\/ebfl.at\/index.php\/wp-json\/wp\/v2\/media?parent=2812"}],"curies":[{"name":"wp","href":"https:\/\/api.w.org\/{rel}","templated":true}]}}