{"id":2815,"date":"2021-05-04T19:56:01","date_gmt":"2021-05-04T17:56:01","guid":{"rendered":"https:\/\/ebfl.at\/?page_id=2815"},"modified":"2021-05-04T19:56:01","modified_gmt":"2021-05-04T17:56:01","slug":"signale-und-signaltechnik","status":"publish","type":"page","link":"https:\/\/ebfl.at\/index.php\/signale-und-signaltechnik\/","title":{"rendered":"Signale und Signaltechnik"},"content":{"rendered":"\n<figure class=\"wp-block-table is-style-regular\"><table><tbody><tr><td><strong><\/strong><\/td><td><strong>K.3 Signale und Signaltechnik<\/strong><\/td><td><strong><\/strong><\/td><td><strong><\/strong><\/td><td><strong><\/strong><\/td><\/tr><tr><td>OO1<\/td><td>Die elektrischen Einrichtungen der Eisenbahnen<\/td><td>Prasch\/Bauer\/Wehr<\/td><td>Hartleben`s Leipzig<\/td><td>1893<\/td><\/tr><tr><td>OO2<\/td><td>Eisenbahnsicherungstechnik<\/td><td>Autorenkollektiv<\/td><td>transpress<\/td><td>1967<\/td><\/tr><tr><td>OO3<\/td><td>Sicher auf den Schienen<\/td><td>Hans Pottgie\u00dfer<\/td><td>Birkh\u00e4user<\/td><td>1988<\/td><\/tr><tr><td>OO4<\/td><td>Der Wegebau in seinen Grundz\u00fcgen dargestellt\/Signaltechnik<\/td><td>DI Alfred Birk<\/td><td>Franz Deuticke Leipzig<\/td><td>1924<\/td><\/tr><tr><td>OO5<\/td><td>Signalvorschriften\/Nachdruck<\/td><td>k.k.\u00d6sterr.Staatsbahnen<\/td><td>Pospischil<\/td><td>1913<\/td><\/tr><tr><td>OO6<\/td><td>Eisenbahnsicherungsanlagen\/Band1\/Stellwerke<\/td><td>Christian Hager<\/td><td>Pospischil<\/td><td>1994<\/td><\/tr><tr><td>OO7<\/td><td>Eisenbahnsicherungsanlagen\/Band2\/Signale<\/td><td>Christian Hager<\/td><td>Pospischil<\/td><td>1994<\/td><\/tr><tr><td>OO8<\/td><td>Eisenbahnsignale in \u00d6sterreich<\/td><td><\/td><td>Slezak<\/td><td>1976<\/td><\/tr><tr><td>OO9<\/td><td>Signale und Kennzeichen der \u00d6BB<\/td><td>Bamer\/Zell<\/td><td>Natur und Technik<\/td><td>1950<\/td><\/tr><tr><td>O10<\/td><td>Grundgedanken des Gleisbildstellwerks SpDrS<\/td><td>Siemens<\/td><td><\/td><td>1956<\/td><\/tr><tr><td>O11<\/td><td>Signale\/Teil 1\/Haupt-u. Vorsignale<\/td><td>Stefan Carstens<\/td><td>Miba<\/td><td>1991<\/td><\/tr><tr><td>O12<\/td><td>Signale\/Teil 2\/L\u00e4utetafeln u.sonstige Signale<\/td><td>Stefan Carstens<\/td><td>Miba<\/td><td>1992<\/td><\/tr><tr><td>O13<\/td><td>Bayerische Signale und Stellwerke<\/td><td>Robert Zintl<\/td><td>Motorbuch<\/td><td><\/td><\/tr><tr><td>O14<\/td><td>Die Signale der deutschen Eisenbahnen<\/td><td>Hans-Joachim Spieht<\/td><td>alba<\/td><td>1974<\/td><\/tr><tr><td>O15<\/td><td>Signale der deutschen Bundesbahn<\/td><td><\/td><td>GdED<\/td><td>1972<\/td><\/tr><tr><td>O16<\/td><td>Das neue Zentralstellwerk im Hbf M\u00fcnchen<\/td><td>Wolf\/Laupheimer Siemens<\/td><td><\/td><td>1964<\/td><\/tr><tr><td>O17<\/td><td>Englisches W\u00f6rterbuch f\u00fcr Eisenbahnsignalwesen u.Fernmeldetechnik<\/td><td>M.Schmitz<\/td><td>Dr.Arthur Tetzlaff<\/td><td>1954<\/td><\/tr><tr><td>O18<\/td><td>Signale der Schweizer Bahnen<\/td><td>Rudolf W. Butz<\/td><td>Orell F\u00fcssli<\/td><td>1982<\/td><\/tr><tr><td>O19<\/td><td>Erl\u00e4uterungen zu den Einheitszeichnungen f\u00fcr Stellwerksteile<\/td><td><\/td><td><\/td><td>1937<\/td><\/tr><tr><td>O20<\/td><td>Signale und Kennzeichen der \u00d6BB<\/td><td>Bamer\/Zell<\/td><td>Natur und Technik<\/td><td>1950<\/td><\/tr><\/tbody><\/table><\/figure>\n","protected":false},"excerpt":{"rendered":"<p>K.3 Signale und Signaltechnik OO1 Die elektrischen Einrichtungen der Eisenbahnen Prasch\/Bauer\/Wehr Hartleben`s Leipzig 1893 OO2 Eisenbahnsicherungstechnik Autorenkollektiv transpress 1967 OO3 Sicher auf den Schienen Hans Pottgie\u00dfer Birkh\u00e4user 1988 OO4 Der Wegebau in seinen Grundz\u00fcgen dargestellt\/Signaltechnik DI Alfred Birk Franz Deuticke Leipzig 1924 OO5 Signalvorschriften\/Nachdruck k.k.\u00d6sterr.Staatsbahnen Pospischil 1913 OO6 Eisenbahnsicherungsanlagen\/Band1\/Stellwerke Christian Hager Pospischil 1994 OO7 Eisenbahnsicherungsanlagen\/Band2\/Signale [&hellip;]<\/p>\n","protected":false},"author":2,"featured_media":0,"parent":0,"menu_order":0,"comment_status":"closed","ping_status":"closed","template":"","meta":{"footnotes":""},"class_list":["post-2815","page","type-page","status-publish","hentry"],"yoast_head":"<!-- This site is optimized with the Yoast SEO plugin v27.4 - https:\/\/yoast.com\/product\/yoast-seo-wordpress\/ -->\n<title>Signale und Signaltechnik - EBFL<\/title>\n<meta name=\"robots\" content=\"index, follow, max-snippet:-1, max-image-preview:large, max-video-preview:-1\" \/>\n<link rel=\"canonical\" href=\"https:\/\/ebfl.at\/index.php\/signale-und-signaltechnik\/\" \/>\n<meta property=\"og:locale\" content=\"de_DE\" \/>\n<meta property=\"og:type\" content=\"article\" \/>\n<meta property=\"og:title\" content=\"Signale und Signaltechnik - EBFL\" \/>\n<meta property=\"og:description\" content=\"K.3 Signale und Signaltechnik OO1 Die elektrischen Einrichtungen der Eisenbahnen Prasch\/Bauer\/Wehr Hartleben`s Leipzig 1893 OO2 Eisenbahnsicherungstechnik Autorenkollektiv transpress 1967 OO3 Sicher auf den Schienen Hans Pottgie\u00dfer Birkh\u00e4user 1988 OO4 Der Wegebau in seinen Grundz\u00fcgen dargestellt\/Signaltechnik DI Alfred Birk Franz Deuticke Leipzig 1924 OO5 Signalvorschriften\/Nachdruck k.k.\u00d6sterr.Staatsbahnen Pospischil 1913 OO6 Eisenbahnsicherungsanlagen\/Band1\/Stellwerke Christian Hager Pospischil 1994 OO7 Eisenbahnsicherungsanlagen\/Band2\/Signale [&hellip;]\" \/>\n<meta property=\"og:url\" content=\"https:\/\/ebfl.at\/index.php\/signale-und-signaltechnik\/\" \/>\n<meta property=\"og:site_name\" content=\"EBFL\" \/>\n<meta property=\"article:publisher\" content=\"https:\/\/www.facebook.com\/pages\/category\/History-Museum\/EBFLat-301838060596265\/\" \/>\n<meta name=\"twitter:card\" content=\"summary_large_image\" \/>\n<meta name=\"twitter:label1\" content=\"Gesch\u00e4tzte Lesezeit\" \/>\n\t<meta name=\"twitter:data1\" content=\"1\u00a0Minute\" \/>\n<script type=\"application\/ld+json\" class=\"yoast-schema-graph\">{\"@context\":\"https:\\\/\\\/schema.org\",\"@graph\":[{\"@type\":\"WebPage\",\"@id\":\"https:\\\/\\\/ebfl.at\\\/index.php\\\/signale-und-signaltechnik\\\/\",\"url\":\"https:\\\/\\\/ebfl.at\\\/index.php\\\/signale-und-signaltechnik\\\/\",\"name\":\"Signale und Signaltechnik - EBFL\",\"isPartOf\":{\"@id\":\"https:\\\/\\\/ebfl.at\\\/#website\"},\"datePublished\":\"2021-05-04T17:56:01+00:00\",\"breadcrumb\":{\"@id\":\"https:\\\/\\\/ebfl.at\\\/index.php\\\/signale-und-signaltechnik\\\/#breadcrumb\"},\"inLanguage\":\"de\",\"potentialAction\":[{\"@type\":\"ReadAction\",\"target\":[\"https:\\\/\\\/ebfl.at\\\/index.php\\\/signale-und-signaltechnik\\\/\"]}]},{\"@type\":\"BreadcrumbList\",\"@id\":\"https:\\\/\\\/ebfl.at\\\/index.php\\\/signale-und-signaltechnik\\\/#breadcrumb\",\"itemListElement\":[{\"@type\":\"ListItem\",\"position\":1,\"name\":\"Startseite\",\"item\":\"https:\\\/\\\/ebfl.at\\\/\"},{\"@type\":\"ListItem\",\"position\":2,\"name\":\"Signale und Signaltechnik\"}]},{\"@type\":\"WebSite\",\"@id\":\"https:\\\/\\\/ebfl.at\\\/#website\",\"url\":\"https:\\\/\\\/ebfl.at\\\/\",\"name\":\"EBFL Eisenbahnfreunde Lienz\",\"description\":\"Verein der Eisenbahnfreunde in Lienz\",\"publisher\":{\"@id\":\"https:\\\/\\\/ebfl.at\\\/#organization\"},\"potentialAction\":[{\"@type\":\"SearchAction\",\"target\":{\"@type\":\"EntryPoint\",\"urlTemplate\":\"https:\\\/\\\/ebfl.at\\\/?s={search_term_string}\"},\"query-input\":{\"@type\":\"PropertyValueSpecification\",\"valueRequired\":true,\"valueName\":\"search_term_string\"}}],\"inLanguage\":\"de\"},{\"@type\":\"Organization\",\"@id\":\"https:\\\/\\\/ebfl.at\\\/#organization\",\"name\":\"EBFL - Eisenbahnfreunde Lienz\",\"url\":\"https:\\\/\\\/ebfl.at\\\/\",\"logo\":{\"@type\":\"ImageObject\",\"inLanguage\":\"de\",\"@id\":\"https:\\\/\\\/ebfl.at\\\/#\\\/schema\\\/logo\\\/image\\\/\",\"url\":\"https:\\\/\\\/ebfl.at\\\/wp-content\\\/uploads\\\/2019\\\/01\\\/Eisenbahnfreunde-Lienz.jpg\",\"contentUrl\":\"https:\\\/\\\/ebfl.at\\\/wp-content\\\/uploads\\\/2019\\\/01\\\/Eisenbahnfreunde-Lienz.jpg\",\"width\":1087,\"height\":480,\"caption\":\"EBFL - Eisenbahnfreunde Lienz\"},\"image\":{\"@id\":\"https:\\\/\\\/ebfl.at\\\/#\\\/schema\\\/logo\\\/image\\\/\"},\"sameAs\":[\"https:\\\/\\\/www.facebook.com\\\/pages\\\/category\\\/History-Museum\\\/EBFLat-301838060596265\\\/\"]}]}<\/script>\n<!-- \/ Yoast SEO plugin. -->","yoast_head_json":{"title":"Signale und Signaltechnik - EBFL","robots":{"index":"index","follow":"follow","max-snippet":"max-snippet:-1","max-image-preview":"max-image-preview:large","max-video-preview":"max-video-preview:-1"},"canonical":"https:\/\/ebfl.at\/index.php\/signale-und-signaltechnik\/","og_locale":"de_DE","og_type":"article","og_title":"Signale und Signaltechnik - EBFL","og_description":"K.3 Signale und Signaltechnik OO1 Die elektrischen Einrichtungen der Eisenbahnen Prasch\/Bauer\/Wehr Hartleben`s Leipzig 1893 OO2 Eisenbahnsicherungstechnik Autorenkollektiv transpress 1967 OO3 Sicher auf den Schienen Hans Pottgie\u00dfer Birkh\u00e4user 1988 OO4 Der Wegebau in seinen Grundz\u00fcgen dargestellt\/Signaltechnik DI Alfred Birk Franz Deuticke Leipzig 1924 OO5 Signalvorschriften\/Nachdruck k.k.\u00d6sterr.Staatsbahnen Pospischil 1913 OO6 Eisenbahnsicherungsanlagen\/Band1\/Stellwerke Christian Hager Pospischil 1994 OO7 Eisenbahnsicherungsanlagen\/Band2\/Signale [&hellip;]","og_url":"https:\/\/ebfl.at\/index.php\/signale-und-signaltechnik\/","og_site_name":"EBFL","article_publisher":"https:\/\/www.facebook.com\/pages\/category\/History-Museum\/EBFLat-301838060596265\/","twitter_card":"summary_large_image","twitter_misc":{"Gesch\u00e4tzte Lesezeit":"1\u00a0Minute"},"schema":{"@context":"https:\/\/schema.org","@graph":[{"@type":"WebPage","@id":"https:\/\/ebfl.at\/index.php\/signale-und-signaltechnik\/","url":"https:\/\/ebfl.at\/index.php\/signale-und-signaltechnik\/","name":"Signale und Signaltechnik - EBFL","isPartOf":{"@id":"https:\/\/ebfl.at\/#website"},"datePublished":"2021-05-04T17:56:01+00:00","breadcrumb":{"@id":"https:\/\/ebfl.at\/index.php\/signale-und-signaltechnik\/#breadcrumb"},"inLanguage":"de","potentialAction":[{"@type":"ReadAction","target":["https:\/\/ebfl.at\/index.php\/signale-und-signaltechnik\/"]}]},{"@type":"BreadcrumbList","@id":"https:\/\/ebfl.at\/index.php\/signale-und-signaltechnik\/#breadcrumb","itemListElement":[{"@type":"ListItem","position":1,"name":"Startseite","item":"https:\/\/ebfl.at\/"},{"@type":"ListItem","position":2,"name":"Signale und Signaltechnik"}]},{"@type":"WebSite","@id":"https:\/\/ebfl.at\/#website","url":"https:\/\/ebfl.at\/","name":"EBFL Eisenbahnfreunde Lienz","description":"Verein der Eisenbahnfreunde in Lienz","publisher":{"@id":"https:\/\/ebfl.at\/#organization"},"potentialAction":[{"@type":"SearchAction","target":{"@type":"EntryPoint","urlTemplate":"https:\/\/ebfl.at\/?s={search_term_string}"},"query-input":{"@type":"PropertyValueSpecification","valueRequired":true,"valueName":"search_term_string"}}],"inLanguage":"de"},{"@type":"Organization","@id":"https:\/\/ebfl.at\/#organization","name":"EBFL - Eisenbahnfreunde Lienz","url":"https:\/\/ebfl.at\/","logo":{"@type":"ImageObject","inLanguage":"de","@id":"https:\/\/ebfl.at\/#\/schema\/logo\/image\/","url":"https:\/\/ebfl.at\/wp-content\/uploads\/2019\/01\/Eisenbahnfreunde-Lienz.jpg","contentUrl":"https:\/\/ebfl.at\/wp-content\/uploads\/2019\/01\/Eisenbahnfreunde-Lienz.jpg","width":1087,"height":480,"caption":"EBFL - Eisenbahnfreunde Lienz"},"image":{"@id":"https:\/\/ebfl.at\/#\/schema\/logo\/image\/"},"sameAs":["https:\/\/www.facebook.com\/pages\/category\/History-Museum\/EBFLat-301838060596265\/"]}]}},"_links":{"self":[{"href":"https:\/\/ebfl.at\/index.php\/wp-json\/wp\/v2\/pages\/2815","targetHints":{"allow":["GET"]}}],"collection":[{"href":"https:\/\/ebfl.at\/index.php\/wp-json\/wp\/v2\/pages"}],"about":[{"href":"https:\/\/ebfl.at\/index.php\/wp-json\/wp\/v2\/types\/page"}],"author":[{"embeddable":true,"href":"https:\/\/ebfl.at\/index.php\/wp-json\/wp\/v2\/users\/2"}],"replies":[{"embeddable":true,"href":"https:\/\/ebfl.at\/index.php\/wp-json\/wp\/v2\/comments?post=2815"}],"version-history":[{"count":1,"href":"https:\/\/ebfl.at\/index.php\/wp-json\/wp\/v2\/pages\/2815\/revisions"}],"predecessor-version":[{"id":2816,"href":"https:\/\/ebfl.at\/index.php\/wp-json\/wp\/v2\/pages\/2815\/revisions\/2816"}],"wp:attachment":[{"href":"https:\/\/ebfl.at\/index.php\/wp-json\/wp\/v2\/media?parent=2815"}],"curies":[{"name":"wp","href":"https:\/\/api.w.org\/{rel}","templated":true}]}}