{"id":282,"date":"2019-01-26T15:11:37","date_gmt":"2019-01-26T14:11:37","guid":{"rendered":"https:\/\/wp.ebfl.at\/?page_id=282"},"modified":"2024-11-14T17:26:27","modified_gmt":"2024-11-14T16:26:27","slug":"vorstand","status":"publish","type":"page","link":"https:\/\/ebfl.at\/index.php\/verein\/vorstand\/","title":{"rendered":"Vorstand"},"content":{"rendered":"\n<p>f\u00fcr die Funktionsperiode vom 21.5.2023 bis 20.5.2026<\/p>\n\n\n\n<h2 class=\"wp-block-heading\"><strong>Vereinsvorstand <\/strong><\/h2>\n\n\n\n<figure class=\"wp-block-table is-style-stripes\"><table><tbody><tr><td>Obfrau<\/td><td>Sonja Notdurfter<\/td><\/tr><tr><td>1. Obfrau StV.<\/td><td>Mag. Dr. Karl Notdurfter<br><\/td><\/tr><tr><td>2. Obfrau StV.<\/td><td>Roland Kalser<br><\/td><\/tr><tr><td>Schriftf\u00fchrer<\/td><td>Gerfried Moll<\/td><\/tr><tr><td>Schriftf\u00fchrerstellvertreter<\/td><td>Michael Wild<\/td><\/tr><tr><td>Kassier<\/td><td>Andreas Kranister<\/td><\/tr><tr><td>Kassierstellvertreterin<br><\/td><td>Waltraud Lampersberger<br><\/td><\/tr><tr><td>Leiter der Sektion \u201eModelleisenbahn\u201c<\/td><td>Markus Kristler<\/td><\/tr><tr><td>Zeugwartin<\/td><td><br>Anita Mairhofer<\/td><\/tr><tr><td>Beirat<\/td><td>Ing. Peter Wimmer<\/td><\/tr><tr><td>Beirat<\/td><td>Peter Neuwirth<\/td><\/tr><tr><td>Beirat<\/td><td>Alfred Gruber<br><\/td><\/tr><\/tbody><\/table><\/figure>\n\n\n\n<p><strong>Wichtige Telefonnummern:<\/strong><\/p>\n\n\n\n<p>F\u00fcr alle Vereinsangelegenheiten: Obfrau Sonja Notdurfter<br>Tel. 0664\/2229279<\/p>\n\n\n\n<p>F\u00fcr den Ausstellungsbetrieb im S\u00fcdbahn Heizhaus und Informationen \u00fcber den S\u00fcdbahn Express: <br>Dr. Karl Notdurfter<br>Tel. 0676\/5518551<br><\/p>\n\n\n\n<p class=\"has-vivid-red-color has-text-color\"><strong>Sie wollen Mitglied im Verein werden? <\/strong><\/p>\n\n\n\n<p>Email an:<a href=\"mailto:kontakt@ebfl.at\">kontakt@ebfl.at<\/a> oder direkt im S\u00fcdbahn Heizhaus w\u00e4hrend der \u00d6ffnungszeiten<\/p>\n","protected":false},"excerpt":{"rendered":"<p>f\u00fcr die Funktionsperiode vom 21.5.2023 bis 20.5.2026 Vereinsvorstand Wichtige Telefonnummern: F\u00fcr alle Vereinsangelegenheiten: Obfrau Sonja NotdurfterTel. 0664\/2229279 F\u00fcr den Ausstellungsbetrieb im S\u00fcdbahn Heizhaus und Informationen \u00fcber den S\u00fcdbahn Express: Dr. Karl NotdurfterTel. 0676\/5518551 Sie wollen Mitglied im Verein werden? Email an:kontakt@ebfl.at oder direkt im S\u00fcdbahn Heizhaus w\u00e4hrend der \u00d6ffnungszeiten<\/p>\n","protected":false},"author":1,"featured_media":0,"parent":69,"menu_order":0,"comment_status":"closed","ping_status":"closed","template":"","meta":{"footnotes":""},"class_list":["post-282","page","type-page","status-publish","hentry"],"yoast_head":"<!-- This site is optimized with the Yoast SEO plugin v27.3 - https:\/\/yoast.com\/product\/yoast-seo-wordpress\/ -->\n<title>Vorstand - EBFL<\/title>\n<meta name=\"robots\" content=\"index, follow, max-snippet:-1, max-image-preview:large, max-video-preview:-1\" \/>\n<link rel=\"canonical\" href=\"https:\/\/ebfl.at\/index.php\/verein\/vorstand\/\" \/>\n<meta property=\"og:locale\" content=\"de_DE\" \/>\n<meta property=\"og:type\" content=\"article\" \/>\n<meta property=\"og:title\" content=\"Vorstand - EBFL\" \/>\n<meta property=\"og:description\" content=\"f\u00fcr die Funktionsperiode vom 21.5.2023 bis 20.5.2026 Vereinsvorstand Wichtige Telefonnummern: F\u00fcr alle Vereinsangelegenheiten: Obfrau Sonja NotdurfterTel. 0664\/2229279 F\u00fcr den Ausstellungsbetrieb im S\u00fcdbahn Heizhaus und Informationen \u00fcber den S\u00fcdbahn Express: Dr. Karl NotdurfterTel. 0676\/5518551 Sie wollen Mitglied im Verein werden? Email an:kontakt@ebfl.at oder direkt im S\u00fcdbahn Heizhaus w\u00e4hrend der \u00d6ffnungszeiten\" \/>\n<meta property=\"og:url\" content=\"https:\/\/ebfl.at\/index.php\/verein\/vorstand\/\" \/>\n<meta property=\"og:site_name\" content=\"EBFL\" \/>\n<meta property=\"article:publisher\" content=\"https:\/\/www.facebook.com\/pages\/category\/History-Museum\/EBFLat-301838060596265\/\" \/>\n<meta property=\"article:modified_time\" content=\"2024-11-14T16:26:27+00:00\" \/>\n<meta name=\"twitter:card\" content=\"summary_large_image\" \/>\n<meta name=\"twitter:label1\" content=\"Gesch\u00e4tzte Lesezeit\" \/>\n\t<meta name=\"twitter:data1\" content=\"1\u00a0Minute\" \/>\n<script type=\"application\/ld+json\" class=\"yoast-schema-graph\">{\"@context\":\"https:\\\/\\\/schema.org\",\"@graph\":[{\"@type\":\"WebPage\",\"@id\":\"https:\\\/\\\/ebfl.at\\\/index.php\\\/verein\\\/vorstand\\\/\",\"url\":\"https:\\\/\\\/ebfl.at\\\/index.php\\\/verein\\\/vorstand\\\/\",\"name\":\"Vorstand - EBFL\",\"isPartOf\":{\"@id\":\"https:\\\/\\\/ebfl.at\\\/#website\"},\"datePublished\":\"2019-01-26T14:11:37+00:00\",\"dateModified\":\"2024-11-14T16:26:27+00:00\",\"breadcrumb\":{\"@id\":\"https:\\\/\\\/ebfl.at\\\/index.php\\\/verein\\\/vorstand\\\/#breadcrumb\"},\"inLanguage\":\"de\",\"potentialAction\":[{\"@type\":\"ReadAction\",\"target\":[\"https:\\\/\\\/ebfl.at\\\/index.php\\\/verein\\\/vorstand\\\/\"]}]},{\"@type\":\"BreadcrumbList\",\"@id\":\"https:\\\/\\\/ebfl.at\\\/index.php\\\/verein\\\/vorstand\\\/#breadcrumb\",\"itemListElement\":[{\"@type\":\"ListItem\",\"position\":1,\"name\":\"Startseite\",\"item\":\"https:\\\/\\\/ebfl.at\\\/\"},{\"@type\":\"ListItem\",\"position\":2,\"name\":\"Verein\",\"item\":\"https:\\\/\\\/ebfl.at\\\/index.php\\\/verein\\\/\"},{\"@type\":\"ListItem\",\"position\":3,\"name\":\"Vorstand\"}]},{\"@type\":\"WebSite\",\"@id\":\"https:\\\/\\\/ebfl.at\\\/#website\",\"url\":\"https:\\\/\\\/ebfl.at\\\/\",\"name\":\"EBFL Eisenbahnfreunde Lienz\",\"description\":\"Verein der Eisenbahnfreunde in Lienz\",\"publisher\":{\"@id\":\"https:\\\/\\\/ebfl.at\\\/#organization\"},\"potentialAction\":[{\"@type\":\"SearchAction\",\"target\":{\"@type\":\"EntryPoint\",\"urlTemplate\":\"https:\\\/\\\/ebfl.at\\\/?s={search_term_string}\"},\"query-input\":{\"@type\":\"PropertyValueSpecification\",\"valueRequired\":true,\"valueName\":\"search_term_string\"}}],\"inLanguage\":\"de\"},{\"@type\":\"Organization\",\"@id\":\"https:\\\/\\\/ebfl.at\\\/#organization\",\"name\":\"EBFL - Eisenbahnfreunde Lienz\",\"url\":\"https:\\\/\\\/ebfl.at\\\/\",\"logo\":{\"@type\":\"ImageObject\",\"inLanguage\":\"de\",\"@id\":\"https:\\\/\\\/ebfl.at\\\/#\\\/schema\\\/logo\\\/image\\\/\",\"url\":\"https:\\\/\\\/ebfl.at\\\/wp-content\\\/uploads\\\/2019\\\/01\\\/Eisenbahnfreunde-Lienz.jpg\",\"contentUrl\":\"https:\\\/\\\/ebfl.at\\\/wp-content\\\/uploads\\\/2019\\\/01\\\/Eisenbahnfreunde-Lienz.jpg\",\"width\":1087,\"height\":480,\"caption\":\"EBFL - Eisenbahnfreunde Lienz\"},\"image\":{\"@id\":\"https:\\\/\\\/ebfl.at\\\/#\\\/schema\\\/logo\\\/image\\\/\"},\"sameAs\":[\"https:\\\/\\\/www.facebook.com\\\/pages\\\/category\\\/History-Museum\\\/EBFLat-301838060596265\\\/\"]}]}<\/script>\n<!-- \/ Yoast SEO plugin. -->","yoast_head_json":{"title":"Vorstand - EBFL","robots":{"index":"index","follow":"follow","max-snippet":"max-snippet:-1","max-image-preview":"max-image-preview:large","max-video-preview":"max-video-preview:-1"},"canonical":"https:\/\/ebfl.at\/index.php\/verein\/vorstand\/","og_locale":"de_DE","og_type":"article","og_title":"Vorstand - EBFL","og_description":"f\u00fcr die Funktionsperiode vom 21.5.2023 bis 20.5.2026 Vereinsvorstand Wichtige Telefonnummern: F\u00fcr alle Vereinsangelegenheiten: Obfrau Sonja NotdurfterTel. 0664\/2229279 F\u00fcr den Ausstellungsbetrieb im S\u00fcdbahn Heizhaus und Informationen \u00fcber den S\u00fcdbahn Express: Dr. Karl NotdurfterTel. 0676\/5518551 Sie wollen Mitglied im Verein werden? Email an:kontakt@ebfl.at oder direkt im S\u00fcdbahn Heizhaus w\u00e4hrend der \u00d6ffnungszeiten","og_url":"https:\/\/ebfl.at\/index.php\/verein\/vorstand\/","og_site_name":"EBFL","article_publisher":"https:\/\/www.facebook.com\/pages\/category\/History-Museum\/EBFLat-301838060596265\/","article_modified_time":"2024-11-14T16:26:27+00:00","twitter_card":"summary_large_image","twitter_misc":{"Gesch\u00e4tzte Lesezeit":"1\u00a0Minute"},"schema":{"@context":"https:\/\/schema.org","@graph":[{"@type":"WebPage","@id":"https:\/\/ebfl.at\/index.php\/verein\/vorstand\/","url":"https:\/\/ebfl.at\/index.php\/verein\/vorstand\/","name":"Vorstand - EBFL","isPartOf":{"@id":"https:\/\/ebfl.at\/#website"},"datePublished":"2019-01-26T14:11:37+00:00","dateModified":"2024-11-14T16:26:27+00:00","breadcrumb":{"@id":"https:\/\/ebfl.at\/index.php\/verein\/vorstand\/#breadcrumb"},"inLanguage":"de","potentialAction":[{"@type":"ReadAction","target":["https:\/\/ebfl.at\/index.php\/verein\/vorstand\/"]}]},{"@type":"BreadcrumbList","@id":"https:\/\/ebfl.at\/index.php\/verein\/vorstand\/#breadcrumb","itemListElement":[{"@type":"ListItem","position":1,"name":"Startseite","item":"https:\/\/ebfl.at\/"},{"@type":"ListItem","position":2,"name":"Verein","item":"https:\/\/ebfl.at\/index.php\/verein\/"},{"@type":"ListItem","position":3,"name":"Vorstand"}]},{"@type":"WebSite","@id":"https:\/\/ebfl.at\/#website","url":"https:\/\/ebfl.at\/","name":"EBFL Eisenbahnfreunde Lienz","description":"Verein der Eisenbahnfreunde in Lienz","publisher":{"@id":"https:\/\/ebfl.at\/#organization"},"potentialAction":[{"@type":"SearchAction","target":{"@type":"EntryPoint","urlTemplate":"https:\/\/ebfl.at\/?s={search_term_string}"},"query-input":{"@type":"PropertyValueSpecification","valueRequired":true,"valueName":"search_term_string"}}],"inLanguage":"de"},{"@type":"Organization","@id":"https:\/\/ebfl.at\/#organization","name":"EBFL - Eisenbahnfreunde Lienz","url":"https:\/\/ebfl.at\/","logo":{"@type":"ImageObject","inLanguage":"de","@id":"https:\/\/ebfl.at\/#\/schema\/logo\/image\/","url":"https:\/\/ebfl.at\/wp-content\/uploads\/2019\/01\/Eisenbahnfreunde-Lienz.jpg","contentUrl":"https:\/\/ebfl.at\/wp-content\/uploads\/2019\/01\/Eisenbahnfreunde-Lienz.jpg","width":1087,"height":480,"caption":"EBFL - Eisenbahnfreunde Lienz"},"image":{"@id":"https:\/\/ebfl.at\/#\/schema\/logo\/image\/"},"sameAs":["https:\/\/www.facebook.com\/pages\/category\/History-Museum\/EBFLat-301838060596265\/"]}]}},"_links":{"self":[{"href":"https:\/\/ebfl.at\/index.php\/wp-json\/wp\/v2\/pages\/282","targetHints":{"allow":["GET"]}}],"collection":[{"href":"https:\/\/ebfl.at\/index.php\/wp-json\/wp\/v2\/pages"}],"about":[{"href":"https:\/\/ebfl.at\/index.php\/wp-json\/wp\/v2\/types\/page"}],"author":[{"embeddable":true,"href":"https:\/\/ebfl.at\/index.php\/wp-json\/wp\/v2\/users\/1"}],"replies":[{"embeddable":true,"href":"https:\/\/ebfl.at\/index.php\/wp-json\/wp\/v2\/comments?post=282"}],"version-history":[{"count":25,"href":"https:\/\/ebfl.at\/index.php\/wp-json\/wp\/v2\/pages\/282\/revisions"}],"predecessor-version":[{"id":4492,"href":"https:\/\/ebfl.at\/index.php\/wp-json\/wp\/v2\/pages\/282\/revisions\/4492"}],"up":[{"embeddable":true,"href":"https:\/\/ebfl.at\/index.php\/wp-json\/wp\/v2\/pages\/69"}],"wp:attachment":[{"href":"https:\/\/ebfl.at\/index.php\/wp-json\/wp\/v2\/media?parent=282"}],"curies":[{"name":"wp","href":"https:\/\/api.w.org\/{rel}","templated":true}]}}