{"id":2830,"date":"2021-05-04T20:04:01","date_gmt":"2021-05-04T18:04:01","guid":{"rendered":"https:\/\/ebfl.at\/?page_id=2830"},"modified":"2021-05-04T20:04:01","modified_gmt":"2021-05-04T18:04:01","slug":"eisenbahnmuseen-und-kataloge","status":"publish","type":"page","link":"https:\/\/ebfl.at\/index.php\/eisenbahnmuseen-und-kataloge\/","title":{"rendered":"Eisenbahnmuseen und Kataloge"},"content":{"rendered":"\n<figure class=\"wp-block-table is-style-regular\"><table><tbody><tr><td><strong><\/strong><\/td><td><strong>O Eisenbahnmuseen und Kataloge<\/strong><\/td><td><strong><\/strong><\/td><td><strong><\/strong><\/td><td><strong><\/strong><\/td><\/tr><tr><td>OO1<\/td><td>Die Eisenbahnmuseen der Erde<\/td><td>Fritz St\u00f6ckl<\/td><td>Ferrovia<\/td><td>1981<\/td><\/tr><tr><td>OO2<\/td><td>F\u00fchrer der Eisenbahn- und Stra\u00dfenbahnmuseen Europas<\/td><td>Angius\/Farneti<\/td><td>Od\u00f2s<\/td><td>1990<\/td><\/tr><tr><td>OO3<\/td><td>Dampfnostalgie\/Museumsdampfloks im Einsatz<\/td><td>Kraus\/Meyer<\/td><td>transpress<\/td><td>2000<\/td><\/tr><tr><td>OO4<\/td><td>Museumseisenbahnen<\/td><td>M\u00fcller-Urban\/Urban<\/td><td>Steiger<\/td><td>1999<\/td><\/tr><tr><td>OO5<\/td><td>Eisenbahnmuseen D\/A\/CH<\/td><td>Rolf Temming<\/td><td>OrellF\u00fcssli<\/td><td>1989<\/td><\/tr><tr><td>OO6<\/td><td>Antiquit\u00e4ten und Rarit\u00e4ten von der Eisenbahn<\/td><td>G\u00fcnther Henneking<\/td><td>Motorbuch<\/td><td>1982<\/td><\/tr><tr><td>OO7<\/td><td>Mit Volldampf seit 1974\/Ampfelwang<\/td><td>\u00d6GEG<\/td><td>Eigenverlag<\/td><td>2006<\/td><\/tr><tr><td>OO8<\/td><td>Das Heizhaus\/Museumsf\u00fchrer Strasshof\/Band 1<\/td><td>Rupert Gansterer<\/td><td>Eisenb.Strasshof<\/td><td>1999<\/td><\/tr><tr><td>OO9<\/td><td>Tramway Museum Graz 1971-1996\/25 Jahre<\/td><td><\/td><td><\/td><td><\/td><\/tr><tr><td>O10<\/td><td>Das Wiener Stra\u00dfenbahnmuseum<\/td><td>Wiener Stadtwerke Verkehrsbetriebe<\/td><td><\/td><td><\/td><\/tr><tr><td>O11<\/td><td>Wiener Stra\u00dfenbahnmuseum<\/td><td>Wiener Stadtwerke Verkehrsbetriebe<\/td><td><\/td><td><\/td><\/tr><tr><td>O12<\/td><td>\u00d6sterr. Eisenbahnmuseum<\/td><td>\u00d6BB<\/td><td><\/td><td>1974<\/td><\/tr><tr><td>O13<\/td><td>\u00d6sterr. Eisenbahnmuseum<\/td><td>\u00d6BB<\/td><td><\/td><td>1978<\/td><\/tr><tr><td>O14<\/td><td>Die Parade der Bahn<\/td><td>Horn\/Rollinger<\/td><td>Bohmann<\/td><td><\/td><\/tr><tr><td>O15<\/td><td>F\u00fchrer durch die Sammlung Oberbau<\/td><td>\u00d6sterr. Eisenbahnmuseum<\/td><td><\/td><td>1964<\/td><\/tr><tr><td>O16<\/td><td>Auto&amp;Technik\/Museum Sinsheim<\/td><td>Schlicht<\/td><td>Motorbuch<\/td><td>2002<\/td><\/tr><tr><td>O17<\/td><td>Verkehrsmuseum N\u00fcrnberg<\/td><td>Dr. Walter Panovsky<\/td><td>Winkler M\u00fcnchen<\/td><td>1982<\/td><\/tr><tr><td>O18<\/td><td>75 Jahre Deutsches Museum<\/td><td>Ges. f\u00fcr Eisenbahngeschichte Karlsruhe<\/td><td><\/td><td>1978<\/td><\/tr><tr><td>O19<\/td><td>Deutsches Dampflokomotiv-Museum Neuenmarkt\/Oberfranken<\/td><td><\/td><td><\/td><td>1984<\/td><\/tr><tr><td>O20<\/td><td>Lokomotiven im Deutschen Museum<\/td><td>Krauss Maffei AG<\/td><td><\/td><td><\/td><\/tr><tr><td>O21<\/td><td>Eisenbahnen und Museen\/Monographien der DGEG<\/td><td>Dr. Uwe Gierz<\/td><td><\/td><td>1997<\/td><\/tr><tr><td>O22<\/td><td>Rundgang durch die Lokschuppen<\/td><td>Museum f. Verkehrstechnik Berlin<\/td><td><\/td><td><\/td><\/tr><tr><td>O23<\/td><td>Museum f\u00fcr Verkehr und Technik Berlin\/Sch\u00e4tze u.Perspektiven<\/td><td><\/td><td><\/td><td>1985\/86<\/td><\/tr><tr><td>O24<\/td><td>Verkehrsmuseum N\u00fcrnberg<\/td><td>Dr. Walter Panovsky<\/td><td>Winkler M\u00fcnchen<\/td><td><\/td><\/tr><tr><td>O25<\/td><td>Verkehrsmuseum N\u00fcrnberg<\/td><td><\/td><td>Westermann`s<\/td><td><\/td><\/tr><tr><td>O26<\/td><td>Historische Eisenbahnfahrzeuge<\/td><td>DB<\/td><td><\/td><td>1993<\/td><\/tr><tr><td>O27<\/td><td>F\u00fchrer durch das Verkehrshaus<\/td><td><\/td><td>Harlekin<\/td><td>1979<\/td><\/tr><tr><td>O28<\/td><td>Tram Museum Z\u00fcrich\/Mitteilungsblatt 10<\/td><td><\/td><td><\/td><td>1977<\/td><\/tr><tr><td>O29<\/td><td>Festschrift zur Er\u00f6ffnung des 1. Salzb. Eisenbahnm.\/Tauernbahn<\/td><td><\/td><td><\/td><td><\/td><\/tr><tr><td>O30<\/td><td>Museumsf\u00fchrer Tauernbahn<\/td><td><\/td><td><\/td><td><\/td><\/tr><\/tbody><\/table><\/figure>\n","protected":false},"excerpt":{"rendered":"<p>O Eisenbahnmuseen und Kataloge OO1 Die Eisenbahnmuseen der Erde Fritz St\u00f6ckl Ferrovia 1981 OO2 F\u00fchrer der Eisenbahn- und Stra\u00dfenbahnmuseen Europas Angius\/Farneti Od\u00f2s 1990 OO3 Dampfnostalgie\/Museumsdampfloks im Einsatz Kraus\/Meyer transpress 2000 OO4 Museumseisenbahnen M\u00fcller-Urban\/Urban Steiger 1999 OO5 Eisenbahnmuseen D\/A\/CH Rolf Temming OrellF\u00fcssli 1989 OO6 Antiquit\u00e4ten und Rarit\u00e4ten von der Eisenbahn G\u00fcnther Henneking Motorbuch 1982 OO7 Mit [&hellip;]<\/p>\n","protected":false},"author":2,"featured_media":0,"parent":0,"menu_order":0,"comment_status":"closed","ping_status":"closed","template":"","meta":{"footnotes":""},"class_list":["post-2830","page","type-page","status-publish","hentry"],"yoast_head":"<!-- This site is optimized with the Yoast SEO plugin v27.4 - https:\/\/yoast.com\/product\/yoast-seo-wordpress\/ -->\n<title>Eisenbahnmuseen und Kataloge - EBFL<\/title>\n<meta name=\"robots\" content=\"index, follow, max-snippet:-1, max-image-preview:large, max-video-preview:-1\" \/>\n<link rel=\"canonical\" href=\"https:\/\/ebfl.at\/index.php\/eisenbahnmuseen-und-kataloge\/\" \/>\n<meta property=\"og:locale\" content=\"de_DE\" \/>\n<meta property=\"og:type\" content=\"article\" \/>\n<meta property=\"og:title\" content=\"Eisenbahnmuseen und Kataloge - EBFL\" \/>\n<meta property=\"og:description\" content=\"O Eisenbahnmuseen und Kataloge OO1 Die Eisenbahnmuseen der Erde Fritz St\u00f6ckl Ferrovia 1981 OO2 F\u00fchrer der Eisenbahn- und Stra\u00dfenbahnmuseen Europas Angius\/Farneti Od\u00f2s 1990 OO3 Dampfnostalgie\/Museumsdampfloks im Einsatz Kraus\/Meyer transpress 2000 OO4 Museumseisenbahnen M\u00fcller-Urban\/Urban Steiger 1999 OO5 Eisenbahnmuseen D\/A\/CH Rolf Temming OrellF\u00fcssli 1989 OO6 Antiquit\u00e4ten und Rarit\u00e4ten von der Eisenbahn G\u00fcnther Henneking Motorbuch 1982 OO7 Mit [&hellip;]\" \/>\n<meta property=\"og:url\" content=\"https:\/\/ebfl.at\/index.php\/eisenbahnmuseen-und-kataloge\/\" \/>\n<meta property=\"og:site_name\" content=\"EBFL\" \/>\n<meta property=\"article:publisher\" content=\"https:\/\/www.facebook.com\/pages\/category\/History-Museum\/EBFLat-301838060596265\/\" \/>\n<meta name=\"twitter:card\" content=\"summary_large_image\" \/>\n<meta name=\"twitter:label1\" content=\"Gesch\u00e4tzte Lesezeit\" \/>\n\t<meta name=\"twitter:data1\" content=\"1\u00a0Minute\" \/>\n<script type=\"application\/ld+json\" class=\"yoast-schema-graph\">{\"@context\":\"https:\\\/\\\/schema.org\",\"@graph\":[{\"@type\":\"WebPage\",\"@id\":\"https:\\\/\\\/ebfl.at\\\/index.php\\\/eisenbahnmuseen-und-kataloge\\\/\",\"url\":\"https:\\\/\\\/ebfl.at\\\/index.php\\\/eisenbahnmuseen-und-kataloge\\\/\",\"name\":\"Eisenbahnmuseen und Kataloge - EBFL\",\"isPartOf\":{\"@id\":\"https:\\\/\\\/ebfl.at\\\/#website\"},\"datePublished\":\"2021-05-04T18:04:01+00:00\",\"breadcrumb\":{\"@id\":\"https:\\\/\\\/ebfl.at\\\/index.php\\\/eisenbahnmuseen-und-kataloge\\\/#breadcrumb\"},\"inLanguage\":\"de\",\"potentialAction\":[{\"@type\":\"ReadAction\",\"target\":[\"https:\\\/\\\/ebfl.at\\\/index.php\\\/eisenbahnmuseen-und-kataloge\\\/\"]}]},{\"@type\":\"BreadcrumbList\",\"@id\":\"https:\\\/\\\/ebfl.at\\\/index.php\\\/eisenbahnmuseen-und-kataloge\\\/#breadcrumb\",\"itemListElement\":[{\"@type\":\"ListItem\",\"position\":1,\"name\":\"Startseite\",\"item\":\"https:\\\/\\\/ebfl.at\\\/\"},{\"@type\":\"ListItem\",\"position\":2,\"name\":\"Eisenbahnmuseen und Kataloge\"}]},{\"@type\":\"WebSite\",\"@id\":\"https:\\\/\\\/ebfl.at\\\/#website\",\"url\":\"https:\\\/\\\/ebfl.at\\\/\",\"name\":\"EBFL Eisenbahnfreunde Lienz\",\"description\":\"Verein der Eisenbahnfreunde in Lienz\",\"publisher\":{\"@id\":\"https:\\\/\\\/ebfl.at\\\/#organization\"},\"potentialAction\":[{\"@type\":\"SearchAction\",\"target\":{\"@type\":\"EntryPoint\",\"urlTemplate\":\"https:\\\/\\\/ebfl.at\\\/?s={search_term_string}\"},\"query-input\":{\"@type\":\"PropertyValueSpecification\",\"valueRequired\":true,\"valueName\":\"search_term_string\"}}],\"inLanguage\":\"de\"},{\"@type\":\"Organization\",\"@id\":\"https:\\\/\\\/ebfl.at\\\/#organization\",\"name\":\"EBFL - Eisenbahnfreunde Lienz\",\"url\":\"https:\\\/\\\/ebfl.at\\\/\",\"logo\":{\"@type\":\"ImageObject\",\"inLanguage\":\"de\",\"@id\":\"https:\\\/\\\/ebfl.at\\\/#\\\/schema\\\/logo\\\/image\\\/\",\"url\":\"https:\\\/\\\/ebfl.at\\\/wp-content\\\/uploads\\\/2019\\\/01\\\/Eisenbahnfreunde-Lienz.jpg\",\"contentUrl\":\"https:\\\/\\\/ebfl.at\\\/wp-content\\\/uploads\\\/2019\\\/01\\\/Eisenbahnfreunde-Lienz.jpg\",\"width\":1087,\"height\":480,\"caption\":\"EBFL - Eisenbahnfreunde Lienz\"},\"image\":{\"@id\":\"https:\\\/\\\/ebfl.at\\\/#\\\/schema\\\/logo\\\/image\\\/\"},\"sameAs\":[\"https:\\\/\\\/www.facebook.com\\\/pages\\\/category\\\/History-Museum\\\/EBFLat-301838060596265\\\/\"]}]}<\/script>\n<!-- \/ Yoast SEO plugin. -->","yoast_head_json":{"title":"Eisenbahnmuseen und Kataloge - EBFL","robots":{"index":"index","follow":"follow","max-snippet":"max-snippet:-1","max-image-preview":"max-image-preview:large","max-video-preview":"max-video-preview:-1"},"canonical":"https:\/\/ebfl.at\/index.php\/eisenbahnmuseen-und-kataloge\/","og_locale":"de_DE","og_type":"article","og_title":"Eisenbahnmuseen und Kataloge - EBFL","og_description":"O Eisenbahnmuseen und Kataloge OO1 Die Eisenbahnmuseen der Erde Fritz St\u00f6ckl Ferrovia 1981 OO2 F\u00fchrer der Eisenbahn- und Stra\u00dfenbahnmuseen Europas Angius\/Farneti Od\u00f2s 1990 OO3 Dampfnostalgie\/Museumsdampfloks im Einsatz Kraus\/Meyer transpress 2000 OO4 Museumseisenbahnen M\u00fcller-Urban\/Urban Steiger 1999 OO5 Eisenbahnmuseen D\/A\/CH Rolf Temming OrellF\u00fcssli 1989 OO6 Antiquit\u00e4ten und Rarit\u00e4ten von der Eisenbahn G\u00fcnther Henneking Motorbuch 1982 OO7 Mit [&hellip;]","og_url":"https:\/\/ebfl.at\/index.php\/eisenbahnmuseen-und-kataloge\/","og_site_name":"EBFL","article_publisher":"https:\/\/www.facebook.com\/pages\/category\/History-Museum\/EBFLat-301838060596265\/","twitter_card":"summary_large_image","twitter_misc":{"Gesch\u00e4tzte Lesezeit":"1\u00a0Minute"},"schema":{"@context":"https:\/\/schema.org","@graph":[{"@type":"WebPage","@id":"https:\/\/ebfl.at\/index.php\/eisenbahnmuseen-und-kataloge\/","url":"https:\/\/ebfl.at\/index.php\/eisenbahnmuseen-und-kataloge\/","name":"Eisenbahnmuseen und Kataloge - EBFL","isPartOf":{"@id":"https:\/\/ebfl.at\/#website"},"datePublished":"2021-05-04T18:04:01+00:00","breadcrumb":{"@id":"https:\/\/ebfl.at\/index.php\/eisenbahnmuseen-und-kataloge\/#breadcrumb"},"inLanguage":"de","potentialAction":[{"@type":"ReadAction","target":["https:\/\/ebfl.at\/index.php\/eisenbahnmuseen-und-kataloge\/"]}]},{"@type":"BreadcrumbList","@id":"https:\/\/ebfl.at\/index.php\/eisenbahnmuseen-und-kataloge\/#breadcrumb","itemListElement":[{"@type":"ListItem","position":1,"name":"Startseite","item":"https:\/\/ebfl.at\/"},{"@type":"ListItem","position":2,"name":"Eisenbahnmuseen und Kataloge"}]},{"@type":"WebSite","@id":"https:\/\/ebfl.at\/#website","url":"https:\/\/ebfl.at\/","name":"EBFL Eisenbahnfreunde Lienz","description":"Verein der Eisenbahnfreunde in Lienz","publisher":{"@id":"https:\/\/ebfl.at\/#organization"},"potentialAction":[{"@type":"SearchAction","target":{"@type":"EntryPoint","urlTemplate":"https:\/\/ebfl.at\/?s={search_term_string}"},"query-input":{"@type":"PropertyValueSpecification","valueRequired":true,"valueName":"search_term_string"}}],"inLanguage":"de"},{"@type":"Organization","@id":"https:\/\/ebfl.at\/#organization","name":"EBFL - Eisenbahnfreunde Lienz","url":"https:\/\/ebfl.at\/","logo":{"@type":"ImageObject","inLanguage":"de","@id":"https:\/\/ebfl.at\/#\/schema\/logo\/image\/","url":"https:\/\/ebfl.at\/wp-content\/uploads\/2019\/01\/Eisenbahnfreunde-Lienz.jpg","contentUrl":"https:\/\/ebfl.at\/wp-content\/uploads\/2019\/01\/Eisenbahnfreunde-Lienz.jpg","width":1087,"height":480,"caption":"EBFL - Eisenbahnfreunde Lienz"},"image":{"@id":"https:\/\/ebfl.at\/#\/schema\/logo\/image\/"},"sameAs":["https:\/\/www.facebook.com\/pages\/category\/History-Museum\/EBFLat-301838060596265\/"]}]}},"_links":{"self":[{"href":"https:\/\/ebfl.at\/index.php\/wp-json\/wp\/v2\/pages\/2830","targetHints":{"allow":["GET"]}}],"collection":[{"href":"https:\/\/ebfl.at\/index.php\/wp-json\/wp\/v2\/pages"}],"about":[{"href":"https:\/\/ebfl.at\/index.php\/wp-json\/wp\/v2\/types\/page"}],"author":[{"embeddable":true,"href":"https:\/\/ebfl.at\/index.php\/wp-json\/wp\/v2\/users\/2"}],"replies":[{"embeddable":true,"href":"https:\/\/ebfl.at\/index.php\/wp-json\/wp\/v2\/comments?post=2830"}],"version-history":[{"count":1,"href":"https:\/\/ebfl.at\/index.php\/wp-json\/wp\/v2\/pages\/2830\/revisions"}],"predecessor-version":[{"id":2831,"href":"https:\/\/ebfl.at\/index.php\/wp-json\/wp\/v2\/pages\/2830\/revisions\/2831"}],"wp:attachment":[{"href":"https:\/\/ebfl.at\/index.php\/wp-json\/wp\/v2\/media?parent=2830"}],"curies":[{"name":"wp","href":"https:\/\/api.w.org\/{rel}","templated":true}]}}