{"id":2833,"date":"2021-05-04T20:05:14","date_gmt":"2021-05-04T18:05:14","guid":{"rendered":"https:\/\/ebfl.at\/?page_id=2833"},"modified":"2021-05-04T20:05:15","modified_gmt":"2021-05-04T18:05:15","slug":"krieg","status":"publish","type":"page","link":"https:\/\/ebfl.at\/index.php\/krieg\/","title":{"rendered":"Krieg"},"content":{"rendered":"\n<figure class=\"wp-block-table is-style-regular\"><table><tbody><tr><td><strong><\/strong><\/td><td><strong>N Krieg<\/strong><\/td><td><strong><\/strong><\/td><td><strong><\/strong><\/td><td><strong><\/strong><\/td><\/tr><tr><td>OO1<\/td><td>Milit\u00e4rgeschichte Bl\u00e4tter\/Preus. Eisenbahntruppen 1871-1945<\/td><td>Hans Georg Kampe<\/td><td>Mei\u00dfler<\/td><td>1998<\/td><\/tr><tr><td>OO2<\/td><td>Eisenbahnen im Krieg vor 1918<\/td><td>Bishop\/Davis<\/td><td>Heyne<\/td><td>1972<\/td><\/tr><tr><td>OO3<\/td><td>Die k\u00f6nigl. Preu\u00dfische Milit\u00e4reisenbahn<\/td><td>Kurt Pierson<\/td><td>Motorbuch<\/td><td>1979<\/td><\/tr><tr><td>OO4<\/td><td>\u00d6sterreichische Milit\u00e4rgeschichte<\/td><td>Hauptner\/Jung<\/td><td>St\u00f6hr<\/td><td>2003<\/td><\/tr><tr><td>OO5<\/td><td>Zwischen Ortler und Piave 1915-1918<\/td><td>Walther Schaumann<\/td><td>Bohmann<\/td><td>1971<\/td><\/tr><tr><td>OO6<\/td><td>Vergessene Vergangenheit 1915-1918<\/td><td>Dultinger<\/td><td>Erhard<\/td><td>1982<\/td><\/tr><tr><td>OO7<\/td><td>Die Bahnen zwischen Ortler und Isonzo 1914-1918<\/td><td>Walther Schaumann<\/td><td>Bohmann<\/td><td>1991<\/td><\/tr><tr><td>OO8<\/td><td>Eisenbahnen im Ersten und Zweiten Weltkrieg<\/td><td>Bishop\/Davis<\/td><td>Heyne<\/td><td>1974<\/td><\/tr><tr><td>OO9<\/td><td>Lokomotiven ziehen in den Krieg<\/td><td>Hansj\u00fcrgen Wenzel<\/td><td>Slezak<\/td><td>1977<\/td><\/tr><tr><td>O10<\/td><td>Lokomotiven ziehen in den Krieg\/Band 2<\/td><td>Wenzel\/Stockklausner<\/td><td>Slezak<\/td><td>1980<\/td><\/tr><tr><td>O11<\/td><td>Lokomotiven ziehen in den Krieg\/Band 3<\/td><td>Wenzel\/Stockklausner<\/td><td>Slezak<\/td><td>1980<\/td><\/tr><tr><td>O12<\/td><td>Als Eisenbahnpionier im 2. Weltkrieg<\/td><td>Ritzau\/Hermann<\/td><td>Ritzau KG<\/td><td>1988<\/td><\/tr><tr><td>O13<\/td><td>Bundeswehr\/Armee f\u00fcr den Krieg<\/td><td>Deutscher Milit\u00e4rverlag Berlin<\/td><td><\/td><td>1967<\/td><\/tr><tr><td>O14<\/td><td>12. Verzeichnis der SF-Z\u00fcge<\/td><td>Deutsche Reichsbahn<\/td><td><\/td><td>1941<\/td><\/tr><tr><td>O15<\/td><td>Schienenstrang nach Stalingrad<\/td><td>Jens Freese<\/td><td>Geramond<\/td><td>2003<\/td><\/tr><tr><td>O16<\/td><td>Eisenbahner in Krieg und Frieden<\/td><td>Karl Eugen Hahn<\/td><td>Lanzenreiter<\/td><td>1953<\/td><\/tr><tr><td>O17<\/td><td>Kriegsdampflokomotive 11<\/td><td>Herbert Fritz<\/td><td>Club 760<\/td><td>1986<\/td><\/tr><tr><td>O18<\/td><td>Lokomotiven f\u00fcr die Ostfront<\/td><td>Michael Reimer<\/td><td>Geramond<\/td><td>1999<\/td><\/tr><tr><td>O19<\/td><td>Die deutsche Reichsbahn im Ostfeldzug<\/td><td>Hans Pottgiesser<\/td><td>Vowinckel<\/td><td>1975<\/td><\/tr><tr><td>O20<\/td><td>Die Deutsche Reichsbahn<\/td><td>Piekalkiewicz<\/td><td>Motorbuch<\/td><td>1979<\/td><\/tr><tr><td>O21<\/td><td>Der Luftkrieg \u00fcber \u00d6sterreich 1939-1945\/Heft 5\/6<\/td><td>Heeresgesch. Museum<\/td><td>Bundesverlag<\/td><td>1986<\/td><\/tr><tr><td>O22<\/td><td>Kursbuch f\u00fcr die Gefangenenwagen\/ab 6.10.1941<\/td><td><\/td><td>Dumjahn<\/td><td>1979<\/td><\/tr><tr><td>O23<\/td><td>Bombenziel Deutsche Reichsbahn<\/td><td>Thomas Frister<\/td><td>EK<\/td><td>1999<\/td><\/tr><tr><td>O24<\/td><td>Eisenbahnpioniere\/Waffenheft des Heeres<\/td><td>Deutscher Volksverlag<\/td><td><\/td><td><\/td><\/tr><tr><td>O25<\/td><td>Taschenfahrplan f\u00fcr die \u00f6stl. Ukraine<\/td><td><\/td><td>Dumjahn<\/td><td>1942<\/td><\/tr><tr><td>O26<\/td><td>Kriegslokomotiven Entstehung und Schicksal<\/td><td>Alfred Gottwaldt<\/td><td>Franckh<\/td><td>1970<\/td><\/tr><tr><td>O27<\/td><td>Feind wirft Brandbomben<\/td><td>Pr\u00e4s. Reichluftschutzbundes<\/td><td>M\u00fcller<\/td><td>1943<\/td><\/tr><tr><td>O28<\/td><td>Lokomotiv-Schicksale 1938-1955<\/td><td>Beier\/Slezak<\/td><td>Slezak<\/td><td>2001<\/td><\/tr><tr><td>O29<\/td><td>Nord-S\u00fcdbahn<\/td><td>Berliner S-Bahn-Museum<\/td><td><\/td><td>1992<\/td><\/tr><tr><td>O30<\/td><td>Deutsche Panzerz\u00fcge im 2. Weltkrieg<\/td><td>Wolfgang Sawodny<\/td><td>Podzun-Pallas<\/td><td>1986<\/td><\/tr><tr><td>O31<\/td><td>Kriegslokomotiven -Typenzusammenstellung<\/td><td>R\u00f6hr<\/td><td>R\u00f6hr<\/td><td>1974<\/td><\/tr><tr><td>O32<\/td><td>Eisenbahn in Polen 1939-1945<\/td><td>Reimer\/Kubitzki<\/td><td>transpress<\/td><td>2004<\/td><\/tr><tr><td>O33<\/td><td>Deutsche Eisenbahnen im 2. Weltkrieg<\/td><td>Alfred Gottwaldt<\/td><td>Franckh<\/td><td>1983<\/td><\/tr><tr><td>O34<\/td><td>Deutsche Kriegslokomotiven 1939-1945<\/td><td>Alfred Gottwaldt<\/td><td>Franckh<\/td><td>1983<\/td><\/tr><tr><td>O35<\/td><td>Die Eisenbahnen im 2. Weltkrieg<\/td><td>Eugen Kreidler\/Wehrforschung Stuttgart<\/td><td>Nikol Hamburg<\/td><td>2001<\/td><\/tr><tr><td>O36<\/td><td>Hitlers Polareisenbahn<\/td><td>Joachim Petersen<\/td><td>Podzun-Pallas<\/td><td>1992<\/td><\/tr><tr><td>O37<\/td><td>\u00d6sterreische Eisenbahner im Widerstand<\/td><td>Friedrich Vogl<\/td><td>\u00d6GB<\/td><td>1968<\/td><\/tr><tr><td>O38<\/td><td>Kolonne\/Die deutsche Reichsbahn im Dienste der Sowietunion<\/td><td>Reimer\/Kubitzki\/Meyer<\/td><td>transpress<\/td><td>1998<\/td><\/tr><tr><td>O39<\/td><td>Die Reichsbahn als Reperationsobjekt<\/td><td>Ursula-Maria Ruser<\/td><td>EK<\/td><td>1981<\/td><\/tr><tr><td>O40<\/td><td>Heeresfeldbahnen der Kaiserzeit<\/td><td>Fach\/Krall<\/td><td>Kenning<\/td><td>2002<\/td><\/tr><tr><td>O41<\/td><td>Eisenbahn im Krieg 1848-1948<\/td><td>Andreas Knipping<\/td><td>Geramond<\/td><td>2005<\/td><\/tr><tr><td>O42<\/td><td>Eisenbahnen im ersten Weltkrieg<\/td><td>Andreas Knipping<\/td><td>EK<\/td><td>2004<\/td><\/tr><tr><td>O43<\/td><td>Die Breitspurbahn 1942-1945<\/td><td>Anton Joachimsthaler<\/td><td>Herbig<\/td><td>1981<\/td><\/tr><tr><td>O44<\/td><td>Deutsche Kriegslokomotiven 1939-1945\/Verkehrsgeschichte<\/td><td>Alfred Gottwaldt<\/td><td>transpress<\/td><td>1998<\/td><\/tr><tr><td>O45<\/td><td>Die Eisenbahnen im 2. Weltkrieg\/Teil 1<\/td><td>Ron Ziel<\/td><td>Franckh<\/td><td>1973<\/td><\/tr><tr><td>O46<\/td><td>Die Eisenbahnen im 2. Weltkrieg\/Teil 2<\/td><td>Alfred Gottwaldt<\/td><td>Franckh<\/td><td>1973<\/td><\/tr><tr><td>O47<\/td><td>Eisenbahnen zwischen Ostfront und Atlantikwall 1939-1945<\/td><td>Knipping\/Schulz<\/td><td>transpress<\/td><td>2002<\/td><\/tr><tr><td>O48<\/td><td>Reichsbahn hinter der Ostfront 1941-1944<\/td><td>Knipping\/Schulz<\/td><td>transpress<\/td><td>1999<\/td><\/tr><tr><td>O49<\/td><td>Die Diesellokomotiven der Wehrmacht<\/td><td>Stefan Lauscher<\/td><td>EK<\/td><td>1999<\/td><\/tr><tr><td>O50<\/td><td>Riesengesch\u00fctze und schwere Brummer<\/td><td>Rudolf Lusar<\/td><td>Bernard&amp;Graefe<\/td><td>2001<\/td><\/tr><tr><td>O51<\/td><td>Schwere Gesch\u00fctze und Eisenbahngesch\u00fctze\/Band 3<\/td><td>Franz Kosar<\/td><td>Bernard&amp;Graefe<\/td><td>1978<\/td><\/tr><tr><td>O52<\/td><td>Deutsche Eisenbahngesch\u00fctze\/Band 16<\/td><td>Joachim Engelmann<\/td><td>Podzun-Pallas<\/td><td><\/td><\/tr><tr><td>O53<\/td><td>Deutsche Eisenbahngesch\u00fctze<\/td><td>Gerhard Taube<\/td><td>Motorbuch<\/td><td>1990<\/td><\/tr><tr><td>O54<\/td><td>Eisenbahngesch\u00fctze der Welt<\/td><td>Franz Kosar<\/td><td>Motorbuch<\/td><td>1999<\/td><\/tr><tr><td>O55<\/td><td>Panzerz\u00fcge 20<\/td><td>Halina i Waldemar Trojca<\/td><td>Warszawa<\/td><td>1995<\/td><\/tr><tr><td>O56<\/td><td>Die Panzerz\u00fcge des Deutschen Reiches 1904-1945<\/td><td>Wolfgang Sawodny<\/td><td>EK<\/td><td>1996<\/td><\/tr><tr><td>O57<\/td><td>Deutsche Panzerz\u00fcge<\/td><td>Wolfgang Sawodny<\/td><td>D\u00f6rfler<\/td><td><\/td><\/tr><tr><td>O58<\/td><td>Waffen-Arsenal\/Band 1<\/td><td>Wolfgang Sawodny<\/td><td>Podzun-Pallas<\/td><td>1996<\/td><\/tr><tr><td>O59<\/td><td>Waffen-Arsenal\/Band 2<\/td><td>Wolfgang Sawodny<\/td><td>Podzun-Pallas<\/td><td>1997<\/td><\/tr><tr><td>O60<\/td><td>Waffen-Arsenal\/Band 28<\/td><td>Wolfgang Sawodny<\/td><td>Podzun-Pallas<\/td><td>2000<\/td><\/tr><tr><td>O61<\/td><td>Waffen-Arsenal\/Band S-36<\/td><td>Wolfgang Sawodny<\/td><td>Podzun-Pallas<\/td><td>1995<\/td><\/tr><tr><td>O62<\/td><td>Panzerz\u00fcge 26<\/td><td>Ledwoch\/Trojca<\/td><td>Warszawa<\/td><td>1995<\/td><\/tr><tr><td>O63<\/td><td>Und dann gab`s einen Knall<\/td><td>Sch\u00fclerzeitschrift &#8222;Hilf mit&#8220;<\/td><td>Braun&amp;Co<\/td><td><\/td><\/tr><tr><td>O64<\/td><td>Amtliches Bahnhofsverzeichnig 1944\/Deutsche Reichsbahn\/Nachdruck<\/td><td><\/td><td>Ritzau KG<\/td><td>1998<\/td><\/tr><tr><td>O65<\/td><td>Reichsbahndirektion Wien<\/td><td>Alfred Horn<\/td><td>Bohmann<\/td><td>1986<\/td><\/tr><tr><td>O66<\/td><td>Deutsche Reichsbahn in \u00d6sterreich<\/td><td>Beier\/Sternhart<\/td><td>Slezak<\/td><td>1999<\/td><\/tr><tr><td>O67<\/td><td>Floridsdorf 1945<\/td><td>Kurt Landsmann<\/td><td>Brandst\u00e4tter<\/td><td>1995<\/td><\/tr><tr><td>O68<\/td><td>Tr\u00fcmmerbahnen<\/td><td>Klaus Scherff<\/td><td>transpress<\/td><td>2002<\/td><\/tr><\/tbody><\/table><\/figure>\n","protected":false},"excerpt":{"rendered":"<p>N Krieg OO1 Milit\u00e4rgeschichte Bl\u00e4tter\/Preus. Eisenbahntruppen 1871-1945 Hans Georg Kampe Mei\u00dfler 1998 OO2 Eisenbahnen im Krieg vor 1918 Bishop\/Davis Heyne 1972 OO3 Die k\u00f6nigl. Preu\u00dfische Milit\u00e4reisenbahn Kurt Pierson Motorbuch 1979 OO4 \u00d6sterreichische Milit\u00e4rgeschichte Hauptner\/Jung St\u00f6hr 2003 OO5 Zwischen Ortler und Piave 1915-1918 Walther Schaumann Bohmann 1971 OO6 Vergessene Vergangenheit 1915-1918 Dultinger Erhard 1982 OO7 Die [&hellip;]<\/p>\n","protected":false},"author":2,"featured_media":0,"parent":0,"menu_order":0,"comment_status":"closed","ping_status":"closed","template":"","meta":{"footnotes":""},"class_list":["post-2833","page","type-page","status-publish","hentry"],"yoast_head":"<!-- This site is optimized with the Yoast SEO plugin v27.4 - https:\/\/yoast.com\/product\/yoast-seo-wordpress\/ -->\n<title>Krieg - EBFL<\/title>\n<meta name=\"robots\" content=\"index, follow, max-snippet:-1, max-image-preview:large, max-video-preview:-1\" \/>\n<link rel=\"canonical\" href=\"https:\/\/ebfl.at\/index.php\/krieg\/\" \/>\n<meta property=\"og:locale\" content=\"de_DE\" \/>\n<meta property=\"og:type\" content=\"article\" \/>\n<meta property=\"og:title\" content=\"Krieg - EBFL\" \/>\n<meta property=\"og:description\" content=\"N Krieg OO1 Milit\u00e4rgeschichte Bl\u00e4tter\/Preus. Eisenbahntruppen 1871-1945 Hans Georg Kampe Mei\u00dfler 1998 OO2 Eisenbahnen im Krieg vor 1918 Bishop\/Davis Heyne 1972 OO3 Die k\u00f6nigl. Preu\u00dfische Milit\u00e4reisenbahn Kurt Pierson Motorbuch 1979 OO4 \u00d6sterreichische Milit\u00e4rgeschichte Hauptner\/Jung St\u00f6hr 2003 OO5 Zwischen Ortler und Piave 1915-1918 Walther Schaumann Bohmann 1971 OO6 Vergessene Vergangenheit 1915-1918 Dultinger Erhard 1982 OO7 Die [&hellip;]\" \/>\n<meta property=\"og:url\" content=\"https:\/\/ebfl.at\/index.php\/krieg\/\" \/>\n<meta property=\"og:site_name\" content=\"EBFL\" \/>\n<meta property=\"article:publisher\" content=\"https:\/\/www.facebook.com\/pages\/category\/History-Museum\/EBFLat-301838060596265\/\" \/>\n<meta property=\"article:modified_time\" content=\"2021-05-04T18:05:15+00:00\" \/>\n<meta name=\"twitter:card\" content=\"summary_large_image\" \/>\n<meta name=\"twitter:label1\" content=\"Gesch\u00e4tzte Lesezeit\" \/>\n\t<meta name=\"twitter:data1\" content=\"3\u00a0Minuten\" \/>\n<script type=\"application\/ld+json\" class=\"yoast-schema-graph\">{\"@context\":\"https:\\\/\\\/schema.org\",\"@graph\":[{\"@type\":\"WebPage\",\"@id\":\"https:\\\/\\\/ebfl.at\\\/index.php\\\/krieg\\\/\",\"url\":\"https:\\\/\\\/ebfl.at\\\/index.php\\\/krieg\\\/\",\"name\":\"Krieg - EBFL\",\"isPartOf\":{\"@id\":\"https:\\\/\\\/ebfl.at\\\/#website\"},\"datePublished\":\"2021-05-04T18:05:14+00:00\",\"dateModified\":\"2021-05-04T18:05:15+00:00\",\"breadcrumb\":{\"@id\":\"https:\\\/\\\/ebfl.at\\\/index.php\\\/krieg\\\/#breadcrumb\"},\"inLanguage\":\"de\",\"potentialAction\":[{\"@type\":\"ReadAction\",\"target\":[\"https:\\\/\\\/ebfl.at\\\/index.php\\\/krieg\\\/\"]}]},{\"@type\":\"BreadcrumbList\",\"@id\":\"https:\\\/\\\/ebfl.at\\\/index.php\\\/krieg\\\/#breadcrumb\",\"itemListElement\":[{\"@type\":\"ListItem\",\"position\":1,\"name\":\"Startseite\",\"item\":\"https:\\\/\\\/ebfl.at\\\/\"},{\"@type\":\"ListItem\",\"position\":2,\"name\":\"Krieg\"}]},{\"@type\":\"WebSite\",\"@id\":\"https:\\\/\\\/ebfl.at\\\/#website\",\"url\":\"https:\\\/\\\/ebfl.at\\\/\",\"name\":\"EBFL Eisenbahnfreunde Lienz\",\"description\":\"Verein der Eisenbahnfreunde in Lienz\",\"publisher\":{\"@id\":\"https:\\\/\\\/ebfl.at\\\/#organization\"},\"potentialAction\":[{\"@type\":\"SearchAction\",\"target\":{\"@type\":\"EntryPoint\",\"urlTemplate\":\"https:\\\/\\\/ebfl.at\\\/?s={search_term_string}\"},\"query-input\":{\"@type\":\"PropertyValueSpecification\",\"valueRequired\":true,\"valueName\":\"search_term_string\"}}],\"inLanguage\":\"de\"},{\"@type\":\"Organization\",\"@id\":\"https:\\\/\\\/ebfl.at\\\/#organization\",\"name\":\"EBFL - Eisenbahnfreunde Lienz\",\"url\":\"https:\\\/\\\/ebfl.at\\\/\",\"logo\":{\"@type\":\"ImageObject\",\"inLanguage\":\"de\",\"@id\":\"https:\\\/\\\/ebfl.at\\\/#\\\/schema\\\/logo\\\/image\\\/\",\"url\":\"https:\\\/\\\/ebfl.at\\\/wp-content\\\/uploads\\\/2019\\\/01\\\/Eisenbahnfreunde-Lienz.jpg\",\"contentUrl\":\"https:\\\/\\\/ebfl.at\\\/wp-content\\\/uploads\\\/2019\\\/01\\\/Eisenbahnfreunde-Lienz.jpg\",\"width\":1087,\"height\":480,\"caption\":\"EBFL - Eisenbahnfreunde Lienz\"},\"image\":{\"@id\":\"https:\\\/\\\/ebfl.at\\\/#\\\/schema\\\/logo\\\/image\\\/\"},\"sameAs\":[\"https:\\\/\\\/www.facebook.com\\\/pages\\\/category\\\/History-Museum\\\/EBFLat-301838060596265\\\/\"]}]}<\/script>\n<!-- \/ Yoast SEO plugin. -->","yoast_head_json":{"title":"Krieg - EBFL","robots":{"index":"index","follow":"follow","max-snippet":"max-snippet:-1","max-image-preview":"max-image-preview:large","max-video-preview":"max-video-preview:-1"},"canonical":"https:\/\/ebfl.at\/index.php\/krieg\/","og_locale":"de_DE","og_type":"article","og_title":"Krieg - EBFL","og_description":"N Krieg OO1 Milit\u00e4rgeschichte Bl\u00e4tter\/Preus. Eisenbahntruppen 1871-1945 Hans Georg Kampe Mei\u00dfler 1998 OO2 Eisenbahnen im Krieg vor 1918 Bishop\/Davis Heyne 1972 OO3 Die k\u00f6nigl. Preu\u00dfische Milit\u00e4reisenbahn Kurt Pierson Motorbuch 1979 OO4 \u00d6sterreichische Milit\u00e4rgeschichte Hauptner\/Jung St\u00f6hr 2003 OO5 Zwischen Ortler und Piave 1915-1918 Walther Schaumann Bohmann 1971 OO6 Vergessene Vergangenheit 1915-1918 Dultinger Erhard 1982 OO7 Die [&hellip;]","og_url":"https:\/\/ebfl.at\/index.php\/krieg\/","og_site_name":"EBFL","article_publisher":"https:\/\/www.facebook.com\/pages\/category\/History-Museum\/EBFLat-301838060596265\/","article_modified_time":"2021-05-04T18:05:15+00:00","twitter_card":"summary_large_image","twitter_misc":{"Gesch\u00e4tzte Lesezeit":"3\u00a0Minuten"},"schema":{"@context":"https:\/\/schema.org","@graph":[{"@type":"WebPage","@id":"https:\/\/ebfl.at\/index.php\/krieg\/","url":"https:\/\/ebfl.at\/index.php\/krieg\/","name":"Krieg - EBFL","isPartOf":{"@id":"https:\/\/ebfl.at\/#website"},"datePublished":"2021-05-04T18:05:14+00:00","dateModified":"2021-05-04T18:05:15+00:00","breadcrumb":{"@id":"https:\/\/ebfl.at\/index.php\/krieg\/#breadcrumb"},"inLanguage":"de","potentialAction":[{"@type":"ReadAction","target":["https:\/\/ebfl.at\/index.php\/krieg\/"]}]},{"@type":"BreadcrumbList","@id":"https:\/\/ebfl.at\/index.php\/krieg\/#breadcrumb","itemListElement":[{"@type":"ListItem","position":1,"name":"Startseite","item":"https:\/\/ebfl.at\/"},{"@type":"ListItem","position":2,"name":"Krieg"}]},{"@type":"WebSite","@id":"https:\/\/ebfl.at\/#website","url":"https:\/\/ebfl.at\/","name":"EBFL Eisenbahnfreunde Lienz","description":"Verein der Eisenbahnfreunde in Lienz","publisher":{"@id":"https:\/\/ebfl.at\/#organization"},"potentialAction":[{"@type":"SearchAction","target":{"@type":"EntryPoint","urlTemplate":"https:\/\/ebfl.at\/?s={search_term_string}"},"query-input":{"@type":"PropertyValueSpecification","valueRequired":true,"valueName":"search_term_string"}}],"inLanguage":"de"},{"@type":"Organization","@id":"https:\/\/ebfl.at\/#organization","name":"EBFL - Eisenbahnfreunde Lienz","url":"https:\/\/ebfl.at\/","logo":{"@type":"ImageObject","inLanguage":"de","@id":"https:\/\/ebfl.at\/#\/schema\/logo\/image\/","url":"https:\/\/ebfl.at\/wp-content\/uploads\/2019\/01\/Eisenbahnfreunde-Lienz.jpg","contentUrl":"https:\/\/ebfl.at\/wp-content\/uploads\/2019\/01\/Eisenbahnfreunde-Lienz.jpg","width":1087,"height":480,"caption":"EBFL - Eisenbahnfreunde Lienz"},"image":{"@id":"https:\/\/ebfl.at\/#\/schema\/logo\/image\/"},"sameAs":["https:\/\/www.facebook.com\/pages\/category\/History-Museum\/EBFLat-301838060596265\/"]}]}},"_links":{"self":[{"href":"https:\/\/ebfl.at\/index.php\/wp-json\/wp\/v2\/pages\/2833","targetHints":{"allow":["GET"]}}],"collection":[{"href":"https:\/\/ebfl.at\/index.php\/wp-json\/wp\/v2\/pages"}],"about":[{"href":"https:\/\/ebfl.at\/index.php\/wp-json\/wp\/v2\/types\/page"}],"author":[{"embeddable":true,"href":"https:\/\/ebfl.at\/index.php\/wp-json\/wp\/v2\/users\/2"}],"replies":[{"embeddable":true,"href":"https:\/\/ebfl.at\/index.php\/wp-json\/wp\/v2\/comments?post=2833"}],"version-history":[{"count":1,"href":"https:\/\/ebfl.at\/index.php\/wp-json\/wp\/v2\/pages\/2833\/revisions"}],"predecessor-version":[{"id":2834,"href":"https:\/\/ebfl.at\/index.php\/wp-json\/wp\/v2\/pages\/2833\/revisions\/2834"}],"wp:attachment":[{"href":"https:\/\/ebfl.at\/index.php\/wp-json\/wp\/v2\/media?parent=2833"}],"curies":[{"name":"wp","href":"https:\/\/api.w.org\/{rel}","templated":true}]}}