{"id":2836,"date":"2021-05-04T20:06:26","date_gmt":"2021-05-04T18:06:26","guid":{"rendered":"https:\/\/ebfl.at\/?page_id=2836"},"modified":"2021-05-04T20:06:28","modified_gmt":"2021-05-04T18:06:28","slug":"romane-kinderbuecher","status":"publish","type":"page","link":"https:\/\/ebfl.at\/index.php\/romane-kinderbuecher\/","title":{"rendered":"Romane, Kinderb\u00fccher"},"content":{"rendered":"\n<figure class=\"wp-block-table is-style-regular\"><table><tbody><tr><td><strong><\/strong><\/td><td><strong>P.1 Romane<\/strong><\/td><td><strong><\/strong><\/td><td><strong><\/strong><\/td><td><strong><\/strong><\/td><\/tr><tr><td>OO1<\/td><td>Abenteuer Eisenbah n<\/td><td>Paul Theroux<\/td><td>Heyne<\/td><td><\/td><\/tr><tr><td>OO2<\/td><td>Bitte wecken in Vinkovci\/Schlafwagengeschichten<\/td><td>Richard K\u00fcnzel<\/td><td>Mandala<\/td><td>1985<\/td><\/tr><tr><td>OO3<\/td><td>Bekenntnisse eines Eisenbahnnarren<\/td><td>K.E.Maedel<\/td><td>Franckh<\/td><td>1964<\/td><\/tr><tr><td>OO4<\/td><td>Der Weg durch den Berg<\/td><td>Oskar Fontana<\/td><td>B\u00fcchergilde Gutenberg<\/td><td><\/td><\/tr><tr><td>OO5<\/td><td>Die st\u00e4hlerne Stra\u00dfe<\/td><td>Peter Herzog<\/td><td>Athen\u00e4um<\/td><td>1955<\/td><\/tr><tr><td>OO6<\/td><td>Die Bahn \u00fcber den Berg<\/td><td>Theodor Mayer<\/td><td>Stocker<\/td><td>1946<\/td><\/tr><tr><td>OO7<\/td><td>Feuerrauch und Pulverdampf<\/td><td>Christopher Hager<\/td><td>Herder<\/td><td>1961<\/td><\/tr><tr><td>OO8<\/td><td>Die st\u00e4hlerne Stra\u00dfe<\/td><td>Edmund Daniek<\/td><td>B\u00fcchergilde Gutenberg<\/td><td><\/td><\/tr><tr><td>OO9<\/td><td>Das Buch von der Eisenbahn<\/td><td>Alexander Niklitschek<\/td><td>\u00d6sterr. Schulb\u00fccherverl.<\/td><td>1923<\/td><\/tr><tr><td>O10<\/td><td>Tramfrau\/Stra\u00dfenbahnfahrerin<\/td><td>Root Leeb<\/td><td>Ebersbach<\/td><td>1994<\/td><\/tr><tr><td>O11<\/td><td>Bahnbrecher<\/td><td>Kurt Frieberger<\/td><td>Buchgemeinschaft<\/td><td>1951<\/td><\/tr><tr><td>O12<\/td><td>Bahn frei!<\/td><td>Fritz M\u00fcller<\/td><td>Staakmann Leipzig<\/td><td>1944<\/td><\/tr><tr><td>O13<\/td><td>Orient Express<\/td><td>E.H. Cookridge<\/td><td>Heyne<\/td><td>1980<\/td><\/tr><tr><td>O14<\/td><td>Lokomotivf\u00fchrer Ranger<\/td><td>Anton Oberl\u00e4nder<\/td><td>Schwabenverlag<\/td><td>1979<\/td><\/tr><tr><td>O15<\/td><td>Abenteuer Eisenbahn\/Auf Schienen um die halbe Welt<\/td><td>Paul Theroux<\/td><td>Hoffmann&amp;Campe<\/td><td>1977<\/td><\/tr><tr><td>O16<\/td><td>Gleisweise<\/td><td>Gerald Sammet<\/td><td>rororo<\/td><td>1985<\/td><\/tr><tr><td>O17<\/td><td>Illustrierte Eisenbahnlekt\u00fcre<\/td><td>Alfred Niel<\/td><td>N\u00d6 Pressehaus<\/td><td>1979<\/td><\/tr><tr><td>O18<\/td><td>Vorsignal in Warnstellung<\/td><td>Gerhard Neubauer<\/td><td>Deutsche Verlagsges.<\/td><td>1942<\/td><\/tr><tr><td>O19<\/td><td>Eisenbahnfieber<\/td><td>Hans Peter H\u00e4berli<\/td><td>satyr<\/td><td>1990<\/td><\/tr><tr><td>O2O<\/td><td>Eisenbahnromantik\/Fasz. Welt der Schienen<\/td><td>Hagen v. Ortloff<\/td><td>schl\u00fcrtesche<\/td><td>2007<\/td><\/tr><tr><td>O21<\/td><td>Eisenbahnromantik\/Fasz. Loks u. Bahnstrecken<\/td><td>Hagen v. Ortloff<\/td><td>schl\u00fcrtesche<\/td><td>2007<\/td><\/tr><tr><td>O22<\/td><td>Das Dampfross mit rauchendem Schlote<\/td><td>Martin\/Niel<\/td><td>Neff<\/td><td>1975<\/td><\/tr><tr><td>O23<\/td><td>Du Dampfross mit rauchendem Schlote\/Eisenbahnbrevier<\/td><td><\/td><td>Neff<\/td><td>1975<\/td><\/tr><tr><td>O24<\/td><td>Die frohe Reise<\/td><td>Norbert JacQues<\/td><td>Knorr<\/td><td>1939<\/td><\/tr><tr><td>O25<\/td><td>Abfahrt auf Gleis elf<\/td><td><\/td><td>Benziger<\/td><td>1976<\/td><\/tr><tr><td>O26<\/td><td>Lokf\u00fchrer auf der Pazifik 231<\/td><td>Etienne Cattin<\/td><td>Franckh<\/td><td>1958<\/td><\/tr><tr><td>O27<\/td><td>Der feurige Elias<\/td><td>Adalbert Muhr<\/td><td>Amaltea<\/td><td>1976<\/td><\/tr><tr><td>O28<\/td><td>Durch die weite Welt XXVI<\/td><td><\/td><td>Franckh<\/td><td>1952<\/td><\/tr><tr><td>O29<\/td><td>Durch die weite Welt XXVII<\/td><td><\/td><td>Franckh<\/td><td>1953<\/td><\/tr><tr><td>O3O<\/td><td>Reiserezepte f\u00fcr Lebensk\u00fcnstler<\/td><td><\/td><td>Redactor<\/td><td>1967<\/td><\/tr><tr><td>O31<\/td><td>Carl Ritter von Ghega<\/td><td>Wolfgang Straub<\/td><td>Styria<\/td><td>2004<\/td><\/tr><tr><td>O32<\/td><td>Die geb\u00e4ndigten PS<\/td><td>Werner Siebold<\/td><td>Bardtenschlager<\/td><td><\/td><\/tr><tr><td>O33<\/td><td>Ein Fahrgast sieht rot<\/td><td>Otto Slezak<\/td><td>Eigenverlag<\/td><td>1988<\/td><\/tr><tr><td>O34<\/td><td>Geschichte der Eisenbahnreise<\/td><td>Wolfgang Schivelbusch<\/td><td>Ullstein<\/td><td>1977<\/td><\/tr><tr><td>O35<\/td><td>Da staunt das Vorsignal<\/td><td>Josef Slezak<\/td><td>Ges.f\u00fcr Natur u. Technik<\/td><td>1952<\/td><\/tr><\/tbody><\/table><\/figure>\n","protected":false},"excerpt":{"rendered":"<p>P.1 Romane OO1 Abenteuer Eisenbah n Paul Theroux Heyne OO2 Bitte wecken in Vinkovci\/Schlafwagengeschichten Richard K\u00fcnzel Mandala 1985 OO3 Bekenntnisse eines Eisenbahnnarren K.E.Maedel Franckh 1964 OO4 Der Weg durch den Berg Oskar Fontana B\u00fcchergilde Gutenberg OO5 Die st\u00e4hlerne Stra\u00dfe Peter Herzog Athen\u00e4um 1955 OO6 Die Bahn \u00fcber den Berg Theodor Mayer Stocker 1946 OO7 Feuerrauch [&hellip;]<\/p>\n","protected":false},"author":2,"featured_media":0,"parent":0,"menu_order":0,"comment_status":"closed","ping_status":"closed","template":"","meta":{"footnotes":""},"class_list":["post-2836","page","type-page","status-publish","hentry"],"yoast_head":"<!-- This site is optimized with the Yoast SEO plugin v27.4 - https:\/\/yoast.com\/product\/yoast-seo-wordpress\/ -->\n<title>Romane, Kinderb\u00fccher - EBFL<\/title>\n<meta name=\"robots\" content=\"index, follow, max-snippet:-1, max-image-preview:large, max-video-preview:-1\" \/>\n<link rel=\"canonical\" href=\"https:\/\/ebfl.at\/index.php\/romane-kinderbuecher\/\" \/>\n<meta property=\"og:locale\" content=\"de_DE\" \/>\n<meta property=\"og:type\" content=\"article\" \/>\n<meta property=\"og:title\" content=\"Romane, Kinderb\u00fccher - EBFL\" \/>\n<meta property=\"og:description\" content=\"P.1 Romane OO1 Abenteuer Eisenbah n Paul Theroux Heyne OO2 Bitte wecken in Vinkovci\/Schlafwagengeschichten Richard K\u00fcnzel Mandala 1985 OO3 Bekenntnisse eines Eisenbahnnarren K.E.Maedel Franckh 1964 OO4 Der Weg durch den Berg Oskar Fontana B\u00fcchergilde Gutenberg OO5 Die st\u00e4hlerne Stra\u00dfe Peter Herzog Athen\u00e4um 1955 OO6 Die Bahn \u00fcber den Berg Theodor Mayer Stocker 1946 OO7 Feuerrauch [&hellip;]\" \/>\n<meta property=\"og:url\" content=\"https:\/\/ebfl.at\/index.php\/romane-kinderbuecher\/\" \/>\n<meta property=\"og:site_name\" content=\"EBFL\" \/>\n<meta property=\"article:publisher\" content=\"https:\/\/www.facebook.com\/pages\/category\/History-Museum\/EBFLat-301838060596265\/\" \/>\n<meta property=\"article:modified_time\" content=\"2021-05-04T18:06:28+00:00\" \/>\n<meta name=\"twitter:card\" content=\"summary_large_image\" \/>\n<meta name=\"twitter:label1\" content=\"Gesch\u00e4tzte Lesezeit\" \/>\n\t<meta name=\"twitter:data1\" content=\"2\u00a0Minuten\" \/>\n<script type=\"application\/ld+json\" class=\"yoast-schema-graph\">{\"@context\":\"https:\\\/\\\/schema.org\",\"@graph\":[{\"@type\":\"WebPage\",\"@id\":\"https:\\\/\\\/ebfl.at\\\/index.php\\\/romane-kinderbuecher\\\/\",\"url\":\"https:\\\/\\\/ebfl.at\\\/index.php\\\/romane-kinderbuecher\\\/\",\"name\":\"Romane, Kinderb\u00fccher - EBFL\",\"isPartOf\":{\"@id\":\"https:\\\/\\\/ebfl.at\\\/#website\"},\"datePublished\":\"2021-05-04T18:06:26+00:00\",\"dateModified\":\"2021-05-04T18:06:28+00:00\",\"breadcrumb\":{\"@id\":\"https:\\\/\\\/ebfl.at\\\/index.php\\\/romane-kinderbuecher\\\/#breadcrumb\"},\"inLanguage\":\"de\",\"potentialAction\":[{\"@type\":\"ReadAction\",\"target\":[\"https:\\\/\\\/ebfl.at\\\/index.php\\\/romane-kinderbuecher\\\/\"]}]},{\"@type\":\"BreadcrumbList\",\"@id\":\"https:\\\/\\\/ebfl.at\\\/index.php\\\/romane-kinderbuecher\\\/#breadcrumb\",\"itemListElement\":[{\"@type\":\"ListItem\",\"position\":1,\"name\":\"Startseite\",\"item\":\"https:\\\/\\\/ebfl.at\\\/\"},{\"@type\":\"ListItem\",\"position\":2,\"name\":\"Romane, Kinderb\u00fccher\"}]},{\"@type\":\"WebSite\",\"@id\":\"https:\\\/\\\/ebfl.at\\\/#website\",\"url\":\"https:\\\/\\\/ebfl.at\\\/\",\"name\":\"EBFL Eisenbahnfreunde Lienz\",\"description\":\"Verein der Eisenbahnfreunde in Lienz\",\"publisher\":{\"@id\":\"https:\\\/\\\/ebfl.at\\\/#organization\"},\"potentialAction\":[{\"@type\":\"SearchAction\",\"target\":{\"@type\":\"EntryPoint\",\"urlTemplate\":\"https:\\\/\\\/ebfl.at\\\/?s={search_term_string}\"},\"query-input\":{\"@type\":\"PropertyValueSpecification\",\"valueRequired\":true,\"valueName\":\"search_term_string\"}}],\"inLanguage\":\"de\"},{\"@type\":\"Organization\",\"@id\":\"https:\\\/\\\/ebfl.at\\\/#organization\",\"name\":\"EBFL - Eisenbahnfreunde Lienz\",\"url\":\"https:\\\/\\\/ebfl.at\\\/\",\"logo\":{\"@type\":\"ImageObject\",\"inLanguage\":\"de\",\"@id\":\"https:\\\/\\\/ebfl.at\\\/#\\\/schema\\\/logo\\\/image\\\/\",\"url\":\"https:\\\/\\\/ebfl.at\\\/wp-content\\\/uploads\\\/2019\\\/01\\\/Eisenbahnfreunde-Lienz.jpg\",\"contentUrl\":\"https:\\\/\\\/ebfl.at\\\/wp-content\\\/uploads\\\/2019\\\/01\\\/Eisenbahnfreunde-Lienz.jpg\",\"width\":1087,\"height\":480,\"caption\":\"EBFL - Eisenbahnfreunde Lienz\"},\"image\":{\"@id\":\"https:\\\/\\\/ebfl.at\\\/#\\\/schema\\\/logo\\\/image\\\/\"},\"sameAs\":[\"https:\\\/\\\/www.facebook.com\\\/pages\\\/category\\\/History-Museum\\\/EBFLat-301838060596265\\\/\"]}]}<\/script>\n<!-- \/ Yoast SEO plugin. -->","yoast_head_json":{"title":"Romane, Kinderb\u00fccher - EBFL","robots":{"index":"index","follow":"follow","max-snippet":"max-snippet:-1","max-image-preview":"max-image-preview:large","max-video-preview":"max-video-preview:-1"},"canonical":"https:\/\/ebfl.at\/index.php\/romane-kinderbuecher\/","og_locale":"de_DE","og_type":"article","og_title":"Romane, Kinderb\u00fccher - EBFL","og_description":"P.1 Romane OO1 Abenteuer Eisenbah n Paul Theroux Heyne OO2 Bitte wecken in Vinkovci\/Schlafwagengeschichten Richard K\u00fcnzel Mandala 1985 OO3 Bekenntnisse eines Eisenbahnnarren K.E.Maedel Franckh 1964 OO4 Der Weg durch den Berg Oskar Fontana B\u00fcchergilde Gutenberg OO5 Die st\u00e4hlerne Stra\u00dfe Peter Herzog Athen\u00e4um 1955 OO6 Die Bahn \u00fcber den Berg Theodor Mayer Stocker 1946 OO7 Feuerrauch [&hellip;]","og_url":"https:\/\/ebfl.at\/index.php\/romane-kinderbuecher\/","og_site_name":"EBFL","article_publisher":"https:\/\/www.facebook.com\/pages\/category\/History-Museum\/EBFLat-301838060596265\/","article_modified_time":"2021-05-04T18:06:28+00:00","twitter_card":"summary_large_image","twitter_misc":{"Gesch\u00e4tzte Lesezeit":"2\u00a0Minuten"},"schema":{"@context":"https:\/\/schema.org","@graph":[{"@type":"WebPage","@id":"https:\/\/ebfl.at\/index.php\/romane-kinderbuecher\/","url":"https:\/\/ebfl.at\/index.php\/romane-kinderbuecher\/","name":"Romane, Kinderb\u00fccher - EBFL","isPartOf":{"@id":"https:\/\/ebfl.at\/#website"},"datePublished":"2021-05-04T18:06:26+00:00","dateModified":"2021-05-04T18:06:28+00:00","breadcrumb":{"@id":"https:\/\/ebfl.at\/index.php\/romane-kinderbuecher\/#breadcrumb"},"inLanguage":"de","potentialAction":[{"@type":"ReadAction","target":["https:\/\/ebfl.at\/index.php\/romane-kinderbuecher\/"]}]},{"@type":"BreadcrumbList","@id":"https:\/\/ebfl.at\/index.php\/romane-kinderbuecher\/#breadcrumb","itemListElement":[{"@type":"ListItem","position":1,"name":"Startseite","item":"https:\/\/ebfl.at\/"},{"@type":"ListItem","position":2,"name":"Romane, Kinderb\u00fccher"}]},{"@type":"WebSite","@id":"https:\/\/ebfl.at\/#website","url":"https:\/\/ebfl.at\/","name":"EBFL Eisenbahnfreunde Lienz","description":"Verein der Eisenbahnfreunde in Lienz","publisher":{"@id":"https:\/\/ebfl.at\/#organization"},"potentialAction":[{"@type":"SearchAction","target":{"@type":"EntryPoint","urlTemplate":"https:\/\/ebfl.at\/?s={search_term_string}"},"query-input":{"@type":"PropertyValueSpecification","valueRequired":true,"valueName":"search_term_string"}}],"inLanguage":"de"},{"@type":"Organization","@id":"https:\/\/ebfl.at\/#organization","name":"EBFL - Eisenbahnfreunde Lienz","url":"https:\/\/ebfl.at\/","logo":{"@type":"ImageObject","inLanguage":"de","@id":"https:\/\/ebfl.at\/#\/schema\/logo\/image\/","url":"https:\/\/ebfl.at\/wp-content\/uploads\/2019\/01\/Eisenbahnfreunde-Lienz.jpg","contentUrl":"https:\/\/ebfl.at\/wp-content\/uploads\/2019\/01\/Eisenbahnfreunde-Lienz.jpg","width":1087,"height":480,"caption":"EBFL - Eisenbahnfreunde Lienz"},"image":{"@id":"https:\/\/ebfl.at\/#\/schema\/logo\/image\/"},"sameAs":["https:\/\/www.facebook.com\/pages\/category\/History-Museum\/EBFLat-301838060596265\/"]}]}},"_links":{"self":[{"href":"https:\/\/ebfl.at\/index.php\/wp-json\/wp\/v2\/pages\/2836","targetHints":{"allow":["GET"]}}],"collection":[{"href":"https:\/\/ebfl.at\/index.php\/wp-json\/wp\/v2\/pages"}],"about":[{"href":"https:\/\/ebfl.at\/index.php\/wp-json\/wp\/v2\/types\/page"}],"author":[{"embeddable":true,"href":"https:\/\/ebfl.at\/index.php\/wp-json\/wp\/v2\/users\/2"}],"replies":[{"embeddable":true,"href":"https:\/\/ebfl.at\/index.php\/wp-json\/wp\/v2\/comments?post=2836"}],"version-history":[{"count":1,"href":"https:\/\/ebfl.at\/index.php\/wp-json\/wp\/v2\/pages\/2836\/revisions"}],"predecessor-version":[{"id":2837,"href":"https:\/\/ebfl.at\/index.php\/wp-json\/wp\/v2\/pages\/2836\/revisions\/2837"}],"wp:attachment":[{"href":"https:\/\/ebfl.at\/index.php\/wp-json\/wp\/v2\/media?parent=2836"}],"curies":[{"name":"wp","href":"https:\/\/api.w.org\/{rel}","templated":true}]}}