{"id":2858,"date":"2021-05-10T15:58:59","date_gmt":"2021-05-10T13:58:59","guid":{"rendered":"https:\/\/ebfl.at\/?page_id=2858"},"modified":"2021-05-10T15:59:01","modified_gmt":"2021-05-10T13:59:01","slug":"natur","status":"publish","type":"page","link":"https:\/\/ebfl.at\/index.php\/natur\/","title":{"rendered":"Natur"},"content":{"rendered":"\n<figure class=\"wp-block-table is-style-regular\"><table><tbody><tr><td><strong><\/strong><\/td><td><strong>Natur<\/strong><\/td><td><\/td><td><\/td><td><\/td><\/tr><tr><td>500<\/td><td>Der innere Kompass<\/td><td>Waterman<\/td><td>Spektrum<\/td><td>1989<\/td><\/tr><tr><td>501<\/td><td>Polarb\u00e4ren<\/td><td>Norbert Rosing<\/td><td>Tecklenborg<\/td><td>1994<\/td><\/tr><tr><td>502<\/td><td>K\u00f6nigstiger<\/td><td>Denzau<\/td><td>Tecklenborg<\/td><td>1996<\/td><\/tr><tr><td>503<\/td><td>In den Tiefen des Weltraumes<\/td><td>Alexander Niklitschek<\/td><td>Br\u00fccken<\/td><td>1950<\/td><\/tr><tr><td>504<\/td><td>Natur und Technik\/Heft 1 &#8211; 12<\/td><td><\/td><td><\/td><td>1948<\/td><\/tr><tr><td>505<\/td><td>Natur und Technik\/Heft 1 &#8211; 12<\/td><td><\/td><td><\/td><td>1947\/48\/49<\/td><\/tr><tr><td>506<\/td><td>Wunder in und um uns<\/td><td>Alexander Niklitschek<\/td><td>Br\u00fccken<\/td><td>1947<\/td><\/tr><tr><td>507<\/td><td>Ausflug ins Sonnensystem<\/td><td>Alexander Niklitschek<\/td><td>Br\u00fccken<\/td><td>1949<\/td><\/tr><tr><td>508<\/td><td>Der Schl\u00fcssel zum Aufbau der Materie<\/td><td>H. Tertsch<\/td><td>Jugend u. Volk<\/td><td>1947<\/td><\/tr><tr><td>509<\/td><td>Weltsch\u00f6pfung und Untergang (2 B.)<\/td><td>Wilhelm Meyer<\/td><td>Eigenverlag<\/td><td>1922<\/td><\/tr><tr><td>510<\/td><td>Vom Bau der Erde<\/td><td>Leopold Kober<\/td><td>Universum<\/td><td>1949<\/td><\/tr><tr><td>511<\/td><td>Die Welt der Planeten<\/td><td>Wilhelm Meyer<\/td><td>Cosmos<\/td><td>1910<\/td><\/tr><tr><td>512<\/td><td>Was ist Magnetismus?<\/td><td>Hannes G\u00fcnther<\/td><td>Cosmos<\/td><td>1927<\/td><\/tr><tr><td>513<\/td><td>Kosmogonie aufgrund \u2026Milchstra\u00dfensystem<\/td><td>Friedrich Gruber<\/td><td>Eigenverlag<\/td><td>1991<\/td><\/tr><tr><td>514<\/td><td>Einstein f\u00fcr Jedermann<\/td><td>Georg Felke<\/td><td>Neue Gesellschaft Berlin<\/td><td>1928<\/td><\/tr><tr><td>515<\/td><td>Die Himmel r\u00fchmen.. Bilder vom Weltall<\/td><td>Johann Lenz<\/td><td>Tyrolia<\/td><td>1950<\/td><\/tr><tr><td>516<\/td><td>Du und die Natur<\/td><td>Paul Karlson<\/td><td>Druckhaus Tempelhof<\/td><td>1950<\/td><\/tr><tr><td>517<\/td><td>Forscher ersch\u00fcttern die Welt<\/td><td>Werner Braunbeck<\/td><td>Kosmos<\/td><td>1957<\/td><\/tr><tr><td>518<\/td><td>Planeten und Menschen<\/td><td>H. Dekker<\/td><td>Kosmos<\/td><td>1926<\/td><\/tr><tr><td>519<\/td><td>Kometen und Meteore<\/td><td>Wilhelm Meyer<\/td><td>Kosmos<\/td><td>1922<\/td><\/tr><\/tbody><\/table><\/figure>\n","protected":false},"excerpt":{"rendered":"<p>Natur 500 Der innere Kompass Waterman Spektrum 1989 501 Polarb\u00e4ren Norbert Rosing Tecklenborg 1994 502 K\u00f6nigstiger Denzau Tecklenborg 1996 503 In den Tiefen des Weltraumes Alexander Niklitschek Br\u00fccken 1950 504 Natur und Technik\/Heft 1 &#8211; 12 1948 505 Natur und Technik\/Heft 1 &#8211; 12 1947\/48\/49 506 Wunder in und um uns Alexander Niklitschek Br\u00fccken 1947 [&hellip;]<\/p>\n","protected":false},"author":2,"featured_media":0,"parent":0,"menu_order":0,"comment_status":"closed","ping_status":"closed","template":"","meta":{"footnotes":""},"class_list":["post-2858","page","type-page","status-publish","hentry"],"yoast_head":"<!-- This site is optimized with the Yoast SEO plugin v27.4 - https:\/\/yoast.com\/product\/yoast-seo-wordpress\/ -->\n<title>Natur - EBFL<\/title>\n<meta name=\"robots\" content=\"index, follow, max-snippet:-1, max-image-preview:large, max-video-preview:-1\" \/>\n<link rel=\"canonical\" href=\"https:\/\/ebfl.at\/index.php\/natur\/\" \/>\n<meta property=\"og:locale\" content=\"de_DE\" \/>\n<meta property=\"og:type\" content=\"article\" \/>\n<meta property=\"og:title\" content=\"Natur - EBFL\" \/>\n<meta property=\"og:description\" content=\"Natur 500 Der innere Kompass Waterman Spektrum 1989 501 Polarb\u00e4ren Norbert Rosing Tecklenborg 1994 502 K\u00f6nigstiger Denzau Tecklenborg 1996 503 In den Tiefen des Weltraumes Alexander Niklitschek Br\u00fccken 1950 504 Natur und Technik\/Heft 1 &#8211; 12 1948 505 Natur und Technik\/Heft 1 &#8211; 12 1947\/48\/49 506 Wunder in und um uns Alexander Niklitschek Br\u00fccken 1947 [&hellip;]\" \/>\n<meta property=\"og:url\" content=\"https:\/\/ebfl.at\/index.php\/natur\/\" \/>\n<meta property=\"og:site_name\" content=\"EBFL\" \/>\n<meta property=\"article:publisher\" content=\"https:\/\/www.facebook.com\/pages\/category\/History-Museum\/EBFLat-301838060596265\/\" \/>\n<meta property=\"article:modified_time\" content=\"2021-05-10T13:59:01+00:00\" \/>\n<meta name=\"twitter:card\" content=\"summary_large_image\" \/>\n<meta name=\"twitter:label1\" content=\"Gesch\u00e4tzte Lesezeit\" \/>\n\t<meta name=\"twitter:data1\" content=\"1\u00a0Minute\" \/>\n<script type=\"application\/ld+json\" class=\"yoast-schema-graph\">{\"@context\":\"https:\\\/\\\/schema.org\",\"@graph\":[{\"@type\":\"WebPage\",\"@id\":\"https:\\\/\\\/ebfl.at\\\/index.php\\\/natur\\\/\",\"url\":\"https:\\\/\\\/ebfl.at\\\/index.php\\\/natur\\\/\",\"name\":\"Natur - EBFL\",\"isPartOf\":{\"@id\":\"https:\\\/\\\/ebfl.at\\\/#website\"},\"datePublished\":\"2021-05-10T13:58:59+00:00\",\"dateModified\":\"2021-05-10T13:59:01+00:00\",\"breadcrumb\":{\"@id\":\"https:\\\/\\\/ebfl.at\\\/index.php\\\/natur\\\/#breadcrumb\"},\"inLanguage\":\"de\",\"potentialAction\":[{\"@type\":\"ReadAction\",\"target\":[\"https:\\\/\\\/ebfl.at\\\/index.php\\\/natur\\\/\"]}]},{\"@type\":\"BreadcrumbList\",\"@id\":\"https:\\\/\\\/ebfl.at\\\/index.php\\\/natur\\\/#breadcrumb\",\"itemListElement\":[{\"@type\":\"ListItem\",\"position\":1,\"name\":\"Startseite\",\"item\":\"https:\\\/\\\/ebfl.at\\\/\"},{\"@type\":\"ListItem\",\"position\":2,\"name\":\"Natur\"}]},{\"@type\":\"WebSite\",\"@id\":\"https:\\\/\\\/ebfl.at\\\/#website\",\"url\":\"https:\\\/\\\/ebfl.at\\\/\",\"name\":\"EBFL Eisenbahnfreunde Lienz\",\"description\":\"Verein der Eisenbahnfreunde in Lienz\",\"publisher\":{\"@id\":\"https:\\\/\\\/ebfl.at\\\/#organization\"},\"potentialAction\":[{\"@type\":\"SearchAction\",\"target\":{\"@type\":\"EntryPoint\",\"urlTemplate\":\"https:\\\/\\\/ebfl.at\\\/?s={search_term_string}\"},\"query-input\":{\"@type\":\"PropertyValueSpecification\",\"valueRequired\":true,\"valueName\":\"search_term_string\"}}],\"inLanguage\":\"de\"},{\"@type\":\"Organization\",\"@id\":\"https:\\\/\\\/ebfl.at\\\/#organization\",\"name\":\"EBFL - Eisenbahnfreunde Lienz\",\"url\":\"https:\\\/\\\/ebfl.at\\\/\",\"logo\":{\"@type\":\"ImageObject\",\"inLanguage\":\"de\",\"@id\":\"https:\\\/\\\/ebfl.at\\\/#\\\/schema\\\/logo\\\/image\\\/\",\"url\":\"https:\\\/\\\/ebfl.at\\\/wp-content\\\/uploads\\\/2019\\\/01\\\/Eisenbahnfreunde-Lienz.jpg\",\"contentUrl\":\"https:\\\/\\\/ebfl.at\\\/wp-content\\\/uploads\\\/2019\\\/01\\\/Eisenbahnfreunde-Lienz.jpg\",\"width\":1087,\"height\":480,\"caption\":\"EBFL - Eisenbahnfreunde Lienz\"},\"image\":{\"@id\":\"https:\\\/\\\/ebfl.at\\\/#\\\/schema\\\/logo\\\/image\\\/\"},\"sameAs\":[\"https:\\\/\\\/www.facebook.com\\\/pages\\\/category\\\/History-Museum\\\/EBFLat-301838060596265\\\/\"]}]}<\/script>\n<!-- \/ Yoast SEO plugin. -->","yoast_head_json":{"title":"Natur - EBFL","robots":{"index":"index","follow":"follow","max-snippet":"max-snippet:-1","max-image-preview":"max-image-preview:large","max-video-preview":"max-video-preview:-1"},"canonical":"https:\/\/ebfl.at\/index.php\/natur\/","og_locale":"de_DE","og_type":"article","og_title":"Natur - EBFL","og_description":"Natur 500 Der innere Kompass Waterman Spektrum 1989 501 Polarb\u00e4ren Norbert Rosing Tecklenborg 1994 502 K\u00f6nigstiger Denzau Tecklenborg 1996 503 In den Tiefen des Weltraumes Alexander Niklitschek Br\u00fccken 1950 504 Natur und Technik\/Heft 1 &#8211; 12 1948 505 Natur und Technik\/Heft 1 &#8211; 12 1947\/48\/49 506 Wunder in und um uns Alexander Niklitschek Br\u00fccken 1947 [&hellip;]","og_url":"https:\/\/ebfl.at\/index.php\/natur\/","og_site_name":"EBFL","article_publisher":"https:\/\/www.facebook.com\/pages\/category\/History-Museum\/EBFLat-301838060596265\/","article_modified_time":"2021-05-10T13:59:01+00:00","twitter_card":"summary_large_image","twitter_misc":{"Gesch\u00e4tzte Lesezeit":"1\u00a0Minute"},"schema":{"@context":"https:\/\/schema.org","@graph":[{"@type":"WebPage","@id":"https:\/\/ebfl.at\/index.php\/natur\/","url":"https:\/\/ebfl.at\/index.php\/natur\/","name":"Natur - EBFL","isPartOf":{"@id":"https:\/\/ebfl.at\/#website"},"datePublished":"2021-05-10T13:58:59+00:00","dateModified":"2021-05-10T13:59:01+00:00","breadcrumb":{"@id":"https:\/\/ebfl.at\/index.php\/natur\/#breadcrumb"},"inLanguage":"de","potentialAction":[{"@type":"ReadAction","target":["https:\/\/ebfl.at\/index.php\/natur\/"]}]},{"@type":"BreadcrumbList","@id":"https:\/\/ebfl.at\/index.php\/natur\/#breadcrumb","itemListElement":[{"@type":"ListItem","position":1,"name":"Startseite","item":"https:\/\/ebfl.at\/"},{"@type":"ListItem","position":2,"name":"Natur"}]},{"@type":"WebSite","@id":"https:\/\/ebfl.at\/#website","url":"https:\/\/ebfl.at\/","name":"EBFL Eisenbahnfreunde Lienz","description":"Verein der Eisenbahnfreunde in Lienz","publisher":{"@id":"https:\/\/ebfl.at\/#organization"},"potentialAction":[{"@type":"SearchAction","target":{"@type":"EntryPoint","urlTemplate":"https:\/\/ebfl.at\/?s={search_term_string}"},"query-input":{"@type":"PropertyValueSpecification","valueRequired":true,"valueName":"search_term_string"}}],"inLanguage":"de"},{"@type":"Organization","@id":"https:\/\/ebfl.at\/#organization","name":"EBFL - Eisenbahnfreunde Lienz","url":"https:\/\/ebfl.at\/","logo":{"@type":"ImageObject","inLanguage":"de","@id":"https:\/\/ebfl.at\/#\/schema\/logo\/image\/","url":"https:\/\/ebfl.at\/wp-content\/uploads\/2019\/01\/Eisenbahnfreunde-Lienz.jpg","contentUrl":"https:\/\/ebfl.at\/wp-content\/uploads\/2019\/01\/Eisenbahnfreunde-Lienz.jpg","width":1087,"height":480,"caption":"EBFL - Eisenbahnfreunde Lienz"},"image":{"@id":"https:\/\/ebfl.at\/#\/schema\/logo\/image\/"},"sameAs":["https:\/\/www.facebook.com\/pages\/category\/History-Museum\/EBFLat-301838060596265\/"]}]}},"_links":{"self":[{"href":"https:\/\/ebfl.at\/index.php\/wp-json\/wp\/v2\/pages\/2858","targetHints":{"allow":["GET"]}}],"collection":[{"href":"https:\/\/ebfl.at\/index.php\/wp-json\/wp\/v2\/pages"}],"about":[{"href":"https:\/\/ebfl.at\/index.php\/wp-json\/wp\/v2\/types\/page"}],"author":[{"embeddable":true,"href":"https:\/\/ebfl.at\/index.php\/wp-json\/wp\/v2\/users\/2"}],"replies":[{"embeddable":true,"href":"https:\/\/ebfl.at\/index.php\/wp-json\/wp\/v2\/comments?post=2858"}],"version-history":[{"count":1,"href":"https:\/\/ebfl.at\/index.php\/wp-json\/wp\/v2\/pages\/2858\/revisions"}],"predecessor-version":[{"id":2859,"href":"https:\/\/ebfl.at\/index.php\/wp-json\/wp\/v2\/pages\/2858\/revisions\/2859"}],"wp:attachment":[{"href":"https:\/\/ebfl.at\/index.php\/wp-json\/wp\/v2\/media?parent=2858"}],"curies":[{"name":"wp","href":"https:\/\/api.w.org\/{rel}","templated":true}]}}