{"id":292,"date":"2019-01-26T15:23:30","date_gmt":"2019-01-26T14:23:30","guid":{"rendered":"https:\/\/wp.ebfl.at\/?page_id=292"},"modified":"2019-03-19T14:19:28","modified_gmt":"2019-03-19T13:19:28","slug":"archiv","status":"publish","type":"page","link":"https:\/\/ebfl.at\/index.php\/archiv\/archiv\/","title":{"rendered":"Archiv"},"content":{"rendered":"\n<p><\/p>\n\n\n\n<div class=\"wp-block-media-text alignwide\" style=\"grid-template-columns:22% auto\"><figure class=\"wp-block-media-text__media\"><img decoding=\"async\" src=\"https:\/\/www.ebfl.at\/images\/bilderbuch\/DSC_2108.JPG\" alt=\"DSC 2108\"\/><\/figure><div class=\"wp-block-media-text__content\">\n<p><strong>Archiver\u00f6ffnung 2016<\/strong><\/p>\n\n\n\n<p>Digitalisierung und Archivierung des Fotobestandes erfolgte durch  das Tiroler Photoarchiv (TAP) unter der Leitung von Herrn Dr. Martin  Kofler. <\/p>\n<\/div><\/div>\n\n\n\n<p>Der Verein der Eisenbahnfreunde in Lienz hat in den letzten Jahren eine Vielzahl an alten und neuen Schriften, technischen Unterlagen, Fachliteratur, Dokumente, historische Fotos und einiges mehr &#8211; alles eisenbahnbezogen und zum Teil \u00fcber 100 Jahre alt &#8211; \u00fcbernommen. Einiges ist l\u00fcckenlos vorhanden, vieles rudiment\u00e4r. Diese umfangreiche Sammlung wurde in den letzten Jahren geordnet, katalogisiert und fachgerecht archiviert und gelagert.<\/p>\n\n\n\n<p>Alle Arbeiten wurden ehrenamtlich und unentgeltlich von Herrn Dr. Stefan Katzenbeisser, Frau Dr. Ulrike Denk und Herrn Dr. Georg Karner verrichtet. <\/p>\n\n\n\n<ul class=\"wp-block-gallery columns-3 is-cropped wp-block-gallery-1 is-layout-flex wp-block-gallery-is-layout-flex\"><li class=\"blocks-gallery-item\"><figure><img loading=\"lazy\" decoding=\"async\" width=\"400\" height=\"264\" src=\"https:\/\/wp.ebfl.at\/wp-content\/uploads\/2019\/01\/DSC_2100.png\" alt=\"\" data-id=\"1188\" data-link=\"https:\/\/wp.ebfl.at\/?attachment_id=1188\" class=\"wp-image-1188\" srcset=\"https:\/\/ebfl.at\/wp-content\/uploads\/2019\/01\/DSC_2100.png 400w, https:\/\/ebfl.at\/wp-content\/uploads\/2019\/01\/DSC_2100-300x198.png 300w\" sizes=\"auto, (max-width: 400px) 100vw, 400px\" \/><\/figure><\/li><li class=\"blocks-gallery-item\"><figure><img loading=\"lazy\" decoding=\"async\" width=\"400\" height=\"264\" src=\"https:\/\/wp.ebfl.at\/wp-content\/uploads\/2019\/01\/DSC_2101.png\" alt=\"\" data-id=\"1187\" data-link=\"https:\/\/wp.ebfl.at\/?attachment_id=1187\" class=\"wp-image-1187\" srcset=\"https:\/\/ebfl.at\/wp-content\/uploads\/2019\/01\/DSC_2101.png 400w, https:\/\/ebfl.at\/wp-content\/uploads\/2019\/01\/DSC_2101-300x198.png 300w\" sizes=\"auto, (max-width: 400px) 100vw, 400px\" \/><\/figure><\/li><li class=\"blocks-gallery-item\"><figure><img loading=\"lazy\" decoding=\"async\" width=\"290\" height=\"265\" src=\"https:\/\/wp.ebfl.at\/wp-content\/uploads\/2019\/03\/DSC_2103.jpg\" alt=\"\" data-id=\"1186\" data-link=\"https:\/\/wp.ebfl.at\/index.php\/archiv\/archiv\/dsc_2103\/\" class=\"wp-image-1186\"\/><\/figure><\/li><\/ul>\n\n\n\n<p><\/p>\n\n\n\n<p>mehr Bilder zur Er\u00f6ffnung finden Sie <a href=\"https:\/\/wp.ebfl.at\/index.php\/archiv\/bilder-aus-dem-archiv\/\">hier<\/a><\/p>\n","protected":false},"excerpt":{"rendered":"<p>Archiver\u00f6ffnung 2016 Digitalisierung und Archivierung des Fotobestandes erfolgte durch das Tiroler Photoarchiv (TAP) unter der Leitung von Herrn Dr. Martin Kofler. Der Verein der Eisenbahnfreunde in Lienz hat in den letzten Jahren eine Vielzahl an alten und neuen Schriften, technischen Unterlagen, Fachliteratur, Dokumente, historische Fotos und einiges mehr &#8211; alles eisenbahnbezogen und zum Teil \u00fcber [&hellip;]<\/p>\n","protected":false},"author":1,"featured_media":0,"parent":63,"menu_order":0,"comment_status":"closed","ping_status":"closed","template":"","meta":{"footnotes":""},"class_list":["post-292","page","type-page","status-publish","hentry"],"yoast_head":"<!-- This site is optimized with the Yoast SEO plugin v27.3 - https:\/\/yoast.com\/product\/yoast-seo-wordpress\/ -->\n<title>Archiv - EBFL<\/title>\n<meta name=\"robots\" content=\"index, follow, max-snippet:-1, max-image-preview:large, max-video-preview:-1\" \/>\n<link rel=\"canonical\" href=\"https:\/\/ebfl.at\/index.php\/archiv\/archiv\/\" \/>\n<meta property=\"og:locale\" content=\"de_DE\" \/>\n<meta property=\"og:type\" content=\"article\" \/>\n<meta property=\"og:title\" content=\"Archiv - EBFL\" \/>\n<meta property=\"og:description\" content=\"Archiver\u00f6ffnung 2016 Digitalisierung und Archivierung des Fotobestandes erfolgte durch das Tiroler Photoarchiv (TAP) unter der Leitung von Herrn Dr. Martin Kofler. Der Verein der Eisenbahnfreunde in Lienz hat in den letzten Jahren eine Vielzahl an alten und neuen Schriften, technischen Unterlagen, Fachliteratur, Dokumente, historische Fotos und einiges mehr &#8211; alles eisenbahnbezogen und zum Teil \u00fcber [&hellip;]\" \/>\n<meta property=\"og:url\" content=\"https:\/\/ebfl.at\/index.php\/archiv\/archiv\/\" \/>\n<meta property=\"og:site_name\" content=\"EBFL\" \/>\n<meta property=\"article:publisher\" content=\"https:\/\/www.facebook.com\/pages\/category\/History-Museum\/EBFLat-301838060596265\/\" \/>\n<meta property=\"article:modified_time\" content=\"2019-03-19T13:19:28+00:00\" \/>\n<meta property=\"og:image\" content=\"https:\/\/www.ebfl.at\/images\/bilderbuch\/DSC_2108.JPG\" \/>\n<meta name=\"twitter:card\" content=\"summary_large_image\" \/>\n<meta name=\"twitter:label1\" content=\"Gesch\u00e4tzte Lesezeit\" \/>\n\t<meta name=\"twitter:data1\" content=\"1\u00a0Minute\" \/>\n<script type=\"application\/ld+json\" class=\"yoast-schema-graph\">{\"@context\":\"https:\\\/\\\/schema.org\",\"@graph\":[{\"@type\":\"WebPage\",\"@id\":\"https:\\\/\\\/ebfl.at\\\/index.php\\\/archiv\\\/archiv\\\/\",\"url\":\"https:\\\/\\\/ebfl.at\\\/index.php\\\/archiv\\\/archiv\\\/\",\"name\":\"Archiv - EBFL\",\"isPartOf\":{\"@id\":\"https:\\\/\\\/ebfl.at\\\/#website\"},\"primaryImageOfPage\":{\"@id\":\"https:\\\/\\\/ebfl.at\\\/index.php\\\/archiv\\\/archiv\\\/#primaryimage\"},\"image\":{\"@id\":\"https:\\\/\\\/ebfl.at\\\/index.php\\\/archiv\\\/archiv\\\/#primaryimage\"},\"thumbnailUrl\":\"https:\\\/\\\/www.ebfl.at\\\/images\\\/bilderbuch\\\/DSC_2108.JPG\",\"datePublished\":\"2019-01-26T14:23:30+00:00\",\"dateModified\":\"2019-03-19T13:19:28+00:00\",\"breadcrumb\":{\"@id\":\"https:\\\/\\\/ebfl.at\\\/index.php\\\/archiv\\\/archiv\\\/#breadcrumb\"},\"inLanguage\":\"de\",\"potentialAction\":[{\"@type\":\"ReadAction\",\"target\":[\"https:\\\/\\\/ebfl.at\\\/index.php\\\/archiv\\\/archiv\\\/\"]}]},{\"@type\":\"ImageObject\",\"inLanguage\":\"de\",\"@id\":\"https:\\\/\\\/ebfl.at\\\/index.php\\\/archiv\\\/archiv\\\/#primaryimage\",\"url\":\"https:\\\/\\\/www.ebfl.at\\\/images\\\/bilderbuch\\\/DSC_2108.JPG\",\"contentUrl\":\"https:\\\/\\\/www.ebfl.at\\\/images\\\/bilderbuch\\\/DSC_2108.JPG\"},{\"@type\":\"BreadcrumbList\",\"@id\":\"https:\\\/\\\/ebfl.at\\\/index.php\\\/archiv\\\/archiv\\\/#breadcrumb\",\"itemListElement\":[{\"@type\":\"ListItem\",\"position\":1,\"name\":\"Startseite\",\"item\":\"https:\\\/\\\/ebfl.at\\\/\"},{\"@type\":\"ListItem\",\"position\":2,\"name\":\"Archiv\",\"item\":\"https:\\\/\\\/ebfl.at\\\/index.php\\\/archiv\\\/\"},{\"@type\":\"ListItem\",\"position\":3,\"name\":\"Archiv\"}]},{\"@type\":\"WebSite\",\"@id\":\"https:\\\/\\\/ebfl.at\\\/#website\",\"url\":\"https:\\\/\\\/ebfl.at\\\/\",\"name\":\"EBFL Eisenbahnfreunde Lienz\",\"description\":\"Verein der Eisenbahnfreunde in Lienz\",\"publisher\":{\"@id\":\"https:\\\/\\\/ebfl.at\\\/#organization\"},\"potentialAction\":[{\"@type\":\"SearchAction\",\"target\":{\"@type\":\"EntryPoint\",\"urlTemplate\":\"https:\\\/\\\/ebfl.at\\\/?s={search_term_string}\"},\"query-input\":{\"@type\":\"PropertyValueSpecification\",\"valueRequired\":true,\"valueName\":\"search_term_string\"}}],\"inLanguage\":\"de\"},{\"@type\":\"Organization\",\"@id\":\"https:\\\/\\\/ebfl.at\\\/#organization\",\"name\":\"EBFL - Eisenbahnfreunde Lienz\",\"url\":\"https:\\\/\\\/ebfl.at\\\/\",\"logo\":{\"@type\":\"ImageObject\",\"inLanguage\":\"de\",\"@id\":\"https:\\\/\\\/ebfl.at\\\/#\\\/schema\\\/logo\\\/image\\\/\",\"url\":\"https:\\\/\\\/ebfl.at\\\/wp-content\\\/uploads\\\/2019\\\/01\\\/Eisenbahnfreunde-Lienz.jpg\",\"contentUrl\":\"https:\\\/\\\/ebfl.at\\\/wp-content\\\/uploads\\\/2019\\\/01\\\/Eisenbahnfreunde-Lienz.jpg\",\"width\":1087,\"height\":480,\"caption\":\"EBFL - Eisenbahnfreunde Lienz\"},\"image\":{\"@id\":\"https:\\\/\\\/ebfl.at\\\/#\\\/schema\\\/logo\\\/image\\\/\"},\"sameAs\":[\"https:\\\/\\\/www.facebook.com\\\/pages\\\/category\\\/History-Museum\\\/EBFLat-301838060596265\\\/\"]}]}<\/script>\n<!-- \/ Yoast SEO plugin. -->","yoast_head_json":{"title":"Archiv - EBFL","robots":{"index":"index","follow":"follow","max-snippet":"max-snippet:-1","max-image-preview":"max-image-preview:large","max-video-preview":"max-video-preview:-1"},"canonical":"https:\/\/ebfl.at\/index.php\/archiv\/archiv\/","og_locale":"de_DE","og_type":"article","og_title":"Archiv - EBFL","og_description":"Archiver\u00f6ffnung 2016 Digitalisierung und Archivierung des Fotobestandes erfolgte durch das Tiroler Photoarchiv (TAP) unter der Leitung von Herrn Dr. Martin Kofler. Der Verein der Eisenbahnfreunde in Lienz hat in den letzten Jahren eine Vielzahl an alten und neuen Schriften, technischen Unterlagen, Fachliteratur, Dokumente, historische Fotos und einiges mehr &#8211; alles eisenbahnbezogen und zum Teil \u00fcber [&hellip;]","og_url":"https:\/\/ebfl.at\/index.php\/archiv\/archiv\/","og_site_name":"EBFL","article_publisher":"https:\/\/www.facebook.com\/pages\/category\/History-Museum\/EBFLat-301838060596265\/","article_modified_time":"2019-03-19T13:19:28+00:00","og_image":[{"url":"https:\/\/www.ebfl.at\/images\/bilderbuch\/DSC_2108.JPG","type":"","width":"","height":""}],"twitter_card":"summary_large_image","twitter_misc":{"Gesch\u00e4tzte Lesezeit":"1\u00a0Minute"},"schema":{"@context":"https:\/\/schema.org","@graph":[{"@type":"WebPage","@id":"https:\/\/ebfl.at\/index.php\/archiv\/archiv\/","url":"https:\/\/ebfl.at\/index.php\/archiv\/archiv\/","name":"Archiv - EBFL","isPartOf":{"@id":"https:\/\/ebfl.at\/#website"},"primaryImageOfPage":{"@id":"https:\/\/ebfl.at\/index.php\/archiv\/archiv\/#primaryimage"},"image":{"@id":"https:\/\/ebfl.at\/index.php\/archiv\/archiv\/#primaryimage"},"thumbnailUrl":"https:\/\/www.ebfl.at\/images\/bilderbuch\/DSC_2108.JPG","datePublished":"2019-01-26T14:23:30+00:00","dateModified":"2019-03-19T13:19:28+00:00","breadcrumb":{"@id":"https:\/\/ebfl.at\/index.php\/archiv\/archiv\/#breadcrumb"},"inLanguage":"de","potentialAction":[{"@type":"ReadAction","target":["https:\/\/ebfl.at\/index.php\/archiv\/archiv\/"]}]},{"@type":"ImageObject","inLanguage":"de","@id":"https:\/\/ebfl.at\/index.php\/archiv\/archiv\/#primaryimage","url":"https:\/\/www.ebfl.at\/images\/bilderbuch\/DSC_2108.JPG","contentUrl":"https:\/\/www.ebfl.at\/images\/bilderbuch\/DSC_2108.JPG"},{"@type":"BreadcrumbList","@id":"https:\/\/ebfl.at\/index.php\/archiv\/archiv\/#breadcrumb","itemListElement":[{"@type":"ListItem","position":1,"name":"Startseite","item":"https:\/\/ebfl.at\/"},{"@type":"ListItem","position":2,"name":"Archiv","item":"https:\/\/ebfl.at\/index.php\/archiv\/"},{"@type":"ListItem","position":3,"name":"Archiv"}]},{"@type":"WebSite","@id":"https:\/\/ebfl.at\/#website","url":"https:\/\/ebfl.at\/","name":"EBFL Eisenbahnfreunde Lienz","description":"Verein der Eisenbahnfreunde in Lienz","publisher":{"@id":"https:\/\/ebfl.at\/#organization"},"potentialAction":[{"@type":"SearchAction","target":{"@type":"EntryPoint","urlTemplate":"https:\/\/ebfl.at\/?s={search_term_string}"},"query-input":{"@type":"PropertyValueSpecification","valueRequired":true,"valueName":"search_term_string"}}],"inLanguage":"de"},{"@type":"Organization","@id":"https:\/\/ebfl.at\/#organization","name":"EBFL - Eisenbahnfreunde Lienz","url":"https:\/\/ebfl.at\/","logo":{"@type":"ImageObject","inLanguage":"de","@id":"https:\/\/ebfl.at\/#\/schema\/logo\/image\/","url":"https:\/\/ebfl.at\/wp-content\/uploads\/2019\/01\/Eisenbahnfreunde-Lienz.jpg","contentUrl":"https:\/\/ebfl.at\/wp-content\/uploads\/2019\/01\/Eisenbahnfreunde-Lienz.jpg","width":1087,"height":480,"caption":"EBFL - Eisenbahnfreunde Lienz"},"image":{"@id":"https:\/\/ebfl.at\/#\/schema\/logo\/image\/"},"sameAs":["https:\/\/www.facebook.com\/pages\/category\/History-Museum\/EBFLat-301838060596265\/"]}]}},"_links":{"self":[{"href":"https:\/\/ebfl.at\/index.php\/wp-json\/wp\/v2\/pages\/292","targetHints":{"allow":["GET"]}}],"collection":[{"href":"https:\/\/ebfl.at\/index.php\/wp-json\/wp\/v2\/pages"}],"about":[{"href":"https:\/\/ebfl.at\/index.php\/wp-json\/wp\/v2\/types\/page"}],"author":[{"embeddable":true,"href":"https:\/\/ebfl.at\/index.php\/wp-json\/wp\/v2\/users\/1"}],"replies":[{"embeddable":true,"href":"https:\/\/ebfl.at\/index.php\/wp-json\/wp\/v2\/comments?post=292"}],"version-history":[{"count":10,"href":"https:\/\/ebfl.at\/index.php\/wp-json\/wp\/v2\/pages\/292\/revisions"}],"predecessor-version":[{"id":1483,"href":"https:\/\/ebfl.at\/index.php\/wp-json\/wp\/v2\/pages\/292\/revisions\/1483"}],"up":[{"embeddable":true,"href":"https:\/\/ebfl.at\/index.php\/wp-json\/wp\/v2\/pages\/63"}],"wp:attachment":[{"href":"https:\/\/ebfl.at\/index.php\/wp-json\/wp\/v2\/media?parent=292"}],"curies":[{"name":"wp","href":"https:\/\/api.w.org\/{rel}","templated":true}]}}