{"id":2980,"date":"2021-07-29T11:36:44","date_gmt":"2021-07-29T09:36:44","guid":{"rendered":"https:\/\/ebfl.at\/?page_id=2980"},"modified":"2022-11-21T17:42:04","modified_gmt":"2022-11-21T16:42:04","slug":"christkindlfahrt-salzburg-4-12-2021","status":"publish","type":"page","link":"https:\/\/ebfl.at\/index.php\/christkindlfahrt-salzburg-4-12-2021\/","title":{"rendered":"Christkindlfahrt Salzburg 3.12.2022"},"content":{"rendered":"\n<figure class=\"wp-block-image size-large\"><img loading=\"lazy\" decoding=\"async\" width=\"1024\" height=\"766\" src=\"https:\/\/ebfl.at\/wp-content\/uploads\/2019\/03\/IMG_20171209_162800-1024x766.png\" alt=\"\" class=\"wp-image-1069\" srcset=\"https:\/\/ebfl.at\/wp-content\/uploads\/2019\/03\/IMG_20171209_162800-1024x766.png 1024w, https:\/\/ebfl.at\/wp-content\/uploads\/2019\/03\/IMG_20171209_162800-300x224.png 300w, https:\/\/ebfl.at\/wp-content\/uploads\/2019\/03\/IMG_20171209_162800-768x574.png 768w, https:\/\/ebfl.at\/wp-content\/uploads\/2019\/03\/IMG_20171209_162800.png 1500w\" sizes=\"auto, (max-width: 1024px) 100vw, 1024px\" \/><\/figure>\n\n\n\n<p><strong>Programm:<\/strong> Abfahrt Lienz  7:45 h &#8211; Ankunft Salzburg ca. 11:54 h<br>Fahrt \u00fcber Spittal\/Millst\u00e4ttersee (Zugsturz) &#8211; Mallnitz (Tauernschleuse) &#8211; Schwarzach\/St. Veit &#8211; Salzburg<br>Salzburg: Besuch der Altstadt und der Christkindlm\u00e4rkte<br>R\u00fcckfahrt: Abfahrt Salzburg ca. 17:00 h<br><strong>Programm\u00e4nderung vorbehalten.<\/strong> <strong>Es gilt die offizielle Covid-Regelung!<\/strong><\/p>\n\n\n\n<ol class=\"wp-block-list\">\n<li><strong>Klasse ausverkauft<\/strong><\/li>\n<\/ol>\n\n\n\n<p><strong>Preise hin und retour<\/strong><\/p>\n\n\n\n<figure class=\"wp-block-table is-style-regular\"><table><tbody><tr><td><strong>Bahnhof<\/strong><\/td><td><strong>1. Klasse<\/strong><\/td><td><strong>2. Klasse<\/strong><\/td><\/tr><tr><td>ab Lienz<\/td><td>\u20ac 79,00<\/td><td>\u20ac 59,00<\/td><\/tr><tr><td>ab Greifenburg<\/td><td>\u20ac 76,00<\/td><td>\u20ac 56,00<\/td><\/tr><tr><td>ab Spittal\/Millst\u00e4ttersee<\/td><td>\u20ac 69,00<\/td><td>\u20ac 49,00<\/td><\/tr><tr><td>ab Mallnitz<\/td><td>\u20ac 64,00<\/td><td>\u20ac 44,00<\/td><\/tr><\/tbody><\/table><\/figure>\n\n\n\n<p>Kinder bis 6 Jahre frei (ohne Anspruch auf eigenen Sitzplatz)<br>Kinder von 7 &#8211; 14 Jahre 50 % Erm\u00e4\u00dfigung<\/p>\n\n\n\n<p><strong>S\u00fcdbahn Express-Fr\u00fchst\u00fcck<\/strong><br>Semmel\/Brot, Wurst, K\u00e4se, Marmelade oder Leberaufstrich<br>Kaffee oder Tee, Orangensaft   <strong> \u20ac 8,10<\/strong><br><strong>Bitte bei der Buchung mitbestellen, damit wir entsprechend vorbereiten k\u00f6nnen.<\/strong><\/p>\n\n\n\n<p><strong>S\u00fcdbahn Express-Lachsfr\u00fchst\u00fcck<\/strong><br>2 Semmeln, Lachs, Butter, Ei, Gem\u00fcsegarnitur, 1 Glas Prosecco,<br>Kaffee oder Tee, Orangensaft    <strong>\u20ac 12,90<\/strong><br><strong>Bitte bei der Buchung mitbestellen, damit wir entsprechend vorbereiten k\u00f6nnen.<\/strong> <\/p>\n\n\n\n<p><strong>Abfahrtszeiten<\/strong>\/Einstiegsm\u00f6glichkeiten an jeder \u00d6BB-Haltestelle entlang der Strecke<br>\u00c4nderungen vorbehalten<\/p>\n\n\n\n<figure class=\"wp-block-table is-style-regular\"><table><tbody><tr><td>Bahnhof<\/td><td>Abfahrt<\/td><td>Ankunft<\/td><\/tr><tr><td>Lienz<\/td><td>07:45 <\/td><td>an 21:24<\/td><\/tr><tr><td>Oberdrauburg<\/td><td>08:00<\/td><td>an 21:11<\/td><\/tr><tr><td>Dellach im D.<\/td><td>08:12<\/td><td>an 21:02<\/td><\/tr><tr><td>Greifenburg<\/td><td>08:25<\/td><td>an 20:50<\/td><\/tr><tr><td>Steinfeld<\/td><td>08:31<\/td><td>an 20:43<\/td><\/tr><tr><td>M\u00f6llbr\u00fccke<\/td><td>08:46<\/td><td>an 20:29<\/td><\/tr><tr><td>Spittal-M.<\/td><td>09:16<\/td><td>an 20:00\/ab 20:20<\/td><\/tr><tr><td>Mallnitz<\/td><td>09:44<\/td><td>an 19:34<\/td><\/tr><tr><td>Bad Hofgastein<\/td><td>10:14<\/td><td>an 19:05<\/td><\/tr><tr><td>Schwarzach<\/td><td>10:32<\/td><td>an 18:43<\/td><\/tr><tr><td>Salzburg Hbf<\/td><td>an 11:54<\/td><td>ab 17:34<\/td><\/tr><tr><td>Salzburg M\u00fclln <\/td><td><\/td><td>ab 17:27<\/td><\/tr><\/tbody><\/table><figcaption class=\"wp-element-caption\">Bei den Fahrzeiten handelt es sich um Richtwerte<\/figcaption><\/figure>\n\n\n\n<p><strong>Buchungen:<\/strong> <a href=\"mailto:tickets@ebfl.at\">tickets@ebfl.at<\/a><\/p>\n","protected":false},"excerpt":{"rendered":"<p>Programm: Abfahrt Lienz 7:45 h &#8211; Ankunft Salzburg ca. 11:54 hFahrt \u00fcber Spittal\/Millst\u00e4ttersee (Zugsturz) &#8211; Mallnitz (Tauernschleuse) &#8211; Schwarzach\/St. Veit &#8211; SalzburgSalzburg: Besuch der Altstadt und der Christkindlm\u00e4rkteR\u00fcckfahrt: Abfahrt Salzburg ca. 17:00 hProgramm\u00e4nderung vorbehalten. Es gilt die offizielle Covid-Regelung! Preise hin und retour Bahnhof 1. Klasse 2. Klasse ab Lienz \u20ac 79,00 \u20ac 59,00 ab [&hellip;]<\/p>\n","protected":false},"author":2,"featured_media":0,"parent":0,"menu_order":0,"comment_status":"closed","ping_status":"closed","template":"","meta":{"footnotes":""},"class_list":["post-2980","page","type-page","status-publish","hentry"],"yoast_head":"<!-- This site is optimized with the Yoast SEO plugin v27.3 - https:\/\/yoast.com\/product\/yoast-seo-wordpress\/ -->\n<title>Christkindlfahrt Salzburg 3.12.2022 - EBFL<\/title>\n<meta name=\"robots\" content=\"index, follow, max-snippet:-1, max-image-preview:large, max-video-preview:-1\" \/>\n<link rel=\"canonical\" href=\"https:\/\/ebfl.at\/index.php\/christkindlfahrt-salzburg-4-12-2021\/\" \/>\n<meta property=\"og:locale\" content=\"de_DE\" \/>\n<meta property=\"og:type\" content=\"article\" \/>\n<meta property=\"og:title\" content=\"Christkindlfahrt Salzburg 3.12.2022 - EBFL\" \/>\n<meta property=\"og:description\" content=\"Programm: Abfahrt Lienz 7:45 h &#8211; Ankunft Salzburg ca. 11:54 hFahrt \u00fcber Spittal\/Millst\u00e4ttersee (Zugsturz) &#8211; Mallnitz (Tauernschleuse) &#8211; Schwarzach\/St. Veit &#8211; SalzburgSalzburg: Besuch der Altstadt und der Christkindlm\u00e4rkteR\u00fcckfahrt: Abfahrt Salzburg ca. 17:00 hProgramm\u00e4nderung vorbehalten. Es gilt die offizielle Covid-Regelung! Preise hin und retour Bahnhof 1. Klasse 2. Klasse ab Lienz \u20ac 79,00 \u20ac 59,00 ab [&hellip;]\" \/>\n<meta property=\"og:url\" content=\"https:\/\/ebfl.at\/index.php\/christkindlfahrt-salzburg-4-12-2021\/\" \/>\n<meta property=\"og:site_name\" content=\"EBFL\" \/>\n<meta property=\"article:publisher\" content=\"https:\/\/www.facebook.com\/pages\/category\/History-Museum\/EBFLat-301838060596265\/\" \/>\n<meta property=\"article:modified_time\" content=\"2022-11-21T16:42:04+00:00\" \/>\n<meta property=\"og:image\" content=\"https:\/\/ebfl.at\/wp-content\/uploads\/2019\/03\/IMG_20171209_162800-1024x766.png\" \/>\n<meta name=\"twitter:card\" content=\"summary_large_image\" \/>\n<meta name=\"twitter:label1\" content=\"Gesch\u00e4tzte Lesezeit\" \/>\n\t<meta name=\"twitter:data1\" content=\"2\u00a0Minuten\" \/>\n<script type=\"application\/ld+json\" class=\"yoast-schema-graph\">{\"@context\":\"https:\\\/\\\/schema.org\",\"@graph\":[{\"@type\":\"WebPage\",\"@id\":\"https:\\\/\\\/ebfl.at\\\/index.php\\\/christkindlfahrt-salzburg-4-12-2021\\\/\",\"url\":\"https:\\\/\\\/ebfl.at\\\/index.php\\\/christkindlfahrt-salzburg-4-12-2021\\\/\",\"name\":\"Christkindlfahrt Salzburg 3.12.2022 - EBFL\",\"isPartOf\":{\"@id\":\"https:\\\/\\\/ebfl.at\\\/#website\"},\"primaryImageOfPage\":{\"@id\":\"https:\\\/\\\/ebfl.at\\\/index.php\\\/christkindlfahrt-salzburg-4-12-2021\\\/#primaryimage\"},\"image\":{\"@id\":\"https:\\\/\\\/ebfl.at\\\/index.php\\\/christkindlfahrt-salzburg-4-12-2021\\\/#primaryimage\"},\"thumbnailUrl\":\"https:\\\/\\\/ebfl.at\\\/wp-content\\\/uploads\\\/2019\\\/03\\\/IMG_20171209_162800-1024x766.png\",\"datePublished\":\"2021-07-29T09:36:44+00:00\",\"dateModified\":\"2022-11-21T16:42:04+00:00\",\"breadcrumb\":{\"@id\":\"https:\\\/\\\/ebfl.at\\\/index.php\\\/christkindlfahrt-salzburg-4-12-2021\\\/#breadcrumb\"},\"inLanguage\":\"de\",\"potentialAction\":[{\"@type\":\"ReadAction\",\"target\":[\"https:\\\/\\\/ebfl.at\\\/index.php\\\/christkindlfahrt-salzburg-4-12-2021\\\/\"]}]},{\"@type\":\"ImageObject\",\"inLanguage\":\"de\",\"@id\":\"https:\\\/\\\/ebfl.at\\\/index.php\\\/christkindlfahrt-salzburg-4-12-2021\\\/#primaryimage\",\"url\":\"https:\\\/\\\/ebfl.at\\\/wp-content\\\/uploads\\\/2019\\\/03\\\/IMG_20171209_162800.png\",\"contentUrl\":\"https:\\\/\\\/ebfl.at\\\/wp-content\\\/uploads\\\/2019\\\/03\\\/IMG_20171209_162800.png\",\"width\":1500,\"height\":1122},{\"@type\":\"BreadcrumbList\",\"@id\":\"https:\\\/\\\/ebfl.at\\\/index.php\\\/christkindlfahrt-salzburg-4-12-2021\\\/#breadcrumb\",\"itemListElement\":[{\"@type\":\"ListItem\",\"position\":1,\"name\":\"Startseite\",\"item\":\"https:\\\/\\\/ebfl.at\\\/\"},{\"@type\":\"ListItem\",\"position\":2,\"name\":\"Christkindlfahrt Salzburg 3.12.2022\"}]},{\"@type\":\"WebSite\",\"@id\":\"https:\\\/\\\/ebfl.at\\\/#website\",\"url\":\"https:\\\/\\\/ebfl.at\\\/\",\"name\":\"EBFL Eisenbahnfreunde Lienz\",\"description\":\"Verein der Eisenbahnfreunde in Lienz\",\"publisher\":{\"@id\":\"https:\\\/\\\/ebfl.at\\\/#organization\"},\"potentialAction\":[{\"@type\":\"SearchAction\",\"target\":{\"@type\":\"EntryPoint\",\"urlTemplate\":\"https:\\\/\\\/ebfl.at\\\/?s={search_term_string}\"},\"query-input\":{\"@type\":\"PropertyValueSpecification\",\"valueRequired\":true,\"valueName\":\"search_term_string\"}}],\"inLanguage\":\"de\"},{\"@type\":\"Organization\",\"@id\":\"https:\\\/\\\/ebfl.at\\\/#organization\",\"name\":\"EBFL - Eisenbahnfreunde Lienz\",\"url\":\"https:\\\/\\\/ebfl.at\\\/\",\"logo\":{\"@type\":\"ImageObject\",\"inLanguage\":\"de\",\"@id\":\"https:\\\/\\\/ebfl.at\\\/#\\\/schema\\\/logo\\\/image\\\/\",\"url\":\"https:\\\/\\\/ebfl.at\\\/wp-content\\\/uploads\\\/2019\\\/01\\\/Eisenbahnfreunde-Lienz.jpg\",\"contentUrl\":\"https:\\\/\\\/ebfl.at\\\/wp-content\\\/uploads\\\/2019\\\/01\\\/Eisenbahnfreunde-Lienz.jpg\",\"width\":1087,\"height\":480,\"caption\":\"EBFL - Eisenbahnfreunde Lienz\"},\"image\":{\"@id\":\"https:\\\/\\\/ebfl.at\\\/#\\\/schema\\\/logo\\\/image\\\/\"},\"sameAs\":[\"https:\\\/\\\/www.facebook.com\\\/pages\\\/category\\\/History-Museum\\\/EBFLat-301838060596265\\\/\"]}]}<\/script>\n<!-- \/ Yoast SEO plugin. -->","yoast_head_json":{"title":"Christkindlfahrt Salzburg 3.12.2022 - EBFL","robots":{"index":"index","follow":"follow","max-snippet":"max-snippet:-1","max-image-preview":"max-image-preview:large","max-video-preview":"max-video-preview:-1"},"canonical":"https:\/\/ebfl.at\/index.php\/christkindlfahrt-salzburg-4-12-2021\/","og_locale":"de_DE","og_type":"article","og_title":"Christkindlfahrt Salzburg 3.12.2022 - EBFL","og_description":"Programm: Abfahrt Lienz 7:45 h &#8211; Ankunft Salzburg ca. 11:54 hFahrt \u00fcber Spittal\/Millst\u00e4ttersee (Zugsturz) &#8211; Mallnitz (Tauernschleuse) &#8211; Schwarzach\/St. Veit &#8211; SalzburgSalzburg: Besuch der Altstadt und der Christkindlm\u00e4rkteR\u00fcckfahrt: Abfahrt Salzburg ca. 17:00 hProgramm\u00e4nderung vorbehalten. Es gilt die offizielle Covid-Regelung! Preise hin und retour Bahnhof 1. Klasse 2. Klasse ab Lienz \u20ac 79,00 \u20ac 59,00 ab [&hellip;]","og_url":"https:\/\/ebfl.at\/index.php\/christkindlfahrt-salzburg-4-12-2021\/","og_site_name":"EBFL","article_publisher":"https:\/\/www.facebook.com\/pages\/category\/History-Museum\/EBFLat-301838060596265\/","article_modified_time":"2022-11-21T16:42:04+00:00","og_image":[{"url":"https:\/\/ebfl.at\/wp-content\/uploads\/2019\/03\/IMG_20171209_162800-1024x766.png","type":"","width":"","height":""}],"twitter_card":"summary_large_image","twitter_misc":{"Gesch\u00e4tzte Lesezeit":"2\u00a0Minuten"},"schema":{"@context":"https:\/\/schema.org","@graph":[{"@type":"WebPage","@id":"https:\/\/ebfl.at\/index.php\/christkindlfahrt-salzburg-4-12-2021\/","url":"https:\/\/ebfl.at\/index.php\/christkindlfahrt-salzburg-4-12-2021\/","name":"Christkindlfahrt Salzburg 3.12.2022 - EBFL","isPartOf":{"@id":"https:\/\/ebfl.at\/#website"},"primaryImageOfPage":{"@id":"https:\/\/ebfl.at\/index.php\/christkindlfahrt-salzburg-4-12-2021\/#primaryimage"},"image":{"@id":"https:\/\/ebfl.at\/index.php\/christkindlfahrt-salzburg-4-12-2021\/#primaryimage"},"thumbnailUrl":"https:\/\/ebfl.at\/wp-content\/uploads\/2019\/03\/IMG_20171209_162800-1024x766.png","datePublished":"2021-07-29T09:36:44+00:00","dateModified":"2022-11-21T16:42:04+00:00","breadcrumb":{"@id":"https:\/\/ebfl.at\/index.php\/christkindlfahrt-salzburg-4-12-2021\/#breadcrumb"},"inLanguage":"de","potentialAction":[{"@type":"ReadAction","target":["https:\/\/ebfl.at\/index.php\/christkindlfahrt-salzburg-4-12-2021\/"]}]},{"@type":"ImageObject","inLanguage":"de","@id":"https:\/\/ebfl.at\/index.php\/christkindlfahrt-salzburg-4-12-2021\/#primaryimage","url":"https:\/\/ebfl.at\/wp-content\/uploads\/2019\/03\/IMG_20171209_162800.png","contentUrl":"https:\/\/ebfl.at\/wp-content\/uploads\/2019\/03\/IMG_20171209_162800.png","width":1500,"height":1122},{"@type":"BreadcrumbList","@id":"https:\/\/ebfl.at\/index.php\/christkindlfahrt-salzburg-4-12-2021\/#breadcrumb","itemListElement":[{"@type":"ListItem","position":1,"name":"Startseite","item":"https:\/\/ebfl.at\/"},{"@type":"ListItem","position":2,"name":"Christkindlfahrt Salzburg 3.12.2022"}]},{"@type":"WebSite","@id":"https:\/\/ebfl.at\/#website","url":"https:\/\/ebfl.at\/","name":"EBFL Eisenbahnfreunde Lienz","description":"Verein der Eisenbahnfreunde in Lienz","publisher":{"@id":"https:\/\/ebfl.at\/#organization"},"potentialAction":[{"@type":"SearchAction","target":{"@type":"EntryPoint","urlTemplate":"https:\/\/ebfl.at\/?s={search_term_string}"},"query-input":{"@type":"PropertyValueSpecification","valueRequired":true,"valueName":"search_term_string"}}],"inLanguage":"de"},{"@type":"Organization","@id":"https:\/\/ebfl.at\/#organization","name":"EBFL - Eisenbahnfreunde Lienz","url":"https:\/\/ebfl.at\/","logo":{"@type":"ImageObject","inLanguage":"de","@id":"https:\/\/ebfl.at\/#\/schema\/logo\/image\/","url":"https:\/\/ebfl.at\/wp-content\/uploads\/2019\/01\/Eisenbahnfreunde-Lienz.jpg","contentUrl":"https:\/\/ebfl.at\/wp-content\/uploads\/2019\/01\/Eisenbahnfreunde-Lienz.jpg","width":1087,"height":480,"caption":"EBFL - Eisenbahnfreunde Lienz"},"image":{"@id":"https:\/\/ebfl.at\/#\/schema\/logo\/image\/"},"sameAs":["https:\/\/www.facebook.com\/pages\/category\/History-Museum\/EBFLat-301838060596265\/"]}]}},"_links":{"self":[{"href":"https:\/\/ebfl.at\/index.php\/wp-json\/wp\/v2\/pages\/2980","targetHints":{"allow":["GET"]}}],"collection":[{"href":"https:\/\/ebfl.at\/index.php\/wp-json\/wp\/v2\/pages"}],"about":[{"href":"https:\/\/ebfl.at\/index.php\/wp-json\/wp\/v2\/types\/page"}],"author":[{"embeddable":true,"href":"https:\/\/ebfl.at\/index.php\/wp-json\/wp\/v2\/users\/2"}],"replies":[{"embeddable":true,"href":"https:\/\/ebfl.at\/index.php\/wp-json\/wp\/v2\/comments?post=2980"}],"version-history":[{"count":15,"href":"https:\/\/ebfl.at\/index.php\/wp-json\/wp\/v2\/pages\/2980\/revisions"}],"predecessor-version":[{"id":3467,"href":"https:\/\/ebfl.at\/index.php\/wp-json\/wp\/v2\/pages\/2980\/revisions\/3467"}],"wp:attachment":[{"href":"https:\/\/ebfl.at\/index.php\/wp-json\/wp\/v2\/media?parent=2980"}],"curies":[{"name":"wp","href":"https:\/\/api.w.org\/{rel}","templated":true}]}}