{"id":3056,"date":"2021-09-30T17:55:52","date_gmt":"2021-09-30T15:55:52","guid":{"rendered":"https:\/\/ebfl.at\/?page_id=3056"},"modified":"2021-11-14T19:25:57","modified_gmt":"2021-11-14T18:25:57","slug":"jubilaeumsfahrt-150-jahre-suedbahnstrecke-villach-lienz-franzensfeste","status":"publish","type":"page","link":"https:\/\/ebfl.at\/index.php\/jubilaeumsfahrt-150-jahre-suedbahnstrecke-villach-lienz-franzensfeste\/","title":{"rendered":"Jubil\u00e4umsfahrt &#8222;150 Jahre Drau- &#038; Pustertalbahn&#8220; Sillian &#8211; Lienz &#8211; Spittal"},"content":{"rendered":"\n<p class=\"has-vivid-red-color has-text-color has-normal-font-size\"><\/p>\n\n\n\n<figure class=\"wp-block-image size-large is-style-rounded\"><img loading=\"lazy\" decoding=\"async\" width=\"1024\" height=\"727\" src=\"https:\/\/ebfl.at\/wp-content\/uploads\/2019\/03\/Karte-1-1-1024x727.png\" alt=\"\" class=\"wp-image-1151\" srcset=\"https:\/\/ebfl.at\/wp-content\/uploads\/2019\/03\/Karte-1-1-1024x727.png 1024w, https:\/\/ebfl.at\/wp-content\/uploads\/2019\/03\/Karte-1-1-300x213.png 300w, https:\/\/ebfl.at\/wp-content\/uploads\/2019\/03\/Karte-1-1-768x545.png 768w, https:\/\/ebfl.at\/wp-content\/uploads\/2019\/03\/Karte-1-1.png 1152w\" sizes=\"auto, (max-width: 1024px) 100vw, 1024px\" \/><\/figure>\n\n\n\n<p class=\"has-vivid-red-color has-cyan-bluish-gray-background-color has-text-color has-background has-medium-font-size\"><strong>ABGESAGT<\/strong><\/p>\n\n\n\n<p><strong>20.11.2021<\/strong><\/p>\n\n\n\n<p>Genau an diesem Tag wurde vor 150 Jahren, also am 20.11.1871, die Bahnstrecke Villach-Lienz-Franzensfeste er\u00f6ffnet. Gleichzeitig feiert auch das S\u00fcdbahn Heizhaus in Lienz dieses Jubil\u00e4um.<\/p>\n\n\n\n<p>Wir laden Sie herzlich ein, gemeinsam mit uns, unserem S\u00fcdbahn Express und dem Eisenbahn Museum dieses Jubil\u00e4um zu feiern.<\/p>\n\n\n\n<p><strong>Programm<\/strong><\/p>\n\n\n\n<p>Abfahrt Lienz mit dem S\u00fcdbahn Express um ca. 8:20 h nach Sillian. R\u00fcckfahrt nach Lienz mit Besuch des Eisenbahnmuseums und der Lienzer Innenstadt oder weiter nach Spittal\/Millst\u00e4ttersee. Aufenthalt von ca. 1 1\/2 Stunden. R\u00fcckfahrt nach Lienz. Besuch des Eisenbahn Museums mit F\u00fchrung und kleinem Umtrunk am Nachmittag, bzw. Besuch der Lienzer Innenstadt. R\u00fcckfahrt nach Sillian und wieder retour nach Lienz. <\/p>\n\n\n\n<p>Zu- und Ausstiegsm\u00f6glichkeit an jedem \u00d6BB Bahnhof entlang der Strecke<\/p>\n\n\n\n<p>Programm\u00e4nderungen vorbehalten.<\/p>\n\n\n\n<p><strong>PREISE<\/strong><\/p>\n\n\n\n<p><strong>Tagesticket<\/strong><\/p>\n\n\n\n<p>Lienz-Sillian-Lienz-Spittal\/M.-Lienz-Sillian-Lienz \u20ac 50,00 p.P.<\/p>\n\n\n\n<p><strong>Teilstrecken<\/strong><\/p>\n\n\n\n<p>Sillian \u2013 Lienz \u2013 Spittal\/M. &#8211; Lienz \u2013 Sillian \u20ac 34,00<\/p>\n\n\n\n<p>Lienz \u2013 Spittal\/M. &#8211; Lienz \u20ac 25,00<\/p>\n\n\n\n<p>Spittal \u2013 Lienz \u20ac 14,00<\/p>\n\n\n\n<p>Kinder bis vollendetem 6. Lebensjahr frei (ohne Anspruch auf Sitzplatz)<\/p>\n\n\n\n<p>Kinder von 7 bis 12 Jahren 50 % Erm\u00e4\u00dfigung.<\/p>\n\n\n\n<p><\/p>\n\n\n\n<p><strong>Jubil\u00e4umsangebot<\/strong><\/p>\n\n\n\n<p>1. Klasse ohne Aufpreis (kein Service am Platz, Platzvergabe nach Buchungseingang)<\/p>\n\n\n\n<p>Freier Eintritt ins Eisenbahn Museum mit F\u00fchrung und 1 Glas Punsch<\/p>\n\n\n\n<p><strong>ABFAHRTSZEITEN<\/strong><\/p>\n\n\n\n<figure class=\"wp-block-table is-style-regular\"><table><tbody><tr><td>Bahnhof<\/td><td>Abfahrt<\/td><td>Ankunft<\/td><td><\/td><\/tr><tr><td>Lienz<\/td><td>08:18<\/td><td><\/td><td><\/td><\/tr><tr><td>Sillian<\/td><td><\/td><td>8:50<\/td><td><\/td><\/tr><tr><td>Sillian <\/td><td>09:08<\/td><td><\/td><td><\/td><\/tr><tr><td>Lienz<\/td><td><\/td><td>9:48<\/td><td><\/td><\/tr><tr><td><\/td><td><\/td><td><\/td><td><\/td><\/tr><tr><td>Lienz<\/td><td>10:00<\/td><td><\/td><td><\/td><\/tr><tr><td>Spittal\/Millst\u00e4ttersee <\/td><td><\/td><td>11:10<\/td><td><\/td><\/tr><tr><td>Spittal\/Millst\u00e4ttersee<\/td><td>12:45<\/td><td><\/td><td><\/td><\/tr><tr><td>Lienz<\/td><td><\/td><td>13:57<\/td><td><\/td><\/tr><tr><td>Lienz<\/td><td>16:20<\/td><td><\/td><td><\/td><\/tr><tr><td>Sillian<\/td><td><\/td><td>16:50<\/td><td><\/td><\/tr><tr><td>Sillian<\/td><td>17:10<\/td><td><\/td><td><\/td><\/tr><tr><td>Lienz<\/td><td><\/td><td>17:45<\/td><td><\/td><\/tr><\/tbody><\/table><figcaption>Bei den angef\u00fchrten Zeiten handelt es sich um Richtwerte<\/figcaption><\/figure>\n\n\n\n<p><strong>Es gilt die 2-G-Regelung!<\/strong><\/p>\n\n\n\n<p>Buchungen unter <a href=\"mailto:tickets@ebfl.at\">tickets@ebfl.at<\/a><\/p>\n","protected":false},"excerpt":{"rendered":"<p>ABGESAGT 20.11.2021 Genau an diesem Tag wurde vor 150 Jahren, also am 20.11.1871, die Bahnstrecke Villach-Lienz-Franzensfeste er\u00f6ffnet. Gleichzeitig feiert auch das S\u00fcdbahn Heizhaus in Lienz dieses Jubil\u00e4um. Wir laden Sie herzlich ein, gemeinsam mit uns, unserem S\u00fcdbahn Express und dem Eisenbahn Museum dieses Jubil\u00e4um zu feiern. Programm Abfahrt Lienz mit dem S\u00fcdbahn Express um ca. [&hellip;]<\/p>\n","protected":false},"author":2,"featured_media":0,"parent":0,"menu_order":0,"comment_status":"closed","ping_status":"closed","template":"","meta":{"footnotes":""},"class_list":["post-3056","page","type-page","status-publish","hentry"],"yoast_head":"<!-- This site is optimized with the Yoast SEO plugin v27.6 - https:\/\/yoast.com\/product\/yoast-seo-wordpress\/ -->\n<title>Jubil\u00e4umsfahrt &quot;150 Jahre Drau- &amp; Pustertalbahn&quot; Sillian - Lienz - Spittal - EBFL<\/title>\n<meta name=\"robots\" content=\"index, follow, max-snippet:-1, max-image-preview:large, max-video-preview:-1\" \/>\n<link rel=\"canonical\" href=\"https:\/\/ebfl.at\/index.php\/jubilaeumsfahrt-150-jahre-suedbahnstrecke-villach-lienz-franzensfeste\/\" \/>\n<meta property=\"og:locale\" content=\"de_DE\" \/>\n<meta property=\"og:type\" content=\"article\" \/>\n<meta property=\"og:title\" content=\"Jubil\u00e4umsfahrt &quot;150 Jahre Drau- &amp; Pustertalbahn&quot; Sillian - Lienz - Spittal - EBFL\" \/>\n<meta property=\"og:description\" content=\"ABGESAGT 20.11.2021 Genau an diesem Tag wurde vor 150 Jahren, also am 20.11.1871, die Bahnstrecke Villach-Lienz-Franzensfeste er\u00f6ffnet. Gleichzeitig feiert auch das S\u00fcdbahn Heizhaus in Lienz dieses Jubil\u00e4um. Wir laden Sie herzlich ein, gemeinsam mit uns, unserem S\u00fcdbahn Express und dem Eisenbahn Museum dieses Jubil\u00e4um zu feiern. Programm Abfahrt Lienz mit dem S\u00fcdbahn Express um ca. [&hellip;]\" \/>\n<meta property=\"og:url\" content=\"https:\/\/ebfl.at\/index.php\/jubilaeumsfahrt-150-jahre-suedbahnstrecke-villach-lienz-franzensfeste\/\" \/>\n<meta property=\"og:site_name\" content=\"EBFL\" \/>\n<meta property=\"article:publisher\" content=\"https:\/\/www.facebook.com\/pages\/category\/History-Museum\/EBFLat-301838060596265\/\" \/>\n<meta property=\"article:modified_time\" content=\"2021-11-14T18:25:57+00:00\" \/>\n<meta property=\"og:image\" content=\"https:\/\/ebfl.at\/wp-content\/uploads\/2019\/03\/Karte-1-1-1024x727.png\" \/>\n<meta name=\"twitter:card\" content=\"summary_large_image\" \/>\n<meta name=\"twitter:label1\" content=\"Gesch\u00e4tzte Lesezeit\" \/>\n\t<meta name=\"twitter:data1\" content=\"2\u00a0Minuten\" \/>\n<script type=\"application\/ld+json\" class=\"yoast-schema-graph\">{\"@context\":\"https:\\\/\\\/schema.org\",\"@graph\":[{\"@type\":\"WebPage\",\"@id\":\"https:\\\/\\\/ebfl.at\\\/index.php\\\/jubilaeumsfahrt-150-jahre-suedbahnstrecke-villach-lienz-franzensfeste\\\/\",\"url\":\"https:\\\/\\\/ebfl.at\\\/index.php\\\/jubilaeumsfahrt-150-jahre-suedbahnstrecke-villach-lienz-franzensfeste\\\/\",\"name\":\"Jubil\u00e4umsfahrt \\\"150 Jahre Drau- & Pustertalbahn\\\" Sillian - Lienz - Spittal - EBFL\",\"isPartOf\":{\"@id\":\"https:\\\/\\\/ebfl.at\\\/#website\"},\"primaryImageOfPage\":{\"@id\":\"https:\\\/\\\/ebfl.at\\\/index.php\\\/jubilaeumsfahrt-150-jahre-suedbahnstrecke-villach-lienz-franzensfeste\\\/#primaryimage\"},\"image\":{\"@id\":\"https:\\\/\\\/ebfl.at\\\/index.php\\\/jubilaeumsfahrt-150-jahre-suedbahnstrecke-villach-lienz-franzensfeste\\\/#primaryimage\"},\"thumbnailUrl\":\"https:\\\/\\\/ebfl.at\\\/wp-content\\\/uploads\\\/2019\\\/03\\\/Karte-1-1-1024x727.png\",\"datePublished\":\"2021-09-30T15:55:52+00:00\",\"dateModified\":\"2021-11-14T18:25:57+00:00\",\"breadcrumb\":{\"@id\":\"https:\\\/\\\/ebfl.at\\\/index.php\\\/jubilaeumsfahrt-150-jahre-suedbahnstrecke-villach-lienz-franzensfeste\\\/#breadcrumb\"},\"inLanguage\":\"de\",\"potentialAction\":[{\"@type\":\"ReadAction\",\"target\":[\"https:\\\/\\\/ebfl.at\\\/index.php\\\/jubilaeumsfahrt-150-jahre-suedbahnstrecke-villach-lienz-franzensfeste\\\/\"]}]},{\"@type\":\"ImageObject\",\"inLanguage\":\"de\",\"@id\":\"https:\\\/\\\/ebfl.at\\\/index.php\\\/jubilaeumsfahrt-150-jahre-suedbahnstrecke-villach-lienz-franzensfeste\\\/#primaryimage\",\"url\":\"https:\\\/\\\/ebfl.at\\\/wp-content\\\/uploads\\\/2019\\\/03\\\/Karte-1-1.png\",\"contentUrl\":\"https:\\\/\\\/ebfl.at\\\/wp-content\\\/uploads\\\/2019\\\/03\\\/Karte-1-1.png\",\"width\":1152,\"height\":818},{\"@type\":\"BreadcrumbList\",\"@id\":\"https:\\\/\\\/ebfl.at\\\/index.php\\\/jubilaeumsfahrt-150-jahre-suedbahnstrecke-villach-lienz-franzensfeste\\\/#breadcrumb\",\"itemListElement\":[{\"@type\":\"ListItem\",\"position\":1,\"name\":\"Startseite\",\"item\":\"https:\\\/\\\/ebfl.at\\\/\"},{\"@type\":\"ListItem\",\"position\":2,\"name\":\"Jubil\u00e4umsfahrt &#8220;150 Jahre Drau- &#038; Pustertalbahn&#8221; Sillian &#8211; Lienz &#8211; Spittal\"}]},{\"@type\":\"WebSite\",\"@id\":\"https:\\\/\\\/ebfl.at\\\/#website\",\"url\":\"https:\\\/\\\/ebfl.at\\\/\",\"name\":\"EBFL Eisenbahnfreunde Lienz\",\"description\":\"Verein der Eisenbahnfreunde in Lienz\",\"publisher\":{\"@id\":\"https:\\\/\\\/ebfl.at\\\/#organization\"},\"potentialAction\":[{\"@type\":\"SearchAction\",\"target\":{\"@type\":\"EntryPoint\",\"urlTemplate\":\"https:\\\/\\\/ebfl.at\\\/?s={search_term_string}\"},\"query-input\":{\"@type\":\"PropertyValueSpecification\",\"valueRequired\":true,\"valueName\":\"search_term_string\"}}],\"inLanguage\":\"de\"},{\"@type\":\"Organization\",\"@id\":\"https:\\\/\\\/ebfl.at\\\/#organization\",\"name\":\"EBFL - Eisenbahnfreunde Lienz\",\"url\":\"https:\\\/\\\/ebfl.at\\\/\",\"logo\":{\"@type\":\"ImageObject\",\"inLanguage\":\"de\",\"@id\":\"https:\\\/\\\/ebfl.at\\\/#\\\/schema\\\/logo\\\/image\\\/\",\"url\":\"https:\\\/\\\/ebfl.at\\\/wp-content\\\/uploads\\\/2019\\\/01\\\/Eisenbahnfreunde-Lienz.jpg\",\"contentUrl\":\"https:\\\/\\\/ebfl.at\\\/wp-content\\\/uploads\\\/2019\\\/01\\\/Eisenbahnfreunde-Lienz.jpg\",\"width\":1087,\"height\":480,\"caption\":\"EBFL - Eisenbahnfreunde Lienz\"},\"image\":{\"@id\":\"https:\\\/\\\/ebfl.at\\\/#\\\/schema\\\/logo\\\/image\\\/\"},\"sameAs\":[\"https:\\\/\\\/www.facebook.com\\\/pages\\\/category\\\/History-Museum\\\/EBFLat-301838060596265\\\/\"]}]}<\/script>\n<!-- \/ Yoast SEO plugin. -->","yoast_head_json":{"title":"Jubil\u00e4umsfahrt \"150 Jahre Drau- & Pustertalbahn\" Sillian - Lienz - Spittal - EBFL","robots":{"index":"index","follow":"follow","max-snippet":"max-snippet:-1","max-image-preview":"max-image-preview:large","max-video-preview":"max-video-preview:-1"},"canonical":"https:\/\/ebfl.at\/index.php\/jubilaeumsfahrt-150-jahre-suedbahnstrecke-villach-lienz-franzensfeste\/","og_locale":"de_DE","og_type":"article","og_title":"Jubil\u00e4umsfahrt \"150 Jahre Drau- & Pustertalbahn\" Sillian - Lienz - Spittal - EBFL","og_description":"ABGESAGT 20.11.2021 Genau an diesem Tag wurde vor 150 Jahren, also am 20.11.1871, die Bahnstrecke Villach-Lienz-Franzensfeste er\u00f6ffnet. Gleichzeitig feiert auch das S\u00fcdbahn Heizhaus in Lienz dieses Jubil\u00e4um. Wir laden Sie herzlich ein, gemeinsam mit uns, unserem S\u00fcdbahn Express und dem Eisenbahn Museum dieses Jubil\u00e4um zu feiern. Programm Abfahrt Lienz mit dem S\u00fcdbahn Express um ca. [&hellip;]","og_url":"https:\/\/ebfl.at\/index.php\/jubilaeumsfahrt-150-jahre-suedbahnstrecke-villach-lienz-franzensfeste\/","og_site_name":"EBFL","article_publisher":"https:\/\/www.facebook.com\/pages\/category\/History-Museum\/EBFLat-301838060596265\/","article_modified_time":"2021-11-14T18:25:57+00:00","og_image":[{"url":"https:\/\/ebfl.at\/wp-content\/uploads\/2019\/03\/Karte-1-1-1024x727.png","type":"","width":"","height":""}],"twitter_card":"summary_large_image","twitter_misc":{"Gesch\u00e4tzte Lesezeit":"2\u00a0Minuten"},"schema":{"@context":"https:\/\/schema.org","@graph":[{"@type":"WebPage","@id":"https:\/\/ebfl.at\/index.php\/jubilaeumsfahrt-150-jahre-suedbahnstrecke-villach-lienz-franzensfeste\/","url":"https:\/\/ebfl.at\/index.php\/jubilaeumsfahrt-150-jahre-suedbahnstrecke-villach-lienz-franzensfeste\/","name":"Jubil\u00e4umsfahrt \"150 Jahre Drau- & Pustertalbahn\" Sillian - Lienz - Spittal - EBFL","isPartOf":{"@id":"https:\/\/ebfl.at\/#website"},"primaryImageOfPage":{"@id":"https:\/\/ebfl.at\/index.php\/jubilaeumsfahrt-150-jahre-suedbahnstrecke-villach-lienz-franzensfeste\/#primaryimage"},"image":{"@id":"https:\/\/ebfl.at\/index.php\/jubilaeumsfahrt-150-jahre-suedbahnstrecke-villach-lienz-franzensfeste\/#primaryimage"},"thumbnailUrl":"https:\/\/ebfl.at\/wp-content\/uploads\/2019\/03\/Karte-1-1-1024x727.png","datePublished":"2021-09-30T15:55:52+00:00","dateModified":"2021-11-14T18:25:57+00:00","breadcrumb":{"@id":"https:\/\/ebfl.at\/index.php\/jubilaeumsfahrt-150-jahre-suedbahnstrecke-villach-lienz-franzensfeste\/#breadcrumb"},"inLanguage":"de","potentialAction":[{"@type":"ReadAction","target":["https:\/\/ebfl.at\/index.php\/jubilaeumsfahrt-150-jahre-suedbahnstrecke-villach-lienz-franzensfeste\/"]}]},{"@type":"ImageObject","inLanguage":"de","@id":"https:\/\/ebfl.at\/index.php\/jubilaeumsfahrt-150-jahre-suedbahnstrecke-villach-lienz-franzensfeste\/#primaryimage","url":"https:\/\/ebfl.at\/wp-content\/uploads\/2019\/03\/Karte-1-1.png","contentUrl":"https:\/\/ebfl.at\/wp-content\/uploads\/2019\/03\/Karte-1-1.png","width":1152,"height":818},{"@type":"BreadcrumbList","@id":"https:\/\/ebfl.at\/index.php\/jubilaeumsfahrt-150-jahre-suedbahnstrecke-villach-lienz-franzensfeste\/#breadcrumb","itemListElement":[{"@type":"ListItem","position":1,"name":"Startseite","item":"https:\/\/ebfl.at\/"},{"@type":"ListItem","position":2,"name":"Jubil\u00e4umsfahrt &#8220;150 Jahre Drau- &#038; Pustertalbahn&#8221; Sillian &#8211; Lienz &#8211; Spittal"}]},{"@type":"WebSite","@id":"https:\/\/ebfl.at\/#website","url":"https:\/\/ebfl.at\/","name":"EBFL Eisenbahnfreunde Lienz","description":"Verein der Eisenbahnfreunde in Lienz","publisher":{"@id":"https:\/\/ebfl.at\/#organization"},"potentialAction":[{"@type":"SearchAction","target":{"@type":"EntryPoint","urlTemplate":"https:\/\/ebfl.at\/?s={search_term_string}"},"query-input":{"@type":"PropertyValueSpecification","valueRequired":true,"valueName":"search_term_string"}}],"inLanguage":"de"},{"@type":"Organization","@id":"https:\/\/ebfl.at\/#organization","name":"EBFL - Eisenbahnfreunde Lienz","url":"https:\/\/ebfl.at\/","logo":{"@type":"ImageObject","inLanguage":"de","@id":"https:\/\/ebfl.at\/#\/schema\/logo\/image\/","url":"https:\/\/ebfl.at\/wp-content\/uploads\/2019\/01\/Eisenbahnfreunde-Lienz.jpg","contentUrl":"https:\/\/ebfl.at\/wp-content\/uploads\/2019\/01\/Eisenbahnfreunde-Lienz.jpg","width":1087,"height":480,"caption":"EBFL - Eisenbahnfreunde Lienz"},"image":{"@id":"https:\/\/ebfl.at\/#\/schema\/logo\/image\/"},"sameAs":["https:\/\/www.facebook.com\/pages\/category\/History-Museum\/EBFLat-301838060596265\/"]}]}},"_links":{"self":[{"href":"https:\/\/ebfl.at\/index.php\/wp-json\/wp\/v2\/pages\/3056","targetHints":{"allow":["GET"]}}],"collection":[{"href":"https:\/\/ebfl.at\/index.php\/wp-json\/wp\/v2\/pages"}],"about":[{"href":"https:\/\/ebfl.at\/index.php\/wp-json\/wp\/v2\/types\/page"}],"author":[{"embeddable":true,"href":"https:\/\/ebfl.at\/index.php\/wp-json\/wp\/v2\/users\/2"}],"replies":[{"embeddable":true,"href":"https:\/\/ebfl.at\/index.php\/wp-json\/wp\/v2\/comments?post=3056"}],"version-history":[{"count":11,"href":"https:\/\/ebfl.at\/index.php\/wp-json\/wp\/v2\/pages\/3056\/revisions"}],"predecessor-version":[{"id":3124,"href":"https:\/\/ebfl.at\/index.php\/wp-json\/wp\/v2\/pages\/3056\/revisions\/3124"}],"wp:attachment":[{"href":"https:\/\/ebfl.at\/index.php\/wp-json\/wp\/v2\/media?parent=3056"}],"curies":[{"name":"wp","href":"https:\/\/api.w.org\/{rel}","templated":true}]}}