{"id":336,"date":"2019-01-26T15:53:37","date_gmt":"2019-01-26T14:53:37","guid":{"rendered":"https:\/\/wp.ebfl.at\/?page_id=336"},"modified":"2021-01-26T15:55:40","modified_gmt":"2021-01-26T14:55:40","slug":"condizioni-di-partecipazione","status":"publish","type":"page","link":"https:\/\/ebfl.at\/index.php\/it\/suedbahn-express-2\/condizioni-di-partecipazione\/","title":{"rendered":"Condizioni di Partecipazione"},"content":{"rendered":"\n<p>Condizioni di partecipazione per viaggi speciali con la S\u00fcdbahn-Express<\/p>\n\n\n\n<ol class=\"wp-block-list\"><li><strong>organizzatore<\/strong><\/li><\/ol>\n\n\n\n<p>Associazione degli amici delle ferrovie di Lienz ZVR 865918502 &#8211; UID: ATU 67 201 413, Bahnhofplatz 10 &#8211; Heizhaus, 9900 Lienz.<\/p>\n\n\n\n<p>Con l&#8217;acquisto di un biglietto, il cliente accetta le seguenti condizioni di partecipazione a viaggi speciali, che diventano cos\u00ec parte integrante del contratto di trasporto.<\/p>\n\n\n\n<p><strong>2. prenotazione<\/strong><\/p>\n\n\n\n<p>Con l&#8217;acquisto del biglietto, il cliente stipula un contratto di trasporto con gli organizzatori secondo le condizioni di seguito elencate.<\/p>\n\n\n\n<p><strong>3. recesso dal contratto <\/strong><\/p>\n\n\n\n<p>3.1 Recesso da parte del cliente<\/p>\n\n\n\n<p>Il cliente pu\u00f2 recedere dal viaggio senza indicarne i motivi ed in caso di desdetta da parte del cliente, si dovranno sostenere i seguenti costi di annullamento:<\/p>\n\n\n\n<p>10 % del prezzo del biglietto<\/p>\n\n\n\n<p>80 % del prezzo del biglietto per cancellazioni effettuate 14 giorni o pi\u00f9 prima della data del viaggio<\/p>\n\n\n\n<p>100 % del prezzo del biglietto in caso di mancato arrivo del viaggio<\/p>\n\n\n\n<p>3.2 Ritiro da parte degli Organizzatori<\/p>\n\n\n\n<p>Gli organizzatori possono annullare il viaggio senza preavviso se non si raggiungesse il numero minimo di partecipanti necessario per coprire i costi o se il viaggio \u00e8 notevolmente ostacolato o impossibile a causa di difficolt\u00e0 tecniche o di forza maggiore (es. temporali, siccit\u00e0 estrema, sciopero). La tariffa sar\u00e0 rimborsata nel caso in cui il viaggio non abbia luogoe non si assume alcuna responsabilit\u00e0 per ulteriori rivendicazioni da parte del cliente. <\/p>\n\n\n\n<p><strong>4. responsabilit\u00e0<\/strong><\/p>\n\n\n\n<p>4.1 Sostituzione di veicoli a causa di difetti tecnici<\/p>\n\n\n\n<p>Salvo diversa indicazione, i viaggi saranno effettuati con veicoli storici ed in linea di principio, non vi \u00e8 il diritto di utilizzare i veicoli specificati nel bando di gara. Tutti i veicoli sono esemplari storici unici che possono essere danneggiarsi all`ultimo momento. Se questi non possono essere riparati e non \u00e8 disponibile una sostituzione equivalente, verranno utilizzati i veicoli del magazzino aziendale e ci\u00f2 non autorizza il cliente a richiedere una riduzione di prezzo o a ritirarsi dal viaggio; se la messa a disposizione di un veicolo sostitutivo comporta notevoli spese aggiuntive, gli organizzatori hanno il diritto di annullare un viaggio anche con breve preavviso.<\/p>\n\n\n\n<p>4.2 Sostituzione del veicolo per pericolo d&#8217;incendio<\/p>\n\n\n\n<p>Se l&#8217;uso di una locomotiva a vapore non \u00e8 possibile per motivi di protezione antincendio, una locomotiva diesel o elettrica viene utilizzata senza preavviso e questa soluzione non autorizza il cliente a richiedere una riduzione di prezzo o a ritirarsi dal viaggio; se la messa a disposizione di una locomotiva diesel o elettrica comporta notevoli spese aggiuntive, gli organizzatori hanno il diritto di annullare il viaggio con breve preavviso.<\/p>\n\n\n\n<p>4.3. modifica del programma durante il viaggio a causa di problemi tecnici<\/p>\n\n\n\n<p>Nonostante la migliore cura possibile dei veicoli storici, non si pu\u00f2 escludere completamente un difetto tecnico durante il viaggio e ci\u00f2 potrebbe richiedere una modifica del programma in tempi  brevi ed anche in questo caso, gli organizzatori cercheranno di ridurre al minimo le menomazioni e si impegneranno per assicurare il pi\u00f9 rapidamente possibile la prosecuzione del viaggio previsto o il trasporto di ritorno al punto di partenza del viaggio. Se parti essenziali del programma prenotato non possono essere fornite in questo modo, il cliente ha diritto ad una riduzione di prezzo, ma gli organizzatori non si assumono alcuna responsabilit\u00e0 per ulteriori richieste di risarcimento.<\/p>\n\n\n\n<p>4.4 Modifiche del programma per motivi operativi<\/p>\n\n\n\n<p>La S\u00fcdbahn Express e il treno a vapore speciale sono gestiti come servizi speciali dal relativo gestore di rete ed in caso di perturbazioni operative o ritardi, i treni programmati hanno la priorit\u00e0. Questo pu\u00f2 abbreviare il vostro soggiorno a destinazione e\/o ritardare il vostro arrivo al vostro viaggio di ritorno; tali riduzioni di valore esulano dal controllo dell&#8217;organizzatore e non danno diritto ad una riduzione di prezzo, n\u00e9 possono essere riconosciuti ulteriori diritti.<\/p>\n\n\n\n<p>4.5 Modifiche dei tempi di guida<\/p>\n\n\n\n<p>Poich\u00e9 l&#8217;operatore di rete pu\u00f2 modificare l&#8217;orario esatto del treno speciale con brevissimo preavviso, non sono vincolanti gli orari indicati nell&#8217;annuncio di viaggio, ma l&#8217;orario disponibile su Internet (www.ebfl.at) l&#8217;ultimo giorno di calendario prima del viaggio.<\/p>\n\n\n\n<p>4.6 Pericoli dovuti a scintille volanti<\/p>\n\n\n\n<p>Una locomotiva a vapore sviluppa fuliggine, fumo, vapore e scintille volanti e quindi gli organizzatori non si assumono alcuna responsabilit\u00e0 per qualsiasi tipo di sporcizia, danno o lesione. \u00c8 vietato sporgersi fuori dal finestrino aperto durante la guida.<\/p>\n\n\n\n<p>4.7 Pericoli derivanti da porte aperte<\/p>\n\n\n\n<p>Le porte e le barre non devono essere aperte mentre il veicolo \u00e8 in movimento. Le carrozze passeggeri storiche non sono dotate di un dispositivo di blocco porta\/barra che impedisce meccanicamente l&#8217;apertura durante il viaggio e pertanto, prestare attenzione ai pericoli derivanti da un soggiorno su una piattaforma aperta. <\/p>\n\n\n\n<p>Per motivi di sicurezza, \u00e8 vietato rimanere permanentemente sulle transizioni tra i vagoni. I bambini devono essere sorvegliati e gli organizzatori non si assumono alcuna responsabilit\u00e0 per i danni derivanti dal mancato rispetto del presente regolamento.<\/p>\n\n\n\n<p>4.8 Comfort di viaggio<\/p>\n\n\n\n<p>L&#8217;uso di carrozze storiche pu\u00f2 ridurre il comfort di viaggio, soprattutto durante il periodo di riscaldamento e da ci\u00f2 non ne pu\u00f2 derivare alcuna pretesa.<\/p>\n\n\n\n<p>4.9 Furto e perdita<\/p>\n\n\n\n<p>Gli organizzatori non sono responsabili per furto e perdita di oggetti di valore durante il viaggio e durante il soggiorno.<\/p>\n\n\n\n<p>4.10. Istruzioni del personale<\/p>\n\n\n\n<p>Per motivi di sicurezza, le istruzioni del personale del treno devono sempre essere seguite. Prestare particolare attenzione all&#8217;annuncio di particolari caratteristiche operative, ad esempio piattaforme troppo corte e non entrare o attraversare mai i binari senza autorizzazione. Gli organizzatori non si assumono alcuna responsabilit\u00e0 per le conseguenze di qualsiasi violazione.<\/p>\n\n\n\n<p><strong>5. divieto di fumare<\/strong><\/p>\n\n\n\n<p>Nei treni speciali \u00e8 vietato fumare ed eventuali indirizzi su e nei veicoli che si discostano da questo regolamento hanno esclusivamente ragioni storiche e non modificano nulla sul divieto di fumo.<\/p>\n","protected":false},"excerpt":{"rendered":"<p>Condizioni di partecipazione per viaggi speciali con la S\u00fcdbahn-Express organizzatore Associazione degli amici delle ferrovie di Lienz ZVR 865918502 &#8211; UID: ATU 67 201 413, Bahnhofplatz 10 &#8211; Heizhaus, 9900 Lienz. Con l&#8217;acquisto di un biglietto, il cliente accetta le seguenti condizioni di partecipazione a viaggi speciali, che diventano cos\u00ec parte integrante del contratto di [&hellip;]<\/p>\n","protected":false},"author":1,"featured_media":0,"parent":80,"menu_order":0,"comment_status":"closed","ping_status":"closed","template":"","meta":{"footnotes":""},"class_list":["post-336","page","type-page","status-publish","hentry"],"yoast_head":"<!-- This site is optimized with the Yoast SEO plugin v27.4 - https:\/\/yoast.com\/product\/yoast-seo-wordpress\/ -->\n<title>Condizioni di Partecipazione - EBFL<\/title>\n<meta name=\"robots\" content=\"index, follow, max-snippet:-1, max-image-preview:large, max-video-preview:-1\" \/>\n<link rel=\"canonical\" href=\"https:\/\/ebfl.at\/index.php\/it\/suedbahn-express-2\/condizioni-di-partecipazione\/\" \/>\n<meta property=\"og:locale\" content=\"de_DE\" \/>\n<meta property=\"og:type\" content=\"article\" \/>\n<meta property=\"og:title\" content=\"Condizioni di Partecipazione - EBFL\" \/>\n<meta property=\"og:description\" content=\"Condizioni di partecipazione per viaggi speciali con la S\u00fcdbahn-Express organizzatore Associazione degli amici delle ferrovie di Lienz ZVR 865918502 &#8211; UID: ATU 67 201 413, Bahnhofplatz 10 &#8211; Heizhaus, 9900 Lienz. Con l&#8217;acquisto di un biglietto, il cliente accetta le seguenti condizioni di partecipazione a viaggi speciali, che diventano cos\u00ec parte integrante del contratto di [&hellip;]\" \/>\n<meta property=\"og:url\" content=\"https:\/\/ebfl.at\/index.php\/it\/suedbahn-express-2\/condizioni-di-partecipazione\/\" \/>\n<meta property=\"og:site_name\" content=\"EBFL\" \/>\n<meta property=\"article:publisher\" content=\"https:\/\/www.facebook.com\/pages\/category\/History-Museum\/EBFLat-301838060596265\/\" \/>\n<meta property=\"article:modified_time\" content=\"2021-01-26T14:55:40+00:00\" \/>\n<meta name=\"twitter:card\" content=\"summary_large_image\" \/>\n<meta name=\"twitter:label1\" content=\"Gesch\u00e4tzte Lesezeit\" \/>\n\t<meta name=\"twitter:data1\" content=\"5\u00a0Minuten\" \/>\n<script type=\"application\/ld+json\" class=\"yoast-schema-graph\">{\"@context\":\"https:\\\/\\\/schema.org\",\"@graph\":[{\"@type\":\"WebPage\",\"@id\":\"https:\\\/\\\/ebfl.at\\\/index.php\\\/it\\\/suedbahn-express-2\\\/condizioni-di-partecipazione\\\/\",\"url\":\"https:\\\/\\\/ebfl.at\\\/index.php\\\/it\\\/suedbahn-express-2\\\/condizioni-di-partecipazione\\\/\",\"name\":\"Condizioni di Partecipazione - EBFL\",\"isPartOf\":{\"@id\":\"https:\\\/\\\/ebfl.at\\\/#website\"},\"datePublished\":\"2019-01-26T14:53:37+00:00\",\"dateModified\":\"2021-01-26T14:55:40+00:00\",\"breadcrumb\":{\"@id\":\"https:\\\/\\\/ebfl.at\\\/index.php\\\/it\\\/suedbahn-express-2\\\/condizioni-di-partecipazione\\\/#breadcrumb\"},\"inLanguage\":\"de\",\"potentialAction\":[{\"@type\":\"ReadAction\",\"target\":[\"https:\\\/\\\/ebfl.at\\\/index.php\\\/it\\\/suedbahn-express-2\\\/condizioni-di-partecipazione\\\/\"]}]},{\"@type\":\"BreadcrumbList\",\"@id\":\"https:\\\/\\\/ebfl.at\\\/index.php\\\/it\\\/suedbahn-express-2\\\/condizioni-di-partecipazione\\\/#breadcrumb\",\"itemListElement\":[{\"@type\":\"ListItem\",\"position\":1,\"name\":\"Startseite\",\"item\":\"https:\\\/\\\/ebfl.at\\\/\"},{\"@type\":\"ListItem\",\"position\":2,\"name\":\"Suedbahn Express\",\"item\":\"https:\\\/\\\/ebfl.at\\\/index.php\\\/it\\\/suedbahn-express-2\\\/\"},{\"@type\":\"ListItem\",\"position\":3,\"name\":\"Condizioni di Partecipazione\"}]},{\"@type\":\"WebSite\",\"@id\":\"https:\\\/\\\/ebfl.at\\\/#website\",\"url\":\"https:\\\/\\\/ebfl.at\\\/\",\"name\":\"EBFL Eisenbahnfreunde Lienz\",\"description\":\"Verein der Eisenbahnfreunde in Lienz\",\"publisher\":{\"@id\":\"https:\\\/\\\/ebfl.at\\\/#organization\"},\"potentialAction\":[{\"@type\":\"SearchAction\",\"target\":{\"@type\":\"EntryPoint\",\"urlTemplate\":\"https:\\\/\\\/ebfl.at\\\/?s={search_term_string}\"},\"query-input\":{\"@type\":\"PropertyValueSpecification\",\"valueRequired\":true,\"valueName\":\"search_term_string\"}}],\"inLanguage\":\"de\"},{\"@type\":\"Organization\",\"@id\":\"https:\\\/\\\/ebfl.at\\\/#organization\",\"name\":\"EBFL - Eisenbahnfreunde Lienz\",\"url\":\"https:\\\/\\\/ebfl.at\\\/\",\"logo\":{\"@type\":\"ImageObject\",\"inLanguage\":\"de\",\"@id\":\"https:\\\/\\\/ebfl.at\\\/#\\\/schema\\\/logo\\\/image\\\/\",\"url\":\"https:\\\/\\\/ebfl.at\\\/wp-content\\\/uploads\\\/2019\\\/01\\\/Eisenbahnfreunde-Lienz.jpg\",\"contentUrl\":\"https:\\\/\\\/ebfl.at\\\/wp-content\\\/uploads\\\/2019\\\/01\\\/Eisenbahnfreunde-Lienz.jpg\",\"width\":1087,\"height\":480,\"caption\":\"EBFL - Eisenbahnfreunde Lienz\"},\"image\":{\"@id\":\"https:\\\/\\\/ebfl.at\\\/#\\\/schema\\\/logo\\\/image\\\/\"},\"sameAs\":[\"https:\\\/\\\/www.facebook.com\\\/pages\\\/category\\\/History-Museum\\\/EBFLat-301838060596265\\\/\"]}]}<\/script>\n<!-- \/ Yoast SEO plugin. -->","yoast_head_json":{"title":"Condizioni di Partecipazione - EBFL","robots":{"index":"index","follow":"follow","max-snippet":"max-snippet:-1","max-image-preview":"max-image-preview:large","max-video-preview":"max-video-preview:-1"},"canonical":"https:\/\/ebfl.at\/index.php\/it\/suedbahn-express-2\/condizioni-di-partecipazione\/","og_locale":"de_DE","og_type":"article","og_title":"Condizioni di Partecipazione - EBFL","og_description":"Condizioni di partecipazione per viaggi speciali con la S\u00fcdbahn-Express organizzatore Associazione degli amici delle ferrovie di Lienz ZVR 865918502 &#8211; UID: ATU 67 201 413, Bahnhofplatz 10 &#8211; Heizhaus, 9900 Lienz. Con l&#8217;acquisto di un biglietto, il cliente accetta le seguenti condizioni di partecipazione a viaggi speciali, che diventano cos\u00ec parte integrante del contratto di [&hellip;]","og_url":"https:\/\/ebfl.at\/index.php\/it\/suedbahn-express-2\/condizioni-di-partecipazione\/","og_site_name":"EBFL","article_publisher":"https:\/\/www.facebook.com\/pages\/category\/History-Museum\/EBFLat-301838060596265\/","article_modified_time":"2021-01-26T14:55:40+00:00","twitter_card":"summary_large_image","twitter_misc":{"Gesch\u00e4tzte Lesezeit":"5\u00a0Minuten"},"schema":{"@context":"https:\/\/schema.org","@graph":[{"@type":"WebPage","@id":"https:\/\/ebfl.at\/index.php\/it\/suedbahn-express-2\/condizioni-di-partecipazione\/","url":"https:\/\/ebfl.at\/index.php\/it\/suedbahn-express-2\/condizioni-di-partecipazione\/","name":"Condizioni di Partecipazione - EBFL","isPartOf":{"@id":"https:\/\/ebfl.at\/#website"},"datePublished":"2019-01-26T14:53:37+00:00","dateModified":"2021-01-26T14:55:40+00:00","breadcrumb":{"@id":"https:\/\/ebfl.at\/index.php\/it\/suedbahn-express-2\/condizioni-di-partecipazione\/#breadcrumb"},"inLanguage":"de","potentialAction":[{"@type":"ReadAction","target":["https:\/\/ebfl.at\/index.php\/it\/suedbahn-express-2\/condizioni-di-partecipazione\/"]}]},{"@type":"BreadcrumbList","@id":"https:\/\/ebfl.at\/index.php\/it\/suedbahn-express-2\/condizioni-di-partecipazione\/#breadcrumb","itemListElement":[{"@type":"ListItem","position":1,"name":"Startseite","item":"https:\/\/ebfl.at\/"},{"@type":"ListItem","position":2,"name":"Suedbahn Express","item":"https:\/\/ebfl.at\/index.php\/it\/suedbahn-express-2\/"},{"@type":"ListItem","position":3,"name":"Condizioni di Partecipazione"}]},{"@type":"WebSite","@id":"https:\/\/ebfl.at\/#website","url":"https:\/\/ebfl.at\/","name":"EBFL Eisenbahnfreunde Lienz","description":"Verein der Eisenbahnfreunde in Lienz","publisher":{"@id":"https:\/\/ebfl.at\/#organization"},"potentialAction":[{"@type":"SearchAction","target":{"@type":"EntryPoint","urlTemplate":"https:\/\/ebfl.at\/?s={search_term_string}"},"query-input":{"@type":"PropertyValueSpecification","valueRequired":true,"valueName":"search_term_string"}}],"inLanguage":"de"},{"@type":"Organization","@id":"https:\/\/ebfl.at\/#organization","name":"EBFL - Eisenbahnfreunde Lienz","url":"https:\/\/ebfl.at\/","logo":{"@type":"ImageObject","inLanguage":"de","@id":"https:\/\/ebfl.at\/#\/schema\/logo\/image\/","url":"https:\/\/ebfl.at\/wp-content\/uploads\/2019\/01\/Eisenbahnfreunde-Lienz.jpg","contentUrl":"https:\/\/ebfl.at\/wp-content\/uploads\/2019\/01\/Eisenbahnfreunde-Lienz.jpg","width":1087,"height":480,"caption":"EBFL - Eisenbahnfreunde Lienz"},"image":{"@id":"https:\/\/ebfl.at\/#\/schema\/logo\/image\/"},"sameAs":["https:\/\/www.facebook.com\/pages\/category\/History-Museum\/EBFLat-301838060596265\/"]}]}},"_links":{"self":[{"href":"https:\/\/ebfl.at\/index.php\/wp-json\/wp\/v2\/pages\/336","targetHints":{"allow":["GET"]}}],"collection":[{"href":"https:\/\/ebfl.at\/index.php\/wp-json\/wp\/v2\/pages"}],"about":[{"href":"https:\/\/ebfl.at\/index.php\/wp-json\/wp\/v2\/types\/page"}],"author":[{"embeddable":true,"href":"https:\/\/ebfl.at\/index.php\/wp-json\/wp\/v2\/users\/1"}],"replies":[{"embeddable":true,"href":"https:\/\/ebfl.at\/index.php\/wp-json\/wp\/v2\/comments?post=336"}],"version-history":[{"count":17,"href":"https:\/\/ebfl.at\/index.php\/wp-json\/wp\/v2\/pages\/336\/revisions"}],"predecessor-version":[{"id":2528,"href":"https:\/\/ebfl.at\/index.php\/wp-json\/wp\/v2\/pages\/336\/revisions\/2528"}],"up":[{"embeddable":true,"href":"https:\/\/ebfl.at\/index.php\/wp-json\/wp\/v2\/pages\/80"}],"wp:attachment":[{"href":"https:\/\/ebfl.at\/index.php\/wp-json\/wp\/v2\/media?parent=336"}],"curies":[{"name":"wp","href":"https:\/\/api.w.org\/{rel}","templated":true}]}}