{"id":347,"date":"2019-01-26T15:59:04","date_gmt":"2019-01-26T14:59:04","guid":{"rendered":"https:\/\/wp.ebfl.at\/?page_id=347"},"modified":"2021-01-26T14:53:32","modified_gmt":"2021-01-26T13:53:32","slug":"list-of-cars","status":"publish","type":"page","link":"https:\/\/ebfl.at\/index.php\/en\/suedbahn-enginge-shed\/list-of-cars\/","title":{"rendered":"List of vehicles"},"content":{"rendered":"\n<p><br><\/p>\n\n\n\n<p class=\"has-very-light-gray-background-color has-background\"><strong>Steam locomotives <\/strong>&#8211; <strong><a href=\"https:\/\/ebfl.at\/index.php\/dampflokomotiven\/\">photo<\/a><\/strong><\/p>\n\n\n\n<p>Steam locomotive Sulm-B 1, series 32d, year of construction 1907 <br>\nSteam locomotive SB &#8211; BB\u00d6 629.59 &#8211; \u00d6BB 77.244, year of construction 1927 <br>\nSteam Locomotive DR 52 3816 \u00d6BB 52.3816 Year of Construction 1944<\/p>\n\n\n\n<p class=\"has-very-light-gray-background-color has-background\"><strong>Electric locomotives<\/strong> &#8211; <strong><a href=\"https:\/\/wp.ebfl.at\/index.php\/bilder-der-1020\/\">photo<\/a><\/strong><\/p>\n\n\n\n<p>Electric locomotive BB\u00d6 1170.222 &#8211; DR E 45 222 &#8211; \u00d6BB 1245.622 &#8211; \u00d6BB 1245 522-6, year of construction 1938 <br> Electric locomotive DR E 94 001 &#8211; \u00d6BB 1020.018-6, year of construction 1940 &#8211; operational <br> Electric locomotive DR E 94 006 &#8211; \u00d6BB 1020.023-6, year of construction 1940 <br> Electric Locomotive DR E 61 120 &#8211; \u00d6BB 1161.020-1, year of construction 1942 <\/p>\n\n\n\n<p class=\"has-very-light-gray-background-color has-background\"><strong>Diesel locomotives <\/strong>&#8211; <strong><a href=\"https:\/\/ebfl.at\/index.php\/diesellokomotiven\/\">photo<\/a><\/strong><\/p>\n\n\n\n<p>Diesel locomotive \u00d6BB 2045.15, \u00d6BB 2045.015-1, year of construction 1954 <br>\nDiesel locomotive \u00d6BB 2062.49, \u00d6BB 2062.049-9, X 262 049-0, year of construction 1965 <br>\nDiesel locomotive \u00d6BB 2043.49, \u00d6BB 2043.049-2 Year of construction 1973<br>\nK\u00f6f Magnesit AG Hochfilzen &#8211; Schwartzkopff, year of construction 1940 <br>\nDraisine X 626.122, Railway Motor Car BM 100 <\/p>\n\n\n\n<p class=\"has-very-light-gray-background-color has-background\"><strong>Special-purpose vehicles<\/strong> &#8211; <strong><a href=\"https:\/\/ebfl.at\/index.php\/sonderfahrzeuge\/\">photo<\/a><\/strong><\/p>\n\n\n\n<p>Crane hoist consisting of steam crane 45t &#8211; 9766 042 &#8211; 9, with protection and side car<br>\nCrane truck, 2 axles, for manual operation for lifting loads 7.5 tons<br>\nSilo truck for grain transport, self-propelled with Jenbacher motor JW 20<\/p>\n\n\n\n<p class=\"has-very-light-gray-background-color has-background\"><strong>Wagons<\/strong> &#8211; photo<\/p>\n\n\n\n<p>Ap 80 81 97-32 958-0 Year of construction 1970<br>\nBp 50 81 29-35 139-3 SGP Year of construction 1967<br>\nBRpz 50 81 85-35 306-9 JW Year of construction 1975<br>\nBDpoz 50 81 82-35 429-2 JW Year of construction 1978<br>\n50 81 08-11 001-8 G\u00f6rlitz 1942<br>\nBpw 50 81 00-03 910-8 Rail mail coach 2-ax mz 50 81 00-30 256-3<br>\nRail mail coach 4-ax Biho 35 005 passenger coach 2-ax years of construction 1928\/1956<\/p>\n\n\n\n<p class=\"has-very-light-gray-background-color has-background\"><strong>Freight wagons<\/strong> &#8211; <strong><a href=\"https:\/\/ebfl.at\/index.php\/gueterwaggone\/\">photo<\/a><\/strong><\/p>\n\n\n\n<p>Southern Railway Company 44,000<br>\nK. k. State Railways<br>\nFlat wagon 2-axle Ill-Werke Vorarlberg<br>\nFlat wagon 2-axle Ill-Werke Vorarlberg<br>\nFlat wagon 2-axle Ill-Werke Vorarlberg<br>\nCovered freight car G 10 &#8211; 2-axle with raised brakeman&#8217;s cab<br>\nCovered freight car Gbs &#8211; 2-axle <\/p>\n\n\n\n<p class=\"has-very-light-gray-background-color has-background\"><em>Note: Some vehicles are deposited in the Heizhaus Lienz within the scope of permanent loans.<\/em><\/p>\n","protected":false},"excerpt":{"rendered":"<p>Steam locomotives &#8211; photo Steam locomotive Sulm-B 1, series 32d, year of construction 1907 Steam locomotive SB &#8211; BB\u00d6 629.59 &#8211; \u00d6BB 77.244, year of construction 1927 Steam Locomotive DR 52 3816 \u00d6BB 52.3816 Year of Construction 1944 Electric locomotives &#8211; photo Electric locomotive BB\u00d6 1170.222 &#8211; DR E 45 222 &#8211; \u00d6BB 1245.622 &#8211; [&hellip;]<\/p>\n","protected":false},"author":1,"featured_media":0,"parent":88,"menu_order":0,"comment_status":"closed","ping_status":"closed","template":"","meta":{"footnotes":""},"class_list":["post-347","page","type-page","status-publish","hentry"],"yoast_head":"<!-- This site is optimized with the Yoast SEO plugin v27.4 - https:\/\/yoast.com\/product\/yoast-seo-wordpress\/ -->\n<title>List of vehicles - EBFL<\/title>\n<meta name=\"robots\" content=\"index, follow, max-snippet:-1, max-image-preview:large, max-video-preview:-1\" \/>\n<link rel=\"canonical\" href=\"https:\/\/ebfl.at\/index.php\/en\/suedbahn-enginge-shed\/list-of-cars\/\" \/>\n<meta property=\"og:locale\" content=\"de_DE\" \/>\n<meta property=\"og:type\" content=\"article\" \/>\n<meta property=\"og:title\" content=\"List of vehicles - EBFL\" \/>\n<meta property=\"og:description\" content=\"Steam locomotives &#8211; photo Steam locomotive Sulm-B 1, series 32d, year of construction 1907 Steam locomotive SB &#8211; BB\u00d6 629.59 &#8211; \u00d6BB 77.244, year of construction 1927 Steam Locomotive DR 52 3816 \u00d6BB 52.3816 Year of Construction 1944 Electric locomotives &#8211; photo Electric locomotive BB\u00d6 1170.222 &#8211; DR E 45 222 &#8211; \u00d6BB 1245.622 &#8211; [&hellip;]\" \/>\n<meta property=\"og:url\" content=\"https:\/\/ebfl.at\/index.php\/en\/suedbahn-enginge-shed\/list-of-cars\/\" \/>\n<meta property=\"og:site_name\" content=\"EBFL\" \/>\n<meta property=\"article:publisher\" content=\"https:\/\/www.facebook.com\/pages\/category\/History-Museum\/EBFLat-301838060596265\/\" \/>\n<meta property=\"article:modified_time\" content=\"2021-01-26T13:53:32+00:00\" \/>\n<meta name=\"twitter:card\" content=\"summary_large_image\" \/>\n<meta name=\"twitter:label1\" content=\"Gesch\u00e4tzte Lesezeit\" \/>\n\t<meta name=\"twitter:data1\" content=\"2\u00a0Minuten\" \/>\n<script type=\"application\/ld+json\" class=\"yoast-schema-graph\">{\"@context\":\"https:\\\/\\\/schema.org\",\"@graph\":[{\"@type\":\"WebPage\",\"@id\":\"https:\\\/\\\/ebfl.at\\\/index.php\\\/en\\\/suedbahn-enginge-shed\\\/list-of-cars\\\/\",\"url\":\"https:\\\/\\\/ebfl.at\\\/index.php\\\/en\\\/suedbahn-enginge-shed\\\/list-of-cars\\\/\",\"name\":\"List of vehicles - EBFL\",\"isPartOf\":{\"@id\":\"https:\\\/\\\/ebfl.at\\\/#website\"},\"datePublished\":\"2019-01-26T14:59:04+00:00\",\"dateModified\":\"2021-01-26T13:53:32+00:00\",\"breadcrumb\":{\"@id\":\"https:\\\/\\\/ebfl.at\\\/index.php\\\/en\\\/suedbahn-enginge-shed\\\/list-of-cars\\\/#breadcrumb\"},\"inLanguage\":\"de\",\"potentialAction\":[{\"@type\":\"ReadAction\",\"target\":[\"https:\\\/\\\/ebfl.at\\\/index.php\\\/en\\\/suedbahn-enginge-shed\\\/list-of-cars\\\/\"]}]},{\"@type\":\"BreadcrumbList\",\"@id\":\"https:\\\/\\\/ebfl.at\\\/index.php\\\/en\\\/suedbahn-enginge-shed\\\/list-of-cars\\\/#breadcrumb\",\"itemListElement\":[{\"@type\":\"ListItem\",\"position\":1,\"name\":\"Startseite\",\"item\":\"https:\\\/\\\/ebfl.at\\\/\"},{\"@type\":\"ListItem\",\"position\":2,\"name\":\"S\u00fcdbahn Heizhaus\",\"item\":\"https:\\\/\\\/ebfl.at\\\/index.php\\\/en\\\/suedbahn-enginge-shed\\\/\"},{\"@type\":\"ListItem\",\"position\":3,\"name\":\"List of vehicles\"}]},{\"@type\":\"WebSite\",\"@id\":\"https:\\\/\\\/ebfl.at\\\/#website\",\"url\":\"https:\\\/\\\/ebfl.at\\\/\",\"name\":\"EBFL Eisenbahnfreunde Lienz\",\"description\":\"Verein der Eisenbahnfreunde in Lienz\",\"publisher\":{\"@id\":\"https:\\\/\\\/ebfl.at\\\/#organization\"},\"potentialAction\":[{\"@type\":\"SearchAction\",\"target\":{\"@type\":\"EntryPoint\",\"urlTemplate\":\"https:\\\/\\\/ebfl.at\\\/?s={search_term_string}\"},\"query-input\":{\"@type\":\"PropertyValueSpecification\",\"valueRequired\":true,\"valueName\":\"search_term_string\"}}],\"inLanguage\":\"de\"},{\"@type\":\"Organization\",\"@id\":\"https:\\\/\\\/ebfl.at\\\/#organization\",\"name\":\"EBFL - Eisenbahnfreunde Lienz\",\"url\":\"https:\\\/\\\/ebfl.at\\\/\",\"logo\":{\"@type\":\"ImageObject\",\"inLanguage\":\"de\",\"@id\":\"https:\\\/\\\/ebfl.at\\\/#\\\/schema\\\/logo\\\/image\\\/\",\"url\":\"https:\\\/\\\/ebfl.at\\\/wp-content\\\/uploads\\\/2019\\\/01\\\/Eisenbahnfreunde-Lienz.jpg\",\"contentUrl\":\"https:\\\/\\\/ebfl.at\\\/wp-content\\\/uploads\\\/2019\\\/01\\\/Eisenbahnfreunde-Lienz.jpg\",\"width\":1087,\"height\":480,\"caption\":\"EBFL - Eisenbahnfreunde Lienz\"},\"image\":{\"@id\":\"https:\\\/\\\/ebfl.at\\\/#\\\/schema\\\/logo\\\/image\\\/\"},\"sameAs\":[\"https:\\\/\\\/www.facebook.com\\\/pages\\\/category\\\/History-Museum\\\/EBFLat-301838060596265\\\/\"]}]}<\/script>\n<!-- \/ Yoast SEO plugin. -->","yoast_head_json":{"title":"List of vehicles - EBFL","robots":{"index":"index","follow":"follow","max-snippet":"max-snippet:-1","max-image-preview":"max-image-preview:large","max-video-preview":"max-video-preview:-1"},"canonical":"https:\/\/ebfl.at\/index.php\/en\/suedbahn-enginge-shed\/list-of-cars\/","og_locale":"de_DE","og_type":"article","og_title":"List of vehicles - EBFL","og_description":"Steam locomotives &#8211; photo Steam locomotive Sulm-B 1, series 32d, year of construction 1907 Steam locomotive SB &#8211; BB\u00d6 629.59 &#8211; \u00d6BB 77.244, year of construction 1927 Steam Locomotive DR 52 3816 \u00d6BB 52.3816 Year of Construction 1944 Electric locomotives &#8211; photo Electric locomotive BB\u00d6 1170.222 &#8211; DR E 45 222 &#8211; \u00d6BB 1245.622 &#8211; [&hellip;]","og_url":"https:\/\/ebfl.at\/index.php\/en\/suedbahn-enginge-shed\/list-of-cars\/","og_site_name":"EBFL","article_publisher":"https:\/\/www.facebook.com\/pages\/category\/History-Museum\/EBFLat-301838060596265\/","article_modified_time":"2021-01-26T13:53:32+00:00","twitter_card":"summary_large_image","twitter_misc":{"Gesch\u00e4tzte Lesezeit":"2\u00a0Minuten"},"schema":{"@context":"https:\/\/schema.org","@graph":[{"@type":"WebPage","@id":"https:\/\/ebfl.at\/index.php\/en\/suedbahn-enginge-shed\/list-of-cars\/","url":"https:\/\/ebfl.at\/index.php\/en\/suedbahn-enginge-shed\/list-of-cars\/","name":"List of vehicles - EBFL","isPartOf":{"@id":"https:\/\/ebfl.at\/#website"},"datePublished":"2019-01-26T14:59:04+00:00","dateModified":"2021-01-26T13:53:32+00:00","breadcrumb":{"@id":"https:\/\/ebfl.at\/index.php\/en\/suedbahn-enginge-shed\/list-of-cars\/#breadcrumb"},"inLanguage":"de","potentialAction":[{"@type":"ReadAction","target":["https:\/\/ebfl.at\/index.php\/en\/suedbahn-enginge-shed\/list-of-cars\/"]}]},{"@type":"BreadcrumbList","@id":"https:\/\/ebfl.at\/index.php\/en\/suedbahn-enginge-shed\/list-of-cars\/#breadcrumb","itemListElement":[{"@type":"ListItem","position":1,"name":"Startseite","item":"https:\/\/ebfl.at\/"},{"@type":"ListItem","position":2,"name":"S\u00fcdbahn Heizhaus","item":"https:\/\/ebfl.at\/index.php\/en\/suedbahn-enginge-shed\/"},{"@type":"ListItem","position":3,"name":"List of vehicles"}]},{"@type":"WebSite","@id":"https:\/\/ebfl.at\/#website","url":"https:\/\/ebfl.at\/","name":"EBFL Eisenbahnfreunde Lienz","description":"Verein der Eisenbahnfreunde in Lienz","publisher":{"@id":"https:\/\/ebfl.at\/#organization"},"potentialAction":[{"@type":"SearchAction","target":{"@type":"EntryPoint","urlTemplate":"https:\/\/ebfl.at\/?s={search_term_string}"},"query-input":{"@type":"PropertyValueSpecification","valueRequired":true,"valueName":"search_term_string"}}],"inLanguage":"de"},{"@type":"Organization","@id":"https:\/\/ebfl.at\/#organization","name":"EBFL - Eisenbahnfreunde Lienz","url":"https:\/\/ebfl.at\/","logo":{"@type":"ImageObject","inLanguage":"de","@id":"https:\/\/ebfl.at\/#\/schema\/logo\/image\/","url":"https:\/\/ebfl.at\/wp-content\/uploads\/2019\/01\/Eisenbahnfreunde-Lienz.jpg","contentUrl":"https:\/\/ebfl.at\/wp-content\/uploads\/2019\/01\/Eisenbahnfreunde-Lienz.jpg","width":1087,"height":480,"caption":"EBFL - Eisenbahnfreunde Lienz"},"image":{"@id":"https:\/\/ebfl.at\/#\/schema\/logo\/image\/"},"sameAs":["https:\/\/www.facebook.com\/pages\/category\/History-Museum\/EBFLat-301838060596265\/"]}]}},"_links":{"self":[{"href":"https:\/\/ebfl.at\/index.php\/wp-json\/wp\/v2\/pages\/347","targetHints":{"allow":["GET"]}}],"collection":[{"href":"https:\/\/ebfl.at\/index.php\/wp-json\/wp\/v2\/pages"}],"about":[{"href":"https:\/\/ebfl.at\/index.php\/wp-json\/wp\/v2\/types\/page"}],"author":[{"embeddable":true,"href":"https:\/\/ebfl.at\/index.php\/wp-json\/wp\/v2\/users\/1"}],"replies":[{"embeddable":true,"href":"https:\/\/ebfl.at\/index.php\/wp-json\/wp\/v2\/comments?post=347"}],"version-history":[{"count":8,"href":"https:\/\/ebfl.at\/index.php\/wp-json\/wp\/v2\/pages\/347\/revisions"}],"predecessor-version":[{"id":2504,"href":"https:\/\/ebfl.at\/index.php\/wp-json\/wp\/v2\/pages\/347\/revisions\/2504"}],"up":[{"embeddable":true,"href":"https:\/\/ebfl.at\/index.php\/wp-json\/wp\/v2\/pages\/88"}],"wp:attachment":[{"href":"https:\/\/ebfl.at\/index.php\/wp-json\/wp\/v2\/media?parent=347"}],"curies":[{"name":"wp","href":"https:\/\/api.w.org\/{rel}","templated":true}]}}