{"id":355,"date":"2019-01-26T16:02:45","date_gmt":"2019-01-26T15:02:45","guid":{"rendered":"https:\/\/wp.ebfl.at\/?page_id=355"},"modified":"2020-03-05T15:23:15","modified_gmt":"2020-03-05T14:23:15","slug":"articoli-per-appassionati","status":"publish","type":"page","link":"https:\/\/ebfl.at\/index.php\/it\/club\/articoli-per-appassionati\/","title":{"rendered":"articoli per appassionati"},"content":{"rendered":"\n<figure class=\"wp-block-gallery columns-3 is-cropped wp-block-gallery-1 is-layout-flex wp-block-gallery-is-layout-flex\"><ul class=\"blocks-gallery-grid\"><li class=\"blocks-gallery-item\"><figure><img loading=\"lazy\" decoding=\"async\" width=\"700\" height=\"869\" src=\"https:\/\/wp.ebfl.at\/wp-content\/uploads\/2019\/03\/20180916_144443-1.png\" alt=\"\" data-id=\"1255\" data-link=\"https:\/\/wp.ebfl.at\/index.php\/club\/articoli-per-appassionati\/20180916_144443-3\/\" class=\"wp-image-1255\" srcset=\"https:\/\/ebfl.at\/wp-content\/uploads\/2019\/03\/20180916_144443-1.png 700w, https:\/\/ebfl.at\/wp-content\/uploads\/2019\/03\/20180916_144443-1-242x300.png 242w\" sizes=\"auto, (max-width: 700px) 100vw, 700px\" \/><figcaption class=\"blocks-gallery-item__caption\">Maglietta Bambini<\/figcaption><\/figure><\/li><li class=\"blocks-gallery-item\"><figure><img loading=\"lazy\" decoding=\"async\" width=\"733\" height=\"1024\" src=\"https:\/\/wp.ebfl.at\/wp-content\/uploads\/2019\/03\/DSC_6998-733x1024.png\" alt=\"\" data-id=\"1257\" data-link=\"https:\/\/wp.ebfl.at\/index.php\/club\/articoli-per-appassionati\/dsc_6998\/\" class=\"wp-image-1257\" srcset=\"https:\/\/ebfl.at\/wp-content\/uploads\/2019\/03\/DSC_6998-733x1024.png 733w, https:\/\/ebfl.at\/wp-content\/uploads\/2019\/03\/DSC_6998-215x300.png 215w, https:\/\/ebfl.at\/wp-content\/uploads\/2019\/03\/DSC_6998-768x1073.png 768w, https:\/\/ebfl.at\/wp-content\/uploads\/2019\/03\/DSC_6998.png 1500w\" sizes=\"auto, (max-width: 733px) 100vw, 733px\" \/><figcaption class=\"blocks-gallery-item__caption\">Maglietta e <br\/>cappuccio a scudo<\/figcaption><\/figure><\/li><li class=\"blocks-gallery-item\"><figure><img loading=\"lazy\" decoding=\"async\" width=\"930\" height=\"1024\" src=\"https:\/\/wp.ebfl.at\/wp-content\/uploads\/2019\/03\/DSC_6984-930x1024.png\" alt=\"\" data-id=\"1258\" data-link=\"https:\/\/wp.ebfl.at\/index.php\/club\/articoli-per-appassionati\/dsc_6984\/\" class=\"wp-image-1258\" srcset=\"https:\/\/ebfl.at\/wp-content\/uploads\/2019\/03\/DSC_6984-930x1024.png 930w, https:\/\/ebfl.at\/wp-content\/uploads\/2019\/03\/DSC_6984-272x300.png 272w, https:\/\/ebfl.at\/wp-content\/uploads\/2019\/03\/DSC_6984-768x846.png 768w, https:\/\/ebfl.at\/wp-content\/uploads\/2019\/03\/DSC_6984.png 1500w\" sizes=\"auto, (max-width: 930px) 100vw, 930px\" \/><figcaption class=\"blocks-gallery-item__caption\">Polo<\/figcaption><\/figure><\/li><li class=\"blocks-gallery-item\"><figure><img loading=\"lazy\" decoding=\"async\" width=\"700\" height=\"551\" src=\"https:\/\/wp.ebfl.at\/wp-content\/uploads\/2019\/03\/Kinder-Schildkappe.png\" alt=\"\" data-id=\"1259\" data-link=\"https:\/\/wp.ebfl.at\/index.php\/club\/articoli-per-appassionati\/kinder-schildkappe\/\" class=\"wp-image-1259\" srcset=\"https:\/\/ebfl.at\/wp-content\/uploads\/2019\/03\/Kinder-Schildkappe.png 700w, https:\/\/ebfl.at\/wp-content\/uploads\/2019\/03\/Kinder-Schildkappe-300x236.png 300w\" sizes=\"auto, (max-width: 700px) 100vw, 700px\" \/><figcaption class=\"blocks-gallery-item__caption\">Cappuccio a scudo Bambini<\/figcaption><\/figure><\/li><li class=\"blocks-gallery-item\"><figure><img loading=\"lazy\" decoding=\"async\" width=\"700\" height=\"574\" src=\"https:\/\/wp.ebfl.at\/wp-content\/uploads\/2019\/03\/Schirm.png\" alt=\"\" data-id=\"1260\" data-link=\"https:\/\/wp.ebfl.at\/index.php\/club\/articoli-per-appassionati\/schirm\/\" class=\"wp-image-1260\" srcset=\"https:\/\/ebfl.at\/wp-content\/uploads\/2019\/03\/Schirm.png 700w, https:\/\/ebfl.at\/wp-content\/uploads\/2019\/03\/Schirm-300x246.png 300w\" sizes=\"auto, (max-width: 700px) 100vw, 700px\" \/><figcaption class=\"blocks-gallery-item__caption\">Ombrello<\/figcaption><\/figure><\/li><\/ul><\/figure>\n\n\n\n<p class=\"has-text-color has-medium-font-size has-vivid-red-color\"><strong>Prezzi<\/strong><\/p>\n\n\n\n<p class=\"has-text-color has-background has-very-light-gray-color has-vivid-red-background-color\"><strong>Maglietta Bambini, Maglietta e Polo sono 100 % cottone con logo ricamato<\/strong><\/p>\n\n\n\n<p><br><\/p>\n\n\n\n<figure class=\"wp-block-table\"><table class=\"\"><tbody><tr><td> Maglietta Bambini  <\/td><td>  104, 116, 128,140 <\/td><td>\u20ac 18,00<\/td><\/tr><tr><td> Maglietta <\/td><td> SX, S, M, L, XL, XXL <\/td><td>\u20ac 25,00<\/td><\/tr><tr><td> Polo  <\/td><td> L, XL, 2XL, 3XL <\/td><td>\u20ac 30,00<\/td><\/tr><tr><td> Cappuccio a scudo Bambini  <\/td><td>  rosso <\/td><td>\u20ac 12,00<\/td><\/tr><tr><td> Cappuccio a scudo  <\/td><td> nero<\/td><td>\u20ac 22,00<\/td><\/tr><tr><td> Ombrello         <\/td><td><\/td><td>\u20ac 20,00<\/td><\/tr><\/tbody><\/table><\/figure>\n\n\n\n<p class=\"has-background has-very-light-gray-background-color\">Gli articoli possono essere acquistati durante gli orari di apertura nel S\u00fcdbahn Deposito.<br>\u00c8 possibile anche l&#8217;invio per posta (pi\u00f9 le spese di spedizione). Email: <a href=\"mailto:kontakt@ebfl.at\">kontakt@<\/a><a href=\"http:\/\/mail to:kontakt@ebfl.at\">ebfl.at<\/a><\/p>\n\n\n\n<p><br><\/p>\n","protected":false},"excerpt":{"rendered":"<p>Prezzi Maglietta Bambini, Maglietta e Polo sono 100 % cottone con logo ricamato Maglietta Bambini 104, 116, 128,140 \u20ac 18,00 Maglietta SX, S, M, L, XL, XXL \u20ac 25,00 Polo L, XL, 2XL, 3XL \u20ac 30,00 Cappuccio a scudo Bambini rosso \u20ac 12,00 Cappuccio a scudo nero \u20ac 22,00 Ombrello \u20ac 20,00 Gli articoli possono [&hellip;]<\/p>\n","protected":false},"author":1,"featured_media":0,"parent":95,"menu_order":0,"comment_status":"closed","ping_status":"closed","template":"","meta":{"footnotes":""},"class_list":["post-355","page","type-page","status-publish","hentry"],"yoast_head":"<!-- This site is optimized with the Yoast SEO plugin v27.4 - https:\/\/yoast.com\/product\/yoast-seo-wordpress\/ -->\n<title>articoli per appassionati - EBFL<\/title>\n<meta name=\"robots\" content=\"index, follow, max-snippet:-1, max-image-preview:large, max-video-preview:-1\" \/>\n<link rel=\"canonical\" href=\"https:\/\/ebfl.at\/index.php\/it\/club\/articoli-per-appassionati\/\" \/>\n<meta property=\"og:locale\" content=\"de_DE\" \/>\n<meta property=\"og:type\" content=\"article\" \/>\n<meta property=\"og:title\" content=\"articoli per appassionati - EBFL\" \/>\n<meta property=\"og:description\" content=\"Prezzi Maglietta Bambini, Maglietta e Polo sono 100 % cottone con logo ricamato Maglietta Bambini 104, 116, 128,140 \u20ac 18,00 Maglietta SX, S, M, L, XL, XXL \u20ac 25,00 Polo L, XL, 2XL, 3XL \u20ac 30,00 Cappuccio a scudo Bambini rosso \u20ac 12,00 Cappuccio a scudo nero \u20ac 22,00 Ombrello \u20ac 20,00 Gli articoli possono [&hellip;]\" \/>\n<meta property=\"og:url\" content=\"https:\/\/ebfl.at\/index.php\/it\/club\/articoli-per-appassionati\/\" \/>\n<meta property=\"og:site_name\" content=\"EBFL\" \/>\n<meta property=\"article:publisher\" content=\"https:\/\/www.facebook.com\/pages\/category\/History-Museum\/EBFLat-301838060596265\/\" \/>\n<meta property=\"article:modified_time\" content=\"2020-03-05T14:23:15+00:00\" \/>\n<meta property=\"og:image\" content=\"https:\/\/wp.ebfl.at\/wp-content\/uploads\/2019\/03\/20180916_144443-1.png\" \/>\n<meta name=\"twitter:card\" content=\"summary_large_image\" \/>\n<script type=\"application\/ld+json\" class=\"yoast-schema-graph\">{\"@context\":\"https:\\\/\\\/schema.org\",\"@graph\":[{\"@type\":\"WebPage\",\"@id\":\"https:\\\/\\\/ebfl.at\\\/index.php\\\/it\\\/club\\\/articoli-per-appassionati\\\/\",\"url\":\"https:\\\/\\\/ebfl.at\\\/index.php\\\/it\\\/club\\\/articoli-per-appassionati\\\/\",\"name\":\"articoli per appassionati - EBFL\",\"isPartOf\":{\"@id\":\"https:\\\/\\\/ebfl.at\\\/#website\"},\"primaryImageOfPage\":{\"@id\":\"https:\\\/\\\/ebfl.at\\\/index.php\\\/it\\\/club\\\/articoli-per-appassionati\\\/#primaryimage\"},\"image\":{\"@id\":\"https:\\\/\\\/ebfl.at\\\/index.php\\\/it\\\/club\\\/articoli-per-appassionati\\\/#primaryimage\"},\"thumbnailUrl\":\"https:\\\/\\\/wp.ebfl.at\\\/wp-content\\\/uploads\\\/2019\\\/03\\\/20180916_144443-1.png\",\"datePublished\":\"2019-01-26T15:02:45+00:00\",\"dateModified\":\"2020-03-05T14:23:15+00:00\",\"breadcrumb\":{\"@id\":\"https:\\\/\\\/ebfl.at\\\/index.php\\\/it\\\/club\\\/articoli-per-appassionati\\\/#breadcrumb\"},\"inLanguage\":\"de\",\"potentialAction\":[{\"@type\":\"ReadAction\",\"target\":[\"https:\\\/\\\/ebfl.at\\\/index.php\\\/it\\\/club\\\/articoli-per-appassionati\\\/\"]}]},{\"@type\":\"ImageObject\",\"inLanguage\":\"de\",\"@id\":\"https:\\\/\\\/ebfl.at\\\/index.php\\\/it\\\/club\\\/articoli-per-appassionati\\\/#primaryimage\",\"url\":\"https:\\\/\\\/wp.ebfl.at\\\/wp-content\\\/uploads\\\/2019\\\/03\\\/20180916_144443-1.png\",\"contentUrl\":\"https:\\\/\\\/wp.ebfl.at\\\/wp-content\\\/uploads\\\/2019\\\/03\\\/20180916_144443-1.png\"},{\"@type\":\"BreadcrumbList\",\"@id\":\"https:\\\/\\\/ebfl.at\\\/index.php\\\/it\\\/club\\\/articoli-per-appassionati\\\/#breadcrumb\",\"itemListElement\":[{\"@type\":\"ListItem\",\"position\":1,\"name\":\"Startseite\",\"item\":\"https:\\\/\\\/ebfl.at\\\/\"},{\"@type\":\"ListItem\",\"position\":2,\"name\":\"Club\",\"item\":\"https:\\\/\\\/ebfl.at\\\/index.php\\\/it\\\/club\\\/\"},{\"@type\":\"ListItem\",\"position\":3,\"name\":\"articoli per appassionati\"}]},{\"@type\":\"WebSite\",\"@id\":\"https:\\\/\\\/ebfl.at\\\/#website\",\"url\":\"https:\\\/\\\/ebfl.at\\\/\",\"name\":\"EBFL Eisenbahnfreunde Lienz\",\"description\":\"Verein der Eisenbahnfreunde in Lienz\",\"publisher\":{\"@id\":\"https:\\\/\\\/ebfl.at\\\/#organization\"},\"potentialAction\":[{\"@type\":\"SearchAction\",\"target\":{\"@type\":\"EntryPoint\",\"urlTemplate\":\"https:\\\/\\\/ebfl.at\\\/?s={search_term_string}\"},\"query-input\":{\"@type\":\"PropertyValueSpecification\",\"valueRequired\":true,\"valueName\":\"search_term_string\"}}],\"inLanguage\":\"de\"},{\"@type\":\"Organization\",\"@id\":\"https:\\\/\\\/ebfl.at\\\/#organization\",\"name\":\"EBFL - Eisenbahnfreunde Lienz\",\"url\":\"https:\\\/\\\/ebfl.at\\\/\",\"logo\":{\"@type\":\"ImageObject\",\"inLanguage\":\"de\",\"@id\":\"https:\\\/\\\/ebfl.at\\\/#\\\/schema\\\/logo\\\/image\\\/\",\"url\":\"https:\\\/\\\/ebfl.at\\\/wp-content\\\/uploads\\\/2019\\\/01\\\/Eisenbahnfreunde-Lienz.jpg\",\"contentUrl\":\"https:\\\/\\\/ebfl.at\\\/wp-content\\\/uploads\\\/2019\\\/01\\\/Eisenbahnfreunde-Lienz.jpg\",\"width\":1087,\"height\":480,\"caption\":\"EBFL - Eisenbahnfreunde Lienz\"},\"image\":{\"@id\":\"https:\\\/\\\/ebfl.at\\\/#\\\/schema\\\/logo\\\/image\\\/\"},\"sameAs\":[\"https:\\\/\\\/www.facebook.com\\\/pages\\\/category\\\/History-Museum\\\/EBFLat-301838060596265\\\/\"]}]}<\/script>\n<!-- \/ Yoast SEO plugin. -->","yoast_head_json":{"title":"articoli per appassionati - EBFL","robots":{"index":"index","follow":"follow","max-snippet":"max-snippet:-1","max-image-preview":"max-image-preview:large","max-video-preview":"max-video-preview:-1"},"canonical":"https:\/\/ebfl.at\/index.php\/it\/club\/articoli-per-appassionati\/","og_locale":"de_DE","og_type":"article","og_title":"articoli per appassionati - EBFL","og_description":"Prezzi Maglietta Bambini, Maglietta e Polo sono 100 % cottone con logo ricamato Maglietta Bambini 104, 116, 128,140 \u20ac 18,00 Maglietta SX, S, M, L, XL, XXL \u20ac 25,00 Polo L, XL, 2XL, 3XL \u20ac 30,00 Cappuccio a scudo Bambini rosso \u20ac 12,00 Cappuccio a scudo nero \u20ac 22,00 Ombrello \u20ac 20,00 Gli articoli possono [&hellip;]","og_url":"https:\/\/ebfl.at\/index.php\/it\/club\/articoli-per-appassionati\/","og_site_name":"EBFL","article_publisher":"https:\/\/www.facebook.com\/pages\/category\/History-Museum\/EBFLat-301838060596265\/","article_modified_time":"2020-03-05T14:23:15+00:00","og_image":[{"url":"https:\/\/wp.ebfl.at\/wp-content\/uploads\/2019\/03\/20180916_144443-1.png","type":"","width":"","height":""}],"twitter_card":"summary_large_image","schema":{"@context":"https:\/\/schema.org","@graph":[{"@type":"WebPage","@id":"https:\/\/ebfl.at\/index.php\/it\/club\/articoli-per-appassionati\/","url":"https:\/\/ebfl.at\/index.php\/it\/club\/articoli-per-appassionati\/","name":"articoli per appassionati - EBFL","isPartOf":{"@id":"https:\/\/ebfl.at\/#website"},"primaryImageOfPage":{"@id":"https:\/\/ebfl.at\/index.php\/it\/club\/articoli-per-appassionati\/#primaryimage"},"image":{"@id":"https:\/\/ebfl.at\/index.php\/it\/club\/articoli-per-appassionati\/#primaryimage"},"thumbnailUrl":"https:\/\/wp.ebfl.at\/wp-content\/uploads\/2019\/03\/20180916_144443-1.png","datePublished":"2019-01-26T15:02:45+00:00","dateModified":"2020-03-05T14:23:15+00:00","breadcrumb":{"@id":"https:\/\/ebfl.at\/index.php\/it\/club\/articoli-per-appassionati\/#breadcrumb"},"inLanguage":"de","potentialAction":[{"@type":"ReadAction","target":["https:\/\/ebfl.at\/index.php\/it\/club\/articoli-per-appassionati\/"]}]},{"@type":"ImageObject","inLanguage":"de","@id":"https:\/\/ebfl.at\/index.php\/it\/club\/articoli-per-appassionati\/#primaryimage","url":"https:\/\/wp.ebfl.at\/wp-content\/uploads\/2019\/03\/20180916_144443-1.png","contentUrl":"https:\/\/wp.ebfl.at\/wp-content\/uploads\/2019\/03\/20180916_144443-1.png"},{"@type":"BreadcrumbList","@id":"https:\/\/ebfl.at\/index.php\/it\/club\/articoli-per-appassionati\/#breadcrumb","itemListElement":[{"@type":"ListItem","position":1,"name":"Startseite","item":"https:\/\/ebfl.at\/"},{"@type":"ListItem","position":2,"name":"Club","item":"https:\/\/ebfl.at\/index.php\/it\/club\/"},{"@type":"ListItem","position":3,"name":"articoli per appassionati"}]},{"@type":"WebSite","@id":"https:\/\/ebfl.at\/#website","url":"https:\/\/ebfl.at\/","name":"EBFL Eisenbahnfreunde Lienz","description":"Verein der Eisenbahnfreunde in Lienz","publisher":{"@id":"https:\/\/ebfl.at\/#organization"},"potentialAction":[{"@type":"SearchAction","target":{"@type":"EntryPoint","urlTemplate":"https:\/\/ebfl.at\/?s={search_term_string}"},"query-input":{"@type":"PropertyValueSpecification","valueRequired":true,"valueName":"search_term_string"}}],"inLanguage":"de"},{"@type":"Organization","@id":"https:\/\/ebfl.at\/#organization","name":"EBFL - Eisenbahnfreunde Lienz","url":"https:\/\/ebfl.at\/","logo":{"@type":"ImageObject","inLanguage":"de","@id":"https:\/\/ebfl.at\/#\/schema\/logo\/image\/","url":"https:\/\/ebfl.at\/wp-content\/uploads\/2019\/01\/Eisenbahnfreunde-Lienz.jpg","contentUrl":"https:\/\/ebfl.at\/wp-content\/uploads\/2019\/01\/Eisenbahnfreunde-Lienz.jpg","width":1087,"height":480,"caption":"EBFL - Eisenbahnfreunde Lienz"},"image":{"@id":"https:\/\/ebfl.at\/#\/schema\/logo\/image\/"},"sameAs":["https:\/\/www.facebook.com\/pages\/category\/History-Museum\/EBFLat-301838060596265\/"]}]}},"_links":{"self":[{"href":"https:\/\/ebfl.at\/index.php\/wp-json\/wp\/v2\/pages\/355","targetHints":{"allow":["GET"]}}],"collection":[{"href":"https:\/\/ebfl.at\/index.php\/wp-json\/wp\/v2\/pages"}],"about":[{"href":"https:\/\/ebfl.at\/index.php\/wp-json\/wp\/v2\/types\/page"}],"author":[{"embeddable":true,"href":"https:\/\/ebfl.at\/index.php\/wp-json\/wp\/v2\/users\/1"}],"replies":[{"embeddable":true,"href":"https:\/\/ebfl.at\/index.php\/wp-json\/wp\/v2\/comments?post=355"}],"version-history":[{"count":11,"href":"https:\/\/ebfl.at\/index.php\/wp-json\/wp\/v2\/pages\/355\/revisions"}],"predecessor-version":[{"id":2041,"href":"https:\/\/ebfl.at\/index.php\/wp-json\/wp\/v2\/pages\/355\/revisions\/2041"}],"up":[{"embeddable":true,"href":"https:\/\/ebfl.at\/index.php\/wp-json\/wp\/v2\/pages\/95"}],"wp:attachment":[{"href":"https:\/\/ebfl.at\/index.php\/wp-json\/wp\/v2\/media?parent=355"}],"curies":[{"name":"wp","href":"https:\/\/api.w.org\/{rel}","templated":true}]}}