{"id":3998,"date":"2023-12-27T18:36:28","date_gmt":"2023-12-27T17:36:28","guid":{"rendered":"https:\/\/ebfl.at\/?page_id=3998"},"modified":"2023-12-27T18:36:28","modified_gmt":"2023-12-27T17:36:28","slug":"woerthersee-it","status":"publish","type":"page","link":"https:\/\/ebfl.at\/index.php\/woerthersee-it\/","title":{"rendered":"W\u00f6rthersee it"},"content":{"rendered":"\n<p><strong>Lago W\u00f6rthersee<\/strong><\/p>\n\n\n\n<p>5.10.2024 Gita di un giorno<\/p>\n\n\n\n<p>Il lago W\u00f6rthersee esercita da sempre un&#8217;attrazione molto particolare sui suoi visitatori. Con i suoi 19,39 km\u00b2 e una lunghezza di 16,5 km, \u00e8 il lago pi\u00f9 grande e pi\u00f9 importante della Carinzia. Via Spittal\/Millst\u00e4ttersee, Ossiachersee e Klagenfurt fino a Krumpendorf. Cambio sulle barche della navigazione del W\u00f6rthersee, che ci porteranno fino a Velden. Da l\u00ec si torna a Lienz nel pomeriggio.<\/p>\n\n\n\n<p><strong>Ulteriori informazioni in arrivo<\/strong><\/p>\n","protected":false},"excerpt":{"rendered":"<p>Lago W\u00f6rthersee 5.10.2024 Gita di un giorno Il lago W\u00f6rthersee esercita da sempre un&#8217;attrazione molto particolare sui suoi visitatori. Con i suoi 19,39 km\u00b2 e una lunghezza di 16,5 km, \u00e8 il lago pi\u00f9 grande e pi\u00f9 importante della Carinzia. Via Spittal\/Millst\u00e4ttersee, Ossiachersee e Klagenfurt fino a Krumpendorf. Cambio sulle barche della navigazione del W\u00f6rthersee, [&hellip;]<\/p>\n","protected":false},"author":2,"featured_media":0,"parent":0,"menu_order":0,"comment_status":"closed","ping_status":"closed","template":"","meta":{"footnotes":""},"class_list":["post-3998","page","type-page","status-publish","hentry"],"yoast_head":"<!-- This site is optimized with the Yoast SEO plugin v27.4 - https:\/\/yoast.com\/product\/yoast-seo-wordpress\/ -->\n<title>W\u00f6rthersee it - EBFL<\/title>\n<meta name=\"robots\" content=\"index, follow, max-snippet:-1, max-image-preview:large, max-video-preview:-1\" \/>\n<link rel=\"canonical\" href=\"https:\/\/ebfl.at\/index.php\/woerthersee-it\/\" \/>\n<meta property=\"og:locale\" content=\"de_DE\" \/>\n<meta property=\"og:type\" content=\"article\" \/>\n<meta property=\"og:title\" content=\"W\u00f6rthersee it - EBFL\" \/>\n<meta property=\"og:description\" content=\"Lago W\u00f6rthersee 5.10.2024 Gita di un giorno Il lago W\u00f6rthersee esercita da sempre un&#8217;attrazione molto particolare sui suoi visitatori. Con i suoi 19,39 km\u00b2 e una lunghezza di 16,5 km, \u00e8 il lago pi\u00f9 grande e pi\u00f9 importante della Carinzia. Via Spittal\/Millst\u00e4ttersee, Ossiachersee e Klagenfurt fino a Krumpendorf. Cambio sulle barche della navigazione del W\u00f6rthersee, [&hellip;]\" \/>\n<meta property=\"og:url\" content=\"https:\/\/ebfl.at\/index.php\/woerthersee-it\/\" \/>\n<meta property=\"og:site_name\" content=\"EBFL\" \/>\n<meta property=\"article:publisher\" content=\"https:\/\/www.facebook.com\/pages\/category\/History-Museum\/EBFLat-301838060596265\/\" \/>\n<meta name=\"twitter:card\" content=\"summary_large_image\" \/>\n<meta name=\"twitter:label1\" content=\"Gesch\u00e4tzte Lesezeit\" \/>\n\t<meta name=\"twitter:data1\" content=\"1\u00a0Minute\" \/>\n<script type=\"application\/ld+json\" class=\"yoast-schema-graph\">{\"@context\":\"https:\\\/\\\/schema.org\",\"@graph\":[{\"@type\":\"WebPage\",\"@id\":\"https:\\\/\\\/ebfl.at\\\/index.php\\\/woerthersee-it\\\/\",\"url\":\"https:\\\/\\\/ebfl.at\\\/index.php\\\/woerthersee-it\\\/\",\"name\":\"W\u00f6rthersee it - EBFL\",\"isPartOf\":{\"@id\":\"https:\\\/\\\/ebfl.at\\\/#website\"},\"datePublished\":\"2023-12-27T17:36:28+00:00\",\"breadcrumb\":{\"@id\":\"https:\\\/\\\/ebfl.at\\\/index.php\\\/woerthersee-it\\\/#breadcrumb\"},\"inLanguage\":\"de\",\"potentialAction\":[{\"@type\":\"ReadAction\",\"target\":[\"https:\\\/\\\/ebfl.at\\\/index.php\\\/woerthersee-it\\\/\"]}]},{\"@type\":\"BreadcrumbList\",\"@id\":\"https:\\\/\\\/ebfl.at\\\/index.php\\\/woerthersee-it\\\/#breadcrumb\",\"itemListElement\":[{\"@type\":\"ListItem\",\"position\":1,\"name\":\"Startseite\",\"item\":\"https:\\\/\\\/ebfl.at\\\/\"},{\"@type\":\"ListItem\",\"position\":2,\"name\":\"W\u00f6rthersee it\"}]},{\"@type\":\"WebSite\",\"@id\":\"https:\\\/\\\/ebfl.at\\\/#website\",\"url\":\"https:\\\/\\\/ebfl.at\\\/\",\"name\":\"EBFL Eisenbahnfreunde Lienz\",\"description\":\"Verein der Eisenbahnfreunde in Lienz\",\"publisher\":{\"@id\":\"https:\\\/\\\/ebfl.at\\\/#organization\"},\"potentialAction\":[{\"@type\":\"SearchAction\",\"target\":{\"@type\":\"EntryPoint\",\"urlTemplate\":\"https:\\\/\\\/ebfl.at\\\/?s={search_term_string}\"},\"query-input\":{\"@type\":\"PropertyValueSpecification\",\"valueRequired\":true,\"valueName\":\"search_term_string\"}}],\"inLanguage\":\"de\"},{\"@type\":\"Organization\",\"@id\":\"https:\\\/\\\/ebfl.at\\\/#organization\",\"name\":\"EBFL - Eisenbahnfreunde Lienz\",\"url\":\"https:\\\/\\\/ebfl.at\\\/\",\"logo\":{\"@type\":\"ImageObject\",\"inLanguage\":\"de\",\"@id\":\"https:\\\/\\\/ebfl.at\\\/#\\\/schema\\\/logo\\\/image\\\/\",\"url\":\"https:\\\/\\\/ebfl.at\\\/wp-content\\\/uploads\\\/2019\\\/01\\\/Eisenbahnfreunde-Lienz.jpg\",\"contentUrl\":\"https:\\\/\\\/ebfl.at\\\/wp-content\\\/uploads\\\/2019\\\/01\\\/Eisenbahnfreunde-Lienz.jpg\",\"width\":1087,\"height\":480,\"caption\":\"EBFL - Eisenbahnfreunde Lienz\"},\"image\":{\"@id\":\"https:\\\/\\\/ebfl.at\\\/#\\\/schema\\\/logo\\\/image\\\/\"},\"sameAs\":[\"https:\\\/\\\/www.facebook.com\\\/pages\\\/category\\\/History-Museum\\\/EBFLat-301838060596265\\\/\"]}]}<\/script>\n<!-- \/ Yoast SEO plugin. -->","yoast_head_json":{"title":"W\u00f6rthersee it - EBFL","robots":{"index":"index","follow":"follow","max-snippet":"max-snippet:-1","max-image-preview":"max-image-preview:large","max-video-preview":"max-video-preview:-1"},"canonical":"https:\/\/ebfl.at\/index.php\/woerthersee-it\/","og_locale":"de_DE","og_type":"article","og_title":"W\u00f6rthersee it - EBFL","og_description":"Lago W\u00f6rthersee 5.10.2024 Gita di un giorno Il lago W\u00f6rthersee esercita da sempre un&#8217;attrazione molto particolare sui suoi visitatori. Con i suoi 19,39 km\u00b2 e una lunghezza di 16,5 km, \u00e8 il lago pi\u00f9 grande e pi\u00f9 importante della Carinzia. Via Spittal\/Millst\u00e4ttersee, Ossiachersee e Klagenfurt fino a Krumpendorf. Cambio sulle barche della navigazione del W\u00f6rthersee, [&hellip;]","og_url":"https:\/\/ebfl.at\/index.php\/woerthersee-it\/","og_site_name":"EBFL","article_publisher":"https:\/\/www.facebook.com\/pages\/category\/History-Museum\/EBFLat-301838060596265\/","twitter_card":"summary_large_image","twitter_misc":{"Gesch\u00e4tzte Lesezeit":"1\u00a0Minute"},"schema":{"@context":"https:\/\/schema.org","@graph":[{"@type":"WebPage","@id":"https:\/\/ebfl.at\/index.php\/woerthersee-it\/","url":"https:\/\/ebfl.at\/index.php\/woerthersee-it\/","name":"W\u00f6rthersee it - EBFL","isPartOf":{"@id":"https:\/\/ebfl.at\/#website"},"datePublished":"2023-12-27T17:36:28+00:00","breadcrumb":{"@id":"https:\/\/ebfl.at\/index.php\/woerthersee-it\/#breadcrumb"},"inLanguage":"de","potentialAction":[{"@type":"ReadAction","target":["https:\/\/ebfl.at\/index.php\/woerthersee-it\/"]}]},{"@type":"BreadcrumbList","@id":"https:\/\/ebfl.at\/index.php\/woerthersee-it\/#breadcrumb","itemListElement":[{"@type":"ListItem","position":1,"name":"Startseite","item":"https:\/\/ebfl.at\/"},{"@type":"ListItem","position":2,"name":"W\u00f6rthersee it"}]},{"@type":"WebSite","@id":"https:\/\/ebfl.at\/#website","url":"https:\/\/ebfl.at\/","name":"EBFL Eisenbahnfreunde Lienz","description":"Verein der Eisenbahnfreunde in Lienz","publisher":{"@id":"https:\/\/ebfl.at\/#organization"},"potentialAction":[{"@type":"SearchAction","target":{"@type":"EntryPoint","urlTemplate":"https:\/\/ebfl.at\/?s={search_term_string}"},"query-input":{"@type":"PropertyValueSpecification","valueRequired":true,"valueName":"search_term_string"}}],"inLanguage":"de"},{"@type":"Organization","@id":"https:\/\/ebfl.at\/#organization","name":"EBFL - Eisenbahnfreunde Lienz","url":"https:\/\/ebfl.at\/","logo":{"@type":"ImageObject","inLanguage":"de","@id":"https:\/\/ebfl.at\/#\/schema\/logo\/image\/","url":"https:\/\/ebfl.at\/wp-content\/uploads\/2019\/01\/Eisenbahnfreunde-Lienz.jpg","contentUrl":"https:\/\/ebfl.at\/wp-content\/uploads\/2019\/01\/Eisenbahnfreunde-Lienz.jpg","width":1087,"height":480,"caption":"EBFL - Eisenbahnfreunde Lienz"},"image":{"@id":"https:\/\/ebfl.at\/#\/schema\/logo\/image\/"},"sameAs":["https:\/\/www.facebook.com\/pages\/category\/History-Museum\/EBFLat-301838060596265\/"]}]}},"_links":{"self":[{"href":"https:\/\/ebfl.at\/index.php\/wp-json\/wp\/v2\/pages\/3998","targetHints":{"allow":["GET"]}}],"collection":[{"href":"https:\/\/ebfl.at\/index.php\/wp-json\/wp\/v2\/pages"}],"about":[{"href":"https:\/\/ebfl.at\/index.php\/wp-json\/wp\/v2\/types\/page"}],"author":[{"embeddable":true,"href":"https:\/\/ebfl.at\/index.php\/wp-json\/wp\/v2\/users\/2"}],"replies":[{"embeddable":true,"href":"https:\/\/ebfl.at\/index.php\/wp-json\/wp\/v2\/comments?post=3998"}],"version-history":[{"count":1,"href":"https:\/\/ebfl.at\/index.php\/wp-json\/wp\/v2\/pages\/3998\/revisions"}],"predecessor-version":[{"id":3999,"href":"https:\/\/ebfl.at\/index.php\/wp-json\/wp\/v2\/pages\/3998\/revisions\/3999"}],"wp:attachment":[{"href":"https:\/\/ebfl.at\/index.php\/wp-json\/wp\/v2\/media?parent=3998"}],"curies":[{"name":"wp","href":"https:\/\/api.w.org\/{rel}","templated":true}]}}