{"id":4014,"date":"2023-12-27T19:32:13","date_gmt":"2023-12-27T18:32:13","guid":{"rendered":"https:\/\/ebfl.at\/?page_id=4014"},"modified":"2023-12-27T19:32:13","modified_gmt":"2023-12-27T18:32:13","slug":"sonderausstellung-2023","status":"publish","type":"page","link":"https:\/\/ebfl.at\/index.php\/sonderausstellung-2023\/","title":{"rendered":"Sonderausstellung 2023"},"content":{"rendered":"\n<figure class=\"wp-block-gallery has-nested-images columns-default is-cropped wp-block-gallery-1 is-layout-flex wp-block-gallery-is-layout-flex\">\n<figure class=\"wp-block-image size-large\"><img loading=\"lazy\" decoding=\"async\" width=\"1000\" height=\"666\" data-id=\"3709\" src=\"https:\/\/ebfl.at\/wp-content\/uploads\/2023\/06\/DSC00985_klein.jpg\" alt=\"\" class=\"wp-image-3709\" srcset=\"https:\/\/ebfl.at\/wp-content\/uploads\/2023\/06\/DSC00985_klein.jpg 1000w, https:\/\/ebfl.at\/wp-content\/uploads\/2023\/06\/DSC00985_klein-300x200.jpg 300w, https:\/\/ebfl.at\/wp-content\/uploads\/2023\/06\/DSC00985_klein-768x511.jpg 768w\" sizes=\"auto, (max-width: 1000px) 100vw, 1000px\" \/><figcaption class=\"wp-element-caption\">Ausstellungser\u00f6ffnung<\/figcaption><\/figure>\n\n\n\n<figure class=\"wp-block-image size-large\"><img loading=\"lazy\" decoding=\"async\" width=\"1000\" height=\"667\" data-id=\"3711\" src=\"https:\/\/ebfl.at\/wp-content\/uploads\/2023\/06\/DSC_9078_klein.jpg\" alt=\"\" class=\"wp-image-3711\" srcset=\"https:\/\/ebfl.at\/wp-content\/uploads\/2023\/06\/DSC_9078_klein.jpg 1000w, https:\/\/ebfl.at\/wp-content\/uploads\/2023\/06\/DSC_9078_klein-300x200.jpg 300w, https:\/\/ebfl.at\/wp-content\/uploads\/2023\/06\/DSC_9078_klein-768x512.jpg 768w\" sizes=\"auto, (max-width: 1000px) 100vw, 1000px\" \/><\/figure>\n\n\n\n<figure class=\"wp-block-image size-large\"><img loading=\"lazy\" decoding=\"async\" width=\"1000\" height=\"666\" data-id=\"3713\" src=\"https:\/\/ebfl.at\/wp-content\/uploads\/2023\/06\/DSC00897_klein.jpg\" alt=\"\" class=\"wp-image-3713\" srcset=\"https:\/\/ebfl.at\/wp-content\/uploads\/2023\/06\/DSC00897_klein.jpg 1000w, https:\/\/ebfl.at\/wp-content\/uploads\/2023\/06\/DSC00897_klein-300x200.jpg 300w, https:\/\/ebfl.at\/wp-content\/uploads\/2023\/06\/DSC00897_klein-768x511.jpg 768w\" sizes=\"auto, (max-width: 1000px) 100vw, 1000px\" \/><\/figure>\n\n\n\n<figure class=\"wp-block-image size-large\"><img loading=\"lazy\" decoding=\"async\" width=\"1000\" height=\"646\" data-id=\"3714\" src=\"https:\/\/ebfl.at\/wp-content\/uploads\/2023\/06\/DSC00919_klein.jpg\" alt=\"\" class=\"wp-image-3714\" srcset=\"https:\/\/ebfl.at\/wp-content\/uploads\/2023\/06\/DSC00919_klein.jpg 1000w, https:\/\/ebfl.at\/wp-content\/uploads\/2023\/06\/DSC00919_klein-300x194.jpg 300w, https:\/\/ebfl.at\/wp-content\/uploads\/2023\/06\/DSC00919_klein-768x496.jpg 768w\" sizes=\"auto, (max-width: 1000px) 100vw, 1000px\" \/><figcaption class=\"wp-element-caption\">Hannes Karwza am Saxophon<\/figcaption><\/figure>\n<\/figure>\n\n\n\n<p><\/p>\n\n\n\n<p class=\"has-vivid-red-color has-text-color has-medium-font-size\"><strong>ENTWICKLUNGSGESCHICHTE<br>EISENBAHNMUSEUM S\u00dcDBAHN HEIZHAUS<\/strong><\/p>\n\n\n\n<p>Der Verein der Eisenbahnfreunde in Lienz widmet seine diesj\u00e4hrige Sonderausstellung seiner musealen Entstehungsgeschichte.<\/p>\n\n\n\n<p>Das Museum wurde 2015 feierlich er\u00f6ffnet. Kontinuierlich wurde auch danach an der Qualit\u00e4t des Ausstellungskonzeptes weitergearbeitet.<\/p>\n\n\n\n<p>Die jahrzehntelangen Bem\u00fchungen wurden am 12. Oktober 2022 mit dem Erhalt des \u00d6sterreichischen Museumsg\u00fctesiegels belohnt.<\/p>\n\n\n\n<p><strong>WAS TUN MIT DEM HEIZHAUS?<\/strong> titelte der Osttiroler Bote am 2. Juni 1997 seinen Bericht.<br>Abbruch? Eisenbahnmuseum? Go-Kart-Bahn?<\/p>\n\n\n\n<p>Mit Unterzeichnung des Mietvertrages mit der \u00d6BB im Oktober 1997 \u00fcbernahm der Verein auch die Mammutaufgabe, das Geb\u00e4ude zu sanieren, um so ein technisches Kulturgut zu erhalten. Bei der Er\u00f6ffnungsrede sprach Landeskonservator DI Walter Hauser von einer \u201eKathedrale des Geruchs, des Schwei\u00dfes, der Arbeit und des Ru\u00dfes\u201c und es sei Ziel den Geist des Ortes zu erhalten.<\/p>\n\n\n\n<p>Die ausgestellten Exponate, Zeitungsartikel und Fotos laden auf eine spannende Reise in die Entstehung des Museums ein.<\/p>\n","protected":false},"excerpt":{"rendered":"<p>ENTWICKLUNGSGESCHICHTEEISENBAHNMUSEUM S\u00dcDBAHN HEIZHAUS Der Verein der Eisenbahnfreunde in Lienz widmet seine diesj\u00e4hrige Sonderausstellung seiner musealen Entstehungsgeschichte. Das Museum wurde 2015 feierlich er\u00f6ffnet. Kontinuierlich wurde auch danach an der Qualit\u00e4t des Ausstellungskonzeptes weitergearbeitet. Die jahrzehntelangen Bem\u00fchungen wurden am 12. Oktober 2022 mit dem Erhalt des \u00d6sterreichischen Museumsg\u00fctesiegels belohnt. WAS TUN MIT DEM HEIZHAUS? titelte der Osttiroler [&hellip;]<\/p>\n","protected":false},"author":2,"featured_media":0,"parent":0,"menu_order":0,"comment_status":"closed","ping_status":"closed","template":"","meta":{"footnotes":""},"class_list":["post-4014","page","type-page","status-publish","hentry"],"yoast_head":"<!-- This site is optimized with the Yoast SEO plugin v27.3 - https:\/\/yoast.com\/product\/yoast-seo-wordpress\/ -->\n<title>Sonderausstellung 2023 - EBFL<\/title>\n<meta name=\"robots\" content=\"index, follow, max-snippet:-1, max-image-preview:large, max-video-preview:-1\" \/>\n<link rel=\"canonical\" href=\"https:\/\/ebfl.at\/index.php\/sonderausstellung-2023\/\" \/>\n<meta property=\"og:locale\" content=\"de_DE\" \/>\n<meta property=\"og:type\" content=\"article\" \/>\n<meta property=\"og:title\" content=\"Sonderausstellung 2023 - EBFL\" \/>\n<meta property=\"og:description\" content=\"ENTWICKLUNGSGESCHICHTEEISENBAHNMUSEUM S\u00dcDBAHN HEIZHAUS Der Verein der Eisenbahnfreunde in Lienz widmet seine diesj\u00e4hrige Sonderausstellung seiner musealen Entstehungsgeschichte. Das Museum wurde 2015 feierlich er\u00f6ffnet. Kontinuierlich wurde auch danach an der Qualit\u00e4t des Ausstellungskonzeptes weitergearbeitet. Die jahrzehntelangen Bem\u00fchungen wurden am 12. Oktober 2022 mit dem Erhalt des \u00d6sterreichischen Museumsg\u00fctesiegels belohnt. WAS TUN MIT DEM HEIZHAUS? titelte der Osttiroler [&hellip;]\" \/>\n<meta property=\"og:url\" content=\"https:\/\/ebfl.at\/index.php\/sonderausstellung-2023\/\" \/>\n<meta property=\"og:site_name\" content=\"EBFL\" \/>\n<meta property=\"article:publisher\" content=\"https:\/\/www.facebook.com\/pages\/category\/History-Museum\/EBFLat-301838060596265\/\" \/>\n<meta property=\"og:image\" content=\"https:\/\/ebfl.at\/wp-content\/uploads\/2023\/06\/DSC00985_klein.jpg\" \/>\n<meta name=\"twitter:card\" content=\"summary_large_image\" \/>\n<meta name=\"twitter:label1\" content=\"Gesch\u00e4tzte Lesezeit\" \/>\n\t<meta name=\"twitter:data1\" content=\"2\u00a0Minuten\" \/>\n<script type=\"application\/ld+json\" class=\"yoast-schema-graph\">{\"@context\":\"https:\\\/\\\/schema.org\",\"@graph\":[{\"@type\":\"WebPage\",\"@id\":\"https:\\\/\\\/ebfl.at\\\/index.php\\\/sonderausstellung-2023\\\/\",\"url\":\"https:\\\/\\\/ebfl.at\\\/index.php\\\/sonderausstellung-2023\\\/\",\"name\":\"Sonderausstellung 2023 - EBFL\",\"isPartOf\":{\"@id\":\"https:\\\/\\\/ebfl.at\\\/#website\"},\"primaryImageOfPage\":{\"@id\":\"https:\\\/\\\/ebfl.at\\\/index.php\\\/sonderausstellung-2023\\\/#primaryimage\"},\"image\":{\"@id\":\"https:\\\/\\\/ebfl.at\\\/index.php\\\/sonderausstellung-2023\\\/#primaryimage\"},\"thumbnailUrl\":\"https:\\\/\\\/ebfl.at\\\/wp-content\\\/uploads\\\/2023\\\/06\\\/DSC00985_klein.jpg\",\"datePublished\":\"2023-12-27T18:32:13+00:00\",\"breadcrumb\":{\"@id\":\"https:\\\/\\\/ebfl.at\\\/index.php\\\/sonderausstellung-2023\\\/#breadcrumb\"},\"inLanguage\":\"de\",\"potentialAction\":[{\"@type\":\"ReadAction\",\"target\":[\"https:\\\/\\\/ebfl.at\\\/index.php\\\/sonderausstellung-2023\\\/\"]}]},{\"@type\":\"ImageObject\",\"inLanguage\":\"de\",\"@id\":\"https:\\\/\\\/ebfl.at\\\/index.php\\\/sonderausstellung-2023\\\/#primaryimage\",\"url\":\"https:\\\/\\\/ebfl.at\\\/wp-content\\\/uploads\\\/2023\\\/06\\\/DSC00985_klein.jpg\",\"contentUrl\":\"https:\\\/\\\/ebfl.at\\\/wp-content\\\/uploads\\\/2023\\\/06\\\/DSC00985_klein.jpg\",\"width\":1000,\"height\":666,\"caption\":\"Ausstellungser\u00f6ffnung\"},{\"@type\":\"BreadcrumbList\",\"@id\":\"https:\\\/\\\/ebfl.at\\\/index.php\\\/sonderausstellung-2023\\\/#breadcrumb\",\"itemListElement\":[{\"@type\":\"ListItem\",\"position\":1,\"name\":\"Startseite\",\"item\":\"https:\\\/\\\/ebfl.at\\\/\"},{\"@type\":\"ListItem\",\"position\":2,\"name\":\"Sonderausstellung 2023\"}]},{\"@type\":\"WebSite\",\"@id\":\"https:\\\/\\\/ebfl.at\\\/#website\",\"url\":\"https:\\\/\\\/ebfl.at\\\/\",\"name\":\"EBFL Eisenbahnfreunde Lienz\",\"description\":\"Verein der Eisenbahnfreunde in Lienz\",\"publisher\":{\"@id\":\"https:\\\/\\\/ebfl.at\\\/#organization\"},\"potentialAction\":[{\"@type\":\"SearchAction\",\"target\":{\"@type\":\"EntryPoint\",\"urlTemplate\":\"https:\\\/\\\/ebfl.at\\\/?s={search_term_string}\"},\"query-input\":{\"@type\":\"PropertyValueSpecification\",\"valueRequired\":true,\"valueName\":\"search_term_string\"}}],\"inLanguage\":\"de\"},{\"@type\":\"Organization\",\"@id\":\"https:\\\/\\\/ebfl.at\\\/#organization\",\"name\":\"EBFL - Eisenbahnfreunde Lienz\",\"url\":\"https:\\\/\\\/ebfl.at\\\/\",\"logo\":{\"@type\":\"ImageObject\",\"inLanguage\":\"de\",\"@id\":\"https:\\\/\\\/ebfl.at\\\/#\\\/schema\\\/logo\\\/image\\\/\",\"url\":\"https:\\\/\\\/ebfl.at\\\/wp-content\\\/uploads\\\/2019\\\/01\\\/Eisenbahnfreunde-Lienz.jpg\",\"contentUrl\":\"https:\\\/\\\/ebfl.at\\\/wp-content\\\/uploads\\\/2019\\\/01\\\/Eisenbahnfreunde-Lienz.jpg\",\"width\":1087,\"height\":480,\"caption\":\"EBFL - Eisenbahnfreunde Lienz\"},\"image\":{\"@id\":\"https:\\\/\\\/ebfl.at\\\/#\\\/schema\\\/logo\\\/image\\\/\"},\"sameAs\":[\"https:\\\/\\\/www.facebook.com\\\/pages\\\/category\\\/History-Museum\\\/EBFLat-301838060596265\\\/\"]}]}<\/script>\n<!-- \/ Yoast SEO plugin. -->","yoast_head_json":{"title":"Sonderausstellung 2023 - EBFL","robots":{"index":"index","follow":"follow","max-snippet":"max-snippet:-1","max-image-preview":"max-image-preview:large","max-video-preview":"max-video-preview:-1"},"canonical":"https:\/\/ebfl.at\/index.php\/sonderausstellung-2023\/","og_locale":"de_DE","og_type":"article","og_title":"Sonderausstellung 2023 - EBFL","og_description":"ENTWICKLUNGSGESCHICHTEEISENBAHNMUSEUM S\u00dcDBAHN HEIZHAUS Der Verein der Eisenbahnfreunde in Lienz widmet seine diesj\u00e4hrige Sonderausstellung seiner musealen Entstehungsgeschichte. Das Museum wurde 2015 feierlich er\u00f6ffnet. Kontinuierlich wurde auch danach an der Qualit\u00e4t des Ausstellungskonzeptes weitergearbeitet. Die jahrzehntelangen Bem\u00fchungen wurden am 12. Oktober 2022 mit dem Erhalt des \u00d6sterreichischen Museumsg\u00fctesiegels belohnt. WAS TUN MIT DEM HEIZHAUS? titelte der Osttiroler [&hellip;]","og_url":"https:\/\/ebfl.at\/index.php\/sonderausstellung-2023\/","og_site_name":"EBFL","article_publisher":"https:\/\/www.facebook.com\/pages\/category\/History-Museum\/EBFLat-301838060596265\/","og_image":[{"url":"https:\/\/ebfl.at\/wp-content\/uploads\/2023\/06\/DSC00985_klein.jpg","type":"","width":"","height":""}],"twitter_card":"summary_large_image","twitter_misc":{"Gesch\u00e4tzte Lesezeit":"2\u00a0Minuten"},"schema":{"@context":"https:\/\/schema.org","@graph":[{"@type":"WebPage","@id":"https:\/\/ebfl.at\/index.php\/sonderausstellung-2023\/","url":"https:\/\/ebfl.at\/index.php\/sonderausstellung-2023\/","name":"Sonderausstellung 2023 - EBFL","isPartOf":{"@id":"https:\/\/ebfl.at\/#website"},"primaryImageOfPage":{"@id":"https:\/\/ebfl.at\/index.php\/sonderausstellung-2023\/#primaryimage"},"image":{"@id":"https:\/\/ebfl.at\/index.php\/sonderausstellung-2023\/#primaryimage"},"thumbnailUrl":"https:\/\/ebfl.at\/wp-content\/uploads\/2023\/06\/DSC00985_klein.jpg","datePublished":"2023-12-27T18:32:13+00:00","breadcrumb":{"@id":"https:\/\/ebfl.at\/index.php\/sonderausstellung-2023\/#breadcrumb"},"inLanguage":"de","potentialAction":[{"@type":"ReadAction","target":["https:\/\/ebfl.at\/index.php\/sonderausstellung-2023\/"]}]},{"@type":"ImageObject","inLanguage":"de","@id":"https:\/\/ebfl.at\/index.php\/sonderausstellung-2023\/#primaryimage","url":"https:\/\/ebfl.at\/wp-content\/uploads\/2023\/06\/DSC00985_klein.jpg","contentUrl":"https:\/\/ebfl.at\/wp-content\/uploads\/2023\/06\/DSC00985_klein.jpg","width":1000,"height":666,"caption":"Ausstellungser\u00f6ffnung"},{"@type":"BreadcrumbList","@id":"https:\/\/ebfl.at\/index.php\/sonderausstellung-2023\/#breadcrumb","itemListElement":[{"@type":"ListItem","position":1,"name":"Startseite","item":"https:\/\/ebfl.at\/"},{"@type":"ListItem","position":2,"name":"Sonderausstellung 2023"}]},{"@type":"WebSite","@id":"https:\/\/ebfl.at\/#website","url":"https:\/\/ebfl.at\/","name":"EBFL Eisenbahnfreunde Lienz","description":"Verein der Eisenbahnfreunde in Lienz","publisher":{"@id":"https:\/\/ebfl.at\/#organization"},"potentialAction":[{"@type":"SearchAction","target":{"@type":"EntryPoint","urlTemplate":"https:\/\/ebfl.at\/?s={search_term_string}"},"query-input":{"@type":"PropertyValueSpecification","valueRequired":true,"valueName":"search_term_string"}}],"inLanguage":"de"},{"@type":"Organization","@id":"https:\/\/ebfl.at\/#organization","name":"EBFL - Eisenbahnfreunde Lienz","url":"https:\/\/ebfl.at\/","logo":{"@type":"ImageObject","inLanguage":"de","@id":"https:\/\/ebfl.at\/#\/schema\/logo\/image\/","url":"https:\/\/ebfl.at\/wp-content\/uploads\/2019\/01\/Eisenbahnfreunde-Lienz.jpg","contentUrl":"https:\/\/ebfl.at\/wp-content\/uploads\/2019\/01\/Eisenbahnfreunde-Lienz.jpg","width":1087,"height":480,"caption":"EBFL - Eisenbahnfreunde Lienz"},"image":{"@id":"https:\/\/ebfl.at\/#\/schema\/logo\/image\/"},"sameAs":["https:\/\/www.facebook.com\/pages\/category\/History-Museum\/EBFLat-301838060596265\/"]}]}},"_links":{"self":[{"href":"https:\/\/ebfl.at\/index.php\/wp-json\/wp\/v2\/pages\/4014","targetHints":{"allow":["GET"]}}],"collection":[{"href":"https:\/\/ebfl.at\/index.php\/wp-json\/wp\/v2\/pages"}],"about":[{"href":"https:\/\/ebfl.at\/index.php\/wp-json\/wp\/v2\/types\/page"}],"author":[{"embeddable":true,"href":"https:\/\/ebfl.at\/index.php\/wp-json\/wp\/v2\/users\/2"}],"replies":[{"embeddable":true,"href":"https:\/\/ebfl.at\/index.php\/wp-json\/wp\/v2\/comments?post=4014"}],"version-history":[{"count":1,"href":"https:\/\/ebfl.at\/index.php\/wp-json\/wp\/v2\/pages\/4014\/revisions"}],"predecessor-version":[{"id":4015,"href":"https:\/\/ebfl.at\/index.php\/wp-json\/wp\/v2\/pages\/4014\/revisions\/4015"}],"wp:attachment":[{"href":"https:\/\/ebfl.at\/index.php\/wp-json\/wp\/v2\/media?parent=4014"}],"curies":[{"name":"wp","href":"https:\/\/api.w.org\/{rel}","templated":true}]}}