{"id":4198,"date":"2024-06-02T17:43:46","date_gmt":"2024-06-02T15:43:46","guid":{"rendered":"https:\/\/ebfl.at\/?page_id=4198"},"modified":"2024-06-02T17:54:07","modified_gmt":"2024-06-02T15:54:07","slug":"reisebericht-tirolfahrt-24-und-25-5-2024","status":"publish","type":"page","link":"https:\/\/ebfl.at\/index.php\/reisebericht-tirolfahrt-24-und-25-5-2024\/","title":{"rendered":"Reisebericht Tirolfahrt 24. und 25.5.2024"},"content":{"rendered":"\n<p>Fr\u00fch morgens verlie\u00dfen wir den Bahnhof Lienz. Unsere Fahrt f\u00fchrte uns programmgem\u00e4\u00df \u00fcber Spittal\/Millst\u00e4ttersee, Mallnitz, Schwarzach\/St. Veit weiter \u00fcber die Giselabahn nach Kitzb\u00fchel, W\u00f6rgl und Jenbach, wo es f\u00fcr die Fahrg\u00e4ste hie\u00df &#8211; umsteigen in die Achenseedampfbahn. Der Heizer hatte bei 109 Fahrg\u00e4sten einiges an Kohlen zu schaufeln, um uns nach Seespitz zu bringen.<\/p>\n\n\n\n<p>Mit der &#8222;Tirol&#8220; der Achenseeschifffahrt konnten wir uns bei einer Rundfahrt einen sch\u00f6nen Einblick \u00fcber die Landschaft am Achensee verschaffen. Nach 1 1\/2 Stunden ging es wieder mit dem Dampfzug talw\u00e4rts.<\/p>\n\n\n\n<p>W\u00e4hrend wir uns am Achensee vergn\u00fcgten, machte unser S\u00fcdbahn Express in Begleitung der 1110.505 unserer Vorarlberger Freunde vom Verein Pro Bahn Vorarlberg als Leerzug einen Ausflug Richtung Brenner, zur Freude vieler Fotografen entlang der Strecke. Unsere 1020.18 konnte so ihren 84 Geburtstag w\u00fcrdevoll &#8222;feiern&#8220;.<\/p>\n\n\n\n<p>P\u00fcnktlich nahm uns unser Zug in Jenbach wieder in Empfang und brachte uns nach Innsbruck, wo unsere G\u00e4ste einen feinen Abend  genie\u00dfen konnten.<\/p>\n\n\n\n<p>Samstag, 9:31 h starteten wir zu unserer &#8222;Veteranenfahrt&#8220; &#8211; 1020.18 und 1110.505 &#8211; nach Scharnitz. Hier gesellten sich einige Eisenbahnfans zu unseren Fahrg\u00e4sten aus Osttirol und K\u00e4rnten, sodass der Zug ziemlich voll war. Diese Fahrt war beeindruckend, auch wenn das Wetter nicht ganz mitspielte.<\/p>\n\n\n\n<p>Zur\u00fcck in Innsbruck hie\u00df es wenige Minuten sp\u00e4ter wieder &#8222;Abfahrt nach Lienz&#8220;. Unsere Vorarlberger Freunde begleiteten uns bis Schwarzach\/St. Veit mit ihrer wundersch\u00f6nen 1110.505. Dort trennten wir uns, mit ein bischen Wehmut, aber mit dem Versprechen uns bald wieder zu sehen.<\/p>\n\n\n\n<p>Diese Ausfahrt wird wohl noch lange bei unseren G\u00e4sten, aber auch bei unserem Zug-Team in Erinnerung bleiben. So viele Eindr\u00fccke, so viele sch\u00f6ne Gespr\u00e4che, so viele &#8230;.. Es war einfach nur sch\u00f6n!<\/p>\n\n\n\n<p>DANKE an alle, die diese Fahrt m\u00f6glich gemacht haben!!!!<\/p>\n\n\n\n<figure class=\"wp-block-gallery has-nested-images columns-default is-cropped wp-block-gallery-1 is-layout-flex wp-block-gallery-is-layout-flex\">\n<figure class=\"wp-block-image size-large\"><img loading=\"lazy\" decoding=\"async\" width=\"1024\" height=\"768\" data-id=\"4199\" src=\"https:\/\/ebfl.at\/wp-content\/uploads\/2024\/06\/Gerfried-Moll-1024x768.jpg\" alt=\"Gerfried Moll\" class=\"wp-image-4199\" srcset=\"https:\/\/ebfl.at\/wp-content\/uploads\/2024\/06\/Gerfried-Moll-1024x768.jpg 1024w, https:\/\/ebfl.at\/wp-content\/uploads\/2024\/06\/Gerfried-Moll-300x225.jpg 300w, https:\/\/ebfl.at\/wp-content\/uploads\/2024\/06\/Gerfried-Moll-768x576.jpg 768w, https:\/\/ebfl.at\/wp-content\/uploads\/2024\/06\/Gerfried-Moll.jpg 1200w\" sizes=\"auto, (max-width: 1024px) 100vw, 1024px\" \/><\/figure>\n\n\n\n<figure class=\"wp-block-image size-large\"><img loading=\"lazy\" decoding=\"async\" width=\"1024\" height=\"768\" data-id=\"4200\" src=\"https:\/\/ebfl.at\/wp-content\/uploads\/2024\/06\/Gerfried-Moll_Blutorange-1024x768.jpg\" alt=\"\" class=\"wp-image-4200\" srcset=\"https:\/\/ebfl.at\/wp-content\/uploads\/2024\/06\/Gerfried-Moll_Blutorange-1024x768.jpg 1024w, https:\/\/ebfl.at\/wp-content\/uploads\/2024\/06\/Gerfried-Moll_Blutorange-300x225.jpg 300w, https:\/\/ebfl.at\/wp-content\/uploads\/2024\/06\/Gerfried-Moll_Blutorange-768x576.jpg 768w, https:\/\/ebfl.at\/wp-content\/uploads\/2024\/06\/Gerfried-Moll_Blutorange.jpg 1200w\" sizes=\"auto, (max-width: 1024px) 100vw, 1024px\" \/><\/figure>\n\n\n\n<figure class=\"wp-block-image size-large\"><img loading=\"lazy\" decoding=\"async\" width=\"1024\" height=\"768\" data-id=\"4201\" src=\"https:\/\/ebfl.at\/wp-content\/uploads\/2024\/06\/Gerfried-Moll_Jenbach-1024x768.jpg\" alt=\"\" class=\"wp-image-4201\" srcset=\"https:\/\/ebfl.at\/wp-content\/uploads\/2024\/06\/Gerfried-Moll_Jenbach-1024x768.jpg 1024w, https:\/\/ebfl.at\/wp-content\/uploads\/2024\/06\/Gerfried-Moll_Jenbach-300x225.jpg 300w, https:\/\/ebfl.at\/wp-content\/uploads\/2024\/06\/Gerfried-Moll_Jenbach-768x576.jpg 768w, https:\/\/ebfl.at\/wp-content\/uploads\/2024\/06\/Gerfried-Moll_Jenbach.jpg 1200w\" sizes=\"auto, (max-width: 1024px) 100vw, 1024px\" \/><\/figure>\n\n\n\n<figure class=\"wp-block-image size-large\"><img loading=\"lazy\" decoding=\"async\" width=\"1024\" height=\"768\" data-id=\"4202\" src=\"https:\/\/ebfl.at\/wp-content\/uploads\/2024\/06\/Kurz-vor-Lienz-1024x768.jpg\" alt=\"\" class=\"wp-image-4202\" srcset=\"https:\/\/ebfl.at\/wp-content\/uploads\/2024\/06\/Kurz-vor-Lienz-1024x768.jpg 1024w, https:\/\/ebfl.at\/wp-content\/uploads\/2024\/06\/Kurz-vor-Lienz-300x225.jpg 300w, https:\/\/ebfl.at\/wp-content\/uploads\/2024\/06\/Kurz-vor-Lienz-768x576.jpg 768w, https:\/\/ebfl.at\/wp-content\/uploads\/2024\/06\/Kurz-vor-Lienz.jpg 1280w\" sizes=\"auto, (max-width: 1024px) 100vw, 1024px\" \/><\/figure>\n\n\n\n<figure class=\"wp-block-image size-large\"><img loading=\"lazy\" decoding=\"async\" width=\"1024\" height=\"683\" data-id=\"4203\" src=\"https:\/\/ebfl.at\/wp-content\/uploads\/2024\/06\/Brenner_Chris-Pescher-1024x683.jpg\" alt=\"\" class=\"wp-image-4203\" srcset=\"https:\/\/ebfl.at\/wp-content\/uploads\/2024\/06\/Brenner_Chris-Pescher-1024x683.jpg 1024w, https:\/\/ebfl.at\/wp-content\/uploads\/2024\/06\/Brenner_Chris-Pescher-300x200.jpg 300w, https:\/\/ebfl.at\/wp-content\/uploads\/2024\/06\/Brenner_Chris-Pescher-768x512.jpg 768w, https:\/\/ebfl.at\/wp-content\/uploads\/2024\/06\/Brenner_Chris-Pescher-1536x1024.jpg 1536w, https:\/\/ebfl.at\/wp-content\/uploads\/2024\/06\/Brenner_Chris-Pescher.jpg 2048w\" sizes=\"auto, (max-width: 1024px) 100vw, 1024px\" \/><\/figure>\n\n\n\n<figure class=\"wp-block-image size-large\"><img loading=\"lazy\" decoding=\"async\" width=\"1024\" height=\"683\" data-id=\"4205\" src=\"https:\/\/ebfl.at\/wp-content\/uploads\/2024\/06\/Martin-Kolenig_Innsbruck-Hoetting-1024x683.jpg\" alt=\"\" class=\"wp-image-4205\" srcset=\"https:\/\/ebfl.at\/wp-content\/uploads\/2024\/06\/Martin-Kolenig_Innsbruck-Hoetting-1024x683.jpg 1024w, https:\/\/ebfl.at\/wp-content\/uploads\/2024\/06\/Martin-Kolenig_Innsbruck-Hoetting-300x200.jpg 300w, https:\/\/ebfl.at\/wp-content\/uploads\/2024\/06\/Martin-Kolenig_Innsbruck-Hoetting-768x512.jpg 768w, https:\/\/ebfl.at\/wp-content\/uploads\/2024\/06\/Martin-Kolenig_Innsbruck-Hoetting.jpg 1200w\" sizes=\"auto, (max-width: 1024px) 100vw, 1024px\" \/><\/figure>\n\n\n\n<figure class=\"wp-block-image size-large\"><img loading=\"lazy\" decoding=\"async\" width=\"1024\" height=\"684\" data-id=\"4206\" src=\"https:\/\/ebfl.at\/wp-content\/uploads\/2024\/06\/Martin-Kolenig_Achenseebahn-1024x684.jpg\" alt=\"\" class=\"wp-image-4206\" srcset=\"https:\/\/ebfl.at\/wp-content\/uploads\/2024\/06\/Martin-Kolenig_Achenseebahn-1024x684.jpg 1024w, https:\/\/ebfl.at\/wp-content\/uploads\/2024\/06\/Martin-Kolenig_Achenseebahn-300x200.jpg 300w, https:\/\/ebfl.at\/wp-content\/uploads\/2024\/06\/Martin-Kolenig_Achenseebahn-768x513.jpg 768w, https:\/\/ebfl.at\/wp-content\/uploads\/2024\/06\/Martin-Kolenig_Achenseebahn.jpg 1200w\" sizes=\"auto, (max-width: 1024px) 100vw, 1024px\" \/><\/figure>\n\n\n\n<figure class=\"wp-block-image size-large\"><img loading=\"lazy\" decoding=\"async\" width=\"1024\" height=\"684\" data-id=\"4207\" src=\"https:\/\/ebfl.at\/wp-content\/uploads\/2024\/06\/Martin-Kolenig_Achensee-1024x684.jpg\" alt=\"\" class=\"wp-image-4207\" srcset=\"https:\/\/ebfl.at\/wp-content\/uploads\/2024\/06\/Martin-Kolenig_Achensee-1024x684.jpg 1024w, https:\/\/ebfl.at\/wp-content\/uploads\/2024\/06\/Martin-Kolenig_Achensee-300x200.jpg 300w, https:\/\/ebfl.at\/wp-content\/uploads\/2024\/06\/Martin-Kolenig_Achensee-768x513.jpg 768w, https:\/\/ebfl.at\/wp-content\/uploads\/2024\/06\/Martin-Kolenig_Achensee.jpg 1200w\" sizes=\"auto, (max-width: 1024px) 100vw, 1024px\" \/><\/figure>\n<\/figure>\n\n\n\n<p>Bildrechte:<\/p>\n\n\n\n<p>Bilder 1, 2, 3 und 4: Gerfried Moll<\/p>\n\n\n\n<p>Bild 5: Chris Pescher<\/p>\n\n\n\n<p>Bilder 6, 7 und 8: Martin Kolenig<\/p>\n","protected":false},"excerpt":{"rendered":"<p>Fr\u00fch morgens verlie\u00dfen wir den Bahnhof Lienz. Unsere Fahrt f\u00fchrte uns programmgem\u00e4\u00df \u00fcber Spittal\/Millst\u00e4ttersee, Mallnitz, Schwarzach\/St. Veit weiter \u00fcber die Giselabahn nach Kitzb\u00fchel, W\u00f6rgl und Jenbach, wo es f\u00fcr die Fahrg\u00e4ste hie\u00df &#8211; umsteigen in die Achenseedampfbahn. Der Heizer hatte bei 109 Fahrg\u00e4sten einiges an Kohlen zu schaufeln, um uns nach Seespitz zu bringen. Mit [&hellip;]<\/p>\n","protected":false},"author":2,"featured_media":0,"parent":0,"menu_order":0,"comment_status":"closed","ping_status":"closed","template":"","meta":{"footnotes":""},"class_list":["post-4198","page","type-page","status-publish","hentry"],"yoast_head":"<!-- This site is optimized with the Yoast SEO plugin v27.4 - https:\/\/yoast.com\/product\/yoast-seo-wordpress\/ -->\n<title>Reisebericht Tirolfahrt 24. und 25.5.2024 - EBFL<\/title>\n<meta name=\"robots\" content=\"index, follow, max-snippet:-1, max-image-preview:large, max-video-preview:-1\" \/>\n<link rel=\"canonical\" href=\"https:\/\/ebfl.at\/index.php\/reisebericht-tirolfahrt-24-und-25-5-2024\/\" \/>\n<meta property=\"og:locale\" content=\"de_DE\" \/>\n<meta property=\"og:type\" content=\"article\" \/>\n<meta property=\"og:title\" content=\"Reisebericht Tirolfahrt 24. und 25.5.2024 - EBFL\" \/>\n<meta property=\"og:description\" content=\"Fr\u00fch morgens verlie\u00dfen wir den Bahnhof Lienz. Unsere Fahrt f\u00fchrte uns programmgem\u00e4\u00df \u00fcber Spittal\/Millst\u00e4ttersee, Mallnitz, Schwarzach\/St. Veit weiter \u00fcber die Giselabahn nach Kitzb\u00fchel, W\u00f6rgl und Jenbach, wo es f\u00fcr die Fahrg\u00e4ste hie\u00df &#8211; umsteigen in die Achenseedampfbahn. Der Heizer hatte bei 109 Fahrg\u00e4sten einiges an Kohlen zu schaufeln, um uns nach Seespitz zu bringen. Mit [&hellip;]\" \/>\n<meta property=\"og:url\" content=\"https:\/\/ebfl.at\/index.php\/reisebericht-tirolfahrt-24-und-25-5-2024\/\" \/>\n<meta property=\"og:site_name\" content=\"EBFL\" \/>\n<meta property=\"article:publisher\" content=\"https:\/\/www.facebook.com\/pages\/category\/History-Museum\/EBFLat-301838060596265\/\" \/>\n<meta property=\"article:modified_time\" content=\"2024-06-02T15:54:07+00:00\" \/>\n<meta property=\"og:image\" content=\"https:\/\/ebfl.at\/wp-content\/uploads\/2024\/06\/Gerfried-Moll-1024x768.jpg\" \/>\n<meta name=\"twitter:card\" content=\"summary_large_image\" \/>\n<meta name=\"twitter:label1\" content=\"Gesch\u00e4tzte Lesezeit\" \/>\n\t<meta name=\"twitter:data1\" content=\"4\u00a0Minuten\" \/>\n<script type=\"application\/ld+json\" class=\"yoast-schema-graph\">{\"@context\":\"https:\\\/\\\/schema.org\",\"@graph\":[{\"@type\":\"WebPage\",\"@id\":\"https:\\\/\\\/ebfl.at\\\/index.php\\\/reisebericht-tirolfahrt-24-und-25-5-2024\\\/\",\"url\":\"https:\\\/\\\/ebfl.at\\\/index.php\\\/reisebericht-tirolfahrt-24-und-25-5-2024\\\/\",\"name\":\"Reisebericht Tirolfahrt 24. und 25.5.2024 - EBFL\",\"isPartOf\":{\"@id\":\"https:\\\/\\\/ebfl.at\\\/#website\"},\"primaryImageOfPage\":{\"@id\":\"https:\\\/\\\/ebfl.at\\\/index.php\\\/reisebericht-tirolfahrt-24-und-25-5-2024\\\/#primaryimage\"},\"image\":{\"@id\":\"https:\\\/\\\/ebfl.at\\\/index.php\\\/reisebericht-tirolfahrt-24-und-25-5-2024\\\/#primaryimage\"},\"thumbnailUrl\":\"https:\\\/\\\/ebfl.at\\\/wp-content\\\/uploads\\\/2024\\\/06\\\/Gerfried-Moll-1024x768.jpg\",\"datePublished\":\"2024-06-02T15:43:46+00:00\",\"dateModified\":\"2024-06-02T15:54:07+00:00\",\"breadcrumb\":{\"@id\":\"https:\\\/\\\/ebfl.at\\\/index.php\\\/reisebericht-tirolfahrt-24-und-25-5-2024\\\/#breadcrumb\"},\"inLanguage\":\"de\",\"potentialAction\":[{\"@type\":\"ReadAction\",\"target\":[\"https:\\\/\\\/ebfl.at\\\/index.php\\\/reisebericht-tirolfahrt-24-und-25-5-2024\\\/\"]}]},{\"@type\":\"ImageObject\",\"inLanguage\":\"de\",\"@id\":\"https:\\\/\\\/ebfl.at\\\/index.php\\\/reisebericht-tirolfahrt-24-und-25-5-2024\\\/#primaryimage\",\"url\":\"https:\\\/\\\/ebfl.at\\\/wp-content\\\/uploads\\\/2024\\\/06\\\/Gerfried-Moll.jpg\",\"contentUrl\":\"https:\\\/\\\/ebfl.at\\\/wp-content\\\/uploads\\\/2024\\\/06\\\/Gerfried-Moll.jpg\",\"width\":1200,\"height\":900},{\"@type\":\"BreadcrumbList\",\"@id\":\"https:\\\/\\\/ebfl.at\\\/index.php\\\/reisebericht-tirolfahrt-24-und-25-5-2024\\\/#breadcrumb\",\"itemListElement\":[{\"@type\":\"ListItem\",\"position\":1,\"name\":\"Startseite\",\"item\":\"https:\\\/\\\/ebfl.at\\\/\"},{\"@type\":\"ListItem\",\"position\":2,\"name\":\"Reisebericht Tirolfahrt 24. und 25.5.2024\"}]},{\"@type\":\"WebSite\",\"@id\":\"https:\\\/\\\/ebfl.at\\\/#website\",\"url\":\"https:\\\/\\\/ebfl.at\\\/\",\"name\":\"EBFL Eisenbahnfreunde Lienz\",\"description\":\"Verein der Eisenbahnfreunde in Lienz\",\"publisher\":{\"@id\":\"https:\\\/\\\/ebfl.at\\\/#organization\"},\"potentialAction\":[{\"@type\":\"SearchAction\",\"target\":{\"@type\":\"EntryPoint\",\"urlTemplate\":\"https:\\\/\\\/ebfl.at\\\/?s={search_term_string}\"},\"query-input\":{\"@type\":\"PropertyValueSpecification\",\"valueRequired\":true,\"valueName\":\"search_term_string\"}}],\"inLanguage\":\"de\"},{\"@type\":\"Organization\",\"@id\":\"https:\\\/\\\/ebfl.at\\\/#organization\",\"name\":\"EBFL - Eisenbahnfreunde Lienz\",\"url\":\"https:\\\/\\\/ebfl.at\\\/\",\"logo\":{\"@type\":\"ImageObject\",\"inLanguage\":\"de\",\"@id\":\"https:\\\/\\\/ebfl.at\\\/#\\\/schema\\\/logo\\\/image\\\/\",\"url\":\"https:\\\/\\\/ebfl.at\\\/wp-content\\\/uploads\\\/2019\\\/01\\\/Eisenbahnfreunde-Lienz.jpg\",\"contentUrl\":\"https:\\\/\\\/ebfl.at\\\/wp-content\\\/uploads\\\/2019\\\/01\\\/Eisenbahnfreunde-Lienz.jpg\",\"width\":1087,\"height\":480,\"caption\":\"EBFL - Eisenbahnfreunde Lienz\"},\"image\":{\"@id\":\"https:\\\/\\\/ebfl.at\\\/#\\\/schema\\\/logo\\\/image\\\/\"},\"sameAs\":[\"https:\\\/\\\/www.facebook.com\\\/pages\\\/category\\\/History-Museum\\\/EBFLat-301838060596265\\\/\"]}]}<\/script>\n<!-- \/ Yoast SEO plugin. -->","yoast_head_json":{"title":"Reisebericht Tirolfahrt 24. und 25.5.2024 - EBFL","robots":{"index":"index","follow":"follow","max-snippet":"max-snippet:-1","max-image-preview":"max-image-preview:large","max-video-preview":"max-video-preview:-1"},"canonical":"https:\/\/ebfl.at\/index.php\/reisebericht-tirolfahrt-24-und-25-5-2024\/","og_locale":"de_DE","og_type":"article","og_title":"Reisebericht Tirolfahrt 24. und 25.5.2024 - EBFL","og_description":"Fr\u00fch morgens verlie\u00dfen wir den Bahnhof Lienz. Unsere Fahrt f\u00fchrte uns programmgem\u00e4\u00df \u00fcber Spittal\/Millst\u00e4ttersee, Mallnitz, Schwarzach\/St. Veit weiter \u00fcber die Giselabahn nach Kitzb\u00fchel, W\u00f6rgl und Jenbach, wo es f\u00fcr die Fahrg\u00e4ste hie\u00df &#8211; umsteigen in die Achenseedampfbahn. Der Heizer hatte bei 109 Fahrg\u00e4sten einiges an Kohlen zu schaufeln, um uns nach Seespitz zu bringen. Mit [&hellip;]","og_url":"https:\/\/ebfl.at\/index.php\/reisebericht-tirolfahrt-24-und-25-5-2024\/","og_site_name":"EBFL","article_publisher":"https:\/\/www.facebook.com\/pages\/category\/History-Museum\/EBFLat-301838060596265\/","article_modified_time":"2024-06-02T15:54:07+00:00","og_image":[{"url":"https:\/\/ebfl.at\/wp-content\/uploads\/2024\/06\/Gerfried-Moll-1024x768.jpg","type":"","width":"","height":""}],"twitter_card":"summary_large_image","twitter_misc":{"Gesch\u00e4tzte Lesezeit":"4\u00a0Minuten"},"schema":{"@context":"https:\/\/schema.org","@graph":[{"@type":"WebPage","@id":"https:\/\/ebfl.at\/index.php\/reisebericht-tirolfahrt-24-und-25-5-2024\/","url":"https:\/\/ebfl.at\/index.php\/reisebericht-tirolfahrt-24-und-25-5-2024\/","name":"Reisebericht Tirolfahrt 24. und 25.5.2024 - EBFL","isPartOf":{"@id":"https:\/\/ebfl.at\/#website"},"primaryImageOfPage":{"@id":"https:\/\/ebfl.at\/index.php\/reisebericht-tirolfahrt-24-und-25-5-2024\/#primaryimage"},"image":{"@id":"https:\/\/ebfl.at\/index.php\/reisebericht-tirolfahrt-24-und-25-5-2024\/#primaryimage"},"thumbnailUrl":"https:\/\/ebfl.at\/wp-content\/uploads\/2024\/06\/Gerfried-Moll-1024x768.jpg","datePublished":"2024-06-02T15:43:46+00:00","dateModified":"2024-06-02T15:54:07+00:00","breadcrumb":{"@id":"https:\/\/ebfl.at\/index.php\/reisebericht-tirolfahrt-24-und-25-5-2024\/#breadcrumb"},"inLanguage":"de","potentialAction":[{"@type":"ReadAction","target":["https:\/\/ebfl.at\/index.php\/reisebericht-tirolfahrt-24-und-25-5-2024\/"]}]},{"@type":"ImageObject","inLanguage":"de","@id":"https:\/\/ebfl.at\/index.php\/reisebericht-tirolfahrt-24-und-25-5-2024\/#primaryimage","url":"https:\/\/ebfl.at\/wp-content\/uploads\/2024\/06\/Gerfried-Moll.jpg","contentUrl":"https:\/\/ebfl.at\/wp-content\/uploads\/2024\/06\/Gerfried-Moll.jpg","width":1200,"height":900},{"@type":"BreadcrumbList","@id":"https:\/\/ebfl.at\/index.php\/reisebericht-tirolfahrt-24-und-25-5-2024\/#breadcrumb","itemListElement":[{"@type":"ListItem","position":1,"name":"Startseite","item":"https:\/\/ebfl.at\/"},{"@type":"ListItem","position":2,"name":"Reisebericht Tirolfahrt 24. und 25.5.2024"}]},{"@type":"WebSite","@id":"https:\/\/ebfl.at\/#website","url":"https:\/\/ebfl.at\/","name":"EBFL Eisenbahnfreunde Lienz","description":"Verein der Eisenbahnfreunde in Lienz","publisher":{"@id":"https:\/\/ebfl.at\/#organization"},"potentialAction":[{"@type":"SearchAction","target":{"@type":"EntryPoint","urlTemplate":"https:\/\/ebfl.at\/?s={search_term_string}"},"query-input":{"@type":"PropertyValueSpecification","valueRequired":true,"valueName":"search_term_string"}}],"inLanguage":"de"},{"@type":"Organization","@id":"https:\/\/ebfl.at\/#organization","name":"EBFL - Eisenbahnfreunde Lienz","url":"https:\/\/ebfl.at\/","logo":{"@type":"ImageObject","inLanguage":"de","@id":"https:\/\/ebfl.at\/#\/schema\/logo\/image\/","url":"https:\/\/ebfl.at\/wp-content\/uploads\/2019\/01\/Eisenbahnfreunde-Lienz.jpg","contentUrl":"https:\/\/ebfl.at\/wp-content\/uploads\/2019\/01\/Eisenbahnfreunde-Lienz.jpg","width":1087,"height":480,"caption":"EBFL - Eisenbahnfreunde Lienz"},"image":{"@id":"https:\/\/ebfl.at\/#\/schema\/logo\/image\/"},"sameAs":["https:\/\/www.facebook.com\/pages\/category\/History-Museum\/EBFLat-301838060596265\/"]}]}},"_links":{"self":[{"href":"https:\/\/ebfl.at\/index.php\/wp-json\/wp\/v2\/pages\/4198","targetHints":{"allow":["GET"]}}],"collection":[{"href":"https:\/\/ebfl.at\/index.php\/wp-json\/wp\/v2\/pages"}],"about":[{"href":"https:\/\/ebfl.at\/index.php\/wp-json\/wp\/v2\/types\/page"}],"author":[{"embeddable":true,"href":"https:\/\/ebfl.at\/index.php\/wp-json\/wp\/v2\/users\/2"}],"replies":[{"embeddable":true,"href":"https:\/\/ebfl.at\/index.php\/wp-json\/wp\/v2\/comments?post=4198"}],"version-history":[{"count":4,"href":"https:\/\/ebfl.at\/index.php\/wp-json\/wp\/v2\/pages\/4198\/revisions"}],"predecessor-version":[{"id":4214,"href":"https:\/\/ebfl.at\/index.php\/wp-json\/wp\/v2\/pages\/4198\/revisions\/4214"}],"wp:attachment":[{"href":"https:\/\/ebfl.at\/index.php\/wp-json\/wp\/v2\/media?parent=4198"}],"curies":[{"name":"wp","href":"https:\/\/api.w.org\/{rel}","templated":true}]}}