{"id":4329,"date":"2024-08-09T18:51:38","date_gmt":"2024-08-09T16:51:38","guid":{"rendered":"https:\/\/ebfl.at\/?page_id=4329"},"modified":"2024-09-24T16:56:25","modified_gmt":"2024-09-24T14:56:25","slug":"fahrt-ins-blaue-2024","status":"publish","type":"page","link":"https:\/\/ebfl.at\/index.php\/fahrt-ins-blaue-2024\/","title":{"rendered":"FAHRT INS BLAUE 2024"},"content":{"rendered":"\n<p class=\"has-medium-font-size\"><strong>Samstag, 5. Oktober<\/strong><\/p>\n\n\n\n<figure class=\"wp-block-image size-large\"><img loading=\"lazy\" decoding=\"async\" width=\"1024\" height=\"298\" src=\"https:\/\/ebfl.at\/wp-content\/uploads\/2024\/08\/NBik-Schifffahrt-1024x298.jpg\" alt=\"\" class=\"wp-image-4333\" srcset=\"https:\/\/ebfl.at\/wp-content\/uploads\/2024\/08\/NBik-Schifffahrt-1024x298.jpg 1024w, https:\/\/ebfl.at\/wp-content\/uploads\/2024\/08\/NBik-Schifffahrt-300x87.jpg 300w, https:\/\/ebfl.at\/wp-content\/uploads\/2024\/08\/NBik-Schifffahrt-768x223.jpg 768w, https:\/\/ebfl.at\/wp-content\/uploads\/2024\/08\/NBik-Schifffahrt-1536x446.jpg 1536w, https:\/\/ebfl.at\/wp-content\/uploads\/2024\/08\/NBik-Schifffahrt.jpg 1920w\" sizes=\"auto, (max-width: 1024px) 100vw, 1024px\" \/><\/figure>\n\n\n\n<p>Foto: Nostalgiebahnen in K\u00e4rnten NBik<\/p>\n\n\n\n<p>Unsere diesj\u00e4hrige Fahrt ins Blaue f\u00fchrt uns an den wundersch\u00f6nen blauen W\u00f6rthersee. Ab Lienz geht es das Drautal entlang, das heuer  von Spittal nach Lienz  seine Elektrifizierung vor 35 Jahren feiert. Weiter geht es \u00fcber den Ossiachersee nach St. Veit, Klagenfurt und Krumpendorf. Nach einem Fu\u00dfmarsch von ca. 700 m geht es auf`s Schiff.<\/p>\n\n\n\n<p>Vor 100 Jahren wurden am W\u00f6rthersee die ersten Motorschiffe feierlich in Betrieb genommen. Die Schiffe mit den heutigen Namen &#8222;Loretto&#8220; und &#8222;Lorelei&#8220; haben ein wechselvolles Schicksal erlebt und wurden 1995 als &#8222;Reklame f\u00fcr K\u00e4rnten&#8220; an einen Privaten nach Wien verkauft.<\/p>\n\n\n\n<p>Vor 25 Jahren haben sich die &#8222;Nostalgiebahnen in K\u00e4rnten&#8220; entschlossen, einen weiteren Betriebszweig ihres Vereins mit dem Namen &#8222;Nostalgieschifffahrt W\u00f6rthersee (NSW)&#8220; zu gr\u00fcnden und 1999 wurde dann die &#8222;Loretto&#8220; freigekauft, heimgeholt und total restauriert. Nach der feierlichen Inbetriebnahme im Mai 2000 wurde zu Jahresende 2000 auch das Wrack der &#8222;Lorelei&#8220; angekauft und 2004 &#8211; von Grund auf restauriert &#8211; wieder in Dienst gestellt.<\/p>\n\n\n\n<p>Unsere Schifffahrt f\u00fchrt uns bis nach Velden, wo wir einen Aufenthalt von ca. 2 h einplanen. Vom Ortszentrum gilt es wieder ca. 700 m Fu\u00dfmarsch zum Bahnhof zur\u00fcckzulegen (f\u00fcr leicht Gehbehinderte kann auch auf eigene Kosten ein Taxi organisiert werden), wo unser S\u00fcdbahn Express wieder auf unseren Zustieg wartet.<\/p>\n\n\n\n<p>F\u00fcr Eisenbahnenthusiasten und die, die es noch werden m\u00f6chten, gibt es in Villach eine Sonderschleife durch den Gro\u00dfverschiebebahnhof Villach S\u00fcd (wann kommt man schon dorthin). Entlang der Drau geht es dann wieder Richtung Lienz.<\/p>\n\n\n\n<p><strong>F\u00fcr Verpflegung am Zug ist gesorgt. Fr\u00fchst\u00fccksm\u00f6glichkeit nur in einfacher Form. Keine Vorausbuchung.<\/strong><\/p>\n\n\n\n<p class=\"has-vivid-red-color has-text-color has-link-color wp-elements-e6c8b0e2a71538d8caada399d90ea056\">\u00c4nderungen vorbehalten!<\/p>\n\n\n\n<figure class=\"wp-block-table\"><table class=\"has-fixed-layout\"><tbody><tr><td><strong>Bahnhof<\/strong><\/td><td>Abfahrt<\/td><td>Ankunft<\/td><\/tr><tr><td>Lienz<\/td><td>7:40<\/td><td>19:13<\/td><\/tr><tr><td>D\u00f6lsach<\/td><td>7:46<\/td><td>19:05<\/td><\/tr><tr><td>Oberdrauburg<\/td><td>7:59<\/td><td>18:54<\/td><\/tr><tr><td>Dellach\/Drau<\/td><td>8:12<\/td><td>18:25<\/td><\/tr><tr><td>Greifenburg<\/td><td>8:21<\/td><td>18:16<\/td><\/tr><tr><td>M\u00f6llbr\u00fccke<\/td><td>8:45<\/td><td>17:56<\/td><\/tr><tr><td>Spittal\/M.<\/td><td>8:56<\/td><td>17:46<\/td><\/tr><tr><td>Rothenthurn<\/td><td>9:05<\/td><td>17:26 (mit Sonderschleife)<\/td><\/tr><tr><td>Villach<\/td><td>9:30<\/td><td>16:20 <\/td><\/tr><tr><td>Krumpendorf an<\/td><td>11:41<\/td><td><\/td><\/tr><tr><td>Spaziergang zur Anlegestelle<\/td><td><\/td><td><\/td><\/tr><tr><td>Fahrt mit dem Boot am W\u00f6rthersee<\/td><td>Abfahrt 12:20<\/td><td><\/td><\/tr><tr><td>Ankunft Velden<\/td><td>14:05<\/td><td>Abfahrt Velden 16:00 h<\/td><\/tr><tr><td>Spaziergang zum Bahnhof<\/td><td><\/td><td><\/td><\/tr><tr><td>Abfahrt Velden<\/td><td>16:00<\/td><td><\/td><\/tr><\/tbody><\/table><\/figure>\n\n\n\n<p><strong>PREISE<\/strong><\/p>\n\n\n\n<figure class=\"wp-block-table\"><table class=\"has-fixed-layout\"><tbody><tr><td><strong>Bahnhof<\/strong><\/td><td class=\"has-text-align-right\" data-align=\"right\"><strong>1. Klasse<\/strong><\/td><td class=\"has-text-align-right\" data-align=\"right\"><strong>2. Klasse<\/strong><\/td><\/tr><tr><td>Lienz<\/td><td class=\"has-text-align-right\" data-align=\"right\">113,00<\/td><td class=\"has-text-align-right\" data-align=\"right\">88,00<\/td><\/tr><tr><td>D\u00f6lsach<\/td><td class=\"has-text-align-right\" data-align=\"right\">113,00<\/td><td class=\"has-text-align-right\" data-align=\"right\">88,00<\/td><\/tr><tr><td>Oberdrauburg<\/td><td class=\"has-text-align-right\" data-align=\"right\">111,00<\/td><td class=\"has-text-align-right\" data-align=\"right\">86,00<\/td><\/tr><tr><td>Dellach\/D.<\/td><td class=\"has-text-align-right\" data-align=\"right\">109,00<\/td><td class=\"has-text-align-right\" data-align=\"right\">84,00<\/td><\/tr><tr><td>Greifenburg<\/td><td class=\"has-text-align-right\" data-align=\"right\">107,00<\/td><td class=\"has-text-align-right\" data-align=\"right\">82,00<\/td><\/tr><tr><td>Steinfeld<\/td><td class=\"has-text-align-right\" data-align=\"right\">106,00<\/td><td class=\"has-text-align-right\" data-align=\"right\">81,00<\/td><\/tr><tr><td>Kleblach-Lind<\/td><td class=\"has-text-align-right\" data-align=\"right\">104,00<\/td><td class=\"has-text-align-right\" data-align=\"right\">79,00<\/td><\/tr><tr><td>Sachsenburg<\/td><td class=\"has-text-align-right\" data-align=\"right\">102,00<\/td><td class=\"has-text-align-right\" data-align=\"right\">77,00<\/td><\/tr><tr><td>M\u00f6llbr\u00fccke<\/td><td class=\"has-text-align-right\" data-align=\"right\">101,00<\/td><td class=\"has-text-align-right\" data-align=\"right\">76,00<\/td><\/tr><tr><td>Lendorf<\/td><td class=\"has-text-align-right\" data-align=\"right\">99,00<\/td><td class=\"has-text-align-right\" data-align=\"right\">74,00<\/td><\/tr><tr><td>Spittal\/M.<\/td><td class=\"has-text-align-right\" data-align=\"right\">96,00<\/td><td class=\"has-text-align-right\" data-align=\"right\">71,00<\/td><\/tr><tr><td>Rothenthurn<\/td><td class=\"has-text-align-right\" data-align=\"right\">94,00<\/td><td class=\"has-text-align-right\" data-align=\"right\">69,00<\/td><\/tr><tr><td>Paternion<\/td><td class=\"has-text-align-right\" data-align=\"right\">93,00<\/td><td class=\"has-text-align-right\" data-align=\"right\">68,00<\/td><\/tr><tr><td>Villach Hbf<\/td><td class=\"has-text-align-right\" data-align=\"right\">91,00<\/td><td class=\"has-text-align-right\" data-align=\"right\">66,00<\/td><\/tr><\/tbody><\/table><\/figure>\n\n\n\n<p>Die Preise verstehen sich lt. Programm hin und retour (jeweiliger Abfahrtsbahnhof), inkl. Bootsfahrt am W\u00f6rthersee. Taxifahrt (bitte um Vorbestellung) wird gesondert eingehoben.<\/p>\n\n\n\n<p><strong>Kinder bis 6 Jahre frei<\/strong> (ohne Anspruch auf Sitzplatz).<br><strong>Kinder von 7 Jahren bis 12 Jahren 50 % auf die angef\u00fchrten Preise<\/strong>  (gilt nicht ab Villach).<\/p>\n\n\n\n<p><\/p>\n\n\n\n<product-catalog-widget widget-id=\"7cfb69a3-ea17-4106-9867-7d81a4af4dd3\"><\/product-catalog-widget><script type=\"text\/javascript\" src=\"https:\/\/widgets.regiondo.net\/catalog\/v1\/catalog-widget.min.js\"><\/script>\n\n\n\n<p><\/p>\n","protected":false},"excerpt":{"rendered":"<p>Samstag, 5. Oktober Foto: Nostalgiebahnen in K\u00e4rnten NBik Unsere diesj\u00e4hrige Fahrt ins Blaue f\u00fchrt uns an den wundersch\u00f6nen blauen W\u00f6rthersee. Ab Lienz geht es das Drautal entlang, das heuer von Spittal nach Lienz seine Elektrifizierung vor 35 Jahren feiert. Weiter geht es \u00fcber den Ossiachersee nach St. Veit, Klagenfurt und Krumpendorf. Nach einem Fu\u00dfmarsch von [&hellip;]<\/p>\n","protected":false},"author":2,"featured_media":0,"parent":0,"menu_order":0,"comment_status":"closed","ping_status":"closed","template":"","meta":{"footnotes":""},"class_list":["post-4329","page","type-page","status-publish","hentry"],"yoast_head":"<!-- This site is optimized with the Yoast SEO plugin v27.4 - https:\/\/yoast.com\/product\/yoast-seo-wordpress\/ -->\n<title>FAHRT INS BLAUE 2024 - EBFL<\/title>\n<meta name=\"robots\" content=\"index, follow, max-snippet:-1, max-image-preview:large, max-video-preview:-1\" \/>\n<link rel=\"canonical\" href=\"https:\/\/ebfl.at\/index.php\/fahrt-ins-blaue-2024\/\" \/>\n<meta property=\"og:locale\" content=\"de_DE\" \/>\n<meta property=\"og:type\" content=\"article\" \/>\n<meta property=\"og:title\" content=\"FAHRT INS BLAUE 2024 - EBFL\" \/>\n<meta property=\"og:description\" content=\"Samstag, 5. Oktober Foto: Nostalgiebahnen in K\u00e4rnten NBik Unsere diesj\u00e4hrige Fahrt ins Blaue f\u00fchrt uns an den wundersch\u00f6nen blauen W\u00f6rthersee. Ab Lienz geht es das Drautal entlang, das heuer von Spittal nach Lienz seine Elektrifizierung vor 35 Jahren feiert. Weiter geht es \u00fcber den Ossiachersee nach St. Veit, Klagenfurt und Krumpendorf. Nach einem Fu\u00dfmarsch von [&hellip;]\" \/>\n<meta property=\"og:url\" content=\"https:\/\/ebfl.at\/index.php\/fahrt-ins-blaue-2024\/\" \/>\n<meta property=\"og:site_name\" content=\"EBFL\" \/>\n<meta property=\"article:publisher\" content=\"https:\/\/www.facebook.com\/pages\/category\/History-Museum\/EBFLat-301838060596265\/\" \/>\n<meta property=\"article:modified_time\" content=\"2024-09-24T14:56:25+00:00\" \/>\n<meta property=\"og:image\" content=\"https:\/\/ebfl.at\/wp-content\/uploads\/2024\/08\/NBik-Schifffahrt-1024x298.jpg\" \/>\n<meta name=\"twitter:card\" content=\"summary_large_image\" \/>\n<meta name=\"twitter:label1\" content=\"Gesch\u00e4tzte Lesezeit\" \/>\n\t<meta name=\"twitter:data1\" content=\"3\u00a0Minuten\" \/>\n<script type=\"application\/ld+json\" class=\"yoast-schema-graph\">{\"@context\":\"https:\\\/\\\/schema.org\",\"@graph\":[{\"@type\":\"WebPage\",\"@id\":\"https:\\\/\\\/ebfl.at\\\/index.php\\\/fahrt-ins-blaue-2024\\\/\",\"url\":\"https:\\\/\\\/ebfl.at\\\/index.php\\\/fahrt-ins-blaue-2024\\\/\",\"name\":\"FAHRT INS BLAUE 2024 - EBFL\",\"isPartOf\":{\"@id\":\"https:\\\/\\\/ebfl.at\\\/#website\"},\"primaryImageOfPage\":{\"@id\":\"https:\\\/\\\/ebfl.at\\\/index.php\\\/fahrt-ins-blaue-2024\\\/#primaryimage\"},\"image\":{\"@id\":\"https:\\\/\\\/ebfl.at\\\/index.php\\\/fahrt-ins-blaue-2024\\\/#primaryimage\"},\"thumbnailUrl\":\"https:\\\/\\\/ebfl.at\\\/wp-content\\\/uploads\\\/2024\\\/08\\\/NBik-Schifffahrt-1024x298.jpg\",\"datePublished\":\"2024-08-09T16:51:38+00:00\",\"dateModified\":\"2024-09-24T14:56:25+00:00\",\"breadcrumb\":{\"@id\":\"https:\\\/\\\/ebfl.at\\\/index.php\\\/fahrt-ins-blaue-2024\\\/#breadcrumb\"},\"inLanguage\":\"de\",\"potentialAction\":[{\"@type\":\"ReadAction\",\"target\":[\"https:\\\/\\\/ebfl.at\\\/index.php\\\/fahrt-ins-blaue-2024\\\/\"]}]},{\"@type\":\"ImageObject\",\"inLanguage\":\"de\",\"@id\":\"https:\\\/\\\/ebfl.at\\\/index.php\\\/fahrt-ins-blaue-2024\\\/#primaryimage\",\"url\":\"https:\\\/\\\/ebfl.at\\\/wp-content\\\/uploads\\\/2024\\\/08\\\/NBik-Schifffahrt.jpg\",\"contentUrl\":\"https:\\\/\\\/ebfl.at\\\/wp-content\\\/uploads\\\/2024\\\/08\\\/NBik-Schifffahrt.jpg\",\"width\":1920,\"height\":558},{\"@type\":\"BreadcrumbList\",\"@id\":\"https:\\\/\\\/ebfl.at\\\/index.php\\\/fahrt-ins-blaue-2024\\\/#breadcrumb\",\"itemListElement\":[{\"@type\":\"ListItem\",\"position\":1,\"name\":\"Startseite\",\"item\":\"https:\\\/\\\/ebfl.at\\\/\"},{\"@type\":\"ListItem\",\"position\":2,\"name\":\"FAHRT INS BLAUE 2024\"}]},{\"@type\":\"WebSite\",\"@id\":\"https:\\\/\\\/ebfl.at\\\/#website\",\"url\":\"https:\\\/\\\/ebfl.at\\\/\",\"name\":\"EBFL Eisenbahnfreunde Lienz\",\"description\":\"Verein der Eisenbahnfreunde in Lienz\",\"publisher\":{\"@id\":\"https:\\\/\\\/ebfl.at\\\/#organization\"},\"potentialAction\":[{\"@type\":\"SearchAction\",\"target\":{\"@type\":\"EntryPoint\",\"urlTemplate\":\"https:\\\/\\\/ebfl.at\\\/?s={search_term_string}\"},\"query-input\":{\"@type\":\"PropertyValueSpecification\",\"valueRequired\":true,\"valueName\":\"search_term_string\"}}],\"inLanguage\":\"de\"},{\"@type\":\"Organization\",\"@id\":\"https:\\\/\\\/ebfl.at\\\/#organization\",\"name\":\"EBFL - Eisenbahnfreunde Lienz\",\"url\":\"https:\\\/\\\/ebfl.at\\\/\",\"logo\":{\"@type\":\"ImageObject\",\"inLanguage\":\"de\",\"@id\":\"https:\\\/\\\/ebfl.at\\\/#\\\/schema\\\/logo\\\/image\\\/\",\"url\":\"https:\\\/\\\/ebfl.at\\\/wp-content\\\/uploads\\\/2019\\\/01\\\/Eisenbahnfreunde-Lienz.jpg\",\"contentUrl\":\"https:\\\/\\\/ebfl.at\\\/wp-content\\\/uploads\\\/2019\\\/01\\\/Eisenbahnfreunde-Lienz.jpg\",\"width\":1087,\"height\":480,\"caption\":\"EBFL - Eisenbahnfreunde Lienz\"},\"image\":{\"@id\":\"https:\\\/\\\/ebfl.at\\\/#\\\/schema\\\/logo\\\/image\\\/\"},\"sameAs\":[\"https:\\\/\\\/www.facebook.com\\\/pages\\\/category\\\/History-Museum\\\/EBFLat-301838060596265\\\/\"]}]}<\/script>\n<!-- \/ Yoast SEO plugin. -->","yoast_head_json":{"title":"FAHRT INS BLAUE 2024 - EBFL","robots":{"index":"index","follow":"follow","max-snippet":"max-snippet:-1","max-image-preview":"max-image-preview:large","max-video-preview":"max-video-preview:-1"},"canonical":"https:\/\/ebfl.at\/index.php\/fahrt-ins-blaue-2024\/","og_locale":"de_DE","og_type":"article","og_title":"FAHRT INS BLAUE 2024 - EBFL","og_description":"Samstag, 5. Oktober Foto: Nostalgiebahnen in K\u00e4rnten NBik Unsere diesj\u00e4hrige Fahrt ins Blaue f\u00fchrt uns an den wundersch\u00f6nen blauen W\u00f6rthersee. Ab Lienz geht es das Drautal entlang, das heuer von Spittal nach Lienz seine Elektrifizierung vor 35 Jahren feiert. Weiter geht es \u00fcber den Ossiachersee nach St. Veit, Klagenfurt und Krumpendorf. Nach einem Fu\u00dfmarsch von [&hellip;]","og_url":"https:\/\/ebfl.at\/index.php\/fahrt-ins-blaue-2024\/","og_site_name":"EBFL","article_publisher":"https:\/\/www.facebook.com\/pages\/category\/History-Museum\/EBFLat-301838060596265\/","article_modified_time":"2024-09-24T14:56:25+00:00","og_image":[{"url":"https:\/\/ebfl.at\/wp-content\/uploads\/2024\/08\/NBik-Schifffahrt-1024x298.jpg","type":"","width":"","height":""}],"twitter_card":"summary_large_image","twitter_misc":{"Gesch\u00e4tzte Lesezeit":"3\u00a0Minuten"},"schema":{"@context":"https:\/\/schema.org","@graph":[{"@type":"WebPage","@id":"https:\/\/ebfl.at\/index.php\/fahrt-ins-blaue-2024\/","url":"https:\/\/ebfl.at\/index.php\/fahrt-ins-blaue-2024\/","name":"FAHRT INS BLAUE 2024 - EBFL","isPartOf":{"@id":"https:\/\/ebfl.at\/#website"},"primaryImageOfPage":{"@id":"https:\/\/ebfl.at\/index.php\/fahrt-ins-blaue-2024\/#primaryimage"},"image":{"@id":"https:\/\/ebfl.at\/index.php\/fahrt-ins-blaue-2024\/#primaryimage"},"thumbnailUrl":"https:\/\/ebfl.at\/wp-content\/uploads\/2024\/08\/NBik-Schifffahrt-1024x298.jpg","datePublished":"2024-08-09T16:51:38+00:00","dateModified":"2024-09-24T14:56:25+00:00","breadcrumb":{"@id":"https:\/\/ebfl.at\/index.php\/fahrt-ins-blaue-2024\/#breadcrumb"},"inLanguage":"de","potentialAction":[{"@type":"ReadAction","target":["https:\/\/ebfl.at\/index.php\/fahrt-ins-blaue-2024\/"]}]},{"@type":"ImageObject","inLanguage":"de","@id":"https:\/\/ebfl.at\/index.php\/fahrt-ins-blaue-2024\/#primaryimage","url":"https:\/\/ebfl.at\/wp-content\/uploads\/2024\/08\/NBik-Schifffahrt.jpg","contentUrl":"https:\/\/ebfl.at\/wp-content\/uploads\/2024\/08\/NBik-Schifffahrt.jpg","width":1920,"height":558},{"@type":"BreadcrumbList","@id":"https:\/\/ebfl.at\/index.php\/fahrt-ins-blaue-2024\/#breadcrumb","itemListElement":[{"@type":"ListItem","position":1,"name":"Startseite","item":"https:\/\/ebfl.at\/"},{"@type":"ListItem","position":2,"name":"FAHRT INS BLAUE 2024"}]},{"@type":"WebSite","@id":"https:\/\/ebfl.at\/#website","url":"https:\/\/ebfl.at\/","name":"EBFL Eisenbahnfreunde Lienz","description":"Verein der Eisenbahnfreunde in Lienz","publisher":{"@id":"https:\/\/ebfl.at\/#organization"},"potentialAction":[{"@type":"SearchAction","target":{"@type":"EntryPoint","urlTemplate":"https:\/\/ebfl.at\/?s={search_term_string}"},"query-input":{"@type":"PropertyValueSpecification","valueRequired":true,"valueName":"search_term_string"}}],"inLanguage":"de"},{"@type":"Organization","@id":"https:\/\/ebfl.at\/#organization","name":"EBFL - Eisenbahnfreunde Lienz","url":"https:\/\/ebfl.at\/","logo":{"@type":"ImageObject","inLanguage":"de","@id":"https:\/\/ebfl.at\/#\/schema\/logo\/image\/","url":"https:\/\/ebfl.at\/wp-content\/uploads\/2019\/01\/Eisenbahnfreunde-Lienz.jpg","contentUrl":"https:\/\/ebfl.at\/wp-content\/uploads\/2019\/01\/Eisenbahnfreunde-Lienz.jpg","width":1087,"height":480,"caption":"EBFL - Eisenbahnfreunde Lienz"},"image":{"@id":"https:\/\/ebfl.at\/#\/schema\/logo\/image\/"},"sameAs":["https:\/\/www.facebook.com\/pages\/category\/History-Museum\/EBFLat-301838060596265\/"]}]}},"_links":{"self":[{"href":"https:\/\/ebfl.at\/index.php\/wp-json\/wp\/v2\/pages\/4329","targetHints":{"allow":["GET"]}}],"collection":[{"href":"https:\/\/ebfl.at\/index.php\/wp-json\/wp\/v2\/pages"}],"about":[{"href":"https:\/\/ebfl.at\/index.php\/wp-json\/wp\/v2\/types\/page"}],"author":[{"embeddable":true,"href":"https:\/\/ebfl.at\/index.php\/wp-json\/wp\/v2\/users\/2"}],"replies":[{"embeddable":true,"href":"https:\/\/ebfl.at\/index.php\/wp-json\/wp\/v2\/comments?post=4329"}],"version-history":[{"count":26,"href":"https:\/\/ebfl.at\/index.php\/wp-json\/wp\/v2\/pages\/4329\/revisions"}],"predecessor-version":[{"id":4456,"href":"https:\/\/ebfl.at\/index.php\/wp-json\/wp\/v2\/pages\/4329\/revisions\/4456"}],"wp:attachment":[{"href":"https:\/\/ebfl.at\/index.php\/wp-json\/wp\/v2\/media?parent=4329"}],"curies":[{"name":"wp","href":"https:\/\/api.w.org\/{rel}","templated":true}]}}