{"id":45,"date":"2019-01-23T16:12:37","date_gmt":"2019-01-23T15:12:37","guid":{"rendered":"https:\/\/wp.ebfl.at\/?page_id=45"},"modified":"2021-02-23T19:25:27","modified_gmt":"2021-02-23T18:25:27","slug":"liste-fahrzeuge","status":"publish","type":"page","link":"https:\/\/ebfl.at\/index.php\/suedbahn-heizhaus\/liste-fahrzeuge\/","title":{"rendered":"Liste Fahrzeuge"},"content":{"rendered":"\n<p><strong>Dampflokomotiven&nbsp;<\/strong>&#8211; <a href=\"https:\/\/ebfl.at\/index.php\/dampflokomotiven\/\">Bilder<\/a><\/p>\n\n\n\n<p>Dampflokomotive Sulm-B 1, Serie 32d, Baujahr 1907&nbsp;<br>Dampflokomotive SB \u2013 BB\u00d6 629.59 \u2013 \u00d6BB 77.244, Baujahr 1927&nbsp;<br>Dampflokomotive DR 52 3816 \u00d6BB 52.3816 Baujahr 1944<\/p>\n\n\n\n<p><br><strong>Elektrolokomotiven<\/strong> &#8211; <a href=\"https:\/\/wp.ebfl.at\/index.php\/bilder-der-1020\/\">Bilder<\/a><\/p>\n\n\n\n<p>Elektrolokomotive BB\u00d6 1170.222 \u2013 DR E 45 222 \u2013 \u00d6BB 1245.622 \u2013 \u00d6BB 1245 522-6, Baujahr 1938&nbsp;<br>Elektrolokomotive DR E 94 001 \u2013 \u00d6BB 1020.018-6, Baujahr 1940 &#8211; betriebsf\u00e4hig <br>Elektrolokomotive DR E 94 006 \u2013 \u00d6BB 1020.023-6, Baujahr 1940&nbsp;<br>Elektrolokomotive DR E 61 120 \u2013 \u00d6BB 1161.020-1, Baujahr 1942&nbsp;<\/p>\n\n\n\n<p><strong>Diesellokomotiven<\/strong>&nbsp; &#8211; <a href=\"https:\/\/ebfl.at\/index.php\/diesellokomotiven\/\">Bilder<\/a><\/p>\n\n\n\n<p>Diesellokomotive \u00d6BB 2045.15, \u00d6BB 2045.015-1, Baujahr 1954&nbsp; <br>Diesellokomotive \u00d6BB 2062.49, \u00d6BB 2062.049-9, X 262 049-0, Baujahr 1965&nbsp;<br>Diesellokomotive \u00d6BB 2043.49, \u00d6BB 2043.049-2 Baujahr 1973<br>K\u00f6f Magnesit AG Hochfilzen \u2013 Schwartzkopff, Baujahr 1940&nbsp;<br>Draisine X 626.122, Bahn-Motorwagen BM 100&nbsp;<\/p>\n\n\n\n<p><strong>Sonderfahrzeuge<\/strong> &#8211; <a href=\"https:\/\/ebfl.at\/index.php\/sonderfahrzeuge\/\">Bilder<\/a><\/p>\n\n\n\n<p>Kranzug bestehend aus Dampfkran 45t &#8211; 9766 042 &#8211; 9, mit Schutz- und Beiwagen<br>KLIMA-Schneepflug 80 81 976 310-9<br>Kranwagen, 2 Achsen, f\u00fcr Handbedienung f\u00fcr Hebelasten 7,5 Tonnen<br>Silowagen f\u00fcr Getreidetransporte, selbstfahrend mit Jenbacher Motor JW 20<\/p>\n\n\n\n<p><strong>Waggons<\/strong> &#8211; Bilder<\/p>\n\n\n\n<p>Schlieren 1.Kl: Ap 50 81 17-35 016-7 Baujahr 1970<br> Schlieren 2. Kl: Bp 50 81 29-35 139-3 SGP Baujahr 1967<br> Speisewaggon Schlieren: BRpz 50 81 85-35 306-9 JW Baujahr 1975<br> Schlieren 2. Kl: BDpoz 50 81 82-35 429-2 JW Baujahr 1978<br> Barwaggon: 50 81 08-11 001-8 G\u00f6rlitz 1942<br> Bahnpostwaggon: 2-ax 00-03 310-8 Baujahr 1960<br> Bahnpostwaggon: 4-ax 00-33 155-4 Baujahr 1972<\/p>\n\n\n\n<p><strong>G\u00fcterwagen &#8211; <a href=\"https:\/\/ebfl.at\/index.php\/gueterwaggone\/\">Bilder&nbsp;<\/a><\/strong><\/p>\n\n\n\n<p>S\u00fcdbahn-Gesellschaft 44.000<br>K. k. Staatsbahn<br>Flachwagen 2-achsig Ill-Werke Vorarlberg<br>Flachwagen 2-achsig Ill-Werke Vorarlberg<br>Flachwagen 2-achsig Ill-Werke Vorarlberg<br>Gedeckter G\u00fcterwagen G 10 &#8211; 2-achsig mit hochgestelltem Bremserhaus<br>Gedeckter G\u00fcterwagen Gbs &#8211; 2-achsig&nbsp;<br><em><br>Hinweis: Einige Fahrzeuge sind im Rahmen von Dauerleihgaben im Heizhaus Lienz deponiert<\/em><\/p>\n","protected":false},"excerpt":{"rendered":"<p>Dampflokomotiven&nbsp;&#8211; Bilder Dampflokomotive Sulm-B 1, Serie 32d, Baujahr 1907&nbsp;Dampflokomotive SB \u2013 BB\u00d6 629.59 \u2013 \u00d6BB 77.244, Baujahr 1927&nbsp;Dampflokomotive DR 52 3816 \u00d6BB 52.3816 Baujahr 1944 Elektrolokomotiven &#8211; Bilder Elektrolokomotive BB\u00d6 1170.222 \u2013 DR E 45 222 \u2013 \u00d6BB 1245.622 \u2013 \u00d6BB 1245 522-6, Baujahr 1938&nbsp;Elektrolokomotive DR E 94 001 \u2013 \u00d6BB 1020.018-6, Baujahr 1940 &#8211; [&hellip;]<\/p>\n","protected":false},"author":1,"featured_media":0,"parent":14,"menu_order":0,"comment_status":"closed","ping_status":"closed","template":"","meta":{"footnotes":""},"class_list":["post-45","page","type-page","status-publish","hentry"],"yoast_head":"<!-- This site is optimized with the Yoast SEO plugin v27.3 - https:\/\/yoast.com\/product\/yoast-seo-wordpress\/ -->\n<title>Liste Fahrzeuge - EBFL<\/title>\n<meta name=\"robots\" content=\"index, follow, max-snippet:-1, max-image-preview:large, max-video-preview:-1\" \/>\n<link rel=\"canonical\" href=\"https:\/\/ebfl.at\/index.php\/suedbahn-heizhaus\/liste-fahrzeuge\/\" \/>\n<meta property=\"og:locale\" content=\"de_DE\" \/>\n<meta property=\"og:type\" content=\"article\" \/>\n<meta property=\"og:title\" content=\"Liste Fahrzeuge - EBFL\" \/>\n<meta property=\"og:description\" content=\"Dampflokomotiven&nbsp;&#8211; Bilder Dampflokomotive Sulm-B 1, Serie 32d, Baujahr 1907&nbsp;Dampflokomotive SB \u2013 BB\u00d6 629.59 \u2013 \u00d6BB 77.244, Baujahr 1927&nbsp;Dampflokomotive DR 52 3816 \u00d6BB 52.3816 Baujahr 1944 Elektrolokomotiven &#8211; Bilder Elektrolokomotive BB\u00d6 1170.222 \u2013 DR E 45 222 \u2013 \u00d6BB 1245.622 \u2013 \u00d6BB 1245 522-6, Baujahr 1938&nbsp;Elektrolokomotive DR E 94 001 \u2013 \u00d6BB 1020.018-6, Baujahr 1940 &#8211; [&hellip;]\" \/>\n<meta property=\"og:url\" content=\"https:\/\/ebfl.at\/index.php\/suedbahn-heizhaus\/liste-fahrzeuge\/\" \/>\n<meta property=\"og:site_name\" content=\"EBFL\" \/>\n<meta property=\"article:publisher\" content=\"https:\/\/www.facebook.com\/pages\/category\/History-Museum\/EBFLat-301838060596265\/\" \/>\n<meta property=\"article:modified_time\" content=\"2021-02-23T18:25:27+00:00\" \/>\n<meta name=\"twitter:card\" content=\"summary_large_image\" \/>\n<meta name=\"twitter:label1\" content=\"Gesch\u00e4tzte Lesezeit\" \/>\n\t<meta name=\"twitter:data1\" content=\"2\u00a0Minuten\" \/>\n<script type=\"application\/ld+json\" class=\"yoast-schema-graph\">{\"@context\":\"https:\\\/\\\/schema.org\",\"@graph\":[{\"@type\":\"WebPage\",\"@id\":\"https:\\\/\\\/ebfl.at\\\/index.php\\\/suedbahn-heizhaus\\\/liste-fahrzeuge\\\/\",\"url\":\"https:\\\/\\\/ebfl.at\\\/index.php\\\/suedbahn-heizhaus\\\/liste-fahrzeuge\\\/\",\"name\":\"Liste Fahrzeuge - EBFL\",\"isPartOf\":{\"@id\":\"https:\\\/\\\/ebfl.at\\\/#website\"},\"datePublished\":\"2019-01-23T15:12:37+00:00\",\"dateModified\":\"2021-02-23T18:25:27+00:00\",\"breadcrumb\":{\"@id\":\"https:\\\/\\\/ebfl.at\\\/index.php\\\/suedbahn-heizhaus\\\/liste-fahrzeuge\\\/#breadcrumb\"},\"inLanguage\":\"de\",\"potentialAction\":[{\"@type\":\"ReadAction\",\"target\":[\"https:\\\/\\\/ebfl.at\\\/index.php\\\/suedbahn-heizhaus\\\/liste-fahrzeuge\\\/\"]}]},{\"@type\":\"BreadcrumbList\",\"@id\":\"https:\\\/\\\/ebfl.at\\\/index.php\\\/suedbahn-heizhaus\\\/liste-fahrzeuge\\\/#breadcrumb\",\"itemListElement\":[{\"@type\":\"ListItem\",\"position\":1,\"name\":\"Startseite\",\"item\":\"https:\\\/\\\/ebfl.at\\\/\"},{\"@type\":\"ListItem\",\"position\":2,\"name\":\"Museum\",\"item\":\"https:\\\/\\\/ebfl.at\\\/index.php\\\/suedbahn-heizhaus\\\/\"},{\"@type\":\"ListItem\",\"position\":3,\"name\":\"Liste Fahrzeuge\"}]},{\"@type\":\"WebSite\",\"@id\":\"https:\\\/\\\/ebfl.at\\\/#website\",\"url\":\"https:\\\/\\\/ebfl.at\\\/\",\"name\":\"EBFL Eisenbahnfreunde Lienz\",\"description\":\"Verein der Eisenbahnfreunde in Lienz\",\"publisher\":{\"@id\":\"https:\\\/\\\/ebfl.at\\\/#organization\"},\"potentialAction\":[{\"@type\":\"SearchAction\",\"target\":{\"@type\":\"EntryPoint\",\"urlTemplate\":\"https:\\\/\\\/ebfl.at\\\/?s={search_term_string}\"},\"query-input\":{\"@type\":\"PropertyValueSpecification\",\"valueRequired\":true,\"valueName\":\"search_term_string\"}}],\"inLanguage\":\"de\"},{\"@type\":\"Organization\",\"@id\":\"https:\\\/\\\/ebfl.at\\\/#organization\",\"name\":\"EBFL - Eisenbahnfreunde Lienz\",\"url\":\"https:\\\/\\\/ebfl.at\\\/\",\"logo\":{\"@type\":\"ImageObject\",\"inLanguage\":\"de\",\"@id\":\"https:\\\/\\\/ebfl.at\\\/#\\\/schema\\\/logo\\\/image\\\/\",\"url\":\"https:\\\/\\\/ebfl.at\\\/wp-content\\\/uploads\\\/2019\\\/01\\\/Eisenbahnfreunde-Lienz.jpg\",\"contentUrl\":\"https:\\\/\\\/ebfl.at\\\/wp-content\\\/uploads\\\/2019\\\/01\\\/Eisenbahnfreunde-Lienz.jpg\",\"width\":1087,\"height\":480,\"caption\":\"EBFL - Eisenbahnfreunde Lienz\"},\"image\":{\"@id\":\"https:\\\/\\\/ebfl.at\\\/#\\\/schema\\\/logo\\\/image\\\/\"},\"sameAs\":[\"https:\\\/\\\/www.facebook.com\\\/pages\\\/category\\\/History-Museum\\\/EBFLat-301838060596265\\\/\"]}]}<\/script>\n<!-- \/ Yoast SEO plugin. -->","yoast_head_json":{"title":"Liste Fahrzeuge - EBFL","robots":{"index":"index","follow":"follow","max-snippet":"max-snippet:-1","max-image-preview":"max-image-preview:large","max-video-preview":"max-video-preview:-1"},"canonical":"https:\/\/ebfl.at\/index.php\/suedbahn-heizhaus\/liste-fahrzeuge\/","og_locale":"de_DE","og_type":"article","og_title":"Liste Fahrzeuge - EBFL","og_description":"Dampflokomotiven&nbsp;&#8211; Bilder Dampflokomotive Sulm-B 1, Serie 32d, Baujahr 1907&nbsp;Dampflokomotive SB \u2013 BB\u00d6 629.59 \u2013 \u00d6BB 77.244, Baujahr 1927&nbsp;Dampflokomotive DR 52 3816 \u00d6BB 52.3816 Baujahr 1944 Elektrolokomotiven &#8211; Bilder Elektrolokomotive BB\u00d6 1170.222 \u2013 DR E 45 222 \u2013 \u00d6BB 1245.622 \u2013 \u00d6BB 1245 522-6, Baujahr 1938&nbsp;Elektrolokomotive DR E 94 001 \u2013 \u00d6BB 1020.018-6, Baujahr 1940 &#8211; [&hellip;]","og_url":"https:\/\/ebfl.at\/index.php\/suedbahn-heizhaus\/liste-fahrzeuge\/","og_site_name":"EBFL","article_publisher":"https:\/\/www.facebook.com\/pages\/category\/History-Museum\/EBFLat-301838060596265\/","article_modified_time":"2021-02-23T18:25:27+00:00","twitter_card":"summary_large_image","twitter_misc":{"Gesch\u00e4tzte Lesezeit":"2\u00a0Minuten"},"schema":{"@context":"https:\/\/schema.org","@graph":[{"@type":"WebPage","@id":"https:\/\/ebfl.at\/index.php\/suedbahn-heizhaus\/liste-fahrzeuge\/","url":"https:\/\/ebfl.at\/index.php\/suedbahn-heizhaus\/liste-fahrzeuge\/","name":"Liste Fahrzeuge - EBFL","isPartOf":{"@id":"https:\/\/ebfl.at\/#website"},"datePublished":"2019-01-23T15:12:37+00:00","dateModified":"2021-02-23T18:25:27+00:00","breadcrumb":{"@id":"https:\/\/ebfl.at\/index.php\/suedbahn-heizhaus\/liste-fahrzeuge\/#breadcrumb"},"inLanguage":"de","potentialAction":[{"@type":"ReadAction","target":["https:\/\/ebfl.at\/index.php\/suedbahn-heizhaus\/liste-fahrzeuge\/"]}]},{"@type":"BreadcrumbList","@id":"https:\/\/ebfl.at\/index.php\/suedbahn-heizhaus\/liste-fahrzeuge\/#breadcrumb","itemListElement":[{"@type":"ListItem","position":1,"name":"Startseite","item":"https:\/\/ebfl.at\/"},{"@type":"ListItem","position":2,"name":"Museum","item":"https:\/\/ebfl.at\/index.php\/suedbahn-heizhaus\/"},{"@type":"ListItem","position":3,"name":"Liste Fahrzeuge"}]},{"@type":"WebSite","@id":"https:\/\/ebfl.at\/#website","url":"https:\/\/ebfl.at\/","name":"EBFL Eisenbahnfreunde Lienz","description":"Verein der Eisenbahnfreunde in Lienz","publisher":{"@id":"https:\/\/ebfl.at\/#organization"},"potentialAction":[{"@type":"SearchAction","target":{"@type":"EntryPoint","urlTemplate":"https:\/\/ebfl.at\/?s={search_term_string}"},"query-input":{"@type":"PropertyValueSpecification","valueRequired":true,"valueName":"search_term_string"}}],"inLanguage":"de"},{"@type":"Organization","@id":"https:\/\/ebfl.at\/#organization","name":"EBFL - Eisenbahnfreunde Lienz","url":"https:\/\/ebfl.at\/","logo":{"@type":"ImageObject","inLanguage":"de","@id":"https:\/\/ebfl.at\/#\/schema\/logo\/image\/","url":"https:\/\/ebfl.at\/wp-content\/uploads\/2019\/01\/Eisenbahnfreunde-Lienz.jpg","contentUrl":"https:\/\/ebfl.at\/wp-content\/uploads\/2019\/01\/Eisenbahnfreunde-Lienz.jpg","width":1087,"height":480,"caption":"EBFL - Eisenbahnfreunde Lienz"},"image":{"@id":"https:\/\/ebfl.at\/#\/schema\/logo\/image\/"},"sameAs":["https:\/\/www.facebook.com\/pages\/category\/History-Museum\/EBFLat-301838060596265\/"]}]}},"_links":{"self":[{"href":"https:\/\/ebfl.at\/index.php\/wp-json\/wp\/v2\/pages\/45","targetHints":{"allow":["GET"]}}],"collection":[{"href":"https:\/\/ebfl.at\/index.php\/wp-json\/wp\/v2\/pages"}],"about":[{"href":"https:\/\/ebfl.at\/index.php\/wp-json\/wp\/v2\/types\/page"}],"author":[{"embeddable":true,"href":"https:\/\/ebfl.at\/index.php\/wp-json\/wp\/v2\/users\/1"}],"replies":[{"embeddable":true,"href":"https:\/\/ebfl.at\/index.php\/wp-json\/wp\/v2\/comments?post=45"}],"version-history":[{"count":16,"href":"https:\/\/ebfl.at\/index.php\/wp-json\/wp\/v2\/pages\/45\/revisions"}],"predecessor-version":[{"id":2606,"href":"https:\/\/ebfl.at\/index.php\/wp-json\/wp\/v2\/pages\/45\/revisions\/2606"}],"up":[{"embeddable":true,"href":"https:\/\/ebfl.at\/index.php\/wp-json\/wp\/v2\/pages\/14"}],"wp:attachment":[{"href":"https:\/\/ebfl.at\/index.php\/wp-json\/wp\/v2\/media?parent=45"}],"curies":[{"name":"wp","href":"https:\/\/api.w.org\/{rel}","templated":true}]}}