{"id":4533,"date":"2024-11-14T19:34:59","date_gmt":"2024-11-14T18:34:59","guid":{"rendered":"https:\/\/ebfl.at\/?page_id=4533"},"modified":"2026-03-23T14:01:55","modified_gmt":"2026-03-23T13:01:55","slug":"termine-ausfahrten","status":"publish","type":"page","link":"https:\/\/ebfl.at\/index.php\/termine-ausfahrten\/","title":{"rendered":"Termine Ausfahrten 2026"},"content":{"rendered":"\n<p class=\"has-black-color has-text-color has-link-color wp-elements-bd9249e44402b2957456d7af952d7b0b\"><strong>Ein historisches Erlebnis<\/strong> <br>Der S\u00fcdbahn Express bietet eine einzigartige M\u00f6glichkeit, entschleunigt zu reisen und die Sch\u00f6nheit der Landschaft in Ruhe zu genie\u00dfen. Er besteht aus der E-Lokomotive 1020.18 von 1940 und vier Schlierenwaggons (1967-1978). Sorgf\u00e4ltig restauriert, bietet der Zug in der 1. Klasse komfortable Fauteuils mit Service am Platz und in der 2. Klasse praktische Sitze. Im Speisewaggon werden kleine Gerichte und Getr\u00e4nke serviert. Der S\u00fcdbahn Express ist ein einzigartiges Erlebnis f\u00fcr Eisenbahnfans und solchen, die es noch werden wollen. &nbsp;<\/p>\n\n\n\n<p class=\"has-vivid-red-color has-text-color has-link-color wp-elements-b80a8e9b6fcf6f19f60c4c4d92815ffa\"><a href=\"https:\/\/ebfl.at\/index.php\/nostalgiezug-suedbahn-express\/\"><strong>Nostalgiezug S\u00fcdbahn Express<\/strong><\/a><\/p>\n\n\n\n<p class=\"has-vivid-red-color has-text-color has-link-color wp-elements-71405eb86e0841a874a404927b08da90\"><a href=\"https:\/\/wp.ebfl.at\/index.php\/suedbahn-express\/teilnahmebedingungen\/\"><strong>Teilnahmebedingungen<\/strong><\/a><\/p>\n\n\n\n<p><\/p>\n\n\n\n<p class=\"has-vivid-red-color has-text-color has-link-color wp-elements-2beac58d6fabe61ea2929c82815ea8cc\">____________________________________________________________________________<\/p>\n\n\n\n<figure class=\"wp-block-image size-full\"><img loading=\"lazy\" decoding=\"async\" width=\"800\" height=\"522\" src=\"https:\/\/ebfl.at\/wp-content\/uploads\/2023\/02\/Linz_011\u00a9Linz-Tourismus_M.-Steinkellner.jpg\" alt=\"Linz_011\u00a9Linz-Tourismus_M.-Steinkellner.jpg\" class=\"wp-image-3605\" srcset=\"https:\/\/ebfl.at\/wp-content\/uploads\/2023\/02\/Linz_011\u00a9Linz-Tourismus_M.-Steinkellner.jpg 800w, https:\/\/ebfl.at\/wp-content\/uploads\/2023\/02\/Linz_011\u00a9Linz-Tourismus_M.-Steinkellner-300x196.jpg 300w, https:\/\/ebfl.at\/wp-content\/uploads\/2023\/02\/Linz_011\u00a9Linz-Tourismus_M.-Steinkellner-768x501.jpg 768w\" sizes=\"auto, (max-width: 800px) 100vw, 800px\" \/><\/figure>\n\n\n\n<p>Foto: Linz Tourismus_M. Steinkellner<\/p>\n\n\n\n<p class=\"has-vivid-red-color has-text-color has-link-color wp-elements-ad856455ce5592e5690b6cc4977fa379\">&#8222;<strong>Zu<\/strong> <strong>Christi Himmelfahrt&#8220; &#8211; Ausflug nach Linz 14. &#8211; 16. Mai 2026<\/strong><\/p>\n\n\n\n<p style=\"font-size:14px\">Auch 2026 laden die <strong>Eisenbahnfreunde Lienz<\/strong> zu einer besonderen Reise zu &#8222;Christi Himmelfahrt&#8220; mit dem beliebten <strong>S\u00dcDBAHN-EXPRESS<\/strong> ein. Ziel ist diesmal <strong>Linz an der Donau<\/strong> \u2013 eine Stadt, in der sich Industriegeschichte, Technik, Kultur und Lebensfreude ideal verbinden.<\/p>\n\n\n\n<p style=\"font-size:14px\">Freuen Sie sich auf <strong>drei erlebnisreiche Tage<\/strong> mit abwechslungsreichem Programm:<br>\u2013 Anreise \u00fcber reizvolle Bahnstrecken durch das Drautal, Ennstal und Alpenvorland<br>\u2013 Stadterlebnisse in Linz mit Hafenrundfahrt und exklusiver F\u00fchrung bei der Voestalpine<br>\u2013 Heimreise \u00fcber Steyr und Admont mit Besuch der prachtvollen Stiftsbibliothek<\/p>\n\n\n\n<p style=\"font-size:14px\">Eine Sonderzugfahrt voller Eindr\u00fccke, Gemeinschaft und Entdeckungen \u2013 <strong>mitreisen &amp; mitfreuen!<\/strong><\/p>\n\n\n\n<p style=\"font-size:14px\"><\/p>\n\n\n\n<p style=\"font-size:14px\"><a href=\"https:\/\/ebfl.at\/index.php\/ausflug-zu-christi-himmelfahrt-nach-linz\/\">Erfahren Sie mehr dazu hier<\/a><a href=\"https:\/\/ebfl.at\/index.php\/pfingstausflug-nach-linz\/\"><br><\/a><\/p>\n\n\n\n<p>_______________________________________________________________________________________________________<\/p>\n\n\n\n<p class=\"has-small-font-size\"><\/p>\n\n\n\n<p><\/p>\n\n\n\n<p><\/p>\n\n\n\n<p><strong>10.10. <\/strong>Fahrt nach Zell am See, Umstieg in den Dampfzug, Fahrt bis Mittersill und retour<br>           Aufgrund einer k\u00fcrzlich bekannt gegebenen Streckensperre am 3.10. muss die <br>           Fahrt auf <strong>10.10.<\/strong> verlegt werden<\/p>\n\n\n\n<p><strong>28.11.<\/strong> Christkindlfahrt Salzburg<\/p>\n\n\n\n<p class=\"has-vivid-red-color has-text-color has-link-color wp-elements-6d8046cd81d169a888a187ec354b8d1e\"><strong>Alle Detailinfos dazu demn\u00e4chst online<\/strong><\/p>\n","protected":false},"excerpt":{"rendered":"<p>Ein historisches Erlebnis Der S\u00fcdbahn Express bietet eine einzigartige M\u00f6glichkeit, entschleunigt zu reisen und die Sch\u00f6nheit der Landschaft in Ruhe zu genie\u00dfen. Er besteht aus der E-Lokomotive 1020.18 von 1940 und vier Schlierenwaggons (1967-1978). Sorgf\u00e4ltig restauriert, bietet der Zug in der 1. Klasse komfortable Fauteuils mit Service am Platz und in der 2. Klasse praktische [&hellip;]<\/p>\n","protected":false},"author":2,"featured_media":0,"parent":0,"menu_order":0,"comment_status":"closed","ping_status":"closed","template":"","meta":{"footnotes":""},"class_list":["post-4533","page","type-page","status-publish","hentry"],"yoast_head":"<!-- This site is optimized with the Yoast SEO plugin v27.3 - https:\/\/yoast.com\/product\/yoast-seo-wordpress\/ -->\n<title>Termine Ausfahrten 2026 - EBFL<\/title>\n<meta name=\"robots\" content=\"index, follow, max-snippet:-1, max-image-preview:large, max-video-preview:-1\" \/>\n<link rel=\"canonical\" href=\"https:\/\/ebfl.at\/index.php\/termine-ausfahrten\/\" \/>\n<meta property=\"og:locale\" content=\"de_DE\" \/>\n<meta property=\"og:type\" content=\"article\" \/>\n<meta property=\"og:title\" content=\"Termine Ausfahrten 2026 - EBFL\" \/>\n<meta property=\"og:description\" content=\"Ein historisches Erlebnis Der S\u00fcdbahn Express bietet eine einzigartige M\u00f6glichkeit, entschleunigt zu reisen und die Sch\u00f6nheit der Landschaft in Ruhe zu genie\u00dfen. Er besteht aus der E-Lokomotive 1020.18 von 1940 und vier Schlierenwaggons (1967-1978). Sorgf\u00e4ltig restauriert, bietet der Zug in der 1. Klasse komfortable Fauteuils mit Service am Platz und in der 2. Klasse praktische [&hellip;]\" \/>\n<meta property=\"og:url\" content=\"https:\/\/ebfl.at\/index.php\/termine-ausfahrten\/\" \/>\n<meta property=\"og:site_name\" content=\"EBFL\" \/>\n<meta property=\"article:publisher\" content=\"https:\/\/www.facebook.com\/pages\/category\/History-Museum\/EBFLat-301838060596265\/\" \/>\n<meta property=\"article:modified_time\" content=\"2026-03-23T13:01:55+00:00\" \/>\n<meta name=\"twitter:card\" content=\"summary_large_image\" \/>\n<meta name=\"twitter:label1\" content=\"Gesch\u00e4tzte Lesezeit\" \/>\n\t<meta name=\"twitter:data1\" content=\"2\u00a0Minuten\" \/>\n<script type=\"application\/ld+json\" class=\"yoast-schema-graph\">{\"@context\":\"https:\\\/\\\/schema.org\",\"@graph\":[{\"@type\":\"WebPage\",\"@id\":\"https:\\\/\\\/ebfl.at\\\/index.php\\\/termine-ausfahrten\\\/\",\"url\":\"https:\\\/\\\/ebfl.at\\\/index.php\\\/termine-ausfahrten\\\/\",\"name\":\"Termine Ausfahrten 2026 - EBFL\",\"isPartOf\":{\"@id\":\"https:\\\/\\\/ebfl.at\\\/#website\"},\"datePublished\":\"2024-11-14T18:34:59+00:00\",\"dateModified\":\"2026-03-23T13:01:55+00:00\",\"breadcrumb\":{\"@id\":\"https:\\\/\\\/ebfl.at\\\/index.php\\\/termine-ausfahrten\\\/#breadcrumb\"},\"inLanguage\":\"de\",\"potentialAction\":[{\"@type\":\"ReadAction\",\"target\":[\"https:\\\/\\\/ebfl.at\\\/index.php\\\/termine-ausfahrten\\\/\"]}]},{\"@type\":\"BreadcrumbList\",\"@id\":\"https:\\\/\\\/ebfl.at\\\/index.php\\\/termine-ausfahrten\\\/#breadcrumb\",\"itemListElement\":[{\"@type\":\"ListItem\",\"position\":1,\"name\":\"Startseite\",\"item\":\"https:\\\/\\\/ebfl.at\\\/\"},{\"@type\":\"ListItem\",\"position\":2,\"name\":\"Termine Ausfahrten 2026\"}]},{\"@type\":\"WebSite\",\"@id\":\"https:\\\/\\\/ebfl.at\\\/#website\",\"url\":\"https:\\\/\\\/ebfl.at\\\/\",\"name\":\"EBFL Eisenbahnfreunde Lienz\",\"description\":\"Verein der Eisenbahnfreunde in Lienz\",\"publisher\":{\"@id\":\"https:\\\/\\\/ebfl.at\\\/#organization\"},\"potentialAction\":[{\"@type\":\"SearchAction\",\"target\":{\"@type\":\"EntryPoint\",\"urlTemplate\":\"https:\\\/\\\/ebfl.at\\\/?s={search_term_string}\"},\"query-input\":{\"@type\":\"PropertyValueSpecification\",\"valueRequired\":true,\"valueName\":\"search_term_string\"}}],\"inLanguage\":\"de\"},{\"@type\":\"Organization\",\"@id\":\"https:\\\/\\\/ebfl.at\\\/#organization\",\"name\":\"EBFL - Eisenbahnfreunde Lienz\",\"url\":\"https:\\\/\\\/ebfl.at\\\/\",\"logo\":{\"@type\":\"ImageObject\",\"inLanguage\":\"de\",\"@id\":\"https:\\\/\\\/ebfl.at\\\/#\\\/schema\\\/logo\\\/image\\\/\",\"url\":\"https:\\\/\\\/ebfl.at\\\/wp-content\\\/uploads\\\/2019\\\/01\\\/Eisenbahnfreunde-Lienz.jpg\",\"contentUrl\":\"https:\\\/\\\/ebfl.at\\\/wp-content\\\/uploads\\\/2019\\\/01\\\/Eisenbahnfreunde-Lienz.jpg\",\"width\":1087,\"height\":480,\"caption\":\"EBFL - Eisenbahnfreunde Lienz\"},\"image\":{\"@id\":\"https:\\\/\\\/ebfl.at\\\/#\\\/schema\\\/logo\\\/image\\\/\"},\"sameAs\":[\"https:\\\/\\\/www.facebook.com\\\/pages\\\/category\\\/History-Museum\\\/EBFLat-301838060596265\\\/\"]}]}<\/script>\n<!-- \/ Yoast SEO plugin. -->","yoast_head_json":{"title":"Termine Ausfahrten 2026 - EBFL","robots":{"index":"index","follow":"follow","max-snippet":"max-snippet:-1","max-image-preview":"max-image-preview:large","max-video-preview":"max-video-preview:-1"},"canonical":"https:\/\/ebfl.at\/index.php\/termine-ausfahrten\/","og_locale":"de_DE","og_type":"article","og_title":"Termine Ausfahrten 2026 - EBFL","og_description":"Ein historisches Erlebnis Der S\u00fcdbahn Express bietet eine einzigartige M\u00f6glichkeit, entschleunigt zu reisen und die Sch\u00f6nheit der Landschaft in Ruhe zu genie\u00dfen. Er besteht aus der E-Lokomotive 1020.18 von 1940 und vier Schlierenwaggons (1967-1978). Sorgf\u00e4ltig restauriert, bietet der Zug in der 1. Klasse komfortable Fauteuils mit Service am Platz und in der 2. Klasse praktische [&hellip;]","og_url":"https:\/\/ebfl.at\/index.php\/termine-ausfahrten\/","og_site_name":"EBFL","article_publisher":"https:\/\/www.facebook.com\/pages\/category\/History-Museum\/EBFLat-301838060596265\/","article_modified_time":"2026-03-23T13:01:55+00:00","twitter_card":"summary_large_image","twitter_misc":{"Gesch\u00e4tzte Lesezeit":"2\u00a0Minuten"},"schema":{"@context":"https:\/\/schema.org","@graph":[{"@type":"WebPage","@id":"https:\/\/ebfl.at\/index.php\/termine-ausfahrten\/","url":"https:\/\/ebfl.at\/index.php\/termine-ausfahrten\/","name":"Termine Ausfahrten 2026 - EBFL","isPartOf":{"@id":"https:\/\/ebfl.at\/#website"},"datePublished":"2024-11-14T18:34:59+00:00","dateModified":"2026-03-23T13:01:55+00:00","breadcrumb":{"@id":"https:\/\/ebfl.at\/index.php\/termine-ausfahrten\/#breadcrumb"},"inLanguage":"de","potentialAction":[{"@type":"ReadAction","target":["https:\/\/ebfl.at\/index.php\/termine-ausfahrten\/"]}]},{"@type":"BreadcrumbList","@id":"https:\/\/ebfl.at\/index.php\/termine-ausfahrten\/#breadcrumb","itemListElement":[{"@type":"ListItem","position":1,"name":"Startseite","item":"https:\/\/ebfl.at\/"},{"@type":"ListItem","position":2,"name":"Termine Ausfahrten 2026"}]},{"@type":"WebSite","@id":"https:\/\/ebfl.at\/#website","url":"https:\/\/ebfl.at\/","name":"EBFL Eisenbahnfreunde Lienz","description":"Verein der Eisenbahnfreunde in Lienz","publisher":{"@id":"https:\/\/ebfl.at\/#organization"},"potentialAction":[{"@type":"SearchAction","target":{"@type":"EntryPoint","urlTemplate":"https:\/\/ebfl.at\/?s={search_term_string}"},"query-input":{"@type":"PropertyValueSpecification","valueRequired":true,"valueName":"search_term_string"}}],"inLanguage":"de"},{"@type":"Organization","@id":"https:\/\/ebfl.at\/#organization","name":"EBFL - Eisenbahnfreunde Lienz","url":"https:\/\/ebfl.at\/","logo":{"@type":"ImageObject","inLanguage":"de","@id":"https:\/\/ebfl.at\/#\/schema\/logo\/image\/","url":"https:\/\/ebfl.at\/wp-content\/uploads\/2019\/01\/Eisenbahnfreunde-Lienz.jpg","contentUrl":"https:\/\/ebfl.at\/wp-content\/uploads\/2019\/01\/Eisenbahnfreunde-Lienz.jpg","width":1087,"height":480,"caption":"EBFL - Eisenbahnfreunde Lienz"},"image":{"@id":"https:\/\/ebfl.at\/#\/schema\/logo\/image\/"},"sameAs":["https:\/\/www.facebook.com\/pages\/category\/History-Museum\/EBFLat-301838060596265\/"]}]}},"_links":{"self":[{"href":"https:\/\/ebfl.at\/index.php\/wp-json\/wp\/v2\/pages\/4533","targetHints":{"allow":["GET"]}}],"collection":[{"href":"https:\/\/ebfl.at\/index.php\/wp-json\/wp\/v2\/pages"}],"about":[{"href":"https:\/\/ebfl.at\/index.php\/wp-json\/wp\/v2\/types\/page"}],"author":[{"embeddable":true,"href":"https:\/\/ebfl.at\/index.php\/wp-json\/wp\/v2\/users\/2"}],"replies":[{"embeddable":true,"href":"https:\/\/ebfl.at\/index.php\/wp-json\/wp\/v2\/comments?post=4533"}],"version-history":[{"count":27,"href":"https:\/\/ebfl.at\/index.php\/wp-json\/wp\/v2\/pages\/4533\/revisions"}],"predecessor-version":[{"id":5117,"href":"https:\/\/ebfl.at\/index.php\/wp-json\/wp\/v2\/pages\/4533\/revisions\/5117"}],"wp:attachment":[{"href":"https:\/\/ebfl.at\/index.php\/wp-json\/wp\/v2\/media?parent=4533"}],"curies":[{"name":"wp","href":"https:\/\/api.w.org\/{rel}","templated":true}]}}