{"id":4661,"date":"2025-01-28T08:59:25","date_gmt":"2025-01-28T07:59:25","guid":{"rendered":"https:\/\/ebfl.at\/?page_id=4661"},"modified":"2025-11-12T17:35:47","modified_gmt":"2025-11-12T16:35:47","slug":"christkindlfahrt-salzburg-2","status":"publish","type":"page","link":"https:\/\/ebfl.at\/index.php\/christkindlfahrt-salzburg-2\/","title":{"rendered":"CHRISTKINDLFAHRT SALZBURG"},"content":{"rendered":"\n<p><strong>29.11.2025  Tagesfahrt<\/strong><\/p>\n\n\n\n<figure class=\"wp-block-image size-large is-resized\"><img loading=\"lazy\" decoding=\"async\" width=\"1024\" height=\"683\" src=\"https:\/\/ebfl.at\/wp-content\/uploads\/2024\/11\/Salzburg-2016_Martin-Kolenig_klein-1024x683.jpg\" alt=\"\" class=\"wp-image-4592\" style=\"width:427px;height:auto\" srcset=\"https:\/\/ebfl.at\/wp-content\/uploads\/2024\/11\/Salzburg-2016_Martin-Kolenig_klein-1024x683.jpg 1024w, https:\/\/ebfl.at\/wp-content\/uploads\/2024\/11\/Salzburg-2016_Martin-Kolenig_klein-300x200.jpg 300w, https:\/\/ebfl.at\/wp-content\/uploads\/2024\/11\/Salzburg-2016_Martin-Kolenig_klein-768x512.jpg 768w, https:\/\/ebfl.at\/wp-content\/uploads\/2024\/11\/Salzburg-2016_Martin-Kolenig_klein.jpg 1200w\" sizes=\"auto, (max-width: 1024px) 100vw, 1024px\" \/><\/figure>\n\n\n\n<p class=\"has-small-font-size\">EBFL: Foto Martin Kolenig<\/p>\n\n\n\n<p>Der Salzburger Christkindlmarkt ist in der Tat ein zauberhaftes Erlebnis, das Sie nach der Tauernsperre nicht verpassen sollten. Dieser historische Markt, der seit 1974 in seiner heutigen Form besteht, findet im Herzen der UNESCO-Weltkulturerbe Altstadt Salzburg statt.<\/p>\n\n\n\n<p>Beim Schlendern \u00fcber den Dom- und Residenzplatz, aber auch am Mirabellplatz k\u00f6nnen Sie eine Vielzahl von Attraktionen genie\u00dfen:<\/p>\n\n\n\n<ul class=\"wp-block-list\">\n<li><strong>Handgefertigte Geschenke<\/strong>: Traditionelle Verkaufsst\u00e4nde bieten eine breite Palette an Produkten, von Christbaumschmuck bis hin zu lokalen Handwerksarbeiten.<\/li>\n\n\n\n<li><strong>Kulinarische K\u00f6stlichkeiten<\/strong>: Genie\u00dfen Sie \u00f6sterreichische Spezialit\u00e4ten, gebrannte Mandeln, Gl\u00fchwein und Punsch.<\/li>\n\n\n\n<li><strong>Festliche Atmosph\u00e4re<\/strong>: Ein eigens entworfener &#8222;Sternenhimmel&#8220; \u00fcberspannt den Markt und sorgt f\u00fcr eine stimmungsvolle Beleuchtung.<\/li>\n\n\n\n<li>Die M\u00e4rkte sind barrierefrei zug\u00e4nglich und der Eintritt ist kostenlos.<\/li>\n\n\n\n<li><\/li>\n\n\n\n<li>Erkunden Sie auch die umliegende <strong>Altstadt<\/strong>, die mit der Festung Hohensalzburg und dem Salzburger Dom eine beeindruckende Kulisse bietet.<\/li>\n\n\n\n<li><\/li>\n<\/ul>\n\n\n\n<p><\/p>\n\n\n\n<p>Der Salzburger Christkindlmarkt verspricht ein unvergessliches Erlebnis mit seiner einzigartigen Mischung aus Tradition, Kultur und festlicher Stimmung. Es ist der perfekte Ort, um die Vorweihnachtszeit in einer der sch\u00f6nsten St\u00e4dte \u00d6sterreichs zu genie\u00dfen<a href=\"https:\/\/bodyandsoulinternational.com\/de\/ereignisse-2025\/2497-Salzburger-Christkindlmarkt-2025\" target=\"_blank\" rel=\"noreferrer noopener\"><\/a>.<\/p>\n\n\n\n<p class=\"has-vivid-cyan-blue-color has-text-color has-link-color wp-elements-2248a41af254ad4c210045a927d59264\"><strong>Information kompakt:<\/strong><\/p>\n\n\n\n<p>Abfahrt Lienz um ca. 7:30 h Richtung Spittal-Millst\u00e4ttersee. Fahrt \u00fcber Mallnitz, Schwarzach\/St. Veit nach Salzburg Hauptbahnhof. Ankunft ca. 11:00 h. Transfer mit dem O-Bus in die Innenstadt von Salzburg (Hanuschplatz). Zeit zur freien Verf\u00fcgung.<\/p>\n\n\n\n<p>R\u00fcckfahrt ab Hanuschplatz mit dem O-Bus (ca. 16:30 h), bzw. zu Fu\u00df zum Hauptbahnhof. Abfahrt S\u00fcdbahn Express ca. 17:20 h. Genaue Fahrzeiten werden im Oktober online gestellt.<\/p>\n\n\n\n<p class=\"has-vivid-red-color has-text-color has-link-color wp-elements-78cde9ff510d08768beb97f95bdcfb93\"><strong>Preise:<\/strong> 1. Klasse ausgebucht<\/p>\n\n\n\n<figure class=\"wp-block-table\"><table class=\"has-fixed-layout\"><tbody><tr><td>Bahnhof<\/td><td>1. Klasse<\/td><td>2. Klasse<\/td><\/tr><tr><td>Lienz<\/td><td>98,00<\/td><td>78,00<\/td><\/tr><tr><td>D\u00f6lsach<\/td><td>98,00<\/td><td>78,00<\/td><\/tr><tr><td>Oberdrauburg<\/td><td>96,00<\/td><td>76,00<\/td><\/tr><tr><td>Dellach\/Drau<\/td><td>96,00<\/td><td>76,00<\/td><\/tr><tr><td>Greifenburg-Weissensee<\/td><td>94,00<\/td><td>74,00<\/td><\/tr><tr><td>Steinfeld<\/td><td>94,00<\/td><td>74,00<\/td><\/tr><tr><td>M\u00f6llbr\u00fccke<\/td><td>92,00<\/td><td>72,00<\/td><\/tr><tr><td>Spittal\/Millst\u00e4ttersee<\/td><td>90,00<\/td><td>70,00<\/td><\/tr><tr><td>Mallnitz-Obervellach<\/td><td>88,00<\/td><td>68,00<\/td><\/tr><tr><td>Schwarzach\/St. Veit<\/td><td>84,00<\/td><td>64,00<\/td><\/tr><\/tbody><\/table><\/figure>\n\n\n\n<p><a>Kinder bis 5 Jahre frei (ohne Anspruch auf Sitzplatz).<br>Kinder von 6 \u2013 12 Jahren 50 % Erm\u00e4\u00dfigung auf die angef\u00fchrten Preise.<\/a><\/p>\n\n\n\n<p class=\"has-vivid-red-color has-text-color has-link-color wp-elements-5ce2834555d77d464fada7df8005fc50\"><strong>Aufgrund eines technischen Defekts verkehrt dieser Zug ohne Speisewagen. Wir k\u00f6nnen Ihnen daher leider auch kein Fr\u00fchst\u00fcck wie gewohnt anbieten. Unser mobiles Bordservice steht Ihnen jedoch mit warmen und kalten Getr\u00e4nken sowie mit frischen Wurst- und K\u00e4sesemmeln zur Verf\u00fcgung. Wir danken Ihnen f\u00fcr Ihr Verst\u00e4ndnis.<\/strong><\/p>\n\n\n\n<p><\/p>\n\n\n\n<div class=\"wp-block-columns is-layout-flex wp-container-core-columns-is-layout-9d6595d7 wp-block-columns-is-layout-flex\">\n<div class=\"wp-block-column is-layout-flow wp-block-column-is-layout-flow\" style=\"flex-basis:100%\">\n<p><strong>Fahrplan<\/strong> <\/p>\n\n\n\n<figure class=\"wp-block-table\"><table class=\"has-fixed-layout\"><tbody><tr><td>Bahnhof<\/td><td>Abfahrt<\/td><td>Ankunft<\/td><\/tr><tr><td>Lienz<\/td><td>07:33<\/td><td>20:52<\/td><\/tr><tr><td>D\u00f6lsach<\/td><td>07:39<\/td><td>20:48<\/td><\/tr><tr><td>Oberdrauburg<\/td><td>07:49<\/td><td>20:39<\/td><\/tr><tr><td>Dellach i. D.<\/td><td>07:57<\/td><td>20:33<\/td><\/tr><tr><td>Greifenburg<\/td><td>08:05<\/td><td>20:26<\/td><\/tr><tr><td>Steinfeld<\/td><td>08:11<\/td><td>20:21<\/td><\/tr><tr><td>M\u00f6llbr\u00fccke<\/td><td>08:23<\/td><td>20:04<\/td><\/tr><tr><td>Spittal\/M.<\/td><td>08:52<\/td><td>19:37<\/td><\/tr><tr><td>Mallnitz-Obervellach<\/td><td>09:19<\/td><td>19:15<\/td><\/tr><tr><td>Schwarzach-St. Veit<\/td><td>09:59<\/td><td>18:42<\/td><\/tr><tr><td>Salzburg<\/td><td><strong>an 10:55\/ab 17:39<\/strong><\/td><td><\/td><\/tr><\/tbody><\/table><\/figure>\n<\/div>\n<\/div>\n\n\n\n<p><strong>Inkludierte Leistungen:<\/strong><\/p>\n\n\n\n<p>Fahrt mit dem Nostalgiezug S\u00fcdbahn Express hin und retour<br>O-Bustransfer in Salzburg hin und retour<br><\/p>\n\n\n\n<p><a>Es gelten die allgemeinen Teilnahmebedingungen:<br><\/a><a href=\"https:\/\/ebfl.at\/index.php\/suedbahn-express\/teilnahmebedingungen\/\">https:\/\/ebfl.at\/index.php\/suedbahn-express\/teilnahmebedingungen\/<\/a><\/p>\n\n\n\n<p><\/p>\n\n\n\n<product-catalog-widget widget-id=\"b51d992f-5fa1-4789-8f4f-8952b5f529a4\"><\/product-catalog-widget><script type=\"text\/javascript\" src=\"https:\/\/widgets.regiondo.net\/catalog\/v1\/catalog-widget.min.js\"><\/script>\n\n\n\n<p><\/p>\n","protected":false},"excerpt":{"rendered":"<p>29.11.2025 Tagesfahrt EBFL: Foto Martin Kolenig Der Salzburger Christkindlmarkt ist in der Tat ein zauberhaftes Erlebnis, das Sie nach der Tauernsperre nicht verpassen sollten. Dieser historische Markt, der seit 1974 in seiner heutigen Form besteht, findet im Herzen der UNESCO-Weltkulturerbe Altstadt Salzburg statt. Beim Schlendern \u00fcber den Dom- und Residenzplatz, aber auch am Mirabellplatz k\u00f6nnen [&hellip;]<\/p>\n","protected":false},"author":2,"featured_media":0,"parent":0,"menu_order":0,"comment_status":"closed","ping_status":"closed","template":"","meta":{"footnotes":""},"class_list":["post-4661","page","type-page","status-publish","hentry"],"yoast_head":"<!-- This site is optimized with the Yoast SEO plugin v27.4 - https:\/\/yoast.com\/product\/yoast-seo-wordpress\/ -->\n<title>CHRISTKINDLFAHRT SALZBURG - EBFL<\/title>\n<meta name=\"robots\" content=\"index, follow, max-snippet:-1, max-image-preview:large, max-video-preview:-1\" \/>\n<link rel=\"canonical\" href=\"https:\/\/ebfl.at\/index.php\/christkindlfahrt-salzburg-2\/\" \/>\n<meta property=\"og:locale\" content=\"de_DE\" \/>\n<meta property=\"og:type\" content=\"article\" \/>\n<meta property=\"og:title\" content=\"CHRISTKINDLFAHRT SALZBURG - EBFL\" \/>\n<meta property=\"og:description\" content=\"29.11.2025 Tagesfahrt EBFL: Foto Martin Kolenig Der Salzburger Christkindlmarkt ist in der Tat ein zauberhaftes Erlebnis, das Sie nach der Tauernsperre nicht verpassen sollten. Dieser historische Markt, der seit 1974 in seiner heutigen Form besteht, findet im Herzen der UNESCO-Weltkulturerbe Altstadt Salzburg statt. Beim Schlendern \u00fcber den Dom- und Residenzplatz, aber auch am Mirabellplatz k\u00f6nnen [&hellip;]\" \/>\n<meta property=\"og:url\" content=\"https:\/\/ebfl.at\/index.php\/christkindlfahrt-salzburg-2\/\" \/>\n<meta property=\"og:site_name\" content=\"EBFL\" \/>\n<meta property=\"article:publisher\" content=\"https:\/\/www.facebook.com\/pages\/category\/History-Museum\/EBFLat-301838060596265\/\" \/>\n<meta property=\"article:modified_time\" content=\"2025-11-12T16:35:47+00:00\" \/>\n<meta property=\"og:image\" content=\"https:\/\/ebfl.at\/wp-content\/uploads\/2024\/11\/Salzburg-2016_Martin-Kolenig_klein.jpg\" \/>\n\t<meta property=\"og:image:width\" content=\"1200\" \/>\n\t<meta property=\"og:image:height\" content=\"800\" \/>\n\t<meta property=\"og:image:type\" content=\"image\/jpeg\" \/>\n<meta name=\"twitter:card\" content=\"summary_large_image\" \/>\n<meta name=\"twitter:label1\" content=\"Gesch\u00e4tzte Lesezeit\" \/>\n\t<meta name=\"twitter:data1\" content=\"3\u00a0Minuten\" \/>\n<script type=\"application\/ld+json\" class=\"yoast-schema-graph\">{\"@context\":\"https:\\\/\\\/schema.org\",\"@graph\":[{\"@type\":\"WebPage\",\"@id\":\"https:\\\/\\\/ebfl.at\\\/index.php\\\/christkindlfahrt-salzburg-2\\\/\",\"url\":\"https:\\\/\\\/ebfl.at\\\/index.php\\\/christkindlfahrt-salzburg-2\\\/\",\"name\":\"CHRISTKINDLFAHRT SALZBURG - EBFL\",\"isPartOf\":{\"@id\":\"https:\\\/\\\/ebfl.at\\\/#website\"},\"primaryImageOfPage\":{\"@id\":\"https:\\\/\\\/ebfl.at\\\/index.php\\\/christkindlfahrt-salzburg-2\\\/#primaryimage\"},\"image\":{\"@id\":\"https:\\\/\\\/ebfl.at\\\/index.php\\\/christkindlfahrt-salzburg-2\\\/#primaryimage\"},\"thumbnailUrl\":\"https:\\\/\\\/ebfl.at\\\/wp-content\\\/uploads\\\/2024\\\/11\\\/Salzburg-2016_Martin-Kolenig_klein-1024x683.jpg\",\"datePublished\":\"2025-01-28T07:59:25+00:00\",\"dateModified\":\"2025-11-12T16:35:47+00:00\",\"breadcrumb\":{\"@id\":\"https:\\\/\\\/ebfl.at\\\/index.php\\\/christkindlfahrt-salzburg-2\\\/#breadcrumb\"},\"inLanguage\":\"de\",\"potentialAction\":[{\"@type\":\"ReadAction\",\"target\":[\"https:\\\/\\\/ebfl.at\\\/index.php\\\/christkindlfahrt-salzburg-2\\\/\"]}]},{\"@type\":\"ImageObject\",\"inLanguage\":\"de\",\"@id\":\"https:\\\/\\\/ebfl.at\\\/index.php\\\/christkindlfahrt-salzburg-2\\\/#primaryimage\",\"url\":\"https:\\\/\\\/ebfl.at\\\/wp-content\\\/uploads\\\/2024\\\/11\\\/Salzburg-2016_Martin-Kolenig_klein.jpg\",\"contentUrl\":\"https:\\\/\\\/ebfl.at\\\/wp-content\\\/uploads\\\/2024\\\/11\\\/Salzburg-2016_Martin-Kolenig_klein.jpg\",\"width\":1200,\"height\":800},{\"@type\":\"BreadcrumbList\",\"@id\":\"https:\\\/\\\/ebfl.at\\\/index.php\\\/christkindlfahrt-salzburg-2\\\/#breadcrumb\",\"itemListElement\":[{\"@type\":\"ListItem\",\"position\":1,\"name\":\"Startseite\",\"item\":\"https:\\\/\\\/ebfl.at\\\/\"},{\"@type\":\"ListItem\",\"position\":2,\"name\":\"CHRISTKINDLFAHRT SALZBURG\"}]},{\"@type\":\"WebSite\",\"@id\":\"https:\\\/\\\/ebfl.at\\\/#website\",\"url\":\"https:\\\/\\\/ebfl.at\\\/\",\"name\":\"EBFL Eisenbahnfreunde Lienz\",\"description\":\"Verein der Eisenbahnfreunde in Lienz\",\"publisher\":{\"@id\":\"https:\\\/\\\/ebfl.at\\\/#organization\"},\"potentialAction\":[{\"@type\":\"SearchAction\",\"target\":{\"@type\":\"EntryPoint\",\"urlTemplate\":\"https:\\\/\\\/ebfl.at\\\/?s={search_term_string}\"},\"query-input\":{\"@type\":\"PropertyValueSpecification\",\"valueRequired\":true,\"valueName\":\"search_term_string\"}}],\"inLanguage\":\"de\"},{\"@type\":\"Organization\",\"@id\":\"https:\\\/\\\/ebfl.at\\\/#organization\",\"name\":\"EBFL - Eisenbahnfreunde Lienz\",\"url\":\"https:\\\/\\\/ebfl.at\\\/\",\"logo\":{\"@type\":\"ImageObject\",\"inLanguage\":\"de\",\"@id\":\"https:\\\/\\\/ebfl.at\\\/#\\\/schema\\\/logo\\\/image\\\/\",\"url\":\"https:\\\/\\\/ebfl.at\\\/wp-content\\\/uploads\\\/2019\\\/01\\\/Eisenbahnfreunde-Lienz.jpg\",\"contentUrl\":\"https:\\\/\\\/ebfl.at\\\/wp-content\\\/uploads\\\/2019\\\/01\\\/Eisenbahnfreunde-Lienz.jpg\",\"width\":1087,\"height\":480,\"caption\":\"EBFL - Eisenbahnfreunde Lienz\"},\"image\":{\"@id\":\"https:\\\/\\\/ebfl.at\\\/#\\\/schema\\\/logo\\\/image\\\/\"},\"sameAs\":[\"https:\\\/\\\/www.facebook.com\\\/pages\\\/category\\\/History-Museum\\\/EBFLat-301838060596265\\\/\"]}]}<\/script>\n<!-- \/ Yoast SEO plugin. -->","yoast_head_json":{"title":"CHRISTKINDLFAHRT SALZBURG - EBFL","robots":{"index":"index","follow":"follow","max-snippet":"max-snippet:-1","max-image-preview":"max-image-preview:large","max-video-preview":"max-video-preview:-1"},"canonical":"https:\/\/ebfl.at\/index.php\/christkindlfahrt-salzburg-2\/","og_locale":"de_DE","og_type":"article","og_title":"CHRISTKINDLFAHRT SALZBURG - EBFL","og_description":"29.11.2025 Tagesfahrt EBFL: Foto Martin Kolenig Der Salzburger Christkindlmarkt ist in der Tat ein zauberhaftes Erlebnis, das Sie nach der Tauernsperre nicht verpassen sollten. Dieser historische Markt, der seit 1974 in seiner heutigen Form besteht, findet im Herzen der UNESCO-Weltkulturerbe Altstadt Salzburg statt. Beim Schlendern \u00fcber den Dom- und Residenzplatz, aber auch am Mirabellplatz k\u00f6nnen [&hellip;]","og_url":"https:\/\/ebfl.at\/index.php\/christkindlfahrt-salzburg-2\/","og_site_name":"EBFL","article_publisher":"https:\/\/www.facebook.com\/pages\/category\/History-Museum\/EBFLat-301838060596265\/","article_modified_time":"2025-11-12T16:35:47+00:00","og_image":[{"width":1200,"height":800,"url":"https:\/\/ebfl.at\/wp-content\/uploads\/2024\/11\/Salzburg-2016_Martin-Kolenig_klein.jpg","type":"image\/jpeg"}],"twitter_card":"summary_large_image","twitter_misc":{"Gesch\u00e4tzte Lesezeit":"3\u00a0Minuten"},"schema":{"@context":"https:\/\/schema.org","@graph":[{"@type":"WebPage","@id":"https:\/\/ebfl.at\/index.php\/christkindlfahrt-salzburg-2\/","url":"https:\/\/ebfl.at\/index.php\/christkindlfahrt-salzburg-2\/","name":"CHRISTKINDLFAHRT SALZBURG - EBFL","isPartOf":{"@id":"https:\/\/ebfl.at\/#website"},"primaryImageOfPage":{"@id":"https:\/\/ebfl.at\/index.php\/christkindlfahrt-salzburg-2\/#primaryimage"},"image":{"@id":"https:\/\/ebfl.at\/index.php\/christkindlfahrt-salzburg-2\/#primaryimage"},"thumbnailUrl":"https:\/\/ebfl.at\/wp-content\/uploads\/2024\/11\/Salzburg-2016_Martin-Kolenig_klein-1024x683.jpg","datePublished":"2025-01-28T07:59:25+00:00","dateModified":"2025-11-12T16:35:47+00:00","breadcrumb":{"@id":"https:\/\/ebfl.at\/index.php\/christkindlfahrt-salzburg-2\/#breadcrumb"},"inLanguage":"de","potentialAction":[{"@type":"ReadAction","target":["https:\/\/ebfl.at\/index.php\/christkindlfahrt-salzburg-2\/"]}]},{"@type":"ImageObject","inLanguage":"de","@id":"https:\/\/ebfl.at\/index.php\/christkindlfahrt-salzburg-2\/#primaryimage","url":"https:\/\/ebfl.at\/wp-content\/uploads\/2024\/11\/Salzburg-2016_Martin-Kolenig_klein.jpg","contentUrl":"https:\/\/ebfl.at\/wp-content\/uploads\/2024\/11\/Salzburg-2016_Martin-Kolenig_klein.jpg","width":1200,"height":800},{"@type":"BreadcrumbList","@id":"https:\/\/ebfl.at\/index.php\/christkindlfahrt-salzburg-2\/#breadcrumb","itemListElement":[{"@type":"ListItem","position":1,"name":"Startseite","item":"https:\/\/ebfl.at\/"},{"@type":"ListItem","position":2,"name":"CHRISTKINDLFAHRT SALZBURG"}]},{"@type":"WebSite","@id":"https:\/\/ebfl.at\/#website","url":"https:\/\/ebfl.at\/","name":"EBFL Eisenbahnfreunde Lienz","description":"Verein der Eisenbahnfreunde in Lienz","publisher":{"@id":"https:\/\/ebfl.at\/#organization"},"potentialAction":[{"@type":"SearchAction","target":{"@type":"EntryPoint","urlTemplate":"https:\/\/ebfl.at\/?s={search_term_string}"},"query-input":{"@type":"PropertyValueSpecification","valueRequired":true,"valueName":"search_term_string"}}],"inLanguage":"de"},{"@type":"Organization","@id":"https:\/\/ebfl.at\/#organization","name":"EBFL - Eisenbahnfreunde Lienz","url":"https:\/\/ebfl.at\/","logo":{"@type":"ImageObject","inLanguage":"de","@id":"https:\/\/ebfl.at\/#\/schema\/logo\/image\/","url":"https:\/\/ebfl.at\/wp-content\/uploads\/2019\/01\/Eisenbahnfreunde-Lienz.jpg","contentUrl":"https:\/\/ebfl.at\/wp-content\/uploads\/2019\/01\/Eisenbahnfreunde-Lienz.jpg","width":1087,"height":480,"caption":"EBFL - Eisenbahnfreunde Lienz"},"image":{"@id":"https:\/\/ebfl.at\/#\/schema\/logo\/image\/"},"sameAs":["https:\/\/www.facebook.com\/pages\/category\/History-Museum\/EBFLat-301838060596265\/"]}]}},"_links":{"self":[{"href":"https:\/\/ebfl.at\/index.php\/wp-json\/wp\/v2\/pages\/4661","targetHints":{"allow":["GET"]}}],"collection":[{"href":"https:\/\/ebfl.at\/index.php\/wp-json\/wp\/v2\/pages"}],"about":[{"href":"https:\/\/ebfl.at\/index.php\/wp-json\/wp\/v2\/types\/page"}],"author":[{"embeddable":true,"href":"https:\/\/ebfl.at\/index.php\/wp-json\/wp\/v2\/users\/2"}],"replies":[{"embeddable":true,"href":"https:\/\/ebfl.at\/index.php\/wp-json\/wp\/v2\/comments?post=4661"}],"version-history":[{"count":14,"href":"https:\/\/ebfl.at\/index.php\/wp-json\/wp\/v2\/pages\/4661\/revisions"}],"predecessor-version":[{"id":4937,"href":"https:\/\/ebfl.at\/index.php\/wp-json\/wp\/v2\/pages\/4661\/revisions\/4937"}],"wp:attachment":[{"href":"https:\/\/ebfl.at\/index.php\/wp-json\/wp\/v2\/media?parent=4661"}],"curies":[{"name":"wp","href":"https:\/\/api.w.org\/{rel}","templated":true}]}}