{"id":47,"date":"2019-01-23T16:12:54","date_gmt":"2019-01-23T15:12:54","guid":{"rendered":"https:\/\/wp.ebfl.at\/?page_id=47"},"modified":"2025-06-10T03:07:37","modified_gmt":"2025-06-10T01:07:37","slug":"sonderausstellung","status":"publish","type":"page","link":"https:\/\/ebfl.at\/index.php\/suedbahn-heizhaus\/sonderausstellung\/","title":{"rendered":"Sonderausstellungen"},"content":{"rendered":"\n<p class=\"has-vivid-red-color has-text-color has-link-color has-medium-font-size wp-elements-15fd40387a6d9c4fb9f7d9f67cbd7744\"><strong><a href=\"https:\/\/ebfl.at\/index.php\/sonderausstellung-2025\/\">2025<\/a><\/strong><\/p>\n\n\n\n<p class=\"has-vivid-cyan-blue-color has-text-color has-link-color has-small-font-size wp-elements-abcfce716788ed2c8ef1675f0271415c\"><a href=\"https:\/\/ebfl.at\/index.php\/sonderausstellung-2024\/\"><strong>2024<\/strong><\/a><\/p>\n\n\n\n<p class=\"has-small-font-size\"><a href=\"https:\/\/ebfl.at\/index.php\/sonderausstellung-2023\/\">2023<\/a><\/p>\n\n\n\n<p><\/p>\n\n\n\n<figure class=\"wp-block-image size-large is-resized\"><img loading=\"lazy\" decoding=\"async\" width=\"1024\" height=\"888\" src=\"https:\/\/ebfl.at\/wp-content\/uploads\/2021\/05\/B20_Cover-1024x888.jpeg\" alt=\"\" class=\"wp-image-2686\" style=\"width:420px;height:auto\" srcset=\"https:\/\/ebfl.at\/wp-content\/uploads\/2021\/05\/B20_Cover-1024x888.jpeg 1024w, https:\/\/ebfl.at\/wp-content\/uploads\/2021\/05\/B20_Cover-300x260.jpeg 300w, https:\/\/ebfl.at\/wp-content\/uploads\/2021\/05\/B20_Cover-768x666.jpeg 768w, https:\/\/ebfl.at\/wp-content\/uploads\/2021\/05\/B20_Cover.jpeg 1107w\" sizes=\"auto, (max-width: 1024px) 100vw, 1024px\" \/><figcaption class=\"wp-element-caption\">Herausgeber: Verein der Eisenbahnfreunde in Lienz<\/figcaption><\/figure>\n\n\n\n<p>Eingeleitet von einem historischen \u00dcberblickstext versteht sich der Bildband als Beitrag zum heurigen Jubil\u00e4um 150 Jahre Er\u00f6ffnung der S\u00fcdbahnstrecke Villach &#8211; Lienz &#8211; Franzensfeste im Jahre 1871 sowie zum Museumsjahr 2021 der Europaregion Tirol-S\u00fcdtirol-Trentino zum Thema &#8222;Transport &#8211; Transit &#8211; Mobilit\u00e4t&#8220;.<\/p>\n\n\n\n<p>Der Bildband bietet eine &#8222;Visual History&#8220; des Lienzer Heizhauses samt des umgebenden Bahnhofareals und seiner Stadt von der Bauzeit 1869\/71 bis zur Gegenwart, von der technischen Entwicklung der Maschinerie bis hin zu den Eisenbahnern vor Ort, von der Aufbruchszeit und dem Ersten Weltkrieg \u00fcber die politischen Z\u00e4suren f\u00fcr Lienz\/Tirol\/\u00d6sterreich 1918\/1938\/1945 herauf bis zur fruchtbaren 40-j\u00e4hrigen Arbeit des &#8222;Vereins der Eisenbahnfreunde in Lienz (EBFL)&#8220; seit 1980. &#8222;Visual History&#8220; meint nicht nur die Geschichte der Fotografien, sonder auch deren Bedeutung als wichtige eigenst\u00e4ndige Quellen mit gewisser \u00c4sthetik und immanenter Strahlkraft.<\/p>\n\n\n\n<p><\/p>\n\n\n\n<p>Martin Kofler, Mag. phil., Dr. phil., Master of Arts, Studium der Geschichte an der Universit\u00e4t Innsbruck und University of New Orleans, seit 2011 Leiter des Tiroler Archivs f\u00fcr photographische Dokumentation und Kunst (TAP), hat die Texte dieses Buches verfasst und die Fotos ausgew\u00e4hlt.<\/p>\n\n\n\n<p><br><\/p>\n","protected":false},"excerpt":{"rendered":"<p>2025 2024 2023 Eingeleitet von einem historischen \u00dcberblickstext versteht sich der Bildband als Beitrag zum heurigen Jubil\u00e4um 150 Jahre Er\u00f6ffnung der S\u00fcdbahnstrecke Villach &#8211; Lienz &#8211; Franzensfeste im Jahre 1871 sowie zum Museumsjahr 2021 der Europaregion Tirol-S\u00fcdtirol-Trentino zum Thema &#8222;Transport &#8211; Transit &#8211; Mobilit\u00e4t&#8220;. Der Bildband bietet eine &#8222;Visual History&#8220; des Lienzer Heizhauses samt des [&hellip;]<\/p>\n","protected":false},"author":1,"featured_media":0,"parent":14,"menu_order":0,"comment_status":"closed","ping_status":"closed","template":"","meta":{"footnotes":""},"class_list":["post-47","page","type-page","status-publish","hentry"],"yoast_head":"<!-- This site is optimized with the Yoast SEO plugin v27.3 - https:\/\/yoast.com\/product\/yoast-seo-wordpress\/ -->\n<title>Sonderausstellungen - EBFL<\/title>\n<meta name=\"robots\" content=\"index, follow, max-snippet:-1, max-image-preview:large, max-video-preview:-1\" \/>\n<link rel=\"canonical\" href=\"https:\/\/ebfl.at\/index.php\/suedbahn-heizhaus\/sonderausstellung\/\" \/>\n<meta property=\"og:locale\" content=\"de_DE\" \/>\n<meta property=\"og:type\" content=\"article\" \/>\n<meta property=\"og:title\" content=\"Sonderausstellungen - EBFL\" \/>\n<meta property=\"og:description\" content=\"2025 2024 2023 Eingeleitet von einem historischen \u00dcberblickstext versteht sich der Bildband als Beitrag zum heurigen Jubil\u00e4um 150 Jahre Er\u00f6ffnung der S\u00fcdbahnstrecke Villach &#8211; Lienz &#8211; Franzensfeste im Jahre 1871 sowie zum Museumsjahr 2021 der Europaregion Tirol-S\u00fcdtirol-Trentino zum Thema &#8222;Transport &#8211; Transit &#8211; Mobilit\u00e4t&#8220;. Der Bildband bietet eine &#8222;Visual History&#8220; des Lienzer Heizhauses samt des [&hellip;]\" \/>\n<meta property=\"og:url\" content=\"https:\/\/ebfl.at\/index.php\/suedbahn-heizhaus\/sonderausstellung\/\" \/>\n<meta property=\"og:site_name\" content=\"EBFL\" \/>\n<meta property=\"article:publisher\" content=\"https:\/\/www.facebook.com\/pages\/category\/History-Museum\/EBFLat-301838060596265\/\" \/>\n<meta property=\"article:modified_time\" content=\"2025-06-10T01:07:37+00:00\" \/>\n<meta property=\"og:image\" content=\"https:\/\/ebfl.at\/wp-content\/uploads\/2021\/05\/B20_Cover.jpeg\" \/>\n\t<meta property=\"og:image:width\" content=\"1107\" \/>\n\t<meta property=\"og:image:height\" content=\"960\" \/>\n\t<meta property=\"og:image:type\" content=\"image\/jpeg\" \/>\n<meta name=\"twitter:card\" content=\"summary_large_image\" \/>\n<meta name=\"twitter:label1\" content=\"Gesch\u00e4tzte Lesezeit\" \/>\n\t<meta name=\"twitter:data1\" content=\"2\u00a0Minuten\" \/>\n<script type=\"application\/ld+json\" class=\"yoast-schema-graph\">{\"@context\":\"https:\\\/\\\/schema.org\",\"@graph\":[{\"@type\":\"WebPage\",\"@id\":\"https:\\\/\\\/ebfl.at\\\/index.php\\\/suedbahn-heizhaus\\\/sonderausstellung\\\/\",\"url\":\"https:\\\/\\\/ebfl.at\\\/index.php\\\/suedbahn-heizhaus\\\/sonderausstellung\\\/\",\"name\":\"Sonderausstellungen - EBFL\",\"isPartOf\":{\"@id\":\"https:\\\/\\\/ebfl.at\\\/#website\"},\"primaryImageOfPage\":{\"@id\":\"https:\\\/\\\/ebfl.at\\\/index.php\\\/suedbahn-heizhaus\\\/sonderausstellung\\\/#primaryimage\"},\"image\":{\"@id\":\"https:\\\/\\\/ebfl.at\\\/index.php\\\/suedbahn-heizhaus\\\/sonderausstellung\\\/#primaryimage\"},\"thumbnailUrl\":\"https:\\\/\\\/ebfl.at\\\/wp-content\\\/uploads\\\/2021\\\/05\\\/B20_Cover-1024x888.jpeg\",\"datePublished\":\"2019-01-23T15:12:54+00:00\",\"dateModified\":\"2025-06-10T01:07:37+00:00\",\"breadcrumb\":{\"@id\":\"https:\\\/\\\/ebfl.at\\\/index.php\\\/suedbahn-heizhaus\\\/sonderausstellung\\\/#breadcrumb\"},\"inLanguage\":\"de\",\"potentialAction\":[{\"@type\":\"ReadAction\",\"target\":[\"https:\\\/\\\/ebfl.at\\\/index.php\\\/suedbahn-heizhaus\\\/sonderausstellung\\\/\"]}]},{\"@type\":\"ImageObject\",\"inLanguage\":\"de\",\"@id\":\"https:\\\/\\\/ebfl.at\\\/index.php\\\/suedbahn-heizhaus\\\/sonderausstellung\\\/#primaryimage\",\"url\":\"https:\\\/\\\/ebfl.at\\\/wp-content\\\/uploads\\\/2021\\\/05\\\/B20_Cover.jpeg\",\"contentUrl\":\"https:\\\/\\\/ebfl.at\\\/wp-content\\\/uploads\\\/2021\\\/05\\\/B20_Cover.jpeg\",\"width\":1107,\"height\":960},{\"@type\":\"BreadcrumbList\",\"@id\":\"https:\\\/\\\/ebfl.at\\\/index.php\\\/suedbahn-heizhaus\\\/sonderausstellung\\\/#breadcrumb\",\"itemListElement\":[{\"@type\":\"ListItem\",\"position\":1,\"name\":\"Startseite\",\"item\":\"https:\\\/\\\/ebfl.at\\\/\"},{\"@type\":\"ListItem\",\"position\":2,\"name\":\"Museum\",\"item\":\"https:\\\/\\\/ebfl.at\\\/index.php\\\/suedbahn-heizhaus\\\/\"},{\"@type\":\"ListItem\",\"position\":3,\"name\":\"Sonderausstellungen\"}]},{\"@type\":\"WebSite\",\"@id\":\"https:\\\/\\\/ebfl.at\\\/#website\",\"url\":\"https:\\\/\\\/ebfl.at\\\/\",\"name\":\"EBFL Eisenbahnfreunde Lienz\",\"description\":\"Verein der Eisenbahnfreunde in Lienz\",\"publisher\":{\"@id\":\"https:\\\/\\\/ebfl.at\\\/#organization\"},\"potentialAction\":[{\"@type\":\"SearchAction\",\"target\":{\"@type\":\"EntryPoint\",\"urlTemplate\":\"https:\\\/\\\/ebfl.at\\\/?s={search_term_string}\"},\"query-input\":{\"@type\":\"PropertyValueSpecification\",\"valueRequired\":true,\"valueName\":\"search_term_string\"}}],\"inLanguage\":\"de\"},{\"@type\":\"Organization\",\"@id\":\"https:\\\/\\\/ebfl.at\\\/#organization\",\"name\":\"EBFL - Eisenbahnfreunde Lienz\",\"url\":\"https:\\\/\\\/ebfl.at\\\/\",\"logo\":{\"@type\":\"ImageObject\",\"inLanguage\":\"de\",\"@id\":\"https:\\\/\\\/ebfl.at\\\/#\\\/schema\\\/logo\\\/image\\\/\",\"url\":\"https:\\\/\\\/ebfl.at\\\/wp-content\\\/uploads\\\/2019\\\/01\\\/Eisenbahnfreunde-Lienz.jpg\",\"contentUrl\":\"https:\\\/\\\/ebfl.at\\\/wp-content\\\/uploads\\\/2019\\\/01\\\/Eisenbahnfreunde-Lienz.jpg\",\"width\":1087,\"height\":480,\"caption\":\"EBFL - Eisenbahnfreunde Lienz\"},\"image\":{\"@id\":\"https:\\\/\\\/ebfl.at\\\/#\\\/schema\\\/logo\\\/image\\\/\"},\"sameAs\":[\"https:\\\/\\\/www.facebook.com\\\/pages\\\/category\\\/History-Museum\\\/EBFLat-301838060596265\\\/\"]}]}<\/script>\n<!-- \/ Yoast SEO plugin. -->","yoast_head_json":{"title":"Sonderausstellungen - EBFL","robots":{"index":"index","follow":"follow","max-snippet":"max-snippet:-1","max-image-preview":"max-image-preview:large","max-video-preview":"max-video-preview:-1"},"canonical":"https:\/\/ebfl.at\/index.php\/suedbahn-heizhaus\/sonderausstellung\/","og_locale":"de_DE","og_type":"article","og_title":"Sonderausstellungen - EBFL","og_description":"2025 2024 2023 Eingeleitet von einem historischen \u00dcberblickstext versteht sich der Bildband als Beitrag zum heurigen Jubil\u00e4um 150 Jahre Er\u00f6ffnung der S\u00fcdbahnstrecke Villach &#8211; Lienz &#8211; Franzensfeste im Jahre 1871 sowie zum Museumsjahr 2021 der Europaregion Tirol-S\u00fcdtirol-Trentino zum Thema &#8222;Transport &#8211; Transit &#8211; Mobilit\u00e4t&#8220;. Der Bildband bietet eine &#8222;Visual History&#8220; des Lienzer Heizhauses samt des [&hellip;]","og_url":"https:\/\/ebfl.at\/index.php\/suedbahn-heizhaus\/sonderausstellung\/","og_site_name":"EBFL","article_publisher":"https:\/\/www.facebook.com\/pages\/category\/History-Museum\/EBFLat-301838060596265\/","article_modified_time":"2025-06-10T01:07:37+00:00","og_image":[{"width":1107,"height":960,"url":"https:\/\/ebfl.at\/wp-content\/uploads\/2021\/05\/B20_Cover.jpeg","type":"image\/jpeg"}],"twitter_card":"summary_large_image","twitter_misc":{"Gesch\u00e4tzte Lesezeit":"2\u00a0Minuten"},"schema":{"@context":"https:\/\/schema.org","@graph":[{"@type":"WebPage","@id":"https:\/\/ebfl.at\/index.php\/suedbahn-heizhaus\/sonderausstellung\/","url":"https:\/\/ebfl.at\/index.php\/suedbahn-heizhaus\/sonderausstellung\/","name":"Sonderausstellungen - EBFL","isPartOf":{"@id":"https:\/\/ebfl.at\/#website"},"primaryImageOfPage":{"@id":"https:\/\/ebfl.at\/index.php\/suedbahn-heizhaus\/sonderausstellung\/#primaryimage"},"image":{"@id":"https:\/\/ebfl.at\/index.php\/suedbahn-heizhaus\/sonderausstellung\/#primaryimage"},"thumbnailUrl":"https:\/\/ebfl.at\/wp-content\/uploads\/2021\/05\/B20_Cover-1024x888.jpeg","datePublished":"2019-01-23T15:12:54+00:00","dateModified":"2025-06-10T01:07:37+00:00","breadcrumb":{"@id":"https:\/\/ebfl.at\/index.php\/suedbahn-heizhaus\/sonderausstellung\/#breadcrumb"},"inLanguage":"de","potentialAction":[{"@type":"ReadAction","target":["https:\/\/ebfl.at\/index.php\/suedbahn-heizhaus\/sonderausstellung\/"]}]},{"@type":"ImageObject","inLanguage":"de","@id":"https:\/\/ebfl.at\/index.php\/suedbahn-heizhaus\/sonderausstellung\/#primaryimage","url":"https:\/\/ebfl.at\/wp-content\/uploads\/2021\/05\/B20_Cover.jpeg","contentUrl":"https:\/\/ebfl.at\/wp-content\/uploads\/2021\/05\/B20_Cover.jpeg","width":1107,"height":960},{"@type":"BreadcrumbList","@id":"https:\/\/ebfl.at\/index.php\/suedbahn-heizhaus\/sonderausstellung\/#breadcrumb","itemListElement":[{"@type":"ListItem","position":1,"name":"Startseite","item":"https:\/\/ebfl.at\/"},{"@type":"ListItem","position":2,"name":"Museum","item":"https:\/\/ebfl.at\/index.php\/suedbahn-heizhaus\/"},{"@type":"ListItem","position":3,"name":"Sonderausstellungen"}]},{"@type":"WebSite","@id":"https:\/\/ebfl.at\/#website","url":"https:\/\/ebfl.at\/","name":"EBFL Eisenbahnfreunde Lienz","description":"Verein der Eisenbahnfreunde in Lienz","publisher":{"@id":"https:\/\/ebfl.at\/#organization"},"potentialAction":[{"@type":"SearchAction","target":{"@type":"EntryPoint","urlTemplate":"https:\/\/ebfl.at\/?s={search_term_string}"},"query-input":{"@type":"PropertyValueSpecification","valueRequired":true,"valueName":"search_term_string"}}],"inLanguage":"de"},{"@type":"Organization","@id":"https:\/\/ebfl.at\/#organization","name":"EBFL - Eisenbahnfreunde Lienz","url":"https:\/\/ebfl.at\/","logo":{"@type":"ImageObject","inLanguage":"de","@id":"https:\/\/ebfl.at\/#\/schema\/logo\/image\/","url":"https:\/\/ebfl.at\/wp-content\/uploads\/2019\/01\/Eisenbahnfreunde-Lienz.jpg","contentUrl":"https:\/\/ebfl.at\/wp-content\/uploads\/2019\/01\/Eisenbahnfreunde-Lienz.jpg","width":1087,"height":480,"caption":"EBFL - Eisenbahnfreunde Lienz"},"image":{"@id":"https:\/\/ebfl.at\/#\/schema\/logo\/image\/"},"sameAs":["https:\/\/www.facebook.com\/pages\/category\/History-Museum\/EBFLat-301838060596265\/"]}]}},"_links":{"self":[{"href":"https:\/\/ebfl.at\/index.php\/wp-json\/wp\/v2\/pages\/47","targetHints":{"allow":["GET"]}}],"collection":[{"href":"https:\/\/ebfl.at\/index.php\/wp-json\/wp\/v2\/pages"}],"about":[{"href":"https:\/\/ebfl.at\/index.php\/wp-json\/wp\/v2\/types\/page"}],"author":[{"embeddable":true,"href":"https:\/\/ebfl.at\/index.php\/wp-json\/wp\/v2\/users\/1"}],"replies":[{"embeddable":true,"href":"https:\/\/ebfl.at\/index.php\/wp-json\/wp\/v2\/comments?post=47"}],"version-history":[{"count":55,"href":"https:\/\/ebfl.at\/index.php\/wp-json\/wp\/v2\/pages\/47\/revisions"}],"predecessor-version":[{"id":4753,"href":"https:\/\/ebfl.at\/index.php\/wp-json\/wp\/v2\/pages\/47\/revisions\/4753"}],"up":[{"embeddable":true,"href":"https:\/\/ebfl.at\/index.php\/wp-json\/wp\/v2\/pages\/14"}],"wp:attachment":[{"href":"https:\/\/ebfl.at\/index.php\/wp-json\/wp\/v2\/media?parent=47"}],"curies":[{"name":"wp","href":"https:\/\/api.w.org\/{rel}","templated":true}]}}