{"id":4877,"date":"2025-10-16T17:43:17","date_gmt":"2025-10-16T15:43:17","guid":{"rendered":"https:\/\/ebfl.at\/?page_id=4877"},"modified":"2025-10-16T20:43:49","modified_gmt":"2025-10-16T18:43:49","slug":"preserving-legacy","status":"publish","type":"page","link":"https:\/\/ebfl.at\/index.php\/preserving-legacy\/","title":{"rendered":"Preserving Legacy"},"content":{"rendered":"\n<p class=\"has-text-align-center\">Interreg VI-A Italien-\u00d6sterreich CLLD Dolomiti<br>Live Projekt \u201ePreserving Legacy\u201c SPF4902-P1-004<\/p>\n\n\n\n<p><\/p>\n\n\n\n<p class=\"has-vivid-red-color has-text-color has-link-color wp-elements-6baa7ad02998f596a30591c6b3e2941b\"><strong>Kultur bewahren<br>Geschichte zug\u00e4nglich machen<\/strong><\/p>\n\n\n\n<p><\/p>\n\n\n\n<p><\/p>\n\n\n\n<figure class=\"wp-block-gallery has-nested-images columns-default is-cropped wp-block-gallery-1 is-layout-flex wp-block-gallery-is-layout-flex\">\n<figure class=\"wp-block-image size-large\"><img loading=\"lazy\" decoding=\"async\" width=\"728\" height=\"1024\" data-id=\"4900\" src=\"https:\/\/ebfl.at\/wp-content\/uploads\/2025\/10\/Einladung-Projektpraesentation_Page_1-728x1024.jpg\" alt=\"\" class=\"wp-image-4900\" srcset=\"https:\/\/ebfl.at\/wp-content\/uploads\/2025\/10\/Einladung-Projektpraesentation_Page_1-728x1024.jpg 728w, https:\/\/ebfl.at\/wp-content\/uploads\/2025\/10\/Einladung-Projektpraesentation_Page_1-213x300.jpg 213w, https:\/\/ebfl.at\/wp-content\/uploads\/2025\/10\/Einladung-Projektpraesentation_Page_1-768x1081.jpg 768w, https:\/\/ebfl.at\/wp-content\/uploads\/2025\/10\/Einladung-Projektpraesentation_Page_1.jpg 828w\" sizes=\"auto, (max-width: 728px) 100vw, 728px\" \/><\/figure>\n\n\n\n<figure class=\"wp-block-image size-large\"><img loading=\"lazy\" decoding=\"async\" width=\"726\" height=\"1024\" data-id=\"4901\" src=\"https:\/\/ebfl.at\/wp-content\/uploads\/2025\/10\/Einladung-Text-726x1024.jpg\" alt=\"\" class=\"wp-image-4901\" srcset=\"https:\/\/ebfl.at\/wp-content\/uploads\/2025\/10\/Einladung-Text-726x1024.jpg 726w, https:\/\/ebfl.at\/wp-content\/uploads\/2025\/10\/Einladung-Text-213x300.jpg 213w, https:\/\/ebfl.at\/wp-content\/uploads\/2025\/10\/Einladung-Text-768x1083.jpg 768w, https:\/\/ebfl.at\/wp-content\/uploads\/2025\/10\/Einladung-Text-1090x1536.jpg 1090w, https:\/\/ebfl.at\/wp-content\/uploads\/2025\/10\/Einladung-Text.jpg 1240w\" sizes=\"auto, (max-width: 726px) 100vw, 726px\" \/><\/figure>\n<\/figure>\n\n\n\n<p><\/p>\n\n\n\n<p><br>Mit unseren Aktivit\u00e4ten setzen wir einen klaren Fokus auf den \u00f6ffentlichen Zugang zu unseren Museumsarchiven und nutzen dabei die wertvolle Unterst\u00fctzung unserer ehrenamtlichen Mitarbeiterinnen und Mitarbeiter. <\/p>\n\n\n\n<p>Der freie Zugang zu Archivbest\u00e4nden ist von zentraler Bedeutung f\u00fcr Demokratie, Transparenz und die Bewahrung unseres kulturellen Erbes. Durch die Digitalisierung und Ver\u00f6ffentlichung unserer<br>Archivmaterialien k\u00f6nnen wir unser Wissen \u00fcber unsere Sammlung einem breiten Publikum zug\u00e4nglich machen, Forschung und Bildung gezielt f\u00f6rdern und das Interesse an Kunst und Kultur in unserer Gemeinschaft wecken und intensivieren. Die Auswahl der daf\u00fcr notwendigen<br>Ger\u00e4te erfolgt nach aktuellen technischen Standards f\u00fcr museale Einrichtungen zur nachhaltigen Qualit\u00e4tssicherung. <\/p>\n\n\n\n<p>Dieses Projekt stellt die erste Phase im Bereich Digitalisierung dar. Die gewonnenen Daten sollen vorerst hausintern abrufbar, jedoch so aufbereitet sein, dass sie in einem Folgeprojekt auf einen \u00f6ffentlichen Server hochgeladen werden k\u00f6nnen Ein wichtiger Bestandteil unseres Vorhabens ist die Einbindung von ehrenamtlichen Helfer:innen, denen wir verschiedene M\u00f6glichkeiten zur aktiven Mitarbeit bieten. Dabei ber\u00fccksichtigen wir individuelle Interessen und F\u00e4higkeiten, um eine nachhaltige und vielseitige Partizipation zu erm\u00f6glichen. <\/p>\n\n\n\n<p>Zudem streben wir Kooperationen mit Universit\u00e4ten und anderen Archiven an, um Wissen auszutauschen, Ressourcen zu b\u00fcndeln und Synergien zu schaffen. Wichtig ist uns dabei auch der vertiefte Austausch und das Kooperationsangebot in Richtung der Osttiroler Kulturvereine, um die neuen Ressourcen<br>gemeinsam \u00fcber die Projektlaufzeit hinaus zu nutzen. <\/p>\n\n\n\n<p>Ein besonderer Fokus liegt zudem auf der Kompetenzvermittlung f\u00fcr \u00e4ltere Menschen, die durch gezielte Schulungen und praktische Anwendungen den Umgang mit digitalen Archiven erlernen und aktiv an der Erfassung sowie der Pr\u00e4sentation historischer Inhalte mitwirken k\u00f6nnen. <\/p>\n\n\n\n<p><strong>Ziele:<\/strong> Start mit der Digitalisierung und der systematischen Erfassung unserer Zeichnungen und Pl\u00e4ne in den Archivbest\u00e4nden, Anschaffung moderner Erfassungs- und Pr\u00e4sentationstechnik, Bereitstellung digitaler Inhalte f\u00fcr die \u00d6ffentlichkeit, F\u00f6rderung ehrenamtlicher Mitarbeit zur Unterst\u00fctzung des Projekts, St\u00e4rkung der lokalen Gemeinschaft und Erschlie\u00dfung neuer Besucherpotenziale. <\/p>\n\n\n\n<p>Durch die Verbindung von technologischer Infrastruktur und gemeinschaftlichem Engagement schaffen wir einen nachhaltigen Mehrwert f\u00fcr die Region und erm\u00f6glichen eine moderne, offene Zug\u00e4nglichkeit unseres kulturellen Erbes.<\/p>\n\n\n\n<p><\/p>\n\n\n\n<p>Projektkosten: \u20ac 19.745,00<\/p>\n\n\n\n<p>Projektpartner: Kulturverein Pro Historia Toblach   <\/p>\n\n\n\n<figure class=\"wp-block-image size-large is-resized\"><img loading=\"lazy\" decoding=\"async\" width=\"1024\" height=\"1024\" src=\"https:\/\/ebfl.at\/wp-content\/uploads\/2025\/10\/Pro-Historia-Verein-Ass.-Onlus-1024x1024.png\" alt=\"\" class=\"wp-image-4896\" style=\"width:89px;height:auto\" srcset=\"https:\/\/ebfl.at\/wp-content\/uploads\/2025\/10\/Pro-Historia-Verein-Ass.-Onlus-1024x1024.png 1024w, https:\/\/ebfl.at\/wp-content\/uploads\/2025\/10\/Pro-Historia-Verein-Ass.-Onlus-300x300.png 300w, https:\/\/ebfl.at\/wp-content\/uploads\/2025\/10\/Pro-Historia-Verein-Ass.-Onlus-150x150.png 150w, https:\/\/ebfl.at\/wp-content\/uploads\/2025\/10\/Pro-Historia-Verein-Ass.-Onlus-768x768.png 768w, https:\/\/ebfl.at\/wp-content\/uploads\/2025\/10\/Pro-Historia-Verein-Ass.-Onlus.png 1313w\" sizes=\"auto, (max-width: 1024px) 100vw, 1024px\" \/><\/figure>\n\n\n\n<p><\/p>\n\n\n<div class=\"wp-block-image\">\n<figure class=\"aligncenter size-full is-resized\"><img loading=\"lazy\" decoding=\"async\" width=\"535\" height=\"88\" src=\"https:\/\/ebfl.at\/wp-content\/uploads\/2025\/06\/grafik.png\" alt=\"\" class=\"wp-image-4748\" style=\"width:491px;height:auto\" srcset=\"https:\/\/ebfl.at\/wp-content\/uploads\/2025\/06\/grafik.png 535w, https:\/\/ebfl.at\/wp-content\/uploads\/2025\/06\/grafik-300x49.png 300w\" sizes=\"auto, (max-width: 535px) 100vw, 535px\" \/><\/figure>\n<\/div>\n\n\n<p><\/p>\n\n\n<div class=\"wp-block-image\">\n<figure class=\"aligncenter size-full is-resized\"><img loading=\"lazy\" decoding=\"async\" width=\"774\" height=\"82\" src=\"https:\/\/ebfl.at\/wp-content\/uploads\/2025\/06\/grafik-1.png\" alt=\"\" class=\"wp-image-4749\" style=\"width:409px;height:auto\" srcset=\"https:\/\/ebfl.at\/wp-content\/uploads\/2025\/06\/grafik-1.png 774w, https:\/\/ebfl.at\/wp-content\/uploads\/2025\/06\/grafik-1-300x32.png 300w, https:\/\/ebfl.at\/wp-content\/uploads\/2025\/06\/grafik-1-768x81.png 768w\" sizes=\"auto, (max-width: 774px) 100vw, 774px\" \/><\/figure>\n<\/div>","protected":false},"excerpt":{"rendered":"<p>Interreg VI-A Italien-\u00d6sterreich CLLD DolomitiLive Projekt \u201ePreserving Legacy\u201c SPF4902-P1-004 Kultur bewahrenGeschichte zug\u00e4nglich machen Mit unseren Aktivit\u00e4ten setzen wir einen klaren Fokus auf den \u00f6ffentlichen Zugang zu unseren Museumsarchiven und nutzen dabei die wertvolle Unterst\u00fctzung unserer ehrenamtlichen Mitarbeiterinnen und Mitarbeiter. Der freie Zugang zu Archivbest\u00e4nden ist von zentraler Bedeutung f\u00fcr Demokratie, Transparenz und die Bewahrung unseres [&hellip;]<\/p>\n","protected":false},"author":2,"featured_media":0,"parent":0,"menu_order":0,"comment_status":"closed","ping_status":"closed","template":"","meta":{"footnotes":""},"class_list":["post-4877","page","type-page","status-publish","hentry"],"yoast_head":"<!-- This site is optimized with the Yoast SEO plugin v27.4 - https:\/\/yoast.com\/product\/yoast-seo-wordpress\/ -->\n<title>Preserving Legacy - EBFL<\/title>\n<meta name=\"robots\" content=\"index, follow, max-snippet:-1, max-image-preview:large, max-video-preview:-1\" \/>\n<link rel=\"canonical\" href=\"https:\/\/ebfl.at\/index.php\/preserving-legacy\/\" \/>\n<meta property=\"og:locale\" content=\"de_DE\" \/>\n<meta property=\"og:type\" content=\"article\" \/>\n<meta property=\"og:title\" content=\"Preserving Legacy - EBFL\" \/>\n<meta property=\"og:description\" content=\"Interreg VI-A Italien-\u00d6sterreich CLLD DolomitiLive Projekt \u201ePreserving Legacy\u201c SPF4902-P1-004 Kultur bewahrenGeschichte zug\u00e4nglich machen Mit unseren Aktivit\u00e4ten setzen wir einen klaren Fokus auf den \u00f6ffentlichen Zugang zu unseren Museumsarchiven und nutzen dabei die wertvolle Unterst\u00fctzung unserer ehrenamtlichen Mitarbeiterinnen und Mitarbeiter. Der freie Zugang zu Archivbest\u00e4nden ist von zentraler Bedeutung f\u00fcr Demokratie, Transparenz und die Bewahrung unseres [&hellip;]\" \/>\n<meta property=\"og:url\" content=\"https:\/\/ebfl.at\/index.php\/preserving-legacy\/\" \/>\n<meta property=\"og:site_name\" content=\"EBFL\" \/>\n<meta property=\"article:publisher\" content=\"https:\/\/www.facebook.com\/pages\/category\/History-Museum\/EBFLat-301838060596265\/\" \/>\n<meta property=\"article:modified_time\" content=\"2025-10-16T18:43:49+00:00\" \/>\n<meta property=\"og:image\" content=\"https:\/\/ebfl.at\/wp-content\/uploads\/2025\/10\/Einladung-Projektpraesentation_Page_1.jpg\" \/>\n\t<meta property=\"og:image:width\" content=\"828\" \/>\n\t<meta property=\"og:image:height\" content=\"1165\" \/>\n\t<meta property=\"og:image:type\" content=\"image\/jpeg\" \/>\n<meta name=\"twitter:card\" content=\"summary_large_image\" \/>\n<meta name=\"twitter:label1\" content=\"Gesch\u00e4tzte Lesezeit\" \/>\n\t<meta name=\"twitter:data1\" content=\"3\u00a0Minuten\" \/>\n<script type=\"application\/ld+json\" class=\"yoast-schema-graph\">{\"@context\":\"https:\\\/\\\/schema.org\",\"@graph\":[{\"@type\":\"WebPage\",\"@id\":\"https:\\\/\\\/ebfl.at\\\/index.php\\\/preserving-legacy\\\/\",\"url\":\"https:\\\/\\\/ebfl.at\\\/index.php\\\/preserving-legacy\\\/\",\"name\":\"Preserving Legacy - EBFL\",\"isPartOf\":{\"@id\":\"https:\\\/\\\/ebfl.at\\\/#website\"},\"primaryImageOfPage\":{\"@id\":\"https:\\\/\\\/ebfl.at\\\/index.php\\\/preserving-legacy\\\/#primaryimage\"},\"image\":{\"@id\":\"https:\\\/\\\/ebfl.at\\\/index.php\\\/preserving-legacy\\\/#primaryimage\"},\"thumbnailUrl\":\"https:\\\/\\\/ebfl.at\\\/wp-content\\\/uploads\\\/2025\\\/10\\\/Einladung-Projektpraesentation_Page_1-728x1024.jpg\",\"datePublished\":\"2025-10-16T15:43:17+00:00\",\"dateModified\":\"2025-10-16T18:43:49+00:00\",\"breadcrumb\":{\"@id\":\"https:\\\/\\\/ebfl.at\\\/index.php\\\/preserving-legacy\\\/#breadcrumb\"},\"inLanguage\":\"de\",\"potentialAction\":[{\"@type\":\"ReadAction\",\"target\":[\"https:\\\/\\\/ebfl.at\\\/index.php\\\/preserving-legacy\\\/\"]}]},{\"@type\":\"ImageObject\",\"inLanguage\":\"de\",\"@id\":\"https:\\\/\\\/ebfl.at\\\/index.php\\\/preserving-legacy\\\/#primaryimage\",\"url\":\"https:\\\/\\\/ebfl.at\\\/wp-content\\\/uploads\\\/2025\\\/10\\\/Einladung-Projektpraesentation_Page_1.jpg\",\"contentUrl\":\"https:\\\/\\\/ebfl.at\\\/wp-content\\\/uploads\\\/2025\\\/10\\\/Einladung-Projektpraesentation_Page_1.jpg\",\"width\":828,\"height\":1165},{\"@type\":\"BreadcrumbList\",\"@id\":\"https:\\\/\\\/ebfl.at\\\/index.php\\\/preserving-legacy\\\/#breadcrumb\",\"itemListElement\":[{\"@type\":\"ListItem\",\"position\":1,\"name\":\"Startseite\",\"item\":\"https:\\\/\\\/ebfl.at\\\/\"},{\"@type\":\"ListItem\",\"position\":2,\"name\":\"Preserving Legacy\"}]},{\"@type\":\"WebSite\",\"@id\":\"https:\\\/\\\/ebfl.at\\\/#website\",\"url\":\"https:\\\/\\\/ebfl.at\\\/\",\"name\":\"EBFL Eisenbahnfreunde Lienz\",\"description\":\"Verein der Eisenbahnfreunde in Lienz\",\"publisher\":{\"@id\":\"https:\\\/\\\/ebfl.at\\\/#organization\"},\"potentialAction\":[{\"@type\":\"SearchAction\",\"target\":{\"@type\":\"EntryPoint\",\"urlTemplate\":\"https:\\\/\\\/ebfl.at\\\/?s={search_term_string}\"},\"query-input\":{\"@type\":\"PropertyValueSpecification\",\"valueRequired\":true,\"valueName\":\"search_term_string\"}}],\"inLanguage\":\"de\"},{\"@type\":\"Organization\",\"@id\":\"https:\\\/\\\/ebfl.at\\\/#organization\",\"name\":\"EBFL - Eisenbahnfreunde Lienz\",\"url\":\"https:\\\/\\\/ebfl.at\\\/\",\"logo\":{\"@type\":\"ImageObject\",\"inLanguage\":\"de\",\"@id\":\"https:\\\/\\\/ebfl.at\\\/#\\\/schema\\\/logo\\\/image\\\/\",\"url\":\"https:\\\/\\\/ebfl.at\\\/wp-content\\\/uploads\\\/2019\\\/01\\\/Eisenbahnfreunde-Lienz.jpg\",\"contentUrl\":\"https:\\\/\\\/ebfl.at\\\/wp-content\\\/uploads\\\/2019\\\/01\\\/Eisenbahnfreunde-Lienz.jpg\",\"width\":1087,\"height\":480,\"caption\":\"EBFL - Eisenbahnfreunde Lienz\"},\"image\":{\"@id\":\"https:\\\/\\\/ebfl.at\\\/#\\\/schema\\\/logo\\\/image\\\/\"},\"sameAs\":[\"https:\\\/\\\/www.facebook.com\\\/pages\\\/category\\\/History-Museum\\\/EBFLat-301838060596265\\\/\"]}]}<\/script>\n<!-- \/ Yoast SEO plugin. -->","yoast_head_json":{"title":"Preserving Legacy - EBFL","robots":{"index":"index","follow":"follow","max-snippet":"max-snippet:-1","max-image-preview":"max-image-preview:large","max-video-preview":"max-video-preview:-1"},"canonical":"https:\/\/ebfl.at\/index.php\/preserving-legacy\/","og_locale":"de_DE","og_type":"article","og_title":"Preserving Legacy - EBFL","og_description":"Interreg VI-A Italien-\u00d6sterreich CLLD DolomitiLive Projekt \u201ePreserving Legacy\u201c SPF4902-P1-004 Kultur bewahrenGeschichte zug\u00e4nglich machen Mit unseren Aktivit\u00e4ten setzen wir einen klaren Fokus auf den \u00f6ffentlichen Zugang zu unseren Museumsarchiven und nutzen dabei die wertvolle Unterst\u00fctzung unserer ehrenamtlichen Mitarbeiterinnen und Mitarbeiter. Der freie Zugang zu Archivbest\u00e4nden ist von zentraler Bedeutung f\u00fcr Demokratie, Transparenz und die Bewahrung unseres [&hellip;]","og_url":"https:\/\/ebfl.at\/index.php\/preserving-legacy\/","og_site_name":"EBFL","article_publisher":"https:\/\/www.facebook.com\/pages\/category\/History-Museum\/EBFLat-301838060596265\/","article_modified_time":"2025-10-16T18:43:49+00:00","og_image":[{"width":828,"height":1165,"url":"https:\/\/ebfl.at\/wp-content\/uploads\/2025\/10\/Einladung-Projektpraesentation_Page_1.jpg","type":"image\/jpeg"}],"twitter_card":"summary_large_image","twitter_misc":{"Gesch\u00e4tzte Lesezeit":"3\u00a0Minuten"},"schema":{"@context":"https:\/\/schema.org","@graph":[{"@type":"WebPage","@id":"https:\/\/ebfl.at\/index.php\/preserving-legacy\/","url":"https:\/\/ebfl.at\/index.php\/preserving-legacy\/","name":"Preserving Legacy - EBFL","isPartOf":{"@id":"https:\/\/ebfl.at\/#website"},"primaryImageOfPage":{"@id":"https:\/\/ebfl.at\/index.php\/preserving-legacy\/#primaryimage"},"image":{"@id":"https:\/\/ebfl.at\/index.php\/preserving-legacy\/#primaryimage"},"thumbnailUrl":"https:\/\/ebfl.at\/wp-content\/uploads\/2025\/10\/Einladung-Projektpraesentation_Page_1-728x1024.jpg","datePublished":"2025-10-16T15:43:17+00:00","dateModified":"2025-10-16T18:43:49+00:00","breadcrumb":{"@id":"https:\/\/ebfl.at\/index.php\/preserving-legacy\/#breadcrumb"},"inLanguage":"de","potentialAction":[{"@type":"ReadAction","target":["https:\/\/ebfl.at\/index.php\/preserving-legacy\/"]}]},{"@type":"ImageObject","inLanguage":"de","@id":"https:\/\/ebfl.at\/index.php\/preserving-legacy\/#primaryimage","url":"https:\/\/ebfl.at\/wp-content\/uploads\/2025\/10\/Einladung-Projektpraesentation_Page_1.jpg","contentUrl":"https:\/\/ebfl.at\/wp-content\/uploads\/2025\/10\/Einladung-Projektpraesentation_Page_1.jpg","width":828,"height":1165},{"@type":"BreadcrumbList","@id":"https:\/\/ebfl.at\/index.php\/preserving-legacy\/#breadcrumb","itemListElement":[{"@type":"ListItem","position":1,"name":"Startseite","item":"https:\/\/ebfl.at\/"},{"@type":"ListItem","position":2,"name":"Preserving Legacy"}]},{"@type":"WebSite","@id":"https:\/\/ebfl.at\/#website","url":"https:\/\/ebfl.at\/","name":"EBFL Eisenbahnfreunde Lienz","description":"Verein der Eisenbahnfreunde in Lienz","publisher":{"@id":"https:\/\/ebfl.at\/#organization"},"potentialAction":[{"@type":"SearchAction","target":{"@type":"EntryPoint","urlTemplate":"https:\/\/ebfl.at\/?s={search_term_string}"},"query-input":{"@type":"PropertyValueSpecification","valueRequired":true,"valueName":"search_term_string"}}],"inLanguage":"de"},{"@type":"Organization","@id":"https:\/\/ebfl.at\/#organization","name":"EBFL - Eisenbahnfreunde Lienz","url":"https:\/\/ebfl.at\/","logo":{"@type":"ImageObject","inLanguage":"de","@id":"https:\/\/ebfl.at\/#\/schema\/logo\/image\/","url":"https:\/\/ebfl.at\/wp-content\/uploads\/2019\/01\/Eisenbahnfreunde-Lienz.jpg","contentUrl":"https:\/\/ebfl.at\/wp-content\/uploads\/2019\/01\/Eisenbahnfreunde-Lienz.jpg","width":1087,"height":480,"caption":"EBFL - Eisenbahnfreunde Lienz"},"image":{"@id":"https:\/\/ebfl.at\/#\/schema\/logo\/image\/"},"sameAs":["https:\/\/www.facebook.com\/pages\/category\/History-Museum\/EBFLat-301838060596265\/"]}]}},"_links":{"self":[{"href":"https:\/\/ebfl.at\/index.php\/wp-json\/wp\/v2\/pages\/4877","targetHints":{"allow":["GET"]}}],"collection":[{"href":"https:\/\/ebfl.at\/index.php\/wp-json\/wp\/v2\/pages"}],"about":[{"href":"https:\/\/ebfl.at\/index.php\/wp-json\/wp\/v2\/types\/page"}],"author":[{"embeddable":true,"href":"https:\/\/ebfl.at\/index.php\/wp-json\/wp\/v2\/users\/2"}],"replies":[{"embeddable":true,"href":"https:\/\/ebfl.at\/index.php\/wp-json\/wp\/v2\/comments?post=4877"}],"version-history":[{"count":9,"href":"https:\/\/ebfl.at\/index.php\/wp-json\/wp\/v2\/pages\/4877\/revisions"}],"predecessor-version":[{"id":4903,"href":"https:\/\/ebfl.at\/index.php\/wp-json\/wp\/v2\/pages\/4877\/revisions\/4903"}],"wp:attachment":[{"href":"https:\/\/ebfl.at\/index.php\/wp-json\/wp\/v2\/media?parent=4877"}],"curies":[{"name":"wp","href":"https:\/\/api.w.org\/{rel}","templated":true}]}}