{"id":61,"date":"2019-01-23T16:21:06","date_gmt":"2019-01-23T15:21:06","guid":{"rendered":"https:\/\/wp.ebfl.at\/?page_id=61"},"modified":"2025-11-13T09:18:53","modified_gmt":"2025-11-13T08:18:53","slug":"impressum","status":"publish","type":"page","link":"https:\/\/ebfl.at\/index.php\/verein\/impressum\/","title":{"rendered":"Impressum"},"content":{"rendered":"\n<p class=\"has-white-color has-vivid-red-background-color has-text-color has-background has-link-color wp-elements-222ade007504ad5530a4f14749bd0291\">Unser Verein ist durch Bescheid des Finanzamts als spendenbeg\u00fcnstigte Einrichtung anerkannt und wird in der Liste der beg\u00fcnstigten Einrichtungen beim Bundesministerium f\u00fcr Finanzen gef\u00fchrt. Spenden an unseren Verein k\u00f6nnen gem\u00e4\u00df den gesetzlichen Bestimmungen steuerlich abgesetzt werden.<\/p>\n\n\n\n<p class=\"has-white-color has-vivid-red-background-color has-text-color has-background has-link-color wp-elements-ef511f76e8ece6d004d56cfaeb0ac168\">Bitte geben Sie bei einer \u00dcberweisung Ihr Geburtsdatum bekannt. Ihre Spende wird von uns an das Finanzamt gemeldet.<\/p>\n\n\n\n<p><strong>Verein der Eisenbahnfreunde in Lienz<\/strong><\/p>\n\n\n\n<p>ZVR: 865918502&nbsp;&nbsp;&nbsp;&nbsp;&nbsp; UID-Nr.: ATU67201413<\/p>\n\n\n\n<p>Bahnhofplatz 10 &#8211; S\u00fcdbahn Heizhaus<\/p>\n\n\n\n<p>A- 9900&nbsp; Lienz<\/p>\n\n\n\n<p>E-Mail: <a href=\"mailto:kontakt@ebfl.at\">kontakt@ebfl.at<\/a><\/p>\n\n\n\n<p>Tel. <a href=\"tel:+436763569035\">+43 (0)<\/a>664 22 292 79 (Sonja Notdurfter &#8211; Obfrau) Vereinsangelegenheiten und allgemeine Anfragen<\/p>\n\n\n\n<p>Tel. <a href=\"tel:+436765518551 \">+43 (0)676-551 8 551<\/a> Mag. Dr. Karl Notdurfter (1. Obmannstellvertreter) Museumsf\u00fchrungen und Presse<\/p>\n\n\n\n<p><\/p>\n\n\n\n<p>&nbsp;Fahrkartenverkauf\/tickets: <a href=\"mailto:ticket@ebfl.at\">tickets@ebfl.at<\/a><\/p>\n\n\n\n<p>&nbsp;Modelleisenbahn: <a href=\"mailto:modelleisenbahn@ebfl.at\">modellbahn@ebfl.at<\/a><\/p>\n\n\n\n<p><strong>Bankverbindung:<\/strong><\/p>\n\n\n\n<p>Lienzer Sparkasse<\/p>\n\n\n\n<p>BIC: LISPAT21XXX<\/p>\n\n\n\n<p class=\"has-vivid-cyan-blue-color has-very-light-gray-background-color has-text-color has-background\"><strong>IBAN:<\/strong> AT84 2050 7000 0001 0058&nbsp; <strong>Konto Stammverein<\/strong><\/p>\n\n\n\n<p>Mitgliedsbeitrag: \u20ac 25,00<\/p>\n\n\n\n<p class=\"has-vivid-cyan-blue-color has-very-light-gray-background-color has-text-color has-background\"><strong>IBAN:<\/strong> AT77 2050 7000 0001 3094&nbsp; <strong>Konto Sektion Modellbahn<\/strong><\/p>\n\n\n\n<p>Mitgliedsbeitrag: \u20ac 20,00 + \u20ac 25,00 (Stammverein)<\/p>\n\n\n\n<p>Jugendliche und Studenten: \u20ac 10,00 + \u20ac 25,00 (Stammverein)<\/p>\n\n\n\n<p class=\"has-vivid-cyan-blue-color has-very-light-gray-background-color has-text-color has-background\"><strong>IBAN:<\/strong> AT80 2050 7010 2525 7062&nbsp; <strong>Konto Sonderfahrten S\u00fcdbahn-Express<\/strong><\/p>\n\n\n\n<p class=\"has-vivid-red-color has-text-color\"><strong><a href=\"mailto:notdurfter@rkm.at\">Mitglied werden<\/a><\/strong><\/p>\n\n\n\n<p>Email: <a href=\"mailto:kontakt@ebfl.at\">kontakt@ebfl.at<\/a> oder direkt im S\u00fcdbahnheizhaus w\u00e4hrend der \u00d6ffnungszeiten.<\/p>\n\n\n\n<p>____________________________________________________________________________<\/p>\n\n\n\n<p><\/p>\n\n\n\n<p><strong>Webinhalt und Gestaltung:<\/strong> Sonja Notdurfter     kontakt@ebfl.at   <br><\/p>\n\n\n\n<p><strong>RECHTLICHER HINWEIS<\/strong><\/p>\n\n\n\n<p><strong>Inhalt des Onlineangebotes<\/strong><br>der Verein der \nEisenbahnfreunde in Lienz \u2013 infolge kurz als Verein bezeichnet &#8211; \n\u00fcbernimmt keinerlei Gew\u00e4hr f\u00fcr die Aktualit\u00e4t, Korrektheit, \nVollst\u00e4ndigkeit oder Qualit\u00e4t der bereitgestellten Informationen. \nHaftungsanspr\u00fcche gegen den Verein, welche sich auf Sch\u00e4den materieller \noder ideeller Art beziehen, die durch die Nutzung oder Nichtnutzung der \ndargebotenen Informationen bzw. durch die Nutzung fehlerhafter und \nunvollst\u00e4ndiger Informationen verursacht wurden, sind grunds\u00e4tzlich \nausgeschlossen. Alle Angebote sind freibleibend und unverbindlich. Der \nVerein beh\u00e4lt es sich ausdr\u00fccklich vor, Teile der Seiten oder das \ngesamte Angebot ohne gesonderte Ank\u00fcndigung zu ver\u00e4ndern, zu erg\u00e4nzen, \nzu l\u00f6schen oder die Ver\u00f6ffentlichung zeitweise oder endg\u00fcltig \neinzustellen.<\/p>\n\n\n\n<p><strong>Verweise und Links<\/strong><br>Auf die aktuelle und \nzuk\u00fcnftige Gestaltung, die Inhalte oder die Urheberschaft der \ngelinkten\/verkn\u00fcpften Seiten hat der Verein keinerlei Einfluss. Deshalb \ndistanziert er sich hiermit ausdr\u00fccklich von allen Inhalten aller \ngelinkten\/verkn\u00fcpften Seiten. Diese Feststellung gilt f\u00fcr alle innerhalb\n des eigenen Internetangebotes gesetzten Links und Verweise, sowie f\u00fcr \nFremdeintr\u00e4ge in vom Verein eingerichteten G\u00e4steb\u00fcchern, \nDiskussionsforen und Mailinglisten. F\u00fcr illegale, fehlerhafte oder \nunvollst\u00e4ndige Inhalte und insbesondere f\u00fcr Sch\u00e4den, die aus der Nutzung\n oder Nichtnutzung solcherart dargebotener Informationen entstehen, \nhaftet allein der Anbieter der Seite, auf welche verwiesen wurde, nicht \nderjenige, der \u00fcber Links auf die jeweilige Ver\u00f6ffentlichung lediglich \nverweist.<\/p>\n\n\n\n<p><strong>Urheber- und Kennzeichenrecht<\/strong><br>Der Verein ist \nbestrebt, in allen Publikationen die Urheberrechte der verwendeten \nGrafiken, Tondokumente, Videosequenzen und Texte zu beachten, von ihm \nselbst erstellte Grafiken, Tondokumente, Videosequenzen und Texte zu \nnutzen oder auf lizenzfreie Grafiken, Tondokumente, Videosequenzen und \nTexte zur\u00fcckzugreifen. Alle innerhalb des Internetangebotes genannten \nund ggf. durch Dritte gesch\u00fctzten Marken- und Warenzeichen unterliegen \nuneingeschr\u00e4nkt den Bestimmungen des jeweils g\u00fcltigen Kennzeichenrechts \nund den Besitzrechten der jeweiligen eingetragenen Eigent\u00fcmer. Allein \naufgrund der blo\u00dfen Nennung ist nicht der Schluss zu ziehen, dass \nMarkenzeichen nicht durch Rechte Dritter gesch\u00fctzt sind!<br>Das \nCopyright f\u00fcr ver\u00f6ffentlichte, vom Verein selbst erstellte Objekte \nbleibt allein beim Autor der Seiten. Eine Vervielf\u00e4ltigung oder \nVerwendung solcher Grafiken, Tondokumente, Videosequenzen und Texte in \nanderen elektronischen oder gedruckten Publikationen ist ohne \nausdr\u00fcckliche Zustimmung des Vereins nicht gestattet.<\/p>\n\n\n\n<p><strong>Datenschutz<\/strong><br>Sofern innerhalb des \nInternetangebotes die M\u00f6glichkeit zur Eingabe pers\u00f6nlicher oder \ngesch\u00e4ftlicher Daten (E-Mailadressen, Namen, Anschriften) besteht, so \nerfolgt die Preisgabe dieser Daten seitens des Nutzers auf ausdr\u00fccklich \nfreiwilliger Basis. Die Inanspruchnahme und Bezahlung aller angebotenen \nDienste ist \u2013 soweit technisch m\u00f6glich und zumutbar \u2013 auch ohne Angabe \nsolcher Daten bzw. unter Angabe anonymisierter Daten oder eines \nPseudonyms gestattet. Die Nutzung der im Rahmen des Impressums oder \nvergleichbarer Angaben ver\u00f6ffentlichten Kontaktdaten wie \nPostanschriften, Telefon- und Faxnummern sowie E-Mailadressen durch \nDritte zur \u00dcbersendung von nicht ausdr\u00fccklich angeforderten \nInformationen ist nicht gestattet. Rechtliche Schritte gegen die \nVersender von sogenannten Spam-Mails bei Verst\u00f6\u00dfen gegen dieses Verbot \nsind ausdr\u00fccklich vorbehalten.<\/p>\n\n\n\n<p>\u00dcbermittelte Adressdaten (E-Mailadressen, Namen, Postanschriften) \nwerden in unserer Datenbank f\u00fcr die Versendung von Einladungen und \nInformationen \u00fcber unser Programm und unsere Veranstaltungen \ngespeichert. Grunds\u00e4tzlich versichern wir Ihnen, dass diese Daten gem\u00e4\u00df \nDatenschutzgesetz (DSG) 2000 i.d.g.F. und Datenschutz-Grundverordnung \n(DSGVO) 2018 nur f\u00fcr die genannten Zwecke &#8211; Programm- und \nVeranstaltungsinformationen &#8211; verwendet und nicht an Dritte \nweitergegeben werden.<\/p>\n\n\n\n<p>Sollten Sie keine Zusendungen von uns erhalten wollen, k\u00f6nnen Sie \nschriftlich (per Post oder E-Mail) der Verwendung und Speicherung Ihrer \nAdress-Daten widersprechen. Dazu reicht eine kurze Nachricht mit dem \nBetreff: &#8222;Daten l\u00f6schen&#8220; an die angef\u00fchrte Vereinsadresse oder an \nE-Mail:<a href=\"mailto:kontakt@ebfl.at\">kontakt@ebfl.at<\/a><\/p>\n\n\n\n<p><strong>Rechtswirksamkeit dieses Haftungsausschlusses<\/strong><br>Dieser\n Haftungsausschluss ist als Teil des Internetangebotes zu betrachten, \nvon dem aus auf diese Seite verwiesen wurde. Sofern Teile oder einzelne \nFormulierungen dieses Textes der geltenden Rechtslage nicht, nicht mehr \noder nicht vollst\u00e4ndig entsprechen sollten, bleiben die \u00fcbrigen Teile \ndes Dokumentes in ihrem Inhalt und ihrer G\u00fcltigkeit davon unber\u00fchrt.<\/p>\n\n\n\n<p><strong>Aktualit\u00e4t und \u00c4nderung dieser Datenschutzerkl\u00e4rung<\/strong><\/p>\n\n\n\n<p>Diese Datenschutzerkl\u00e4rung ist aktuell g\u00fcltig und hat den Stand M\u00e4rz 2019. Durch die Weiterentwicklung unserer Website und Angebote dar\u00fcber  oder aufgrund ge\u00e4nderter gesetzlicher, beziehungsweise beh\u00f6rdlicher  Vorgaben, kann es notwendig werden, diese Datenschutzerkl\u00e4rung zu  \u00e4ndern. Die jeweils aktuelle Datenschutzerkl\u00e4rung kann jederzeit hier  auf dieser Website abgerufen und ausgedruckt werden.<\/p>\n","protected":false},"excerpt":{"rendered":"<p>Unser Verein ist durch Bescheid des Finanzamts als spendenbeg\u00fcnstigte Einrichtung anerkannt und wird in der Liste der beg\u00fcnstigten Einrichtungen beim Bundesministerium f\u00fcr Finanzen gef\u00fchrt. Spenden an unseren Verein k\u00f6nnen gem\u00e4\u00df den gesetzlichen Bestimmungen steuerlich abgesetzt werden. Bitte geben Sie bei einer \u00dcberweisung Ihr Geburtsdatum bekannt. Ihre Spende wird von uns an das Finanzamt gemeldet. Verein [&hellip;]<\/p>\n","protected":false},"author":1,"featured_media":0,"parent":69,"menu_order":0,"comment_status":"closed","ping_status":"closed","template":"","meta":{"footnotes":""},"class_list":["post-61","page","type-page","status-publish","hentry"],"yoast_head":"<!-- This site is optimized with the Yoast SEO plugin v27.4 - https:\/\/yoast.com\/product\/yoast-seo-wordpress\/ -->\n<title>Impressum - EBFL<\/title>\n<meta name=\"robots\" content=\"index, follow, max-snippet:-1, max-image-preview:large, max-video-preview:-1\" \/>\n<link rel=\"canonical\" href=\"https:\/\/ebfl.at\/index.php\/verein\/impressum\/\" \/>\n<meta property=\"og:locale\" content=\"de_DE\" \/>\n<meta property=\"og:type\" content=\"article\" \/>\n<meta property=\"og:title\" content=\"Impressum - EBFL\" \/>\n<meta property=\"og:description\" content=\"Unser Verein ist durch Bescheid des Finanzamts als spendenbeg\u00fcnstigte Einrichtung anerkannt und wird in der Liste der beg\u00fcnstigten Einrichtungen beim Bundesministerium f\u00fcr Finanzen gef\u00fchrt. Spenden an unseren Verein k\u00f6nnen gem\u00e4\u00df den gesetzlichen Bestimmungen steuerlich abgesetzt werden. Bitte geben Sie bei einer \u00dcberweisung Ihr Geburtsdatum bekannt. Ihre Spende wird von uns an das Finanzamt gemeldet. Verein [&hellip;]\" \/>\n<meta property=\"og:url\" content=\"https:\/\/ebfl.at\/index.php\/verein\/impressum\/\" \/>\n<meta property=\"og:site_name\" content=\"EBFL\" \/>\n<meta property=\"article:publisher\" content=\"https:\/\/www.facebook.com\/pages\/category\/History-Museum\/EBFLat-301838060596265\/\" \/>\n<meta property=\"article:modified_time\" content=\"2025-11-13T08:18:53+00:00\" \/>\n<meta name=\"twitter:card\" content=\"summary_large_image\" \/>\n<meta name=\"twitter:label1\" content=\"Gesch\u00e4tzte Lesezeit\" \/>\n\t<meta name=\"twitter:data1\" content=\"5\u00a0Minuten\" \/>\n<script type=\"application\/ld+json\" class=\"yoast-schema-graph\">{\"@context\":\"https:\\\/\\\/schema.org\",\"@graph\":[{\"@type\":\"WebPage\",\"@id\":\"https:\\\/\\\/ebfl.at\\\/index.php\\\/verein\\\/impressum\\\/\",\"url\":\"https:\\\/\\\/ebfl.at\\\/index.php\\\/verein\\\/impressum\\\/\",\"name\":\"Impressum - EBFL\",\"isPartOf\":{\"@id\":\"https:\\\/\\\/ebfl.at\\\/#website\"},\"datePublished\":\"2019-01-23T15:21:06+00:00\",\"dateModified\":\"2025-11-13T08:18:53+00:00\",\"breadcrumb\":{\"@id\":\"https:\\\/\\\/ebfl.at\\\/index.php\\\/verein\\\/impressum\\\/#breadcrumb\"},\"inLanguage\":\"de\",\"potentialAction\":[{\"@type\":\"ReadAction\",\"target\":[\"https:\\\/\\\/ebfl.at\\\/index.php\\\/verein\\\/impressum\\\/\"]}]},{\"@type\":\"BreadcrumbList\",\"@id\":\"https:\\\/\\\/ebfl.at\\\/index.php\\\/verein\\\/impressum\\\/#breadcrumb\",\"itemListElement\":[{\"@type\":\"ListItem\",\"position\":1,\"name\":\"Startseite\",\"item\":\"https:\\\/\\\/ebfl.at\\\/\"},{\"@type\":\"ListItem\",\"position\":2,\"name\":\"Verein\",\"item\":\"https:\\\/\\\/ebfl.at\\\/index.php\\\/verein\\\/\"},{\"@type\":\"ListItem\",\"position\":3,\"name\":\"Impressum\"}]},{\"@type\":\"WebSite\",\"@id\":\"https:\\\/\\\/ebfl.at\\\/#website\",\"url\":\"https:\\\/\\\/ebfl.at\\\/\",\"name\":\"EBFL Eisenbahnfreunde Lienz\",\"description\":\"Verein der Eisenbahnfreunde in Lienz\",\"publisher\":{\"@id\":\"https:\\\/\\\/ebfl.at\\\/#organization\"},\"potentialAction\":[{\"@type\":\"SearchAction\",\"target\":{\"@type\":\"EntryPoint\",\"urlTemplate\":\"https:\\\/\\\/ebfl.at\\\/?s={search_term_string}\"},\"query-input\":{\"@type\":\"PropertyValueSpecification\",\"valueRequired\":true,\"valueName\":\"search_term_string\"}}],\"inLanguage\":\"de\"},{\"@type\":\"Organization\",\"@id\":\"https:\\\/\\\/ebfl.at\\\/#organization\",\"name\":\"EBFL - Eisenbahnfreunde Lienz\",\"url\":\"https:\\\/\\\/ebfl.at\\\/\",\"logo\":{\"@type\":\"ImageObject\",\"inLanguage\":\"de\",\"@id\":\"https:\\\/\\\/ebfl.at\\\/#\\\/schema\\\/logo\\\/image\\\/\",\"url\":\"https:\\\/\\\/ebfl.at\\\/wp-content\\\/uploads\\\/2019\\\/01\\\/Eisenbahnfreunde-Lienz.jpg\",\"contentUrl\":\"https:\\\/\\\/ebfl.at\\\/wp-content\\\/uploads\\\/2019\\\/01\\\/Eisenbahnfreunde-Lienz.jpg\",\"width\":1087,\"height\":480,\"caption\":\"EBFL - Eisenbahnfreunde Lienz\"},\"image\":{\"@id\":\"https:\\\/\\\/ebfl.at\\\/#\\\/schema\\\/logo\\\/image\\\/\"},\"sameAs\":[\"https:\\\/\\\/www.facebook.com\\\/pages\\\/category\\\/History-Museum\\\/EBFLat-301838060596265\\\/\"]}]}<\/script>\n<!-- \/ Yoast SEO plugin. -->","yoast_head_json":{"title":"Impressum - EBFL","robots":{"index":"index","follow":"follow","max-snippet":"max-snippet:-1","max-image-preview":"max-image-preview:large","max-video-preview":"max-video-preview:-1"},"canonical":"https:\/\/ebfl.at\/index.php\/verein\/impressum\/","og_locale":"de_DE","og_type":"article","og_title":"Impressum - EBFL","og_description":"Unser Verein ist durch Bescheid des Finanzamts als spendenbeg\u00fcnstigte Einrichtung anerkannt und wird in der Liste der beg\u00fcnstigten Einrichtungen beim Bundesministerium f\u00fcr Finanzen gef\u00fchrt. Spenden an unseren Verein k\u00f6nnen gem\u00e4\u00df den gesetzlichen Bestimmungen steuerlich abgesetzt werden. Bitte geben Sie bei einer \u00dcberweisung Ihr Geburtsdatum bekannt. Ihre Spende wird von uns an das Finanzamt gemeldet. Verein [&hellip;]","og_url":"https:\/\/ebfl.at\/index.php\/verein\/impressum\/","og_site_name":"EBFL","article_publisher":"https:\/\/www.facebook.com\/pages\/category\/History-Museum\/EBFLat-301838060596265\/","article_modified_time":"2025-11-13T08:18:53+00:00","twitter_card":"summary_large_image","twitter_misc":{"Gesch\u00e4tzte Lesezeit":"5\u00a0Minuten"},"schema":{"@context":"https:\/\/schema.org","@graph":[{"@type":"WebPage","@id":"https:\/\/ebfl.at\/index.php\/verein\/impressum\/","url":"https:\/\/ebfl.at\/index.php\/verein\/impressum\/","name":"Impressum - EBFL","isPartOf":{"@id":"https:\/\/ebfl.at\/#website"},"datePublished":"2019-01-23T15:21:06+00:00","dateModified":"2025-11-13T08:18:53+00:00","breadcrumb":{"@id":"https:\/\/ebfl.at\/index.php\/verein\/impressum\/#breadcrumb"},"inLanguage":"de","potentialAction":[{"@type":"ReadAction","target":["https:\/\/ebfl.at\/index.php\/verein\/impressum\/"]}]},{"@type":"BreadcrumbList","@id":"https:\/\/ebfl.at\/index.php\/verein\/impressum\/#breadcrumb","itemListElement":[{"@type":"ListItem","position":1,"name":"Startseite","item":"https:\/\/ebfl.at\/"},{"@type":"ListItem","position":2,"name":"Verein","item":"https:\/\/ebfl.at\/index.php\/verein\/"},{"@type":"ListItem","position":3,"name":"Impressum"}]},{"@type":"WebSite","@id":"https:\/\/ebfl.at\/#website","url":"https:\/\/ebfl.at\/","name":"EBFL Eisenbahnfreunde Lienz","description":"Verein der Eisenbahnfreunde in Lienz","publisher":{"@id":"https:\/\/ebfl.at\/#organization"},"potentialAction":[{"@type":"SearchAction","target":{"@type":"EntryPoint","urlTemplate":"https:\/\/ebfl.at\/?s={search_term_string}"},"query-input":{"@type":"PropertyValueSpecification","valueRequired":true,"valueName":"search_term_string"}}],"inLanguage":"de"},{"@type":"Organization","@id":"https:\/\/ebfl.at\/#organization","name":"EBFL - Eisenbahnfreunde Lienz","url":"https:\/\/ebfl.at\/","logo":{"@type":"ImageObject","inLanguage":"de","@id":"https:\/\/ebfl.at\/#\/schema\/logo\/image\/","url":"https:\/\/ebfl.at\/wp-content\/uploads\/2019\/01\/Eisenbahnfreunde-Lienz.jpg","contentUrl":"https:\/\/ebfl.at\/wp-content\/uploads\/2019\/01\/Eisenbahnfreunde-Lienz.jpg","width":1087,"height":480,"caption":"EBFL - Eisenbahnfreunde Lienz"},"image":{"@id":"https:\/\/ebfl.at\/#\/schema\/logo\/image\/"},"sameAs":["https:\/\/www.facebook.com\/pages\/category\/History-Museum\/EBFLat-301838060596265\/"]}]}},"_links":{"self":[{"href":"https:\/\/ebfl.at\/index.php\/wp-json\/wp\/v2\/pages\/61","targetHints":{"allow":["GET"]}}],"collection":[{"href":"https:\/\/ebfl.at\/index.php\/wp-json\/wp\/v2\/pages"}],"about":[{"href":"https:\/\/ebfl.at\/index.php\/wp-json\/wp\/v2\/types\/page"}],"author":[{"embeddable":true,"href":"https:\/\/ebfl.at\/index.php\/wp-json\/wp\/v2\/users\/1"}],"replies":[{"embeddable":true,"href":"https:\/\/ebfl.at\/index.php\/wp-json\/wp\/v2\/comments?post=61"}],"version-history":[{"count":31,"href":"https:\/\/ebfl.at\/index.php\/wp-json\/wp\/v2\/pages\/61\/revisions"}],"predecessor-version":[{"id":4941,"href":"https:\/\/ebfl.at\/index.php\/wp-json\/wp\/v2\/pages\/61\/revisions\/4941"}],"up":[{"embeddable":true,"href":"https:\/\/ebfl.at\/index.php\/wp-json\/wp\/v2\/pages\/69"}],"wp:attachment":[{"href":"https:\/\/ebfl.at\/index.php\/wp-json\/wp\/v2\/media?parent=61"}],"curies":[{"name":"wp","href":"https:\/\/api.w.org\/{rel}","templated":true}]}}