{"id":663,"date":"2019-02-05T18:03:15","date_gmt":"2019-02-05T17:03:15","guid":{"rendered":"https:\/\/wp.ebfl.at\/?page_id=663"},"modified":"2025-11-17T12:24:21","modified_gmt":"2025-11-17T11:24:21","slug":"startseite","status":"publish","type":"page","link":"https:\/\/ebfl.at\/","title":{"rendered":"Startseite"},"content":{"rendered":"\n<p class=\"has-black-color has-text-color has-medium-font-size\"><strong>EISENBAHN MUSEUM S\u00dcDBAHN HEIZHAUS<\/strong><\/p>\n\n\n\n<p>Das Eisenbahnmuseum S\u00fcdbahn Heizhaus in Lienz ist ein bedeutendes Zeugnis der 150-j\u00e4hrigen Eisenbahntechnikgeschichte Tirols. Der Verein der Eisenbahnfreunde in Lienz (EBFL) pr\u00e4sentiert auf <br>1.800 m\u00b2 Ausstellungsfl\u00e4che historische Lokomotiven, Waggons, Signalanlagen und technische Rarit\u00e4ten.<\/p>\n\n\n\n<h2 class=\"wp-block-heading\">Architektonisches Highlight<\/h2>\n\n\n\n<p>Das denkmalgesch\u00fctzte Heizhaus aus dem Jahr 1871, entworfen von Wilhelm von Flattich, beeindruckt mit seiner 97 Meter langen Remise und dem originalen Dachstuhl.<\/p>\n\n\n\n<h2 class=\"wp-block-heading\">Historische Fahrten<\/h2>\n\n\n\n<p class=\"has-black-color has-text-color\">Besonders hervorzuheben ist der &#8222;S\u00fcdbahn Express&#8220;, ein historischer Reisezug, der mehrmals j\u00e4hrlich nostalgische Fahrten in restaurierten Schlierenwaggons anbietet. Das Museum bewahrt somit ein wichtiges St\u00fcck Tiroler Industrie- und Kulturgeschichte f\u00fcr zuk\u00fcnftige Generationen.<\/p>\n\n\n\n<p><br><\/p>\n\n\n\n<figure class=\"wp-block-gallery has-nested-images columns-default is-cropped wp-block-gallery-1 is-layout-flex wp-block-gallery-is-layout-flex\">\n<figure class=\"wp-block-image size-large\"><img loading=\"lazy\" decoding=\"async\" width=\"1024\" height=\"527\" data-id=\"2369\" src=\"https:\/\/ebfl.at\/wp-content\/uploads\/2021\/01\/IMG-20200707-WA0002-2-1024x527.jpg\" alt=\"\" class=\"wp-image-2369\" srcset=\"https:\/\/ebfl.at\/wp-content\/uploads\/2021\/01\/IMG-20200707-WA0002-2-1024x527.jpg 1024w, https:\/\/ebfl.at\/wp-content\/uploads\/2021\/01\/IMG-20200707-WA0002-2-300x154.jpg 300w, https:\/\/ebfl.at\/wp-content\/uploads\/2021\/01\/IMG-20200707-WA0002-2-768x395.jpg 768w, https:\/\/ebfl.at\/wp-content\/uploads\/2021\/01\/IMG-20200707-WA0002-2-1536x790.jpg 1536w, https:\/\/ebfl.at\/wp-content\/uploads\/2021\/01\/IMG-20200707-WA0002-2.jpg 1542w\" sizes=\"auto, (max-width: 1024px) 100vw, 1024px\" \/><figcaption class=\"wp-element-caption\">S\u00fcdbahn Heizhaus<\/figcaption><\/figure>\n\n\n\n<figure class=\"wp-block-image size-large\"><img loading=\"lazy\" decoding=\"async\" width=\"1024\" height=\"679\" data-id=\"1164\" src=\"https:\/\/ebfl.at\/wp-content\/uploads\/2019\/03\/Schlieren-10-1024x679.png\" alt=\"\" class=\"wp-image-1164\" srcset=\"https:\/\/ebfl.at\/wp-content\/uploads\/2019\/03\/Schlieren-10-1024x679.png 1024w, https:\/\/ebfl.at\/wp-content\/uploads\/2019\/03\/Schlieren-10-300x199.png 300w, https:\/\/ebfl.at\/wp-content\/uploads\/2019\/03\/Schlieren-10-768x509.png 768w, https:\/\/ebfl.at\/wp-content\/uploads\/2019\/03\/Schlieren-10.png 1500w\" sizes=\"auto, (max-width: 1024px) 100vw, 1024px\" \/><figcaption class=\"wp-element-caption\">S\u00fcdbahn Express<\/figcaption><\/figure>\n<\/figure>\n\n\n\n<p><\/p>\n\n\n\n<p><\/p>\n","protected":false},"excerpt":{"rendered":"<p>EISENBAHN MUSEUM S\u00dcDBAHN HEIZHAUS Das Eisenbahnmuseum S\u00fcdbahn Heizhaus in Lienz ist ein bedeutendes Zeugnis der 150-j\u00e4hrigen Eisenbahntechnikgeschichte Tirols. Der Verein der Eisenbahnfreunde in Lienz (EBFL) pr\u00e4sentiert auf 1.800 m\u00b2 Ausstellungsfl\u00e4che historische Lokomotiven, Waggons, Signalanlagen und technische Rarit\u00e4ten. Architektonisches Highlight Das denkmalgesch\u00fctzte Heizhaus aus dem Jahr 1871, entworfen von Wilhelm von Flattich, beeindruckt mit seiner 97 [&hellip;]<\/p>\n","protected":false},"author":2,"featured_media":0,"parent":0,"menu_order":0,"comment_status":"closed","ping_status":"closed","template":"","meta":{"footnotes":""},"class_list":["post-663","page","type-page","status-publish","hentry"],"yoast_head":"<!-- This site is optimized with the Yoast SEO plugin v27.4 - https:\/\/yoast.com\/product\/yoast-seo-wordpress\/ -->\n<title>Startseite - EBFL<\/title>\n<meta name=\"robots\" content=\"index, follow, max-snippet:-1, max-image-preview:large, max-video-preview:-1\" \/>\n<link rel=\"canonical\" href=\"https:\/\/ebfl.at\/\" \/>\n<meta property=\"og:locale\" content=\"de_DE\" \/>\n<meta property=\"og:type\" content=\"article\" \/>\n<meta property=\"og:title\" content=\"Startseite - EBFL\" \/>\n<meta property=\"og:description\" content=\"EISENBAHN MUSEUM S\u00dcDBAHN HEIZHAUS Das Eisenbahnmuseum S\u00fcdbahn Heizhaus in Lienz ist ein bedeutendes Zeugnis der 150-j\u00e4hrigen Eisenbahntechnikgeschichte Tirols. Der Verein der Eisenbahnfreunde in Lienz (EBFL) pr\u00e4sentiert auf 1.800 m\u00b2 Ausstellungsfl\u00e4che historische Lokomotiven, Waggons, Signalanlagen und technische Rarit\u00e4ten. Architektonisches Highlight Das denkmalgesch\u00fctzte Heizhaus aus dem Jahr 1871, entworfen von Wilhelm von Flattich, beeindruckt mit seiner 97 [&hellip;]\" \/>\n<meta property=\"og:url\" content=\"https:\/\/ebfl.at\/\" \/>\n<meta property=\"og:site_name\" content=\"EBFL\" \/>\n<meta property=\"article:publisher\" content=\"https:\/\/www.facebook.com\/pages\/category\/History-Museum\/EBFLat-301838060596265\/\" \/>\n<meta property=\"article:modified_time\" content=\"2025-11-17T11:24:21+00:00\" \/>\n<meta property=\"og:image\" content=\"https:\/\/ebfl.at\/wp-content\/uploads\/2021\/01\/IMG-20200707-WA0002-2.jpg\" \/>\n\t<meta property=\"og:image:width\" content=\"1542\" \/>\n\t<meta property=\"og:image:height\" content=\"793\" \/>\n\t<meta property=\"og:image:type\" content=\"image\/jpeg\" \/>\n<meta name=\"twitter:card\" content=\"summary_large_image\" \/>\n<meta name=\"twitter:label1\" content=\"Gesch\u00e4tzte Lesezeit\" \/>\n\t<meta name=\"twitter:data1\" content=\"1\u00a0Minute\" \/>\n<script type=\"application\/ld+json\" class=\"yoast-schema-graph\">{\"@context\":\"https:\\\/\\\/schema.org\",\"@graph\":[{\"@type\":\"WebPage\",\"@id\":\"https:\\\/\\\/ebfl.at\\\/\",\"url\":\"https:\\\/\\\/ebfl.at\\\/\",\"name\":\"Startseite - EBFL\",\"isPartOf\":{\"@id\":\"https:\\\/\\\/ebfl.at\\\/#website\"},\"primaryImageOfPage\":{\"@id\":\"https:\\\/\\\/ebfl.at\\\/#primaryimage\"},\"image\":{\"@id\":\"https:\\\/\\\/ebfl.at\\\/#primaryimage\"},\"thumbnailUrl\":\"https:\\\/\\\/ebfl.at\\\/wp-content\\\/uploads\\\/2021\\\/01\\\/IMG-20200707-WA0002-2-1024x527.jpg\",\"datePublished\":\"2019-02-05T17:03:15+00:00\",\"dateModified\":\"2025-11-17T11:24:21+00:00\",\"breadcrumb\":{\"@id\":\"https:\\\/\\\/ebfl.at\\\/#breadcrumb\"},\"inLanguage\":\"de\",\"potentialAction\":[{\"@type\":\"ReadAction\",\"target\":[\"https:\\\/\\\/ebfl.at\\\/\"]}]},{\"@type\":\"ImageObject\",\"inLanguage\":\"de\",\"@id\":\"https:\\\/\\\/ebfl.at\\\/#primaryimage\",\"url\":\"https:\\\/\\\/ebfl.at\\\/wp-content\\\/uploads\\\/2021\\\/01\\\/IMG-20200707-WA0002-2.jpg\",\"contentUrl\":\"https:\\\/\\\/ebfl.at\\\/wp-content\\\/uploads\\\/2021\\\/01\\\/IMG-20200707-WA0002-2.jpg\",\"width\":1542,\"height\":793,\"caption\":\"S\u00fcdbahn Heizhaus\"},{\"@type\":\"BreadcrumbList\",\"@id\":\"https:\\\/\\\/ebfl.at\\\/#breadcrumb\",\"itemListElement\":[{\"@type\":\"ListItem\",\"position\":1,\"name\":\"Startseite\",\"item\":\"https:\\\/\\\/ebfl.at\\\/\"},{\"@type\":\"ListItem\",\"position\":2,\"name\":\"Startseite\"}]},{\"@type\":\"WebSite\",\"@id\":\"https:\\\/\\\/ebfl.at\\\/#website\",\"url\":\"https:\\\/\\\/ebfl.at\\\/\",\"name\":\"EBFL Eisenbahnfreunde Lienz\",\"description\":\"Verein der Eisenbahnfreunde in Lienz\",\"publisher\":{\"@id\":\"https:\\\/\\\/ebfl.at\\\/#organization\"},\"potentialAction\":[{\"@type\":\"SearchAction\",\"target\":{\"@type\":\"EntryPoint\",\"urlTemplate\":\"https:\\\/\\\/ebfl.at\\\/?s={search_term_string}\"},\"query-input\":{\"@type\":\"PropertyValueSpecification\",\"valueRequired\":true,\"valueName\":\"search_term_string\"}}],\"inLanguage\":\"de\"},{\"@type\":\"Organization\",\"@id\":\"https:\\\/\\\/ebfl.at\\\/#organization\",\"name\":\"EBFL - Eisenbahnfreunde Lienz\",\"url\":\"https:\\\/\\\/ebfl.at\\\/\",\"logo\":{\"@type\":\"ImageObject\",\"inLanguage\":\"de\",\"@id\":\"https:\\\/\\\/ebfl.at\\\/#\\\/schema\\\/logo\\\/image\\\/\",\"url\":\"https:\\\/\\\/ebfl.at\\\/wp-content\\\/uploads\\\/2019\\\/01\\\/Eisenbahnfreunde-Lienz.jpg\",\"contentUrl\":\"https:\\\/\\\/ebfl.at\\\/wp-content\\\/uploads\\\/2019\\\/01\\\/Eisenbahnfreunde-Lienz.jpg\",\"width\":1087,\"height\":480,\"caption\":\"EBFL - Eisenbahnfreunde Lienz\"},\"image\":{\"@id\":\"https:\\\/\\\/ebfl.at\\\/#\\\/schema\\\/logo\\\/image\\\/\"},\"sameAs\":[\"https:\\\/\\\/www.facebook.com\\\/pages\\\/category\\\/History-Museum\\\/EBFLat-301838060596265\\\/\"]}]}<\/script>\n<!-- \/ Yoast SEO plugin. -->","yoast_head_json":{"title":"Startseite - EBFL","robots":{"index":"index","follow":"follow","max-snippet":"max-snippet:-1","max-image-preview":"max-image-preview:large","max-video-preview":"max-video-preview:-1"},"canonical":"https:\/\/ebfl.at\/","og_locale":"de_DE","og_type":"article","og_title":"Startseite - EBFL","og_description":"EISENBAHN MUSEUM S\u00dcDBAHN HEIZHAUS Das Eisenbahnmuseum S\u00fcdbahn Heizhaus in Lienz ist ein bedeutendes Zeugnis der 150-j\u00e4hrigen Eisenbahntechnikgeschichte Tirols. Der Verein der Eisenbahnfreunde in Lienz (EBFL) pr\u00e4sentiert auf 1.800 m\u00b2 Ausstellungsfl\u00e4che historische Lokomotiven, Waggons, Signalanlagen und technische Rarit\u00e4ten. Architektonisches Highlight Das denkmalgesch\u00fctzte Heizhaus aus dem Jahr 1871, entworfen von Wilhelm von Flattich, beeindruckt mit seiner 97 [&hellip;]","og_url":"https:\/\/ebfl.at\/","og_site_name":"EBFL","article_publisher":"https:\/\/www.facebook.com\/pages\/category\/History-Museum\/EBFLat-301838060596265\/","article_modified_time":"2025-11-17T11:24:21+00:00","og_image":[{"width":1542,"height":793,"url":"https:\/\/ebfl.at\/wp-content\/uploads\/2021\/01\/IMG-20200707-WA0002-2.jpg","type":"image\/jpeg"}],"twitter_card":"summary_large_image","twitter_misc":{"Gesch\u00e4tzte Lesezeit":"1\u00a0Minute"},"schema":{"@context":"https:\/\/schema.org","@graph":[{"@type":"WebPage","@id":"https:\/\/ebfl.at\/","url":"https:\/\/ebfl.at\/","name":"Startseite - EBFL","isPartOf":{"@id":"https:\/\/ebfl.at\/#website"},"primaryImageOfPage":{"@id":"https:\/\/ebfl.at\/#primaryimage"},"image":{"@id":"https:\/\/ebfl.at\/#primaryimage"},"thumbnailUrl":"https:\/\/ebfl.at\/wp-content\/uploads\/2021\/01\/IMG-20200707-WA0002-2-1024x527.jpg","datePublished":"2019-02-05T17:03:15+00:00","dateModified":"2025-11-17T11:24:21+00:00","breadcrumb":{"@id":"https:\/\/ebfl.at\/#breadcrumb"},"inLanguage":"de","potentialAction":[{"@type":"ReadAction","target":["https:\/\/ebfl.at\/"]}]},{"@type":"ImageObject","inLanguage":"de","@id":"https:\/\/ebfl.at\/#primaryimage","url":"https:\/\/ebfl.at\/wp-content\/uploads\/2021\/01\/IMG-20200707-WA0002-2.jpg","contentUrl":"https:\/\/ebfl.at\/wp-content\/uploads\/2021\/01\/IMG-20200707-WA0002-2.jpg","width":1542,"height":793,"caption":"S\u00fcdbahn Heizhaus"},{"@type":"BreadcrumbList","@id":"https:\/\/ebfl.at\/#breadcrumb","itemListElement":[{"@type":"ListItem","position":1,"name":"Startseite","item":"https:\/\/ebfl.at\/"},{"@type":"ListItem","position":2,"name":"Startseite"}]},{"@type":"WebSite","@id":"https:\/\/ebfl.at\/#website","url":"https:\/\/ebfl.at\/","name":"EBFL Eisenbahnfreunde Lienz","description":"Verein der Eisenbahnfreunde in Lienz","publisher":{"@id":"https:\/\/ebfl.at\/#organization"},"potentialAction":[{"@type":"SearchAction","target":{"@type":"EntryPoint","urlTemplate":"https:\/\/ebfl.at\/?s={search_term_string}"},"query-input":{"@type":"PropertyValueSpecification","valueRequired":true,"valueName":"search_term_string"}}],"inLanguage":"de"},{"@type":"Organization","@id":"https:\/\/ebfl.at\/#organization","name":"EBFL - Eisenbahnfreunde Lienz","url":"https:\/\/ebfl.at\/","logo":{"@type":"ImageObject","inLanguage":"de","@id":"https:\/\/ebfl.at\/#\/schema\/logo\/image\/","url":"https:\/\/ebfl.at\/wp-content\/uploads\/2019\/01\/Eisenbahnfreunde-Lienz.jpg","contentUrl":"https:\/\/ebfl.at\/wp-content\/uploads\/2019\/01\/Eisenbahnfreunde-Lienz.jpg","width":1087,"height":480,"caption":"EBFL - Eisenbahnfreunde Lienz"},"image":{"@id":"https:\/\/ebfl.at\/#\/schema\/logo\/image\/"},"sameAs":["https:\/\/www.facebook.com\/pages\/category\/History-Museum\/EBFLat-301838060596265\/"]}]}},"_links":{"self":[{"href":"https:\/\/ebfl.at\/index.php\/wp-json\/wp\/v2\/pages\/663","targetHints":{"allow":["GET"]}}],"collection":[{"href":"https:\/\/ebfl.at\/index.php\/wp-json\/wp\/v2\/pages"}],"about":[{"href":"https:\/\/ebfl.at\/index.php\/wp-json\/wp\/v2\/types\/page"}],"author":[{"embeddable":true,"href":"https:\/\/ebfl.at\/index.php\/wp-json\/wp\/v2\/users\/2"}],"replies":[{"embeddable":true,"href":"https:\/\/ebfl.at\/index.php\/wp-json\/wp\/v2\/comments?post=663"}],"version-history":[{"count":45,"href":"https:\/\/ebfl.at\/index.php\/wp-json\/wp\/v2\/pages\/663\/revisions"}],"predecessor-version":[{"id":4541,"href":"https:\/\/ebfl.at\/index.php\/wp-json\/wp\/v2\/pages\/663\/revisions\/4541"}],"wp:attachment":[{"href":"https:\/\/ebfl.at\/index.php\/wp-json\/wp\/v2\/media?parent=663"}],"curies":[{"name":"wp","href":"https:\/\/api.w.org\/{rel}","templated":true}]}}