{"id":666,"date":"2019-02-05T18:04:54","date_gmt":"2019-02-05T17:04:54","guid":{"rendered":"https:\/\/wp.ebfl.at\/?page_id=666"},"modified":"2022-05-03T19:03:49","modified_gmt":"2022-05-03T17:03:49","slug":"start-pagina","status":"publish","type":"page","link":"https:\/\/ebfl.at\/index.php\/it\/start-pagina\/","title":{"rendered":"Pagina iniziale"},"content":{"rendered":"\n<figure class=\"wp-block-gallery has-nested-images columns-default is-cropped wp-block-gallery-1 is-layout-flex wp-block-gallery-is-layout-flex\">\n<figure class=\"wp-block-image size-large\"><img loading=\"lazy\" decoding=\"async\" width=\"1024\" height=\"527\" data-id=\"2505\" src=\"https:\/\/ebfl.at\/wp-content\/uploads\/2021\/01\/IMG-20200707-WA0002-2-1-1024x527.jpg\" alt=\"\" class=\"wp-image-2505\" srcset=\"https:\/\/ebfl.at\/wp-content\/uploads\/2021\/01\/IMG-20200707-WA0002-2-1-1024x527.jpg 1024w, https:\/\/ebfl.at\/wp-content\/uploads\/2021\/01\/IMG-20200707-WA0002-2-1-300x154.jpg 300w, https:\/\/ebfl.at\/wp-content\/uploads\/2021\/01\/IMG-20200707-WA0002-2-1-768x395.jpg 768w, https:\/\/ebfl.at\/wp-content\/uploads\/2021\/01\/IMG-20200707-WA0002-2-1-1536x790.jpg 1536w, https:\/\/ebfl.at\/wp-content\/uploads\/2021\/01\/IMG-20200707-WA0002-2-1.jpg 1542w\" sizes=\"auto, (max-width: 1024px) 100vw, 1024px\" \/><\/figure>\n<\/figure>\n\n\n\n<p class=\"has-black-color has-text-color has-background\" style=\"background-color:#d59152\">L&#8217;importanza storica della ferrovia per la Drava e la Val Pusteria ha spinto la citt\u00e0 di Lienz ad acquistare nel 1980 la locomotiva a vapore 52.3816, che ha dato in prestito permanente al club&#8220; der Eisenbahnfreunde in Lienz (EBFL)&#8220; appena fondato.<br>L&#8217;associazione gestisce il museo a titolo onorifico e si dedica in particolare ai 150 anni di storia tecnica dell&#8217;industria ferroviaria. <br><br><strong>Il museo ferroviario, unico in Tirolo,<\/strong> \u00e8 ospitato nell&#8217;ex S\u00fcdbahn Heizhaus (1871) della k. k. priv. S\u00fcdbahngesellschaft: questo deposito locomotive ha una grande sala con un&#8217;impressionante campata unica del tetto in legno e diverse stanze pi\u00f9 piccole sul lato sud.<br><br>Questa struttura a tre binari, lungo 97 m, progettato dall&#8217;architetto Wilhelm von Flattich, \u00e8 in gran parte nella sua condizione originale ed \u00e8 un edificio protetto dal 1999, cos\u00ec come la piattaforma girevole, costruita nel 1942; le locomotive a vapore 52.3816 e Sulm-B 1 e le quattro carrozze del treno passeggeri S\u00fcdbahn Express sono registrati come beni culturali tecnici.<br><br>Il significato storico dell&#8217;edificio si riflette nel concetto di esposizione e quindi \u00e8 normale sorprendente che le stanze stesse siano da intendersi come &#8222;reperti&#8220; che raccontano la storia allo stato originale; i 1.800  mq. di spazio espositivo ospitano locomotive a vapore, elettriche e diesel, carrozze, apparecchiature di segnalazione, attrezzature tecniche, fotografie e piani storici, un archivio completo e una biblioteca di letteratura ferroviaria. <br><br>Una posizione speciale nelle attivit\u00e0 dell&#8217;Associazione e del museo \u00e8 occupata dal treno passeggeri storico <strong>S\u00fcdbahn Express<\/strong>; questo \u00e8 stato restaurato con amore ((F\u00f6rderverein IG Tauernbahn)) E-locomotiva della classe 1020.018 dell&#8217;anno 1940 e 4 carrozze Schlieren degli anni 1967-1975.  Tutto ci\u00f2 permette un`  offerta di 4 &#8211; 5 viaggi all&#8217;anno.<\/p>\n","protected":false},"excerpt":{"rendered":"<p>L&#8217;importanza storica della ferrovia per la Drava e la Val Pusteria ha spinto la citt\u00e0 di Lienz ad acquistare nel 1980 la locomotiva a vapore 52.3816, che ha dato in prestito permanente al club&#8220; der Eisenbahnfreunde in Lienz (EBFL)&#8220; appena fondato.L&#8217;associazione gestisce il museo a titolo onorifico e si dedica in particolare ai 150 anni [&hellip;]<\/p>\n","protected":false},"author":2,"featured_media":0,"parent":0,"menu_order":0,"comment_status":"closed","ping_status":"closed","template":"","meta":{"footnotes":""},"class_list":["post-666","page","type-page","status-publish","hentry"],"yoast_head":"<!-- This site is optimized with the Yoast SEO plugin v27.4 - https:\/\/yoast.com\/product\/yoast-seo-wordpress\/ -->\n<title>Pagina iniziale - EBFL<\/title>\n<meta name=\"robots\" content=\"index, follow, max-snippet:-1, max-image-preview:large, max-video-preview:-1\" \/>\n<link rel=\"canonical\" href=\"https:\/\/ebfl.at\/index.php\/it\/start-pagina\/\" \/>\n<meta property=\"og:locale\" content=\"de_DE\" \/>\n<meta property=\"og:type\" content=\"article\" \/>\n<meta property=\"og:title\" content=\"Pagina iniziale - EBFL\" \/>\n<meta property=\"og:description\" content=\"L&#8217;importanza storica della ferrovia per la Drava e la Val Pusteria ha spinto la citt\u00e0 di Lienz ad acquistare nel 1980 la locomotiva a vapore 52.3816, che ha dato in prestito permanente al club&#8220; der Eisenbahnfreunde in Lienz (EBFL)&#8220; appena fondato.L&#8217;associazione gestisce il museo a titolo onorifico e si dedica in particolare ai 150 anni [&hellip;]\" \/>\n<meta property=\"og:url\" content=\"https:\/\/ebfl.at\/index.php\/it\/start-pagina\/\" \/>\n<meta property=\"og:site_name\" content=\"EBFL\" \/>\n<meta property=\"article:publisher\" content=\"https:\/\/www.facebook.com\/pages\/category\/History-Museum\/EBFLat-301838060596265\/\" \/>\n<meta property=\"article:modified_time\" content=\"2022-05-03T17:03:49+00:00\" \/>\n<meta property=\"og:image\" content=\"https:\/\/ebfl.at\/wp-content\/uploads\/2021\/01\/IMG-20200707-WA0002-2-1-1024x527.jpg\" \/>\n<meta name=\"twitter:card\" content=\"summary_large_image\" \/>\n<meta name=\"twitter:label1\" content=\"Gesch\u00e4tzte Lesezeit\" \/>\n\t<meta name=\"twitter:data1\" content=\"2\u00a0Minuten\" \/>\n<script type=\"application\/ld+json\" class=\"yoast-schema-graph\">{\"@context\":\"https:\\\/\\\/schema.org\",\"@graph\":[{\"@type\":\"WebPage\",\"@id\":\"https:\\\/\\\/ebfl.at\\\/index.php\\\/it\\\/start-pagina\\\/\",\"url\":\"https:\\\/\\\/ebfl.at\\\/index.php\\\/it\\\/start-pagina\\\/\",\"name\":\"Pagina iniziale - EBFL\",\"isPartOf\":{\"@id\":\"https:\\\/\\\/ebfl.at\\\/#website\"},\"primaryImageOfPage\":{\"@id\":\"https:\\\/\\\/ebfl.at\\\/index.php\\\/it\\\/start-pagina\\\/#primaryimage\"},\"image\":{\"@id\":\"https:\\\/\\\/ebfl.at\\\/index.php\\\/it\\\/start-pagina\\\/#primaryimage\"},\"thumbnailUrl\":\"https:\\\/\\\/ebfl.at\\\/wp-content\\\/uploads\\\/2021\\\/01\\\/IMG-20200707-WA0002-2-1-1024x527.jpg\",\"datePublished\":\"2019-02-05T17:04:54+00:00\",\"dateModified\":\"2022-05-03T17:03:49+00:00\",\"breadcrumb\":{\"@id\":\"https:\\\/\\\/ebfl.at\\\/index.php\\\/it\\\/start-pagina\\\/#breadcrumb\"},\"inLanguage\":\"de\",\"potentialAction\":[{\"@type\":\"ReadAction\",\"target\":[\"https:\\\/\\\/ebfl.at\\\/index.php\\\/it\\\/start-pagina\\\/\"]}]},{\"@type\":\"ImageObject\",\"inLanguage\":\"de\",\"@id\":\"https:\\\/\\\/ebfl.at\\\/index.php\\\/it\\\/start-pagina\\\/#primaryimage\",\"url\":\"https:\\\/\\\/ebfl.at\\\/wp-content\\\/uploads\\\/2021\\\/01\\\/IMG-20200707-WA0002-2-1.jpg\",\"contentUrl\":\"https:\\\/\\\/ebfl.at\\\/wp-content\\\/uploads\\\/2021\\\/01\\\/IMG-20200707-WA0002-2-1.jpg\",\"width\":1542,\"height\":793},{\"@type\":\"BreadcrumbList\",\"@id\":\"https:\\\/\\\/ebfl.at\\\/index.php\\\/it\\\/start-pagina\\\/#breadcrumb\",\"itemListElement\":[{\"@type\":\"ListItem\",\"position\":1,\"name\":\"Startseite\",\"item\":\"https:\\\/\\\/ebfl.at\\\/\"},{\"@type\":\"ListItem\",\"position\":2,\"name\":\"Pagina iniziale\"}]},{\"@type\":\"WebSite\",\"@id\":\"https:\\\/\\\/ebfl.at\\\/#website\",\"url\":\"https:\\\/\\\/ebfl.at\\\/\",\"name\":\"EBFL Eisenbahnfreunde Lienz\",\"description\":\"Verein der Eisenbahnfreunde in Lienz\",\"publisher\":{\"@id\":\"https:\\\/\\\/ebfl.at\\\/#organization\"},\"potentialAction\":[{\"@type\":\"SearchAction\",\"target\":{\"@type\":\"EntryPoint\",\"urlTemplate\":\"https:\\\/\\\/ebfl.at\\\/?s={search_term_string}\"},\"query-input\":{\"@type\":\"PropertyValueSpecification\",\"valueRequired\":true,\"valueName\":\"search_term_string\"}}],\"inLanguage\":\"de\"},{\"@type\":\"Organization\",\"@id\":\"https:\\\/\\\/ebfl.at\\\/#organization\",\"name\":\"EBFL - Eisenbahnfreunde Lienz\",\"url\":\"https:\\\/\\\/ebfl.at\\\/\",\"logo\":{\"@type\":\"ImageObject\",\"inLanguage\":\"de\",\"@id\":\"https:\\\/\\\/ebfl.at\\\/#\\\/schema\\\/logo\\\/image\\\/\",\"url\":\"https:\\\/\\\/ebfl.at\\\/wp-content\\\/uploads\\\/2019\\\/01\\\/Eisenbahnfreunde-Lienz.jpg\",\"contentUrl\":\"https:\\\/\\\/ebfl.at\\\/wp-content\\\/uploads\\\/2019\\\/01\\\/Eisenbahnfreunde-Lienz.jpg\",\"width\":1087,\"height\":480,\"caption\":\"EBFL - Eisenbahnfreunde Lienz\"},\"image\":{\"@id\":\"https:\\\/\\\/ebfl.at\\\/#\\\/schema\\\/logo\\\/image\\\/\"},\"sameAs\":[\"https:\\\/\\\/www.facebook.com\\\/pages\\\/category\\\/History-Museum\\\/EBFLat-301838060596265\\\/\"]}]}<\/script>\n<!-- \/ Yoast SEO plugin. -->","yoast_head_json":{"title":"Pagina iniziale - EBFL","robots":{"index":"index","follow":"follow","max-snippet":"max-snippet:-1","max-image-preview":"max-image-preview:large","max-video-preview":"max-video-preview:-1"},"canonical":"https:\/\/ebfl.at\/index.php\/it\/start-pagina\/","og_locale":"de_DE","og_type":"article","og_title":"Pagina iniziale - EBFL","og_description":"L&#8217;importanza storica della ferrovia per la Drava e la Val Pusteria ha spinto la citt\u00e0 di Lienz ad acquistare nel 1980 la locomotiva a vapore 52.3816, che ha dato in prestito permanente al club&#8220; der Eisenbahnfreunde in Lienz (EBFL)&#8220; appena fondato.L&#8217;associazione gestisce il museo a titolo onorifico e si dedica in particolare ai 150 anni [&hellip;]","og_url":"https:\/\/ebfl.at\/index.php\/it\/start-pagina\/","og_site_name":"EBFL","article_publisher":"https:\/\/www.facebook.com\/pages\/category\/History-Museum\/EBFLat-301838060596265\/","article_modified_time":"2022-05-03T17:03:49+00:00","og_image":[{"url":"https:\/\/ebfl.at\/wp-content\/uploads\/2021\/01\/IMG-20200707-WA0002-2-1-1024x527.jpg","type":"","width":"","height":""}],"twitter_card":"summary_large_image","twitter_misc":{"Gesch\u00e4tzte Lesezeit":"2\u00a0Minuten"},"schema":{"@context":"https:\/\/schema.org","@graph":[{"@type":"WebPage","@id":"https:\/\/ebfl.at\/index.php\/it\/start-pagina\/","url":"https:\/\/ebfl.at\/index.php\/it\/start-pagina\/","name":"Pagina iniziale - EBFL","isPartOf":{"@id":"https:\/\/ebfl.at\/#website"},"primaryImageOfPage":{"@id":"https:\/\/ebfl.at\/index.php\/it\/start-pagina\/#primaryimage"},"image":{"@id":"https:\/\/ebfl.at\/index.php\/it\/start-pagina\/#primaryimage"},"thumbnailUrl":"https:\/\/ebfl.at\/wp-content\/uploads\/2021\/01\/IMG-20200707-WA0002-2-1-1024x527.jpg","datePublished":"2019-02-05T17:04:54+00:00","dateModified":"2022-05-03T17:03:49+00:00","breadcrumb":{"@id":"https:\/\/ebfl.at\/index.php\/it\/start-pagina\/#breadcrumb"},"inLanguage":"de","potentialAction":[{"@type":"ReadAction","target":["https:\/\/ebfl.at\/index.php\/it\/start-pagina\/"]}]},{"@type":"ImageObject","inLanguage":"de","@id":"https:\/\/ebfl.at\/index.php\/it\/start-pagina\/#primaryimage","url":"https:\/\/ebfl.at\/wp-content\/uploads\/2021\/01\/IMG-20200707-WA0002-2-1.jpg","contentUrl":"https:\/\/ebfl.at\/wp-content\/uploads\/2021\/01\/IMG-20200707-WA0002-2-1.jpg","width":1542,"height":793},{"@type":"BreadcrumbList","@id":"https:\/\/ebfl.at\/index.php\/it\/start-pagina\/#breadcrumb","itemListElement":[{"@type":"ListItem","position":1,"name":"Startseite","item":"https:\/\/ebfl.at\/"},{"@type":"ListItem","position":2,"name":"Pagina iniziale"}]},{"@type":"WebSite","@id":"https:\/\/ebfl.at\/#website","url":"https:\/\/ebfl.at\/","name":"EBFL Eisenbahnfreunde Lienz","description":"Verein der Eisenbahnfreunde in Lienz","publisher":{"@id":"https:\/\/ebfl.at\/#organization"},"potentialAction":[{"@type":"SearchAction","target":{"@type":"EntryPoint","urlTemplate":"https:\/\/ebfl.at\/?s={search_term_string}"},"query-input":{"@type":"PropertyValueSpecification","valueRequired":true,"valueName":"search_term_string"}}],"inLanguage":"de"},{"@type":"Organization","@id":"https:\/\/ebfl.at\/#organization","name":"EBFL - Eisenbahnfreunde Lienz","url":"https:\/\/ebfl.at\/","logo":{"@type":"ImageObject","inLanguage":"de","@id":"https:\/\/ebfl.at\/#\/schema\/logo\/image\/","url":"https:\/\/ebfl.at\/wp-content\/uploads\/2019\/01\/Eisenbahnfreunde-Lienz.jpg","contentUrl":"https:\/\/ebfl.at\/wp-content\/uploads\/2019\/01\/Eisenbahnfreunde-Lienz.jpg","width":1087,"height":480,"caption":"EBFL - Eisenbahnfreunde Lienz"},"image":{"@id":"https:\/\/ebfl.at\/#\/schema\/logo\/image\/"},"sameAs":["https:\/\/www.facebook.com\/pages\/category\/History-Museum\/EBFLat-301838060596265\/"]}]}},"_links":{"self":[{"href":"https:\/\/ebfl.at\/index.php\/wp-json\/wp\/v2\/pages\/666","targetHints":{"allow":["GET"]}}],"collection":[{"href":"https:\/\/ebfl.at\/index.php\/wp-json\/wp\/v2\/pages"}],"about":[{"href":"https:\/\/ebfl.at\/index.php\/wp-json\/wp\/v2\/types\/page"}],"author":[{"embeddable":true,"href":"https:\/\/ebfl.at\/index.php\/wp-json\/wp\/v2\/users\/2"}],"replies":[{"embeddable":true,"href":"https:\/\/ebfl.at\/index.php\/wp-json\/wp\/v2\/comments?post=666"}],"version-history":[{"count":15,"href":"https:\/\/ebfl.at\/index.php\/wp-json\/wp\/v2\/pages\/666\/revisions"}],"predecessor-version":[{"id":3269,"href":"https:\/\/ebfl.at\/index.php\/wp-json\/wp\/v2\/pages\/666\/revisions\/3269"}],"wp:attachment":[{"href":"https:\/\/ebfl.at\/index.php\/wp-json\/wp\/v2\/media?parent=666"}],"curies":[{"name":"wp","href":"https:\/\/api.w.org\/{rel}","templated":true}]}}