{"id":69,"date":"2019-01-23T16:24:31","date_gmt":"2019-01-23T15:24:31","guid":{"rendered":"https:\/\/wp.ebfl.at\/?page_id=69"},"modified":"2023-12-27T18:03:27","modified_gmt":"2023-12-27T17:03:27","slug":"verein","status":"publish","type":"page","link":"https:\/\/ebfl.at\/index.php\/verein\/","title":{"rendered":"Verein"},"content":{"rendered":"<div class=\"wp-block-image\">\n<figure class=\"aligncenter is-resized\"><img loading=\"lazy\" decoding=\"async\" src=\"https:\/\/wp.ebfl.at\/wp-content\/uploads\/2019\/03\/52.3816-Lienz-21.04.2012-1024x683.png\" alt=\"\" class=\"wp-image-1096\" width=\"409\" height=\"272\" srcset=\"https:\/\/ebfl.at\/wp-content\/uploads\/2019\/03\/52.3816-Lienz-21.04.2012.png 1024w, https:\/\/ebfl.at\/wp-content\/uploads\/2019\/03\/52.3816-Lienz-21.04.2012-300x200.png 300w, https:\/\/ebfl.at\/wp-content\/uploads\/2019\/03\/52.3816-Lienz-21.04.2012-768x512.png 768w\" sizes=\"auto, (max-width: 409px) 100vw, 409px\" \/><figcaption class=\"wp-element-caption\">52.3816<\/figcaption><\/figure>\n<\/div>\n\n\n<p><strong>Verein der Eisenbahnfreunde in Lienz  EBFL<\/strong><\/p>\n\n\n\n<p><\/p>\n\n\n\n<p>Im Hinblick auf die historische Bedeutung  der Eisenbahn f\u00fcr die Stadt  Lienz hatte sich der Stadtrat mit dem  damaligen B\u00fcrgermeister Hubert  Huber im November 1979 entschlossen, die  Dampflokomotive 52.3816 zu  kaufen.  Sie konnte betriebsf\u00e4hig gemacht  werden und wurde dem Verein der  Eisenbahnfreunde in Lienz, der aus  diesem Anlass gegr\u00fcndet wurde, zur  Betreuung \u00fcbergeben.   <\/p>\n\n\n\n<p><strong>Vereinsziel:<\/strong><\/p>\n\n\n\n<p>Der Verein der Eisenbahnfreunde in Lienz hat es sich zum Ziel gesetzt,  das alte Lienzer S\u00dcDBAHN HEIZHAUS mit seinen Schienenfahrzeugen,  Exponaten und historischen Schriften sowie die Drehscheibe der Nachwelt zu erhalten; in gro\u00dfer  Anerkennung des Erfindergeistes und der Leistungen unserer Vorfahren. <\/p>\n\n\n\n<figure class=\"wp-block-image size-large is-resized\"><img loading=\"lazy\" decoding=\"async\" src=\"https:\/\/ebfl.at\/wp-content\/uploads\/2023\/01\/Magazin-02_22-4-scaled-e1673284451856-733x1024.jpg\" alt=\"\" class=\"wp-image-3543\" width=\"190\" height=\"265\" srcset=\"https:\/\/ebfl.at\/wp-content\/uploads\/2023\/01\/Magazin-02_22-4-scaled-e1673284451856-733x1024.jpg 733w, https:\/\/ebfl.at\/wp-content\/uploads\/2023\/01\/Magazin-02_22-4-scaled-e1673284451856-215x300.jpg 215w, https:\/\/ebfl.at\/wp-content\/uploads\/2023\/01\/Magazin-02_22-4-scaled-e1673284451856-768x1073.jpg 768w, https:\/\/ebfl.at\/wp-content\/uploads\/2023\/01\/Magazin-02_22-4-scaled-e1673284451856-1099x1536.jpg 1099w, https:\/\/ebfl.at\/wp-content\/uploads\/2023\/01\/Magazin-02_22-4-scaled-e1673284451856-1466x2048.jpg 1466w, https:\/\/ebfl.at\/wp-content\/uploads\/2023\/01\/Magazin-02_22-4-scaled-e1673284451856.jpg 1832w\" sizes=\"auto, (max-width: 190px) 100vw, 190px\" \/><figcaption class=\"wp-element-caption\">Mitgliedermagazin, erscheint alle 3 Monate<\/figcaption><\/figure>\n\n\n\n<p><\/p>\n\n\n\n<p class=\"has-very-dark-gray-color has-very-light-gray-background-color has-text-color has-background\"><strong>Mitgliedsbeitrag j\u00e4hrlich:<\/strong><\/p>\n\n\n\n<p class=\"has-vivid-red-color has-text-color\"><strong>Stammverein <\/strong>                                        \u20ac 25,00<\/p>\n\n\n\n<p class=\"has-vivid-cyan-blue-color has-text-color\"><strong>Sektion Modellbahn<\/strong>                             \u20ac 20,00 + \u20ac 25,00 (die Mitgliedschaft in der Sektion setzt die Mitgliedschaft im Stammverein voraus)<\/p>\n\n\n\n<p><strong>Spenden<\/strong> f\u00fcr die Erhaltung der Exponate werden gerne entgegengenommen.<\/p>\n\n\n\n<p><\/p>\n\n\n\n<p class=\"has-vivid-red-color has-text-color\"><strong>Wie werde ich Mitglied?<\/strong> <\/p>\n\n\n\n<p>Anfrage senden an <a href=\"mailto:kontakt@ebfl.at\">kontakt@ebfl.at<\/a> <\/p>\n\n\n\n<p><\/p>\n\n\n\n<p class=\"has-very-light-gray-background-color has-background\"><strong>Der Verein ist Mitglied von<\/strong><\/p>\n\n\n\n<figure class=\"wp-block-image\"><img loading=\"lazy\" decoding=\"async\" width=\"115\" height=\"80\" src=\"https:\/\/wp.ebfl.at\/wp-content\/uploads\/2019\/03\/OMT-LOGO-Farbe-1.jpg\" alt=\"\" class=\"wp-image-1475\"\/><figcaption class=\"wp-element-caption\"><a href=\"https:\/\/www.google.com\/url?sa=t&amp;rct=j&amp;q=&amp;esrc=s&amp;source=web&amp;cd=1&amp;cad=rja&amp;uact=8&amp;ved=2ahUKEwjMuMP6nY7hAhWGwqYKHQhVCx0QFjAAegQIBRAC&amp;url=http%3A%2F%2Fwww.oemt.at%2F&amp;usg=AOvVaw2Ul8WiJRcMM8_a3bmirR_L\">Verband \u00d6sterreichischer Museums- und Touristikbahnen<\/a><\/figcaption><\/figure>\n\n\n\n<figure class=\"wp-block-image is-resized\"><img loading=\"lazy\" decoding=\"async\" src=\"https:\/\/ebfl.at\/wp-content\/uploads\/2019\/07\/Osttirol-KulturSpur-Logo-220.png\" alt=\"\" class=\"wp-image-1835\" width=\"123\" height=\"88\" srcset=\"https:\/\/ebfl.at\/wp-content\/uploads\/2019\/07\/Osttirol-KulturSpur-Logo-220.png 306w, https:\/\/ebfl.at\/wp-content\/uploads\/2019\/07\/Osttirol-KulturSpur-Logo-220-300x216.png 300w\" sizes=\"auto, (max-width: 123px) 100vw, 123px\" \/><\/figure>\n\n\n\n<p><\/p>\n\n\n\n<p class=\"has-very-light-gray-background-color has-background\"><strong>Der Verein ist Partner von<\/strong><\/p>\n\n\n\n<p><a href=\"https:\/\/www.google.com\/url?sa=t&amp;rct=j&amp;q=&amp;esrc=s&amp;source=web&amp;cd=1&amp;cad=rja&amp;uact=8&amp;ved=2ahUKEwiLjP6Njo_hAhURxcQBHQjGDAMQFjAAegQIBRAC&amp;url=https%3A%2F%2Fwww.tauernbahn.at%2F&amp;usg=AOvVaw1GgwruAN6OWuhajPVA-o0f\">IG Tauernbahn<\/a><\/p>\n\n\n\n<p><a href=\"https:\/\/www.google.com\/url?sa=t&amp;rct=j&amp;q=&amp;esrc=s&amp;source=web&amp;cd=1&amp;cad=rja&amp;uact=8&amp;ved=2ahUKEwjwhci-n47hAhXhx6YKHfYuBGAQFjAAegQIBBAC&amp;url=https%3A%2F%2Fwww.gailtalbahn.at%2F&amp;usg=AOvVaw3Pa9Sfz2Jii60ckcEWdxdT\">Verein Gailtalbahn<\/a><\/p>\n","protected":false},"excerpt":{"rendered":"<p>Verein der Eisenbahnfreunde in Lienz EBFL Im Hinblick auf die historische Bedeutung der Eisenbahn f\u00fcr die Stadt Lienz hatte sich der Stadtrat mit dem damaligen B\u00fcrgermeister Hubert Huber im November 1979 entschlossen, die Dampflokomotive 52.3816 zu kaufen. Sie konnte betriebsf\u00e4hig gemacht werden und wurde dem Verein der Eisenbahnfreunde in Lienz, der aus diesem Anlass gegr\u00fcndet [&hellip;]<\/p>\n","protected":false},"author":1,"featured_media":0,"parent":0,"menu_order":0,"comment_status":"closed","ping_status":"closed","template":"","meta":{"footnotes":""},"class_list":["post-69","page","type-page","status-publish","hentry"],"yoast_head":"<!-- This site is optimized with the Yoast SEO plugin v27.4 - https:\/\/yoast.com\/product\/yoast-seo-wordpress\/ -->\n<title>Verein - EBFL<\/title>\n<meta name=\"robots\" content=\"index, follow, max-snippet:-1, max-image-preview:large, max-video-preview:-1\" \/>\n<link rel=\"canonical\" href=\"https:\/\/ebfl.at\/index.php\/verein\/\" \/>\n<meta property=\"og:locale\" content=\"de_DE\" \/>\n<meta property=\"og:type\" content=\"article\" \/>\n<meta property=\"og:title\" content=\"Verein - EBFL\" \/>\n<meta property=\"og:description\" content=\"Verein der Eisenbahnfreunde in Lienz EBFL Im Hinblick auf die historische Bedeutung der Eisenbahn f\u00fcr die Stadt Lienz hatte sich der Stadtrat mit dem damaligen B\u00fcrgermeister Hubert Huber im November 1979 entschlossen, die Dampflokomotive 52.3816 zu kaufen. Sie konnte betriebsf\u00e4hig gemacht werden und wurde dem Verein der Eisenbahnfreunde in Lienz, der aus diesem Anlass gegr\u00fcndet [&hellip;]\" \/>\n<meta property=\"og:url\" content=\"https:\/\/ebfl.at\/index.php\/verein\/\" \/>\n<meta property=\"og:site_name\" content=\"EBFL\" \/>\n<meta property=\"article:publisher\" content=\"https:\/\/www.facebook.com\/pages\/category\/History-Museum\/EBFLat-301838060596265\/\" \/>\n<meta property=\"article:modified_time\" content=\"2023-12-27T17:03:27+00:00\" \/>\n<meta property=\"og:image\" content=\"https:\/\/wp.ebfl.at\/wp-content\/uploads\/2019\/03\/52.3816-Lienz-21.04.2012-1024x683.png\" \/>\n<meta name=\"twitter:card\" content=\"summary_large_image\" \/>\n<meta name=\"twitter:label1\" content=\"Gesch\u00e4tzte Lesezeit\" \/>\n\t<meta name=\"twitter:data1\" content=\"2\u00a0Minuten\" \/>\n<script type=\"application\/ld+json\" class=\"yoast-schema-graph\">{\"@context\":\"https:\\\/\\\/schema.org\",\"@graph\":[{\"@type\":\"WebPage\",\"@id\":\"https:\\\/\\\/ebfl.at\\\/index.php\\\/verein\\\/\",\"url\":\"https:\\\/\\\/ebfl.at\\\/index.php\\\/verein\\\/\",\"name\":\"Verein - EBFL\",\"isPartOf\":{\"@id\":\"https:\\\/\\\/ebfl.at\\\/#website\"},\"primaryImageOfPage\":{\"@id\":\"https:\\\/\\\/ebfl.at\\\/index.php\\\/verein\\\/#primaryimage\"},\"image\":{\"@id\":\"https:\\\/\\\/ebfl.at\\\/index.php\\\/verein\\\/#primaryimage\"},\"thumbnailUrl\":\"https:\\\/\\\/wp.ebfl.at\\\/wp-content\\\/uploads\\\/2019\\\/03\\\/52.3816-Lienz-21.04.2012-1024x683.png\",\"datePublished\":\"2019-01-23T15:24:31+00:00\",\"dateModified\":\"2023-12-27T17:03:27+00:00\",\"breadcrumb\":{\"@id\":\"https:\\\/\\\/ebfl.at\\\/index.php\\\/verein\\\/#breadcrumb\"},\"inLanguage\":\"de\",\"potentialAction\":[{\"@type\":\"ReadAction\",\"target\":[\"https:\\\/\\\/ebfl.at\\\/index.php\\\/verein\\\/\"]}]},{\"@type\":\"ImageObject\",\"inLanguage\":\"de\",\"@id\":\"https:\\\/\\\/ebfl.at\\\/index.php\\\/verein\\\/#primaryimage\",\"url\":\"https:\\\/\\\/wp.ebfl.at\\\/wp-content\\\/uploads\\\/2019\\\/03\\\/52.3816-Lienz-21.04.2012-1024x683.png\",\"contentUrl\":\"https:\\\/\\\/wp.ebfl.at\\\/wp-content\\\/uploads\\\/2019\\\/03\\\/52.3816-Lienz-21.04.2012-1024x683.png\"},{\"@type\":\"BreadcrumbList\",\"@id\":\"https:\\\/\\\/ebfl.at\\\/index.php\\\/verein\\\/#breadcrumb\",\"itemListElement\":[{\"@type\":\"ListItem\",\"position\":1,\"name\":\"Startseite\",\"item\":\"https:\\\/\\\/ebfl.at\\\/\"},{\"@type\":\"ListItem\",\"position\":2,\"name\":\"Verein\"}]},{\"@type\":\"WebSite\",\"@id\":\"https:\\\/\\\/ebfl.at\\\/#website\",\"url\":\"https:\\\/\\\/ebfl.at\\\/\",\"name\":\"EBFL Eisenbahnfreunde Lienz\",\"description\":\"Verein der Eisenbahnfreunde in Lienz\",\"publisher\":{\"@id\":\"https:\\\/\\\/ebfl.at\\\/#organization\"},\"potentialAction\":[{\"@type\":\"SearchAction\",\"target\":{\"@type\":\"EntryPoint\",\"urlTemplate\":\"https:\\\/\\\/ebfl.at\\\/?s={search_term_string}\"},\"query-input\":{\"@type\":\"PropertyValueSpecification\",\"valueRequired\":true,\"valueName\":\"search_term_string\"}}],\"inLanguage\":\"de\"},{\"@type\":\"Organization\",\"@id\":\"https:\\\/\\\/ebfl.at\\\/#organization\",\"name\":\"EBFL - Eisenbahnfreunde Lienz\",\"url\":\"https:\\\/\\\/ebfl.at\\\/\",\"logo\":{\"@type\":\"ImageObject\",\"inLanguage\":\"de\",\"@id\":\"https:\\\/\\\/ebfl.at\\\/#\\\/schema\\\/logo\\\/image\\\/\",\"url\":\"https:\\\/\\\/ebfl.at\\\/wp-content\\\/uploads\\\/2019\\\/01\\\/Eisenbahnfreunde-Lienz.jpg\",\"contentUrl\":\"https:\\\/\\\/ebfl.at\\\/wp-content\\\/uploads\\\/2019\\\/01\\\/Eisenbahnfreunde-Lienz.jpg\",\"width\":1087,\"height\":480,\"caption\":\"EBFL - Eisenbahnfreunde Lienz\"},\"image\":{\"@id\":\"https:\\\/\\\/ebfl.at\\\/#\\\/schema\\\/logo\\\/image\\\/\"},\"sameAs\":[\"https:\\\/\\\/www.facebook.com\\\/pages\\\/category\\\/History-Museum\\\/EBFLat-301838060596265\\\/\"]}]}<\/script>\n<!-- \/ Yoast SEO plugin. -->","yoast_head_json":{"title":"Verein - EBFL","robots":{"index":"index","follow":"follow","max-snippet":"max-snippet:-1","max-image-preview":"max-image-preview:large","max-video-preview":"max-video-preview:-1"},"canonical":"https:\/\/ebfl.at\/index.php\/verein\/","og_locale":"de_DE","og_type":"article","og_title":"Verein - EBFL","og_description":"Verein der Eisenbahnfreunde in Lienz EBFL Im Hinblick auf die historische Bedeutung der Eisenbahn f\u00fcr die Stadt Lienz hatte sich der Stadtrat mit dem damaligen B\u00fcrgermeister Hubert Huber im November 1979 entschlossen, die Dampflokomotive 52.3816 zu kaufen. Sie konnte betriebsf\u00e4hig gemacht werden und wurde dem Verein der Eisenbahnfreunde in Lienz, der aus diesem Anlass gegr\u00fcndet [&hellip;]","og_url":"https:\/\/ebfl.at\/index.php\/verein\/","og_site_name":"EBFL","article_publisher":"https:\/\/www.facebook.com\/pages\/category\/History-Museum\/EBFLat-301838060596265\/","article_modified_time":"2023-12-27T17:03:27+00:00","og_image":[{"url":"https:\/\/wp.ebfl.at\/wp-content\/uploads\/2019\/03\/52.3816-Lienz-21.04.2012-1024x683.png","type":"","width":"","height":""}],"twitter_card":"summary_large_image","twitter_misc":{"Gesch\u00e4tzte Lesezeit":"2\u00a0Minuten"},"schema":{"@context":"https:\/\/schema.org","@graph":[{"@type":"WebPage","@id":"https:\/\/ebfl.at\/index.php\/verein\/","url":"https:\/\/ebfl.at\/index.php\/verein\/","name":"Verein - EBFL","isPartOf":{"@id":"https:\/\/ebfl.at\/#website"},"primaryImageOfPage":{"@id":"https:\/\/ebfl.at\/index.php\/verein\/#primaryimage"},"image":{"@id":"https:\/\/ebfl.at\/index.php\/verein\/#primaryimage"},"thumbnailUrl":"https:\/\/wp.ebfl.at\/wp-content\/uploads\/2019\/03\/52.3816-Lienz-21.04.2012-1024x683.png","datePublished":"2019-01-23T15:24:31+00:00","dateModified":"2023-12-27T17:03:27+00:00","breadcrumb":{"@id":"https:\/\/ebfl.at\/index.php\/verein\/#breadcrumb"},"inLanguage":"de","potentialAction":[{"@type":"ReadAction","target":["https:\/\/ebfl.at\/index.php\/verein\/"]}]},{"@type":"ImageObject","inLanguage":"de","@id":"https:\/\/ebfl.at\/index.php\/verein\/#primaryimage","url":"https:\/\/wp.ebfl.at\/wp-content\/uploads\/2019\/03\/52.3816-Lienz-21.04.2012-1024x683.png","contentUrl":"https:\/\/wp.ebfl.at\/wp-content\/uploads\/2019\/03\/52.3816-Lienz-21.04.2012-1024x683.png"},{"@type":"BreadcrumbList","@id":"https:\/\/ebfl.at\/index.php\/verein\/#breadcrumb","itemListElement":[{"@type":"ListItem","position":1,"name":"Startseite","item":"https:\/\/ebfl.at\/"},{"@type":"ListItem","position":2,"name":"Verein"}]},{"@type":"WebSite","@id":"https:\/\/ebfl.at\/#website","url":"https:\/\/ebfl.at\/","name":"EBFL Eisenbahnfreunde Lienz","description":"Verein der Eisenbahnfreunde in Lienz","publisher":{"@id":"https:\/\/ebfl.at\/#organization"},"potentialAction":[{"@type":"SearchAction","target":{"@type":"EntryPoint","urlTemplate":"https:\/\/ebfl.at\/?s={search_term_string}"},"query-input":{"@type":"PropertyValueSpecification","valueRequired":true,"valueName":"search_term_string"}}],"inLanguage":"de"},{"@type":"Organization","@id":"https:\/\/ebfl.at\/#organization","name":"EBFL - Eisenbahnfreunde Lienz","url":"https:\/\/ebfl.at\/","logo":{"@type":"ImageObject","inLanguage":"de","@id":"https:\/\/ebfl.at\/#\/schema\/logo\/image\/","url":"https:\/\/ebfl.at\/wp-content\/uploads\/2019\/01\/Eisenbahnfreunde-Lienz.jpg","contentUrl":"https:\/\/ebfl.at\/wp-content\/uploads\/2019\/01\/Eisenbahnfreunde-Lienz.jpg","width":1087,"height":480,"caption":"EBFL - Eisenbahnfreunde Lienz"},"image":{"@id":"https:\/\/ebfl.at\/#\/schema\/logo\/image\/"},"sameAs":["https:\/\/www.facebook.com\/pages\/category\/History-Museum\/EBFLat-301838060596265\/"]}]}},"_links":{"self":[{"href":"https:\/\/ebfl.at\/index.php\/wp-json\/wp\/v2\/pages\/69","targetHints":{"allow":["GET"]}}],"collection":[{"href":"https:\/\/ebfl.at\/index.php\/wp-json\/wp\/v2\/pages"}],"about":[{"href":"https:\/\/ebfl.at\/index.php\/wp-json\/wp\/v2\/types\/page"}],"author":[{"embeddable":true,"href":"https:\/\/ebfl.at\/index.php\/wp-json\/wp\/v2\/users\/1"}],"replies":[{"embeddable":true,"href":"https:\/\/ebfl.at\/index.php\/wp-json\/wp\/v2\/comments?post=69"}],"version-history":[{"count":39,"href":"https:\/\/ebfl.at\/index.php\/wp-json\/wp\/v2\/pages\/69\/revisions"}],"predecessor-version":[{"id":3544,"href":"https:\/\/ebfl.at\/index.php\/wp-json\/wp\/v2\/pages\/69\/revisions\/3544"}],"wp:attachment":[{"href":"https:\/\/ebfl.at\/index.php\/wp-json\/wp\/v2\/media?parent=69"}],"curies":[{"name":"wp","href":"https:\/\/api.w.org\/{rel}","templated":true}]}}