{"id":75,"date":"2019-01-23T16:28:46","date_gmt":"2019-01-23T15:28:46","guid":{"rendered":"https:\/\/wp.ebfl.at\/?page_id=75"},"modified":"2024-02-05T13:18:52","modified_gmt":"2024-02-05T12:18:52","slug":"modellismo-ferroviario","status":"publish","type":"page","link":"https:\/\/ebfl.at\/index.php\/it\/modellismo-ferroviario\/","title":{"rendered":"Modellismo Ferroviario"},"content":{"rendered":"\n<figure class=\"wp-block-gallery has-nested-images columns-default is-cropped wp-block-gallery-1 is-layout-flex wp-block-gallery-is-layout-flex\">\n<figure class=\"wp-block-image size-large\"><img loading=\"lazy\" decoding=\"async\" width=\"1024\" height=\"768\" data-id=\"3923\" src=\"https:\/\/ebfl.at\/wp-content\/uploads\/2023\/10\/20230910_171443_Sonja_klein-1-1024x768.jpg\" alt=\"\" class=\"wp-image-3923\" srcset=\"https:\/\/ebfl.at\/wp-content\/uploads\/2023\/10\/20230910_171443_Sonja_klein-1-1024x768.jpg 1024w, https:\/\/ebfl.at\/wp-content\/uploads\/2023\/10\/20230910_171443_Sonja_klein-1-300x225.jpg 300w, https:\/\/ebfl.at\/wp-content\/uploads\/2023\/10\/20230910_171443_Sonja_klein-1-768x576.jpg 768w, https:\/\/ebfl.at\/wp-content\/uploads\/2023\/10\/20230910_171443_Sonja_klein-1.jpg 1200w\" sizes=\"auto, (max-width: 1024px) 100vw, 1024px\" \/><\/figure>\n<figcaption class=\"blocks-gallery-caption wp-element-caption\"><strong>Il nostro layout di M\u00e4rklin \u00e8 stato costruito con amore negli ultimi anni. Vi chiediamo di comprendere che questo pu\u00f2 essere visitato solo sotto la supervisione di una guida.<\/strong><\/figcaption><\/figure>\n\n\n\n<p><\/p>\n\n\n\n<p><strong>Informazioni generali<\/strong><br> Un modellino ferroviario \u00e8 una replica in scala di una parte di una vera ferrovia in un formato pi\u00f9 piccolo. Le dimensioni vanno da un treno in valigia a un treno da tavolo a un modellismo ferroviario che richiede pi\u00f9 stanze.<br> La ferrovia a modellini attualmente pi\u00f9 grande del mondo, con aree tematiche paesaggistiche molto dettagliate ed elaborate, \u00e8 il Miniaturwunderland di Amburgo. La struttura si trova nella Speicherstadt ed \u00e8 un&#8217;esposizione permanente su due piani con pi\u00f9 di 1040 treni.<\/p>\n\n\n\n<p class=\"has-very-light-gray-color has-vivid-cyan-blue-background-color has-text-color has-background\"><br><strong>Sezione &#8222;Modello di ferrovia&#8220; dell&#8217;Associazione degli amici delle ferrovie di Lienz<\/strong><\/p>\n\n\n\n<p class=\"has-vivid-cyan-blue-color has-text-color\"><br> <strong>Appartenenza<\/strong><\/p>\n\n\n\n<p><br> Requisito fondamentale \u00e8 l&#8217;appartenenza all&#8217;associazione dei genitori. Attualmente \u20ac 20,-\/anno <br> Adulti<br> \u20ac 25,00 + \u20ac 20,00 = \u20ac 45,00\/anno<br> Giovani senza reddito<br> \u20ac 25,00 + \u20ac 10,00 = \u20ac 35,00\/anno<\/p>\n\n\n\n<p class=\"has-luminous-vivid-amber-background-color has-background\"><strong>Diventa membro e informazioni: Email:<\/strong><a href=\"mailto:modellbahn@ebfl.at\"><strong>modellbahn@ebfl.at<\/strong><\/a><\/p>\n\n\n\n<p><br><strong> Abbiamo un gruppo giovanile molto attivo che ama crescere!<\/strong><\/p>\n\n\n\n<p class=\"has-vivid-cyan-blue-color has-text-color\"><strong>Costituzione<\/strong><\/p>\n\n\n\n<p><br>La Sezione Modelli ferroviari \u00e8 stata fondata nel 1985 nell&#8217;ambito dell&#8217;assemblea generale annuale della Verein der Eisenbahnfreunde Lienz. Con il sostegno della Cassa di Risparmio di Lienz fu costruito il primo complesso di club nel seminterrato della Cassa di Risparmio &#8222;Frieden&#8220;. In molte ore, i soci del club hanno costruito centinaia di metri di rotaie, paesaggi in stile europeo e americano, cos\u00ec come ferrovie e autostrade. La clubhouse divenne un luogo d&#8217;incontro popolare per molti amanti della &#8222;piccola ferrovia&#8220;. Nel 2012 la clubhouse ha dovuto essere liberata, purtroppo, poich\u00e9 la cassa di risparmio Lienz ha annunciato il proprio bisogno dei locali.<\/p>\n\n\n\n<p><br> Di conseguenza, i &#8222;modellisti ferroviari&#8220; si sono riorganizzati. Oggi riuniscono gli amici del modellismo ferroviario da vicino e da lontano sotto il tetto del S\u00fcdbahn Deposito.<\/p>\n\n\n\n<p><br>Il modellismo ferroviario per hobby unisce diverse attivit\u00e0 e talenti. Per realizzare tutte le idee esistenti, ma anche nuove, sono necessari molti volontari. Le informazioni e le informazioni relative ai giorni lavorativi sono disponibili all&#8217;indirizzo modellbahn@ebfl.at. In linea di principio i giorni lavorativi (aprile &#8211; ottobre) si svolgono ogni due settimane, in ogni caso il Sabato a partire dalle 9:00 orologio. <\/p>\n\n\n\n<div class=\"wp-block-media-text alignwide is-stacked-on-mobile\"><figure class=\"wp-block-media-text__media\"><img loading=\"lazy\" decoding=\"async\" width=\"884\" height=\"1024\" src=\"https:\/\/ebfl.at\/wp-content\/uploads\/2019\/03\/MG-Sektion-Modellbahn-1-884x1024.png\" alt=\"\" class=\"wp-image-1545 size-full\" srcset=\"https:\/\/ebfl.at\/wp-content\/uploads\/2019\/03\/MG-Sektion-Modellbahn-1-884x1024.png 884w, https:\/\/ebfl.at\/wp-content\/uploads\/2019\/03\/MG-Sektion-Modellbahn-1-259x300.png 259w, https:\/\/ebfl.at\/wp-content\/uploads\/2019\/03\/MG-Sektion-Modellbahn-1-768x890.png 768w, https:\/\/ebfl.at\/wp-content\/uploads\/2019\/03\/MG-Sektion-Modellbahn-1.png 1500w\" sizes=\"auto, (max-width: 884px) 100vw, 884px\" \/><\/figure><div class=\"wp-block-media-text__content\">\n<p class=\"has-small-font-size\">Membri<\/p>\n<\/div><\/div>\n\n\n\n<p><\/p>\n\n\n\n<p>Negli ultimi 7 anni i membri della sezione hanno investito molte ore di lavoro nei loro &#8222;grandi&#8220; carri ferroviari modello: Ri-verniciatura del corpo, installazione delle finestre, posa dei cavi elettrici,\u2026\u2026. <\/p>\n\n\n\n<figure class=\"wp-block-gallery has-nested-images columns-default is-cropped wp-block-gallery-2 is-layout-flex wp-block-gallery-is-layout-flex\">\n<figure class=\"wp-block-image size-large\"><img loading=\"lazy\" decoding=\"async\" width=\"1024\" height=\"651\" data-id=\"1243\" src=\"https:\/\/wp.ebfl.at\/wp-content\/uploads\/2019\/03\/M-Waggon-1-2-1024x651.png\" alt=\"\" class=\"wp-image-1243\" srcset=\"https:\/\/ebfl.at\/wp-content\/uploads\/2019\/03\/M-Waggon-1-2-1024x651.png 1024w, https:\/\/ebfl.at\/wp-content\/uploads\/2019\/03\/M-Waggon-1-2-300x191.png 300w, https:\/\/ebfl.at\/wp-content\/uploads\/2019\/03\/M-Waggon-1-2-768x488.png 768w, https:\/\/ebfl.at\/wp-content\/uploads\/2019\/03\/M-Waggon-1-2.png 1184w\" sizes=\"auto, (max-width: 1024px) 100vw, 1024px\" \/><\/figure>\n\n\n\n<figure class=\"wp-block-image size-large\"><img loading=\"lazy\" decoding=\"async\" width=\"1024\" height=\"692\" data-id=\"1244\" src=\"https:\/\/wp.ebfl.at\/wp-content\/uploads\/2019\/03\/M-Waggon-2-2-1024x692.png\" alt=\"\" class=\"wp-image-1244\" srcset=\"https:\/\/ebfl.at\/wp-content\/uploads\/2019\/03\/M-Waggon-2-2-1024x692.png 1024w, https:\/\/ebfl.at\/wp-content\/uploads\/2019\/03\/M-Waggon-2-2-300x203.png 300w, https:\/\/ebfl.at\/wp-content\/uploads\/2019\/03\/M-Waggon-2-2-768x519.png 768w, https:\/\/ebfl.at\/wp-content\/uploads\/2019\/03\/M-Waggon-2-2.png 1164w\" sizes=\"auto, (max-width: 1024px) 100vw, 1024px\" \/><\/figure>\n<\/figure>\n\n\n\n<p>Questa primavera \u00e8 finalmente arrivato il momento di procedere con i lavori interni: Costruzione dei tavoli e dell&#8217;impianto (H0 in corrente continua, digitale e analogica).<\/p>\n\n\n\n<figure class=\"wp-block-gallery has-nested-images columns-default is-cropped wp-block-gallery-3 is-layout-flex wp-block-gallery-is-layout-flex\">\n<figure class=\"wp-block-image size-large\"><img loading=\"lazy\" decoding=\"async\" width=\"679\" height=\"1024\" data-id=\"1245\" src=\"https:\/\/wp.ebfl.at\/wp-content\/uploads\/2019\/03\/Modellbahnwaggon-2018-1-679x1024.png\" alt=\"\" class=\"wp-image-1245\" srcset=\"https:\/\/ebfl.at\/wp-content\/uploads\/2019\/03\/Modellbahnwaggon-2018-1-679x1024.png 679w, https:\/\/ebfl.at\/wp-content\/uploads\/2019\/03\/Modellbahnwaggon-2018-1-199x300.png 199w, https:\/\/ebfl.at\/wp-content\/uploads\/2019\/03\/Modellbahnwaggon-2018-1-768x1159.png 768w, https:\/\/ebfl.at\/wp-content\/uploads\/2019\/03\/Modellbahnwaggon-2018-1.png 1000w\" sizes=\"auto, (max-width: 679px) 100vw, 679px\" \/><figcaption class=\"wp-element-caption\">2017<\/figcaption><\/figure>\n\n\n\n<figure class=\"wp-block-image size-large\"><img loading=\"lazy\" decoding=\"async\" width=\"679\" height=\"1024\" data-id=\"1246\" src=\"https:\/\/wp.ebfl.at\/wp-content\/uploads\/2019\/03\/Modellbahnwaggon-2-1-679x1024.png\" alt=\"\" class=\"wp-image-1246\" srcset=\"https:\/\/ebfl.at\/wp-content\/uploads\/2019\/03\/Modellbahnwaggon-2-1-679x1024.png 679w, https:\/\/ebfl.at\/wp-content\/uploads\/2019\/03\/Modellbahnwaggon-2-1-199x300.png 199w, https:\/\/ebfl.at\/wp-content\/uploads\/2019\/03\/Modellbahnwaggon-2-1-768x1159.png 768w, https:\/\/ebfl.at\/wp-content\/uploads\/2019\/03\/Modellbahnwaggon-2-1.png 1000w\" sizes=\"auto, (max-width: 679px) 100vw, 679px\" \/><figcaption class=\"wp-element-caption\">2018<\/figcaption><\/figure>\n<\/figure>\n\n\n\n<p><strong>2023<\/strong><\/p>\n\n\n\n<figure class=\"wp-block-gallery has-nested-images columns-default is-cropped wp-block-gallery-4 is-layout-flex wp-block-gallery-is-layout-flex\">\n<figure class=\"wp-block-image size-large\"><img loading=\"lazy\" decoding=\"async\" width=\"1024\" height=\"576\" data-id=\"3781\" src=\"https:\/\/ebfl.at\/wp-content\/uploads\/2023\/08\/P.M.-1-klein-2-1024x576.jpg\" alt=\"\" class=\"wp-image-3781\" srcset=\"https:\/\/ebfl.at\/wp-content\/uploads\/2023\/08\/P.M.-1-klein-2-1024x576.jpg 1024w, https:\/\/ebfl.at\/wp-content\/uploads\/2023\/08\/P.M.-1-klein-2-300x169.jpg 300w, https:\/\/ebfl.at\/wp-content\/uploads\/2023\/08\/P.M.-1-klein-2-768x432.jpg 768w, https:\/\/ebfl.at\/wp-content\/uploads\/2023\/08\/P.M.-1-klein-2.jpg 1200w\" sizes=\"auto, (max-width: 1024px) 100vw, 1024px\" \/><\/figure>\n\n\n\n<figure class=\"wp-block-image size-large\"><img loading=\"lazy\" decoding=\"async\" width=\"1024\" height=\"576\" data-id=\"3782\" src=\"https:\/\/ebfl.at\/wp-content\/uploads\/2023\/08\/P.M.-2-klein-2-1024x576.jpg\" alt=\"\" class=\"wp-image-3782\" srcset=\"https:\/\/ebfl.at\/wp-content\/uploads\/2023\/08\/P.M.-2-klein-2-1024x576.jpg 1024w, https:\/\/ebfl.at\/wp-content\/uploads\/2023\/08\/P.M.-2-klein-2-300x169.jpg 300w, https:\/\/ebfl.at\/wp-content\/uploads\/2023\/08\/P.M.-2-klein-2-768x432.jpg 768w, https:\/\/ebfl.at\/wp-content\/uploads\/2023\/08\/P.M.-2-klein-2.jpg 1200w\" sizes=\"auto, (max-width: 1024px) 100vw, 1024px\" \/><\/figure>\n\n\n\n<figure class=\"wp-block-image size-large\"><img loading=\"lazy\" decoding=\"async\" width=\"1024\" height=\"576\" data-id=\"3783\" src=\"https:\/\/ebfl.at\/wp-content\/uploads\/2023\/08\/P.M.-3-klein-2-1024x576.jpg\" alt=\"\" class=\"wp-image-3783\" srcset=\"https:\/\/ebfl.at\/wp-content\/uploads\/2023\/08\/P.M.-3-klein-2-1024x576.jpg 1024w, https:\/\/ebfl.at\/wp-content\/uploads\/2023\/08\/P.M.-3-klein-2-300x169.jpg 300w, https:\/\/ebfl.at\/wp-content\/uploads\/2023\/08\/P.M.-3-klein-2-768x432.jpg 768w, https:\/\/ebfl.at\/wp-content\/uploads\/2023\/08\/P.M.-3-klein-2.jpg 1200w\" sizes=\"auto, (max-width: 1024px) 100vw, 1024px\" \/><\/figure>\n<\/figure>\n\n\n\n<p><\/p>\n\n\n\n<p><br>Una ferrovia in legno brio (materiale rotabile in legno e plastica) e un&#8217;esposizione a scartamento ridotto con paesaggi estivi e invernali attendono i nostri piccoli visitatori. Qui \u00e8 possibile ottenere il vostro primo assaggio di aeromodello di aria ferroviaria. <\/p>\n\n\n\n<p class=\"has-white-color has-vivid-red-background-color has-text-color has-background has-medium-font-size\"><br><strong>Modello di scambio ferroviario <\/strong><\/p>\n\n\n\n<p><br>Dal 2013 anche il modellismo ferroviario, che si tiene ogni anno nell&#8217;ambito delle Giornate ferroviarie meridionali di Lienz, ha riscosso un particolare successo. Espositori provenienti da Italia, Germania e Austria offrono in vendita i loro modelli e accessori in diverse misure.<\/p>\n\n\n\n<p><\/p>\n\n\n\n<p class=\"has-vivid-red-color has-text-color has-medium-font-size\"><strong>Data 2024: 14. e 15.9.<\/strong>  10:00 &#8211; 17:00 h. <\/p>\n\n\n\n<p class=\"has-medium-font-size\">Ingresso libero.<\/p>\n\n\n\n<p class=\"has-large-font-size\"><br><\/p>\n\n\n\n<p class=\"has-luminous-vivid-amber-background-color has-background\"><br><strong> La S\u00fcdbahn Deposito offre anche la possibilit\u00e0 di acquistare materiale rotabile e accessori durante gli orari di apertura.<\/strong><\/p>\n\n\n\n<p><br><\/p>\n","protected":false},"excerpt":{"rendered":"<p>Informazioni generali Un modellino ferroviario \u00e8 una replica in scala di una parte di una vera ferrovia in un formato pi\u00f9 piccolo. Le dimensioni vanno da un treno in valigia a un treno da tavolo a un modellismo ferroviario che richiede pi\u00f9 stanze. La ferrovia a modellini attualmente pi\u00f9 grande del mondo, con aree tematiche [&hellip;]<\/p>\n","protected":false},"author":1,"featured_media":0,"parent":0,"menu_order":0,"comment_status":"closed","ping_status":"closed","template":"","meta":{"footnotes":""},"class_list":["post-75","page","type-page","status-publish","hentry"],"yoast_head":"<!-- This site is optimized with the Yoast SEO plugin v27.3 - https:\/\/yoast.com\/product\/yoast-seo-wordpress\/ -->\n<title>Modellismo Ferroviario - EBFL<\/title>\n<meta name=\"robots\" content=\"index, follow, max-snippet:-1, max-image-preview:large, max-video-preview:-1\" \/>\n<link rel=\"canonical\" href=\"https:\/\/ebfl.at\/index.php\/it\/modellismo-ferroviario\/\" \/>\n<meta property=\"og:locale\" content=\"de_DE\" \/>\n<meta property=\"og:type\" content=\"article\" \/>\n<meta property=\"og:title\" content=\"Modellismo Ferroviario - EBFL\" \/>\n<meta property=\"og:description\" content=\"Informazioni generali Un modellino ferroviario \u00e8 una replica in scala di una parte di una vera ferrovia in un formato pi\u00f9 piccolo. Le dimensioni vanno da un treno in valigia a un treno da tavolo a un modellismo ferroviario che richiede pi\u00f9 stanze. La ferrovia a modellini attualmente pi\u00f9 grande del mondo, con aree tematiche [&hellip;]\" \/>\n<meta property=\"og:url\" content=\"https:\/\/ebfl.at\/index.php\/it\/modellismo-ferroviario\/\" \/>\n<meta property=\"og:site_name\" content=\"EBFL\" \/>\n<meta property=\"article:publisher\" content=\"https:\/\/www.facebook.com\/pages\/category\/History-Museum\/EBFLat-301838060596265\/\" \/>\n<meta property=\"article:modified_time\" content=\"2024-02-05T12:18:52+00:00\" \/>\n<meta property=\"og:image\" content=\"https:\/\/ebfl.at\/wp-content\/uploads\/2023\/10\/20230910_171443_Sonja_klein-1-1024x768.jpg\" \/>\n<meta name=\"twitter:card\" content=\"summary_large_image\" \/>\n<meta name=\"twitter:label1\" content=\"Gesch\u00e4tzte Lesezeit\" \/>\n\t<meta name=\"twitter:data1\" content=\"5\u00a0Minuten\" \/>\n<script type=\"application\/ld+json\" class=\"yoast-schema-graph\">{\"@context\":\"https:\\\/\\\/schema.org\",\"@graph\":[{\"@type\":\"WebPage\",\"@id\":\"https:\\\/\\\/ebfl.at\\\/index.php\\\/it\\\/modellismo-ferroviario\\\/\",\"url\":\"https:\\\/\\\/ebfl.at\\\/index.php\\\/it\\\/modellismo-ferroviario\\\/\",\"name\":\"Modellismo Ferroviario - EBFL\",\"isPartOf\":{\"@id\":\"https:\\\/\\\/ebfl.at\\\/#website\"},\"primaryImageOfPage\":{\"@id\":\"https:\\\/\\\/ebfl.at\\\/index.php\\\/it\\\/modellismo-ferroviario\\\/#primaryimage\"},\"image\":{\"@id\":\"https:\\\/\\\/ebfl.at\\\/index.php\\\/it\\\/modellismo-ferroviario\\\/#primaryimage\"},\"thumbnailUrl\":\"https:\\\/\\\/ebfl.at\\\/wp-content\\\/uploads\\\/2023\\\/10\\\/20230910_171443_Sonja_klein-1-1024x768.jpg\",\"datePublished\":\"2019-01-23T15:28:46+00:00\",\"dateModified\":\"2024-02-05T12:18:52+00:00\",\"breadcrumb\":{\"@id\":\"https:\\\/\\\/ebfl.at\\\/index.php\\\/it\\\/modellismo-ferroviario\\\/#breadcrumb\"},\"inLanguage\":\"de\",\"potentialAction\":[{\"@type\":\"ReadAction\",\"target\":[\"https:\\\/\\\/ebfl.at\\\/index.php\\\/it\\\/modellismo-ferroviario\\\/\"]}]},{\"@type\":\"ImageObject\",\"inLanguage\":\"de\",\"@id\":\"https:\\\/\\\/ebfl.at\\\/index.php\\\/it\\\/modellismo-ferroviario\\\/#primaryimage\",\"url\":\"https:\\\/\\\/ebfl.at\\\/wp-content\\\/uploads\\\/2023\\\/10\\\/20230910_171443_Sonja_klein-1.jpg\",\"contentUrl\":\"https:\\\/\\\/ebfl.at\\\/wp-content\\\/uploads\\\/2023\\\/10\\\/20230910_171443_Sonja_klein-1.jpg\",\"width\":1200,\"height\":900},{\"@type\":\"BreadcrumbList\",\"@id\":\"https:\\\/\\\/ebfl.at\\\/index.php\\\/it\\\/modellismo-ferroviario\\\/#breadcrumb\",\"itemListElement\":[{\"@type\":\"ListItem\",\"position\":1,\"name\":\"Startseite\",\"item\":\"https:\\\/\\\/ebfl.at\\\/\"},{\"@type\":\"ListItem\",\"position\":2,\"name\":\"Modellismo Ferroviario\"}]},{\"@type\":\"WebSite\",\"@id\":\"https:\\\/\\\/ebfl.at\\\/#website\",\"url\":\"https:\\\/\\\/ebfl.at\\\/\",\"name\":\"EBFL Eisenbahnfreunde Lienz\",\"description\":\"Verein der Eisenbahnfreunde in Lienz\",\"publisher\":{\"@id\":\"https:\\\/\\\/ebfl.at\\\/#organization\"},\"potentialAction\":[{\"@type\":\"SearchAction\",\"target\":{\"@type\":\"EntryPoint\",\"urlTemplate\":\"https:\\\/\\\/ebfl.at\\\/?s={search_term_string}\"},\"query-input\":{\"@type\":\"PropertyValueSpecification\",\"valueRequired\":true,\"valueName\":\"search_term_string\"}}],\"inLanguage\":\"de\"},{\"@type\":\"Organization\",\"@id\":\"https:\\\/\\\/ebfl.at\\\/#organization\",\"name\":\"EBFL - Eisenbahnfreunde Lienz\",\"url\":\"https:\\\/\\\/ebfl.at\\\/\",\"logo\":{\"@type\":\"ImageObject\",\"inLanguage\":\"de\",\"@id\":\"https:\\\/\\\/ebfl.at\\\/#\\\/schema\\\/logo\\\/image\\\/\",\"url\":\"https:\\\/\\\/ebfl.at\\\/wp-content\\\/uploads\\\/2019\\\/01\\\/Eisenbahnfreunde-Lienz.jpg\",\"contentUrl\":\"https:\\\/\\\/ebfl.at\\\/wp-content\\\/uploads\\\/2019\\\/01\\\/Eisenbahnfreunde-Lienz.jpg\",\"width\":1087,\"height\":480,\"caption\":\"EBFL - Eisenbahnfreunde Lienz\"},\"image\":{\"@id\":\"https:\\\/\\\/ebfl.at\\\/#\\\/schema\\\/logo\\\/image\\\/\"},\"sameAs\":[\"https:\\\/\\\/www.facebook.com\\\/pages\\\/category\\\/History-Museum\\\/EBFLat-301838060596265\\\/\"]}]}<\/script>\n<!-- \/ Yoast SEO plugin. -->","yoast_head_json":{"title":"Modellismo Ferroviario - EBFL","robots":{"index":"index","follow":"follow","max-snippet":"max-snippet:-1","max-image-preview":"max-image-preview:large","max-video-preview":"max-video-preview:-1"},"canonical":"https:\/\/ebfl.at\/index.php\/it\/modellismo-ferroviario\/","og_locale":"de_DE","og_type":"article","og_title":"Modellismo Ferroviario - EBFL","og_description":"Informazioni generali Un modellino ferroviario \u00e8 una replica in scala di una parte di una vera ferrovia in un formato pi\u00f9 piccolo. Le dimensioni vanno da un treno in valigia a un treno da tavolo a un modellismo ferroviario che richiede pi\u00f9 stanze. La ferrovia a modellini attualmente pi\u00f9 grande del mondo, con aree tematiche [&hellip;]","og_url":"https:\/\/ebfl.at\/index.php\/it\/modellismo-ferroviario\/","og_site_name":"EBFL","article_publisher":"https:\/\/www.facebook.com\/pages\/category\/History-Museum\/EBFLat-301838060596265\/","article_modified_time":"2024-02-05T12:18:52+00:00","og_image":[{"url":"https:\/\/ebfl.at\/wp-content\/uploads\/2023\/10\/20230910_171443_Sonja_klein-1-1024x768.jpg","type":"","width":"","height":""}],"twitter_card":"summary_large_image","twitter_misc":{"Gesch\u00e4tzte Lesezeit":"5\u00a0Minuten"},"schema":{"@context":"https:\/\/schema.org","@graph":[{"@type":"WebPage","@id":"https:\/\/ebfl.at\/index.php\/it\/modellismo-ferroviario\/","url":"https:\/\/ebfl.at\/index.php\/it\/modellismo-ferroviario\/","name":"Modellismo Ferroviario - EBFL","isPartOf":{"@id":"https:\/\/ebfl.at\/#website"},"primaryImageOfPage":{"@id":"https:\/\/ebfl.at\/index.php\/it\/modellismo-ferroviario\/#primaryimage"},"image":{"@id":"https:\/\/ebfl.at\/index.php\/it\/modellismo-ferroviario\/#primaryimage"},"thumbnailUrl":"https:\/\/ebfl.at\/wp-content\/uploads\/2023\/10\/20230910_171443_Sonja_klein-1-1024x768.jpg","datePublished":"2019-01-23T15:28:46+00:00","dateModified":"2024-02-05T12:18:52+00:00","breadcrumb":{"@id":"https:\/\/ebfl.at\/index.php\/it\/modellismo-ferroviario\/#breadcrumb"},"inLanguage":"de","potentialAction":[{"@type":"ReadAction","target":["https:\/\/ebfl.at\/index.php\/it\/modellismo-ferroviario\/"]}]},{"@type":"ImageObject","inLanguage":"de","@id":"https:\/\/ebfl.at\/index.php\/it\/modellismo-ferroviario\/#primaryimage","url":"https:\/\/ebfl.at\/wp-content\/uploads\/2023\/10\/20230910_171443_Sonja_klein-1.jpg","contentUrl":"https:\/\/ebfl.at\/wp-content\/uploads\/2023\/10\/20230910_171443_Sonja_klein-1.jpg","width":1200,"height":900},{"@type":"BreadcrumbList","@id":"https:\/\/ebfl.at\/index.php\/it\/modellismo-ferroviario\/#breadcrumb","itemListElement":[{"@type":"ListItem","position":1,"name":"Startseite","item":"https:\/\/ebfl.at\/"},{"@type":"ListItem","position":2,"name":"Modellismo Ferroviario"}]},{"@type":"WebSite","@id":"https:\/\/ebfl.at\/#website","url":"https:\/\/ebfl.at\/","name":"EBFL Eisenbahnfreunde Lienz","description":"Verein der Eisenbahnfreunde in Lienz","publisher":{"@id":"https:\/\/ebfl.at\/#organization"},"potentialAction":[{"@type":"SearchAction","target":{"@type":"EntryPoint","urlTemplate":"https:\/\/ebfl.at\/?s={search_term_string}"},"query-input":{"@type":"PropertyValueSpecification","valueRequired":true,"valueName":"search_term_string"}}],"inLanguage":"de"},{"@type":"Organization","@id":"https:\/\/ebfl.at\/#organization","name":"EBFL - Eisenbahnfreunde Lienz","url":"https:\/\/ebfl.at\/","logo":{"@type":"ImageObject","inLanguage":"de","@id":"https:\/\/ebfl.at\/#\/schema\/logo\/image\/","url":"https:\/\/ebfl.at\/wp-content\/uploads\/2019\/01\/Eisenbahnfreunde-Lienz.jpg","contentUrl":"https:\/\/ebfl.at\/wp-content\/uploads\/2019\/01\/Eisenbahnfreunde-Lienz.jpg","width":1087,"height":480,"caption":"EBFL - Eisenbahnfreunde Lienz"},"image":{"@id":"https:\/\/ebfl.at\/#\/schema\/logo\/image\/"},"sameAs":["https:\/\/www.facebook.com\/pages\/category\/History-Museum\/EBFLat-301838060596265\/"]}]}},"_links":{"self":[{"href":"https:\/\/ebfl.at\/index.php\/wp-json\/wp\/v2\/pages\/75","targetHints":{"allow":["GET"]}}],"collection":[{"href":"https:\/\/ebfl.at\/index.php\/wp-json\/wp\/v2\/pages"}],"about":[{"href":"https:\/\/ebfl.at\/index.php\/wp-json\/wp\/v2\/types\/page"}],"author":[{"embeddable":true,"href":"https:\/\/ebfl.at\/index.php\/wp-json\/wp\/v2\/users\/1"}],"replies":[{"embeddable":true,"href":"https:\/\/ebfl.at\/index.php\/wp-json\/wp\/v2\/comments?post=75"}],"version-history":[{"count":22,"href":"https:\/\/ebfl.at\/index.php\/wp-json\/wp\/v2\/pages\/75\/revisions"}],"predecessor-version":[{"id":4090,"href":"https:\/\/ebfl.at\/index.php\/wp-json\/wp\/v2\/pages\/75\/revisions\/4090"}],"wp:attachment":[{"href":"https:\/\/ebfl.at\/index.php\/wp-json\/wp\/v2\/media?parent=75"}],"curies":[{"name":"wp","href":"https:\/\/api.w.org\/{rel}","templated":true}]}}